{"id":6226,"date":"2025-04-11T02:32:57","date_gmt":"2025-04-11T02:32:57","guid":{"rendered":"https:\/\/vapingnet.de\/?post_type=product&#038;p=6226"},"modified":"2025-12-30T08:41:35","modified_gmt":"2025-12-30T08:41:35","slug":"globale-bestseller-bang-tn-12000-puffs-cool-mint-geschmack","status":"publish","type":"product","link":"https:\/\/vapingnet.de\/lt\/vape\/globale-bestseller-bang-tn-12000-puffs-cool-mint-geschmack\/","title":{"rendered":"Pasauliniai bestseleriai! Bang Tn 12000 Puffs \u0160altas m\u0117t\u0173 skonis"},"content":{"rendered":"<h2 data-start=\"0\" data-end=\"74\" data-immersive-translate-walked=\"52fb1f10-72a2-405e-be95-c92afd6c9aea\">Bang Tn 12000 Puffs \u2013 \u0160altas M\u0117tin\u0117 Vienkartin\u0117 Vape ilgalaikiam malonumui<\/h2>\n<p class=\"\" data-start=\"99\" data-end=\"494\" data-immersive-translate-paragraph=\"1\" data-immersive-translate-walked=\"52fb1f10-72a2-405e-be95-c92afd6c9aea\">Bang Tn 12000 Puffs yra vienkartin\u0117 vape, kuri d\u017eiugina daugybe i\u0161skirtini\u0173 savybi\u0173. Su daugybe privalum\u0173 ir \u0161vie\u017eia \u0160altos M\u0117tin\u0117s skonio suteikia ideali\u0105 sprendim\u0105 vaping entuziastams, ie\u0161kantiems paprastos ir auk\u0161tos kokyb\u0117s alternatyvos. \u010cia su\u017einosite, kod\u0117l Bang Tn 12000 Puffs yra puikus pasirinkimas.<\/p>\n<h4 data-start=\"496\" data-end=\"518\" data-immersive-translate-walked=\"52fb1f10-72a2-405e-be95-c92afd6c9aea\">Svarbiausios savyb\u0117s:<\/h4>\n<ul data-start=\"520\" data-end=\"917\">\n<li class=\"\" data-start=\"520\" data-end=\"559\">\n<p class=\"\" data-start=\"522\" data-end=\"559\" data-immersive-translate-walked=\"52fb1f10-72a2-405e-be95-c92afd6c9aea\" data-immersive-translate-paragraph=\"1\">Nikotino pasirinktys: 0%, 2%, 3%, 5%<\/p>\n<\/li>\n<li class=\"\" data-start=\"560\" data-end=\"596\">\n<p class=\"\" data-start=\"562\" data-end=\"596\" data-immersive-translate-walked=\"52fb1f10-72a2-405e-be95-c92afd6c9aea\" data-immersive-translate-paragraph=\"1\">Skys\u010dio talpa: 20 ml<\/p>\n<\/li>\n<li class=\"\" data-start=\"597\" data-end=\"631\">\n<p class=\"\" data-start=\"599\" data-end=\"631\" data-immersive-translate-walked=\"52fb1f10-72a2-405e-be95-c92afd6c9aea\" data-immersive-translate-paragraph=\"1\">Baterijos talpa: 650 mAh<\/p>\n<\/li>\n<li class=\"\" data-start=\"632\" data-end=\"656\">\n<p class=\"\" data-start=\"634\" data-end=\"656\" data-immersive-translate-walked=\"52fb1f10-72a2-405e-be95-c92afd6c9aea\" data-immersive-translate-paragraph=\"1\">Tinklelio rit\u0117: 1,2\u03a9<\/p>\n<\/li>\n<li class=\"\" data-start=\"657\" data-end=\"686\">\n<p class=\"\" data-start=\"659\" data-end=\"686\" data-immersive-translate-walked=\"52fb1f10-72a2-405e-be95-c92afd6c9aea\" data-immersive-translate-paragraph=\"1\">\u012ekrovimo jungtis: Type-C<\/p>\n<\/li>\n<li class=\"\" data-start=\"687\" data-end=\"722\">\n<p class=\"\" data-start=\"689\" data-end=\"722\" data-immersive-translate-walked=\"52fb1f10-72a2-405e-be95-c92afd6c9aea\" data-immersive-translate-paragraph=\"1\">Med\u017eiaga: PC (Polikarbonatas)<\/p>\n<\/li>\n<li class=\"\" data-start=\"723\" data-end=\"748\">\n<p class=\"\" data-start=\"725\" data-end=\"748\" data-immersive-translate-walked=\"52fb1f10-72a2-405e-be95-c92afd6c9aea\" data-immersive-translate-paragraph=\"1\">\u012e\u0117jimas: 5 V, 1 A<\/p>\n<\/li>\n<li class=\"\" data-start=\"749\" data-end=\"777\">\n<p class=\"\" data-start=\"751\" data-end=\"777\" data-immersive-translate-walked=\"52fb1f10-72a2-405e-be95-c92afd6c9aea\" data-immersive-translate-paragraph=\"1\">Skonis: \u0160altas M\u0117tin\u0117<\/p>\n<\/li>\n<li class=\"\" data-start=\"778\" data-end=\"809\">\n<p class=\"\" data-start=\"780\" data-end=\"809\" data-immersive-translate-walked=\"52fb1f10-72a2-405e-be95-c92afd6c9aea\" data-immersive-translate-paragraph=\"1\">Produkto tipas: Vienkartin\u0117 vape<\/p>\n<\/li>\n<li class=\"\" data-start=\"810\" data-end=\"843\">\n<p class=\"\" data-start=\"812\" data-end=\"843\" data-immersive-translate-walked=\"52fb1f10-72a2-405e-be95-c92afd6c9aea\" data-immersive-translate-paragraph=\"1\">Pristatymo laikas: 7\u201315 darbo dien\u0173<\/p>\n<\/li>\n<li class=\"\" data-start=\"844\" data-end=\"883\">\n<p class=\"\" data-start=\"846\" data-end=\"883\" data-immersive-translate-walked=\"52fb1f10-72a2-405e-be95-c92afd6c9aea\" data-immersive-translate-paragraph=\"1\">Muitin\u0117s privalumas: Be muitin\u0117s mokes\u010di\u0173<\/p>\n<\/li>\n<li class=\"\" data-start=\"884\" data-end=\"917\">\n<p class=\"\" data-start=\"886\" data-end=\"917\" data-immersive-translate-walked=\"52fb1f10-72a2-405e-be95-c92afd6c9aea\" data-immersive-translate-paragraph=\"1\">Prieinamumas: vapingnet.de<\/p>\n<\/li>\n<\/ul>\n<h5 data-start=\"919\" data-end=\"954\" data-immersive-translate-walked=\"52fb1f10-72a2-405e-be95-c92afd6c9aea\">Skonio patirtis \u2013 \u0160altas M\u0117tin\u0117:<\/h5>\n<p class=\"\" data-start=\"956\" data-end=\"1269\" data-immersive-translate-walked=\"52fb1f10-72a2-405e-be95-c92afd6c9aea\" data-immersive-translate-paragraph=\"1\">Su \u0160altos M\u0117tin\u0117s skoniu Bang Tn 12000 Puffs si\u016blo intensyvi\u0105, gaivi\u0105 vaping patirt\u012f. \u0160altas mentolio skonis kartu su \u0161vie\u017eia m\u0117tomis sukuria maloni\u0105, bet stipri\u0105 gaivinimo patirt\u012f kiekvieno \u012fkv\u0117pimo metu. Idealiai tinka tiems, kurie m\u0117gsta \u0161vie\u017ei\u0105 ir v\u0117sinan\u010di\u0105 skon\u012f.<\/p>\n<h5 data-start=\"1271\" data-end=\"1312\" data-immersive-translate-walked=\"52fb1f10-72a2-405e-be95-c92afd6c9aea\">Nikotino \u012fvairov\u0117 visiems poreikiams:<\/h5>\n<p class=\"\" data-start=\"1314\" data-end=\"1603\" data-immersive-translate-walked=\"52fb1f10-72a2-405e-be95-c92afd6c9aea\" data-immersive-translate-paragraph=\"1\">D\u0117l skirting\u0173 nikotino stiprum\u0173 \u2013 0%, 2%, 3% ir 5% \u2013 galite pasirinkti jums tinkam\u0105 nikotino kiek\u012f. Nesvarbu, ar pasirinksite nikotino neturin\u010di\u0105 variant\u0105, ar stipresn\u012f nikotino doz\u0119 \u2013 Bang Tn 12000 Puffs suteikia jums lankstumo, kurio jums reikia.<\/p>\n<h5 data-start=\"1605\" data-end=\"1636\" data-immersive-translate-walked=\"52fb1f10-72a2-405e-be95-c92afd6c9aea\">Ilgaam\u017ei\u0161kumas ir na\u0161umas:<\/h5>\n<p class=\"\" data-start=\"1638\" data-end=\"1939\" data-immersive-translate-walked=\"52fb1f10-72a2-405e-be95-c92afd6c9aea\" data-immersive-translate-paragraph=\"1\">Su 20 ml skys\u010dio talpa ir 650 mAh baterija, Bang Tn 12000 Puffs yra sukurtas ilgalaikiam naudojimui. D\u0117l tinklelio rit\u0117s su 1,2\u03a9 var\u017ea, gaminamas tolygus garas, u\u017etikrinantis nuolatin\u0119 ir auk\u0161tos kokyb\u0117s garinimo patirt\u012f.<\/p>\n<h5 data-start=\"1941\" data-end=\"1986\" data-immersive-translate-walked=\"52fb1f10-72a2-405e-be95-c92afd6c9aea\">Praktinis dizainas \u2013 paprasta naudoti:<\/h5>\n<p class=\"\" data-start=\"1988\" data-end=\"2401\" data-immersive-translate-walked=\"52fb1f10-72a2-405e-be95-c92afd6c9aea\" data-immersive-translate-paragraph=\"1\">PC med\u017eiaga u\u017etikrina tvirt\u0105 ir tuo pa\u010diu lengv\u0105 dizain\u0105. Vape yra kompakti\u0161kas ir patogus, tod\u0117l jis patogiai laikosi rankoje ir lengvai transportuojamas. Type-C jungtis leid\u017eia greitai \u012fkrauti, kad gal\u0117tum\u0117te greitai v\u0117l m\u0117gautis vaping patirtimi. Su \u012f\u0117jimo galia 5 V ir 1 A \u012fkrovimo procesas yra efektyvus ir taupantis laik\u0105.<\/p>\n<h5 data-start=\"2403\" data-end=\"2435\" data-immersive-translate-walked=\"52fb1f10-72a2-405e-be95-c92afd6c9aea\">Privalumai vienkartinio naudojimo:<\/h5>\n<p class=\"\" data-start=\"2437\" data-end=\"2751\" data-immersive-translate-walked=\"52fb1f10-72a2-405e-be95-c92afd6c9aea\">Kaip vienkartinis vape, Bang Tn 12000 Puffs si\u016blo ypa\u010d paprast\u0105 naudoti. N\u0117ra papildymo, n\u0117ra prie\u017ei\u016bros \u2013 tiesiog i\u0161pakuokite, m\u0117gaukit\u0117s ir po naudojimo i\u0161meskite. \u0160is paprastas naudojimas daro vape idealiu kelion\u0117ms ir tiems, kurie nenori nuolatin\u0117s prie\u017ei\u016bros ir prie\u017ei\u016bros.<\/p>\n<h5 data-start=\"2753\" data-end=\"2776\" data-immersive-translate-walked=\"52fb1f10-72a2-405e-be95-c92afd6c9aea\">Kod\u0117l vapingnet.de?<\/h5>\n<p class=\"\" data-start=\"2778\" data-end=\"3119\" data-immersive-translate-walked=\"52fb1f10-72a2-405e-be95-c92afd6c9aea\">Pirkimas per vapingnet.de suteikia kelet\u0105 papildom\u0173 privalum\u0173. Be greito pristatymo per 7\u201315 darbo dien\u0173, \u0161iame produkte n\u0117ra muit\u0173 mokes\u010di\u0173, tod\u0117l pirkimas yra ypa\u010d patrauklus. Taip pat galite gauti Bang Tn 12000 Puffs be papildom\u0173 i\u0161laid\u0173 ir m\u0117gautis juo i\u0161kart.<\/p>\n<h3 data-start=\"3121\" data-end=\"3131\" data-immersive-translate-walked=\"52fb1f10-72a2-405e-be95-c92afd6c9aea\">Bang Tn 12000 Puffs \u2013 Ideali vienkartin\u0117 vape ilgam malonumui<\/h3>\n<p class=\"\" data-start=\"3133\" data-end=\"3605\" data-immersive-translate-walked=\"52fb1f10-72a2-405e-be95-c92afd6c9aea\">Bang Tn 12000 Puffs yra i\u0161skirtinis vienkartinis vape, kuris \u012ftikina savo skoniu, ilgaam\u017ei\u0161kumu ir patogumu naudoti. Su gaiviu Cool Mint skoniu ir \u012fvairiomis nikotino stiprumo galimyb\u0117mis, \u0161is vape yra puikus pasirinkimas tiems, kurie ie\u0161ko patikimo ir prakti\u0161ko produkto. Apsilankykite \u0161iandien vapingnet.de ir u\u017esisakykite savo Bang Tn 12000 Puffs bei m\u0117gaukit\u0117s galutine vaping patirtimi.<\/p>","protected":false},"excerpt":{"rendered":"<p>Bang Tn 12000 Puffs \u2013 Cool Mint Einweg-Vape f\u00fcr Langanhaltenden Genuss Der Bang Tn 12000 Puffs ist ein Einweg-Vape, das mit einer Vielzahl von herausragenden&#8230;<\/p>","protected":false},"featured_media":6231,"template":"","meta":[],"etheme_brands":[],"product_brand":[101],"product_cat":[88,49,61],"product_tag":[],"class_list":{"0":"post-6226","1":"product","2":"type-product","3":"status-publish","4":"has-post-thumbnail","6":"product_brand-bang-king-vape","7":"product_cat-12k-vape","8":"product_cat-einweg-e-zigarette","9":"product_cat-f","11":"first","12":"instock","13":"shipping-taxable","14":"purchasable","15":"product-type-simple"},"yoast_head":"<!-- This site is optimized with the Yoast SEO plugin v26.5 - https:\/\/yoast.com\/wordpress\/plugins\/seo\/ -->\n<title>Globale Bestseller! Bang Tn 12000 Puffs Cool Mint Geschmack | Vapingnet.de<\/title>\n<meta name=\"description\" content=\"Entdecke Globale Bestseller! Bang Tn 12000 Puffs Cool Mint Geschmack bei vapingnet.de, \u25ba Gro\u00dfe Auswahl an Geschmacksrichtungen &amp; super g\u00fcnstig!\" \/>\n<meta name=\"robots\" content=\"index, follow, max-snippet:-1, max-image-preview:large, max-video-preview:-1\" \/>\n<link rel=\"canonical\" href=\"https:\/\/vapingnet.de\/lt\/vape\/globale-bestseller-bang-tn-12000-puffs-cool-mint-geschmack\/\" \/>\n<meta property=\"og:locale\" content=\"lt_LT\" \/>\n<meta property=\"og:type\" content=\"article\" \/>\n<meta property=\"og:title\" content=\"Globale Bestseller! Bang Tn 12000 Puffs Cool Mint Geschmack | Vapingnet.de\" \/>\n<meta property=\"og:description\" content=\"Entdecke Globale Bestseller! Bang Tn 12000 Puffs Cool Mint Geschmack bei vapingnet.de, \u25ba Gro\u00dfe Auswahl an Geschmacksrichtungen &amp; super g\u00fcnstig!\" \/>\n<meta property=\"og:url\" content=\"https:\/\/vapingnet.de\/lt\/vape\/globale-bestseller-bang-tn-12000-puffs-cool-mint-geschmack\/\" \/>\n<meta property=\"og:site_name\" content=\"Vapingnet.de\" \/>\n<meta property=\"article:publisher\" content=\"https:\/\/www.facebook.com\/vapingnetde\/\" \/>\n<meta property=\"article:modified_time\" content=\"2025-12-30T08:41:35+00:00\" \/>\n<meta property=\"og:image\" content=\"https:\/\/vapingnet.de\/wp-content\/uploads\/2025\/04\/COOL-MINT-.png\" \/>\n\t<meta property=\"og:image:width\" content=\"1000\" \/>\n\t<meta property=\"og:image:height\" content=\"1000\" \/>\n\t<meta property=\"og:image:type\" content=\"image\/png\" \/>\n<meta name=\"twitter:card\" content=\"summary_large_image\" \/>\n<meta name=\"twitter:label1\" content=\"Est. reading time\" \/>\n\t<meta name=\"twitter:data1\" content=\"3 minutes\" \/>\n<script type=\"application\/ld+json\" class=\"yoast-schema-graph\">{\"@context\":\"https:\/\/schema.org\",\"@graph\":[{\"@type\":\"WebPage\",\"@id\":\"https:\/\/vapingnet.de\/vape\/globale-bestseller-bang-tn-12000-puffs-cool-mint-geschmack\/\",\"url\":\"https:\/\/vapingnet.de\/vape\/globale-bestseller-bang-tn-12000-puffs-cool-mint-geschmack\/\",\"name\":\"Globale Bestseller! Bang Tn 12000 Puffs Cool Mint Geschmack | Vapingnet.de\",\"isPartOf\":{\"@id\":\"https:\/\/vapingnet.de\/#website\"},\"primaryImageOfPage\":{\"@id\":\"https:\/\/vapingnet.de\/vape\/globale-bestseller-bang-tn-12000-puffs-cool-mint-geschmack\/#primaryimage\"},\"image\":{\"@id\":\"https:\/\/vapingnet.de\/vape\/globale-bestseller-bang-tn-12000-puffs-cool-mint-geschmack\/#primaryimage\"},\"thumbnailUrl\":\"https:\/\/vapingnet.de\/wp-content\/uploads\/2025\/04\/COOL-MINT-.png\",\"datePublished\":\"2025-04-11T02:32:57+00:00\",\"dateModified\":\"2025-12-30T08:41:35+00:00\",\"description\":\"Entdecke Globale Bestseller! Bang Tn 12000 Puffs Cool Mint Geschmack bei vapingnet.de, \u25ba Gro\u00dfe Auswahl an Geschmacksrichtungen & super g\u00fcnstig!\",\"breadcrumb\":{\"@id\":\"https:\/\/vapingnet.de\/vape\/globale-bestseller-bang-tn-12000-puffs-cool-mint-geschmack\/#breadcrumb\"},\"inLanguage\":\"lt-LT\",\"potentialAction\":[{\"@type\":\"ReadAction\",\"target\":[\"https:\/\/vapingnet.de\/vape\/globale-bestseller-bang-tn-12000-puffs-cool-mint-geschmack\/\"]}]},{\"@type\":\"ImageObject\",\"inLanguage\":\"lt-LT\",\"@id\":\"https:\/\/vapingnet.de\/vape\/globale-bestseller-bang-tn-12000-puffs-cool-mint-geschmack\/#primaryimage\",\"url\":\"https:\/\/vapingnet.de\/wp-content\/uploads\/2025\/04\/COOL-MINT-.png\",\"contentUrl\":\"https:\/\/vapingnet.de\/wp-content\/uploads\/2025\/04\/COOL-MINT-.png\",\"width\":1000,\"height\":1000},{\"@type\":\"BreadcrumbList\",\"@id\":\"https:\/\/vapingnet.de\/vape\/globale-bestseller-bang-tn-12000-puffs-cool-mint-geschmack\/#breadcrumb\",\"itemListElement\":[{\"@type\":\"ListItem\",\"position\":1,\"name\":\"Home\",\"item\":\"https:\/\/vapingnet.de\/\"},{\"@type\":\"ListItem\",\"position\":2,\"name\":\"Shop\",\"item\":\"https:\/\/vapingnet.de\/vape\/\"},{\"@type\":\"ListItem\",\"position\":3,\"name\":\"Globale Bestseller! Bang Tn 12000 Puffs Cool Mint Geschmack\"}]},{\"@type\":\"WebSite\",\"@id\":\"https:\/\/vapingnet.de\/#website\",\"url\":\"https:\/\/vapingnet.de\/\",\"name\":\"Vapingnet.de\",\"description\":\"\",\"publisher\":{\"@id\":\"https:\/\/vapingnet.de\/#organization\"},\"potentialAction\":[{\"@type\":\"SearchAction\",\"target\":{\"@type\":\"EntryPoint\",\"urlTemplate\":\"https:\/\/vapingnet.de\/?s={search_term_string}\"},\"query-input\":{\"@type\":\"PropertyValueSpecification\",\"valueRequired\":true,\"valueName\":\"search_term_string\"}}],\"inLanguage\":\"lt-LT\"},{\"@type\":\"Organization\",\"@id\":\"https:\/\/vapingnet.de\/#organization\",\"name\":\"Vapingnet.de\",\"url\":\"https:\/\/vapingnet.de\/\",\"logo\":{\"@type\":\"ImageObject\",\"inLanguage\":\"lt-LT\",\"@id\":\"https:\/\/vapingnet.de\/#\/schema\/logo\/image\/\",\"url\":\"https:\/\/vapingnet.de\/wp-content\/uploads\/2025\/03\/cropped-vapingnet.de_.jpg\",\"contentUrl\":\"https:\/\/vapingnet.de\/wp-content\/uploads\/2025\/03\/cropped-vapingnet.de_.jpg\",\"width\":512,\"height\":512,\"caption\":\"Vapingnet.de\"},\"image\":{\"@id\":\"https:\/\/vapingnet.de\/#\/schema\/logo\/image\/\"},\"sameAs\":[\"https:\/\/www.facebook.com\/vapingnetde\/\"]}]}<\/script>\n<!-- \/ Yoast SEO plugin. -->","yoast_head_json":{"title":"Globale Bestseller! Bang Tn 12000 Puffs Cool Mint Geschmack | Vapingnet.de","description":"Entdecke Globale Bestseller! Bang Tn 12000 Puffs Cool Mint Geschmack bei vapingnet.de, \u25ba Gro\u00dfe Auswahl an Geschmacksrichtungen & super g\u00fcnstig!","robots":{"index":"index","follow":"follow","max-snippet":"max-snippet:-1","max-image-preview":"max-image-preview:large","max-video-preview":"max-video-preview:-1"},"canonical":"https:\/\/vapingnet.de\/lt\/vape\/globale-bestseller-bang-tn-12000-puffs-cool-mint-geschmack\/","og_locale":"lt_LT","og_type":"article","og_title":"Globale Bestseller! Bang Tn 12000 Puffs Cool Mint Geschmack | Vapingnet.de","og_description":"Entdecke Globale Bestseller! Bang Tn 12000 Puffs Cool Mint Geschmack bei vapingnet.de, \u25ba Gro\u00dfe Auswahl an Geschmacksrichtungen & super g\u00fcnstig!","og_url":"https:\/\/vapingnet.de\/lt\/vape\/globale-bestseller-bang-tn-12000-puffs-cool-mint-geschmack\/","og_site_name":"Vapingnet.de","article_publisher":"https:\/\/www.facebook.com\/vapingnetde\/","article_modified_time":"2025-12-30T08:41:35+00:00","og_image":[{"width":1000,"height":1000,"url":"https:\/\/vapingnet.de\/wp-content\/uploads\/2025\/04\/COOL-MINT-.png","type":"image\/png"}],"twitter_card":"summary_large_image","twitter_misc":{"Est. reading time":"3 minutes"},"schema":{"@context":"https:\/\/schema.org","@graph":[{"@type":"WebPage","@id":"https:\/\/vapingnet.de\/vape\/globale-bestseller-bang-tn-12000-puffs-cool-mint-geschmack\/","url":"https:\/\/vapingnet.de\/vape\/globale-bestseller-bang-tn-12000-puffs-cool-mint-geschmack\/","name":"Globale Bestseller! Bang Tn 12000 Puffs Cool Mint Geschmack | Vapingnet.de","isPartOf":{"@id":"https:\/\/vapingnet.de\/#website"},"primaryImageOfPage":{"@id":"https:\/\/vapingnet.de\/vape\/globale-bestseller-bang-tn-12000-puffs-cool-mint-geschmack\/#primaryimage"},"image":{"@id":"https:\/\/vapingnet.de\/vape\/globale-bestseller-bang-tn-12000-puffs-cool-mint-geschmack\/#primaryimage"},"thumbnailUrl":"https:\/\/vapingnet.de\/wp-content\/uploads\/2025\/04\/COOL-MINT-.png","datePublished":"2025-04-11T02:32:57+00:00","dateModified":"2025-12-30T08:41:35+00:00","description":"Entdecke Globale Bestseller! Bang Tn 12000 Puffs Cool Mint Geschmack bei vapingnet.de, \u25ba Gro\u00dfe Auswahl an Geschmacksrichtungen & super g\u00fcnstig!","breadcrumb":{"@id":"https:\/\/vapingnet.de\/vape\/globale-bestseller-bang-tn-12000-puffs-cool-mint-geschmack\/#breadcrumb"},"inLanguage":"lt-LT","potentialAction":[{"@type":"ReadAction","target":["https:\/\/vapingnet.de\/vape\/globale-bestseller-bang-tn-12000-puffs-cool-mint-geschmack\/"]}]},{"@type":"ImageObject","inLanguage":"lt-LT","@id":"https:\/\/vapingnet.de\/vape\/globale-bestseller-bang-tn-12000-puffs-cool-mint-geschmack\/#primaryimage","url":"https:\/\/vapingnet.de\/wp-content\/uploads\/2025\/04\/COOL-MINT-.png","contentUrl":"https:\/\/vapingnet.de\/wp-content\/uploads\/2025\/04\/COOL-MINT-.png","width":1000,"height":1000},{"@type":"BreadcrumbList","@id":"https:\/\/vapingnet.de\/vape\/globale-bestseller-bang-tn-12000-puffs-cool-mint-geschmack\/#breadcrumb","itemListElement":[{"@type":"ListItem","position":1,"name":"Home","item":"https:\/\/vapingnet.de\/"},{"@type":"ListItem","position":2,"name":"Shop","item":"https:\/\/vapingnet.de\/vape\/"},{"@type":"ListItem","position":3,"name":"Globale Bestseller! Bang Tn 12000 Puffs Cool Mint Geschmack"}]},{"@type":"WebSite","@id":"https:\/\/vapingnet.de\/#website","url":"https:\/\/vapingnet.de\/","name":"Vapingnet.de","description":"","publisher":{"@id":"https:\/\/vapingnet.de\/#organization"},"potentialAction":[{"@type":"SearchAction","target":{"@type":"EntryPoint","urlTemplate":"https:\/\/vapingnet.de\/?s={search_term_string}"},"query-input":{"@type":"PropertyValueSpecification","valueRequired":true,"valueName":"search_term_string"}}],"inLanguage":"lt-LT"},{"@type":"Organization","@id":"https:\/\/vapingnet.de\/#organization","name":"Vapingnet.de","url":"https:\/\/vapingnet.de\/","logo":{"@type":"ImageObject","inLanguage":"lt-LT","@id":"https:\/\/vapingnet.de\/#\/schema\/logo\/image\/","url":"https:\/\/vapingnet.de\/wp-content\/uploads\/2025\/03\/cropped-vapingnet.de_.jpg","contentUrl":"https:\/\/vapingnet.de\/wp-content\/uploads\/2025\/03\/cropped-vapingnet.de_.jpg","width":512,"height":512,"caption":"Vapingnet.de"},"image":{"@id":"https:\/\/vapingnet.de\/#\/schema\/logo\/image\/"},"sameAs":["https:\/\/www.facebook.com\/vapingnetde\/"]}]}},"tiered_pricing_type":"fixed","tiered_pricing_fixed_rules":{"10":"7.31","60":"6.58","110":"5.85","200":"5.12"},"tiered_pricing_product_settings":{"layout":"default","base_unit_name":{"singular":null,"plural":null},"default_variation":null},"tiered_pricing_minimum_quantity":null,"tiered_pricing_roles_data":[],"tiered_pricing_percentage_rules":[],"_links":{"self":[{"href":"https:\/\/vapingnet.de\/lt\/wp-json\/wp\/v2\/product\/6226","targetHints":{"allow":["GET"]}}],"collection":[{"href":"https:\/\/vapingnet.de\/lt\/wp-json\/wp\/v2\/product"}],"about":[{"href":"https:\/\/vapingnet.de\/lt\/wp-json\/wp\/v2\/types\/product"}],"version-history":[{"count":1,"href":"https:\/\/vapingnet.de\/lt\/wp-json\/wp\/v2\/product\/6226\/revisions"}],"predecessor-version":[{"id":6236,"href":"https:\/\/vapingnet.de\/lt\/wp-json\/wp\/v2\/product\/6226\/revisions\/6236"}],"wp:featuredmedia":[{"embeddable":true,"href":"https:\/\/vapingnet.de\/lt\/wp-json\/wp\/v2\/media\/6231"}],"wp:attachment":[{"href":"https:\/\/vapingnet.de\/lt\/wp-json\/wp\/v2\/media?parent=6226"}],"wp:term":[{"taxonomy":"brand","embeddable":true,"href":"https:\/\/vapingnet.de\/lt\/wp-json\/wp\/v2\/etheme_brands?post=6226"},{"taxonomy":"product_brand","embeddable":true,"href":"https:\/\/vapingnet.de\/lt\/wp-json\/wp\/v2\/product_brand?post=6226"},{"taxonomy":"product_cat","embeddable":true,"href":"https:\/\/vapingnet.de\/lt\/wp-json\/wp\/v2\/product_cat?post=6226"},{"taxonomy":"product_tag","embeddable":true,"href":"https:\/\/vapingnet.de\/lt\/wp-json\/wp\/v2\/product_tag?post=6226"}],"curies":[{"name":"wp","href":"https:\/\/api.w.org\/{rel}","templated":true}]}}