{"id":6227,"date":"2025-04-11T02:32:59","date_gmt":"2025-04-11T02:32:59","guid":{"rendered":"https:\/\/vapingnet.de\/?post_type=product&#038;p=6227"},"modified":"2025-12-30T08:41:27","modified_gmt":"2025-12-30T08:41:27","slug":"watermelon-strawberry-bang-tn-12000-puffs-fuer-besten-genuss-ohne-zollkosten","status":"publish","type":"product","link":"https:\/\/vapingnet.de\/lt\/vape\/watermelon-strawberry-bang-tn-12000-puffs-fuer-besten-genuss-ohne-zollkosten\/","title":{"rendered":"Watermelon Strawberry Bang Tn 12000 Puffs geriausiam malonumui be muit\u0173 mokes\u010di\u0173"},"content":{"rendered":"<h2 data-start=\"123\" data-end=\"208\">Bang Tn 12000 Puffs \u2013 Tobula vienkartin\u0117 elektronin\u0117 cigaret\u0117 ilgalaikiam garinimui<\/h2>\n<p class=\"\" data-start=\"210\" data-end=\"598\">Vienkartin\u0117s elektronin\u0117s cigaret\u0117s jau tapo viena i\u0161 populiariausi\u0173 pasirinkim\u0173 garintojams, ie\u0161kantiems patogaus ir paprasto b\u016bdo m\u0117gautis garinimu. \u010cia i\u0161skirtinai i\u0161siskiria Bang Tn 12000 Puffs. Su daugybe \u012fsp\u016bding\u0173 savybi\u0173 ir reik\u0161mingu talpumu, \u0161is modelis yra puikus pasirinkimas.<\/p>\n<h4 data-start=\"600\" data-end=\"635\">Savyb\u0117s ir techniniai duomenys<\/h4>\n<p class=\"\" data-start=\"637\" data-end=\"1085\">Bang Tn 12000 Puffs si\u016blo dosn\u0173 20 ml skys\u010dio talp\u0105, u\u017etikrinan\u010di\u0105 ilgalaik\u012f garinim\u0105 be da\u017en\u0173 papildym\u0173. Su 1,2\u03a9 tinklo rit\u0117mis ji suteikia intensyv\u0173 ir tolyg\u0173 garinimo patirt\u012f. 650mAh akumuliatorius garantuoja pakankamai energijos 12000 \u012fkv\u0117pim\u0173, o USB-C jungtis leid\u017eia greitai \u012fkrauti \u012frengin\u012f, jei to prireikt\u0173.<\/p>\n<p class=\"\" data-start=\"1087\" data-end=\"1483\">Nikotin\u0173 pasirinkimai yra lankst\u016bs, su galimyb\u0117mis pasirinkti 0%, 2%, 3% ir 5% nikotino stiprumus, tod\u0117l tiek naujokai, tiek patyr\u0119 garintojai ras sau tinkam\u0105 variant\u0105. Ypatingai verta pamin\u0117ti, kad Bang Tn 12000 Puffs yra prieinama Watermelon Strawberry skonio \u2013 gaivus derinys i\u0161 sald\u017eios arb\u016bzo ir sultingos bra\u0161k\u0117s.<\/p>\n<h3 data-start=\"1485\" data-end=\"1521\">Bang Tn 12000 Puffs privalumai<\/h3>\n<p class=\"\" data-start=\"1523\" data-end=\"1773\">I\u0161skirtinis \u0161io produkto prana\u0161umas yra tai, kad jis \u012fsigyjamas be muito, jei perkama Europos S\u0105jungoje. Tai rei\u0161kia, kad pirk\u0117jai nemoka netik\u0117t\u0173 papildom\u0173 mokes\u010di\u0173, tod\u0117l tai yra patrauklus pasirinkimas visiems garintojams Europoje.<\/p>\n<p class=\"\" data-start=\"1775\" data-end=\"2001\">Kitas prana\u0161umas \u2013 greitas pristatymas per 7 iki 15 darbo dien\u0173. Perkant patikimuose internetiniuose parduotuv\u0117se, tokiose kaip vapingnet.de, gausite produkt\u0105 be ilgo laukimo ir auk\u0161tos kokyb\u0117s.<\/p>\n<h3 data-start=\"2003\" data-end=\"2059\">Kod\u0117l Bang Tn 12000 Puffs yra tinkamas pasirinkimas?<\/h3>\n<p class=\"\" data-start=\"2061\" data-end=\"2507\">Bang Tn 12000 Puffs skirtas garintojams, ie\u0161kantiems patikimos ir patogios vienkartin\u0117s \u012frangos, kuri suteikia tiek skon\u012f, tiek na\u0161um\u0105. Idealiai tinka keliaujant ir gali b\u016bti lengvai naudojama pradedantiesiems bei patyrusiems vartotojams. D\u0117l patogios vienkartin\u0117s funkcijos nereikia papildom\u0173 prie\u017ei\u016bros darb\u0173, toki\u0173 kaip papildymas ar valymas. Tiesiog i\u0161pakuokite ir prad\u0117kite garinti.<\/p>\n<h4 data-start=\"2875\" data-end=\"2884\">Kod\u0117l Bang Tn 12000 Puffs yra geriausias pasirinkimas reikliems garintojams<\/h4>\n<p class=\"\" data-start=\"2886\" data-end=\"3426\">Bang Tn 12000 Puffs yra puikus pasirinkimas garintojams, kurie ie\u0161ko ilgaam\u017ei\u0161kumo, intensyvaus skonio ir paprasto naudojimo. Auk\u0161tas skys\u010dio talpumas, keli nikotino stiprumai ir patogi USB-C jungtis u\u017etikrina naudotoj\u0173 patogum\u0105. Perkant i\u0161 Europos sand\u0117lio, i\u0161vengiama muit\u0173 problem\u0173 ir ilgo laukimo. Kas vertina kokyb\u0119 ir paprast\u0105 garinim\u0105, ras su \u0161iuo produktu puik\u0173 sprendim\u0105.<\/p>","protected":false},"excerpt":{"rendered":"<p>Bang Tn 12000 Puffs \u2013 Tobula vienkartin\u0117 E cigaret\u0117 ilgalaikiam garinimui. Vienkartin\u0117s E cigaret\u0117s jau tapo viena i\u0161 populiariausi\u0173 pasirinkim\u0173 d\u016bm\u0173 m\u0117g\u0117jams, kurie ie\u0161ko...<\/p>","protected":false},"featured_media":6232,"template":"","meta":[],"etheme_brands":[],"product_brand":[101],"product_cat":[88,49,61],"product_tag":[],"class_list":{"0":"post-6227","1":"product","2":"type-product","3":"status-publish","4":"has-post-thumbnail","6":"product_brand-bang-king-vape","7":"product_cat-12k-vape","8":"product_cat-einweg-e-zigarette","9":"product_cat-f","11":"first","12":"instock","13":"shipping-taxable","14":"purchasable","15":"product-type-simple"},"yoast_head":"<!-- This site is optimized with the Yoast SEO plugin v26.5 - https:\/\/yoast.com\/wordpress\/plugins\/seo\/ -->\n<title>Watermelon Strawberry Bang Tn 12000 Puffs f\u00fcr besten Genuss ohne Zollkosten | Vapingnet.de<\/title>\n<meta name=\"description\" content=\"Entdecke Watermelon Strawberry Bang Tn 12000 Puffs f\u00fcr besten Genuss ohne Zollkosten bei vapingnet.de, \u25ba Gro\u00dfe Auswahl an Geschmacksrichtungen &amp; super g\u00fcnstig!\" \/>\n<meta name=\"robots\" content=\"index, follow, max-snippet:-1, max-image-preview:large, max-video-preview:-1\" \/>\n<link rel=\"canonical\" href=\"https:\/\/vapingnet.de\/lt\/vape\/watermelon-strawberry-bang-tn-12000-puffs-fuer-besten-genuss-ohne-zollkosten\/\" \/>\n<meta property=\"og:locale\" content=\"lt_LT\" \/>\n<meta property=\"og:type\" content=\"article\" \/>\n<meta property=\"og:title\" content=\"Watermelon Strawberry Bang Tn 12000 Puffs f\u00fcr besten Genuss ohne Zollkosten | Vapingnet.de\" \/>\n<meta property=\"og:description\" content=\"Entdecke Watermelon Strawberry Bang Tn 12000 Puffs f\u00fcr besten Genuss ohne Zollkosten bei vapingnet.de, \u25ba Gro\u00dfe Auswahl an Geschmacksrichtungen &amp; super g\u00fcnstig!\" \/>\n<meta property=\"og:url\" content=\"https:\/\/vapingnet.de\/lt\/vape\/watermelon-strawberry-bang-tn-12000-puffs-fuer-besten-genuss-ohne-zollkosten\/\" \/>\n<meta property=\"og:site_name\" content=\"Vapingnet.de\" \/>\n<meta property=\"article:publisher\" content=\"https:\/\/www.facebook.com\/vapingnetde\/\" \/>\n<meta property=\"article:modified_time\" content=\"2025-12-30T08:41:27+00:00\" \/>\n<meta property=\"og:image\" content=\"https:\/\/vapingnet.de\/wp-content\/uploads\/2025\/04\/Watermelon-Strawberry.png\" \/>\n\t<meta property=\"og:image:width\" content=\"1000\" \/>\n\t<meta property=\"og:image:height\" content=\"1000\" \/>\n\t<meta property=\"og:image:type\" content=\"image\/png\" \/>\n<meta name=\"twitter:card\" content=\"summary_large_image\" \/>\n<meta name=\"twitter:label1\" content=\"Est. reading time\" \/>\n\t<meta name=\"twitter:data1\" content=\"3 minutes\" \/>\n<script type=\"application\/ld+json\" class=\"yoast-schema-graph\">{\"@context\":\"https:\/\/schema.org\",\"@graph\":[{\"@type\":\"WebPage\",\"@id\":\"https:\/\/vapingnet.de\/vape\/watermelon-strawberry-bang-tn-12000-puffs-fuer-besten-genuss-ohne-zollkosten\/\",\"url\":\"https:\/\/vapingnet.de\/vape\/watermelon-strawberry-bang-tn-12000-puffs-fuer-besten-genuss-ohne-zollkosten\/\",\"name\":\"Watermelon Strawberry Bang Tn 12000 Puffs f\u00fcr besten Genuss ohne Zollkosten | Vapingnet.de\",\"isPartOf\":{\"@id\":\"https:\/\/vapingnet.de\/#website\"},\"primaryImageOfPage\":{\"@id\":\"https:\/\/vapingnet.de\/vape\/watermelon-strawberry-bang-tn-12000-puffs-fuer-besten-genuss-ohne-zollkosten\/#primaryimage\"},\"image\":{\"@id\":\"https:\/\/vapingnet.de\/vape\/watermelon-strawberry-bang-tn-12000-puffs-fuer-besten-genuss-ohne-zollkosten\/#primaryimage\"},\"thumbnailUrl\":\"https:\/\/vapingnet.de\/wp-content\/uploads\/2025\/04\/Watermelon-Strawberry.png\",\"datePublished\":\"2025-04-11T02:32:59+00:00\",\"dateModified\":\"2025-12-30T08:41:27+00:00\",\"description\":\"Entdecke Watermelon Strawberry Bang Tn 12000 Puffs f\u00fcr besten Genuss ohne Zollkosten bei vapingnet.de, \u25ba Gro\u00dfe Auswahl an Geschmacksrichtungen & super g\u00fcnstig!\",\"breadcrumb\":{\"@id\":\"https:\/\/vapingnet.de\/vape\/watermelon-strawberry-bang-tn-12000-puffs-fuer-besten-genuss-ohne-zollkosten\/#breadcrumb\"},\"inLanguage\":\"lt-LT\",\"potentialAction\":[{\"@type\":\"ReadAction\",\"target\":[\"https:\/\/vapingnet.de\/vape\/watermelon-strawberry-bang-tn-12000-puffs-fuer-besten-genuss-ohne-zollkosten\/\"]}]},{\"@type\":\"ImageObject\",\"inLanguage\":\"lt-LT\",\"@id\":\"https:\/\/vapingnet.de\/vape\/watermelon-strawberry-bang-tn-12000-puffs-fuer-besten-genuss-ohne-zollkosten\/#primaryimage\",\"url\":\"https:\/\/vapingnet.de\/wp-content\/uploads\/2025\/04\/Watermelon-Strawberry.png\",\"contentUrl\":\"https:\/\/vapingnet.de\/wp-content\/uploads\/2025\/04\/Watermelon-Strawberry.png\",\"width\":1000,\"height\":1000},{\"@type\":\"BreadcrumbList\",\"@id\":\"https:\/\/vapingnet.de\/vape\/watermelon-strawberry-bang-tn-12000-puffs-fuer-besten-genuss-ohne-zollkosten\/#breadcrumb\",\"itemListElement\":[{\"@type\":\"ListItem\",\"position\":1,\"name\":\"Home\",\"item\":\"https:\/\/vapingnet.de\/\"},{\"@type\":\"ListItem\",\"position\":2,\"name\":\"Shop\",\"item\":\"https:\/\/vapingnet.de\/vape\/\"},{\"@type\":\"ListItem\",\"position\":3,\"name\":\"Watermelon Strawberry Bang Tn 12000 Puffs f\u00fcr besten Genuss ohne Zollkosten\"}]},{\"@type\":\"WebSite\",\"@id\":\"https:\/\/vapingnet.de\/#website\",\"url\":\"https:\/\/vapingnet.de\/\",\"name\":\"Vapingnet.de\",\"description\":\"\",\"publisher\":{\"@id\":\"https:\/\/vapingnet.de\/#organization\"},\"potentialAction\":[{\"@type\":\"SearchAction\",\"target\":{\"@type\":\"EntryPoint\",\"urlTemplate\":\"https:\/\/vapingnet.de\/?s={search_term_string}\"},\"query-input\":{\"@type\":\"PropertyValueSpecification\",\"valueRequired\":true,\"valueName\":\"search_term_string\"}}],\"inLanguage\":\"lt-LT\"},{\"@type\":\"Organization\",\"@id\":\"https:\/\/vapingnet.de\/#organization\",\"name\":\"Vapingnet.de\",\"url\":\"https:\/\/vapingnet.de\/\",\"logo\":{\"@type\":\"ImageObject\",\"inLanguage\":\"lt-LT\",\"@id\":\"https:\/\/vapingnet.de\/#\/schema\/logo\/image\/\",\"url\":\"https:\/\/vapingnet.de\/wp-content\/uploads\/2025\/03\/cropped-vapingnet.de_.jpg\",\"contentUrl\":\"https:\/\/vapingnet.de\/wp-content\/uploads\/2025\/03\/cropped-vapingnet.de_.jpg\",\"width\":512,\"height\":512,\"caption\":\"Vapingnet.de\"},\"image\":{\"@id\":\"https:\/\/vapingnet.de\/#\/schema\/logo\/image\/\"},\"sameAs\":[\"https:\/\/www.facebook.com\/vapingnetde\/\"]}]}<\/script>\n<!-- \/ Yoast SEO plugin. -->","yoast_head_json":{"title":"Watermelon Strawberry Bang Tn 12000 Puffs f\u00fcr besten Genuss ohne Zollkosten | Vapingnet.de","description":"Entdecke Watermelon Strawberry Bang Tn 12000 Puffs f\u00fcr besten Genuss ohne Zollkosten bei vapingnet.de, \u25ba Gro\u00dfe Auswahl an Geschmacksrichtungen & super g\u00fcnstig!","robots":{"index":"index","follow":"follow","max-snippet":"max-snippet:-1","max-image-preview":"max-image-preview:large","max-video-preview":"max-video-preview:-1"},"canonical":"https:\/\/vapingnet.de\/lt\/vape\/watermelon-strawberry-bang-tn-12000-puffs-fuer-besten-genuss-ohne-zollkosten\/","og_locale":"lt_LT","og_type":"article","og_title":"Watermelon Strawberry Bang Tn 12000 Puffs f\u00fcr besten Genuss ohne Zollkosten | Vapingnet.de","og_description":"Entdecke Watermelon Strawberry Bang Tn 12000 Puffs f\u00fcr besten Genuss ohne Zollkosten bei vapingnet.de, \u25ba Gro\u00dfe Auswahl an Geschmacksrichtungen & super g\u00fcnstig!","og_url":"https:\/\/vapingnet.de\/lt\/vape\/watermelon-strawberry-bang-tn-12000-puffs-fuer-besten-genuss-ohne-zollkosten\/","og_site_name":"Vapingnet.de","article_publisher":"https:\/\/www.facebook.com\/vapingnetde\/","article_modified_time":"2025-12-30T08:41:27+00:00","og_image":[{"width":1000,"height":1000,"url":"https:\/\/vapingnet.de\/wp-content\/uploads\/2025\/04\/Watermelon-Strawberry.png","type":"image\/png"}],"twitter_card":"summary_large_image","twitter_misc":{"Est. reading time":"3 minutes"},"schema":{"@context":"https:\/\/schema.org","@graph":[{"@type":"WebPage","@id":"https:\/\/vapingnet.de\/vape\/watermelon-strawberry-bang-tn-12000-puffs-fuer-besten-genuss-ohne-zollkosten\/","url":"https:\/\/vapingnet.de\/vape\/watermelon-strawberry-bang-tn-12000-puffs-fuer-besten-genuss-ohne-zollkosten\/","name":"Watermelon Strawberry Bang Tn 12000 Puffs f\u00fcr besten Genuss ohne Zollkosten | Vapingnet.de","isPartOf":{"@id":"https:\/\/vapingnet.de\/#website"},"primaryImageOfPage":{"@id":"https:\/\/vapingnet.de\/vape\/watermelon-strawberry-bang-tn-12000-puffs-fuer-besten-genuss-ohne-zollkosten\/#primaryimage"},"image":{"@id":"https:\/\/vapingnet.de\/vape\/watermelon-strawberry-bang-tn-12000-puffs-fuer-besten-genuss-ohne-zollkosten\/#primaryimage"},"thumbnailUrl":"https:\/\/vapingnet.de\/wp-content\/uploads\/2025\/04\/Watermelon-Strawberry.png","datePublished":"2025-04-11T02:32:59+00:00","dateModified":"2025-12-30T08:41:27+00:00","description":"Entdecke Watermelon Strawberry Bang Tn 12000 Puffs f\u00fcr besten Genuss ohne Zollkosten bei vapingnet.de, \u25ba Gro\u00dfe Auswahl an Geschmacksrichtungen & super g\u00fcnstig!","breadcrumb":{"@id":"https:\/\/vapingnet.de\/vape\/watermelon-strawberry-bang-tn-12000-puffs-fuer-besten-genuss-ohne-zollkosten\/#breadcrumb"},"inLanguage":"lt-LT","potentialAction":[{"@type":"ReadAction","target":["https:\/\/vapingnet.de\/vape\/watermelon-strawberry-bang-tn-12000-puffs-fuer-besten-genuss-ohne-zollkosten\/"]}]},{"@type":"ImageObject","inLanguage":"lt-LT","@id":"https:\/\/vapingnet.de\/vape\/watermelon-strawberry-bang-tn-12000-puffs-fuer-besten-genuss-ohne-zollkosten\/#primaryimage","url":"https:\/\/vapingnet.de\/wp-content\/uploads\/2025\/04\/Watermelon-Strawberry.png","contentUrl":"https:\/\/vapingnet.de\/wp-content\/uploads\/2025\/04\/Watermelon-Strawberry.png","width":1000,"height":1000},{"@type":"BreadcrumbList","@id":"https:\/\/vapingnet.de\/vape\/watermelon-strawberry-bang-tn-12000-puffs-fuer-besten-genuss-ohne-zollkosten\/#breadcrumb","itemListElement":[{"@type":"ListItem","position":1,"name":"Home","item":"https:\/\/vapingnet.de\/"},{"@type":"ListItem","position":2,"name":"Shop","item":"https:\/\/vapingnet.de\/vape\/"},{"@type":"ListItem","position":3,"name":"Watermelon Strawberry Bang Tn 12000 Puffs f\u00fcr besten Genuss ohne Zollkosten"}]},{"@type":"WebSite","@id":"https:\/\/vapingnet.de\/#website","url":"https:\/\/vapingnet.de\/","name":"Vapingnet.de","description":"","publisher":{"@id":"https:\/\/vapingnet.de\/#organization"},"potentialAction":[{"@type":"SearchAction","target":{"@type":"EntryPoint","urlTemplate":"https:\/\/vapingnet.de\/?s={search_term_string}"},"query-input":{"@type":"PropertyValueSpecification","valueRequired":true,"valueName":"search_term_string"}}],"inLanguage":"lt-LT"},{"@type":"Organization","@id":"https:\/\/vapingnet.de\/#organization","name":"Vapingnet.de","url":"https:\/\/vapingnet.de\/","logo":{"@type":"ImageObject","inLanguage":"lt-LT","@id":"https:\/\/vapingnet.de\/#\/schema\/logo\/image\/","url":"https:\/\/vapingnet.de\/wp-content\/uploads\/2025\/03\/cropped-vapingnet.de_.jpg","contentUrl":"https:\/\/vapingnet.de\/wp-content\/uploads\/2025\/03\/cropped-vapingnet.de_.jpg","width":512,"height":512,"caption":"Vapingnet.de"},"image":{"@id":"https:\/\/vapingnet.de\/#\/schema\/logo\/image\/"},"sameAs":["https:\/\/www.facebook.com\/vapingnetde\/"]}]}},"tiered_pricing_type":"fixed","tiered_pricing_fixed_rules":{"10":"7.31","60":"6.58","110":"5.85","200":"5.12"},"tiered_pricing_product_settings":{"layout":"default","base_unit_name":{"singular":null,"plural":null},"default_variation":null},"tiered_pricing_minimum_quantity":null,"tiered_pricing_roles_data":[],"tiered_pricing_percentage_rules":[],"_links":{"self":[{"href":"https:\/\/vapingnet.de\/lt\/wp-json\/wp\/v2\/product\/6227","targetHints":{"allow":["GET"]}}],"collection":[{"href":"https:\/\/vapingnet.de\/lt\/wp-json\/wp\/v2\/product"}],"about":[{"href":"https:\/\/vapingnet.de\/lt\/wp-json\/wp\/v2\/types\/product"}],"version-history":[{"count":1,"href":"https:\/\/vapingnet.de\/lt\/wp-json\/wp\/v2\/product\/6227\/revisions"}],"predecessor-version":[{"id":6237,"href":"https:\/\/vapingnet.de\/lt\/wp-json\/wp\/v2\/product\/6227\/revisions\/6237"}],"wp:featuredmedia":[{"embeddable":true,"href":"https:\/\/vapingnet.de\/lt\/wp-json\/wp\/v2\/media\/6232"}],"wp:attachment":[{"href":"https:\/\/vapingnet.de\/lt\/wp-json\/wp\/v2\/media?parent=6227"}],"wp:term":[{"taxonomy":"brand","embeddable":true,"href":"https:\/\/vapingnet.de\/lt\/wp-json\/wp\/v2\/etheme_brands?post=6227"},{"taxonomy":"product_brand","embeddable":true,"href":"https:\/\/vapingnet.de\/lt\/wp-json\/wp\/v2\/product_brand?post=6227"},{"taxonomy":"product_cat","embeddable":true,"href":"https:\/\/vapingnet.de\/lt\/wp-json\/wp\/v2\/product_cat?post=6227"},{"taxonomy":"product_tag","embeddable":true,"href":"https:\/\/vapingnet.de\/lt\/wp-json\/wp\/v2\/product_tag?post=6227"}],"curies":[{"name":"wp","href":"https:\/\/api.w.org\/{rel}","templated":true}]}}