{"id":6228,"date":"2025-04-11T02:33:04","date_gmt":"2025-04-11T02:33:04","guid":{"rendered":"https:\/\/vapingnet.de\/?post_type=product&#038;p=6228"},"modified":"2025-12-30T08:41:18","modified_gmt":"2025-12-30T08:41:18","slug":"bang-tn-12000-puffs-strawberry-ice-fuer-den-besten-dampfgenuss","status":"publish","type":"product","link":"https:\/\/vapingnet.de\/lt\/vape\/bang-tn-12000-puffs-strawberry-ice-fuer-den-besten-dampfgenuss\/","title":{"rendered":"Bang Tn 12000 Puffs Bra\u0161ki\u0173 ledas geriausiam r\u016bkomojo malonumui"},"content":{"rendered":"<h2 data-start=\"0\" data-end=\"88\">Bang Tn 12000 Puffs: Galinga ir vartotojui draugi\u0161ka vienkartin\u0117 elektronin\u0117 cigaret\u0117<\/h2>\n<p class=\"\" data-start=\"90\" data-end=\"466\">Bang Tn 12000 Puffs yra ideali pasirinktis vapori\u0173, ie\u0161kan\u010di\u0173 patogios ir ilgaam\u017e\u0117s vienkartin\u0117s elektronin\u0117s cigaret\u0117s. Ji si\u016blo 20 ml skys\u010dio talp\u0105 ir galimyb\u0119 suteikti iki 12 000 \u012fkv\u0117pim\u0173, u\u017etikrindama ilgalaik\u012f ir intensyv\u0173 garinimo patirt\u012f. \u0160i elektronin\u0117 cigaret\u0117 tinka tiek pradedantiesiems, tiek patyrusiems vaporiams.<\/p>\n<h3>Svarbios Bang Tn 12000 Puffs savyb\u0117s:<\/h3>\n<ol data-start=\"521\" data-end=\"1522\">\n<li class=\"\" data-start=\"521\" data-end=\"794\">\n<p class=\"\" data-start=\"524\" data-end=\"794\">Ilga tarnavimo trukm\u0117 ir auk\u0161ta galia:<br data-start=\"564\" data-end=\"567\" \/>Su 650mAh baterija Bang Tn 12000 Puffs u\u017etikrina i\u0161tverming\u0105 veikim\u0105. Derinama su tinklelio spirale (1.2\u03a9), pasiekiama tolygi garinimo funkcija, u\u017etikrinanti intensyv\u0173 skon\u012f.<\/p>\n<\/li>\n<li class=\"\" data-start=\"796\" data-end=\"971\">\n<p class=\"\" data-start=\"799\" data-end=\"971\">Paprastas \u012fkrovimas:<br data-start=\"822\" data-end=\"825\" \/>USB-C jungtis garantuoja greit\u0105 ir efektyv\u0173 \u012fkrovim\u0105, kad gal\u0117tum\u0117te v\u0117l m\u0117gautis garinimu per trumpiausi\u0105 laik\u0105.<\/p>\n<\/li>\n<li class=\"\" data-start=\"973\" data-end=\"1235\">\n<p class=\"\" data-start=\"976\" data-end=\"1235\">\u012evairios nikotino galimyb\u0117s:<br data-start=\"1008\" data-end=\"1011\" \/>Bang Tn 12000 Puffs yra prieinama su skirtingais nikotino stiprumais: 0%, 2%, 3% ir 5% nikotino. Taip vaporiai gali pasirinkti jiems tinkam\u0105 nikotino lyg\u012f, ar jie nori vartoti nikotin\u0105, ar ne.<\/p>\n<\/li>\n<li class=\"\" data-start=\"1237\" data-end=\"1522\">\n<p class=\"\" data-start=\"1240\" data-end=\"1522\">Gaivus skonis:<br data-start=\"1268\" data-end=\"1271\" \/>Strawberry Ice skonis jungia bra\u0161ki\u0173 saldum\u0105 su gaiviu mentolio \u0161altumu. Tobula skonio patirtis vaporiams, m\u0117gstantiems vaisinius aromatus ir tuo pa\u010diu metu norintiems m\u0117gautis mentolio gaivumu.<\/p>\n<\/li>\n<\/ol>\n<h4 data-start=\"1524\" data-end=\"1558\">Privalumai pirk\u0117jams Europoje:<\/h4>\n<ul data-start=\"1560\" data-end=\"1892\">\n<li class=\"\" data-start=\"1560\" data-end=\"1730\">\n<p class=\"\" data-start=\"1562\" data-end=\"1730\">Be muit\u0173: Perkant Bang Tn 12000 Puffs Europos S\u0105jungoje, n\u0117ra joki\u0173 muit\u0173 mokes\u010di\u0173, kas padaro pirkimo proces\u0105 paprast\u0105 ir skaidr\u0173.<\/p>\n<\/li>\n<li class=\"\" data-start=\"1731\" data-end=\"1892\">\n<p class=\"\" data-start=\"1733\" data-end=\"1892\">Greitas pristatymas: Paprastai siuntimas vyksta per 7\u201315 darbo dien\u0173, tod\u0117l nereik\u0117s ilgai laukti savo naujo garinimo patirties.<\/p>\n<\/li>\n<\/ul>\n<h4 data-start=\"1894\" data-end=\"1917\">U\u017esakymo galimyb\u0117:<\/h4>\n<p class=\"\" data-start=\"1919\" data-end=\"2156\">Bang Tn 12000 Puffs yra prieinama per vapingnet.de, patikim\u0105 tiek\u0117j\u0105, si\u016blant\u012f plat\u0173 vapori\u0173 produkt\u0173 pasirinkim\u0105. Ten galite saugiai u\u017esakyti produkt\u0105 ir tik\u0117tis greito pristatymo.<\/p>\n<h4 data-start=\"2158\" data-end=\"2168\">Kod\u0117l Bang Tn 12000 Puffs yra ideali pasirinktis reikliems vaporiams<\/h4>\n<p class=\"\" data-start=\"2170\" data-end=\"2711\">Bang Tn 12000 Puffs si\u016blo puik\u0173 derin\u012f tarp auk\u0161tos galios, ilgaam\u017ei\u0161kumo ir intensyvi\u0173 skonio patir\u010di\u0173. Ji ypa\u010d tinka vaporiams, ie\u0161kantiems paprasto, galingo vienkartinio \u012frenginio, kuris b\u016bt\u0173 paruo\u0161tas naudoti i\u0161 karto ir kartu pasi\u017eym\u0117t\u0173 ilga naudojimo trukme. Su pla\u010diu nikotino galimybi\u0173 pasirinkimu ir gaiviu skoniu ji yra tobula pasirinktis kiekvienam vaporiui. U\u017esisakykite jau \u0161iandien per vapingnet.de ir patirkite nauj\u0105, patogi\u0105 garinimo patirt\u012f!<\/p>","protected":false},"excerpt":{"rendered":"<p>Bang Tn 12000 Puffs: Eine leistungsstarke und benutzerfreundliche Einweg-E-Zigarette Die Bang Tn 12000 Puffs ist die ideale Wahl f\u00fcr Dampfer, die nach einer praktischen und&#8230;<\/p>","protected":false},"featured_media":6233,"template":"","meta":[],"etheme_brands":[],"product_brand":[101],"product_cat":[88,49,61],"product_tag":[],"class_list":{"0":"post-6228","1":"product","2":"type-product","3":"status-publish","4":"has-post-thumbnail","6":"product_brand-bang-king-vape","7":"product_cat-12k-vape","8":"product_cat-einweg-e-zigarette","9":"product_cat-f","11":"first","12":"instock","13":"shipping-taxable","14":"purchasable","15":"product-type-simple"},"yoast_head":"<!-- This site is optimized with the Yoast SEO plugin v26.5 - https:\/\/yoast.com\/wordpress\/plugins\/seo\/ -->\n<title>Bang Tn 12000 Puffs Strawberry Ice f\u00fcr den besten Dampfgenuss | Vapingnet.de<\/title>\n<meta name=\"description\" content=\"Entdecke Bang Tn 12000 Puffs Strawberry Ice f\u00fcr den besten Dampfgenuss bei vapingnet.de, \u25ba Gro\u00dfe Auswahl an Geschmacksrichtungen &amp; super g\u00fcnstig!\" \/>\n<meta name=\"robots\" content=\"index, follow, max-snippet:-1, max-image-preview:large, max-video-preview:-1\" \/>\n<link rel=\"canonical\" href=\"https:\/\/vapingnet.de\/lt\/vape\/bang-tn-12000-puffs-strawberry-ice-fuer-den-besten-dampfgenuss\/\" \/>\n<meta property=\"og:locale\" content=\"lt_LT\" \/>\n<meta property=\"og:type\" content=\"article\" \/>\n<meta property=\"og:title\" content=\"Bang Tn 12000 Puffs Strawberry Ice f\u00fcr den besten Dampfgenuss | Vapingnet.de\" \/>\n<meta property=\"og:description\" content=\"Entdecke Bang Tn 12000 Puffs Strawberry Ice f\u00fcr den besten Dampfgenuss bei vapingnet.de, \u25ba Gro\u00dfe Auswahl an Geschmacksrichtungen &amp; super g\u00fcnstig!\" \/>\n<meta property=\"og:url\" content=\"https:\/\/vapingnet.de\/lt\/vape\/bang-tn-12000-puffs-strawberry-ice-fuer-den-besten-dampfgenuss\/\" \/>\n<meta property=\"og:site_name\" content=\"Vapingnet.de\" \/>\n<meta property=\"article:publisher\" content=\"https:\/\/www.facebook.com\/vapingnetde\/\" \/>\n<meta property=\"article:modified_time\" content=\"2025-12-30T08:41:18+00:00\" \/>\n<meta property=\"og:image\" content=\"https:\/\/vapingnet.de\/wp-content\/uploads\/2025\/04\/Watermelon-Strawberry-1.png\" \/>\n\t<meta property=\"og:image:width\" content=\"1000\" \/>\n\t<meta property=\"og:image:height\" content=\"1000\" \/>\n\t<meta property=\"og:image:type\" content=\"image\/png\" \/>\n<meta name=\"twitter:card\" content=\"summary_large_image\" \/>\n<meta name=\"twitter:label1\" content=\"Est. reading time\" \/>\n\t<meta name=\"twitter:data1\" content=\"3 minutes\" \/>\n<script type=\"application\/ld+json\" class=\"yoast-schema-graph\">{\"@context\":\"https:\/\/schema.org\",\"@graph\":[{\"@type\":\"WebPage\",\"@id\":\"https:\/\/vapingnet.de\/vape\/bang-tn-12000-puffs-strawberry-ice-fuer-den-besten-dampfgenuss\/\",\"url\":\"https:\/\/vapingnet.de\/vape\/bang-tn-12000-puffs-strawberry-ice-fuer-den-besten-dampfgenuss\/\",\"name\":\"Bang Tn 12000 Puffs Strawberry Ice f\u00fcr den besten Dampfgenuss | Vapingnet.de\",\"isPartOf\":{\"@id\":\"https:\/\/vapingnet.de\/#website\"},\"primaryImageOfPage\":{\"@id\":\"https:\/\/vapingnet.de\/vape\/bang-tn-12000-puffs-strawberry-ice-fuer-den-besten-dampfgenuss\/#primaryimage\"},\"image\":{\"@id\":\"https:\/\/vapingnet.de\/vape\/bang-tn-12000-puffs-strawberry-ice-fuer-den-besten-dampfgenuss\/#primaryimage\"},\"thumbnailUrl\":\"https:\/\/vapingnet.de\/wp-content\/uploads\/2025\/04\/Watermelon-Strawberry-1.png\",\"datePublished\":\"2025-04-11T02:33:04+00:00\",\"dateModified\":\"2025-12-30T08:41:18+00:00\",\"description\":\"Entdecke Bang Tn 12000 Puffs Strawberry Ice f\u00fcr den besten Dampfgenuss bei vapingnet.de, \u25ba Gro\u00dfe Auswahl an Geschmacksrichtungen & super g\u00fcnstig!\",\"breadcrumb\":{\"@id\":\"https:\/\/vapingnet.de\/vape\/bang-tn-12000-puffs-strawberry-ice-fuer-den-besten-dampfgenuss\/#breadcrumb\"},\"inLanguage\":\"lt-LT\",\"potentialAction\":[{\"@type\":\"ReadAction\",\"target\":[\"https:\/\/vapingnet.de\/vape\/bang-tn-12000-puffs-strawberry-ice-fuer-den-besten-dampfgenuss\/\"]}]},{\"@type\":\"ImageObject\",\"inLanguage\":\"lt-LT\",\"@id\":\"https:\/\/vapingnet.de\/vape\/bang-tn-12000-puffs-strawberry-ice-fuer-den-besten-dampfgenuss\/#primaryimage\",\"url\":\"https:\/\/vapingnet.de\/wp-content\/uploads\/2025\/04\/Watermelon-Strawberry-1.png\",\"contentUrl\":\"https:\/\/vapingnet.de\/wp-content\/uploads\/2025\/04\/Watermelon-Strawberry-1.png\",\"width\":1000,\"height\":1000},{\"@type\":\"BreadcrumbList\",\"@id\":\"https:\/\/vapingnet.de\/vape\/bang-tn-12000-puffs-strawberry-ice-fuer-den-besten-dampfgenuss\/#breadcrumb\",\"itemListElement\":[{\"@type\":\"ListItem\",\"position\":1,\"name\":\"Home\",\"item\":\"https:\/\/vapingnet.de\/\"},{\"@type\":\"ListItem\",\"position\":2,\"name\":\"Shop\",\"item\":\"https:\/\/vapingnet.de\/vape\/\"},{\"@type\":\"ListItem\",\"position\":3,\"name\":\"Bang Tn 12000 Puffs Strawberry Ice f\u00fcr den besten Dampfgenuss\"}]},{\"@type\":\"WebSite\",\"@id\":\"https:\/\/vapingnet.de\/#website\",\"url\":\"https:\/\/vapingnet.de\/\",\"name\":\"Vapingnet.de\",\"description\":\"\",\"publisher\":{\"@id\":\"https:\/\/vapingnet.de\/#organization\"},\"potentialAction\":[{\"@type\":\"SearchAction\",\"target\":{\"@type\":\"EntryPoint\",\"urlTemplate\":\"https:\/\/vapingnet.de\/?s={search_term_string}\"},\"query-input\":{\"@type\":\"PropertyValueSpecification\",\"valueRequired\":true,\"valueName\":\"search_term_string\"}}],\"inLanguage\":\"lt-LT\"},{\"@type\":\"Organization\",\"@id\":\"https:\/\/vapingnet.de\/#organization\",\"name\":\"Vapingnet.de\",\"url\":\"https:\/\/vapingnet.de\/\",\"logo\":{\"@type\":\"ImageObject\",\"inLanguage\":\"lt-LT\",\"@id\":\"https:\/\/vapingnet.de\/#\/schema\/logo\/image\/\",\"url\":\"https:\/\/vapingnet.de\/wp-content\/uploads\/2025\/03\/cropped-vapingnet.de_.jpg\",\"contentUrl\":\"https:\/\/vapingnet.de\/wp-content\/uploads\/2025\/03\/cropped-vapingnet.de_.jpg\",\"width\":512,\"height\":512,\"caption\":\"Vapingnet.de\"},\"image\":{\"@id\":\"https:\/\/vapingnet.de\/#\/schema\/logo\/image\/\"},\"sameAs\":[\"https:\/\/www.facebook.com\/vapingnetde\/\"]}]}<\/script>\n<!-- \/ Yoast SEO plugin. -->","yoast_head_json":{"title":"Bang Tn 12000 Puffs Strawberry Ice f\u00fcr den besten Dampfgenuss | Vapingnet.de","description":"Entdecke Bang Tn 12000 Puffs Strawberry Ice f\u00fcr den besten Dampfgenuss bei vapingnet.de, \u25ba Gro\u00dfe Auswahl an Geschmacksrichtungen & super g\u00fcnstig!","robots":{"index":"index","follow":"follow","max-snippet":"max-snippet:-1","max-image-preview":"max-image-preview:large","max-video-preview":"max-video-preview:-1"},"canonical":"https:\/\/vapingnet.de\/lt\/vape\/bang-tn-12000-puffs-strawberry-ice-fuer-den-besten-dampfgenuss\/","og_locale":"lt_LT","og_type":"article","og_title":"Bang Tn 12000 Puffs Strawberry Ice f\u00fcr den besten Dampfgenuss | Vapingnet.de","og_description":"Entdecke Bang Tn 12000 Puffs Strawberry Ice f\u00fcr den besten Dampfgenuss bei vapingnet.de, \u25ba Gro\u00dfe Auswahl an Geschmacksrichtungen & super g\u00fcnstig!","og_url":"https:\/\/vapingnet.de\/lt\/vape\/bang-tn-12000-puffs-strawberry-ice-fuer-den-besten-dampfgenuss\/","og_site_name":"Vapingnet.de","article_publisher":"https:\/\/www.facebook.com\/vapingnetde\/","article_modified_time":"2025-12-30T08:41:18+00:00","og_image":[{"width":1000,"height":1000,"url":"https:\/\/vapingnet.de\/wp-content\/uploads\/2025\/04\/Watermelon-Strawberry-1.png","type":"image\/png"}],"twitter_card":"summary_large_image","twitter_misc":{"Est. reading time":"3 minutes"},"schema":{"@context":"https:\/\/schema.org","@graph":[{"@type":"WebPage","@id":"https:\/\/vapingnet.de\/vape\/bang-tn-12000-puffs-strawberry-ice-fuer-den-besten-dampfgenuss\/","url":"https:\/\/vapingnet.de\/vape\/bang-tn-12000-puffs-strawberry-ice-fuer-den-besten-dampfgenuss\/","name":"Bang Tn 12000 Puffs Strawberry Ice f\u00fcr den besten Dampfgenuss | Vapingnet.de","isPartOf":{"@id":"https:\/\/vapingnet.de\/#website"},"primaryImageOfPage":{"@id":"https:\/\/vapingnet.de\/vape\/bang-tn-12000-puffs-strawberry-ice-fuer-den-besten-dampfgenuss\/#primaryimage"},"image":{"@id":"https:\/\/vapingnet.de\/vape\/bang-tn-12000-puffs-strawberry-ice-fuer-den-besten-dampfgenuss\/#primaryimage"},"thumbnailUrl":"https:\/\/vapingnet.de\/wp-content\/uploads\/2025\/04\/Watermelon-Strawberry-1.png","datePublished":"2025-04-11T02:33:04+00:00","dateModified":"2025-12-30T08:41:18+00:00","description":"Entdecke Bang Tn 12000 Puffs Strawberry Ice f\u00fcr den besten Dampfgenuss bei vapingnet.de, \u25ba Gro\u00dfe Auswahl an Geschmacksrichtungen & super g\u00fcnstig!","breadcrumb":{"@id":"https:\/\/vapingnet.de\/vape\/bang-tn-12000-puffs-strawberry-ice-fuer-den-besten-dampfgenuss\/#breadcrumb"},"inLanguage":"lt-LT","potentialAction":[{"@type":"ReadAction","target":["https:\/\/vapingnet.de\/vape\/bang-tn-12000-puffs-strawberry-ice-fuer-den-besten-dampfgenuss\/"]}]},{"@type":"ImageObject","inLanguage":"lt-LT","@id":"https:\/\/vapingnet.de\/vape\/bang-tn-12000-puffs-strawberry-ice-fuer-den-besten-dampfgenuss\/#primaryimage","url":"https:\/\/vapingnet.de\/wp-content\/uploads\/2025\/04\/Watermelon-Strawberry-1.png","contentUrl":"https:\/\/vapingnet.de\/wp-content\/uploads\/2025\/04\/Watermelon-Strawberry-1.png","width":1000,"height":1000},{"@type":"BreadcrumbList","@id":"https:\/\/vapingnet.de\/vape\/bang-tn-12000-puffs-strawberry-ice-fuer-den-besten-dampfgenuss\/#breadcrumb","itemListElement":[{"@type":"ListItem","position":1,"name":"Home","item":"https:\/\/vapingnet.de\/"},{"@type":"ListItem","position":2,"name":"Shop","item":"https:\/\/vapingnet.de\/vape\/"},{"@type":"ListItem","position":3,"name":"Bang Tn 12000 Puffs Strawberry Ice f\u00fcr den besten Dampfgenuss"}]},{"@type":"WebSite","@id":"https:\/\/vapingnet.de\/#website","url":"https:\/\/vapingnet.de\/","name":"Vapingnet.de","description":"","publisher":{"@id":"https:\/\/vapingnet.de\/#organization"},"potentialAction":[{"@type":"SearchAction","target":{"@type":"EntryPoint","urlTemplate":"https:\/\/vapingnet.de\/?s={search_term_string}"},"query-input":{"@type":"PropertyValueSpecification","valueRequired":true,"valueName":"search_term_string"}}],"inLanguage":"lt-LT"},{"@type":"Organization","@id":"https:\/\/vapingnet.de\/#organization","name":"Vapingnet.de","url":"https:\/\/vapingnet.de\/","logo":{"@type":"ImageObject","inLanguage":"lt-LT","@id":"https:\/\/vapingnet.de\/#\/schema\/logo\/image\/","url":"https:\/\/vapingnet.de\/wp-content\/uploads\/2025\/03\/cropped-vapingnet.de_.jpg","contentUrl":"https:\/\/vapingnet.de\/wp-content\/uploads\/2025\/03\/cropped-vapingnet.de_.jpg","width":512,"height":512,"caption":"Vapingnet.de"},"image":{"@id":"https:\/\/vapingnet.de\/#\/schema\/logo\/image\/"},"sameAs":["https:\/\/www.facebook.com\/vapingnetde\/"]}]}},"tiered_pricing_type":"fixed","tiered_pricing_fixed_rules":{"10":"7.31","60":"6.58","110":"5.85","200":"5.12"},"tiered_pricing_product_settings":{"layout":"default","base_unit_name":{"singular":null,"plural":null},"default_variation":null},"tiered_pricing_minimum_quantity":null,"tiered_pricing_roles_data":[],"tiered_pricing_percentage_rules":[],"_links":{"self":[{"href":"https:\/\/vapingnet.de\/lt\/wp-json\/wp\/v2\/product\/6228","targetHints":{"allow":["GET"]}}],"collection":[{"href":"https:\/\/vapingnet.de\/lt\/wp-json\/wp\/v2\/product"}],"about":[{"href":"https:\/\/vapingnet.de\/lt\/wp-json\/wp\/v2\/types\/product"}],"version-history":[{"count":3,"href":"https:\/\/vapingnet.de\/lt\/wp-json\/wp\/v2\/product\/6228\/revisions"}],"predecessor-version":[{"id":6240,"href":"https:\/\/vapingnet.de\/lt\/wp-json\/wp\/v2\/product\/6228\/revisions\/6240"}],"wp:featuredmedia":[{"embeddable":true,"href":"https:\/\/vapingnet.de\/lt\/wp-json\/wp\/v2\/media\/6233"}],"wp:attachment":[{"href":"https:\/\/vapingnet.de\/lt\/wp-json\/wp\/v2\/media?parent=6228"}],"wp:term":[{"taxonomy":"brand","embeddable":true,"href":"https:\/\/vapingnet.de\/lt\/wp-json\/wp\/v2\/etheme_brands?post=6228"},{"taxonomy":"product_brand","embeddable":true,"href":"https:\/\/vapingnet.de\/lt\/wp-json\/wp\/v2\/product_brand?post=6228"},{"taxonomy":"product_cat","embeddable":true,"href":"https:\/\/vapingnet.de\/lt\/wp-json\/wp\/v2\/product_cat?post=6228"},{"taxonomy":"product_tag","embeddable":true,"href":"https:\/\/vapingnet.de\/lt\/wp-json\/wp\/v2\/product_tag?post=6228"}],"curies":[{"name":"wp","href":"https:\/\/api.w.org\/{rel}","templated":true}]}}