{"id":6242,"date":"2025-04-11T05:55:19","date_gmt":"2025-04-11T05:55:19","guid":{"rendered":"https:\/\/vapingnet.de\/?post_type=product&#038;p=6242"},"modified":"2025-12-30T08:41:01","modified_gmt":"2025-12-30T08:41:01","slug":"bang-tn-12000-puffs-mixed-fruit-geschmack-jetzt-weltweit-erhaeltlich","status":"publish","type":"product","link":"https:\/\/vapingnet.de\/lt\/vape\/bang-tn-12000-puffs-mixed-fruit-geschmack-jetzt-weltweit-erhaeltlich\/","title":{"rendered":"Bang Tn 12000 Puffs Mi\u0161ri\u0173 vaisi\u0173 skonis dabar prieinamas visame pasaulyje"},"content":{"rendered":"<h2 data-start=\"0\" data-end=\"68\" data-immersive-translate-walked=\"4098eeb9-b934-4946-a4a3-df91369970b7\">Bang Tn 12000 Puffs \u2013 Vienkartinis \u012frenginys ilgalaikiam malonumui<\/h2>\n<p class=\"\" data-start=\"70\" data-end=\"460\" data-immersive-translate-paragraph=\"1\" data-immersive-translate-walked=\"4098eeb9-b934-4946-a4a3-df91369970b7\">Bang Tn 12000 Puffs yra vienkartin\u0117 elektronin\u0117 cigaret\u0117, specialiai sukurta garintojams, ie\u0161kantiems patogaus, galingo ir ilgaam\u017eio produkto. Su \u012fsp\u016bdinga 20 ml skys\u010dio talpa ir galimybe suteikti iki 12 000 \u012fkv\u0117pim\u0173, ji si\u016blo nepaprastai ilg\u0105 naudojimo laik\u0105 ir intensyv\u0173 garavimo patirt\u012f.<\/p>\n<h4 data-start=\"462\" data-end=\"498\" data-immersive-translate-walked=\"4098eeb9-b934-4946-a4a3-df91369970b7\" data-immersive-translate-paragraph=\"1\">Galingumas ir technin\u0117s savyb\u0117s<\/h4>\n<ul data-start=\"500\" data-end=\"1144\" data-immersive-translate-walked=\"4098eeb9-b934-4946-a4a3-df91369970b7\">\n<li class=\"\" data-start=\"500\" data-end=\"682\" data-immersive-translate-walked=\"4098eeb9-b934-4946-a4a3-df91369970b7\">\n<p class=\"\" data-start=\"502\" data-end=\"682\" data-immersive-translate-walked=\"4098eeb9-b934-4946-a4a3-df91369970b7\" data-immersive-translate-paragraph=\"1\">Baterija: 650mAh baterija u\u017etikrina, kad Bang Tn 12000 Puffs gal\u0117s b\u016bti naudojama ilg\u0105 laik\u0105 be papildomo \u012fkrovimo.<\/p>\n<\/li>\n<li class=\"\" data-start=\"683\" data-end=\"855\" data-immersive-translate-walked=\"4098eeb9-b934-4946-a4a3-df91369970b7\">\n<p class=\"\" data-start=\"685\" data-end=\"855\" data-immersive-translate-walked=\"4098eeb9-b934-4946-a4a3-df91369970b7\" data-immersive-translate-paragraph=\"1\">Tinklelis-spiral\u0117: Su 1.2\u03a9 var\u017ea, tinklelis-spiral\u0117 garantuoja tolyg\u0173 garavim\u0105, kuris optimaliai i\u0161ry\u0161kina skon\u012f kiekvieno \u012fkv\u0117pimo metu.<\/p>\n<\/li>\n<li class=\"\" data-start=\"856\" data-end=\"1012\" data-immersive-translate-walked=\"4098eeb9-b934-4946-a4a3-df91369970b7\">\n<p class=\"\" data-start=\"858\" data-end=\"1012\" data-immersive-translate-walked=\"4098eeb9-b934-4946-a4a3-df91369970b7\" data-immersive-translate-paragraph=\"1\">USB-C jungtis: USB-C jungtis leid\u017eia greitai ir paprastai \u012fkrauti \u012frengin\u012f su 5 V, 1 A \u012f\u0117jimo galia.<\/p>\n<\/li>\n<li class=\"\" data-start=\"1013\" data-end=\"1144\" data-immersive-translate-walked=\"4098eeb9-b934-4946-a4a3-df91369970b7\">\n<p class=\"\" data-start=\"1015\" data-end=\"1144\" data-immersive-translate-walked=\"4098eeb9-b934-4946-a4a3-df91369970b7\" data-immersive-translate-paragraph=\"1\">Med\u017eiaga: Pagaminta i\u0161 tvirto PC med\u017eiagos, Bang Tn 12000 Puffs yra ypa\u010d atspari ir ilgaam\u017e\u0117.<\/p>\n<\/li>\n<\/ul>\n<h4 data-start=\"1146\" data-end=\"1182\" data-immersive-translate-walked=\"4098eeb9-b934-4946-a4a3-df91369970b7\" data-immersive-translate-paragraph=\"1\">Skonio patirtis \u2013 Mi\u0161rus vaisius<\/h4>\n<p class=\"\" data-start=\"1184\" data-end=\"1597\" data-immersive-translate-walked=\"4098eeb9-b934-4946-a4a3-df91369970b7\" data-immersive-translate-paragraph=\"1\">Mi\u0161rus vaisi\u0173 skonis yra puikus \u012fvairi\u0173 vaisi\u0173 nat\u0173 mi\u0161inys, kuris sukuria \u0161vie\u017ei\u0105, sald\u0173 ir vis dar subalansuot\u0105 skonio patirt\u012f. \u0160is skonis ypa\u010d tinka garintojams, m\u0117gstantiems vaisinius aromatus ir m\u0117gstantiems \u012fvairi\u0173 vaisi\u0173 mi\u0161in\u012f. Subalansuotas skonis u\u017etikrina maloni\u0105 garavimo patirt\u012f ilg\u0105 laik\u0105.<\/p>\n<h4 data-start=\"1599\" data-end=\"1618\" data-immersive-translate-walked=\"4098eeb9-b934-4946-a4a3-df91369970b7\" data-immersive-translate-paragraph=\"1\">Nikotino pasirinkimai<\/h4>\n<p class=\"\" data-start=\"1620\" data-end=\"1989\" data-immersive-translate-walked=\"4098eeb9-b934-4946-a4a3-df91369970b7\" data-immersive-translate-paragraph=\"1\">Bang Tn 12000 Puffs si\u016blo \u012fvairius nikotino stiprumus: 0%, 2%, 3% ir 5% nikotin\u0105, kad kiekvienas garintojas gal\u0117t\u0173 pasirinkti tinkam\u0105 variant\u0105. Nesvarbu, ar norite garinti be nikotino, ar ie\u0161kote stipresnio nikotino kiekio, Bang Tn 12000 Puffs u\u017etikrina, kad kiekvienas ras tinkam\u0105 variant\u0105 pagal savo skon\u012f ir poreikius.<\/p>\n<h4 data-start=\"1991\" data-end=\"2024\" data-immersive-translate-walked=\"4098eeb9-b934-4946-a4a3-df91369970b7\" data-immersive-translate-paragraph=\"1\">Privalumai pirk\u0117jams Lietuvoje<\/h4>\n<ul data-start=\"2026\" data-end=\"2415\" data-immersive-translate-walked=\"4098eeb9-b934-4946-a4a3-df91369970b7\">\n<li class=\"\" data-start=\"2026\" data-end=\"2223\" data-immersive-translate-walked=\"4098eeb9-b934-4946-a4a3-df91369970b7\">\n<p class=\"\" data-start=\"2028\" data-end=\"2223\" data-immersive-translate-walked=\"4098eeb9-b934-4946-a4a3-df91369970b7\" data-immersive-translate-paragraph=\"1\">Be muito: Pirkdami Bang Tn 12000 Puffs Europos S\u0105jungoje, nesumokate muito, tod\u0117l papildom\u0173 i\u0161laid\u0173 n\u0117ra, o pirkimo procesas yra skaidrus.<\/p>\n<\/li>\n<li class=\"\" data-start=\"2224\" data-end=\"2415\" data-immersive-translate-walked=\"4098eeb9-b934-4946-a4a3-df91369970b7\">\n<p class=\"\" data-start=\"2226\" data-end=\"2415\" data-immersive-translate-walked=\"4098eeb9-b934-4946-a4a3-df91369970b7\" data-immersive-translate-paragraph=\"1\">Greitas pristatymas: Paprastai Bang Tn 12000 Puffs pristatoma per 7 iki 15 darbo dien\u0173, tod\u0117l klientai gali tik\u0117tis greito ir patikimo pristatymo.<\/p>\n<\/li>\n<\/ul>\n<h4 data-start=\"2417\" data-end=\"2441\" data-immersive-translate-walked=\"4098eeb9-b934-4946-a4a3-df91369970b7\" data-immersive-translate-paragraph=\"1\">U\u017esakymo galimyb\u0117s<\/h4>\n<p class=\"\" data-start=\"2443\" data-end=\"2698\" data-immersive-translate-walked=\"4098eeb9-b934-4946-a4a3-df91369970b7\" data-immersive-translate-paragraph=\"1\">Bang Tn 12000 Puffs yra prieinama vapingnet.de, patikimo internetinio parduotuv\u0117s, si\u016blan\u010dios plat\u0173 garintoj\u0173 produkt\u0173 pasirinkim\u0105. Klientai gali patogiai u\u017esisakyti internetu ir b\u016bti tikri, kad gaus saug\u0173 pristatym\u0105 be pasl\u0117pt\u0173 mokes\u010di\u0173.<\/p>\n<h3>Kod\u0117l Bang Tn 12000 Puffs yra puikus pasirinkimas<\/h3>\n<p class=\"\" data-start=\"2757\" data-end=\"3358\" data-immersive-translate-walked=\"4098eeb9-b934-4946-a4a3-df91369970b7\" data-immersive-translate-paragraph=\"1\">Bang Tn 12000 Puffs yra puikus pasirinkimas garintojams, ie\u0161kantiems galingo, ilgaam\u017eio ir patogaus vienkartinio elektroninio cigaret\u0117s sprendimo. Didel\u0117 skys\u010dio talpa, didelis \u012fkv\u0117pim\u0173 skai\u010dius, \u0161vie\u017eias mi\u0161rus vaisi\u0173 skonis ir \u012fvair\u016bs nikotino stiprumai daro \u0161\u012f model\u012f nepakei\u010diamu produktu visiems, kurie nori m\u0117gautis garinimu pilna \u0161irdimi. Su paprastu u\u017esakymu ir greitu pristatymu per vapingnet.de galite b\u016bti tikri, kad gausite auk\u0161tos kokyb\u0117s produkt\u0105, kuris d\u017eiugins ilgai.<\/p>","protected":false},"excerpt":{"rendered":"<p>Bang Tn 12000 Puffs \u2013 Das Einwegger\u00e4t f\u00fcr langanhaltenden Genuss Die Bang Tn 12000 Puffs ist eine Einweg-E-Zigarette, die speziell f\u00fcr Dampfer entwickelt wurde, die&#8230;<\/p>","protected":false},"featured_media":6248,"template":"","meta":[],"etheme_brands":[],"product_brand":[101],"product_cat":[88,49,61],"product_tag":[],"class_list":{"0":"post-6242","1":"product","2":"type-product","3":"status-publish","4":"has-post-thumbnail","6":"product_brand-bang-king-vape","7":"product_cat-12k-vape","8":"product_cat-einweg-e-zigarette","9":"product_cat-f","11":"first","12":"instock","13":"shipping-taxable","14":"purchasable","15":"product-type-simple"},"yoast_head":"<!-- This site is optimized with the Yoast SEO plugin v26.5 - https:\/\/yoast.com\/wordpress\/plugins\/seo\/ -->\n<title>Bang Tn 12000 Puffs Mixed Fruit Geschmack jetzt weltweit erh\u00e4ltlich | Vapingnet.de<\/title>\n<meta name=\"description\" content=\"Entdecke Bang Tn 12000 Puffs Mixed Fruit Geschmack jetzt weltweit erh\u00e4ltlich bei vapingnet.de, \u25ba Gro\u00dfe Auswahl an Geschmacksrichtungen &amp; super g\u00fcnstig!\" \/>\n<meta name=\"robots\" content=\"index, follow, max-snippet:-1, max-image-preview:large, max-video-preview:-1\" \/>\n<link rel=\"canonical\" href=\"https:\/\/vapingnet.de\/lt\/vape\/bang-tn-12000-puffs-mixed-fruit-geschmack-jetzt-weltweit-erhaeltlich\/\" \/>\n<meta property=\"og:locale\" content=\"lt_LT\" \/>\n<meta property=\"og:type\" content=\"article\" \/>\n<meta property=\"og:title\" content=\"Bang Tn 12000 Puffs Mixed Fruit Geschmack jetzt weltweit erh\u00e4ltlich | Vapingnet.de\" \/>\n<meta property=\"og:description\" content=\"Entdecke Bang Tn 12000 Puffs Mixed Fruit Geschmack jetzt weltweit erh\u00e4ltlich bei vapingnet.de, \u25ba Gro\u00dfe Auswahl an Geschmacksrichtungen &amp; super g\u00fcnstig!\" \/>\n<meta property=\"og:url\" content=\"https:\/\/vapingnet.de\/lt\/vape\/bang-tn-12000-puffs-mixed-fruit-geschmack-jetzt-weltweit-erhaeltlich\/\" \/>\n<meta property=\"og:site_name\" content=\"Vapingnet.de\" \/>\n<meta property=\"article:publisher\" content=\"https:\/\/www.facebook.com\/vapingnetde\/\" \/>\n<meta property=\"article:modified_time\" content=\"2025-12-30T08:41:01+00:00\" \/>\n<meta property=\"og:image\" content=\"https:\/\/vapingnet.de\/wp-content\/uploads\/2025\/04\/Mixed-Fruit.png\" \/>\n\t<meta property=\"og:image:width\" content=\"1000\" \/>\n\t<meta property=\"og:image:height\" content=\"1000\" \/>\n\t<meta property=\"og:image:type\" content=\"image\/png\" \/>\n<meta name=\"twitter:card\" content=\"summary_large_image\" \/>\n<meta name=\"twitter:label1\" content=\"Est. reading time\" \/>\n\t<meta name=\"twitter:data1\" content=\"3 minutes\" \/>\n<script type=\"application\/ld+json\" class=\"yoast-schema-graph\">{\"@context\":\"https:\/\/schema.org\",\"@graph\":[{\"@type\":\"WebPage\",\"@id\":\"https:\/\/vapingnet.de\/vape\/bang-tn-12000-puffs-mixed-fruit-geschmack-jetzt-weltweit-erhaeltlich\/\",\"url\":\"https:\/\/vapingnet.de\/vape\/bang-tn-12000-puffs-mixed-fruit-geschmack-jetzt-weltweit-erhaeltlich\/\",\"name\":\"Bang Tn 12000 Puffs Mixed Fruit Geschmack jetzt weltweit erh\u00e4ltlich | Vapingnet.de\",\"isPartOf\":{\"@id\":\"https:\/\/vapingnet.de\/#website\"},\"primaryImageOfPage\":{\"@id\":\"https:\/\/vapingnet.de\/vape\/bang-tn-12000-puffs-mixed-fruit-geschmack-jetzt-weltweit-erhaeltlich\/#primaryimage\"},\"image\":{\"@id\":\"https:\/\/vapingnet.de\/vape\/bang-tn-12000-puffs-mixed-fruit-geschmack-jetzt-weltweit-erhaeltlich\/#primaryimage\"},\"thumbnailUrl\":\"https:\/\/vapingnet.de\/wp-content\/uploads\/2025\/04\/Mixed-Fruit.png\",\"datePublished\":\"2025-04-11T05:55:19+00:00\",\"dateModified\":\"2025-12-30T08:41:01+00:00\",\"description\":\"Entdecke Bang Tn 12000 Puffs Mixed Fruit Geschmack jetzt weltweit erh\u00e4ltlich bei vapingnet.de, \u25ba Gro\u00dfe Auswahl an Geschmacksrichtungen & super g\u00fcnstig!\",\"breadcrumb\":{\"@id\":\"https:\/\/vapingnet.de\/vape\/bang-tn-12000-puffs-mixed-fruit-geschmack-jetzt-weltweit-erhaeltlich\/#breadcrumb\"},\"inLanguage\":\"lt-LT\",\"potentialAction\":[{\"@type\":\"ReadAction\",\"target\":[\"https:\/\/vapingnet.de\/vape\/bang-tn-12000-puffs-mixed-fruit-geschmack-jetzt-weltweit-erhaeltlich\/\"]}]},{\"@type\":\"ImageObject\",\"inLanguage\":\"lt-LT\",\"@id\":\"https:\/\/vapingnet.de\/vape\/bang-tn-12000-puffs-mixed-fruit-geschmack-jetzt-weltweit-erhaeltlich\/#primaryimage\",\"url\":\"https:\/\/vapingnet.de\/wp-content\/uploads\/2025\/04\/Mixed-Fruit.png\",\"contentUrl\":\"https:\/\/vapingnet.de\/wp-content\/uploads\/2025\/04\/Mixed-Fruit.png\",\"width\":1000,\"height\":1000},{\"@type\":\"BreadcrumbList\",\"@id\":\"https:\/\/vapingnet.de\/vape\/bang-tn-12000-puffs-mixed-fruit-geschmack-jetzt-weltweit-erhaeltlich\/#breadcrumb\",\"itemListElement\":[{\"@type\":\"ListItem\",\"position\":1,\"name\":\"Home\",\"item\":\"https:\/\/vapingnet.de\/\"},{\"@type\":\"ListItem\",\"position\":2,\"name\":\"Shop\",\"item\":\"https:\/\/vapingnet.de\/vape\/\"},{\"@type\":\"ListItem\",\"position\":3,\"name\":\"Bang Tn 12000 Puffs Mixed Fruit Geschmack jetzt weltweit erh\u00e4ltlich\"}]},{\"@type\":\"WebSite\",\"@id\":\"https:\/\/vapingnet.de\/#website\",\"url\":\"https:\/\/vapingnet.de\/\",\"name\":\"Vapingnet.de\",\"description\":\"\",\"publisher\":{\"@id\":\"https:\/\/vapingnet.de\/#organization\"},\"potentialAction\":[{\"@type\":\"SearchAction\",\"target\":{\"@type\":\"EntryPoint\",\"urlTemplate\":\"https:\/\/vapingnet.de\/?s={search_term_string}\"},\"query-input\":{\"@type\":\"PropertyValueSpecification\",\"valueRequired\":true,\"valueName\":\"search_term_string\"}}],\"inLanguage\":\"lt-LT\"},{\"@type\":\"Organization\",\"@id\":\"https:\/\/vapingnet.de\/#organization\",\"name\":\"Vapingnet.de\",\"url\":\"https:\/\/vapingnet.de\/\",\"logo\":{\"@type\":\"ImageObject\",\"inLanguage\":\"lt-LT\",\"@id\":\"https:\/\/vapingnet.de\/#\/schema\/logo\/image\/\",\"url\":\"https:\/\/vapingnet.de\/wp-content\/uploads\/2025\/03\/cropped-vapingnet.de_.jpg\",\"contentUrl\":\"https:\/\/vapingnet.de\/wp-content\/uploads\/2025\/03\/cropped-vapingnet.de_.jpg\",\"width\":512,\"height\":512,\"caption\":\"Vapingnet.de\"},\"image\":{\"@id\":\"https:\/\/vapingnet.de\/#\/schema\/logo\/image\/\"},\"sameAs\":[\"https:\/\/www.facebook.com\/vapingnetde\/\"]}]}<\/script>\n<!-- \/ Yoast SEO plugin. -->","yoast_head_json":{"title":"Bang Tn 12000 Puffs Mixed Fruit Geschmack jetzt weltweit erh\u00e4ltlich | Vapingnet.de","description":"Entdecke Bang Tn 12000 Puffs Mixed Fruit Geschmack jetzt weltweit erh\u00e4ltlich bei vapingnet.de, \u25ba Gro\u00dfe Auswahl an Geschmacksrichtungen & super g\u00fcnstig!","robots":{"index":"index","follow":"follow","max-snippet":"max-snippet:-1","max-image-preview":"max-image-preview:large","max-video-preview":"max-video-preview:-1"},"canonical":"https:\/\/vapingnet.de\/lt\/vape\/bang-tn-12000-puffs-mixed-fruit-geschmack-jetzt-weltweit-erhaeltlich\/","og_locale":"lt_LT","og_type":"article","og_title":"Bang Tn 12000 Puffs Mixed Fruit Geschmack jetzt weltweit erh\u00e4ltlich | Vapingnet.de","og_description":"Entdecke Bang Tn 12000 Puffs Mixed Fruit Geschmack jetzt weltweit erh\u00e4ltlich bei vapingnet.de, \u25ba Gro\u00dfe Auswahl an Geschmacksrichtungen & super g\u00fcnstig!","og_url":"https:\/\/vapingnet.de\/lt\/vape\/bang-tn-12000-puffs-mixed-fruit-geschmack-jetzt-weltweit-erhaeltlich\/","og_site_name":"Vapingnet.de","article_publisher":"https:\/\/www.facebook.com\/vapingnetde\/","article_modified_time":"2025-12-30T08:41:01+00:00","og_image":[{"width":1000,"height":1000,"url":"https:\/\/vapingnet.de\/wp-content\/uploads\/2025\/04\/Mixed-Fruit.png","type":"image\/png"}],"twitter_card":"summary_large_image","twitter_misc":{"Est. reading time":"3 minutes"},"schema":{"@context":"https:\/\/schema.org","@graph":[{"@type":"WebPage","@id":"https:\/\/vapingnet.de\/vape\/bang-tn-12000-puffs-mixed-fruit-geschmack-jetzt-weltweit-erhaeltlich\/","url":"https:\/\/vapingnet.de\/vape\/bang-tn-12000-puffs-mixed-fruit-geschmack-jetzt-weltweit-erhaeltlich\/","name":"Bang Tn 12000 Puffs Mixed Fruit Geschmack jetzt weltweit erh\u00e4ltlich | Vapingnet.de","isPartOf":{"@id":"https:\/\/vapingnet.de\/#website"},"primaryImageOfPage":{"@id":"https:\/\/vapingnet.de\/vape\/bang-tn-12000-puffs-mixed-fruit-geschmack-jetzt-weltweit-erhaeltlich\/#primaryimage"},"image":{"@id":"https:\/\/vapingnet.de\/vape\/bang-tn-12000-puffs-mixed-fruit-geschmack-jetzt-weltweit-erhaeltlich\/#primaryimage"},"thumbnailUrl":"https:\/\/vapingnet.de\/wp-content\/uploads\/2025\/04\/Mixed-Fruit.png","datePublished":"2025-04-11T05:55:19+00:00","dateModified":"2025-12-30T08:41:01+00:00","description":"Entdecke Bang Tn 12000 Puffs Mixed Fruit Geschmack jetzt weltweit erh\u00e4ltlich bei vapingnet.de, \u25ba Gro\u00dfe Auswahl an Geschmacksrichtungen & super g\u00fcnstig!","breadcrumb":{"@id":"https:\/\/vapingnet.de\/vape\/bang-tn-12000-puffs-mixed-fruit-geschmack-jetzt-weltweit-erhaeltlich\/#breadcrumb"},"inLanguage":"lt-LT","potentialAction":[{"@type":"ReadAction","target":["https:\/\/vapingnet.de\/vape\/bang-tn-12000-puffs-mixed-fruit-geschmack-jetzt-weltweit-erhaeltlich\/"]}]},{"@type":"ImageObject","inLanguage":"lt-LT","@id":"https:\/\/vapingnet.de\/vape\/bang-tn-12000-puffs-mixed-fruit-geschmack-jetzt-weltweit-erhaeltlich\/#primaryimage","url":"https:\/\/vapingnet.de\/wp-content\/uploads\/2025\/04\/Mixed-Fruit.png","contentUrl":"https:\/\/vapingnet.de\/wp-content\/uploads\/2025\/04\/Mixed-Fruit.png","width":1000,"height":1000},{"@type":"BreadcrumbList","@id":"https:\/\/vapingnet.de\/vape\/bang-tn-12000-puffs-mixed-fruit-geschmack-jetzt-weltweit-erhaeltlich\/#breadcrumb","itemListElement":[{"@type":"ListItem","position":1,"name":"Home","item":"https:\/\/vapingnet.de\/"},{"@type":"ListItem","position":2,"name":"Shop","item":"https:\/\/vapingnet.de\/vape\/"},{"@type":"ListItem","position":3,"name":"Bang Tn 12000 Puffs Mixed Fruit Geschmack jetzt weltweit erh\u00e4ltlich"}]},{"@type":"WebSite","@id":"https:\/\/vapingnet.de\/#website","url":"https:\/\/vapingnet.de\/","name":"Vapingnet.de","description":"","publisher":{"@id":"https:\/\/vapingnet.de\/#organization"},"potentialAction":[{"@type":"SearchAction","target":{"@type":"EntryPoint","urlTemplate":"https:\/\/vapingnet.de\/?s={search_term_string}"},"query-input":{"@type":"PropertyValueSpecification","valueRequired":true,"valueName":"search_term_string"}}],"inLanguage":"lt-LT"},{"@type":"Organization","@id":"https:\/\/vapingnet.de\/#organization","name":"Vapingnet.de","url":"https:\/\/vapingnet.de\/","logo":{"@type":"ImageObject","inLanguage":"lt-LT","@id":"https:\/\/vapingnet.de\/#\/schema\/logo\/image\/","url":"https:\/\/vapingnet.de\/wp-content\/uploads\/2025\/03\/cropped-vapingnet.de_.jpg","contentUrl":"https:\/\/vapingnet.de\/wp-content\/uploads\/2025\/03\/cropped-vapingnet.de_.jpg","width":512,"height":512,"caption":"Vapingnet.de"},"image":{"@id":"https:\/\/vapingnet.de\/#\/schema\/logo\/image\/"},"sameAs":["https:\/\/www.facebook.com\/vapingnetde\/"]}]}},"tiered_pricing_type":"fixed","tiered_pricing_fixed_rules":{"10":"7.31","60":"6.58","110":"5.85","200":"5.12"},"tiered_pricing_product_settings":{"layout":"default","base_unit_name":{"singular":null,"plural":null},"default_variation":null},"tiered_pricing_minimum_quantity":null,"tiered_pricing_roles_data":[],"tiered_pricing_percentage_rules":[],"_links":{"self":[{"href":"https:\/\/vapingnet.de\/lt\/wp-json\/wp\/v2\/product\/6242","targetHints":{"allow":["GET"]}}],"collection":[{"href":"https:\/\/vapingnet.de\/lt\/wp-json\/wp\/v2\/product"}],"about":[{"href":"https:\/\/vapingnet.de\/lt\/wp-json\/wp\/v2\/types\/product"}],"version-history":[{"count":1,"href":"https:\/\/vapingnet.de\/lt\/wp-json\/wp\/v2\/product\/6242\/revisions"}],"predecessor-version":[{"id":6254,"href":"https:\/\/vapingnet.de\/lt\/wp-json\/wp\/v2\/product\/6242\/revisions\/6254"}],"wp:featuredmedia":[{"embeddable":true,"href":"https:\/\/vapingnet.de\/lt\/wp-json\/wp\/v2\/media\/6248"}],"wp:attachment":[{"href":"https:\/\/vapingnet.de\/lt\/wp-json\/wp\/v2\/media?parent=6242"}],"wp:term":[{"taxonomy":"brand","embeddable":true,"href":"https:\/\/vapingnet.de\/lt\/wp-json\/wp\/v2\/etheme_brands?post=6242"},{"taxonomy":"product_brand","embeddable":true,"href":"https:\/\/vapingnet.de\/lt\/wp-json\/wp\/v2\/product_brand?post=6242"},{"taxonomy":"product_cat","embeddable":true,"href":"https:\/\/vapingnet.de\/lt\/wp-json\/wp\/v2\/product_cat?post=6242"},{"taxonomy":"product_tag","embeddable":true,"href":"https:\/\/vapingnet.de\/lt\/wp-json\/wp\/v2\/product_tag?post=6242"}],"curies":[{"name":"wp","href":"https:\/\/api.w.org\/{rel}","templated":true}]}}