{"id":6243,"date":"2025-04-11T05:55:20","date_gmt":"2025-04-11T05:55:20","guid":{"rendered":"https:\/\/vapingnet.de\/?post_type=product&#038;p=6243"},"modified":"2025-12-30T08:40:51","modified_gmt":"2025-12-30T08:40:51","slug":"grape-ice-bang-tn-12000-puffs-high-quality-und-ohne-zollkosten","status":"publish","type":"product","link":"https:\/\/vapingnet.de\/lt\/vape\/grape-ice-bang-tn-12000-puffs-high-quality-und-ohne-zollkosten\/","title":{"rendered":"Grape Ice Bang Tn 12000 Puffs auk\u0161\u010diausios kokyb\u0117s ir be muit\u0173 mokes\u010di\u0173"},"content":{"rendered":"<p class=\"\" data-start=\"0\" data-end=\"503\">Bang Tn 12000 Puffs vienkartin\u0117 elektronin\u0117 cigaret\u0117 nustato naujus standartus vartotojams, ie\u0161kantiems ilgaam\u017e\u0117s ir galingos sprendimo. Su 20 ml skys\u010dio talpa ir galimybe suteikti iki 12 000 \u012fkv\u0117pim\u0173, \u0161i modelis si\u016blo i\u0161skirtin\u012f gar\u0173 malonum\u0105. Su unikaliu Grape Ice skoniu ir \u012fvairiomis nikotino stiprumo galimyb\u0117mis tai yra ideali pasirinktis vartotojams, kurie ie\u0161ko tiek patogumo, tiek intensyvaus garavimo patirties.<\/p>\n<h2 data-start=\"505\" data-end=\"555\">Svarbios Bang Tn 12000 Puffs savyb\u0117s<\/h2>\n<p class=\"\" data-start=\"557\" data-end=\"875\">Ilgas naudojimo laikas<br data-start=\"580\" data-end=\"583\" \/>Bang Tn 12000 Puffs i\u0161siskiria savo i\u0161skirtine talpa. Su 650mAh baterija galite m\u0117gautis iki 12 000 \u012fkv\u0117pim\u0173, kol baterija i\u0161sikraus. Tai daro \u0161\u012f \u012frengin\u012f puikiu palydovu ilgesn\u0117ms garavimo sesijoms ar naudojimui kelyje.<\/p>\n<p class=\"\" data-start=\"877\" data-end=\"1125\">Pagerinta gar\u0173 kokyb\u0117<br data-start=\"906\" data-end=\"909\" \/>Mesh rit\u0117 su 1.2\u03a9 var\u017ea u\u017etikrina tolyg\u0173 gar\u0173 gamyb\u0105, i\u0161laikant skon\u012f intensyv\u0173 ir nuosekl\u0173. Tai rei\u0161kia, kad kiekvienas \u012fkv\u0117pimas suteikia vienod\u0105, auk\u0161tos kokyb\u0117s garavimo patirt\u012f.<\/p>\n<p class=\"\" data-start=\"1127\" data-end=\"1480\">Skoni\u0173 patirtis<br data-start=\"1149\" data-end=\"1152\" \/>Grape Ice skonis atne\u0161a gaiv\u0173 sald\u017ei\u0173 vynuogi\u0173 ir v\u0117sinan\u010dio mentolio mi\u0161in\u012f. Tai ideali skonio pasirinktis tiems, kurie m\u0117gsta vaisinius, bet ir gaivius, \u0161al\u010dius primenan\u010dius garus. Skonis i\u0161lieka intensyvus viso naudojimo metu ir paver\u010dia garavim\u0105 tikru malonumu.<\/p>\n<p class=\"\" data-start=\"1482\" data-end=\"1746\">\u012evairios nikotino galimyb\u0117s<br data-start=\"1513\" data-end=\"1516\" \/>Nesvarbu, ar norite vartoti nikotin\u0105, ar ne, Bang Tn 12000 Puffs si\u016blo \u012fvairias nikotino galimybes: 0%, 2%, 3% ir 5%. Taip galite pasirinkti b\u016btent jums patogiausi\u0105 nikotino lyg\u012f.<\/p>\n<h4 data-start=\"1748\" data-end=\"1783\">Privalumai europieti\u0161kiems klientams<\/h4>\n<p class=\"\" data-start=\"1785\" data-end=\"1906\">Bang Tn 12000 Puffs yra puikus pasirinkimas garuotojams Europoje, nes ji si\u016blo kelet\u0105 svarbi\u0173 privalum\u0173:<\/p>\n<ul data-start=\"1908\" data-end=\"2335\">\n<li class=\"\" data-start=\"1908\" data-end=\"2121\">\n<p class=\"\" data-start=\"1910\" data-end=\"2121\">Be muito: Perkant \u0161\u012f produkt\u0105 n\u0117ra papildom\u0173 muit\u0173 mokes\u010di\u0173, nes jis yra prieinamas Europos S\u0105jungoje. Tai garantuoja skland\u0173 pirkimo patirt\u012f be pasl\u0117pt\u0173 i\u0161laid\u0173.<\/p>\n<\/li>\n<li class=\"\" data-start=\"2122\" data-end=\"2335\">\n<p class=\"\" data-start=\"2124\" data-end=\"2335\">Greitas pristatymas: Per 7 iki 15 darbo dien\u0173 gausite savo u\u017esakym\u0105 greitai ir patikimai. Tai ypa\u010d svarbu, jei nenorite ilgai laukti savo naujo produkto.<\/p>\n<\/li>\n<\/ul>\n<h3>Kur \u012fsigyti Bang Tn 12000 Puffs<\/h3>\n<p class=\"\" data-start=\"2387\" data-end=\"2699\">Bang Tn 12000 Puffs galima \u012fsigyti svetain\u0117je vapingnet.de. \u0160i internetin\u0117 parduotuv\u0117 si\u016blo patogi\u0105 platform\u0105, kurioje galite saugiai ir patogiai u\u017esisakyti produkt\u0105. \u010cia j\u016bs ne tik gausite greit\u0105 pristatym\u0105, bet ir patikim\u0105 klient\u0173 aptarnavim\u0105.<\/p>\n<h4>Kod\u0117l Bang Tn 12000 Puffs yra ideali pasirinktis garuotojams<\/h4>\n<p class=\"\" data-start=\"2712\" data-end=\"3155\">Bang Tn 12000 Puffs si\u016blo pirmos klas\u0117s derin\u012f tarp ilgaam\u017ei\u0161kumo, intensyvaus skonio ir patogios naudotojo patirties. Grape Ice skonis ir \u012fvair\u016bs nikotino stiprumai daro j\u0105 puikia pasirinkimu tiems, kurie ie\u0161ko \u012fvairiapus\u0117s ir ilgalaik\u0117s garavimo patirties. U\u017esisakykite jau \u0161iandien i\u0161 vapingnet.de ir m\u0117gaukit\u0117s greitu pristatymu bei paprasta pirkimo proced\u016bra.<\/p>","protected":false},"excerpt":{"rendered":"<p>Die Bang Tn 12000 Puffs Einweg-E-Zigarette setzt neue Ma\u00dfst\u00e4be f\u00fcr Dampfer, die auf der Suche nach einer langlebigen und leistungsstarken L\u00f6sung sind. Mit einer Kapazit\u00e4t&#8230;<\/p>","protected":false},"featured_media":6249,"template":"","meta":[],"etheme_brands":[],"product_brand":[101],"product_cat":[88,49,61],"product_tag":[],"class_list":{"0":"post-6243","1":"product","2":"type-product","3":"status-publish","4":"has-post-thumbnail","6":"product_brand-bang-king-vape","7":"product_cat-12k-vape","8":"product_cat-einweg-e-zigarette","9":"product_cat-f","11":"first","12":"instock","13":"shipping-taxable","14":"purchasable","15":"product-type-simple"},"yoast_head":"<!-- This site is optimized with the Yoast SEO plugin v26.5 - https:\/\/yoast.com\/wordpress\/plugins\/seo\/ -->\n<title>Grape Ice Bang Tn 12000 Puffs High Quality und ohne Zollkosten | Vapingnet.de<\/title>\n<meta name=\"description\" content=\"Entdecke Grape Ice Bang Tn 12000 Puffs High Quality und ohne Zollkosten bei vapingnet.de, \u25ba Gro\u00dfe Auswahl an Geschmacksrichtungen &amp; super g\u00fcnstig!\" \/>\n<meta name=\"robots\" content=\"index, follow, max-snippet:-1, max-image-preview:large, max-video-preview:-1\" \/>\n<link rel=\"canonical\" href=\"https:\/\/vapingnet.de\/lt\/vape\/grape-ice-bang-tn-12000-puffs-high-quality-und-ohne-zollkosten\/\" \/>\n<meta property=\"og:locale\" content=\"lt_LT\" \/>\n<meta property=\"og:type\" content=\"article\" \/>\n<meta property=\"og:title\" content=\"Grape Ice Bang Tn 12000 Puffs High Quality und ohne Zollkosten | Vapingnet.de\" \/>\n<meta property=\"og:description\" content=\"Entdecke Grape Ice Bang Tn 12000 Puffs High Quality und ohne Zollkosten bei vapingnet.de, \u25ba Gro\u00dfe Auswahl an Geschmacksrichtungen &amp; super g\u00fcnstig!\" \/>\n<meta property=\"og:url\" content=\"https:\/\/vapingnet.de\/lt\/vape\/grape-ice-bang-tn-12000-puffs-high-quality-und-ohne-zollkosten\/\" \/>\n<meta property=\"og:site_name\" content=\"Vapingnet.de\" \/>\n<meta property=\"article:publisher\" content=\"https:\/\/www.facebook.com\/vapingnetde\/\" \/>\n<meta property=\"article:modified_time\" content=\"2025-12-30T08:40:51+00:00\" \/>\n<meta property=\"og:image\" content=\"https:\/\/vapingnet.de\/wp-content\/uploads\/2025\/04\/Grape-Ice.png\" \/>\n\t<meta property=\"og:image:width\" content=\"1000\" \/>\n\t<meta property=\"og:image:height\" content=\"1000\" \/>\n\t<meta property=\"og:image:type\" content=\"image\/png\" \/>\n<meta name=\"twitter:card\" content=\"summary_large_image\" \/>\n<meta name=\"twitter:label1\" content=\"Est. reading time\" \/>\n\t<meta name=\"twitter:data1\" content=\"3 minutes\" \/>\n<script type=\"application\/ld+json\" class=\"yoast-schema-graph\">{\"@context\":\"https:\/\/schema.org\",\"@graph\":[{\"@type\":\"WebPage\",\"@id\":\"https:\/\/vapingnet.de\/vape\/grape-ice-bang-tn-12000-puffs-high-quality-und-ohne-zollkosten\/\",\"url\":\"https:\/\/vapingnet.de\/vape\/grape-ice-bang-tn-12000-puffs-high-quality-und-ohne-zollkosten\/\",\"name\":\"Grape Ice Bang Tn 12000 Puffs High Quality und ohne Zollkosten | Vapingnet.de\",\"isPartOf\":{\"@id\":\"https:\/\/vapingnet.de\/#website\"},\"primaryImageOfPage\":{\"@id\":\"https:\/\/vapingnet.de\/vape\/grape-ice-bang-tn-12000-puffs-high-quality-und-ohne-zollkosten\/#primaryimage\"},\"image\":{\"@id\":\"https:\/\/vapingnet.de\/vape\/grape-ice-bang-tn-12000-puffs-high-quality-und-ohne-zollkosten\/#primaryimage\"},\"thumbnailUrl\":\"https:\/\/vapingnet.de\/wp-content\/uploads\/2025\/04\/Grape-Ice.png\",\"datePublished\":\"2025-04-11T05:55:20+00:00\",\"dateModified\":\"2025-12-30T08:40:51+00:00\",\"description\":\"Entdecke Grape Ice Bang Tn 12000 Puffs High Quality und ohne Zollkosten bei vapingnet.de, \u25ba Gro\u00dfe Auswahl an Geschmacksrichtungen & super g\u00fcnstig!\",\"breadcrumb\":{\"@id\":\"https:\/\/vapingnet.de\/vape\/grape-ice-bang-tn-12000-puffs-high-quality-und-ohne-zollkosten\/#breadcrumb\"},\"inLanguage\":\"lt-LT\",\"potentialAction\":[{\"@type\":\"ReadAction\",\"target\":[\"https:\/\/vapingnet.de\/vape\/grape-ice-bang-tn-12000-puffs-high-quality-und-ohne-zollkosten\/\"]}]},{\"@type\":\"ImageObject\",\"inLanguage\":\"lt-LT\",\"@id\":\"https:\/\/vapingnet.de\/vape\/grape-ice-bang-tn-12000-puffs-high-quality-und-ohne-zollkosten\/#primaryimage\",\"url\":\"https:\/\/vapingnet.de\/wp-content\/uploads\/2025\/04\/Grape-Ice.png\",\"contentUrl\":\"https:\/\/vapingnet.de\/wp-content\/uploads\/2025\/04\/Grape-Ice.png\",\"width\":1000,\"height\":1000},{\"@type\":\"BreadcrumbList\",\"@id\":\"https:\/\/vapingnet.de\/vape\/grape-ice-bang-tn-12000-puffs-high-quality-und-ohne-zollkosten\/#breadcrumb\",\"itemListElement\":[{\"@type\":\"ListItem\",\"position\":1,\"name\":\"Home\",\"item\":\"https:\/\/vapingnet.de\/\"},{\"@type\":\"ListItem\",\"position\":2,\"name\":\"Shop\",\"item\":\"https:\/\/vapingnet.de\/vape\/\"},{\"@type\":\"ListItem\",\"position\":3,\"name\":\"Grape Ice Bang Tn 12000 Puffs High Quality und ohne Zollkosten\"}]},{\"@type\":\"WebSite\",\"@id\":\"https:\/\/vapingnet.de\/#website\",\"url\":\"https:\/\/vapingnet.de\/\",\"name\":\"Vapingnet.de\",\"description\":\"\",\"publisher\":{\"@id\":\"https:\/\/vapingnet.de\/#organization\"},\"potentialAction\":[{\"@type\":\"SearchAction\",\"target\":{\"@type\":\"EntryPoint\",\"urlTemplate\":\"https:\/\/vapingnet.de\/?s={search_term_string}\"},\"query-input\":{\"@type\":\"PropertyValueSpecification\",\"valueRequired\":true,\"valueName\":\"search_term_string\"}}],\"inLanguage\":\"lt-LT\"},{\"@type\":\"Organization\",\"@id\":\"https:\/\/vapingnet.de\/#organization\",\"name\":\"Vapingnet.de\",\"url\":\"https:\/\/vapingnet.de\/\",\"logo\":{\"@type\":\"ImageObject\",\"inLanguage\":\"lt-LT\",\"@id\":\"https:\/\/vapingnet.de\/#\/schema\/logo\/image\/\",\"url\":\"https:\/\/vapingnet.de\/wp-content\/uploads\/2025\/03\/cropped-vapingnet.de_.jpg\",\"contentUrl\":\"https:\/\/vapingnet.de\/wp-content\/uploads\/2025\/03\/cropped-vapingnet.de_.jpg\",\"width\":512,\"height\":512,\"caption\":\"Vapingnet.de\"},\"image\":{\"@id\":\"https:\/\/vapingnet.de\/#\/schema\/logo\/image\/\"},\"sameAs\":[\"https:\/\/www.facebook.com\/vapingnetde\/\"]}]}<\/script>\n<!-- \/ Yoast SEO plugin. -->","yoast_head_json":{"title":"Grape Ice Bang Tn 12000 Puffs High Quality und ohne Zollkosten | Vapingnet.de","description":"Entdecke Grape Ice Bang Tn 12000 Puffs High Quality und ohne Zollkosten bei vapingnet.de, \u25ba Gro\u00dfe Auswahl an Geschmacksrichtungen & super g\u00fcnstig!","robots":{"index":"index","follow":"follow","max-snippet":"max-snippet:-1","max-image-preview":"max-image-preview:large","max-video-preview":"max-video-preview:-1"},"canonical":"https:\/\/vapingnet.de\/lt\/vape\/grape-ice-bang-tn-12000-puffs-high-quality-und-ohne-zollkosten\/","og_locale":"lt_LT","og_type":"article","og_title":"Grape Ice Bang Tn 12000 Puffs High Quality und ohne Zollkosten | Vapingnet.de","og_description":"Entdecke Grape Ice Bang Tn 12000 Puffs High Quality und ohne Zollkosten bei vapingnet.de, \u25ba Gro\u00dfe Auswahl an Geschmacksrichtungen & super g\u00fcnstig!","og_url":"https:\/\/vapingnet.de\/lt\/vape\/grape-ice-bang-tn-12000-puffs-high-quality-und-ohne-zollkosten\/","og_site_name":"Vapingnet.de","article_publisher":"https:\/\/www.facebook.com\/vapingnetde\/","article_modified_time":"2025-12-30T08:40:51+00:00","og_image":[{"width":1000,"height":1000,"url":"https:\/\/vapingnet.de\/wp-content\/uploads\/2025\/04\/Grape-Ice.png","type":"image\/png"}],"twitter_card":"summary_large_image","twitter_misc":{"Est. reading time":"3 minutes"},"schema":{"@context":"https:\/\/schema.org","@graph":[{"@type":"WebPage","@id":"https:\/\/vapingnet.de\/vape\/grape-ice-bang-tn-12000-puffs-high-quality-und-ohne-zollkosten\/","url":"https:\/\/vapingnet.de\/vape\/grape-ice-bang-tn-12000-puffs-high-quality-und-ohne-zollkosten\/","name":"Grape Ice Bang Tn 12000 Puffs High Quality und ohne Zollkosten | Vapingnet.de","isPartOf":{"@id":"https:\/\/vapingnet.de\/#website"},"primaryImageOfPage":{"@id":"https:\/\/vapingnet.de\/vape\/grape-ice-bang-tn-12000-puffs-high-quality-und-ohne-zollkosten\/#primaryimage"},"image":{"@id":"https:\/\/vapingnet.de\/vape\/grape-ice-bang-tn-12000-puffs-high-quality-und-ohne-zollkosten\/#primaryimage"},"thumbnailUrl":"https:\/\/vapingnet.de\/wp-content\/uploads\/2025\/04\/Grape-Ice.png","datePublished":"2025-04-11T05:55:20+00:00","dateModified":"2025-12-30T08:40:51+00:00","description":"Entdecke Grape Ice Bang Tn 12000 Puffs High Quality und ohne Zollkosten bei vapingnet.de, \u25ba Gro\u00dfe Auswahl an Geschmacksrichtungen & super g\u00fcnstig!","breadcrumb":{"@id":"https:\/\/vapingnet.de\/vape\/grape-ice-bang-tn-12000-puffs-high-quality-und-ohne-zollkosten\/#breadcrumb"},"inLanguage":"lt-LT","potentialAction":[{"@type":"ReadAction","target":["https:\/\/vapingnet.de\/vape\/grape-ice-bang-tn-12000-puffs-high-quality-und-ohne-zollkosten\/"]}]},{"@type":"ImageObject","inLanguage":"lt-LT","@id":"https:\/\/vapingnet.de\/vape\/grape-ice-bang-tn-12000-puffs-high-quality-und-ohne-zollkosten\/#primaryimage","url":"https:\/\/vapingnet.de\/wp-content\/uploads\/2025\/04\/Grape-Ice.png","contentUrl":"https:\/\/vapingnet.de\/wp-content\/uploads\/2025\/04\/Grape-Ice.png","width":1000,"height":1000},{"@type":"BreadcrumbList","@id":"https:\/\/vapingnet.de\/vape\/grape-ice-bang-tn-12000-puffs-high-quality-und-ohne-zollkosten\/#breadcrumb","itemListElement":[{"@type":"ListItem","position":1,"name":"Home","item":"https:\/\/vapingnet.de\/"},{"@type":"ListItem","position":2,"name":"Shop","item":"https:\/\/vapingnet.de\/vape\/"},{"@type":"ListItem","position":3,"name":"Grape Ice Bang Tn 12000 Puffs High Quality und ohne Zollkosten"}]},{"@type":"WebSite","@id":"https:\/\/vapingnet.de\/#website","url":"https:\/\/vapingnet.de\/","name":"Vapingnet.de","description":"","publisher":{"@id":"https:\/\/vapingnet.de\/#organization"},"potentialAction":[{"@type":"SearchAction","target":{"@type":"EntryPoint","urlTemplate":"https:\/\/vapingnet.de\/?s={search_term_string}"},"query-input":{"@type":"PropertyValueSpecification","valueRequired":true,"valueName":"search_term_string"}}],"inLanguage":"lt-LT"},{"@type":"Organization","@id":"https:\/\/vapingnet.de\/#organization","name":"Vapingnet.de","url":"https:\/\/vapingnet.de\/","logo":{"@type":"ImageObject","inLanguage":"lt-LT","@id":"https:\/\/vapingnet.de\/#\/schema\/logo\/image\/","url":"https:\/\/vapingnet.de\/wp-content\/uploads\/2025\/03\/cropped-vapingnet.de_.jpg","contentUrl":"https:\/\/vapingnet.de\/wp-content\/uploads\/2025\/03\/cropped-vapingnet.de_.jpg","width":512,"height":512,"caption":"Vapingnet.de"},"image":{"@id":"https:\/\/vapingnet.de\/#\/schema\/logo\/image\/"},"sameAs":["https:\/\/www.facebook.com\/vapingnetde\/"]}]}},"tiered_pricing_type":"fixed","tiered_pricing_fixed_rules":{"10":"7.31","60":"6.58","110":"5.85","200":"5.12"},"tiered_pricing_product_settings":{"layout":"default","base_unit_name":{"singular":null,"plural":null},"default_variation":null},"tiered_pricing_minimum_quantity":null,"tiered_pricing_roles_data":[],"tiered_pricing_percentage_rules":[],"_links":{"self":[{"href":"https:\/\/vapingnet.de\/lt\/wp-json\/wp\/v2\/product\/6243","targetHints":{"allow":["GET"]}}],"collection":[{"href":"https:\/\/vapingnet.de\/lt\/wp-json\/wp\/v2\/product"}],"about":[{"href":"https:\/\/vapingnet.de\/lt\/wp-json\/wp\/v2\/types\/product"}],"version-history":[{"count":1,"href":"https:\/\/vapingnet.de\/lt\/wp-json\/wp\/v2\/product\/6243\/revisions"}],"predecessor-version":[{"id":6255,"href":"https:\/\/vapingnet.de\/lt\/wp-json\/wp\/v2\/product\/6243\/revisions\/6255"}],"wp:featuredmedia":[{"embeddable":true,"href":"https:\/\/vapingnet.de\/lt\/wp-json\/wp\/v2\/media\/6249"}],"wp:attachment":[{"href":"https:\/\/vapingnet.de\/lt\/wp-json\/wp\/v2\/media?parent=6243"}],"wp:term":[{"taxonomy":"brand","embeddable":true,"href":"https:\/\/vapingnet.de\/lt\/wp-json\/wp\/v2\/etheme_brands?post=6243"},{"taxonomy":"product_brand","embeddable":true,"href":"https:\/\/vapingnet.de\/lt\/wp-json\/wp\/v2\/product_brand?post=6243"},{"taxonomy":"product_cat","embeddable":true,"href":"https:\/\/vapingnet.de\/lt\/wp-json\/wp\/v2\/product_cat?post=6243"},{"taxonomy":"product_tag","embeddable":true,"href":"https:\/\/vapingnet.de\/lt\/wp-json\/wp\/v2\/product_tag?post=6243"}],"curies":[{"name":"wp","href":"https:\/\/api.w.org\/{rel}","templated":true}]}}