{"id":6244,"date":"2025-04-11T05:55:21","date_gmt":"2025-04-11T05:55:21","guid":{"rendered":"https:\/\/vapingnet.de\/?post_type=product&#038;p=6244"},"modified":"2025-12-30T08:40:42","modified_gmt":"2025-12-30T08:40:42","slug":"bang-tn-12000-puffs-geniessen-sie-mr-blue-premium-ohne-importgebuehren","status":"publish","type":"product","link":"https:\/\/vapingnet.de\/lt\/vape\/bang-tn-12000-puffs-geniessen-sie-mr-blue-premium-ohne-importgebuehren\/","title":{"rendered":"Bang Tn 12000 Puffs m\u0117gaukit\u0117s Mr Blue Premium be importo mokes\u010di\u0173"},"content":{"rendered":"<p class=\"\" data-start=\"0\" data-end=\"433\" data-immersive-translate-paragraph=\"1\" data-immersive-translate-walked=\"b73dce8e-cbb5-44b3-880b-30742ae7690b\">Bang Tn 12000 R\u016bkal\u0173 vienkartin\u0117 elektronin\u0117 cigaret\u0117 yra viena geriausi\u0173 pasirinkim\u0173 r\u016bkytojams, ie\u0161kantiems ilgalaikio ir intensyvaus garinimo patirties. Su dosniu 20 ml skys\u010dio t\u016briu ir \u012fsp\u016bdinga iki 12 000 \u012fkv\u0117pim\u0173 talpa, \u0161i \u012franga yra ideali tiems, kurie nori patogaus ir prakti\u0161ko garinimo be nuolatinio papildymo ar \u012fkrovimo.<\/p>\n<h2 data-start=\"435\" data-end=\"486\" data-immersive-translate-walked=\"b73dce8e-cbb5-44b3-880b-30742ae7690b\" data-immersive-translate-paragraph=\"1\">Kas daro Bang Tn 12000 R\u016bkal\u0173 taip ypatinga?<\/h2>\n<p class=\"\" data-start=\"488\" data-end=\"614\" data-immersive-translate-walked=\"b73dce8e-cbb5-44b3-880b-30742ae7690b\" data-immersive-translate-paragraph=\"1\">Bang Tn 12000 R\u016bkal\u0173 si\u016blo daugyb\u0119 funkcij\u0173, kurios j\u0105 daro puikiu pasirinkimu visiems garintojams:<\/p>\n<ul>\n<li data-start=\"616\" data-end=\"655\" data-immersive-translate-walked=\"b73dce8e-cbb5-44b3-880b-30742ae7690b\" data-immersive-translate-paragraph=\"1\">Didel\u0117 talpa ilgam garinimui<br \/>\nSu 20 ml skys\u010dio ir 650mAh baterija \u012frenginys pasi\u017eymi \u012fsp\u016bdinga tarnavimo trukme. 1.2\u03a9 tinklelio rit\u0117 u\u017etikrina tolyg\u0173 ir efektyv\u0173 skys\u010dio garinim\u0105. D\u0117l to galite m\u0117gautis visais 12 000 \u012fkv\u0117pim\u0173, nesir\u016bpindami papildymu ar \u012fkrovimu.<\/li>\n<li data-start=\"977\" data-end=\"1009\" data-immersive-translate-walked=\"b73dce8e-cbb5-44b3-880b-30742ae7690b\" data-immersive-translate-paragraph=\"1\">\u012evairios nikotino galimyb\u0117s<br \/>\nNesvarbu, ar esate stiprus r\u016bkalius, ar m\u0117gstate garinti be nikotino \u2013 Bang Tn 12000 R\u016bkal\u0173 si\u016blo plat\u0173 nikotino stiprum\u0173 pasirinkim\u0105: 0%, 2%, 3% ir 5%. Tai leid\u017eia sukurti tobul\u0105 garinimo patirt\u012f pagal j\u016bs\u0173 pageidavimus.<\/li>\n<li data-start=\"1289\" data-end=\"1327\" data-immersive-translate-walked=\"b73dce8e-cbb5-44b3-880b-30742ae7690b\" data-immersive-translate-paragraph=\"1\">Unikalus skonis \u2013 Mr Blue<br \/>\nBang Tn 12000 R\u016bkal\u0173 skonis yra derinys i\u0161 \u0161vie\u017ei\u0173, vaisini\u0173 aromat\u0173, kurie i\u0161siskiria Mr Blue skoniu. Jis si\u016blo gaiv\u0173 ir lengvai sald\u0173 aromat\u0105, kuris ypa\u010d patinka vaisi\u0173 m\u0117g\u0117jams. Kiekvienas \u012fkv\u0117pimas suteikia subalansuot\u0105 ir nuosekl\u0173 skonio patirt\u012f, padaran\u010di\u0105 garinim\u0105 malonumu.<\/li>\n<li data-start=\"1683\" data-end=\"1721\" data-immersive-translate-walked=\"b73dce8e-cbb5-44b3-880b-30742ae7690b\" data-immersive-translate-paragraph=\"1\">Patogu ir paprasta naudoti<br \/>\nKadangi tai vienkartin\u0117 elektronin\u0117 cigaret\u0117, ji yra ideali tiems, kurie ie\u0161ko paprasto sprendimo. Nereikia \u012fkrauti akumuliatoriaus ar papildyti skys\u010dio. Tiesiog i\u0161pakuokite ir garinkite \u2013 tai negali b\u016bti papras\u010diau.<\/li>\n<\/ul>\n<h4 data-start=\"1990\" data-end=\"2025\" data-immersive-translate-walked=\"b73dce8e-cbb5-44b3-880b-30742ae7690b\" data-immersive-translate-paragraph=\"1\">Privalumai europieti\u0161kiems pirk\u0117jams<\/h4>\n<p class=\"\" data-start=\"2027\" data-end=\"2115\" data-immersive-translate-walked=\"b73dce8e-cbb5-44b3-880b-30742ae7690b\" data-immersive-translate-paragraph=\"1\">Europos garintojams Bang Tn 12000 R\u016bkal\u0173 si\u016blo kelet\u0105 i\u0161skirtini\u0173 privalum\u0173:<\/p>\n<ul data-start=\"2117\" data-end=\"2581\">\n<li class=\"\" data-start=\"2117\" data-end=\"2352\">\n<p class=\"\" data-start=\"2119\" data-end=\"2352\" data-immersive-translate-walked=\"b73dce8e-cbb5-44b3-880b-30742ae7690b\" data-immersive-translate-paragraph=\"1\">Be muit\u0173 mokes\u010di\u0173: perkant Bang Tn 12000 R\u016bkal\u0173 Europos S\u0105jungoje, papildomi muit\u0173 mokes\u010diai netaikomi. Tai u\u017etikrina paprast\u0105 u\u017esakym\u0105 ir skaidri\u0105 kain\u0105 be pasl\u0117pt\u0173 mokes\u010di\u0173.<\/p>\n<\/li>\n<li class=\"\" data-start=\"2353\" data-end=\"2581\">\n<p class=\"\" data-start=\"2355\" data-end=\"2581\" data-immersive-translate-walked=\"b73dce8e-cbb5-44b3-880b-30742ae7690b\" data-immersive-translate-paragraph=\"1\">Greitas pristatymas: su 7\u201315 darbo dien\u0173 pristatymo laiku gausite savo produkt\u0105 greitai. Tai ideali galimyb\u0117 greitai m\u0117gautis garinimo patirtimi be ilgo laukimo.<\/p>\n<\/li>\n<\/ul>\n<h2>Kur galite \u012fsigyti Bang Tn 12000 R\u016bkal\u0173?<\/h2>\n<p class=\"\" data-start=\"2634\" data-end=\"2923\" data-immersive-translate-walked=\"b73dce8e-cbb5-44b3-880b-30742ae7690b\" data-immersive-translate-paragraph=\"1\">Bang Tn 12000 R\u016bkal\u0173 galima \u012fsigyti svetain\u0117je vapingnet.de. \u0160i parduotuv\u0117 si\u016blo saugi\u0105 ir patogi\u0105 platform\u0105, kurioje galite greitai ir patogiai u\u017esisakyti produkt\u0105. Be to, gausite greit\u0105 pristatym\u0105 ir patikim\u0105 aptarnavim\u0105.<\/p>\n<h4 data-start=\"2925\" data-end=\"2991\" data-immersive-translate-walked=\"b73dce8e-cbb5-44b3-880b-30742ae7690b\" data-immersive-translate-paragraph=\"1\">I\u0161vada: Bang Tn 12000 R\u016bkal\u0173 \u2013 tobulas pasirinkimas garintojams<\/h4>\n<p class=\"\" data-start=\"2993\" data-end=\"3501\" data-immersive-translate-walked=\"b73dce8e-cbb5-44b3-880b-30742ae7690b\" data-immersive-translate-paragraph=\"1\">Bang Tn 12000 R\u016bkal\u0173 si\u016blo i\u0161skirtin\u0119 garinimo patirt\u012f su ilga tarnavimo trukme, \u0161vie\u017eiu Mr Blue skoniu ir \u012fvairiais nikotino stiprumais, kurie tinka visiems garintoj\u0173 poreikiams. Jei ie\u0161kote prakti\u0161kos, galingos ir skonio intensyvios vienkartin\u0117s elektronin\u0117s cigaret\u0117s, \u0161is modelis yra tobulas pasirinkimas. U\u017esisakykite jau \u0161iandien per vapingnet.de ir m\u0117gaukit\u0117s greitu pristatymu bei puikiu kainos ir kokyb\u0117s santykiu.<\/p>","protected":false},"excerpt":{"rendered":"<p>Die Bang Tn 12000 Puffs Einweg-E-Zigarette ist eine der besten Optionen f\u00fcr Dampfer, die auf der Suche nach einem langanhaltenden und intensiven Dampferlebnis sind. Mit&#8230;<\/p>","protected":false},"featured_media":6250,"template":"","meta":[],"etheme_brands":[],"product_brand":[101],"product_cat":[88,49,61],"product_tag":[],"class_list":{"0":"post-6244","1":"product","2":"type-product","3":"status-publish","4":"has-post-thumbnail","6":"product_brand-bang-king-vape","7":"product_cat-12k-vape","8":"product_cat-einweg-e-zigarette","9":"product_cat-f","11":"first","12":"instock","13":"shipping-taxable","14":"purchasable","15":"product-type-simple"},"yoast_head":"<!-- This site is optimized with the Yoast SEO plugin v26.5 - https:\/\/yoast.com\/wordpress\/plugins\/seo\/ -->\n<title>Bang Tn 12000 Puffs Genie\u00dfen Sie Mr Blue Premium ohne Importgeb\u00fchren | Vapingnet.de<\/title>\n<meta name=\"description\" content=\"Entdecke Bang Tn 12000 Puffs Genie\u00dfen Sie Mr Blue Premium ohne Importgeb\u00fchren bei vapingnet.de, \u25ba Gro\u00dfe Auswahl an Geschmacksrichtungen &amp; super g\u00fcnstig!\" \/>\n<meta name=\"robots\" content=\"index, follow, max-snippet:-1, max-image-preview:large, max-video-preview:-1\" \/>\n<link rel=\"canonical\" href=\"https:\/\/vapingnet.de\/lt\/vape\/bang-tn-12000-puffs-geniessen-sie-mr-blue-premium-ohne-importgebuehren\/\" \/>\n<meta property=\"og:locale\" content=\"lt_LT\" \/>\n<meta property=\"og:type\" content=\"article\" \/>\n<meta property=\"og:title\" content=\"Bang Tn 12000 Puffs Genie\u00dfen Sie Mr Blue Premium ohne Importgeb\u00fchren | Vapingnet.de\" \/>\n<meta property=\"og:description\" content=\"Entdecke Bang Tn 12000 Puffs Genie\u00dfen Sie Mr Blue Premium ohne Importgeb\u00fchren bei vapingnet.de, \u25ba Gro\u00dfe Auswahl an Geschmacksrichtungen &amp; super g\u00fcnstig!\" \/>\n<meta property=\"og:url\" content=\"https:\/\/vapingnet.de\/lt\/vape\/bang-tn-12000-puffs-geniessen-sie-mr-blue-premium-ohne-importgebuehren\/\" \/>\n<meta property=\"og:site_name\" content=\"Vapingnet.de\" \/>\n<meta property=\"article:publisher\" content=\"https:\/\/www.facebook.com\/vapingnetde\/\" \/>\n<meta property=\"article:modified_time\" content=\"2025-12-30T08:40:42+00:00\" \/>\n<meta property=\"og:image\" content=\"https:\/\/vapingnet.de\/wp-content\/uploads\/2025\/04\/Mr-Blue.png\" \/>\n\t<meta property=\"og:image:width\" content=\"1000\" \/>\n\t<meta property=\"og:image:height\" content=\"1000\" \/>\n\t<meta property=\"og:image:type\" content=\"image\/png\" \/>\n<meta name=\"twitter:card\" content=\"summary_large_image\" \/>\n<meta name=\"twitter:label1\" content=\"Est. reading time\" \/>\n\t<meta name=\"twitter:data1\" content=\"3 minutes\" \/>\n<script type=\"application\/ld+json\" class=\"yoast-schema-graph\">{\"@context\":\"https:\/\/schema.org\",\"@graph\":[{\"@type\":\"WebPage\",\"@id\":\"https:\/\/vapingnet.de\/vape\/bang-tn-12000-puffs-geniessen-sie-mr-blue-premium-ohne-importgebuehren\/\",\"url\":\"https:\/\/vapingnet.de\/vape\/bang-tn-12000-puffs-geniessen-sie-mr-blue-premium-ohne-importgebuehren\/\",\"name\":\"Bang Tn 12000 Puffs Genie\u00dfen Sie Mr Blue Premium ohne Importgeb\u00fchren | Vapingnet.de\",\"isPartOf\":{\"@id\":\"https:\/\/vapingnet.de\/#website\"},\"primaryImageOfPage\":{\"@id\":\"https:\/\/vapingnet.de\/vape\/bang-tn-12000-puffs-geniessen-sie-mr-blue-premium-ohne-importgebuehren\/#primaryimage\"},\"image\":{\"@id\":\"https:\/\/vapingnet.de\/vape\/bang-tn-12000-puffs-geniessen-sie-mr-blue-premium-ohne-importgebuehren\/#primaryimage\"},\"thumbnailUrl\":\"https:\/\/vapingnet.de\/wp-content\/uploads\/2025\/04\/Mr-Blue.png\",\"datePublished\":\"2025-04-11T05:55:21+00:00\",\"dateModified\":\"2025-12-30T08:40:42+00:00\",\"description\":\"Entdecke Bang Tn 12000 Puffs Genie\u00dfen Sie Mr Blue Premium ohne Importgeb\u00fchren bei vapingnet.de, \u25ba Gro\u00dfe Auswahl an Geschmacksrichtungen & super g\u00fcnstig!\",\"breadcrumb\":{\"@id\":\"https:\/\/vapingnet.de\/vape\/bang-tn-12000-puffs-geniessen-sie-mr-blue-premium-ohne-importgebuehren\/#breadcrumb\"},\"inLanguage\":\"lt-LT\",\"potentialAction\":[{\"@type\":\"ReadAction\",\"target\":[\"https:\/\/vapingnet.de\/vape\/bang-tn-12000-puffs-geniessen-sie-mr-blue-premium-ohne-importgebuehren\/\"]}]},{\"@type\":\"ImageObject\",\"inLanguage\":\"lt-LT\",\"@id\":\"https:\/\/vapingnet.de\/vape\/bang-tn-12000-puffs-geniessen-sie-mr-blue-premium-ohne-importgebuehren\/#primaryimage\",\"url\":\"https:\/\/vapingnet.de\/wp-content\/uploads\/2025\/04\/Mr-Blue.png\",\"contentUrl\":\"https:\/\/vapingnet.de\/wp-content\/uploads\/2025\/04\/Mr-Blue.png\",\"width\":1000,\"height\":1000},{\"@type\":\"BreadcrumbList\",\"@id\":\"https:\/\/vapingnet.de\/vape\/bang-tn-12000-puffs-geniessen-sie-mr-blue-premium-ohne-importgebuehren\/#breadcrumb\",\"itemListElement\":[{\"@type\":\"ListItem\",\"position\":1,\"name\":\"Home\",\"item\":\"https:\/\/vapingnet.de\/\"},{\"@type\":\"ListItem\",\"position\":2,\"name\":\"Shop\",\"item\":\"https:\/\/vapingnet.de\/vape\/\"},{\"@type\":\"ListItem\",\"position\":3,\"name\":\"Bang Tn 12000 Puffs Genie\u00dfen Sie Mr Blue Premium ohne Importgeb\u00fchren\"}]},{\"@type\":\"WebSite\",\"@id\":\"https:\/\/vapingnet.de\/#website\",\"url\":\"https:\/\/vapingnet.de\/\",\"name\":\"Vapingnet.de\",\"description\":\"\",\"publisher\":{\"@id\":\"https:\/\/vapingnet.de\/#organization\"},\"potentialAction\":[{\"@type\":\"SearchAction\",\"target\":{\"@type\":\"EntryPoint\",\"urlTemplate\":\"https:\/\/vapingnet.de\/?s={search_term_string}\"},\"query-input\":{\"@type\":\"PropertyValueSpecification\",\"valueRequired\":true,\"valueName\":\"search_term_string\"}}],\"inLanguage\":\"lt-LT\"},{\"@type\":\"Organization\",\"@id\":\"https:\/\/vapingnet.de\/#organization\",\"name\":\"Vapingnet.de\",\"url\":\"https:\/\/vapingnet.de\/\",\"logo\":{\"@type\":\"ImageObject\",\"inLanguage\":\"lt-LT\",\"@id\":\"https:\/\/vapingnet.de\/#\/schema\/logo\/image\/\",\"url\":\"https:\/\/vapingnet.de\/wp-content\/uploads\/2025\/03\/cropped-vapingnet.de_.jpg\",\"contentUrl\":\"https:\/\/vapingnet.de\/wp-content\/uploads\/2025\/03\/cropped-vapingnet.de_.jpg\",\"width\":512,\"height\":512,\"caption\":\"Vapingnet.de\"},\"image\":{\"@id\":\"https:\/\/vapingnet.de\/#\/schema\/logo\/image\/\"},\"sameAs\":[\"https:\/\/www.facebook.com\/vapingnetde\/\"]}]}<\/script>\n<!-- \/ Yoast SEO plugin. -->","yoast_head_json":{"title":"Bang Tn 12000 Puffs Genie\u00dfen Sie Mr Blue Premium ohne Importgeb\u00fchren | Vapingnet.de","description":"Entdecke Bang Tn 12000 Puffs Genie\u00dfen Sie Mr Blue Premium ohne Importgeb\u00fchren bei vapingnet.de, \u25ba Gro\u00dfe Auswahl an Geschmacksrichtungen & super g\u00fcnstig!","robots":{"index":"index","follow":"follow","max-snippet":"max-snippet:-1","max-image-preview":"max-image-preview:large","max-video-preview":"max-video-preview:-1"},"canonical":"https:\/\/vapingnet.de\/lt\/vape\/bang-tn-12000-puffs-geniessen-sie-mr-blue-premium-ohne-importgebuehren\/","og_locale":"lt_LT","og_type":"article","og_title":"Bang Tn 12000 Puffs Genie\u00dfen Sie Mr Blue Premium ohne Importgeb\u00fchren | Vapingnet.de","og_description":"Entdecke Bang Tn 12000 Puffs Genie\u00dfen Sie Mr Blue Premium ohne Importgeb\u00fchren bei vapingnet.de, \u25ba Gro\u00dfe Auswahl an Geschmacksrichtungen & super g\u00fcnstig!","og_url":"https:\/\/vapingnet.de\/lt\/vape\/bang-tn-12000-puffs-geniessen-sie-mr-blue-premium-ohne-importgebuehren\/","og_site_name":"Vapingnet.de","article_publisher":"https:\/\/www.facebook.com\/vapingnetde\/","article_modified_time":"2025-12-30T08:40:42+00:00","og_image":[{"width":1000,"height":1000,"url":"https:\/\/vapingnet.de\/wp-content\/uploads\/2025\/04\/Mr-Blue.png","type":"image\/png"}],"twitter_card":"summary_large_image","twitter_misc":{"Est. reading time":"3 minutes"},"schema":{"@context":"https:\/\/schema.org","@graph":[{"@type":"WebPage","@id":"https:\/\/vapingnet.de\/vape\/bang-tn-12000-puffs-geniessen-sie-mr-blue-premium-ohne-importgebuehren\/","url":"https:\/\/vapingnet.de\/vape\/bang-tn-12000-puffs-geniessen-sie-mr-blue-premium-ohne-importgebuehren\/","name":"Bang Tn 12000 Puffs Genie\u00dfen Sie Mr Blue Premium ohne Importgeb\u00fchren | Vapingnet.de","isPartOf":{"@id":"https:\/\/vapingnet.de\/#website"},"primaryImageOfPage":{"@id":"https:\/\/vapingnet.de\/vape\/bang-tn-12000-puffs-geniessen-sie-mr-blue-premium-ohne-importgebuehren\/#primaryimage"},"image":{"@id":"https:\/\/vapingnet.de\/vape\/bang-tn-12000-puffs-geniessen-sie-mr-blue-premium-ohne-importgebuehren\/#primaryimage"},"thumbnailUrl":"https:\/\/vapingnet.de\/wp-content\/uploads\/2025\/04\/Mr-Blue.png","datePublished":"2025-04-11T05:55:21+00:00","dateModified":"2025-12-30T08:40:42+00:00","description":"Entdecke Bang Tn 12000 Puffs Genie\u00dfen Sie Mr Blue Premium ohne Importgeb\u00fchren bei vapingnet.de, \u25ba Gro\u00dfe Auswahl an Geschmacksrichtungen & super g\u00fcnstig!","breadcrumb":{"@id":"https:\/\/vapingnet.de\/vape\/bang-tn-12000-puffs-geniessen-sie-mr-blue-premium-ohne-importgebuehren\/#breadcrumb"},"inLanguage":"lt-LT","potentialAction":[{"@type":"ReadAction","target":["https:\/\/vapingnet.de\/vape\/bang-tn-12000-puffs-geniessen-sie-mr-blue-premium-ohne-importgebuehren\/"]}]},{"@type":"ImageObject","inLanguage":"lt-LT","@id":"https:\/\/vapingnet.de\/vape\/bang-tn-12000-puffs-geniessen-sie-mr-blue-premium-ohne-importgebuehren\/#primaryimage","url":"https:\/\/vapingnet.de\/wp-content\/uploads\/2025\/04\/Mr-Blue.png","contentUrl":"https:\/\/vapingnet.de\/wp-content\/uploads\/2025\/04\/Mr-Blue.png","width":1000,"height":1000},{"@type":"BreadcrumbList","@id":"https:\/\/vapingnet.de\/vape\/bang-tn-12000-puffs-geniessen-sie-mr-blue-premium-ohne-importgebuehren\/#breadcrumb","itemListElement":[{"@type":"ListItem","position":1,"name":"Home","item":"https:\/\/vapingnet.de\/"},{"@type":"ListItem","position":2,"name":"Shop","item":"https:\/\/vapingnet.de\/vape\/"},{"@type":"ListItem","position":3,"name":"Bang Tn 12000 Puffs Genie\u00dfen Sie Mr Blue Premium ohne Importgeb\u00fchren"}]},{"@type":"WebSite","@id":"https:\/\/vapingnet.de\/#website","url":"https:\/\/vapingnet.de\/","name":"Vapingnet.de","description":"","publisher":{"@id":"https:\/\/vapingnet.de\/#organization"},"potentialAction":[{"@type":"SearchAction","target":{"@type":"EntryPoint","urlTemplate":"https:\/\/vapingnet.de\/?s={search_term_string}"},"query-input":{"@type":"PropertyValueSpecification","valueRequired":true,"valueName":"search_term_string"}}],"inLanguage":"lt-LT"},{"@type":"Organization","@id":"https:\/\/vapingnet.de\/#organization","name":"Vapingnet.de","url":"https:\/\/vapingnet.de\/","logo":{"@type":"ImageObject","inLanguage":"lt-LT","@id":"https:\/\/vapingnet.de\/#\/schema\/logo\/image\/","url":"https:\/\/vapingnet.de\/wp-content\/uploads\/2025\/03\/cropped-vapingnet.de_.jpg","contentUrl":"https:\/\/vapingnet.de\/wp-content\/uploads\/2025\/03\/cropped-vapingnet.de_.jpg","width":512,"height":512,"caption":"Vapingnet.de"},"image":{"@id":"https:\/\/vapingnet.de\/#\/schema\/logo\/image\/"},"sameAs":["https:\/\/www.facebook.com\/vapingnetde\/"]}]}},"tiered_pricing_type":"fixed","tiered_pricing_fixed_rules":{"10":"7.31","60":"6.58","110":"5.85","200":"5.12"},"tiered_pricing_product_settings":{"layout":"default","base_unit_name":{"singular":null,"plural":null},"default_variation":null},"tiered_pricing_minimum_quantity":null,"tiered_pricing_roles_data":[],"tiered_pricing_percentage_rules":[],"_links":{"self":[{"href":"https:\/\/vapingnet.de\/lt\/wp-json\/wp\/v2\/product\/6244","targetHints":{"allow":["GET"]}}],"collection":[{"href":"https:\/\/vapingnet.de\/lt\/wp-json\/wp\/v2\/product"}],"about":[{"href":"https:\/\/vapingnet.de\/lt\/wp-json\/wp\/v2\/types\/product"}],"version-history":[{"count":1,"href":"https:\/\/vapingnet.de\/lt\/wp-json\/wp\/v2\/product\/6244\/revisions"}],"predecessor-version":[{"id":6256,"href":"https:\/\/vapingnet.de\/lt\/wp-json\/wp\/v2\/product\/6244\/revisions\/6256"}],"wp:featuredmedia":[{"embeddable":true,"href":"https:\/\/vapingnet.de\/lt\/wp-json\/wp\/v2\/media\/6250"}],"wp:attachment":[{"href":"https:\/\/vapingnet.de\/lt\/wp-json\/wp\/v2\/media?parent=6244"}],"wp:term":[{"taxonomy":"brand","embeddable":true,"href":"https:\/\/vapingnet.de\/lt\/wp-json\/wp\/v2\/etheme_brands?post=6244"},{"taxonomy":"product_brand","embeddable":true,"href":"https:\/\/vapingnet.de\/lt\/wp-json\/wp\/v2\/product_brand?post=6244"},{"taxonomy":"product_cat","embeddable":true,"href":"https:\/\/vapingnet.de\/lt\/wp-json\/wp\/v2\/product_cat?post=6244"},{"taxonomy":"product_tag","embeddable":true,"href":"https:\/\/vapingnet.de\/lt\/wp-json\/wp\/v2\/product_tag?post=6244"}],"curies":[{"name":"wp","href":"https:\/\/api.w.org\/{rel}","templated":true}]}}