{"id":6245,"date":"2025-04-11T05:55:23","date_gmt":"2025-04-11T05:55:23","guid":{"rendered":"https:\/\/vapingnet.de\/?post_type=product&#038;p=6245"},"modified":"2025-12-30T08:40:33","modified_gmt":"2025-12-30T08:40:33","slug":"bang-tn-12000-puffs-der-erfrischende-watermelon-ice-geschmack-in-bester-qualitaet","status":"publish","type":"product","link":"https:\/\/vapingnet.de\/lt\/vape\/bang-tn-12000-puffs-der-erfrischende-watermelon-ice-geschmack-in-bester-qualitaet\/","title":{"rendered":"Bang Tn 12000 Puffs gaivus Watermelon Ice skonis geriausios kokyb\u0117s"},"content":{"rendered":"<p class=\"\" data-start=\"0\" data-end=\"414\">Bang Tn 12000 Puffs yra i\u0161skirtinis produktas d\u016bm\u0173 m\u0117g\u0117jams, ie\u0161kantiems galingos ir skoniu \u012ftikinamos vienkartin\u0117s elektronin\u0117s cigaret\u0117s. Su 20 ml skys\u010dio talpa ir galimybe suteikti 12 000 \u012fkv\u0117pim\u0173, ji si\u016blo i\u0161skirtin\u0119 d\u016bmavimo patirt\u012f, atitinkan\u010di\u0105 tiek naujok\u0173, tiek patyrusi\u0173 d\u016bm\u0173 poreikius.<\/p>\n<h2 data-start=\"416\" data-end=\"470\">Bang Tn 12000 Puffs technin\u0117s specifikacijos<\/h2>\n<p class=\"\" data-start=\"472\" data-end=\"558\">Bang Tn 12000 Puffs \u012ftikina savo \u012fsp\u016bdingomis technin\u0117mis savyb\u0117mis:<\/p>\n<ul data-start=\"560\" data-end=\"1341\">\n<li class=\"\" data-start=\"560\" data-end=\"719\">\n<p class=\"\" data-start=\"562\" data-end=\"719\">Skys\u010dio talpa: Su 20 ml skys\u010dio \u0161i modelis u\u017etikrina ilg\u0105 naudojimo laik\u0105 ir yra idealus d\u016bm\u0173 m\u0117g\u0117jams, kurie nenori nuolat papildyti.<\/p>\n<\/li>\n<li class=\"\" data-start=\"720\" data-end=\"960\">\n<p class=\"\" data-start=\"722\" data-end=\"960\">Baterija ir galia: 650mAh baterija leid\u017eia m\u0117gautis visais 12 000 \u012fkv\u0117pim\u0173. 1.2\u03a9 tinklelio rit\u0117 garantuoja tolygi\u0105 ir ilgalaik\u0119 garinim\u0105, kuris paver\u010dia kiekvien\u0105 \u012fkv\u0117pim\u0105 malonumu.<\/p>\n<\/li>\n<li class=\"\" data-start=\"961\" data-end=\"1150\">\n<p class=\"\" data-start=\"963\" data-end=\"1150\">Nikotino pasirinkimai: Bang Tn 12000 Puffs yra prieinama keturi\u0173 nikotino stiprum\u0173: 0%, 2%, 3% ir 5%, tod\u0117l kiekvienas d\u016bm\u0173 m\u0117g\u0117jas gali pasirinkti tinkamiausi\u0105 variant\u0105.<\/p>\n<\/li>\n<li class=\"\" data-start=\"1151\" data-end=\"1341\">\n<p class=\"\" data-start=\"1153\" data-end=\"1341\">Patogi naudoti: Kaip vienkartin\u0117 elektronin\u0117 cigaret\u0117, ji yra labai draugi\u0161ka vartotojui. Jums nereikia \u012fkrauti akumuliatoriaus ar papildyti skys\u010dio \u2013 tiesiog i\u0161pakuokite ir d\u016bminkite.<\/p>\n<\/li>\n<\/ul>\n<h4 data-start=\"1343\" data-end=\"1376\">Skonis: Watermelon Ice<\/h4>\n<p class=\"\" data-start=\"1378\" data-end=\"1786\">\u0160is vienkartin\u0117s elektronin\u0117s cigaret\u0117s ypatingas bruo\u017eas yra Watermelon Ice skonis. Gaivus sald\u017eios, sultingos arb\u016bzo ir gaivinan\u010dio mentolio derinys suteikia skonio patirt\u012f, kuri ypa\u010d \u0161iltais m\u0117nesiais yra tikra gaiva. Tai tobula \u0161vie\u017eumo ir vaisi\u0161kumo kombinacija, u\u017etikrinanti ilgalaik\u012f ir intensyv\u0173 d\u016bmavim\u0105.<\/p>\n<h4>Pristatymo galimyb\u0117s ir privalumai Europos pirk\u0117jams<\/h4>\n<p class=\"\" data-start=\"1844\" data-end=\"1922\">Europos pirk\u0117jams Bang Tn 12000 Puffs si\u016blo kelet\u0105 ai\u0161ki\u0173 privalum\u0173:<\/p>\n<ul data-start=\"1924\" data-end=\"2399\">\n<li class=\"\" data-start=\"1924\" data-end=\"2161\">\n<p class=\"\" data-start=\"1926\" data-end=\"2161\">Be muit\u0173 mokes\u010di\u0173: Didelis privalumas Europos klientams yra tas, kad pirkimo metu n\u0117ra papildom\u0173 muit\u0173 mokes\u010di\u0173. Tai daro pirkim\u0105 ypa\u010d patraukl\u0173 ir paprast\u0105, nes n\u0117ra pasl\u0117pt\u0173 i\u0161laid\u0173.<\/p>\n<\/li>\n<li class=\"\" data-start=\"2162\" data-end=\"2399\">\n<p class=\"\" data-start=\"2164\" data-end=\"2399\">Greitas pristatymas: Bang Tn 12000 Puffs pristatomas per 7 iki 15 darbo dien\u0173. Tai leid\u017eia pirk\u0117jams greitai ir patikimai gauti savo u\u017esakym\u0105, nereikia ilgai laukti.<\/p>\n<\/li>\n<\/ul>\n<h3 data-start=\"2401\" data-end=\"2448\">Kur galima \u012fsigyti Bang Tn 12000 Puffs?<\/h3>\n<p class=\"\" data-start=\"2450\" data-end=\"2774\">Bang Tn 12000 Puffs yra prieinama platformoje vapingnet.de, patikimoje d\u016bm\u0173 produkt\u0173 platformoje. Internetin\u0117 parduotuv\u0117 si\u016blo paprast\u0105 u\u017esakym\u0105, greit\u0105 pristatym\u0105 ir puik\u0173 klient\u0173 aptarnavim\u0105. Svetain\u0117je rasite i\u0161sami\u0105 produkto informacij\u0105 ir paprast\u0105 u\u017esakymo galimyb\u0119.<\/p>\n<h4 data-start=\"2776\" data-end=\"2823\">Puiki pasirinkimo galimyb\u0117 d\u016bm\u0173 m\u0117g\u0117jams<\/h4>\n<p class=\"\" data-start=\"2825\" data-end=\"3391\">Bang Tn 12000 Puffs yra pirmos klas\u0117s pasirinkimas d\u016bm\u0173 m\u0117g\u0117jams, ie\u0161kantiems patikimo, galingo ir skoniu \u012ftikinamo produkto. Su ilga tarnavimo trukme, patogia vienkartine naudotoja ir gaiviu Watermelon Ice skoniu ji si\u016blo i\u0161skirtin\u0119 d\u016bmavimo patirt\u012f. Jei ie\u0161kote paprastos ir malonios d\u016bmavimo patirties, b\u016btinai i\u0161bandykite \u0161i\u0105 vienkartin\u0119 elektronin\u0119 cigaret\u0119. Apsilankykite vapingnet.de, kad pateiktum\u0117te u\u017esakym\u0105 ir m\u0117gautum\u0117t\u0117s puikia d\u016bmavimo patirtimi.<\/p>","protected":false},"excerpt":{"rendered":"<p>Die Bang Tn 12000 Puffs ist ein herausragendes Produkt f\u00fcr Dampfer, die auf der Suche nach einer leistungsstarken und geschmacklich \u00fcberzeugenden Einweg-E-Zigarette sind. Mit einer&#8230;<\/p>","protected":false},"featured_media":6251,"template":"","meta":[],"etheme_brands":[],"product_brand":[101],"product_cat":[88,49,61],"product_tag":[],"class_list":{"0":"post-6245","1":"product","2":"type-product","3":"status-publish","4":"has-post-thumbnail","6":"product_brand-bang-king-vape","7":"product_cat-12k-vape","8":"product_cat-einweg-e-zigarette","9":"product_cat-f","11":"first","12":"instock","13":"shipping-taxable","14":"purchasable","15":"product-type-simple"},"yoast_head":"<!-- This site is optimized with the Yoast SEO plugin v26.5 - https:\/\/yoast.com\/wordpress\/plugins\/seo\/ -->\n<title>Bang Tn 12000 Puffs Der erfrischende Watermelon Ice Geschmack in bester Qualit\u00e4t | Vapingnet.de<\/title>\n<meta name=\"description\" content=\"Entdecke Bang Tn 12000 Puffs Der erfrischende Watermelon Ice Geschmack in bester Qualit\u00e4t bei vapingnet.de, \u25ba Gro\u00dfe Auswahl an Geschmacksrichtungen &amp; super g\u00fcnstig!\" \/>\n<meta name=\"robots\" content=\"index, follow, max-snippet:-1, max-image-preview:large, max-video-preview:-1\" \/>\n<link rel=\"canonical\" href=\"https:\/\/vapingnet.de\/lt\/vape\/bang-tn-12000-puffs-der-erfrischende-watermelon-ice-geschmack-in-bester-qualitaet\/\" \/>\n<meta property=\"og:locale\" content=\"lt_LT\" \/>\n<meta property=\"og:type\" content=\"article\" \/>\n<meta property=\"og:title\" content=\"Bang Tn 12000 Puffs Der erfrischende Watermelon Ice Geschmack in bester Qualit\u00e4t | Vapingnet.de\" \/>\n<meta property=\"og:description\" content=\"Entdecke Bang Tn 12000 Puffs Der erfrischende Watermelon Ice Geschmack in bester Qualit\u00e4t bei vapingnet.de, \u25ba Gro\u00dfe Auswahl an Geschmacksrichtungen &amp; super g\u00fcnstig!\" \/>\n<meta property=\"og:url\" content=\"https:\/\/vapingnet.de\/lt\/vape\/bang-tn-12000-puffs-der-erfrischende-watermelon-ice-geschmack-in-bester-qualitaet\/\" \/>\n<meta property=\"og:site_name\" content=\"Vapingnet.de\" \/>\n<meta property=\"article:publisher\" content=\"https:\/\/www.facebook.com\/vapingnetde\/\" \/>\n<meta property=\"article:modified_time\" content=\"2025-12-30T08:40:33+00:00\" \/>\n<meta property=\"og:image\" content=\"https:\/\/vapingnet.de\/wp-content\/uploads\/2025\/04\/Watermelon-Ice.png\" \/>\n\t<meta property=\"og:image:width\" content=\"1000\" \/>\n\t<meta property=\"og:image:height\" content=\"1000\" \/>\n\t<meta property=\"og:image:type\" content=\"image\/png\" \/>\n<meta name=\"twitter:card\" content=\"summary_large_image\" \/>\n<meta name=\"twitter:label1\" content=\"Est. reading time\" \/>\n\t<meta name=\"twitter:data1\" content=\"3 minutes\" \/>\n<script type=\"application\/ld+json\" class=\"yoast-schema-graph\">{\"@context\":\"https:\/\/schema.org\",\"@graph\":[{\"@type\":\"WebPage\",\"@id\":\"https:\/\/vapingnet.de\/vape\/bang-tn-12000-puffs-der-erfrischende-watermelon-ice-geschmack-in-bester-qualitaet\/\",\"url\":\"https:\/\/vapingnet.de\/vape\/bang-tn-12000-puffs-der-erfrischende-watermelon-ice-geschmack-in-bester-qualitaet\/\",\"name\":\"Bang Tn 12000 Puffs Der erfrischende Watermelon Ice Geschmack in bester Qualit\u00e4t | Vapingnet.de\",\"isPartOf\":{\"@id\":\"https:\/\/vapingnet.de\/#website\"},\"primaryImageOfPage\":{\"@id\":\"https:\/\/vapingnet.de\/vape\/bang-tn-12000-puffs-der-erfrischende-watermelon-ice-geschmack-in-bester-qualitaet\/#primaryimage\"},\"image\":{\"@id\":\"https:\/\/vapingnet.de\/vape\/bang-tn-12000-puffs-der-erfrischende-watermelon-ice-geschmack-in-bester-qualitaet\/#primaryimage\"},\"thumbnailUrl\":\"https:\/\/vapingnet.de\/wp-content\/uploads\/2025\/04\/Watermelon-Ice.png\",\"datePublished\":\"2025-04-11T05:55:23+00:00\",\"dateModified\":\"2025-12-30T08:40:33+00:00\",\"description\":\"Entdecke Bang Tn 12000 Puffs Der erfrischende Watermelon Ice Geschmack in bester Qualit\u00e4t bei vapingnet.de, \u25ba Gro\u00dfe Auswahl an Geschmacksrichtungen & super g\u00fcnstig!\",\"breadcrumb\":{\"@id\":\"https:\/\/vapingnet.de\/vape\/bang-tn-12000-puffs-der-erfrischende-watermelon-ice-geschmack-in-bester-qualitaet\/#breadcrumb\"},\"inLanguage\":\"lt-LT\",\"potentialAction\":[{\"@type\":\"ReadAction\",\"target\":[\"https:\/\/vapingnet.de\/vape\/bang-tn-12000-puffs-der-erfrischende-watermelon-ice-geschmack-in-bester-qualitaet\/\"]}]},{\"@type\":\"ImageObject\",\"inLanguage\":\"lt-LT\",\"@id\":\"https:\/\/vapingnet.de\/vape\/bang-tn-12000-puffs-der-erfrischende-watermelon-ice-geschmack-in-bester-qualitaet\/#primaryimage\",\"url\":\"https:\/\/vapingnet.de\/wp-content\/uploads\/2025\/04\/Watermelon-Ice.png\",\"contentUrl\":\"https:\/\/vapingnet.de\/wp-content\/uploads\/2025\/04\/Watermelon-Ice.png\",\"width\":1000,\"height\":1000},{\"@type\":\"BreadcrumbList\",\"@id\":\"https:\/\/vapingnet.de\/vape\/bang-tn-12000-puffs-der-erfrischende-watermelon-ice-geschmack-in-bester-qualitaet\/#breadcrumb\",\"itemListElement\":[{\"@type\":\"ListItem\",\"position\":1,\"name\":\"Home\",\"item\":\"https:\/\/vapingnet.de\/\"},{\"@type\":\"ListItem\",\"position\":2,\"name\":\"Shop\",\"item\":\"https:\/\/vapingnet.de\/vape\/\"},{\"@type\":\"ListItem\",\"position\":3,\"name\":\"Bang Tn 12000 Puffs Der erfrischende Watermelon Ice Geschmack in bester Qualit\u00e4t\"}]},{\"@type\":\"WebSite\",\"@id\":\"https:\/\/vapingnet.de\/#website\",\"url\":\"https:\/\/vapingnet.de\/\",\"name\":\"Vapingnet.de\",\"description\":\"\",\"publisher\":{\"@id\":\"https:\/\/vapingnet.de\/#organization\"},\"potentialAction\":[{\"@type\":\"SearchAction\",\"target\":{\"@type\":\"EntryPoint\",\"urlTemplate\":\"https:\/\/vapingnet.de\/?s={search_term_string}\"},\"query-input\":{\"@type\":\"PropertyValueSpecification\",\"valueRequired\":true,\"valueName\":\"search_term_string\"}}],\"inLanguage\":\"lt-LT\"},{\"@type\":\"Organization\",\"@id\":\"https:\/\/vapingnet.de\/#organization\",\"name\":\"Vapingnet.de\",\"url\":\"https:\/\/vapingnet.de\/\",\"logo\":{\"@type\":\"ImageObject\",\"inLanguage\":\"lt-LT\",\"@id\":\"https:\/\/vapingnet.de\/#\/schema\/logo\/image\/\",\"url\":\"https:\/\/vapingnet.de\/wp-content\/uploads\/2025\/03\/cropped-vapingnet.de_.jpg\",\"contentUrl\":\"https:\/\/vapingnet.de\/wp-content\/uploads\/2025\/03\/cropped-vapingnet.de_.jpg\",\"width\":512,\"height\":512,\"caption\":\"Vapingnet.de\"},\"image\":{\"@id\":\"https:\/\/vapingnet.de\/#\/schema\/logo\/image\/\"},\"sameAs\":[\"https:\/\/www.facebook.com\/vapingnetde\/\"]}]}<\/script>\n<!-- \/ Yoast SEO plugin. -->","yoast_head_json":{"title":"Bang Tn 12000 Puffs Der erfrischende Watermelon Ice Geschmack in bester Qualit\u00e4t | Vapingnet.de","description":"Entdecke Bang Tn 12000 Puffs Der erfrischende Watermelon Ice Geschmack in bester Qualit\u00e4t bei vapingnet.de, \u25ba Gro\u00dfe Auswahl an Geschmacksrichtungen & super g\u00fcnstig!","robots":{"index":"index","follow":"follow","max-snippet":"max-snippet:-1","max-image-preview":"max-image-preview:large","max-video-preview":"max-video-preview:-1"},"canonical":"https:\/\/vapingnet.de\/lt\/vape\/bang-tn-12000-puffs-der-erfrischende-watermelon-ice-geschmack-in-bester-qualitaet\/","og_locale":"lt_LT","og_type":"article","og_title":"Bang Tn 12000 Puffs Der erfrischende Watermelon Ice Geschmack in bester Qualit\u00e4t | Vapingnet.de","og_description":"Entdecke Bang Tn 12000 Puffs Der erfrischende Watermelon Ice Geschmack in bester Qualit\u00e4t bei vapingnet.de, \u25ba Gro\u00dfe Auswahl an Geschmacksrichtungen & super g\u00fcnstig!","og_url":"https:\/\/vapingnet.de\/lt\/vape\/bang-tn-12000-puffs-der-erfrischende-watermelon-ice-geschmack-in-bester-qualitaet\/","og_site_name":"Vapingnet.de","article_publisher":"https:\/\/www.facebook.com\/vapingnetde\/","article_modified_time":"2025-12-30T08:40:33+00:00","og_image":[{"width":1000,"height":1000,"url":"https:\/\/vapingnet.de\/wp-content\/uploads\/2025\/04\/Watermelon-Ice.png","type":"image\/png"}],"twitter_card":"summary_large_image","twitter_misc":{"Est. reading time":"3 minutes"},"schema":{"@context":"https:\/\/schema.org","@graph":[{"@type":"WebPage","@id":"https:\/\/vapingnet.de\/vape\/bang-tn-12000-puffs-der-erfrischende-watermelon-ice-geschmack-in-bester-qualitaet\/","url":"https:\/\/vapingnet.de\/vape\/bang-tn-12000-puffs-der-erfrischende-watermelon-ice-geschmack-in-bester-qualitaet\/","name":"Bang Tn 12000 Puffs Der erfrischende Watermelon Ice Geschmack in bester Qualit\u00e4t | Vapingnet.de","isPartOf":{"@id":"https:\/\/vapingnet.de\/#website"},"primaryImageOfPage":{"@id":"https:\/\/vapingnet.de\/vape\/bang-tn-12000-puffs-der-erfrischende-watermelon-ice-geschmack-in-bester-qualitaet\/#primaryimage"},"image":{"@id":"https:\/\/vapingnet.de\/vape\/bang-tn-12000-puffs-der-erfrischende-watermelon-ice-geschmack-in-bester-qualitaet\/#primaryimage"},"thumbnailUrl":"https:\/\/vapingnet.de\/wp-content\/uploads\/2025\/04\/Watermelon-Ice.png","datePublished":"2025-04-11T05:55:23+00:00","dateModified":"2025-12-30T08:40:33+00:00","description":"Entdecke Bang Tn 12000 Puffs Der erfrischende Watermelon Ice Geschmack in bester Qualit\u00e4t bei vapingnet.de, \u25ba Gro\u00dfe Auswahl an Geschmacksrichtungen & super g\u00fcnstig!","breadcrumb":{"@id":"https:\/\/vapingnet.de\/vape\/bang-tn-12000-puffs-der-erfrischende-watermelon-ice-geschmack-in-bester-qualitaet\/#breadcrumb"},"inLanguage":"lt-LT","potentialAction":[{"@type":"ReadAction","target":["https:\/\/vapingnet.de\/vape\/bang-tn-12000-puffs-der-erfrischende-watermelon-ice-geschmack-in-bester-qualitaet\/"]}]},{"@type":"ImageObject","inLanguage":"lt-LT","@id":"https:\/\/vapingnet.de\/vape\/bang-tn-12000-puffs-der-erfrischende-watermelon-ice-geschmack-in-bester-qualitaet\/#primaryimage","url":"https:\/\/vapingnet.de\/wp-content\/uploads\/2025\/04\/Watermelon-Ice.png","contentUrl":"https:\/\/vapingnet.de\/wp-content\/uploads\/2025\/04\/Watermelon-Ice.png","width":1000,"height":1000},{"@type":"BreadcrumbList","@id":"https:\/\/vapingnet.de\/vape\/bang-tn-12000-puffs-der-erfrischende-watermelon-ice-geschmack-in-bester-qualitaet\/#breadcrumb","itemListElement":[{"@type":"ListItem","position":1,"name":"Home","item":"https:\/\/vapingnet.de\/"},{"@type":"ListItem","position":2,"name":"Shop","item":"https:\/\/vapingnet.de\/vape\/"},{"@type":"ListItem","position":3,"name":"Bang Tn 12000 Puffs Der erfrischende Watermelon Ice Geschmack in bester Qualit\u00e4t"}]},{"@type":"WebSite","@id":"https:\/\/vapingnet.de\/#website","url":"https:\/\/vapingnet.de\/","name":"Vapingnet.de","description":"","publisher":{"@id":"https:\/\/vapingnet.de\/#organization"},"potentialAction":[{"@type":"SearchAction","target":{"@type":"EntryPoint","urlTemplate":"https:\/\/vapingnet.de\/?s={search_term_string}"},"query-input":{"@type":"PropertyValueSpecification","valueRequired":true,"valueName":"search_term_string"}}],"inLanguage":"lt-LT"},{"@type":"Organization","@id":"https:\/\/vapingnet.de\/#organization","name":"Vapingnet.de","url":"https:\/\/vapingnet.de\/","logo":{"@type":"ImageObject","inLanguage":"lt-LT","@id":"https:\/\/vapingnet.de\/#\/schema\/logo\/image\/","url":"https:\/\/vapingnet.de\/wp-content\/uploads\/2025\/03\/cropped-vapingnet.de_.jpg","contentUrl":"https:\/\/vapingnet.de\/wp-content\/uploads\/2025\/03\/cropped-vapingnet.de_.jpg","width":512,"height":512,"caption":"Vapingnet.de"},"image":{"@id":"https:\/\/vapingnet.de\/#\/schema\/logo\/image\/"},"sameAs":["https:\/\/www.facebook.com\/vapingnetde\/"]}]}},"tiered_pricing_type":"fixed","tiered_pricing_fixed_rules":{"10":"7.31","60":"6.58","110":"5.85","200":"5.12"},"tiered_pricing_product_settings":{"layout":"default","base_unit_name":{"singular":null,"plural":null},"default_variation":null},"tiered_pricing_minimum_quantity":null,"tiered_pricing_roles_data":[],"tiered_pricing_percentage_rules":[],"_links":{"self":[{"href":"https:\/\/vapingnet.de\/lt\/wp-json\/wp\/v2\/product\/6245","targetHints":{"allow":["GET"]}}],"collection":[{"href":"https:\/\/vapingnet.de\/lt\/wp-json\/wp\/v2\/product"}],"about":[{"href":"https:\/\/vapingnet.de\/lt\/wp-json\/wp\/v2\/types\/product"}],"version-history":[{"count":1,"href":"https:\/\/vapingnet.de\/lt\/wp-json\/wp\/v2\/product\/6245\/revisions"}],"predecessor-version":[{"id":6257,"href":"https:\/\/vapingnet.de\/lt\/wp-json\/wp\/v2\/product\/6245\/revisions\/6257"}],"wp:featuredmedia":[{"embeddable":true,"href":"https:\/\/vapingnet.de\/lt\/wp-json\/wp\/v2\/media\/6251"}],"wp:attachment":[{"href":"https:\/\/vapingnet.de\/lt\/wp-json\/wp\/v2\/media?parent=6245"}],"wp:term":[{"taxonomy":"brand","embeddable":true,"href":"https:\/\/vapingnet.de\/lt\/wp-json\/wp\/v2\/etheme_brands?post=6245"},{"taxonomy":"product_brand","embeddable":true,"href":"https:\/\/vapingnet.de\/lt\/wp-json\/wp\/v2\/product_brand?post=6245"},{"taxonomy":"product_cat","embeddable":true,"href":"https:\/\/vapingnet.de\/lt\/wp-json\/wp\/v2\/product_cat?post=6245"},{"taxonomy":"product_tag","embeddable":true,"href":"https:\/\/vapingnet.de\/lt\/wp-json\/wp\/v2\/product_tag?post=6245"}],"curies":[{"name":"wp","href":"https:\/\/api.w.org\/{rel}","templated":true}]}}