{"id":6246,"date":"2025-04-11T05:55:28","date_gmt":"2025-04-11T05:55:28","guid":{"rendered":"https:\/\/vapingnet.de\/?post_type=product&#038;p=6246"},"modified":"2025-12-30T08:40:23","modified_gmt":"2025-12-30T08:40:23","slug":"strawberry-banana-bang-tn-12000-puffs-der-weltweite-hit-in-top-qualitaet","status":"publish","type":"product","link":"https:\/\/vapingnet.de\/lt\/vape\/strawberry-banana-bang-tn-12000-puffs-der-weltweite-hit-in-top-qualitaet\/","title":{"rendered":"\u0160ilauogi\u0173 banan\u0173 Bang Tn 12000 p\u016btim\u0173 Pasaulinis hitas auk\u0161\u010diausios kokyb\u0117s"},"content":{"rendered":"<h2 data-start=\"27\" data-end=\"102\" data-immersive-translate-walked=\"bca56ad2-5e60-4a94-aef0-9ddaf9a8caff\">Bang Tn 12000 Puffs: Tobulas patogumas ir ilgalaikis malonumas<\/h2>\n<p class=\"\" data-start=\"104\" data-end=\"439\" data-immersive-translate-walked=\"bca56ad2-5e60-4a94-aef0-9ddaf9a8caff\" data-immersive-translate-paragraph=\"1\">D\u016bm\u0173 m\u0117g\u0117jams, kurie ie\u0161ko prakti\u0161ko ir ilgaam\u017eio sprendimo, Bang Tn 12000 Puffs vienkartin\u0117 elektronin\u0117 cigaret\u0117 yra puikus pasirinkimas. Ji si\u016blo ne tik daugyb\u0119 skoni\u0173, bet ir puik\u0173 kainos ir kokyb\u0117s santyk\u012f bei u\u017etikrina, kad kiekvienas \u012fkv\u0117pimas b\u016bt\u0173 nuolatinis malonus patyrimas.<\/p>\n<h3 class=\"\" data-start=\"441\" data-end=\"477\" data-immersive-translate-walked=\"bca56ad2-5e60-4a94-aef0-9ddaf9a8caff\">Produkto ypatyb\u0117s ir na\u0161umas<\/h3>\n<ul data-start=\"479\" data-end=\"1059\" data-immersive-translate-walked=\"bca56ad2-5e60-4a94-aef0-9ddaf9a8caff\">\n<li class=\"\" data-start=\"479\" data-end=\"593\" data-immersive-translate-walked=\"bca56ad2-5e60-4a94-aef0-9ddaf9a8caff\">\n<p class=\"\" data-start=\"481\" data-end=\"593\" data-immersive-translate-walked=\"bca56ad2-5e60-4a94-aef0-9ddaf9a8caff\" data-immersive-translate-paragraph=\"1\">Nikotino pasirinkimai: Pasirinkite i\u0161 0%, 2%, 3% ir 5% nikotino, kad rastum\u0117te jums tinkam\u0105 stiprum\u0105.<\/p>\n<\/li>\n<li class=\"\" data-start=\"594\" data-end=\"723\" data-immersive-translate-walked=\"bca56ad2-5e60-4a94-aef0-9ddaf9a8caff\">\n<p class=\"\" data-start=\"596\" data-end=\"723\" data-immersive-translate-walked=\"bca56ad2-5e60-4a94-aef0-9ddaf9a8caff\" data-immersive-translate-paragraph=\"1\">Skystis: Su 20 ml skys\u010dio \u0161i vienkartin\u0117 elektronin\u0117 cigaret\u0117 si\u016blo \u012fsp\u016bding\u0105 12 000 \u012fkv\u0117pim\u0173 nuotol\u012f.<\/p>\n<\/li>\n<li class=\"\" data-start=\"724\" data-end=\"836\" data-immersive-translate-walked=\"bca56ad2-5e60-4a94-aef0-9ddaf9a8caff\">\n<p class=\"\" data-start=\"726\" data-end=\"836\" data-immersive-translate-walked=\"bca56ad2-5e60-4a94-aef0-9ddaf9a8caff\" data-immersive-translate-paragraph=\"1\">Baterija: 650mAh baterija u\u017etikrina ilgalaik\u012f naudojim\u0105 be nuolatinio \u012fkrovimo.<\/p>\n<\/li>\n<li class=\"\" data-start=\"837\" data-end=\"936\" data-immersive-translate-walked=\"bca56ad2-5e60-4a94-aef0-9ddaf9a8caff\">\n<p class=\"\" data-start=\"839\" data-end=\"936\" data-immersive-translate-walked=\"bca56ad2-5e60-4a94-aef0-9ddaf9a8caff\" data-immersive-translate-paragraph=\"1\">\u012ekrovimo jungtis: Su modernia Type-C jungtimi \u012fkrovimas vyksta greitai ir patogiai.<\/p>\n<\/li>\n<li class=\"\" data-start=\"937\" data-end=\"1059\" data-immersive-translate-walked=\"bca56ad2-5e60-4a94-aef0-9ddaf9a8caff\">\n<p class=\"\" data-start=\"939\" data-end=\"1059\" data-immersive-translate-walked=\"bca56ad2-5e60-4a94-aef0-9ddaf9a8caff\" data-immersive-translate-paragraph=\"1\">\u0160ildymo sistema: Apr\u016bpinta 1,2\u03a9 tinklelio rit\u0117, u\u017etikrinanti tolyg\u0173 ir intensyvesn\u012f gar\u0173 i\u0161siskyrim\u0105.<\/p>\n<\/li>\n<\/ul>\n<h5 data-start=\"1061\" data-end=\"1110\" data-immersive-translate-walked=\"bca56ad2-5e60-4a94-aef0-9ddaf9a8caff\">Skonio pasirinkimas: \u0160vie\u017eios vaisi\u0173 gaivos<\/h5>\n<p class=\"\" data-start=\"1112\" data-end=\"1394\" data-immersive-translate-walked=\"bca56ad2-5e60-4a94-aef0-9ddaf9a8caff\" data-immersive-translate-paragraph=\"1\">Bang Tn 12000 Puffs su Watermelon Ice skoniu si\u016blo gaiv\u0173 derin\u012f i\u0161 sald\u017eios arb\u016bzo ir \u0161alto ledo natos. \u0160is vaisinis skonis puikiai i\u0161ry\u0161k\u0117ja d\u0117ka tinklelio rit\u0117s, tod\u0117l kiekvienas \u012fkv\u0117pimas tampa tikru malonumu.<\/p>\n<h5 data-start=\"1396\" data-end=\"1437\" data-immersive-translate-walked=\"bca56ad2-5e60-4a94-aef0-9ddaf9a8caff\">Greitas pristatymas: 7-15 darbo dien\u0173<\/h5>\n<p class=\"\" data-start=\"1439\" data-end=\"1700\" data-immersive-translate-walked=\"bca56ad2-5e60-4a94-aef0-9ddaf9a8caff\" data-immersive-translate-paragraph=\"1\">U\u017esakydami Bang Tn 12000 Puffs per vapingnet.de, galite tik\u0117tis greito pristatymo per 7 iki 15 darbo dien\u0173. Produktai bus greitai i\u0161si\u0173sti, kad gal\u0117tum\u0117te greitai prad\u0117ti d\u016bmoti be ilgo laukimo.<\/p>\n<h5 data-start=\"1702\" data-end=\"1744\" data-immersive-translate-walked=\"bca56ad2-5e60-4a94-aef0-9ddaf9a8caff\">Be muit\u0173: Joki\u0173 pasl\u0117pt\u0173 mokes\u010di\u0173<\/h5>\n<p class=\"\" data-start=\"1746\" data-end=\"2001\" data-immersive-translate-walked=\"bca56ad2-5e60-4a94-aef0-9ddaf9a8caff\" data-immersive-translate-paragraph=\"1\">Dar vienas didelis privalumas perkant \u0161i\u0105 elektronin\u0119 cigaret\u0119 yra tai, kad siuntimas \u012f Lietuv\u0105 yra be muit\u0173. Tai rei\u0161kia, kad papildom\u0173 mokes\u010di\u0173 ar muit\u0173 nebus. Mokate tik u\u017e pat\u012f produkt\u0105 be netik\u0117t\u0173 papildom\u0173 i\u0161laid\u0173.<\/p>\n<h3 class=\"\" data-start=\"2003\" data-end=\"2058\" data-immersive-translate-walked=\"bca56ad2-5e60-4a94-aef0-9ddaf9a8caff\">Idealiai tinka \u012fvairiems vartotoj\u0173 poreikiams<\/h3>\n<p class=\"\" data-start=\"2060\" data-end=\"2508\" data-immersive-translate-walked=\"bca56ad2-5e60-4a94-aef0-9ddaf9a8caff\" data-immersive-translate-paragraph=\"1\">Bang Tn 12000 Puffs vienkartin\u0117 elektronin\u0117 cigaret\u0117 yra puikus pasirinkimas vis\u0173 patirties lygi\u0173 d\u016bm\u0173 m\u0117g\u0117jams. Ji si\u016blo didel\u012f skys\u010dio kiek\u012f ir plat\u0173 nikotino stiprum\u0173 pasirinkim\u0105, atitinkant\u012f \u012fvairi\u0173 vartotoj\u0173 poreikius. Malonus d\u016bmavimo patyrimas, paprastas naudojimas ir greitas pristatymas daro \u0161i\u0105 elektronin\u0119 cigaret\u0119 puikia pasirinkimu tiems, kurie ie\u0161ko patogaus ir skanaus sprendimo.<\/p>\n<p class=\"\" data-start=\"2510\" data-end=\"2636\" data-immersive-translate-walked=\"bca56ad2-5e60-4a94-aef0-9ddaf9a8caff\" data-immersive-translate-paragraph=\"1\">U\u017esisakykite jau \u0161iandien per vapingnet.de ir patirkite greito pristatymo patogum\u0105 be papildom\u0173 mokes\u010di\u0173!<\/p>","protected":false},"excerpt":{"rendered":"<p>Bang Tn 12000 Puffs: Perfekte Bequemlichkeit und langanhaltender Genuss F\u00fcr Dampfer, die nach einer praktischen und langlebigen L\u00f6sung suchen, ist die Bang Tn 12000 Puffs&#8230;<\/p>","protected":false},"featured_media":6252,"template":"","meta":[],"etheme_brands":[],"product_brand":[101],"product_cat":[88,49,61],"product_tag":[],"class_list":{"0":"post-6246","1":"product","2":"type-product","3":"status-publish","4":"has-post-thumbnail","6":"product_brand-bang-king-vape","7":"product_cat-12k-vape","8":"product_cat-einweg-e-zigarette","9":"product_cat-f","11":"first","12":"instock","13":"shipping-taxable","14":"purchasable","15":"product-type-simple"},"yoast_head":"<!-- This site is optimized with the Yoast SEO plugin v26.5 - https:\/\/yoast.com\/wordpress\/plugins\/seo\/ -->\n<title>Strawberry Banana Bang Tn 12000 Puffs Der weltweite Hit in Top Qualit\u00e4t | Vapingnet.de<\/title>\n<meta name=\"description\" content=\"Entdecke Strawberry Banana Bang Tn 12000 Puffs Der weltweite Hit in Top Qualit\u00e4t bei vapingnet.de, \u25ba Gro\u00dfe Auswahl an Geschmacksrichtungen &amp; super g\u00fcnstig!\" \/>\n<meta name=\"robots\" content=\"index, follow, max-snippet:-1, max-image-preview:large, max-video-preview:-1\" \/>\n<link rel=\"canonical\" href=\"https:\/\/vapingnet.de\/lt\/vape\/strawberry-banana-bang-tn-12000-puffs-der-weltweite-hit-in-top-qualitaet\/\" \/>\n<meta property=\"og:locale\" content=\"lt_LT\" \/>\n<meta property=\"og:type\" content=\"article\" \/>\n<meta property=\"og:title\" content=\"Strawberry Banana Bang Tn 12000 Puffs Der weltweite Hit in Top Qualit\u00e4t | Vapingnet.de\" \/>\n<meta property=\"og:description\" content=\"Entdecke Strawberry Banana Bang Tn 12000 Puffs Der weltweite Hit in Top Qualit\u00e4t bei vapingnet.de, \u25ba Gro\u00dfe Auswahl an Geschmacksrichtungen &amp; super g\u00fcnstig!\" \/>\n<meta property=\"og:url\" content=\"https:\/\/vapingnet.de\/lt\/vape\/strawberry-banana-bang-tn-12000-puffs-der-weltweite-hit-in-top-qualitaet\/\" \/>\n<meta property=\"og:site_name\" content=\"Vapingnet.de\" \/>\n<meta property=\"article:publisher\" content=\"https:\/\/www.facebook.com\/vapingnetde\/\" \/>\n<meta property=\"article:modified_time\" content=\"2025-12-30T08:40:23+00:00\" \/>\n<meta property=\"og:image\" content=\"https:\/\/vapingnet.de\/wp-content\/uploads\/2025\/04\/Strawberry-Banana.png\" \/>\n\t<meta property=\"og:image:width\" content=\"1000\" \/>\n\t<meta property=\"og:image:height\" content=\"1000\" \/>\n\t<meta property=\"og:image:type\" content=\"image\/png\" \/>\n<meta name=\"twitter:card\" content=\"summary_large_image\" \/>\n<meta name=\"twitter:label1\" content=\"Est. reading time\" \/>\n\t<meta name=\"twitter:data1\" content=\"3 minutes\" \/>\n<script type=\"application\/ld+json\" class=\"yoast-schema-graph\">{\"@context\":\"https:\/\/schema.org\",\"@graph\":[{\"@type\":\"WebPage\",\"@id\":\"https:\/\/vapingnet.de\/vape\/strawberry-banana-bang-tn-12000-puffs-der-weltweite-hit-in-top-qualitaet\/\",\"url\":\"https:\/\/vapingnet.de\/vape\/strawberry-banana-bang-tn-12000-puffs-der-weltweite-hit-in-top-qualitaet\/\",\"name\":\"Strawberry Banana Bang Tn 12000 Puffs Der weltweite Hit in Top Qualit\u00e4t | Vapingnet.de\",\"isPartOf\":{\"@id\":\"https:\/\/vapingnet.de\/#website\"},\"primaryImageOfPage\":{\"@id\":\"https:\/\/vapingnet.de\/vape\/strawberry-banana-bang-tn-12000-puffs-der-weltweite-hit-in-top-qualitaet\/#primaryimage\"},\"image\":{\"@id\":\"https:\/\/vapingnet.de\/vape\/strawberry-banana-bang-tn-12000-puffs-der-weltweite-hit-in-top-qualitaet\/#primaryimage\"},\"thumbnailUrl\":\"https:\/\/vapingnet.de\/wp-content\/uploads\/2025\/04\/Strawberry-Banana.png\",\"datePublished\":\"2025-04-11T05:55:28+00:00\",\"dateModified\":\"2025-12-30T08:40:23+00:00\",\"description\":\"Entdecke Strawberry Banana Bang Tn 12000 Puffs Der weltweite Hit in Top Qualit\u00e4t bei vapingnet.de, \u25ba Gro\u00dfe Auswahl an Geschmacksrichtungen & super g\u00fcnstig!\",\"breadcrumb\":{\"@id\":\"https:\/\/vapingnet.de\/vape\/strawberry-banana-bang-tn-12000-puffs-der-weltweite-hit-in-top-qualitaet\/#breadcrumb\"},\"inLanguage\":\"lt-LT\",\"potentialAction\":[{\"@type\":\"ReadAction\",\"target\":[\"https:\/\/vapingnet.de\/vape\/strawberry-banana-bang-tn-12000-puffs-der-weltweite-hit-in-top-qualitaet\/\"]}]},{\"@type\":\"ImageObject\",\"inLanguage\":\"lt-LT\",\"@id\":\"https:\/\/vapingnet.de\/vape\/strawberry-banana-bang-tn-12000-puffs-der-weltweite-hit-in-top-qualitaet\/#primaryimage\",\"url\":\"https:\/\/vapingnet.de\/wp-content\/uploads\/2025\/04\/Strawberry-Banana.png\",\"contentUrl\":\"https:\/\/vapingnet.de\/wp-content\/uploads\/2025\/04\/Strawberry-Banana.png\",\"width\":1000,\"height\":1000},{\"@type\":\"BreadcrumbList\",\"@id\":\"https:\/\/vapingnet.de\/vape\/strawberry-banana-bang-tn-12000-puffs-der-weltweite-hit-in-top-qualitaet\/#breadcrumb\",\"itemListElement\":[{\"@type\":\"ListItem\",\"position\":1,\"name\":\"Home\",\"item\":\"https:\/\/vapingnet.de\/\"},{\"@type\":\"ListItem\",\"position\":2,\"name\":\"Shop\",\"item\":\"https:\/\/vapingnet.de\/vape\/\"},{\"@type\":\"ListItem\",\"position\":3,\"name\":\"Strawberry Banana Bang Tn 12000 Puffs Der weltweite Hit in Top Qualit\u00e4t\"}]},{\"@type\":\"WebSite\",\"@id\":\"https:\/\/vapingnet.de\/#website\",\"url\":\"https:\/\/vapingnet.de\/\",\"name\":\"Vapingnet.de\",\"description\":\"\",\"publisher\":{\"@id\":\"https:\/\/vapingnet.de\/#organization\"},\"potentialAction\":[{\"@type\":\"SearchAction\",\"target\":{\"@type\":\"EntryPoint\",\"urlTemplate\":\"https:\/\/vapingnet.de\/?s={search_term_string}\"},\"query-input\":{\"@type\":\"PropertyValueSpecification\",\"valueRequired\":true,\"valueName\":\"search_term_string\"}}],\"inLanguage\":\"lt-LT\"},{\"@type\":\"Organization\",\"@id\":\"https:\/\/vapingnet.de\/#organization\",\"name\":\"Vapingnet.de\",\"url\":\"https:\/\/vapingnet.de\/\",\"logo\":{\"@type\":\"ImageObject\",\"inLanguage\":\"lt-LT\",\"@id\":\"https:\/\/vapingnet.de\/#\/schema\/logo\/image\/\",\"url\":\"https:\/\/vapingnet.de\/wp-content\/uploads\/2025\/03\/cropped-vapingnet.de_.jpg\",\"contentUrl\":\"https:\/\/vapingnet.de\/wp-content\/uploads\/2025\/03\/cropped-vapingnet.de_.jpg\",\"width\":512,\"height\":512,\"caption\":\"Vapingnet.de\"},\"image\":{\"@id\":\"https:\/\/vapingnet.de\/#\/schema\/logo\/image\/\"},\"sameAs\":[\"https:\/\/www.facebook.com\/vapingnetde\/\"]}]}<\/script>\n<!-- \/ Yoast SEO plugin. -->","yoast_head_json":{"title":"Strawberry Banana Bang Tn 12000 Puffs Der weltweite Hit in Top Qualit\u00e4t | Vapingnet.de","description":"Entdecke Strawberry Banana Bang Tn 12000 Puffs Der weltweite Hit in Top Qualit\u00e4t bei vapingnet.de, \u25ba Gro\u00dfe Auswahl an Geschmacksrichtungen & super g\u00fcnstig!","robots":{"index":"index","follow":"follow","max-snippet":"max-snippet:-1","max-image-preview":"max-image-preview:large","max-video-preview":"max-video-preview:-1"},"canonical":"https:\/\/vapingnet.de\/lt\/vape\/strawberry-banana-bang-tn-12000-puffs-der-weltweite-hit-in-top-qualitaet\/","og_locale":"lt_LT","og_type":"article","og_title":"Strawberry Banana Bang Tn 12000 Puffs Der weltweite Hit in Top Qualit\u00e4t | Vapingnet.de","og_description":"Entdecke Strawberry Banana Bang Tn 12000 Puffs Der weltweite Hit in Top Qualit\u00e4t bei vapingnet.de, \u25ba Gro\u00dfe Auswahl an Geschmacksrichtungen & super g\u00fcnstig!","og_url":"https:\/\/vapingnet.de\/lt\/vape\/strawberry-banana-bang-tn-12000-puffs-der-weltweite-hit-in-top-qualitaet\/","og_site_name":"Vapingnet.de","article_publisher":"https:\/\/www.facebook.com\/vapingnetde\/","article_modified_time":"2025-12-30T08:40:23+00:00","og_image":[{"width":1000,"height":1000,"url":"https:\/\/vapingnet.de\/wp-content\/uploads\/2025\/04\/Strawberry-Banana.png","type":"image\/png"}],"twitter_card":"summary_large_image","twitter_misc":{"Est. reading time":"3 minutes"},"schema":{"@context":"https:\/\/schema.org","@graph":[{"@type":"WebPage","@id":"https:\/\/vapingnet.de\/vape\/strawberry-banana-bang-tn-12000-puffs-der-weltweite-hit-in-top-qualitaet\/","url":"https:\/\/vapingnet.de\/vape\/strawberry-banana-bang-tn-12000-puffs-der-weltweite-hit-in-top-qualitaet\/","name":"Strawberry Banana Bang Tn 12000 Puffs Der weltweite Hit in Top Qualit\u00e4t | Vapingnet.de","isPartOf":{"@id":"https:\/\/vapingnet.de\/#website"},"primaryImageOfPage":{"@id":"https:\/\/vapingnet.de\/vape\/strawberry-banana-bang-tn-12000-puffs-der-weltweite-hit-in-top-qualitaet\/#primaryimage"},"image":{"@id":"https:\/\/vapingnet.de\/vape\/strawberry-banana-bang-tn-12000-puffs-der-weltweite-hit-in-top-qualitaet\/#primaryimage"},"thumbnailUrl":"https:\/\/vapingnet.de\/wp-content\/uploads\/2025\/04\/Strawberry-Banana.png","datePublished":"2025-04-11T05:55:28+00:00","dateModified":"2025-12-30T08:40:23+00:00","description":"Entdecke Strawberry Banana Bang Tn 12000 Puffs Der weltweite Hit in Top Qualit\u00e4t bei vapingnet.de, \u25ba Gro\u00dfe Auswahl an Geschmacksrichtungen & super g\u00fcnstig!","breadcrumb":{"@id":"https:\/\/vapingnet.de\/vape\/strawberry-banana-bang-tn-12000-puffs-der-weltweite-hit-in-top-qualitaet\/#breadcrumb"},"inLanguage":"lt-LT","potentialAction":[{"@type":"ReadAction","target":["https:\/\/vapingnet.de\/vape\/strawberry-banana-bang-tn-12000-puffs-der-weltweite-hit-in-top-qualitaet\/"]}]},{"@type":"ImageObject","inLanguage":"lt-LT","@id":"https:\/\/vapingnet.de\/vape\/strawberry-banana-bang-tn-12000-puffs-der-weltweite-hit-in-top-qualitaet\/#primaryimage","url":"https:\/\/vapingnet.de\/wp-content\/uploads\/2025\/04\/Strawberry-Banana.png","contentUrl":"https:\/\/vapingnet.de\/wp-content\/uploads\/2025\/04\/Strawberry-Banana.png","width":1000,"height":1000},{"@type":"BreadcrumbList","@id":"https:\/\/vapingnet.de\/vape\/strawberry-banana-bang-tn-12000-puffs-der-weltweite-hit-in-top-qualitaet\/#breadcrumb","itemListElement":[{"@type":"ListItem","position":1,"name":"Home","item":"https:\/\/vapingnet.de\/"},{"@type":"ListItem","position":2,"name":"Shop","item":"https:\/\/vapingnet.de\/vape\/"},{"@type":"ListItem","position":3,"name":"Strawberry Banana Bang Tn 12000 Puffs Der weltweite Hit in Top Qualit\u00e4t"}]},{"@type":"WebSite","@id":"https:\/\/vapingnet.de\/#website","url":"https:\/\/vapingnet.de\/","name":"Vapingnet.de","description":"","publisher":{"@id":"https:\/\/vapingnet.de\/#organization"},"potentialAction":[{"@type":"SearchAction","target":{"@type":"EntryPoint","urlTemplate":"https:\/\/vapingnet.de\/?s={search_term_string}"},"query-input":{"@type":"PropertyValueSpecification","valueRequired":true,"valueName":"search_term_string"}}],"inLanguage":"lt-LT"},{"@type":"Organization","@id":"https:\/\/vapingnet.de\/#organization","name":"Vapingnet.de","url":"https:\/\/vapingnet.de\/","logo":{"@type":"ImageObject","inLanguage":"lt-LT","@id":"https:\/\/vapingnet.de\/#\/schema\/logo\/image\/","url":"https:\/\/vapingnet.de\/wp-content\/uploads\/2025\/03\/cropped-vapingnet.de_.jpg","contentUrl":"https:\/\/vapingnet.de\/wp-content\/uploads\/2025\/03\/cropped-vapingnet.de_.jpg","width":512,"height":512,"caption":"Vapingnet.de"},"image":{"@id":"https:\/\/vapingnet.de\/#\/schema\/logo\/image\/"},"sameAs":["https:\/\/www.facebook.com\/vapingnetde\/"]}]}},"tiered_pricing_type":"fixed","tiered_pricing_fixed_rules":{"10":"7.31","60":"6.58","110":"5.85","200":"5.12"},"tiered_pricing_product_settings":{"layout":"default","base_unit_name":{"singular":null,"plural":null},"default_variation":null},"tiered_pricing_minimum_quantity":null,"tiered_pricing_roles_data":[],"tiered_pricing_percentage_rules":[],"_links":{"self":[{"href":"https:\/\/vapingnet.de\/lt\/wp-json\/wp\/v2\/product\/6246","targetHints":{"allow":["GET"]}}],"collection":[{"href":"https:\/\/vapingnet.de\/lt\/wp-json\/wp\/v2\/product"}],"about":[{"href":"https:\/\/vapingnet.de\/lt\/wp-json\/wp\/v2\/types\/product"}],"version-history":[{"count":1,"href":"https:\/\/vapingnet.de\/lt\/wp-json\/wp\/v2\/product\/6246\/revisions"}],"predecessor-version":[{"id":6258,"href":"https:\/\/vapingnet.de\/lt\/wp-json\/wp\/v2\/product\/6246\/revisions\/6258"}],"wp:featuredmedia":[{"embeddable":true,"href":"https:\/\/vapingnet.de\/lt\/wp-json\/wp\/v2\/media\/6252"}],"wp:attachment":[{"href":"https:\/\/vapingnet.de\/lt\/wp-json\/wp\/v2\/media?parent=6246"}],"wp:term":[{"taxonomy":"brand","embeddable":true,"href":"https:\/\/vapingnet.de\/lt\/wp-json\/wp\/v2\/etheme_brands?post=6246"},{"taxonomy":"product_brand","embeddable":true,"href":"https:\/\/vapingnet.de\/lt\/wp-json\/wp\/v2\/product_brand?post=6246"},{"taxonomy":"product_cat","embeddable":true,"href":"https:\/\/vapingnet.de\/lt\/wp-json\/wp\/v2\/product_cat?post=6246"},{"taxonomy":"product_tag","embeddable":true,"href":"https:\/\/vapingnet.de\/lt\/wp-json\/wp\/v2\/product_tag?post=6246"}],"curies":[{"name":"wp","href":"https:\/\/api.w.org\/{rel}","templated":true}]}}