{"id":6261,"date":"2025-04-11T07:05:06","date_gmt":"2025-04-11T07:05:06","guid":{"rendered":"https:\/\/vapingnet.de\/?post_type=product&#038;p=6261"},"modified":"2025-06-19T03:39:56","modified_gmt":"2025-06-19T03:39:56","slug":"bestellen-sie-den-bang-king-smart-screen-15000-puff-mit-blueberry-cherry-lemon-global-bestseller","status":"publish","type":"product","link":"https:\/\/vapingnet.de\/lt\/vape\/bestellen-sie-den-bang-king-smart-screen-15000-puff-mit-blueberry-cherry-lemon-global-bestseller\/","title":{"rendered":"U\u017esisakykite Bang King Smart Screen 15000 R\u016bkymo p\u016btimo su m\u0117lyni\u0173, vy\u0161ni\u0173 ir citrin\u0173 pasaulinis bestseleris"},"content":{"rendered":"<h2 data-start=\"0\" data-end=\"61\">Bang King Smart Screen 15000 R\u016bkali\u0173: Vaping ateitis<\/h2>\n<p class=\"\" data-start=\"63\" data-end=\"621\">Bang King Smart Screen 15000 R\u016bkali\u0173 yra auk\u0161tos kokyb\u0117s, \u012fkraunamas vienkartinis Vape \u012frenginys, sukurtas reikliems garintojams. Su pa\u017eangia technologija, pirmaujan\u010diomis med\u017eiagomis ir \u012fsp\u016bdingu p\u016btimo skai\u010diumi jis si\u016blo unikali\u0105 patirt\u012f visiems, kurie nori pakelti savo garinimo patirt\u012f \u012f kit\u0105 lyg\u012f. \u0160iame straipsnyje mes i\u0161samiai ap\u017evelgsime i\u0161skirtines Bang King Smart Screen 15000 R\u016bkali\u0173 savybes ir paai\u0161kinsime, kod\u0117l \u0161is \u012frenginys yra puikus pasirinkimas daugeliui garintoj\u0173.<\/p>\n<h4 data-start=\"623\" data-end=\"645\">Technin\u0117s detal\u0117s<\/h4>\n<p class=\"\" data-start=\"647\" data-end=\"852\">Bang King Smart Screen 15000 R\u016bkali\u0173 yra apr\u016bpintas daugybe \u012fsp\u016bding\u0173 funkcij\u0173, kurios i\u0161skiria j\u012f i\u0161 kit\u0173 vienkartini\u0173 Vape \u012frengini\u0173. Svarbiausios technin\u0117s specifikacijos yra:<\/p>\n<ul data-start=\"854\" data-end=\"2205\">\n<li class=\"\" data-start=\"854\" data-end=\"1114\">\n<p class=\"\" data-start=\"856\" data-end=\"1114\">Tinklelis Rit\u0117 (1.0 Ohm): \u0160i speciali rit\u0117 u\u017etikrina tolyg\u0173 ir intensyv\u0173 garavim\u0105, kuris daro vaping patirt\u012f dar malonesn\u0119. Tinklelio rit\u0117s suteikia geresn\u012f skon\u012f ir didesn\u012f garo kiek\u012f, palyginti su \u012fprastomis rit\u0117mis.<\/p>\n<\/li>\n<li class=\"\" data-start=\"1118\" data-end=\"1374\">\n<p class=\"\" data-start=\"1120\" data-end=\"1374\">Baterijos talpa (650mAh): Su galinga 650mAh baterija garintojai gali tik\u0117tis ilgesnio naudojimo laiko, nereikalaujant da\u017enai \u012fkrauti. Ilgaam\u017e\u0117 baterija garantuoja patog\u0173 naudojim\u0105 be da\u017en\u0173 pertrauk\u0173.<\/p>\n<\/li>\n<li class=\"\" data-start=\"1376\" data-end=\"1567\">\n<p class=\"\" data-start=\"1378\" data-end=\"1567\">E-liquido talpa (25ml): Daugiafunkcin\u0117 25ml E-liquido talpa leid\u017eia naudoti ilg\u0105 laik\u0105 be papildymo.<\/p>\n<\/li>\n<li class=\"\" data-start=\"1569\" data-end=\"1825\">\n<p class=\"\" data-start=\"1571\" data-end=\"1825\">Nikotino druska (0%, 2%, 3%, 5%): Bang King Smart Screen 15000 R\u016bkali\u0173 si\u016blo pasirinkim\u0105 nikotino druskos koncentracij\u0173, leid\u017eian\u010di\u0173 vartotojui pasirinkti pagal poreik\u012f ir pageidavim\u0105 \u2013 nuo nikotino nemokamos iki stipresni\u0173 koncentracij\u0173.<\/p>\n<\/li>\n<li class=\"\" data-start=\"1827\" data-end=\"1989\">\n<p class=\"\" data-start=\"1829\" data-end=\"1989\">\u012ekrovimo jungtis Tipo-C: Tipo-C jungtis leid\u017eia greitai ir paprastai \u012fkrauti \u012frengin\u012f, kad gal\u0117tum\u0117te v\u0117l naudotis per trumpiausi\u0105 laik\u0105.<\/p>\n<\/li>\n<li class=\"\" data-start=\"1991\" data-end=\"2205\">\n<p class=\"\" data-start=\"1993\" data-end=\"2205\">LED ekranas: Integruotas LED ekranas rodo svarbi\u0105 informacij\u0105, pvz., dabartin\u012f baterijos lyg\u012f ir likus\u012f E-liquido kiek\u012f, kad visada \u017einotum\u0117te, kiek garo dar galima naudoti.<\/p>\n<\/li>\n<\/ul>\n<h4 data-start=\"2207\" data-end=\"2244\">Skonis: M\u0117lyn\u0117s Vy\u0161nios Citrina<\/h4>\n<p class=\"\" data-start=\"2246\" data-end=\"2692\">Bang King Smart Screen 15000 R\u016bkali\u0173 yra prieinamas \u012fvairi\u0173 skoni\u0173, ta\u010diau m\u0117lyn\u0117s vy\u0161nios citrina yra viena i\u0161 populiariausi\u0173 pasirinkim\u0173. \u0160i sald\u017ei\u0173 m\u0117lyni\u0173, r\u016bg\u0161\u010di\u0173 vy\u0161ni\u0173 ir gaivios citrinos kombinacija sukuria subalansuot\u0105 ir vaising\u0105 garinimo patirt\u012f, kuri maloniai nustebins gomur\u012f. \u0160vie\u017eias skonis yra tobulas visiems, ie\u0161kantiems naujos ir \u012fdomios skonio patirties.<\/p>\n<h4 data-start=\"2694\" data-end=\"2706\">Privalumai<\/h4>\n<p class=\"\" data-start=\"2708\" data-end=\"2864\">Yra daugyb\u0117 prie\u017eas\u010di\u0173, kod\u0117l Bang King Smart Screen 15000 R\u016bkali\u0173 tapo m\u0117gstamiausiu garintoj\u0173 pasirinkimu. Svarbiausi privalumai yra:<\/p>\n<ul data-start=\"2866\" data-end=\"3657\">\n<li class=\"\" data-start=\"2866\" data-end=\"3036\">\n<p class=\"\" data-start=\"2868\" data-end=\"3036\">Ilga tarnavimo trukm\u0117: Su 15000 p\u016btim\u0173 \u0161is vienkartinis Vape \u012frenginys si\u016blo i\u0161skirtinai ilg\u0105 naudojimo laik\u0105. Tai rei\u0161kia ma\u017eiau da\u017en\u0173 pirkim\u0173 ir ma\u017eiau atliek\u0173.<\/p>\n<\/li>\n<li class=\"\" data-start=\"3038\" data-end=\"3202\">\n<p class=\"\" data-start=\"3040\" data-end=\"3202\">Mokes\u010di\u0173 nemokamas pristatymas: \u012erenginys pristatomas be mokes\u010di\u0173, tod\u0117l nereikia jaudintis d\u0117l papildom\u0173 i\u0161laid\u0173.<\/p>\n<\/li>\n<li class=\"\" data-start=\"3204\" data-end=\"3462\">\n<p class=\"\" data-start=\"3206\" data-end=\"3462\">Paprasta naudoti: D\u0117l draugi\u0161ko vartotojo s\u0105sajos Bang King Smart Screen 15000 R\u016bkali\u0173 yra idealus vis\u0173 patirties lygi\u0173 garintojams. Paprasta naudotis ir LED ekranas daro j\u012f patogiu ir lengvai suprantamu \u012frenginiu.<\/p>\n<\/li>\n<li class=\"\" data-start=\"3464\" data-end=\"3657\">\n<p class=\"\" data-start=\"3466\" data-end=\"3657\">Auk\u0161\u010diausia kokyb\u0117: Naudotos med\u017eiagos ir \u012frenginio apdirbimas garantuoja auk\u0161tos kokyb\u0117s ir ilgaam\u017ei\u0161k\u0105 naudojim\u0105, atitinkant\u012f auk\u0161tus garintoj\u0173 l\u016bkes\u010dius.<\/p>\n<\/li>\n<\/ul>\n<h3 data-start=\"3659\" data-end=\"3684\">Pristatymas ir siuntimas<\/h3>\n<p class=\"\" data-start=\"3686\" data-end=\"3922\">Bang King Smart Screen 15000 R\u016bkali\u0173 pristatymas trunka nuo 7 iki 15 darbo dien\u0173. D\u0117l greito ir efektyvaus pristatymo proceso galite b\u016bti tikri, kad j\u016bs\u0173 \u012frenginys bus greitai ir patikimai pristatytas.<\/p>\n<p class=\"\" data-start=\"3924\" data-end=\"3933\">Bang King Smart Screen 15000 R\u016bkali\u0173 \u2013 tobulas pasirinkimas reikliems garintojams<\/p>\n<p class=\"\" data-start=\"3935\" data-end=\"4390\">Bang King Smart Screen 15000 R\u016bkali\u0173 yra puikus pasirinkimas garintojams, ie\u0161kantiems galingo, patogaus naudoti ir stilingo \u012frenginio. Su \u012fsp\u016bdinga talpa, \u012fvairiomis nikotino galimyb\u0117mis ir gaiviu skoniu \u0161is \u012frenginys yra b\u016btinas visiems, m\u0117gstantiems vaping\u0105. Apsilankykite <em data-start=\"4297\" data-end=\"4311\">vapingnet.de<\/em>, kad su\u017einotum\u0117te daugiau apie \u0161\u012f produkt\u0105 ir u\u017esisakytum\u0117te savo Bambina.<\/p>","protected":false},"excerpt":{"rendered":"<p>Bang King Smart Screen 15000 Puff: Die Zukunft des Vaping Das Bang King Smart Screen 15000 Puff ist ein hochwertiges, wiederaufladbares Einweg-Vape-Ger\u00e4t, das f\u00fcr den&#8230;<\/p>","protected":false},"featured_media":6855,"template":"","meta":[],"etheme_brands":[],"product_brand":[101],"product_cat":[53,49,61],"product_tag":[],"class_list":{"0":"post-6261","1":"product","2":"type-product","3":"status-publish","4":"has-post-thumbnail","6":"product_brand-bang-king-vape","7":"product_cat-vape-15000-zuege","8":"product_cat-einweg-e-zigarette","9":"product_cat-f","11":"first","12":"instock","13":"shipping-taxable","14":"purchasable","15":"product-type-simple"},"yoast_head":"<!-- This site is optimized with the Yoast SEO plugin v26.5 - https:\/\/yoast.com\/wordpress\/plugins\/seo\/ -->\n<title>Bestellen Sie den Bang King Smart Screen 15000 Puff mit Blueberry Cherry Lemon Global Bestseller | Vapingnet.de<\/title>\n<meta name=\"description\" content=\"Entdecke Bestellen Sie den Bang King Smart Screen 15000 Puff mit Blueberry Cherry Lemon Global Bestseller bei vapingnet.de, \u25ba Gro\u00dfe Auswahl an Geschmacksrichtungen &amp; super g\u00fcnstig!\" \/>\n<meta name=\"robots\" content=\"index, follow, max-snippet:-1, max-image-preview:large, max-video-preview:-1\" \/>\n<link rel=\"canonical\" href=\"https:\/\/vapingnet.de\/lt\/vape\/bestellen-sie-den-bang-king-smart-screen-15000-puff-mit-blueberry-cherry-lemon-global-bestseller\/\" \/>\n<meta property=\"og:locale\" content=\"lt_LT\" \/>\n<meta property=\"og:type\" content=\"article\" \/>\n<meta property=\"og:title\" content=\"Bestellen Sie den Bang King Smart Screen 15000 Puff mit Blueberry Cherry Lemon Global Bestseller | Vapingnet.de\" \/>\n<meta property=\"og:description\" content=\"Entdecke Bestellen Sie den Bang King Smart Screen 15000 Puff mit Blueberry Cherry Lemon Global Bestseller bei vapingnet.de, \u25ba Gro\u00dfe Auswahl an Geschmacksrichtungen &amp; super g\u00fcnstig!\" \/>\n<meta property=\"og:url\" content=\"https:\/\/vapingnet.de\/lt\/vape\/bestellen-sie-den-bang-king-smart-screen-15000-puff-mit-blueberry-cherry-lemon-global-bestseller\/\" \/>\n<meta property=\"og:site_name\" content=\"Vapingnet.de\" \/>\n<meta property=\"article:publisher\" content=\"https:\/\/www.facebook.com\/vapingnetde\/\" \/>\n<meta property=\"article:modified_time\" content=\"2025-06-19T03:39:56+00:00\" \/>\n<meta property=\"og:image\" content=\"https:\/\/vapingnet.de\/wp-content\/uploads\/2025\/04\/bang-Blueberry-Cherry-Lemon.webp\" \/>\n\t<meta property=\"og:image:width\" content=\"1000\" \/>\n\t<meta property=\"og:image:height\" content=\"1000\" \/>\n\t<meta property=\"og:image:type\" content=\"image\/webp\" \/>\n<meta name=\"twitter:card\" content=\"summary_large_image\" \/>\n<meta name=\"twitter:label1\" content=\"Est. reading time\" \/>\n\t<meta name=\"twitter:data1\" content=\"4 minutes\" \/>\n<script type=\"application\/ld+json\" class=\"yoast-schema-graph\">{\"@context\":\"https:\/\/schema.org\",\"@graph\":[{\"@type\":\"WebPage\",\"@id\":\"https:\/\/vapingnet.de\/vape\/bestellen-sie-den-bang-king-smart-screen-15000-puff-mit-blueberry-cherry-lemon-global-bestseller\/\",\"url\":\"https:\/\/vapingnet.de\/vape\/bestellen-sie-den-bang-king-smart-screen-15000-puff-mit-blueberry-cherry-lemon-global-bestseller\/\",\"name\":\"Bestellen Sie den Bang King Smart Screen 15000 Puff mit Blueberry Cherry Lemon Global Bestseller | Vapingnet.de\",\"isPartOf\":{\"@id\":\"https:\/\/vapingnet.de\/#website\"},\"primaryImageOfPage\":{\"@id\":\"https:\/\/vapingnet.de\/vape\/bestellen-sie-den-bang-king-smart-screen-15000-puff-mit-blueberry-cherry-lemon-global-bestseller\/#primaryimage\"},\"image\":{\"@id\":\"https:\/\/vapingnet.de\/vape\/bestellen-sie-den-bang-king-smart-screen-15000-puff-mit-blueberry-cherry-lemon-global-bestseller\/#primaryimage\"},\"thumbnailUrl\":\"https:\/\/vapingnet.de\/wp-content\/uploads\/2025\/04\/bang-Blueberry-Cherry-Lemon.webp\",\"datePublished\":\"2025-04-11T07:05:06+00:00\",\"dateModified\":\"2025-06-19T03:39:56+00:00\",\"description\":\"Entdecke Bestellen Sie den Bang King Smart Screen 15000 Puff mit Blueberry Cherry Lemon Global Bestseller bei vapingnet.de, \u25ba Gro\u00dfe Auswahl an Geschmacksrichtungen & super g\u00fcnstig!\",\"breadcrumb\":{\"@id\":\"https:\/\/vapingnet.de\/vape\/bestellen-sie-den-bang-king-smart-screen-15000-puff-mit-blueberry-cherry-lemon-global-bestseller\/#breadcrumb\"},\"inLanguage\":\"lt-LT\",\"potentialAction\":[{\"@type\":\"ReadAction\",\"target\":[\"https:\/\/vapingnet.de\/vape\/bestellen-sie-den-bang-king-smart-screen-15000-puff-mit-blueberry-cherry-lemon-global-bestseller\/\"]}]},{\"@type\":\"ImageObject\",\"inLanguage\":\"lt-LT\",\"@id\":\"https:\/\/vapingnet.de\/vape\/bestellen-sie-den-bang-king-smart-screen-15000-puff-mit-blueberry-cherry-lemon-global-bestseller\/#primaryimage\",\"url\":\"https:\/\/vapingnet.de\/wp-content\/uploads\/2025\/04\/bang-Blueberry-Cherry-Lemon.webp\",\"contentUrl\":\"https:\/\/vapingnet.de\/wp-content\/uploads\/2025\/04\/bang-Blueberry-Cherry-Lemon.webp\",\"width\":1000,\"height\":1000},{\"@type\":\"BreadcrumbList\",\"@id\":\"https:\/\/vapingnet.de\/vape\/bestellen-sie-den-bang-king-smart-screen-15000-puff-mit-blueberry-cherry-lemon-global-bestseller\/#breadcrumb\",\"itemListElement\":[{\"@type\":\"ListItem\",\"position\":1,\"name\":\"Home\",\"item\":\"https:\/\/vapingnet.de\/\"},{\"@type\":\"ListItem\",\"position\":2,\"name\":\"Shop\",\"item\":\"https:\/\/vapingnet.de\/vape\/\"},{\"@type\":\"ListItem\",\"position\":3,\"name\":\"Bestellen Sie den Bang King Smart Screen 15000 Puff mit Blueberry Cherry Lemon Global Bestseller\"}]},{\"@type\":\"WebSite\",\"@id\":\"https:\/\/vapingnet.de\/#website\",\"url\":\"https:\/\/vapingnet.de\/\",\"name\":\"Vapingnet.de\",\"description\":\"\",\"publisher\":{\"@id\":\"https:\/\/vapingnet.de\/#organization\"},\"potentialAction\":[{\"@type\":\"SearchAction\",\"target\":{\"@type\":\"EntryPoint\",\"urlTemplate\":\"https:\/\/vapingnet.de\/?s={search_term_string}\"},\"query-input\":{\"@type\":\"PropertyValueSpecification\",\"valueRequired\":true,\"valueName\":\"search_term_string\"}}],\"inLanguage\":\"lt-LT\"},{\"@type\":\"Organization\",\"@id\":\"https:\/\/vapingnet.de\/#organization\",\"name\":\"Vapingnet.de\",\"url\":\"https:\/\/vapingnet.de\/\",\"logo\":{\"@type\":\"ImageObject\",\"inLanguage\":\"lt-LT\",\"@id\":\"https:\/\/vapingnet.de\/#\/schema\/logo\/image\/\",\"url\":\"https:\/\/vapingnet.de\/wp-content\/uploads\/2025\/03\/cropped-vapingnet.de_.jpg\",\"contentUrl\":\"https:\/\/vapingnet.de\/wp-content\/uploads\/2025\/03\/cropped-vapingnet.de_.jpg\",\"width\":512,\"height\":512,\"caption\":\"Vapingnet.de\"},\"image\":{\"@id\":\"https:\/\/vapingnet.de\/#\/schema\/logo\/image\/\"},\"sameAs\":[\"https:\/\/www.facebook.com\/vapingnetde\/\"]}]}<\/script>\n<!-- \/ Yoast SEO plugin. -->","yoast_head_json":{"title":"Bestellen Sie den Bang King Smart Screen 15000 Puff mit Blueberry Cherry Lemon Global Bestseller | Vapingnet.de","description":"Entdecke Bestellen Sie den Bang King Smart Screen 15000 Puff mit Blueberry Cherry Lemon Global Bestseller bei vapingnet.de, \u25ba Gro\u00dfe Auswahl an Geschmacksrichtungen & super g\u00fcnstig!","robots":{"index":"index","follow":"follow","max-snippet":"max-snippet:-1","max-image-preview":"max-image-preview:large","max-video-preview":"max-video-preview:-1"},"canonical":"https:\/\/vapingnet.de\/lt\/vape\/bestellen-sie-den-bang-king-smart-screen-15000-puff-mit-blueberry-cherry-lemon-global-bestseller\/","og_locale":"lt_LT","og_type":"article","og_title":"Bestellen Sie den Bang King Smart Screen 15000 Puff mit Blueberry Cherry Lemon Global Bestseller | Vapingnet.de","og_description":"Entdecke Bestellen Sie den Bang King Smart Screen 15000 Puff mit Blueberry Cherry Lemon Global Bestseller bei vapingnet.de, \u25ba Gro\u00dfe Auswahl an Geschmacksrichtungen & super g\u00fcnstig!","og_url":"https:\/\/vapingnet.de\/lt\/vape\/bestellen-sie-den-bang-king-smart-screen-15000-puff-mit-blueberry-cherry-lemon-global-bestseller\/","og_site_name":"Vapingnet.de","article_publisher":"https:\/\/www.facebook.com\/vapingnetde\/","article_modified_time":"2025-06-19T03:39:56+00:00","og_image":[{"width":1000,"height":1000,"url":"https:\/\/vapingnet.de\/wp-content\/uploads\/2025\/04\/bang-Blueberry-Cherry-Lemon.webp","type":"image\/webp"}],"twitter_card":"summary_large_image","twitter_misc":{"Est. reading time":"4 minutes"},"schema":{"@context":"https:\/\/schema.org","@graph":[{"@type":"WebPage","@id":"https:\/\/vapingnet.de\/vape\/bestellen-sie-den-bang-king-smart-screen-15000-puff-mit-blueberry-cherry-lemon-global-bestseller\/","url":"https:\/\/vapingnet.de\/vape\/bestellen-sie-den-bang-king-smart-screen-15000-puff-mit-blueberry-cherry-lemon-global-bestseller\/","name":"Bestellen Sie den Bang King Smart Screen 15000 Puff mit Blueberry Cherry Lemon Global Bestseller | Vapingnet.de","isPartOf":{"@id":"https:\/\/vapingnet.de\/#website"},"primaryImageOfPage":{"@id":"https:\/\/vapingnet.de\/vape\/bestellen-sie-den-bang-king-smart-screen-15000-puff-mit-blueberry-cherry-lemon-global-bestseller\/#primaryimage"},"image":{"@id":"https:\/\/vapingnet.de\/vape\/bestellen-sie-den-bang-king-smart-screen-15000-puff-mit-blueberry-cherry-lemon-global-bestseller\/#primaryimage"},"thumbnailUrl":"https:\/\/vapingnet.de\/wp-content\/uploads\/2025\/04\/bang-Blueberry-Cherry-Lemon.webp","datePublished":"2025-04-11T07:05:06+00:00","dateModified":"2025-06-19T03:39:56+00:00","description":"Entdecke Bestellen Sie den Bang King Smart Screen 15000 Puff mit Blueberry Cherry Lemon Global Bestseller bei vapingnet.de, \u25ba Gro\u00dfe Auswahl an Geschmacksrichtungen & super g\u00fcnstig!","breadcrumb":{"@id":"https:\/\/vapingnet.de\/vape\/bestellen-sie-den-bang-king-smart-screen-15000-puff-mit-blueberry-cherry-lemon-global-bestseller\/#breadcrumb"},"inLanguage":"lt-LT","potentialAction":[{"@type":"ReadAction","target":["https:\/\/vapingnet.de\/vape\/bestellen-sie-den-bang-king-smart-screen-15000-puff-mit-blueberry-cherry-lemon-global-bestseller\/"]}]},{"@type":"ImageObject","inLanguage":"lt-LT","@id":"https:\/\/vapingnet.de\/vape\/bestellen-sie-den-bang-king-smart-screen-15000-puff-mit-blueberry-cherry-lemon-global-bestseller\/#primaryimage","url":"https:\/\/vapingnet.de\/wp-content\/uploads\/2025\/04\/bang-Blueberry-Cherry-Lemon.webp","contentUrl":"https:\/\/vapingnet.de\/wp-content\/uploads\/2025\/04\/bang-Blueberry-Cherry-Lemon.webp","width":1000,"height":1000},{"@type":"BreadcrumbList","@id":"https:\/\/vapingnet.de\/vape\/bestellen-sie-den-bang-king-smart-screen-15000-puff-mit-blueberry-cherry-lemon-global-bestseller\/#breadcrumb","itemListElement":[{"@type":"ListItem","position":1,"name":"Home","item":"https:\/\/vapingnet.de\/"},{"@type":"ListItem","position":2,"name":"Shop","item":"https:\/\/vapingnet.de\/vape\/"},{"@type":"ListItem","position":3,"name":"Bestellen Sie den Bang King Smart Screen 15000 Puff mit Blueberry Cherry Lemon Global Bestseller"}]},{"@type":"WebSite","@id":"https:\/\/vapingnet.de\/#website","url":"https:\/\/vapingnet.de\/","name":"Vapingnet.de","description":"","publisher":{"@id":"https:\/\/vapingnet.de\/#organization"},"potentialAction":[{"@type":"SearchAction","target":{"@type":"EntryPoint","urlTemplate":"https:\/\/vapingnet.de\/?s={search_term_string}"},"query-input":{"@type":"PropertyValueSpecification","valueRequired":true,"valueName":"search_term_string"}}],"inLanguage":"lt-LT"},{"@type":"Organization","@id":"https:\/\/vapingnet.de\/#organization","name":"Vapingnet.de","url":"https:\/\/vapingnet.de\/","logo":{"@type":"ImageObject","inLanguage":"lt-LT","@id":"https:\/\/vapingnet.de\/#\/schema\/logo\/image\/","url":"https:\/\/vapingnet.de\/wp-content\/uploads\/2025\/03\/cropped-vapingnet.de_.jpg","contentUrl":"https:\/\/vapingnet.de\/wp-content\/uploads\/2025\/03\/cropped-vapingnet.de_.jpg","width":512,"height":512,"caption":"Vapingnet.de"},"image":{"@id":"https:\/\/vapingnet.de\/#\/schema\/logo\/image\/"},"sameAs":["https:\/\/www.facebook.com\/vapingnetde\/"]}]}},"tiered_pricing_type":"fixed","tiered_pricing_fixed_rules":{"10":"8.35","60":"7.52","110":"6.68","200":"5.85"},"tiered_pricing_product_settings":{"layout":"default","base_unit_name":{"singular":null,"plural":null},"default_variation":null},"tiered_pricing_minimum_quantity":null,"tiered_pricing_roles_data":[],"tiered_pricing_percentage_rules":[],"_links":{"self":[{"href":"https:\/\/vapingnet.de\/lt\/wp-json\/wp\/v2\/product\/6261","targetHints":{"allow":["GET"]}}],"collection":[{"href":"https:\/\/vapingnet.de\/lt\/wp-json\/wp\/v2\/product"}],"about":[{"href":"https:\/\/vapingnet.de\/lt\/wp-json\/wp\/v2\/types\/product"}],"version-history":[{"count":3,"href":"https:\/\/vapingnet.de\/lt\/wp-json\/wp\/v2\/product\/6261\/revisions"}],"predecessor-version":[{"id":6268,"href":"https:\/\/vapingnet.de\/lt\/wp-json\/wp\/v2\/product\/6261\/revisions\/6268"}],"wp:featuredmedia":[{"embeddable":true,"href":"https:\/\/vapingnet.de\/lt\/wp-json\/wp\/v2\/media\/6855"}],"wp:attachment":[{"href":"https:\/\/vapingnet.de\/lt\/wp-json\/wp\/v2\/media?parent=6261"}],"wp:term":[{"taxonomy":"brand","embeddable":true,"href":"https:\/\/vapingnet.de\/lt\/wp-json\/wp\/v2\/etheme_brands?post=6261"},{"taxonomy":"product_brand","embeddable":true,"href":"https:\/\/vapingnet.de\/lt\/wp-json\/wp\/v2\/product_brand?post=6261"},{"taxonomy":"product_cat","embeddable":true,"href":"https:\/\/vapingnet.de\/lt\/wp-json\/wp\/v2\/product_cat?post=6261"},{"taxonomy":"product_tag","embeddable":true,"href":"https:\/\/vapingnet.de\/lt\/wp-json\/wp\/v2\/product_tag?post=6261"}],"curies":[{"name":"wp","href":"https:\/\/api.w.org\/{rel}","templated":true}]}}