{"id":6263,"date":"2025-04-11T07:13:12","date_gmt":"2025-04-11T07:13:12","guid":{"rendered":"https:\/\/vapingnet.de\/?post_type=product&#038;p=6263"},"modified":"2025-06-19T03:39:55","modified_gmt":"2025-06-19T03:39:55","slug":"top-geschmack-bang-king-smart-screen-15000-puff-berry-blast-direkt-vom-hersteller","status":"publish","type":"product","link":"https:\/\/vapingnet.de\/lt\/vape\/top-geschmack-bang-king-smart-screen-15000-puff-berry-blast-direkt-vom-hersteller\/","title":{"rendered":"Auk\u0161\u010diausio skonio Bang King Smart Screen 15000 R\u016bkymo p\u016btimo su uog\u0173 sprogimu tiesiai i\u0161 gamintojo"},"content":{"rendered":"<h2 data-start=\"0\" data-end=\"69\" data-immersive-translate-walked=\"e80e384f-ec5a-40fc-a811-43ab023cddbe\">Bang King Smart Screen 15000 Puff: Galutinis vaping patirtis<\/h2>\n<p class=\"\" data-start=\"71\" data-end=\"566\" data-immersive-translate-walked=\"e80e384f-ec5a-40fc-a811-43ab023cddbe\" data-immersive-translate-paragraph=\"1\">Bang King Smart Screen 15000 Puff yra inovatyvus vienkartinis vape \u012frenginys, kuris sujungia ilgaam\u017ei\u0161kum\u0105, \u012fsp\u016bding\u0105 na\u0161um\u0105 ir patogi\u0105 naudotojo s\u0105saj\u0105. Su savo moderniu dizainu ir pa\u017eangia technologija \u0161is \u012frenginys suteikia visk\u0105, ko reikalinga, kad m\u0117gautum\u0117t\u0117s pilnu vaping patirties malonumu. Toliau pateikiame i\u0161skirtines \u0161io produkto savybes ir paai\u0161kiname, kod\u0117l verta i\u0161bandyti kiekvienam vaping entuziastui.<\/p>\n<h3 data-start=\"568\" data-end=\"633\" data-immersive-translate-walked=\"e80e384f-ec5a-40fc-a811-43ab023cddbe\">Technologin\u0117s savyb\u0117s Bang King Smart Screen 15000 Puff<\/h3>\n<p class=\"\" data-start=\"635\" data-end=\"837\" data-immersive-translate-walked=\"e80e384f-ec5a-40fc-a811-43ab023cddbe\" data-immersive-translate-paragraph=\"1\">Bang King Smart Screen 15000 Puff i\u0161siskiria daugybe pa\u017eangi\u0173 funkcij\u0173, kurios paver\u010dia vaping \u012fsp\u016bd\u017eiu \u012fsimintin\u0105 patirt\u012f. Svarbiausios technin\u0117s savyb\u0117s yra:<\/p>\n<ul data-start=\"839\" data-end=\"2540\" data-immersive-translate-walked=\"e80e384f-ec5a-40fc-a811-43ab023cddbe\">\n<li class=\"\" data-start=\"839\" data-end=\"1167\" data-immersive-translate-walked=\"e80e384f-ec5a-40fc-a811-43ab023cddbe\">\n<p class=\"\" data-start=\"841\" data-end=\"1167\" data-immersive-translate-walked=\"e80e384f-ec5a-40fc-a811-43ab023cddbe\" data-immersive-translate-paragraph=\"1\">Mesh Coil (1.0 Ohm): Inovatyvi mesh coil technologija u\u017etikrina vienod\u0105 ir intensyvesn\u012f gar\u0173 generavim\u0105. Ji ne tik pagerina skonio atk\u016brim\u0105, bet ir padidina gar\u0173 kiek\u012f. Visiems, kurie nori m\u0117gautis pilnu vaping patirties malonumu, \u0161i coil pasirinkimas yra puikus sprendimas.<\/p>\n<\/li>\n<li class=\"\" data-start=\"1169\" data-end=\"1428\" data-immersive-translate-walked=\"e80e384f-ec5a-40fc-a811-43ab023cddbe\">\n<p class=\"\" data-start=\"1171\" data-end=\"1428\" data-immersive-translate-walked=\"e80e384f-ec5a-40fc-a811-43ab023cddbe\" data-immersive-translate-paragraph=\"1\">Baterijos talpa (650mAh): Galinga 650mAh baterija leid\u017eia vaping entuziastams naudoti \u012frengin\u012f ilgiau, nesir\u016bpinant nuolat \u012fkrauti. \u0160i talpa u\u017etikrina i\u0161tverming\u0105 naudojim\u0105 ir nuolatin\u0119 vaping patirt\u012f.<\/p>\n<\/li>\n<li class=\"\" data-start=\"1430\" data-end=\"1716\" data-immersive-translate-walked=\"e80e384f-ec5a-40fc-a811-43ab023cddbe\">\n<p class=\"\" data-start=\"1432\" data-end=\"1716\" data-immersive-translate-walked=\"e80e384f-ec5a-40fc-a811-43ab023cddbe\" data-immersive-translate-paragraph=\"1\">E-liquido talpa (25ml): Daugiau nei pakankama 25ml e-liquido talpa leid\u017eia naudoti Bang King Smart Screen 15000 Puff ilg\u0105 laik\u0105. Taip vaping entuziastai gali nesibaiminti da\u017enai papildyti ir m\u0117gautis vaping be trukd\u017ei\u0173.<\/p>\n<\/li>\n<li class=\"\" data-start=\"1718\" data-end=\"2046\" data-immersive-translate-walked=\"e80e384f-ec5a-40fc-a811-43ab023cddbe\">\n<p class=\"\" data-start=\"1720\" data-end=\"2046\" data-immersive-translate-walked=\"e80e384f-ec5a-40fc-a811-43ab023cddbe\" data-immersive-translate-paragraph=\"1\">Nikotino druska (0%, 2%, 3%, 5%): \u012erenginys si\u016blo \u012fvairias nikotino druskos koncentracijas, leid\u017eian\u010dias vartotojui pritaikyti vaping intensyvum\u0105 pagal savo pageidavimus. Nesvarbu, ar norite vaping be nikotino, ar su stipresne nikotino doze, \u012frenginys turi tinkam\u0105 variant\u0105 kiekvienam poreikiui.<\/p>\n<\/li>\n<li class=\"\" data-start=\"2048\" data-end=\"2269\" data-immersive-translate-walked=\"e80e384f-ec5a-40fc-a811-43ab023cddbe\">\n<p class=\"\" data-start=\"2050\" data-end=\"2269\" data-immersive-translate-walked=\"e80e384f-ec5a-40fc-a811-43ab023cddbe\" data-immersive-translate-paragraph=\"1\">\u012ekrovimo jungtis Typ-C: Moderni Typ-C \u012fkrovimo jungtis leid\u017eia greitai ir efektyviai \u012fkrauti \u012frengin\u012f. Taip jis greitai v\u0117l paruo\u0161tas naudoti ir u\u017etikrina nuolatin\u0119 vaping patirt\u012f.<\/p>\n<\/li>\n<li class=\"\" data-start=\"2271\" data-end=\"2540\" data-immersive-translate-walked=\"e80e384f-ec5a-40fc-a811-43ab023cddbe\">\n<p class=\"\" data-start=\"2273\" data-end=\"2540\" data-immersive-translate-walked=\"e80e384f-ec5a-40fc-a811-43ab023cddbe\" data-immersive-translate-paragraph=\"1\">LED ekranas: Integruotas LED ekranas rodo svarbi\u0105 informacij\u0105, toki\u0105 kaip lik\u0119s e-liquido kiekis ir baterijos b\u016bkl\u0117. Tai leid\u017eia lengvai steb\u0117ti \u012frenginio b\u016bsen\u0105 ir garantuoja, kad visada \u017einosite, kiek dar galima vape'inti.<\/p>\n<\/li>\n<\/ul>\n<h4 data-start=\"2542\" data-end=\"2572\" data-immersive-translate-walked=\"e80e384f-ec5a-40fc-a811-43ab023cddbe\">Skonis: Berry Blast<\/h4>\n<p class=\"\" data-start=\"2574\" data-end=\"3040\" data-immersive-translate-walked=\"e80e384f-ec5a-40fc-a811-43ab023cddbe\" data-immersive-translate-paragraph=\"1\">Viena i\u0161 i\u0161skirtiniausi\u0173 Bang King Smart Screen 15000 Puff savybi\u0173 yra skonis, o Berry Blast suteikia vaisi\u0161k\u0105 ir gaiv\u0173 vaping patirt\u012f. Mi\u0161inys i\u0161 \u012fvairi\u0173 uog\u0173 atskleid\u017eia sald\u0173 ir kartu sulting\u0105 skon\u012f, kuris maloniai lepina gomur\u012f ir suteikia nepamir\u0161tam\u0105 vaping patirt\u012f. \u0160is skonis yra idealus tiems, kurie ie\u0161ko skanaus ir gaivaus skonio.<\/p>\n<h3 data-start=\"3042\" data-end=\"3092\" data-immersive-translate-walked=\"e80e384f-ec5a-40fc-a811-43ab023cddbe\">Privalumai Bang King Smart Screen 15000 Puff<\/h3>\n<p class=\"\" data-start=\"3094\" data-end=\"3217\" data-immersive-translate-walked=\"e80e384f-ec5a-40fc-a811-43ab023cddbe\" data-immersive-translate-paragraph=\"1\">Bang King Smart Screen 15000 Puff si\u016blo daugyb\u0119 privalum\u0173, kurie daro j\u012f patraukliu pasirinkimu vaping entuziastams:<\/p>\n<ul data-start=\"3219\" data-end=\"4097\" data-immersive-translate-walked=\"e80e384f-ec5a-40fc-a811-43ab023cddbe\">\n<li class=\"\" data-start=\"3219\" data-end=\"3457\" data-immersive-translate-walked=\"e80e384f-ec5a-40fc-a811-43ab023cddbe\">\n<p class=\"\" data-start=\"3221\" data-end=\"3457\" data-immersive-translate-walked=\"e80e384f-ec5a-40fc-a811-43ab023cddbe\" data-immersive-translate-paragraph=\"1\">Ilga tarnavimo trukm\u0117: Su \u012fsp\u016bdinga 15000 \u012fkv\u0117pim\u0173 skai\u010diumi \u0161is vienkartinis vape \u012frenginys yra skirtas ilgam naudojimui. Taip vaping entuziastai gali m\u0117gautis \u012frenginiu ilg\u0105 laik\u0105, nereik\u0117s jo da\u017enai keisti.<\/p>\n<\/li>\n<li class=\"\" data-start=\"3459\" data-end=\"3635\" data-immersive-translate-walked=\"e80e384f-ec5a-40fc-a811-43ab023cddbe\">\n<p class=\"\" data-start=\"3461\" data-end=\"3635\" data-immersive-translate-walked=\"e80e384f-ec5a-40fc-a811-43ab023cddbe\" data-immersive-translate-paragraph=\"1\">Mokes\u010di\u0173 nemokamas siuntimas: Siuntimas vyksta be mokes\u010di\u0173, tod\u0117l nereikia jaudintis d\u0117l papildom\u0173 i\u0161laid\u0173. Tai daro pirkim\u0105 dar patrauklesn\u012f.<\/p>\n<\/li>\n<li class=\"\" data-start=\"3637\" data-end=\"3860\" data-immersive-translate-walked=\"e80e384f-ec5a-40fc-a811-43ab023cddbe\">\n<p class=\"\" data-start=\"3639\" data-end=\"3860\" data-immersive-translate-walked=\"e80e384f-ec5a-40fc-a811-43ab023cddbe\" data-immersive-translate-paragraph=\"1\">Paprasta naudoti: \u012erenginys tinkamas tiek pradedantiesiems, tiek patyrusiems vaping entuziastams. D\u0117l patogios naudotojo s\u0105sajos ir LED ekrano valdymas yra paprastas ir patogus.<\/p>\n<\/li>\n<li class=\"\" data-start=\"3862\" data-end=\"4097\" data-immersive-translate-walked=\"e80e384f-ec5a-40fc-a811-43ab023cddbe\">\n<p class=\"\" data-start=\"3864\" data-end=\"4097\" data-immersive-translate-walked=\"e80e384f-ec5a-40fc-a811-43ab023cddbe\" data-immersive-translate-paragraph=\"1\">Auk\u0161tos kokyb\u0117s apdirbimas: Bang King Smart Screen 15000 Puff yra pagamintas i\u0161 auk\u0161tos kokyb\u0117s med\u017eiag\u0173, u\u017etikrinan\u010di\u0173 ilgaam\u017ei\u0161kum\u0105 ir maloni\u0105 liesti. Apdirbimas garantuoja puiki\u0105 vaping patirt\u012f.<\/p>\n<\/li>\n<\/ul>\n<h4 data-start=\"4099\" data-end=\"4124\" data-immersive-translate-walked=\"e80e384f-ec5a-40fc-a811-43ab023cddbe\">Pristatymas ir siuntimas<\/h4>\n<p class=\"\" data-start=\"4126\" data-end=\"4354\" data-immersive-translate-walked=\"e80e384f-ec5a-40fc-a811-43ab023cddbe\" data-immersive-translate-paragraph=\"1\">Siuntimas \u012frenginio vyksta per 7 iki 15 darbo dien\u0173. \u0160is greitas siuntimas leid\u017eia greitai gauti \u012frengin\u012f ir prad\u0117ti vaping i\u0161 karto.<\/p>\n<h4 data-start=\"4356\" data-end=\"4431\" data-immersive-translate-walked=\"e80e384f-ec5a-40fc-a811-43ab023cddbe\">Bang King Smart Screen 15000 Puff skirtas reikliems vaping entuziastams<\/h4>\n<p class=\"\" data-start=\"4433\" data-end=\"4879\" data-immersive-translate-walked=\"e80e384f-ec5a-40fc-a811-43ab023cddbe\" data-immersive-translate-paragraph=\"1\">Bang King Smart Screen 15000 Puff yra puikus pasirinkimas p\u016bt\u0117jams, kurie ie\u0161ko galingo, ilgaam\u017eio ir lengvai naudojamo \u012frenginio. Su savo dideliu talpumu, \u012fvairiomis nikotino galimyb\u0117mis ir \u0161vie\u017eiu Berry Blast skoniu \u0161is \u012frenginys suteikia visk\u0105, ko galima tik\u0117tis i\u0161 vienkartinio vape \u012frenginio. Apsilankykite <em data-start=\"4808\" data-end=\"4822\" data-immersive-translate-walked=\"e80e384f-ec5a-40fc-a811-43ab023cddbe\">vapingnet.de<\/em>, nor\u0117dami su\u017einoti daugiau ir u\u017esisakyti savo \u012frengin\u012f.<\/p>","protected":false},"excerpt":{"rendered":"<p>Bang King Smart Screen 15000 Puff: Galutinis garinimo patirtis Bang King Smart Screen 15000 Puff yra inovatyvus vienkartinis vape \u012frenginys, kuris pasi\u017eymi ilgaam\u017ei\u0161kumu, \u012fsp\u016bdingu...<\/p>","protected":false},"featured_media":6274,"template":"","meta":[],"etheme_brands":[],"product_brand":[101],"product_cat":[53,49,61],"product_tag":[],"class_list":{"0":"post-6263","1":"product","2":"type-product","3":"status-publish","4":"has-post-thumbnail","6":"product_brand-bang-king-vape","7":"product_cat-vape-15000-zuege","8":"product_cat-einweg-e-zigarette","9":"product_cat-f","11":"first","12":"instock","13":"shipping-taxable","14":"purchasable","15":"product-type-simple"},"yoast_head":"<!-- This site is optimized with the Yoast SEO plugin v26.5 - https:\/\/yoast.com\/wordpress\/plugins\/seo\/ -->\n<title>Top Geschmack Bang King Smart Screen 15000 Puff Berry Blast direkt vom Hersteller | Vapingnet.de<\/title>\n<meta name=\"description\" content=\"Entdecke Top Geschmack Bang King Smart Screen 15000 Puff Berry Blast direkt vom Hersteller bei vapingnet.de, \u25ba Gro\u00dfe Auswahl an Geschmacksrichtungen &amp; super g\u00fcnstig!\" \/>\n<meta name=\"robots\" content=\"index, follow, max-snippet:-1, max-image-preview:large, max-video-preview:-1\" \/>\n<link rel=\"canonical\" href=\"https:\/\/vapingnet.de\/lt\/vape\/top-geschmack-bang-king-smart-screen-15000-puff-berry-blast-direkt-vom-hersteller\/\" \/>\n<meta property=\"og:locale\" content=\"lt_LT\" \/>\n<meta property=\"og:type\" content=\"article\" \/>\n<meta property=\"og:title\" content=\"Top Geschmack Bang King Smart Screen 15000 Puff Berry Blast direkt vom Hersteller | Vapingnet.de\" \/>\n<meta property=\"og:description\" content=\"Entdecke Top Geschmack Bang King Smart Screen 15000 Puff Berry Blast direkt vom Hersteller bei vapingnet.de, \u25ba Gro\u00dfe Auswahl an Geschmacksrichtungen &amp; super g\u00fcnstig!\" \/>\n<meta property=\"og:url\" content=\"https:\/\/vapingnet.de\/lt\/vape\/top-geschmack-bang-king-smart-screen-15000-puff-berry-blast-direkt-vom-hersteller\/\" \/>\n<meta property=\"og:site_name\" content=\"Vapingnet.de\" \/>\n<meta property=\"article:publisher\" content=\"https:\/\/www.facebook.com\/vapingnetde\/\" \/>\n<meta property=\"article:modified_time\" content=\"2025-06-19T03:39:55+00:00\" \/>\n<meta property=\"og:image\" content=\"https:\/\/vapingnet.de\/wp-content\/uploads\/2025\/04\/Berry-Blast.png\" \/>\n\t<meta property=\"og:image:width\" content=\"1000\" \/>\n\t<meta property=\"og:image:height\" content=\"1000\" \/>\n\t<meta property=\"og:image:type\" content=\"image\/png\" \/>\n<meta name=\"twitter:card\" content=\"summary_large_image\" \/>\n<meta name=\"twitter:label1\" content=\"Est. reading time\" \/>\n\t<meta name=\"twitter:data1\" content=\"4 minutes\" \/>\n<script type=\"application\/ld+json\" class=\"yoast-schema-graph\">{\"@context\":\"https:\/\/schema.org\",\"@graph\":[{\"@type\":\"WebPage\",\"@id\":\"https:\/\/vapingnet.de\/vape\/top-geschmack-bang-king-smart-screen-15000-puff-berry-blast-direkt-vom-hersteller\/\",\"url\":\"https:\/\/vapingnet.de\/vape\/top-geschmack-bang-king-smart-screen-15000-puff-berry-blast-direkt-vom-hersteller\/\",\"name\":\"Top Geschmack Bang King Smart Screen 15000 Puff Berry Blast direkt vom Hersteller | Vapingnet.de\",\"isPartOf\":{\"@id\":\"https:\/\/vapingnet.de\/#website\"},\"primaryImageOfPage\":{\"@id\":\"https:\/\/vapingnet.de\/vape\/top-geschmack-bang-king-smart-screen-15000-puff-berry-blast-direkt-vom-hersteller\/#primaryimage\"},\"image\":{\"@id\":\"https:\/\/vapingnet.de\/vape\/top-geschmack-bang-king-smart-screen-15000-puff-berry-blast-direkt-vom-hersteller\/#primaryimage\"},\"thumbnailUrl\":\"https:\/\/vapingnet.de\/wp-content\/uploads\/2025\/04\/Berry-Blast.png\",\"datePublished\":\"2025-04-11T07:13:12+00:00\",\"dateModified\":\"2025-06-19T03:39:55+00:00\",\"description\":\"Entdecke Top Geschmack Bang King Smart Screen 15000 Puff Berry Blast direkt vom Hersteller bei vapingnet.de, \u25ba Gro\u00dfe Auswahl an Geschmacksrichtungen & super g\u00fcnstig!\",\"breadcrumb\":{\"@id\":\"https:\/\/vapingnet.de\/vape\/top-geschmack-bang-king-smart-screen-15000-puff-berry-blast-direkt-vom-hersteller\/#breadcrumb\"},\"inLanguage\":\"lt-LT\",\"potentialAction\":[{\"@type\":\"ReadAction\",\"target\":[\"https:\/\/vapingnet.de\/vape\/top-geschmack-bang-king-smart-screen-15000-puff-berry-blast-direkt-vom-hersteller\/\"]}]},{\"@type\":\"ImageObject\",\"inLanguage\":\"lt-LT\",\"@id\":\"https:\/\/vapingnet.de\/vape\/top-geschmack-bang-king-smart-screen-15000-puff-berry-blast-direkt-vom-hersteller\/#primaryimage\",\"url\":\"https:\/\/vapingnet.de\/wp-content\/uploads\/2025\/04\/Berry-Blast.png\",\"contentUrl\":\"https:\/\/vapingnet.de\/wp-content\/uploads\/2025\/04\/Berry-Blast.png\",\"width\":1000,\"height\":1000},{\"@type\":\"BreadcrumbList\",\"@id\":\"https:\/\/vapingnet.de\/vape\/top-geschmack-bang-king-smart-screen-15000-puff-berry-blast-direkt-vom-hersteller\/#breadcrumb\",\"itemListElement\":[{\"@type\":\"ListItem\",\"position\":1,\"name\":\"Home\",\"item\":\"https:\/\/vapingnet.de\/\"},{\"@type\":\"ListItem\",\"position\":2,\"name\":\"Shop\",\"item\":\"https:\/\/vapingnet.de\/vape\/\"},{\"@type\":\"ListItem\",\"position\":3,\"name\":\"Top Geschmack Bang King Smart Screen 15000 Puff Berry Blast direkt vom Hersteller\"}]},{\"@type\":\"WebSite\",\"@id\":\"https:\/\/vapingnet.de\/#website\",\"url\":\"https:\/\/vapingnet.de\/\",\"name\":\"Vapingnet.de\",\"description\":\"\",\"publisher\":{\"@id\":\"https:\/\/vapingnet.de\/#organization\"},\"potentialAction\":[{\"@type\":\"SearchAction\",\"target\":{\"@type\":\"EntryPoint\",\"urlTemplate\":\"https:\/\/vapingnet.de\/?s={search_term_string}\"},\"query-input\":{\"@type\":\"PropertyValueSpecification\",\"valueRequired\":true,\"valueName\":\"search_term_string\"}}],\"inLanguage\":\"lt-LT\"},{\"@type\":\"Organization\",\"@id\":\"https:\/\/vapingnet.de\/#organization\",\"name\":\"Vapingnet.de\",\"url\":\"https:\/\/vapingnet.de\/\",\"logo\":{\"@type\":\"ImageObject\",\"inLanguage\":\"lt-LT\",\"@id\":\"https:\/\/vapingnet.de\/#\/schema\/logo\/image\/\",\"url\":\"https:\/\/vapingnet.de\/wp-content\/uploads\/2025\/03\/cropped-vapingnet.de_.jpg\",\"contentUrl\":\"https:\/\/vapingnet.de\/wp-content\/uploads\/2025\/03\/cropped-vapingnet.de_.jpg\",\"width\":512,\"height\":512,\"caption\":\"Vapingnet.de\"},\"image\":{\"@id\":\"https:\/\/vapingnet.de\/#\/schema\/logo\/image\/\"},\"sameAs\":[\"https:\/\/www.facebook.com\/vapingnetde\/\"]}]}<\/script>\n<!-- \/ Yoast SEO plugin. -->","yoast_head_json":{"title":"Top Geschmack Bang King Smart Screen 15000 Puff Berry Blast direkt vom Hersteller | Vapingnet.de","description":"Entdecke Top Geschmack Bang King Smart Screen 15000 Puff Berry Blast direkt vom Hersteller bei vapingnet.de, \u25ba Gro\u00dfe Auswahl an Geschmacksrichtungen & super g\u00fcnstig!","robots":{"index":"index","follow":"follow","max-snippet":"max-snippet:-1","max-image-preview":"max-image-preview:large","max-video-preview":"max-video-preview:-1"},"canonical":"https:\/\/vapingnet.de\/lt\/vape\/top-geschmack-bang-king-smart-screen-15000-puff-berry-blast-direkt-vom-hersteller\/","og_locale":"lt_LT","og_type":"article","og_title":"Top Geschmack Bang King Smart Screen 15000 Puff Berry Blast direkt vom Hersteller | Vapingnet.de","og_description":"Entdecke Top Geschmack Bang King Smart Screen 15000 Puff Berry Blast direkt vom Hersteller bei vapingnet.de, \u25ba Gro\u00dfe Auswahl an Geschmacksrichtungen & super g\u00fcnstig!","og_url":"https:\/\/vapingnet.de\/lt\/vape\/top-geschmack-bang-king-smart-screen-15000-puff-berry-blast-direkt-vom-hersteller\/","og_site_name":"Vapingnet.de","article_publisher":"https:\/\/www.facebook.com\/vapingnetde\/","article_modified_time":"2025-06-19T03:39:55+00:00","og_image":[{"width":1000,"height":1000,"url":"https:\/\/vapingnet.de\/wp-content\/uploads\/2025\/04\/Berry-Blast.png","type":"image\/png"}],"twitter_card":"summary_large_image","twitter_misc":{"Est. reading time":"4 minutes"},"schema":{"@context":"https:\/\/schema.org","@graph":[{"@type":"WebPage","@id":"https:\/\/vapingnet.de\/vape\/top-geschmack-bang-king-smart-screen-15000-puff-berry-blast-direkt-vom-hersteller\/","url":"https:\/\/vapingnet.de\/vape\/top-geschmack-bang-king-smart-screen-15000-puff-berry-blast-direkt-vom-hersteller\/","name":"Top Geschmack Bang King Smart Screen 15000 Puff Berry Blast direkt vom Hersteller | Vapingnet.de","isPartOf":{"@id":"https:\/\/vapingnet.de\/#website"},"primaryImageOfPage":{"@id":"https:\/\/vapingnet.de\/vape\/top-geschmack-bang-king-smart-screen-15000-puff-berry-blast-direkt-vom-hersteller\/#primaryimage"},"image":{"@id":"https:\/\/vapingnet.de\/vape\/top-geschmack-bang-king-smart-screen-15000-puff-berry-blast-direkt-vom-hersteller\/#primaryimage"},"thumbnailUrl":"https:\/\/vapingnet.de\/wp-content\/uploads\/2025\/04\/Berry-Blast.png","datePublished":"2025-04-11T07:13:12+00:00","dateModified":"2025-06-19T03:39:55+00:00","description":"Entdecke Top Geschmack Bang King Smart Screen 15000 Puff Berry Blast direkt vom Hersteller bei vapingnet.de, \u25ba Gro\u00dfe Auswahl an Geschmacksrichtungen & super g\u00fcnstig!","breadcrumb":{"@id":"https:\/\/vapingnet.de\/vape\/top-geschmack-bang-king-smart-screen-15000-puff-berry-blast-direkt-vom-hersteller\/#breadcrumb"},"inLanguage":"lt-LT","potentialAction":[{"@type":"ReadAction","target":["https:\/\/vapingnet.de\/vape\/top-geschmack-bang-king-smart-screen-15000-puff-berry-blast-direkt-vom-hersteller\/"]}]},{"@type":"ImageObject","inLanguage":"lt-LT","@id":"https:\/\/vapingnet.de\/vape\/top-geschmack-bang-king-smart-screen-15000-puff-berry-blast-direkt-vom-hersteller\/#primaryimage","url":"https:\/\/vapingnet.de\/wp-content\/uploads\/2025\/04\/Berry-Blast.png","contentUrl":"https:\/\/vapingnet.de\/wp-content\/uploads\/2025\/04\/Berry-Blast.png","width":1000,"height":1000},{"@type":"BreadcrumbList","@id":"https:\/\/vapingnet.de\/vape\/top-geschmack-bang-king-smart-screen-15000-puff-berry-blast-direkt-vom-hersteller\/#breadcrumb","itemListElement":[{"@type":"ListItem","position":1,"name":"Home","item":"https:\/\/vapingnet.de\/"},{"@type":"ListItem","position":2,"name":"Shop","item":"https:\/\/vapingnet.de\/vape\/"},{"@type":"ListItem","position":3,"name":"Top Geschmack Bang King Smart Screen 15000 Puff Berry Blast direkt vom Hersteller"}]},{"@type":"WebSite","@id":"https:\/\/vapingnet.de\/#website","url":"https:\/\/vapingnet.de\/","name":"Vapingnet.de","description":"","publisher":{"@id":"https:\/\/vapingnet.de\/#organization"},"potentialAction":[{"@type":"SearchAction","target":{"@type":"EntryPoint","urlTemplate":"https:\/\/vapingnet.de\/?s={search_term_string}"},"query-input":{"@type":"PropertyValueSpecification","valueRequired":true,"valueName":"search_term_string"}}],"inLanguage":"lt-LT"},{"@type":"Organization","@id":"https:\/\/vapingnet.de\/#organization","name":"Vapingnet.de","url":"https:\/\/vapingnet.de\/","logo":{"@type":"ImageObject","inLanguage":"lt-LT","@id":"https:\/\/vapingnet.de\/#\/schema\/logo\/image\/","url":"https:\/\/vapingnet.de\/wp-content\/uploads\/2025\/03\/cropped-vapingnet.de_.jpg","contentUrl":"https:\/\/vapingnet.de\/wp-content\/uploads\/2025\/03\/cropped-vapingnet.de_.jpg","width":512,"height":512,"caption":"Vapingnet.de"},"image":{"@id":"https:\/\/vapingnet.de\/#\/schema\/logo\/image\/"},"sameAs":["https:\/\/www.facebook.com\/vapingnetde\/"]}]}},"tiered_pricing_type":"fixed","tiered_pricing_fixed_rules":{"10":"8.35","60":"7.52","110":"6.68","200":"5.85"},"tiered_pricing_product_settings":{"layout":"default","base_unit_name":{"singular":null,"plural":null},"default_variation":null},"tiered_pricing_minimum_quantity":null,"tiered_pricing_roles_data":[],"tiered_pricing_percentage_rules":[],"_links":{"self":[{"href":"https:\/\/vapingnet.de\/lt\/wp-json\/wp\/v2\/product\/6263","targetHints":{"allow":["GET"]}}],"collection":[{"href":"https:\/\/vapingnet.de\/lt\/wp-json\/wp\/v2\/product"}],"about":[{"href":"https:\/\/vapingnet.de\/lt\/wp-json\/wp\/v2\/types\/product"}],"version-history":[{"count":1,"href":"https:\/\/vapingnet.de\/lt\/wp-json\/wp\/v2\/product\/6263\/revisions"}],"predecessor-version":[{"id":6269,"href":"https:\/\/vapingnet.de\/lt\/wp-json\/wp\/v2\/product\/6263\/revisions\/6269"}],"wp:featuredmedia":[{"embeddable":true,"href":"https:\/\/vapingnet.de\/lt\/wp-json\/wp\/v2\/media\/6274"}],"wp:attachment":[{"href":"https:\/\/vapingnet.de\/lt\/wp-json\/wp\/v2\/media?parent=6263"}],"wp:term":[{"taxonomy":"brand","embeddable":true,"href":"https:\/\/vapingnet.de\/lt\/wp-json\/wp\/v2\/etheme_brands?post=6263"},{"taxonomy":"product_brand","embeddable":true,"href":"https:\/\/vapingnet.de\/lt\/wp-json\/wp\/v2\/product_brand?post=6263"},{"taxonomy":"product_cat","embeddable":true,"href":"https:\/\/vapingnet.de\/lt\/wp-json\/wp\/v2\/product_cat?post=6263"},{"taxonomy":"product_tag","embeddable":true,"href":"https:\/\/vapingnet.de\/lt\/wp-json\/wp\/v2\/product_tag?post=6263"}],"curies":[{"name":"wp","href":"https:\/\/api.w.org\/{rel}","templated":true}]}}