{"id":6279,"date":"2025-04-11T08:03:02","date_gmt":"2025-04-11T08:03:02","guid":{"rendered":"https:\/\/vapingnet.de\/?post_type=product&#038;p=6279"},"modified":"2025-06-19T03:39:54","modified_gmt":"2025-06-19T03:39:54","slug":"bang-king-smart-screen-15000-puff-mit-blueberry-freeze-global-bestseller","status":"publish","type":"product","link":"https:\/\/vapingnet.de\/lt\/vape\/bang-king-smart-screen-15000-puff-mit-blueberry-freeze-global-bestseller\/","title":{"rendered":"Bang King Smart Screen 15000 R\u016bkymo p\u016btimo su m\u0117lyni\u0173 ledais pasaulinis bestseleris"},"content":{"rendered":"<h2 data-start=\"0\" data-end=\"82\">Bang King Smart Screen 15000 R\u016bkali\u0173 \u2013 Naujas vienkartini\u0173 elektronini\u0173 cigare\u010di\u0173 matmuo<\/h2>\n<p class=\"\" data-start=\"84\" data-end=\"435\">Visiems, kurie ie\u0161ko ilgaam\u017e\u0117s, galingos ir skon\u012f \u012ftikinamai pateikian\u010dios vienkartin\u0117s E-cigaret\u0117s, pristatome Bang King Smart Screen 15000 R\u016bkali\u0173 kaip tobul\u0105 pasirinkim\u0105. Su daugybe \u012fsp\u016bding\u0173 funkcij\u0173 ir intensyviu skonio poj\u016b\u010diu \u0161is modelis nustato naujus standartus vienkartini\u0173 E-cigare\u010di\u0173 pasaulyje.<\/p>\n<h3 data-start=\"437\" data-end=\"476\">Technin\u0117s detal\u0117s ap\u017evalga<\/h3>\n<ul data-start=\"478\" data-end=\"705\">\n<li class=\"\" data-start=\"478\" data-end=\"525\">\n<p class=\"\" data-start=\"480\" data-end=\"525\">Modelis: Bang King Smart Screen 15000 R\u016bkali\u0173<\/p>\n<\/li>\n<li class=\"\" data-start=\"526\" data-end=\"550\">\n<p class=\"\" data-start=\"528\" data-end=\"550\">Tinklelio rit\u0117: 1.0 Ohm<\/p>\n<\/li>\n<li class=\"\" data-start=\"551\" data-end=\"582\">\n<p class=\"\" data-start=\"553\" data-end=\"582\">Baterijos talpa: 650mAh<\/p>\n<\/li>\n<li class=\"\" data-start=\"583\" data-end=\"613\">\n<p class=\"\" data-start=\"585\" data-end=\"613\">E-liquido talpa: 25ml<\/p>\n<\/li>\n<li class=\"\" data-start=\"614\" data-end=\"651\">\n<p class=\"\" data-start=\"616\" data-end=\"651\">Nikotino stiprumai: 0%, 2%, 3%, 5%<\/p>\n<\/li>\n<li class=\"\" data-start=\"652\" data-end=\"678\">\n<p class=\"\" data-start=\"654\" data-end=\"678\">\u012ekrovimo jungtis: Tipo-C<\/p>\n<\/li>\n<li class=\"\" data-start=\"679\" data-end=\"705\">\n<p class=\"\" data-start=\"681\" data-end=\"705\">Ekranas: LED ekranas<\/p>\n<\/li>\n<\/ul>\n<p class=\"\" data-start=\"707\" data-end=\"1038\">\u0160ios technin\u0117s savyb\u0117s daro Bang King Smart Screen 15000 R\u016bkali\u0173 viena geriausi\u0173 vienkartini\u0173 E-cigare\u010di\u0173 rinkoje. Mesh Coil u\u017etikrina tolyg\u0173 garavim\u0105 ir sustiprina skonio patirt\u012f. Su 650mAh talpa akumuliatorius i\u0161laiko daug \u012fkv\u0117pim\u0173, tod\u0117l nereikia nuolat \u012fkrauti.<\/p>\n<h4 data-start=\"1040\" data-end=\"1076\">Skonis \u2013 M\u0117lyni\u0173 ledas<\/h4>\n<p class=\"\" data-start=\"1078\" data-end=\"1484\">Bang King Smart Screen 15000 R\u016bkali\u0173 si\u016blo unikal\u0173 garavimo patirt\u012f su M\u0117lyni\u0173 ledas skoniu. \u0160vie\u017eias, saldus m\u0117lyni\u0173 skonis papildytas gaivinan\u010diu mentolio u\u017euominu, kuri suteikia gaivumo poj\u016bt\u012f. \u0160i kombinacija paver\u010dia kiekvien\u0105 naudojim\u0105 maloniu ir atgaivinamu patyrimu, ypa\u010d kar\u0161tomis dienomis ar po sporto.<\/p>\n<h4 data-start=\"1486\" data-end=\"1528\">\u012evairios nikotino galimyb\u0117s<\/h4>\n<p class=\"\" data-start=\"1530\" data-end=\"1889\">Kitas i\u0161skirtinis \u0161ios vienkartin\u0117s E-cigaret\u0117s bruo\u017eas \u2013 \u012fvairios nikotino stiprumo galimyb\u0117s. Galite pasirinkti tarp 0%, 2%, 3% ir 5% nikotino, priklausomai nuo j\u016bs\u0173 asmenini\u0173 pageidavim\u0173 ir poreiki\u0173. \u0160is pasirinkimas leid\u017eia tiek atsitiktiniams garintojams, tiek reguliariems naudotojams rasti tobul\u0105 nikotino lyg\u012f.<\/p>\n<h4 data-start=\"1891\" data-end=\"1945\">Vartotojo draugi\u0161kumas ir modernios technologijos<\/h4>\n<p class=\"\" data-start=\"1947\" data-end=\"2331\">Bang King Smart Screen 15000 R\u016bkali\u0173 turi LED ekran\u0105, kuris rodo svarbi\u0105 informacij\u0105, toki\u0105 kaip \u012fkrovimo b\u016bkl\u0117 ir E-liquido lygis. Tai padeda visada steb\u0117ti b\u016bsen\u0105 ir efektyviai naudotis \u012frenginiu. Tipo-C \u012fkrovimo jungtis u\u017etikrina greit\u0105 \u012fkrovim\u0105, kad gal\u0117tum\u0117te greitai v\u0117l naudotis savo elektronine cigarete.<\/p>\n<h3>**Bang King Smart Screen 15000 R\u016bkali\u0173 privalumai<\/h3>\n<ul data-start=\"2391\" data-end=\"2823\">\n<li class=\"\" data-start=\"2391\" data-end=\"2532\">\n<p class=\"\" data-start=\"2393\" data-end=\"2532\">Be muito: Vienas did\u017eiausi\u0173 privalum\u0173 \u2013 mokes\u010di\u0173 nemokamas pristatymas, kas rei\u0161kia, kad papildom\u0173 muito mokes\u010di\u0173 mok\u0117ti nereikia.<\/p>\n<\/li>\n<li class=\"\" data-start=\"2533\" data-end=\"2679\">\n<p class=\"\" data-start=\"2535\" data-end=\"2679\">Greitas pristatymas: Per 7-15 darbo dien\u0173 \u012frenginys greitai pasieks jus, ir gal\u0117site nedelsti prad\u0117ti garinti.<\/p>\n<\/li>\n<li class=\"\" data-start=\"2680\" data-end=\"2823\">\n<p class=\"\" data-start=\"2682\" data-end=\"2823\">Paprastas naudojimas: \u012erenginys yra labai draugi\u0161kas vartotojui, tod\u0117l tinka tiek pradedantiesiems, tiek patyrusiems garintojams.<\/p>\n<\/li>\n<\/ul>\n<h4 data-start=\"2825\" data-end=\"2838\">Kod\u0117l Bang King Smart Screen 15000 R\u016bkali\u0173 taps j\u016bs\u0173 nauj\u0105ja m\u0117gstamiausia elektronine cigarete<\/h4>\n<p class=\"\" data-start=\"2840\" data-end=\"3403\">Bang King Smart Screen 15000 R\u016bkali\u0173 yra tobulas pasirinkimas visiems, ie\u0161kantiems auk\u0161tos kokyb\u0117s, ilgaam\u017e\u0117s ir patogios naudoti vienkartin\u0117s E-cigaret\u0117s. Su gaiviu M\u0117lyni\u0173 ledas skoniu ir dideliu E-liquido talpa ji si\u016blo nuostabi\u0105 garavimo patirt\u012f. Jei ie\u0161kote patikimo ir galingo \u012frenginio, kuris suteikt\u0173 valand\u0173 malonumo, b\u016btinai i\u0161bandykite Bang King Smart Screen 15000 R\u016bkali\u0173. Apsilankykite vapingnet.de, kad su\u017einotum\u0117te daugiau ir u\u017esisakytum\u0117te savo elektronin\u0119 cigaret\u0119.<\/p>","protected":false},"excerpt":{"rendered":"<p>Bang King Smart Screen 15000 Puff \u2013 Naujas vienkartini\u0173 elektronini\u0173 cigare\u010di\u0173 matmuo Visiems, kurie ie\u0161ko ilgalaik\u0117s, galingos ir skoniu \u012ftikinamos vienkartin\u0117s elektronin\u0117s cigaret\u0117s...<\/p>","protected":false},"featured_media":6854,"template":"","meta":[],"etheme_brands":[],"product_brand":[101],"product_cat":[53,49,61],"product_tag":[],"class_list":{"0":"post-6279","1":"product","2":"type-product","3":"status-publish","4":"has-post-thumbnail","6":"product_brand-bang-king-vape","7":"product_cat-vape-15000-zuege","8":"product_cat-einweg-e-zigarette","9":"product_cat-f","11":"first","12":"instock","13":"shipping-taxable","14":"purchasable","15":"product-type-simple"},"yoast_head":"<!-- This site is optimized with the Yoast SEO plugin v26.5 - https:\/\/yoast.com\/wordpress\/plugins\/seo\/ -->\n<title>Bang King Smart Screen 15000 Puff Mit Blueberry Freeze Global Bestseller | Vapingnet.de<\/title>\n<meta name=\"description\" content=\"Entdecke Bang King Smart Screen 15000 Puff Mit Blueberry Freeze Global Bestseller bei vapingnet.de, \u25ba Gro\u00dfe Auswahl an Geschmacksrichtungen &amp; super g\u00fcnstig!\" \/>\n<meta name=\"robots\" content=\"index, follow, max-snippet:-1, max-image-preview:large, max-video-preview:-1\" \/>\n<link rel=\"canonical\" href=\"https:\/\/vapingnet.de\/lt\/vape\/bang-king-smart-screen-15000-puff-mit-blueberry-freeze-global-bestseller\/\" \/>\n<meta property=\"og:locale\" content=\"lt_LT\" \/>\n<meta property=\"og:type\" content=\"article\" \/>\n<meta property=\"og:title\" content=\"Bang King Smart Screen 15000 Puff Mit Blueberry Freeze Global Bestseller | Vapingnet.de\" \/>\n<meta property=\"og:description\" content=\"Entdecke Bang King Smart Screen 15000 Puff Mit Blueberry Freeze Global Bestseller bei vapingnet.de, \u25ba Gro\u00dfe Auswahl an Geschmacksrichtungen &amp; super g\u00fcnstig!\" \/>\n<meta property=\"og:url\" content=\"https:\/\/vapingnet.de\/lt\/vape\/bang-king-smart-screen-15000-puff-mit-blueberry-freeze-global-bestseller\/\" \/>\n<meta property=\"og:site_name\" content=\"Vapingnet.de\" \/>\n<meta property=\"article:publisher\" content=\"https:\/\/www.facebook.com\/vapingnetde\/\" \/>\n<meta property=\"article:modified_time\" content=\"2025-06-19T03:39:54+00:00\" \/>\n<meta property=\"og:image\" content=\"https:\/\/vapingnet.de\/wp-content\/uploads\/2025\/04\/bang-Blueberry-Freeze.webp\" \/>\n\t<meta property=\"og:image:width\" content=\"1000\" \/>\n\t<meta property=\"og:image:height\" content=\"1000\" \/>\n\t<meta property=\"og:image:type\" content=\"image\/webp\" \/>\n<meta name=\"twitter:card\" content=\"summary_large_image\" \/>\n<meta name=\"twitter:label1\" content=\"Est. reading time\" \/>\n\t<meta name=\"twitter:data1\" content=\"3 minutes\" \/>\n<script type=\"application\/ld+json\" class=\"yoast-schema-graph\">{\"@context\":\"https:\/\/schema.org\",\"@graph\":[{\"@type\":\"WebPage\",\"@id\":\"https:\/\/vapingnet.de\/vape\/bang-king-smart-screen-15000-puff-mit-blueberry-freeze-global-bestseller\/\",\"url\":\"https:\/\/vapingnet.de\/vape\/bang-king-smart-screen-15000-puff-mit-blueberry-freeze-global-bestseller\/\",\"name\":\"Bang King Smart Screen 15000 Puff Mit Blueberry Freeze Global Bestseller | Vapingnet.de\",\"isPartOf\":{\"@id\":\"https:\/\/vapingnet.de\/#website\"},\"primaryImageOfPage\":{\"@id\":\"https:\/\/vapingnet.de\/vape\/bang-king-smart-screen-15000-puff-mit-blueberry-freeze-global-bestseller\/#primaryimage\"},\"image\":{\"@id\":\"https:\/\/vapingnet.de\/vape\/bang-king-smart-screen-15000-puff-mit-blueberry-freeze-global-bestseller\/#primaryimage\"},\"thumbnailUrl\":\"https:\/\/vapingnet.de\/wp-content\/uploads\/2025\/04\/bang-Blueberry-Freeze.webp\",\"datePublished\":\"2025-04-11T08:03:02+00:00\",\"dateModified\":\"2025-06-19T03:39:54+00:00\",\"description\":\"Entdecke Bang King Smart Screen 15000 Puff Mit Blueberry Freeze Global Bestseller bei vapingnet.de, \u25ba Gro\u00dfe Auswahl an Geschmacksrichtungen & super g\u00fcnstig!\",\"breadcrumb\":{\"@id\":\"https:\/\/vapingnet.de\/vape\/bang-king-smart-screen-15000-puff-mit-blueberry-freeze-global-bestseller\/#breadcrumb\"},\"inLanguage\":\"lt-LT\",\"potentialAction\":[{\"@type\":\"ReadAction\",\"target\":[\"https:\/\/vapingnet.de\/vape\/bang-king-smart-screen-15000-puff-mit-blueberry-freeze-global-bestseller\/\"]}]},{\"@type\":\"ImageObject\",\"inLanguage\":\"lt-LT\",\"@id\":\"https:\/\/vapingnet.de\/vape\/bang-king-smart-screen-15000-puff-mit-blueberry-freeze-global-bestseller\/#primaryimage\",\"url\":\"https:\/\/vapingnet.de\/wp-content\/uploads\/2025\/04\/bang-Blueberry-Freeze.webp\",\"contentUrl\":\"https:\/\/vapingnet.de\/wp-content\/uploads\/2025\/04\/bang-Blueberry-Freeze.webp\",\"width\":1000,\"height\":1000},{\"@type\":\"BreadcrumbList\",\"@id\":\"https:\/\/vapingnet.de\/vape\/bang-king-smart-screen-15000-puff-mit-blueberry-freeze-global-bestseller\/#breadcrumb\",\"itemListElement\":[{\"@type\":\"ListItem\",\"position\":1,\"name\":\"Home\",\"item\":\"https:\/\/vapingnet.de\/\"},{\"@type\":\"ListItem\",\"position\":2,\"name\":\"Shop\",\"item\":\"https:\/\/vapingnet.de\/vape\/\"},{\"@type\":\"ListItem\",\"position\":3,\"name\":\"Bang King Smart Screen 15000 Puff Mit Blueberry Freeze Global Bestseller\"}]},{\"@type\":\"WebSite\",\"@id\":\"https:\/\/vapingnet.de\/#website\",\"url\":\"https:\/\/vapingnet.de\/\",\"name\":\"Vapingnet.de\",\"description\":\"\",\"publisher\":{\"@id\":\"https:\/\/vapingnet.de\/#organization\"},\"potentialAction\":[{\"@type\":\"SearchAction\",\"target\":{\"@type\":\"EntryPoint\",\"urlTemplate\":\"https:\/\/vapingnet.de\/?s={search_term_string}\"},\"query-input\":{\"@type\":\"PropertyValueSpecification\",\"valueRequired\":true,\"valueName\":\"search_term_string\"}}],\"inLanguage\":\"lt-LT\"},{\"@type\":\"Organization\",\"@id\":\"https:\/\/vapingnet.de\/#organization\",\"name\":\"Vapingnet.de\",\"url\":\"https:\/\/vapingnet.de\/\",\"logo\":{\"@type\":\"ImageObject\",\"inLanguage\":\"lt-LT\",\"@id\":\"https:\/\/vapingnet.de\/#\/schema\/logo\/image\/\",\"url\":\"https:\/\/vapingnet.de\/wp-content\/uploads\/2025\/03\/cropped-vapingnet.de_.jpg\",\"contentUrl\":\"https:\/\/vapingnet.de\/wp-content\/uploads\/2025\/03\/cropped-vapingnet.de_.jpg\",\"width\":512,\"height\":512,\"caption\":\"Vapingnet.de\"},\"image\":{\"@id\":\"https:\/\/vapingnet.de\/#\/schema\/logo\/image\/\"},\"sameAs\":[\"https:\/\/www.facebook.com\/vapingnetde\/\"]}]}<\/script>\n<!-- \/ Yoast SEO plugin. -->","yoast_head_json":{"title":"Bang King Smart Screen 15000 Puff Mit Blueberry Freeze Global Bestseller | Vapingnet.de","description":"Entdecke Bang King Smart Screen 15000 Puff Mit Blueberry Freeze Global Bestseller bei vapingnet.de, \u25ba Gro\u00dfe Auswahl an Geschmacksrichtungen & super g\u00fcnstig!","robots":{"index":"index","follow":"follow","max-snippet":"max-snippet:-1","max-image-preview":"max-image-preview:large","max-video-preview":"max-video-preview:-1"},"canonical":"https:\/\/vapingnet.de\/lt\/vape\/bang-king-smart-screen-15000-puff-mit-blueberry-freeze-global-bestseller\/","og_locale":"lt_LT","og_type":"article","og_title":"Bang King Smart Screen 15000 Puff Mit Blueberry Freeze Global Bestseller | Vapingnet.de","og_description":"Entdecke Bang King Smart Screen 15000 Puff Mit Blueberry Freeze Global Bestseller bei vapingnet.de, \u25ba Gro\u00dfe Auswahl an Geschmacksrichtungen & super g\u00fcnstig!","og_url":"https:\/\/vapingnet.de\/lt\/vape\/bang-king-smart-screen-15000-puff-mit-blueberry-freeze-global-bestseller\/","og_site_name":"Vapingnet.de","article_publisher":"https:\/\/www.facebook.com\/vapingnetde\/","article_modified_time":"2025-06-19T03:39:54+00:00","og_image":[{"width":1000,"height":1000,"url":"https:\/\/vapingnet.de\/wp-content\/uploads\/2025\/04\/bang-Blueberry-Freeze.webp","type":"image\/webp"}],"twitter_card":"summary_large_image","twitter_misc":{"Est. reading time":"3 minutes"},"schema":{"@context":"https:\/\/schema.org","@graph":[{"@type":"WebPage","@id":"https:\/\/vapingnet.de\/vape\/bang-king-smart-screen-15000-puff-mit-blueberry-freeze-global-bestseller\/","url":"https:\/\/vapingnet.de\/vape\/bang-king-smart-screen-15000-puff-mit-blueberry-freeze-global-bestseller\/","name":"Bang King Smart Screen 15000 Puff Mit Blueberry Freeze Global Bestseller | Vapingnet.de","isPartOf":{"@id":"https:\/\/vapingnet.de\/#website"},"primaryImageOfPage":{"@id":"https:\/\/vapingnet.de\/vape\/bang-king-smart-screen-15000-puff-mit-blueberry-freeze-global-bestseller\/#primaryimage"},"image":{"@id":"https:\/\/vapingnet.de\/vape\/bang-king-smart-screen-15000-puff-mit-blueberry-freeze-global-bestseller\/#primaryimage"},"thumbnailUrl":"https:\/\/vapingnet.de\/wp-content\/uploads\/2025\/04\/bang-Blueberry-Freeze.webp","datePublished":"2025-04-11T08:03:02+00:00","dateModified":"2025-06-19T03:39:54+00:00","description":"Entdecke Bang King Smart Screen 15000 Puff Mit Blueberry Freeze Global Bestseller bei vapingnet.de, \u25ba Gro\u00dfe Auswahl an Geschmacksrichtungen & super g\u00fcnstig!","breadcrumb":{"@id":"https:\/\/vapingnet.de\/vape\/bang-king-smart-screen-15000-puff-mit-blueberry-freeze-global-bestseller\/#breadcrumb"},"inLanguage":"lt-LT","potentialAction":[{"@type":"ReadAction","target":["https:\/\/vapingnet.de\/vape\/bang-king-smart-screen-15000-puff-mit-blueberry-freeze-global-bestseller\/"]}]},{"@type":"ImageObject","inLanguage":"lt-LT","@id":"https:\/\/vapingnet.de\/vape\/bang-king-smart-screen-15000-puff-mit-blueberry-freeze-global-bestseller\/#primaryimage","url":"https:\/\/vapingnet.de\/wp-content\/uploads\/2025\/04\/bang-Blueberry-Freeze.webp","contentUrl":"https:\/\/vapingnet.de\/wp-content\/uploads\/2025\/04\/bang-Blueberry-Freeze.webp","width":1000,"height":1000},{"@type":"BreadcrumbList","@id":"https:\/\/vapingnet.de\/vape\/bang-king-smart-screen-15000-puff-mit-blueberry-freeze-global-bestseller\/#breadcrumb","itemListElement":[{"@type":"ListItem","position":1,"name":"Home","item":"https:\/\/vapingnet.de\/"},{"@type":"ListItem","position":2,"name":"Shop","item":"https:\/\/vapingnet.de\/vape\/"},{"@type":"ListItem","position":3,"name":"Bang King Smart Screen 15000 Puff Mit Blueberry Freeze Global Bestseller"}]},{"@type":"WebSite","@id":"https:\/\/vapingnet.de\/#website","url":"https:\/\/vapingnet.de\/","name":"Vapingnet.de","description":"","publisher":{"@id":"https:\/\/vapingnet.de\/#organization"},"potentialAction":[{"@type":"SearchAction","target":{"@type":"EntryPoint","urlTemplate":"https:\/\/vapingnet.de\/?s={search_term_string}"},"query-input":{"@type":"PropertyValueSpecification","valueRequired":true,"valueName":"search_term_string"}}],"inLanguage":"lt-LT"},{"@type":"Organization","@id":"https:\/\/vapingnet.de\/#organization","name":"Vapingnet.de","url":"https:\/\/vapingnet.de\/","logo":{"@type":"ImageObject","inLanguage":"lt-LT","@id":"https:\/\/vapingnet.de\/#\/schema\/logo\/image\/","url":"https:\/\/vapingnet.de\/wp-content\/uploads\/2025\/03\/cropped-vapingnet.de_.jpg","contentUrl":"https:\/\/vapingnet.de\/wp-content\/uploads\/2025\/03\/cropped-vapingnet.de_.jpg","width":512,"height":512,"caption":"Vapingnet.de"},"image":{"@id":"https:\/\/vapingnet.de\/#\/schema\/logo\/image\/"},"sameAs":["https:\/\/www.facebook.com\/vapingnetde\/"]}]}},"tiered_pricing_type":"fixed","tiered_pricing_fixed_rules":{"10":"8.35","60":"7.52","110":"6.68","200":"5.85"},"tiered_pricing_product_settings":{"layout":"default","base_unit_name":{"singular":null,"plural":null},"default_variation":null},"tiered_pricing_minimum_quantity":null,"tiered_pricing_roles_data":[],"tiered_pricing_percentage_rules":[],"_links":{"self":[{"href":"https:\/\/vapingnet.de\/lt\/wp-json\/wp\/v2\/product\/6279","targetHints":{"allow":["GET"]}}],"collection":[{"href":"https:\/\/vapingnet.de\/lt\/wp-json\/wp\/v2\/product"}],"about":[{"href":"https:\/\/vapingnet.de\/lt\/wp-json\/wp\/v2\/types\/product"}],"version-history":[{"count":2,"href":"https:\/\/vapingnet.de\/lt\/wp-json\/wp\/v2\/product\/6279\/revisions"}],"predecessor-version":[{"id":6853,"href":"https:\/\/vapingnet.de\/lt\/wp-json\/wp\/v2\/product\/6279\/revisions\/6853"}],"wp:featuredmedia":[{"embeddable":true,"href":"https:\/\/vapingnet.de\/lt\/wp-json\/wp\/v2\/media\/6854"}],"wp:attachment":[{"href":"https:\/\/vapingnet.de\/lt\/wp-json\/wp\/v2\/media?parent=6279"}],"wp:term":[{"taxonomy":"brand","embeddable":true,"href":"https:\/\/vapingnet.de\/lt\/wp-json\/wp\/v2\/etheme_brands?post=6279"},{"taxonomy":"product_brand","embeddable":true,"href":"https:\/\/vapingnet.de\/lt\/wp-json\/wp\/v2\/product_brand?post=6279"},{"taxonomy":"product_cat","embeddable":true,"href":"https:\/\/vapingnet.de\/lt\/wp-json\/wp\/v2\/product_cat?post=6279"},{"taxonomy":"product_tag","embeddable":true,"href":"https:\/\/vapingnet.de\/lt\/wp-json\/wp\/v2\/product_tag?post=6279"}],"curies":[{"name":"wp","href":"https:\/\/api.w.org\/{rel}","templated":true}]}}