{"id":6281,"date":"2025-04-11T08:03:06","date_gmt":"2025-04-11T08:03:06","guid":{"rendered":"https:\/\/vapingnet.de\/?post_type=product&#038;p=6281"},"modified":"2025-06-19T03:39:53","modified_gmt":"2025-06-19T03:39:53","slug":"tropical-fruit-bang-king-smart-screen-15000-puff-direkt-vom-hersteller-guenstig","status":"publish","type":"product","link":"https:\/\/vapingnet.de\/lt\/vape\/tropical-fruit-bang-king-smart-screen-15000-puff-direkt-vom-hersteller-guenstig\/","title":{"rendered":"Tropini\u0173 vaisi\u0173 Bang King Smart Screen 15000 R\u016bkim\u0173 Tiesiogiai i\u0161 gamintojo Pigiai"},"content":{"rendered":"<h2 data-start=\"0\" data-end=\"75\" data-immersive-translate-walked=\"0f364fe4-533d-4f50-ac6d-672a6b72990c\">Bang King Smart Screen 15000 R\u016bkali\u0173 \u2013 J\u016bs\u0173 galutin\u0117 vienkartin\u0117 elektronin\u0117 cigaret\u0117<\/h2>\n<p class=\"\" data-start=\"77\" data-end=\"522\" data-immersive-translate-paragraph=\"1\" data-immersive-translate-walked=\"0f364fe4-533d-4f50-ac6d-672a6b72990c\">Jei ie\u0161kote galingos, patogios naudoti ir i\u0161skirtinio skonio vienkartin\u0117s elektronin\u0117s cigaret\u0117s, tada Bang King Smart Screen 15000 R\u016bkali\u0173 b\u016btent tai, ko jums reikia. \u0160i elektronin\u0117 cigaret\u0117 si\u016blo ne tik \u012fsp\u016bdingus techninius parametrus, bet ir unikal\u0173 skonio patirt\u012f, kuri jus su\u017eav\u0117s. Atraskite visas svarbiausias \u0161ios i\u0161skirtin\u0117s garinimo \u012frangos savybes ir privalumus.<\/p>\n<h3>Techniniai duomenys apie Bang King Smart Screen 15000 R\u016bkali\u0173<\/h3>\n<p class=\"\" data-start=\"590\" data-end=\"781\" data-immersive-translate-walked=\"0f364fe4-533d-4f50-ac6d-672a6b72990c\" data-immersive-translate-paragraph=\"1\">Bang King Smart Screen 15000 R\u016bkali\u0173 pristato daugyb\u0119 inovatyvi\u0173 funkcij\u0173, kurios daro garinim\u0105 dar malonesn\u012f. \u010cia pateikiami svarbiausi bruo\u017eai ap\u017evalgai:<\/p>\n<ul data-start=\"783\" data-end=\"1634\" data-immersive-translate-walked=\"0f364fe4-533d-4f50-ac6d-672a6b72990c\">\n<li class=\"\" data-start=\"783\" data-end=\"927\" data-immersive-translate-walked=\"0f364fe4-533d-4f50-ac6d-672a6b72990c\">\n<p class=\"\" data-start=\"785\" data-end=\"927\" data-immersive-translate-walked=\"0f364fe4-533d-4f50-ac6d-672a6b72990c\" data-immersive-translate-paragraph=\"1\">Tinklelis (1.0 Ohm): \u0160is tinklelis u\u017etikrina vienod\u0105 ir tank\u0173 garo formavim\u0105, kuris intensyviai ir nuosekliai perteikia skon\u012f.<\/p>\n<\/li>\n<li class=\"\" data-start=\"928\" data-end=\"1101\" data-immersive-translate-walked=\"0f364fe4-533d-4f50-ac6d-672a6b72990c\">\n<p class=\"\" data-start=\"930\" data-end=\"1101\" data-immersive-translate-walked=\"0f364fe4-533d-4f50-ac6d-672a6b72990c\" data-immersive-translate-paragraph=\"1\">Baterijos talpa (650mAh): Galinga baterijos veikimo trukm\u0117, kuri u\u017etikrina vis\u0105 naudojimo laik\u0105, nereikia jaudintis d\u0117l greito i\u0161sikrovimo.<\/p>\n<\/li>\n<li class=\"\" data-start=\"1102\" data-end=\"1257\" data-immersive-translate-walked=\"0f364fe4-533d-4f50-ac6d-672a6b72990c\">\n<p class=\"\" data-start=\"1104\" data-end=\"1257\" data-immersive-translate-walked=\"0f364fe4-533d-4f50-ac6d-672a6b72990c\" data-immersive-translate-paragraph=\"1\">E-liquido talpa (25ml): D\u0117ka didel\u0117s E-liquido talpos, galite m\u0117gautis iki 15 000 \u012fkv\u0117pim\u0173, kol reik\u0117s keisti elektronin\u0119 cigaret\u0119.<\/p>\n<\/li>\n<li class=\"\" data-start=\"1258\" data-end=\"1415\" data-immersive-translate-walked=\"0f364fe4-533d-4f50-ac6d-672a6b72990c\">\n<p class=\"\" data-start=\"1260\" data-end=\"1415\" data-immersive-translate-walked=\"0f364fe4-533d-4f50-ac6d-672a6b72990c\" data-immersive-translate-paragraph=\"1\">Nikotino pasirinktys (0%, 2%, 3%, 5%): Pasirinkite nikotino stiprum\u0105, kuris atitinka j\u016bs\u0173 garinimo patirt\u012f, ar esate pradedantysis, ar patyr\u0119s vartotojas.<\/p>\n<\/li>\n<li class=\"\" data-start=\"1416\" data-end=\"1512\" data-immersive-translate-walked=\"0f364fe4-533d-4f50-ac6d-672a6b72990c\">\n<p class=\"\" data-start=\"1418\" data-end=\"1512\" data-immersive-translate-walked=\"0f364fe4-533d-4f50-ac6d-672a6b72990c\" data-immersive-translate-paragraph=\"1\">\u012ekrovimo jungtis (Tipo-C): Moderni Tipo-C jungtis u\u017etikrina greit\u0105 ir patog\u0173 \u012fkrovim\u0105.<\/p>\n<\/li>\n<li class=\"\" data-start=\"1513\" data-end=\"1634\" data-immersive-translate-walked=\"0f364fe4-533d-4f50-ac6d-672a6b72990c\">\n<p class=\"\" data-start=\"1515\" data-end=\"1634\" data-immersive-translate-walked=\"0f364fe4-533d-4f50-ac6d-672a6b72990c\" data-immersive-translate-paragraph=\"1\">LED ekranas: LED ekranas rodo dabartin\u012f \u012fkrovimo ir skys\u010dio lyg\u012f, kad visada b\u016btum\u0117te informuotas.<\/p>\n<\/li>\n<\/ul>\n<h4 data-start=\"1636\" data-end=\"1678\" data-immersive-translate-walked=\"0f364fe4-533d-4f50-ac6d-672a6b72990c\">Skonio patirtis: Tropiniai vaisiai<\/h4>\n<p class=\"\" data-start=\"1680\" data-end=\"2043\" data-immersive-translate-walked=\"0f364fe4-533d-4f50-ac6d-672a6b72990c\" data-immersive-translate-paragraph=\"1\">Tropini\u0173 vaisi\u0173 skonis \u0161io vienkartinio elektroninio cigaret\u0117s nukels jus \u012f egzoti\u0161k\u0105 kelion\u0119. \u0160vie\u017ei, sald\u016bs tropini\u0173 vaisi\u0173 aromatai, tokie kaip mango, ananasas ir papaja, suteikia harmoning\u0105 mi\u0161in\u012f, kuris u\u017etikrina i\u0161skirtinai \u0161vie\u017ei\u0105 ir vaisi\u0161k\u0105 garinimo patirt\u012f. Jei m\u0117gstate vaisinius ir sald\u017eius aromatus, \u0161\u012f skon\u012f \u012fsimyl\u0117site.<\/p>\n<h3>Bang King Smart Screen 15000 R\u016bkymo privalumai<\/h3>\n<p class=\"\" data-start=\"2101\" data-end=\"2264\" data-immersive-translate-walked=\"0f364fe4-533d-4f50-ac6d-672a6b72990c\" data-immersive-translate-paragraph=\"1\">Kod\u0117l verta rinktis Bang King Smart Screen 15000 R\u016bkali\u0173? Yra daugyb\u0117 \u012ftikinam\u0173 prie\u017eas\u010di\u0173, kod\u0117l \u0161i elektronin\u0117 cigaret\u0117 yra ideali pasirinkimas:<\/p>\n<ul data-start=\"2266\" data-end=\"2653\" data-immersive-translate-walked=\"0f364fe4-533d-4f50-ac6d-672a6b72990c\">\n<li class=\"\" data-start=\"2266\" data-end=\"2387\" data-immersive-translate-walked=\"0f364fe4-533d-4f50-ac6d-672a6b72990c\">\n<p class=\"\" data-start=\"2268\" data-end=\"2387\" data-immersive-translate-walked=\"0f364fe4-533d-4f50-ac6d-672a6b72990c\" data-immersive-translate-paragraph=\"1\">Be muit\u0173: U\u017esakykite be r\u016bpes\u010di\u0173 d\u0117l papildom\u0173 muit\u0173 mokes\u010di\u0173. J\u016bs\u0173 u\u017esakymas greitai ir patogiai atkeliaus tiesiai pas jus.<\/p>\n<\/li>\n<li class=\"\" data-start=\"2388\" data-end=\"2517\" data-immersive-translate-walked=\"0f364fe4-533d-4f50-ac6d-672a6b72990c\">\n<p class=\"\" data-start=\"2390\" data-end=\"2517\" data-immersive-translate-walked=\"0f364fe4-533d-4f50-ac6d-672a6b72990c\" data-immersive-translate-paragraph=\"1\">Greitas pristatymas (7-15 darbo dien\u0173): Nereik\u0117s ilgai laukti. Per 7-15 darbo dien\u0173 j\u016bs\u0173 u\u017esakymas bus pristatytas.<\/p>\n<\/li>\n<li class=\"\" data-start=\"2518\" data-end=\"2653\" data-immersive-translate-walked=\"0f364fe4-533d-4f50-ac6d-672a6b72990c\">\n<p class=\"\" data-start=\"2520\" data-end=\"2653\" data-immersive-translate-walked=\"0f364fe4-533d-4f50-ac6d-672a6b72990c\" data-immersive-translate-paragraph=\"1\">Vienkartin\u0117 elektronin\u0117 cigaret\u0117: Be sud\u0117tingos prie\u017ei\u016bros \u2013 m\u0117gaukit\u0117s paprastai ir patogiai, kol j\u016bs\u0173 elektronin\u0117 cigaret\u0117 pasieks savo tarnavimo laik\u0105.<\/p>\n<\/li>\n<\/ul>\n<h4 data-start=\"2655\" data-end=\"2725\" data-immersive-translate-walked=\"0f364fe4-533d-4f50-ac6d-672a6b72990c\">Kod\u0117l tur\u0117tum\u0117te \u012fsigyti Bang King Smart Screen 15000 R\u016bkali\u0173<\/h4>\n<p class=\"\" data-start=\"2727\" data-end=\"3177\" data-immersive-translate-walked=\"0f364fe4-533d-4f50-ac6d-672a6b72990c\" data-immersive-translate-paragraph=\"1\">Bang King Smart Screen 15000 R\u016bkali\u0173 yra puikus pasirinkimas garintojams, kurie vertina galing\u0105, lengvai naudojam\u0105 ir i\u0161skirtinio skonio vienkartin\u0119 elektronin\u0119 cigaret\u0119. Nesvarbu, ar esate patyr\u0119s garintojas, ar pradedantysis \u2013 \u0161i elektronin\u0117 cigaret\u0117 suteiks jums geriausi\u0105 galim\u0105 na\u0161um\u0105. \u012esigykite savo Bang King Smart Screen 15000 R\u016bkali\u0173 dabar ir patirkite unikal\u0173 tropini\u0173 vaisi\u0173 aromat\u0105!<\/p>","protected":false},"excerpt":{"rendered":"<p>Bang King Smart Screen 15000 Puff \u2013 J\u016bs\u0173 galutin\u0117 vienkartin\u0117 elektronin\u0117 cigaret\u0117 Jei ie\u0161kote galingos, patogios naudoti ir i\u0161skirtinio skonio vienkartin\u0117s elektronin\u0117s cigaret\u0117s, tada...<\/p>","protected":false},"featured_media":6858,"template":"","meta":[],"etheme_brands":[],"product_brand":[101],"product_cat":[53,49,61],"product_tag":[],"class_list":{"0":"post-6281","1":"product","2":"type-product","3":"status-publish","4":"has-post-thumbnail","6":"product_brand-bang-king-vape","7":"product_cat-vape-15000-zuege","8":"product_cat-einweg-e-zigarette","9":"product_cat-f","11":"first","12":"instock","13":"shipping-taxable","14":"purchasable","15":"product-type-simple"},"yoast_head":"<!-- This site is optimized with the Yoast SEO plugin v26.5 - https:\/\/yoast.com\/wordpress\/plugins\/seo\/ -->\n<title>Tropical Fruit Bang King Smart Screen 15000 Puff Direkt Vom Hersteller G\u00fcnstig | Vapingnet.de<\/title>\n<meta name=\"description\" content=\"Entdecke Tropical Fruit Bang King Smart Screen 15000 Puff Direkt Vom Hersteller G\u00fcnstig bei vapingnet.de, \u25ba Gro\u00dfe Auswahl an Geschmacksrichtungen &amp; super g\u00fcnstig!\" \/>\n<meta name=\"robots\" content=\"index, follow, max-snippet:-1, max-image-preview:large, max-video-preview:-1\" \/>\n<link rel=\"canonical\" href=\"https:\/\/vapingnet.de\/lt\/vape\/tropical-fruit-bang-king-smart-screen-15000-puff-direkt-vom-hersteller-guenstig\/\" \/>\n<meta property=\"og:locale\" content=\"lt_LT\" \/>\n<meta property=\"og:type\" content=\"article\" \/>\n<meta property=\"og:title\" content=\"Tropical Fruit Bang King Smart Screen 15000 Puff Direkt Vom Hersteller G\u00fcnstig | Vapingnet.de\" \/>\n<meta property=\"og:description\" content=\"Entdecke Tropical Fruit Bang King Smart Screen 15000 Puff Direkt Vom Hersteller G\u00fcnstig bei vapingnet.de, \u25ba Gro\u00dfe Auswahl an Geschmacksrichtungen &amp; super g\u00fcnstig!\" \/>\n<meta property=\"og:url\" content=\"https:\/\/vapingnet.de\/lt\/vape\/tropical-fruit-bang-king-smart-screen-15000-puff-direkt-vom-hersteller-guenstig\/\" \/>\n<meta property=\"og:site_name\" content=\"Vapingnet.de\" \/>\n<meta property=\"article:publisher\" content=\"https:\/\/www.facebook.com\/vapingnetde\/\" \/>\n<meta property=\"article:modified_time\" content=\"2025-06-19T03:39:53+00:00\" \/>\n<meta property=\"og:image\" content=\"https:\/\/vapingnet.de\/wp-content\/uploads\/2025\/04\/Bang-King-Smart-Screen.webp\" \/>\n\t<meta property=\"og:image:width\" content=\"1000\" \/>\n\t<meta property=\"og:image:height\" content=\"1000\" \/>\n\t<meta property=\"og:image:type\" content=\"image\/webp\" \/>\n<meta name=\"twitter:card\" content=\"summary_large_image\" \/>\n<meta name=\"twitter:label1\" content=\"Est. reading time\" \/>\n\t<meta name=\"twitter:data1\" content=\"3 minutes\" \/>\n<script type=\"application\/ld+json\" class=\"yoast-schema-graph\">{\"@context\":\"https:\/\/schema.org\",\"@graph\":[{\"@type\":\"WebPage\",\"@id\":\"https:\/\/vapingnet.de\/vape\/tropical-fruit-bang-king-smart-screen-15000-puff-direkt-vom-hersteller-guenstig\/\",\"url\":\"https:\/\/vapingnet.de\/vape\/tropical-fruit-bang-king-smart-screen-15000-puff-direkt-vom-hersteller-guenstig\/\",\"name\":\"Tropical Fruit Bang King Smart Screen 15000 Puff Direkt Vom Hersteller G\u00fcnstig | Vapingnet.de\",\"isPartOf\":{\"@id\":\"https:\/\/vapingnet.de\/#website\"},\"primaryImageOfPage\":{\"@id\":\"https:\/\/vapingnet.de\/vape\/tropical-fruit-bang-king-smart-screen-15000-puff-direkt-vom-hersteller-guenstig\/#primaryimage\"},\"image\":{\"@id\":\"https:\/\/vapingnet.de\/vape\/tropical-fruit-bang-king-smart-screen-15000-puff-direkt-vom-hersteller-guenstig\/#primaryimage\"},\"thumbnailUrl\":\"https:\/\/vapingnet.de\/wp-content\/uploads\/2025\/04\/Bang-King-Smart-Screen.webp\",\"datePublished\":\"2025-04-11T08:03:06+00:00\",\"dateModified\":\"2025-06-19T03:39:53+00:00\",\"description\":\"Entdecke Tropical Fruit Bang King Smart Screen 15000 Puff Direkt Vom Hersteller G\u00fcnstig bei vapingnet.de, \u25ba Gro\u00dfe Auswahl an Geschmacksrichtungen & super g\u00fcnstig!\",\"breadcrumb\":{\"@id\":\"https:\/\/vapingnet.de\/vape\/tropical-fruit-bang-king-smart-screen-15000-puff-direkt-vom-hersteller-guenstig\/#breadcrumb\"},\"inLanguage\":\"lt-LT\",\"potentialAction\":[{\"@type\":\"ReadAction\",\"target\":[\"https:\/\/vapingnet.de\/vape\/tropical-fruit-bang-king-smart-screen-15000-puff-direkt-vom-hersteller-guenstig\/\"]}]},{\"@type\":\"ImageObject\",\"inLanguage\":\"lt-LT\",\"@id\":\"https:\/\/vapingnet.de\/vape\/tropical-fruit-bang-king-smart-screen-15000-puff-direkt-vom-hersteller-guenstig\/#primaryimage\",\"url\":\"https:\/\/vapingnet.de\/wp-content\/uploads\/2025\/04\/Bang-King-Smart-Screen.webp\",\"contentUrl\":\"https:\/\/vapingnet.de\/wp-content\/uploads\/2025\/04\/Bang-King-Smart-Screen.webp\",\"width\":1000,\"height\":1000},{\"@type\":\"BreadcrumbList\",\"@id\":\"https:\/\/vapingnet.de\/vape\/tropical-fruit-bang-king-smart-screen-15000-puff-direkt-vom-hersteller-guenstig\/#breadcrumb\",\"itemListElement\":[{\"@type\":\"ListItem\",\"position\":1,\"name\":\"Home\",\"item\":\"https:\/\/vapingnet.de\/\"},{\"@type\":\"ListItem\",\"position\":2,\"name\":\"Shop\",\"item\":\"https:\/\/vapingnet.de\/vape\/\"},{\"@type\":\"ListItem\",\"position\":3,\"name\":\"Tropical Fruit Bang King Smart Screen 15000 Puff Direkt Vom Hersteller G\u00fcnstig\"}]},{\"@type\":\"WebSite\",\"@id\":\"https:\/\/vapingnet.de\/#website\",\"url\":\"https:\/\/vapingnet.de\/\",\"name\":\"Vapingnet.de\",\"description\":\"\",\"publisher\":{\"@id\":\"https:\/\/vapingnet.de\/#organization\"},\"potentialAction\":[{\"@type\":\"SearchAction\",\"target\":{\"@type\":\"EntryPoint\",\"urlTemplate\":\"https:\/\/vapingnet.de\/?s={search_term_string}\"},\"query-input\":{\"@type\":\"PropertyValueSpecification\",\"valueRequired\":true,\"valueName\":\"search_term_string\"}}],\"inLanguage\":\"lt-LT\"},{\"@type\":\"Organization\",\"@id\":\"https:\/\/vapingnet.de\/#organization\",\"name\":\"Vapingnet.de\",\"url\":\"https:\/\/vapingnet.de\/\",\"logo\":{\"@type\":\"ImageObject\",\"inLanguage\":\"lt-LT\",\"@id\":\"https:\/\/vapingnet.de\/#\/schema\/logo\/image\/\",\"url\":\"https:\/\/vapingnet.de\/wp-content\/uploads\/2025\/03\/cropped-vapingnet.de_.jpg\",\"contentUrl\":\"https:\/\/vapingnet.de\/wp-content\/uploads\/2025\/03\/cropped-vapingnet.de_.jpg\",\"width\":512,\"height\":512,\"caption\":\"Vapingnet.de\"},\"image\":{\"@id\":\"https:\/\/vapingnet.de\/#\/schema\/logo\/image\/\"},\"sameAs\":[\"https:\/\/www.facebook.com\/vapingnetde\/\"]}]}<\/script>\n<!-- \/ Yoast SEO plugin. -->","yoast_head_json":{"title":"Tropical Fruit Bang King Smart Screen 15000 Puff Direkt Vom Hersteller G\u00fcnstig | Vapingnet.de","description":"Entdecke Tropical Fruit Bang King Smart Screen 15000 Puff Direkt Vom Hersteller G\u00fcnstig bei vapingnet.de, \u25ba Gro\u00dfe Auswahl an Geschmacksrichtungen & super g\u00fcnstig!","robots":{"index":"index","follow":"follow","max-snippet":"max-snippet:-1","max-image-preview":"max-image-preview:large","max-video-preview":"max-video-preview:-1"},"canonical":"https:\/\/vapingnet.de\/lt\/vape\/tropical-fruit-bang-king-smart-screen-15000-puff-direkt-vom-hersteller-guenstig\/","og_locale":"lt_LT","og_type":"article","og_title":"Tropical Fruit Bang King Smart Screen 15000 Puff Direkt Vom Hersteller G\u00fcnstig | Vapingnet.de","og_description":"Entdecke Tropical Fruit Bang King Smart Screen 15000 Puff Direkt Vom Hersteller G\u00fcnstig bei vapingnet.de, \u25ba Gro\u00dfe Auswahl an Geschmacksrichtungen & super g\u00fcnstig!","og_url":"https:\/\/vapingnet.de\/lt\/vape\/tropical-fruit-bang-king-smart-screen-15000-puff-direkt-vom-hersteller-guenstig\/","og_site_name":"Vapingnet.de","article_publisher":"https:\/\/www.facebook.com\/vapingnetde\/","article_modified_time":"2025-06-19T03:39:53+00:00","og_image":[{"width":1000,"height":1000,"url":"https:\/\/vapingnet.de\/wp-content\/uploads\/2025\/04\/Bang-King-Smart-Screen.webp","type":"image\/webp"}],"twitter_card":"summary_large_image","twitter_misc":{"Est. reading time":"3 minutes"},"schema":{"@context":"https:\/\/schema.org","@graph":[{"@type":"WebPage","@id":"https:\/\/vapingnet.de\/vape\/tropical-fruit-bang-king-smart-screen-15000-puff-direkt-vom-hersteller-guenstig\/","url":"https:\/\/vapingnet.de\/vape\/tropical-fruit-bang-king-smart-screen-15000-puff-direkt-vom-hersteller-guenstig\/","name":"Tropical Fruit Bang King Smart Screen 15000 Puff Direkt Vom Hersteller G\u00fcnstig | Vapingnet.de","isPartOf":{"@id":"https:\/\/vapingnet.de\/#website"},"primaryImageOfPage":{"@id":"https:\/\/vapingnet.de\/vape\/tropical-fruit-bang-king-smart-screen-15000-puff-direkt-vom-hersteller-guenstig\/#primaryimage"},"image":{"@id":"https:\/\/vapingnet.de\/vape\/tropical-fruit-bang-king-smart-screen-15000-puff-direkt-vom-hersteller-guenstig\/#primaryimage"},"thumbnailUrl":"https:\/\/vapingnet.de\/wp-content\/uploads\/2025\/04\/Bang-King-Smart-Screen.webp","datePublished":"2025-04-11T08:03:06+00:00","dateModified":"2025-06-19T03:39:53+00:00","description":"Entdecke Tropical Fruit Bang King Smart Screen 15000 Puff Direkt Vom Hersteller G\u00fcnstig bei vapingnet.de, \u25ba Gro\u00dfe Auswahl an Geschmacksrichtungen & super g\u00fcnstig!","breadcrumb":{"@id":"https:\/\/vapingnet.de\/vape\/tropical-fruit-bang-king-smart-screen-15000-puff-direkt-vom-hersteller-guenstig\/#breadcrumb"},"inLanguage":"lt-LT","potentialAction":[{"@type":"ReadAction","target":["https:\/\/vapingnet.de\/vape\/tropical-fruit-bang-king-smart-screen-15000-puff-direkt-vom-hersteller-guenstig\/"]}]},{"@type":"ImageObject","inLanguage":"lt-LT","@id":"https:\/\/vapingnet.de\/vape\/tropical-fruit-bang-king-smart-screen-15000-puff-direkt-vom-hersteller-guenstig\/#primaryimage","url":"https:\/\/vapingnet.de\/wp-content\/uploads\/2025\/04\/Bang-King-Smart-Screen.webp","contentUrl":"https:\/\/vapingnet.de\/wp-content\/uploads\/2025\/04\/Bang-King-Smart-Screen.webp","width":1000,"height":1000},{"@type":"BreadcrumbList","@id":"https:\/\/vapingnet.de\/vape\/tropical-fruit-bang-king-smart-screen-15000-puff-direkt-vom-hersteller-guenstig\/#breadcrumb","itemListElement":[{"@type":"ListItem","position":1,"name":"Home","item":"https:\/\/vapingnet.de\/"},{"@type":"ListItem","position":2,"name":"Shop","item":"https:\/\/vapingnet.de\/vape\/"},{"@type":"ListItem","position":3,"name":"Tropical Fruit Bang King Smart Screen 15000 Puff Direkt Vom Hersteller G\u00fcnstig"}]},{"@type":"WebSite","@id":"https:\/\/vapingnet.de\/#website","url":"https:\/\/vapingnet.de\/","name":"Vapingnet.de","description":"","publisher":{"@id":"https:\/\/vapingnet.de\/#organization"},"potentialAction":[{"@type":"SearchAction","target":{"@type":"EntryPoint","urlTemplate":"https:\/\/vapingnet.de\/?s={search_term_string}"},"query-input":{"@type":"PropertyValueSpecification","valueRequired":true,"valueName":"search_term_string"}}],"inLanguage":"lt-LT"},{"@type":"Organization","@id":"https:\/\/vapingnet.de\/#organization","name":"Vapingnet.de","url":"https:\/\/vapingnet.de\/","logo":{"@type":"ImageObject","inLanguage":"lt-LT","@id":"https:\/\/vapingnet.de\/#\/schema\/logo\/image\/","url":"https:\/\/vapingnet.de\/wp-content\/uploads\/2025\/03\/cropped-vapingnet.de_.jpg","contentUrl":"https:\/\/vapingnet.de\/wp-content\/uploads\/2025\/03\/cropped-vapingnet.de_.jpg","width":512,"height":512,"caption":"Vapingnet.de"},"image":{"@id":"https:\/\/vapingnet.de\/#\/schema\/logo\/image\/"},"sameAs":["https:\/\/www.facebook.com\/vapingnetde\/"]}]}},"tiered_pricing_type":"fixed","tiered_pricing_fixed_rules":{"10":"8.35","60":"7.52","110":"6.68","200":"5.85"},"tiered_pricing_product_settings":{"layout":"default","base_unit_name":{"singular":null,"plural":null},"default_variation":null},"tiered_pricing_minimum_quantity":null,"tiered_pricing_roles_data":[],"tiered_pricing_percentage_rules":[],"_links":{"self":[{"href":"https:\/\/vapingnet.de\/lt\/wp-json\/wp\/v2\/product\/6281","targetHints":{"allow":["GET"]}}],"collection":[{"href":"https:\/\/vapingnet.de\/lt\/wp-json\/wp\/v2\/product"}],"about":[{"href":"https:\/\/vapingnet.de\/lt\/wp-json\/wp\/v2\/types\/product"}],"version-history":[{"count":1,"href":"https:\/\/vapingnet.de\/lt\/wp-json\/wp\/v2\/product\/6281\/revisions"}],"predecessor-version":[{"id":6291,"href":"https:\/\/vapingnet.de\/lt\/wp-json\/wp\/v2\/product\/6281\/revisions\/6291"}],"wp:featuredmedia":[{"embeddable":true,"href":"https:\/\/vapingnet.de\/lt\/wp-json\/wp\/v2\/media\/6858"}],"wp:attachment":[{"href":"https:\/\/vapingnet.de\/lt\/wp-json\/wp\/v2\/media?parent=6281"}],"wp:term":[{"taxonomy":"brand","embeddable":true,"href":"https:\/\/vapingnet.de\/lt\/wp-json\/wp\/v2\/etheme_brands?post=6281"},{"taxonomy":"product_brand","embeddable":true,"href":"https:\/\/vapingnet.de\/lt\/wp-json\/wp\/v2\/product_brand?post=6281"},{"taxonomy":"product_cat","embeddable":true,"href":"https:\/\/vapingnet.de\/lt\/wp-json\/wp\/v2\/product_cat?post=6281"},{"taxonomy":"product_tag","embeddable":true,"href":"https:\/\/vapingnet.de\/lt\/wp-json\/wp\/v2\/product_tag?post=6281"}],"curies":[{"name":"wp","href":"https:\/\/api.w.org\/{rel}","templated":true}]}}