{"id":6282,"date":"2025-04-11T08:03:09","date_gmt":"2025-04-11T08:03:09","guid":{"rendered":"https:\/\/vapingnet.de\/?post_type=product&#038;p=6282"},"modified":"2025-06-19T03:39:27","modified_gmt":"2025-06-19T03:39:27","slug":"weltweit-beliebter-bang-king-smart-screen-15000-puff-sour-apple-bluerry-ohne-zoll","status":"publish","type":"product","link":"https:\/\/vapingnet.de\/lt\/vape\/weltweit-beliebter-bang-king-smart-screen-15000-puff-sour-apple-bluerry-ohne-zoll\/","title":{"rendered":"Pasaulin\u0117 populiari Bang King Smart Screen 15000 P\u016b\u010di\u0173 Sour Apple Blueberry be muit\u0173"},"content":{"rendered":"<h2 data-start=\"40\" data-end=\"126\">Bang King Smart Screen 15000 Puff: Vienkartin\u0117 elektronin\u0117 cigaret\u0117 su i\u0161skirtiniu skoniu<\/h2>\n<p class=\"\" data-start=\"128\" data-end=\"479\">Bang King Smart Screen 15000 Puff yra revoliucin\u0117 sprendimas r\u016bkytojams, ie\u0161kantiems ilgalaik\u0117s, kokybi\u0161kos r\u016bkomos patirties. Su patogiu, naudotojui draugi\u0161ku dizainu ir daugybe i\u0161skirtini\u0173 funkcij\u0173, \u0161i vienkartin\u0117 elektronin\u0117 cigaret\u0117 suteikia visk\u0105, ko reikia nepamir\u0161tamai r\u016bkymo patir\u010diai.<\/p>\n<h4>Galingos technin\u0117s specifikacijos<\/h4>\n<ul data-start=\"522\" data-end=\"1224\">\n<li class=\"\" data-start=\"522\" data-end=\"657\">\n<p class=\"\" data-start=\"524\" data-end=\"657\">Mesh Coil (1.0 Ohm): Su \u0161ia rit\u0117s technologija garas yra tolygus ir intensyvus, tod\u0117l kiekvienas \u012fkv\u0117pimas yra malonus.<\/p>\n<\/li>\n<li class=\"\" data-start=\"658\" data-end=\"818\">\n<p class=\"\" data-start=\"660\" data-end=\"818\">Baterijos talpa 650 mAh: Ilgai veikianti baterija leid\u017eia r\u016bkyti ilg\u0105 laik\u0105 be r\u016bpes\u010di\u0173 d\u0117l veikimo.<\/p>\n<\/li>\n<li class=\"\" data-start=\"819\" data-end=\"957\">\n<p class=\"\" data-start=\"821\" data-end=\"957\">E-skys\u010dio talpa 25 ml: \u0160i dosni skys\u010dio kiekis suteikia iki 15 000 \u012fkv\u0117pim\u0173, idealiai tinka ilgalaikiam naudojimui arba kelioms dienoms.<\/p>\n<\/li>\n<li class=\"\" data-start=\"958\" data-end=\"1119\">\n<p class=\"\" data-start=\"960\" data-end=\"1119\">Nikotino druskos pasirinkimai: Galite pasirinkti i\u0161 keturi\u0173 skirting\u0173 nikotino stiprum\u0173: 0%, 2%, 3% ir 5%, priklausomai nuo j\u016bs\u0173 asmenini\u0173 pageidavim\u0173.<\/p>\n<\/li>\n<li class=\"\" data-start=\"1120\" data-end=\"1224\">\n<p class=\"\" data-start=\"1122\" data-end=\"1224\">Tipo-C \u012fkrovimo jungtis: D\u0117l modernios USB Tipo-C jungties \u012fkrovimas yra greitas ir efektyvus.<\/p>\n<\/li>\n<\/ul>\n<h4>I\u0161skirtinis skonis: R\u016bg\u0161tus obuolys su m\u0117lyne<\/h4>\n<p class=\"\" data-start=\"1278\" data-end=\"1577\">Dar viena Bang King Smart Screen 15000 Puff i\u0161skirtin\u0117 savyb\u0117 yra nepaprastas r\u016bg\u0161taus obuolio su m\u0117lyne skonis. R\u016bg\u0161tus obuolio gaivumas kartu su sald\u017eia m\u0117lyne sukuria subalansuot\u0105 ir gaiv\u0173 r\u016bkomos patirt\u012f, kuri j\u016bs\u0173 nepaleis.<\/p>\n<h3>Kod\u0117l verta rinktis Bang King Smart Screen?<\/h3>\n<ol data-start=\"1655\" data-end=\"2187\">\n<li class=\"\" data-start=\"1655\" data-end=\"1782\">\n<p class=\"\" data-start=\"1658\" data-end=\"1782\">Be muit\u0173 pristatymas: Jums nereik\u0117s jaudintis d\u0117l papildom\u0173 mokes\u010di\u0173. J\u016bs\u0173 u\u017esakymas bus pristatytas be muit\u0173.<\/p>\n<\/li>\n<li class=\"\" data-start=\"1783\" data-end=\"1906\">\n<p class=\"\" data-start=\"1786\" data-end=\"1906\">Greitas pristatymas: Per tik 7-15 darbo dien\u0173 gal\u0117site gauti savo produkt\u0105.<\/p>\n<\/li>\n<li class=\"\" data-start=\"1907\" data-end=\"2053\">\n<p class=\"\" data-start=\"1910\" data-end=\"2053\">Paprasta naudoti: \u0160i vienkartin\u0117 elektronin\u0117 cigaret\u0117 yra labai paprasta naudoti \u2013 nereikia papildyti ar ilgai laukti. Galite i\u0161kart m\u0117gautis.<\/p>\n<\/li>\n<li class=\"\" data-start=\"2054\" data-end=\"2187\">\n<p class=\"\" data-start=\"2057\" data-end=\"2187\">Ilgaam\u017e\u0117 ir patikima: Auk\u0161tas \u012fkv\u0117pim\u0173 skai\u010dius ir stipri baterija u\u017etikrins ilgalaik\u012f malonum\u0105 i\u0161 savo \u012frenginio.<\/p>\n<\/li>\n<\/ol>\n<h4 data-start=\"2189\" data-end=\"2230\">Tobula r\u016bkomos patirtis<\/h4>\n<p class=\"\" data-start=\"2232\" data-end=\"2548\">Bang King Smart Screen 15000 Puff si\u016blo visk\u0105, ko gali nor\u0117ti r\u016bkytojas. Ji sujungia i\u0161skirtin\u012f skon\u012f su patvaria ir ilgai tarnaujan\u010dia galia, kuri j\u016bs\u0173 nenusivils. Nesvarbu, ar esate pradedantysis, ar patyr\u0119s r\u016bkytojas \u2013 su \u0161ia elektronine cigarete b\u016bsite gerai apr\u016bpintas.<\/p>\n<p class=\"\" data-start=\"2550\" data-end=\"2683\">Apsilankykite vapingnet.de ir u\u017esisakykite \u0161iandien savo Bang King Smart Screen 15000 Puff ir patirkite nepamir\u0161tam\u0105 r\u016bkomos patirt\u012f.<\/p>","protected":false},"excerpt":{"rendered":"<p>Bang King Smart Screen 15000 Puff: Vienkartin\u0117 elektronin\u0117 cigaret\u0117 su i\u0161skirtiniu skoniu Bang King Smart Screen 15000 Puff yra revoliucin\u0117 sprendimas garintojams,...<\/p>","protected":false},"featured_media":6858,"template":"","meta":[],"etheme_brands":[],"product_brand":[101],"product_cat":[53,49,61],"product_tag":[],"class_list":{"0":"post-6282","1":"product","2":"type-product","3":"status-publish","4":"has-post-thumbnail","6":"product_brand-bang-king-vape","7":"product_cat-vape-15000-zuege","8":"product_cat-einweg-e-zigarette","9":"product_cat-f","11":"first","12":"instock","13":"shipping-taxable","14":"purchasable","15":"product-type-simple"},"yoast_head":"<!-- This site is optimized with the Yoast SEO plugin v26.5 - https:\/\/yoast.com\/wordpress\/plugins\/seo\/ -->\n<title>Weltweit Beliebter Bang King Smart Screen 15000 Puff Sour Apple Bluerry Ohne Zoll | Vapingnet.de<\/title>\n<meta name=\"description\" content=\"Entdecke Weltweit Beliebter Bang King Smart Screen 15000 Puff Sour Apple Bluerry Ohne Zoll bei vapingnet.de, \u25ba Gro\u00dfe Auswahl an Geschmacksrichtungen &amp; super g\u00fcnstig!\" \/>\n<meta name=\"robots\" content=\"index, follow, max-snippet:-1, max-image-preview:large, max-video-preview:-1\" \/>\n<link rel=\"canonical\" href=\"https:\/\/vapingnet.de\/lt\/vape\/weltweit-beliebter-bang-king-smart-screen-15000-puff-sour-apple-bluerry-ohne-zoll\/\" \/>\n<meta property=\"og:locale\" content=\"lt_LT\" \/>\n<meta property=\"og:type\" content=\"article\" \/>\n<meta property=\"og:title\" content=\"Weltweit Beliebter Bang King Smart Screen 15000 Puff Sour Apple Bluerry Ohne Zoll | Vapingnet.de\" \/>\n<meta property=\"og:description\" content=\"Entdecke Weltweit Beliebter Bang King Smart Screen 15000 Puff Sour Apple Bluerry Ohne Zoll bei vapingnet.de, \u25ba Gro\u00dfe Auswahl an Geschmacksrichtungen &amp; super g\u00fcnstig!\" \/>\n<meta property=\"og:url\" content=\"https:\/\/vapingnet.de\/lt\/vape\/weltweit-beliebter-bang-king-smart-screen-15000-puff-sour-apple-bluerry-ohne-zoll\/\" \/>\n<meta property=\"og:site_name\" content=\"Vapingnet.de\" \/>\n<meta property=\"article:publisher\" content=\"https:\/\/www.facebook.com\/vapingnetde\/\" \/>\n<meta property=\"article:modified_time\" content=\"2025-06-19T03:39:27+00:00\" \/>\n<meta property=\"og:image\" content=\"https:\/\/vapingnet.de\/wp-content\/uploads\/2025\/04\/Bang-King-Smart-Screen.webp\" \/>\n\t<meta property=\"og:image:width\" content=\"1000\" \/>\n\t<meta property=\"og:image:height\" content=\"1000\" \/>\n\t<meta property=\"og:image:type\" content=\"image\/webp\" \/>\n<meta name=\"twitter:card\" content=\"summary_large_image\" \/>\n<meta name=\"twitter:label1\" content=\"Est. reading time\" \/>\n\t<meta name=\"twitter:data1\" content=\"3 minutes\" \/>\n<script type=\"application\/ld+json\" class=\"yoast-schema-graph\">{\"@context\":\"https:\/\/schema.org\",\"@graph\":[{\"@type\":\"WebPage\",\"@id\":\"https:\/\/vapingnet.de\/vape\/weltweit-beliebter-bang-king-smart-screen-15000-puff-sour-apple-bluerry-ohne-zoll\/\",\"url\":\"https:\/\/vapingnet.de\/vape\/weltweit-beliebter-bang-king-smart-screen-15000-puff-sour-apple-bluerry-ohne-zoll\/\",\"name\":\"Weltweit Beliebter Bang King Smart Screen 15000 Puff Sour Apple Bluerry Ohne Zoll | Vapingnet.de\",\"isPartOf\":{\"@id\":\"https:\/\/vapingnet.de\/#website\"},\"primaryImageOfPage\":{\"@id\":\"https:\/\/vapingnet.de\/vape\/weltweit-beliebter-bang-king-smart-screen-15000-puff-sour-apple-bluerry-ohne-zoll\/#primaryimage\"},\"image\":{\"@id\":\"https:\/\/vapingnet.de\/vape\/weltweit-beliebter-bang-king-smart-screen-15000-puff-sour-apple-bluerry-ohne-zoll\/#primaryimage\"},\"thumbnailUrl\":\"https:\/\/vapingnet.de\/wp-content\/uploads\/2025\/04\/Bang-King-Smart-Screen.webp\",\"datePublished\":\"2025-04-11T08:03:09+00:00\",\"dateModified\":\"2025-06-19T03:39:27+00:00\",\"description\":\"Entdecke Weltweit Beliebter Bang King Smart Screen 15000 Puff Sour Apple Bluerry Ohne Zoll bei vapingnet.de, \u25ba Gro\u00dfe Auswahl an Geschmacksrichtungen & super g\u00fcnstig!\",\"breadcrumb\":{\"@id\":\"https:\/\/vapingnet.de\/vape\/weltweit-beliebter-bang-king-smart-screen-15000-puff-sour-apple-bluerry-ohne-zoll\/#breadcrumb\"},\"inLanguage\":\"lt-LT\",\"potentialAction\":[{\"@type\":\"ReadAction\",\"target\":[\"https:\/\/vapingnet.de\/vape\/weltweit-beliebter-bang-king-smart-screen-15000-puff-sour-apple-bluerry-ohne-zoll\/\"]}]},{\"@type\":\"ImageObject\",\"inLanguage\":\"lt-LT\",\"@id\":\"https:\/\/vapingnet.de\/vape\/weltweit-beliebter-bang-king-smart-screen-15000-puff-sour-apple-bluerry-ohne-zoll\/#primaryimage\",\"url\":\"https:\/\/vapingnet.de\/wp-content\/uploads\/2025\/04\/Bang-King-Smart-Screen.webp\",\"contentUrl\":\"https:\/\/vapingnet.de\/wp-content\/uploads\/2025\/04\/Bang-King-Smart-Screen.webp\",\"width\":1000,\"height\":1000},{\"@type\":\"BreadcrumbList\",\"@id\":\"https:\/\/vapingnet.de\/vape\/weltweit-beliebter-bang-king-smart-screen-15000-puff-sour-apple-bluerry-ohne-zoll\/#breadcrumb\",\"itemListElement\":[{\"@type\":\"ListItem\",\"position\":1,\"name\":\"Home\",\"item\":\"https:\/\/vapingnet.de\/\"},{\"@type\":\"ListItem\",\"position\":2,\"name\":\"Shop\",\"item\":\"https:\/\/vapingnet.de\/vape\/\"},{\"@type\":\"ListItem\",\"position\":3,\"name\":\"Weltweit Beliebter Bang King Smart Screen 15000 Puff Sour Apple Bluerry Ohne Zoll\"}]},{\"@type\":\"WebSite\",\"@id\":\"https:\/\/vapingnet.de\/#website\",\"url\":\"https:\/\/vapingnet.de\/\",\"name\":\"Vapingnet.de\",\"description\":\"\",\"publisher\":{\"@id\":\"https:\/\/vapingnet.de\/#organization\"},\"potentialAction\":[{\"@type\":\"SearchAction\",\"target\":{\"@type\":\"EntryPoint\",\"urlTemplate\":\"https:\/\/vapingnet.de\/?s={search_term_string}\"},\"query-input\":{\"@type\":\"PropertyValueSpecification\",\"valueRequired\":true,\"valueName\":\"search_term_string\"}}],\"inLanguage\":\"lt-LT\"},{\"@type\":\"Organization\",\"@id\":\"https:\/\/vapingnet.de\/#organization\",\"name\":\"Vapingnet.de\",\"url\":\"https:\/\/vapingnet.de\/\",\"logo\":{\"@type\":\"ImageObject\",\"inLanguage\":\"lt-LT\",\"@id\":\"https:\/\/vapingnet.de\/#\/schema\/logo\/image\/\",\"url\":\"https:\/\/vapingnet.de\/wp-content\/uploads\/2025\/03\/cropped-vapingnet.de_.jpg\",\"contentUrl\":\"https:\/\/vapingnet.de\/wp-content\/uploads\/2025\/03\/cropped-vapingnet.de_.jpg\",\"width\":512,\"height\":512,\"caption\":\"Vapingnet.de\"},\"image\":{\"@id\":\"https:\/\/vapingnet.de\/#\/schema\/logo\/image\/\"},\"sameAs\":[\"https:\/\/www.facebook.com\/vapingnetde\/\"]}]}<\/script>\n<!-- \/ Yoast SEO plugin. -->","yoast_head_json":{"title":"Weltweit Beliebter Bang King Smart Screen 15000 Puff Sour Apple Bluerry Ohne Zoll | Vapingnet.de","description":"Entdecke Weltweit Beliebter Bang King Smart Screen 15000 Puff Sour Apple Bluerry Ohne Zoll bei vapingnet.de, \u25ba Gro\u00dfe Auswahl an Geschmacksrichtungen & super g\u00fcnstig!","robots":{"index":"index","follow":"follow","max-snippet":"max-snippet:-1","max-image-preview":"max-image-preview:large","max-video-preview":"max-video-preview:-1"},"canonical":"https:\/\/vapingnet.de\/lt\/vape\/weltweit-beliebter-bang-king-smart-screen-15000-puff-sour-apple-bluerry-ohne-zoll\/","og_locale":"lt_LT","og_type":"article","og_title":"Weltweit Beliebter Bang King Smart Screen 15000 Puff Sour Apple Bluerry Ohne Zoll | Vapingnet.de","og_description":"Entdecke Weltweit Beliebter Bang King Smart Screen 15000 Puff Sour Apple Bluerry Ohne Zoll bei vapingnet.de, \u25ba Gro\u00dfe Auswahl an Geschmacksrichtungen & super g\u00fcnstig!","og_url":"https:\/\/vapingnet.de\/lt\/vape\/weltweit-beliebter-bang-king-smart-screen-15000-puff-sour-apple-bluerry-ohne-zoll\/","og_site_name":"Vapingnet.de","article_publisher":"https:\/\/www.facebook.com\/vapingnetde\/","article_modified_time":"2025-06-19T03:39:27+00:00","og_image":[{"width":1000,"height":1000,"url":"https:\/\/vapingnet.de\/wp-content\/uploads\/2025\/04\/Bang-King-Smart-Screen.webp","type":"image\/webp"}],"twitter_card":"summary_large_image","twitter_misc":{"Est. reading time":"3 minutes"},"schema":{"@context":"https:\/\/schema.org","@graph":[{"@type":"WebPage","@id":"https:\/\/vapingnet.de\/vape\/weltweit-beliebter-bang-king-smart-screen-15000-puff-sour-apple-bluerry-ohne-zoll\/","url":"https:\/\/vapingnet.de\/vape\/weltweit-beliebter-bang-king-smart-screen-15000-puff-sour-apple-bluerry-ohne-zoll\/","name":"Weltweit Beliebter Bang King Smart Screen 15000 Puff Sour Apple Bluerry Ohne Zoll | Vapingnet.de","isPartOf":{"@id":"https:\/\/vapingnet.de\/#website"},"primaryImageOfPage":{"@id":"https:\/\/vapingnet.de\/vape\/weltweit-beliebter-bang-king-smart-screen-15000-puff-sour-apple-bluerry-ohne-zoll\/#primaryimage"},"image":{"@id":"https:\/\/vapingnet.de\/vape\/weltweit-beliebter-bang-king-smart-screen-15000-puff-sour-apple-bluerry-ohne-zoll\/#primaryimage"},"thumbnailUrl":"https:\/\/vapingnet.de\/wp-content\/uploads\/2025\/04\/Bang-King-Smart-Screen.webp","datePublished":"2025-04-11T08:03:09+00:00","dateModified":"2025-06-19T03:39:27+00:00","description":"Entdecke Weltweit Beliebter Bang King Smart Screen 15000 Puff Sour Apple Bluerry Ohne Zoll bei vapingnet.de, \u25ba Gro\u00dfe Auswahl an Geschmacksrichtungen & super g\u00fcnstig!","breadcrumb":{"@id":"https:\/\/vapingnet.de\/vape\/weltweit-beliebter-bang-king-smart-screen-15000-puff-sour-apple-bluerry-ohne-zoll\/#breadcrumb"},"inLanguage":"lt-LT","potentialAction":[{"@type":"ReadAction","target":["https:\/\/vapingnet.de\/vape\/weltweit-beliebter-bang-king-smart-screen-15000-puff-sour-apple-bluerry-ohne-zoll\/"]}]},{"@type":"ImageObject","inLanguage":"lt-LT","@id":"https:\/\/vapingnet.de\/vape\/weltweit-beliebter-bang-king-smart-screen-15000-puff-sour-apple-bluerry-ohne-zoll\/#primaryimage","url":"https:\/\/vapingnet.de\/wp-content\/uploads\/2025\/04\/Bang-King-Smart-Screen.webp","contentUrl":"https:\/\/vapingnet.de\/wp-content\/uploads\/2025\/04\/Bang-King-Smart-Screen.webp","width":1000,"height":1000},{"@type":"BreadcrumbList","@id":"https:\/\/vapingnet.de\/vape\/weltweit-beliebter-bang-king-smart-screen-15000-puff-sour-apple-bluerry-ohne-zoll\/#breadcrumb","itemListElement":[{"@type":"ListItem","position":1,"name":"Home","item":"https:\/\/vapingnet.de\/"},{"@type":"ListItem","position":2,"name":"Shop","item":"https:\/\/vapingnet.de\/vape\/"},{"@type":"ListItem","position":3,"name":"Weltweit Beliebter Bang King Smart Screen 15000 Puff Sour Apple Bluerry Ohne Zoll"}]},{"@type":"WebSite","@id":"https:\/\/vapingnet.de\/#website","url":"https:\/\/vapingnet.de\/","name":"Vapingnet.de","description":"","publisher":{"@id":"https:\/\/vapingnet.de\/#organization"},"potentialAction":[{"@type":"SearchAction","target":{"@type":"EntryPoint","urlTemplate":"https:\/\/vapingnet.de\/?s={search_term_string}"},"query-input":{"@type":"PropertyValueSpecification","valueRequired":true,"valueName":"search_term_string"}}],"inLanguage":"lt-LT"},{"@type":"Organization","@id":"https:\/\/vapingnet.de\/#organization","name":"Vapingnet.de","url":"https:\/\/vapingnet.de\/","logo":{"@type":"ImageObject","inLanguage":"lt-LT","@id":"https:\/\/vapingnet.de\/#\/schema\/logo\/image\/","url":"https:\/\/vapingnet.de\/wp-content\/uploads\/2025\/03\/cropped-vapingnet.de_.jpg","contentUrl":"https:\/\/vapingnet.de\/wp-content\/uploads\/2025\/03\/cropped-vapingnet.de_.jpg","width":512,"height":512,"caption":"Vapingnet.de"},"image":{"@id":"https:\/\/vapingnet.de\/#\/schema\/logo\/image\/"},"sameAs":["https:\/\/www.facebook.com\/vapingnetde\/"]}]}},"tiered_pricing_type":"fixed","tiered_pricing_fixed_rules":{"10":"8.35","60":"7.52","110":"6.68","200":"5.85"},"tiered_pricing_product_settings":{"layout":"default","base_unit_name":{"singular":null,"plural":null},"default_variation":null},"tiered_pricing_minimum_quantity":null,"tiered_pricing_roles_data":[],"tiered_pricing_percentage_rules":[],"_links":{"self":[{"href":"https:\/\/vapingnet.de\/lt\/wp-json\/wp\/v2\/product\/6282","targetHints":{"allow":["GET"]}}],"collection":[{"href":"https:\/\/vapingnet.de\/lt\/wp-json\/wp\/v2\/product"}],"about":[{"href":"https:\/\/vapingnet.de\/lt\/wp-json\/wp\/v2\/types\/product"}],"version-history":[{"count":3,"href":"https:\/\/vapingnet.de\/lt\/wp-json\/wp\/v2\/product\/6282\/revisions"}],"predecessor-version":[{"id":6860,"href":"https:\/\/vapingnet.de\/lt\/wp-json\/wp\/v2\/product\/6282\/revisions\/6860"}],"wp:featuredmedia":[{"embeddable":true,"href":"https:\/\/vapingnet.de\/lt\/wp-json\/wp\/v2\/media\/6858"}],"wp:attachment":[{"href":"https:\/\/vapingnet.de\/lt\/wp-json\/wp\/v2\/media?parent=6282"}],"wp:term":[{"taxonomy":"brand","embeddable":true,"href":"https:\/\/vapingnet.de\/lt\/wp-json\/wp\/v2\/etheme_brands?post=6282"},{"taxonomy":"product_brand","embeddable":true,"href":"https:\/\/vapingnet.de\/lt\/wp-json\/wp\/v2\/product_brand?post=6282"},{"taxonomy":"product_cat","embeddable":true,"href":"https:\/\/vapingnet.de\/lt\/wp-json\/wp\/v2\/product_cat?post=6282"},{"taxonomy":"product_tag","embeddable":true,"href":"https:\/\/vapingnet.de\/lt\/wp-json\/wp\/v2\/product_tag?post=6282"}],"curies":[{"name":"wp","href":"https:\/\/api.w.org\/{rel}","templated":true}]}}