{"id":6283,"date":"2025-04-11T08:03:11","date_gmt":"2025-04-11T08:03:11","guid":{"rendered":"https:\/\/vapingnet.de\/?post_type=product&#038;p=6283"},"modified":"2025-06-19T03:39:27","modified_gmt":"2025-06-19T03:39:27","slug":"exklusiv-bang-king-smart-screen-15000-puff-mit-lush-ice-weltweit-beliebt","status":"publish","type":"product","link":"https:\/\/vapingnet.de\/lt\/vape\/exklusiv-bang-king-smart-screen-15000-puff-mit-lush-ice-weltweit-beliebt\/","title":{"rendered":"I\u0161skirtinis Bang King Smart Screen 15000 Puffs su Lush Ice \u2013 populiarus visame pasaulyje"},"content":{"rendered":"<h2 data-start=\"47\" data-end=\"137\">Bang King Smart Screen 15000 R\u016bkymo \u2013 vienkartin\u0117 elektronin\u0117 cigaret\u0117 reikliems r\u016bkytojams<\/h2>\n<p class=\"\" data-start=\"139\" data-end=\"476\">Visiems, kurie ie\u0161ko ilgaam\u017e\u0117s ir galingos vienkartin\u0117s vape, Bang King Smart Screen 15000 R\u016bkymo yra puikus pasirinkimas. Derindama pa\u017eangi\u0105 technologij\u0105 ir didel\u012f skys\u010dio talp\u0105, \u0161i modelis nustato naujus standartus vienkartini\u0173 elektronini\u0173 cigare\u010di\u0173 rinkoje.<\/p>\n<h3>Bang King Smart Screen 15000 R\u016bkymo produkto ypatyb\u0117s<\/h3>\n<p class=\"\" data-start=\"541\" data-end=\"739\">Bang King Smart Screen 15000 R\u016bkymo yra sukurtas suteikti i\u0161skirtin\u0119 r\u016bkomo patirt\u012f. Pa\u017ei\u016br\u0117kime \u012f svarbiausias \u0161ios elektronin\u0117s cigaret\u0117s savybes ir privalumus i\u0161samiai:<\/p>\n<ul data-start=\"741\" data-end=\"1175\">\n<li class=\"\" data-start=\"741\" data-end=\"788\">\n<p class=\"\" data-start=\"743\" data-end=\"788\">Modelis: Bang King Smart Screen 15000 R\u016bkali\u0173<\/p>\n<\/li>\n<li class=\"\" data-start=\"789\" data-end=\"813\">\n<p class=\"\" data-start=\"791\" data-end=\"813\">Tinklelio rit\u0117: 1.0 Ohm<\/p>\n<\/li>\n<li class=\"\" data-start=\"814\" data-end=\"846\">\n<p class=\"\" data-start=\"816\" data-end=\"846\">Baterijos talpa: 650 mAh<\/p>\n<\/li>\n<li class=\"\" data-start=\"847\" data-end=\"878\">\n<p class=\"\" data-start=\"849\" data-end=\"878\">E-skys\u010dio talpa: 25 ml<\/p>\n<\/li>\n<li class=\"\" data-start=\"879\" data-end=\"916\">\n<p class=\"\" data-start=\"881\" data-end=\"916\">Nikotino pasirinktys: 0%, 2%, 3%, 5%<\/p>\n<\/li>\n<li class=\"\" data-start=\"917\" data-end=\"943\">\n<p class=\"\" data-start=\"919\" data-end=\"943\">\u012ekrovimo jungtis: Tipo-C<\/p>\n<\/li>\n<li class=\"\" data-start=\"944\" data-end=\"970\">\n<p class=\"\" data-start=\"946\" data-end=\"970\">Ekranas: LED ekranas<\/p>\n<\/li>\n<li class=\"\" data-start=\"971\" data-end=\"1053\">\n<p class=\"\" data-start=\"973\" data-end=\"1053\">Skonis: Lush Ice<\/p>\n<\/li>\n<li class=\"\" data-start=\"1054\" data-end=\"1088\">\n<p class=\"\" data-start=\"1056\" data-end=\"1088\">Pristatymo laikas: 7-15 darbo dien\u0173<\/p>\n<\/li>\n<li class=\"\" data-start=\"1089\" data-end=\"1123\">\n<p class=\"\" data-start=\"1091\" data-end=\"1123\">Prana\u0161umas: Be muit\u0173 pristatymas<\/p>\n<\/li>\n<\/ul>\n<h5 data-start=\"1177\" data-end=\"1232\">Auk\u0161tos kokyb\u0117s veikimas kasdieniam naudojimui<\/h5>\n<p class=\"\" data-start=\"1234\" data-end=\"1532\">Bang King Smart Screen 15000 R\u016bkymo suteikia iki 15 000 \u012fkv\u0117pim\u0173, tod\u0117l ji yra ilgaam\u017eis palydovas r\u016bkytojams, kurie daug keliauja arba ie\u0161ko ilgalaikio sprendimo. Tinklelio rit\u0117 u\u017etikrina tolyg\u0173 r\u016bkom\u0105 patirt\u012f su nuolatiniu skoniu ir \u0161velniu garu.<\/p>\n<h5 data-start=\"1534\" data-end=\"1576\">Lankstumas nikotino stiprumo pasirinkime<\/h5>\n<p class=\"\" data-start=\"1578\" data-end=\"1896\">Kitas Bang King Smart Screen privalumas \u2013 nikotino stiprumo pasirinkimas. Ar norite lengvesn\u0117s patirties su 0% nikotinu, ar stipresn\u0117s doz\u0117s su 5% \u2013 \u010dia rasite tinkam\u0105 variant\u0105. \u0160is lankstumas daro elektronin\u0119 cigaret\u0119 patraukli\u0105 tiek pradedantiesiems, tiek patyrusiems r\u016bkytojams.<\/p>\n<h5 data-start=\"1898\" data-end=\"1945\">Patogi \u012fkrovimo galimyb\u0117 ir ilgas naudojimas<\/h5>\n<p class=\"\" data-start=\"1947\" data-end=\"2320\">650 mAh baterija u\u017etikrina pakankamai energijos 25 ml E-skys\u010dio vartojimui ilgesn\u012f laik\u0105. Tipo-C \u012fkrovimo jungtis leid\u017eia greitai ir efektyviai \u012fkrauti akumuliatori\u0173 \u2013 taip gal\u0117site bet kada v\u0117l naudoti elektronin\u0119 cigaret\u0119. LED ekranas nuolat informuoja jus apie dabartin\u012f \u012fkrovimo lyg\u012f.<\/p>\n<h5 data-start=\"2322\" data-end=\"2364\">Gaivus skonis \u2013 Lush Ice<\/h5>\n<p class=\"\" data-start=\"2366\" data-end=\"2644\">Lush Ice skonis derina arb\u016bz\u0105 su gaivinan\u010dia mentolio nata, kuri paver\u010dia r\u016bkim\u0105 ypa\u010d gaivia patirtimi. \u0160is skonis idealiai tinka r\u016bkytojams, m\u0117gstantiems tiek vaisi\u0161kum\u0105, tiek \u0161vie\u017ei\u0105 gaiv\u0105.<\/p>\n<h3>Bang King Smart Screen privalumai<\/h3>\n<ul data-start=\"2691\" data-end=\"3077\">\n<li class=\"\" data-start=\"2691\" data-end=\"2834\">\n<p class=\"\" data-start=\"2693\" data-end=\"2834\">Paprasta naudoti: Kadangi tai vienkartin\u0117 elektronin\u0117 cigaret\u0117, nereikia r\u016bpintis papildymu ar valymu.<\/p>\n<\/li>\n<li class=\"\" data-start=\"2835\" data-end=\"2962\">\n<p class=\"\" data-start=\"2837\" data-end=\"2962\">Be muit\u0173 pristatymas: U\u017esakykite be papildom\u0173 importo mokes\u010di\u0173 \u2013 j\u016bs\u0173 u\u017esakymas bus i\u0161si\u0173stas tiesiai i\u0161 sand\u0117lio.<\/p>\n<\/li>\n<li class=\"\" data-start=\"2963\" data-end=\"3077\">\n<p class=\"\" data-start=\"2965\" data-end=\"3077\">Greitas pristatymas: Per tik 7-15 darbo dien\u0173 j\u016bs\u0173 nauja elektronin\u0117 cigaret\u0117 bus pas jus.<\/p>\n<\/li>\n<\/ul>\n<h4 data-start=\"3079\" data-end=\"3138\">Kod\u0117l verta rinktis Bang King Smart Screen 15000 R\u016bkymo?<\/h4>\n<p class=\"\" data-start=\"3140\" data-end=\"3456\">Visiems, kurie ie\u0161ko galingos, ilgai veikian\u010dios ir patogios naudoti elektronin\u0117s cigaret\u0117s, Bang King Smart Screen 15000 P\u016bsti yra tobulas pasirinkimas. D\u0117l didel\u0117s skys\u010dio talpos, lankst\u0173 nikotino pasirinkim\u0105 ir puik\u0173 skon\u012f \u0161is modelis tikrai su\u017eav\u0117s daugel\u012f garintoj\u0173.<\/p>\n<p class=\"\" data-start=\"3458\" data-end=\"3680\">Jei ie\u0161kote nesud\u0117tingo, intensyvaus garinimo patirties, tikrai i\u0161bandykite Bang King Smart Screen 15000 P\u016bsti. Apsilankykite vapingnet.de ir u\u017esisakykite savo nauj\u0105 elektronin\u0119 cigaret\u0119 jau \u0161iandien.<\/p>","protected":false},"excerpt":{"rendered":"<p>Bang King Smart Screen 15000 Puff \u2013 Einweg-E-Zigarette f\u00fcr den anspruchsvollen Dampfer F\u00fcr alle, die auf der Suche nach einem langlebigen und leistungsstarken Einweg-Vape sind,&#8230;<\/p>","protected":false},"featured_media":6858,"template":"","meta":[],"etheme_brands":[],"product_brand":[101],"product_cat":[53,49,61],"product_tag":[],"class_list":{"0":"post-6283","1":"product","2":"type-product","3":"status-publish","4":"has-post-thumbnail","6":"product_brand-bang-king-vape","7":"product_cat-vape-15000-zuege","8":"product_cat-einweg-e-zigarette","9":"product_cat-f","11":"first","12":"instock","13":"shipping-taxable","14":"purchasable","15":"product-type-simple"},"yoast_head":"<!-- This site is optimized with the Yoast SEO plugin v26.5 - https:\/\/yoast.com\/wordpress\/plugins\/seo\/ -->\n<title>Exklusiv Bang King Smart Screen 15000 Puff Mit Lush Ice Weltweit Beliebt | Vapingnet.de<\/title>\n<meta name=\"description\" content=\"Entdecke Exklusiv Bang King Smart Screen 15000 Puff Mit Lush Ice Weltweit Beliebt bei vapingnet.de, \u25ba Gro\u00dfe Auswahl an Geschmacksrichtungen &amp; super g\u00fcnstig!\" \/>\n<meta name=\"robots\" content=\"index, follow, max-snippet:-1, max-image-preview:large, max-video-preview:-1\" \/>\n<link rel=\"canonical\" href=\"https:\/\/vapingnet.de\/lt\/vape\/exklusiv-bang-king-smart-screen-15000-puff-mit-lush-ice-weltweit-beliebt\/\" \/>\n<meta property=\"og:locale\" content=\"lt_LT\" \/>\n<meta property=\"og:type\" content=\"article\" \/>\n<meta property=\"og:title\" content=\"Exklusiv Bang King Smart Screen 15000 Puff Mit Lush Ice Weltweit Beliebt | Vapingnet.de\" \/>\n<meta property=\"og:description\" content=\"Entdecke Exklusiv Bang King Smart Screen 15000 Puff Mit Lush Ice Weltweit Beliebt bei vapingnet.de, \u25ba Gro\u00dfe Auswahl an Geschmacksrichtungen &amp; super g\u00fcnstig!\" \/>\n<meta property=\"og:url\" content=\"https:\/\/vapingnet.de\/lt\/vape\/exklusiv-bang-king-smart-screen-15000-puff-mit-lush-ice-weltweit-beliebt\/\" \/>\n<meta property=\"og:site_name\" content=\"Vapingnet.de\" \/>\n<meta property=\"article:publisher\" content=\"https:\/\/www.facebook.com\/vapingnetde\/\" \/>\n<meta property=\"article:modified_time\" content=\"2025-06-19T03:39:27+00:00\" \/>\n<meta property=\"og:image\" content=\"https:\/\/vapingnet.de\/wp-content\/uploads\/2025\/04\/Bang-King-Smart-Screen.webp\" \/>\n\t<meta property=\"og:image:width\" content=\"1000\" \/>\n\t<meta property=\"og:image:height\" content=\"1000\" \/>\n\t<meta property=\"og:image:type\" content=\"image\/webp\" \/>\n<meta name=\"twitter:card\" content=\"summary_large_image\" \/>\n<meta name=\"twitter:label1\" content=\"Est. reading time\" \/>\n\t<meta name=\"twitter:data1\" content=\"3 minutes\" \/>\n<script type=\"application\/ld+json\" class=\"yoast-schema-graph\">{\"@context\":\"https:\/\/schema.org\",\"@graph\":[{\"@type\":\"WebPage\",\"@id\":\"https:\/\/vapingnet.de\/vape\/exklusiv-bang-king-smart-screen-15000-puff-mit-lush-ice-weltweit-beliebt\/\",\"url\":\"https:\/\/vapingnet.de\/vape\/exklusiv-bang-king-smart-screen-15000-puff-mit-lush-ice-weltweit-beliebt\/\",\"name\":\"Exklusiv Bang King Smart Screen 15000 Puff Mit Lush Ice Weltweit Beliebt | Vapingnet.de\",\"isPartOf\":{\"@id\":\"https:\/\/vapingnet.de\/#website\"},\"primaryImageOfPage\":{\"@id\":\"https:\/\/vapingnet.de\/vape\/exklusiv-bang-king-smart-screen-15000-puff-mit-lush-ice-weltweit-beliebt\/#primaryimage\"},\"image\":{\"@id\":\"https:\/\/vapingnet.de\/vape\/exklusiv-bang-king-smart-screen-15000-puff-mit-lush-ice-weltweit-beliebt\/#primaryimage\"},\"thumbnailUrl\":\"https:\/\/vapingnet.de\/wp-content\/uploads\/2025\/04\/Bang-King-Smart-Screen.webp\",\"datePublished\":\"2025-04-11T08:03:11+00:00\",\"dateModified\":\"2025-06-19T03:39:27+00:00\",\"description\":\"Entdecke Exklusiv Bang King Smart Screen 15000 Puff Mit Lush Ice Weltweit Beliebt bei vapingnet.de, \u25ba Gro\u00dfe Auswahl an Geschmacksrichtungen & super g\u00fcnstig!\",\"breadcrumb\":{\"@id\":\"https:\/\/vapingnet.de\/vape\/exklusiv-bang-king-smart-screen-15000-puff-mit-lush-ice-weltweit-beliebt\/#breadcrumb\"},\"inLanguage\":\"lt-LT\",\"potentialAction\":[{\"@type\":\"ReadAction\",\"target\":[\"https:\/\/vapingnet.de\/vape\/exklusiv-bang-king-smart-screen-15000-puff-mit-lush-ice-weltweit-beliebt\/\"]}]},{\"@type\":\"ImageObject\",\"inLanguage\":\"lt-LT\",\"@id\":\"https:\/\/vapingnet.de\/vape\/exklusiv-bang-king-smart-screen-15000-puff-mit-lush-ice-weltweit-beliebt\/#primaryimage\",\"url\":\"https:\/\/vapingnet.de\/wp-content\/uploads\/2025\/04\/Bang-King-Smart-Screen.webp\",\"contentUrl\":\"https:\/\/vapingnet.de\/wp-content\/uploads\/2025\/04\/Bang-King-Smart-Screen.webp\",\"width\":1000,\"height\":1000},{\"@type\":\"BreadcrumbList\",\"@id\":\"https:\/\/vapingnet.de\/vape\/exklusiv-bang-king-smart-screen-15000-puff-mit-lush-ice-weltweit-beliebt\/#breadcrumb\",\"itemListElement\":[{\"@type\":\"ListItem\",\"position\":1,\"name\":\"Home\",\"item\":\"https:\/\/vapingnet.de\/\"},{\"@type\":\"ListItem\",\"position\":2,\"name\":\"Shop\",\"item\":\"https:\/\/vapingnet.de\/vape\/\"},{\"@type\":\"ListItem\",\"position\":3,\"name\":\"Exklusiv Bang King Smart Screen 15000 Puff Mit Lush Ice Weltweit Beliebt\"}]},{\"@type\":\"WebSite\",\"@id\":\"https:\/\/vapingnet.de\/#website\",\"url\":\"https:\/\/vapingnet.de\/\",\"name\":\"Vapingnet.de\",\"description\":\"\",\"publisher\":{\"@id\":\"https:\/\/vapingnet.de\/#organization\"},\"potentialAction\":[{\"@type\":\"SearchAction\",\"target\":{\"@type\":\"EntryPoint\",\"urlTemplate\":\"https:\/\/vapingnet.de\/?s={search_term_string}\"},\"query-input\":{\"@type\":\"PropertyValueSpecification\",\"valueRequired\":true,\"valueName\":\"search_term_string\"}}],\"inLanguage\":\"lt-LT\"},{\"@type\":\"Organization\",\"@id\":\"https:\/\/vapingnet.de\/#organization\",\"name\":\"Vapingnet.de\",\"url\":\"https:\/\/vapingnet.de\/\",\"logo\":{\"@type\":\"ImageObject\",\"inLanguage\":\"lt-LT\",\"@id\":\"https:\/\/vapingnet.de\/#\/schema\/logo\/image\/\",\"url\":\"https:\/\/vapingnet.de\/wp-content\/uploads\/2025\/03\/cropped-vapingnet.de_.jpg\",\"contentUrl\":\"https:\/\/vapingnet.de\/wp-content\/uploads\/2025\/03\/cropped-vapingnet.de_.jpg\",\"width\":512,\"height\":512,\"caption\":\"Vapingnet.de\"},\"image\":{\"@id\":\"https:\/\/vapingnet.de\/#\/schema\/logo\/image\/\"},\"sameAs\":[\"https:\/\/www.facebook.com\/vapingnetde\/\"]}]}<\/script>\n<!-- \/ Yoast SEO plugin. -->","yoast_head_json":{"title":"Exklusiv Bang King Smart Screen 15000 Puff Mit Lush Ice Weltweit Beliebt | Vapingnet.de","description":"Entdecke Exklusiv Bang King Smart Screen 15000 Puff Mit Lush Ice Weltweit Beliebt bei vapingnet.de, \u25ba Gro\u00dfe Auswahl an Geschmacksrichtungen & super g\u00fcnstig!","robots":{"index":"index","follow":"follow","max-snippet":"max-snippet:-1","max-image-preview":"max-image-preview:large","max-video-preview":"max-video-preview:-1"},"canonical":"https:\/\/vapingnet.de\/lt\/vape\/exklusiv-bang-king-smart-screen-15000-puff-mit-lush-ice-weltweit-beliebt\/","og_locale":"lt_LT","og_type":"article","og_title":"Exklusiv Bang King Smart Screen 15000 Puff Mit Lush Ice Weltweit Beliebt | Vapingnet.de","og_description":"Entdecke Exklusiv Bang King Smart Screen 15000 Puff Mit Lush Ice Weltweit Beliebt bei vapingnet.de, \u25ba Gro\u00dfe Auswahl an Geschmacksrichtungen & super g\u00fcnstig!","og_url":"https:\/\/vapingnet.de\/lt\/vape\/exklusiv-bang-king-smart-screen-15000-puff-mit-lush-ice-weltweit-beliebt\/","og_site_name":"Vapingnet.de","article_publisher":"https:\/\/www.facebook.com\/vapingnetde\/","article_modified_time":"2025-06-19T03:39:27+00:00","og_image":[{"width":1000,"height":1000,"url":"https:\/\/vapingnet.de\/wp-content\/uploads\/2025\/04\/Bang-King-Smart-Screen.webp","type":"image\/webp"}],"twitter_card":"summary_large_image","twitter_misc":{"Est. reading time":"3 minutes"},"schema":{"@context":"https:\/\/schema.org","@graph":[{"@type":"WebPage","@id":"https:\/\/vapingnet.de\/vape\/exklusiv-bang-king-smart-screen-15000-puff-mit-lush-ice-weltweit-beliebt\/","url":"https:\/\/vapingnet.de\/vape\/exklusiv-bang-king-smart-screen-15000-puff-mit-lush-ice-weltweit-beliebt\/","name":"Exklusiv Bang King Smart Screen 15000 Puff Mit Lush Ice Weltweit Beliebt | Vapingnet.de","isPartOf":{"@id":"https:\/\/vapingnet.de\/#website"},"primaryImageOfPage":{"@id":"https:\/\/vapingnet.de\/vape\/exklusiv-bang-king-smart-screen-15000-puff-mit-lush-ice-weltweit-beliebt\/#primaryimage"},"image":{"@id":"https:\/\/vapingnet.de\/vape\/exklusiv-bang-king-smart-screen-15000-puff-mit-lush-ice-weltweit-beliebt\/#primaryimage"},"thumbnailUrl":"https:\/\/vapingnet.de\/wp-content\/uploads\/2025\/04\/Bang-King-Smart-Screen.webp","datePublished":"2025-04-11T08:03:11+00:00","dateModified":"2025-06-19T03:39:27+00:00","description":"Entdecke Exklusiv Bang King Smart Screen 15000 Puff Mit Lush Ice Weltweit Beliebt bei vapingnet.de, \u25ba Gro\u00dfe Auswahl an Geschmacksrichtungen & super g\u00fcnstig!","breadcrumb":{"@id":"https:\/\/vapingnet.de\/vape\/exklusiv-bang-king-smart-screen-15000-puff-mit-lush-ice-weltweit-beliebt\/#breadcrumb"},"inLanguage":"lt-LT","potentialAction":[{"@type":"ReadAction","target":["https:\/\/vapingnet.de\/vape\/exklusiv-bang-king-smart-screen-15000-puff-mit-lush-ice-weltweit-beliebt\/"]}]},{"@type":"ImageObject","inLanguage":"lt-LT","@id":"https:\/\/vapingnet.de\/vape\/exklusiv-bang-king-smart-screen-15000-puff-mit-lush-ice-weltweit-beliebt\/#primaryimage","url":"https:\/\/vapingnet.de\/wp-content\/uploads\/2025\/04\/Bang-King-Smart-Screen.webp","contentUrl":"https:\/\/vapingnet.de\/wp-content\/uploads\/2025\/04\/Bang-King-Smart-Screen.webp","width":1000,"height":1000},{"@type":"BreadcrumbList","@id":"https:\/\/vapingnet.de\/vape\/exklusiv-bang-king-smart-screen-15000-puff-mit-lush-ice-weltweit-beliebt\/#breadcrumb","itemListElement":[{"@type":"ListItem","position":1,"name":"Home","item":"https:\/\/vapingnet.de\/"},{"@type":"ListItem","position":2,"name":"Shop","item":"https:\/\/vapingnet.de\/vape\/"},{"@type":"ListItem","position":3,"name":"Exklusiv Bang King Smart Screen 15000 Puff Mit Lush Ice Weltweit Beliebt"}]},{"@type":"WebSite","@id":"https:\/\/vapingnet.de\/#website","url":"https:\/\/vapingnet.de\/","name":"Vapingnet.de","description":"","publisher":{"@id":"https:\/\/vapingnet.de\/#organization"},"potentialAction":[{"@type":"SearchAction","target":{"@type":"EntryPoint","urlTemplate":"https:\/\/vapingnet.de\/?s={search_term_string}"},"query-input":{"@type":"PropertyValueSpecification","valueRequired":true,"valueName":"search_term_string"}}],"inLanguage":"lt-LT"},{"@type":"Organization","@id":"https:\/\/vapingnet.de\/#organization","name":"Vapingnet.de","url":"https:\/\/vapingnet.de\/","logo":{"@type":"ImageObject","inLanguage":"lt-LT","@id":"https:\/\/vapingnet.de\/#\/schema\/logo\/image\/","url":"https:\/\/vapingnet.de\/wp-content\/uploads\/2025\/03\/cropped-vapingnet.de_.jpg","contentUrl":"https:\/\/vapingnet.de\/wp-content\/uploads\/2025\/03\/cropped-vapingnet.de_.jpg","width":512,"height":512,"caption":"Vapingnet.de"},"image":{"@id":"https:\/\/vapingnet.de\/#\/schema\/logo\/image\/"},"sameAs":["https:\/\/www.facebook.com\/vapingnetde\/"]}]}},"tiered_pricing_type":"fixed","tiered_pricing_fixed_rules":{"10":"8.35","60":"7.52","110":"6.68","200":"5.85"},"tiered_pricing_product_settings":{"layout":"default","base_unit_name":{"singular":null,"plural":null},"default_variation":null},"tiered_pricing_minimum_quantity":null,"tiered_pricing_roles_data":[],"tiered_pricing_percentage_rules":[],"_links":{"self":[{"href":"https:\/\/vapingnet.de\/lt\/wp-json\/wp\/v2\/product\/6283","targetHints":{"allow":["GET"]}}],"collection":[{"href":"https:\/\/vapingnet.de\/lt\/wp-json\/wp\/v2\/product"}],"about":[{"href":"https:\/\/vapingnet.de\/lt\/wp-json\/wp\/v2\/types\/product"}],"version-history":[{"count":2,"href":"https:\/\/vapingnet.de\/lt\/wp-json\/wp\/v2\/product\/6283\/revisions"}],"predecessor-version":[{"id":6294,"href":"https:\/\/vapingnet.de\/lt\/wp-json\/wp\/v2\/product\/6283\/revisions\/6294"}],"wp:featuredmedia":[{"embeddable":true,"href":"https:\/\/vapingnet.de\/lt\/wp-json\/wp\/v2\/media\/6858"}],"wp:attachment":[{"href":"https:\/\/vapingnet.de\/lt\/wp-json\/wp\/v2\/media?parent=6283"}],"wp:term":[{"taxonomy":"brand","embeddable":true,"href":"https:\/\/vapingnet.de\/lt\/wp-json\/wp\/v2\/etheme_brands?post=6283"},{"taxonomy":"product_brand","embeddable":true,"href":"https:\/\/vapingnet.de\/lt\/wp-json\/wp\/v2\/product_brand?post=6283"},{"taxonomy":"product_cat","embeddable":true,"href":"https:\/\/vapingnet.de\/lt\/wp-json\/wp\/v2\/product_cat?post=6283"},{"taxonomy":"product_tag","embeddable":true,"href":"https:\/\/vapingnet.de\/lt\/wp-json\/wp\/v2\/product_tag?post=6283"}],"curies":[{"name":"wp","href":"https:\/\/api.w.org\/{rel}","templated":true}]}}