{"id":6318,"date":"2025-04-15T02:55:04","date_gmt":"2025-04-15T02:55:04","guid":{"rendered":"https:\/\/vapingnet.de\/?post_type=product&#038;p=6318"},"modified":"2025-05-23T06:32:35","modified_gmt":"2025-05-23T06:32:35","slug":"direkt-vom-hersteller-strawberry-watermelon-elf-box-pulse-x-25000","status":"publish","type":"product","link":"https:\/\/vapingnet.de\/lt\/vape\/direkt-vom-hersteller-strawberry-watermelon-elf-box-pulse-x-25000\/","title":{"rendered":"Tiesiai i\u0161 gamintojo Strawberry Watermelon Elf Box Pulse X 25000"},"content":{"rendered":"<h2 data-start=\"0\" data-end=\"81\" data-immersive-translate-walked=\"d9a96979-4164-4606-9987-7cdcd71d80e7\">Elf Box Pulse X 25000 \u2013 Galutinis elektroninis cigaret\u0117, skirta reikliems garintojams<\/h2>\n<p class=\"\" data-start=\"83\" data-end=\"472\" data-immersive-translate-walked=\"d9a96979-4164-4606-9987-7cdcd71d80e7\" data-immersive-translate-paragraph=\"1\">Elf Box Pulse X 25000 yra viena i\u0161 inovatyviausi\u0173 elektronini\u0173 cigare\u010di\u0173 rinkoje. Ji sujungia pa\u017eangiausi\u0105 technologij\u0105 su eleganti\u0161ku dizainu ir si\u016blo garintojams neprilygstam\u0105 patirt\u012f. \u0160i \u012fkraunama elektronin\u0117 cigaret\u0117 yra ideali visiems, kurie ie\u0161ko galingos, ilgaam\u017e\u0117s ir i\u0161skirtinio skonio alternatyvos tradicin\u0117ms vape'ams.<\/p>\n<h3 data-start=\"474\" data-end=\"534\" data-immersive-translate-walked=\"d9a96979-4164-4606-9987-7cdcd71d80e7\">Funkcijos ir technin\u0117s specifikacijos Elf Box Pulse X 25000<\/h3>\n<p class=\"\" data-start=\"536\" data-end=\"990\" data-immersive-translate-walked=\"d9a96979-4164-4606-9987-7cdcd71d80e7\" data-immersive-translate-paragraph=\"1\">Elf Box Pulse X 25000 ne tik atrodo patraukliai, bet ir si\u016blo i\u0161skirtin\u012f na\u0161um\u0105. Su Dual Mesh Coil (0.8ohm + 0.8ohm) ji u\u017etikrina intensyv\u0173 skon\u012f ir tank\u0173 gar\u0173 kiek\u012f. Prietaisas turi 18 ml elektroninio skys\u010dio bakel\u012f, kuris yra prieinamas su dviem nikotino stiprumais: 0%, 2%, 3% ir 5%. Taip gal\u0117site m\u0117gautis garinimu pagal savo skon\u012f ir poreikius.<\/p>\n<p class=\"\" data-start=\"992\" data-end=\"1347\" data-immersive-translate-walked=\"d9a96979-4164-4606-9987-7cdcd71d80e7\" data-immersive-translate-paragraph=\"1\">I\u0161skirtinis Pulse X bruo\u017eas yra AI Power Adjustment Pulse Power, leid\u017eiantis optimaliai valdyti garinimo proces\u0105 per 3D i\u0161lenkt\u0105 ekran\u0105. Be to, Super Boost VPU Inside u\u017etikrina labai efektyv\u0173 gar\u0173 generavim\u0105. \u0160i technologija garantuoja, kad bet kuriuo metu gausite tobul\u0105 \u012fkv\u0117pim\u0105.<\/p>\n<h4 data-start=\"1349\" data-end=\"1388\" data-immersive-translate-walked=\"d9a96979-4164-4606-9987-7cdcd71d80e7\">Du garinimo patirtis viename \u012frenginyje<\/h4>\n<p class=\"\" data-start=\"1390\" data-end=\"1688\" data-immersive-translate-walked=\"d9a96979-4164-4606-9987-7cdcd71d80e7\" data-immersive-translate-paragraph=\"1\">Elf Box Pulse X 25000 si\u016blo dvi skirtingas garinimo galimybes: \u012fprast\u0105 re\u017eim\u0105 iki 25000 \u012fkv\u0117pim\u0173 ir Pulse re\u017eim\u0105, leid\u017eiant\u012f iki 15000 \u012fkv\u0117pim\u0173. Tai suteikia lankstumo pasirinkti ilgesn\u012f ar intensyvesn\u012f garinim\u0105 \u2013 pagal poreik\u012f ir nuostat\u0105.<\/p>\n<h4 data-start=\"1690\" data-end=\"1715\" data-immersive-translate-walked=\"d9a96979-4164-4606-9987-7cdcd71d80e7\">Dizainas ir valdymas<\/h4>\n<p class=\"\" data-start=\"1717\" data-end=\"2083\" data-immersive-translate-walked=\"d9a96979-4164-4606-9987-7cdcd71d80e7\" data-immersive-translate-paragraph=\"1\">Elf Box Pulse X 25000 dizainas yra ergonomi\u0161kas ir patogus naudoti. Type-C jungtis leid\u017eia greitai ir patogiai \u012fkrauti, kad ma\u017eiau laiko praleistum\u0117te laukiant ir daugiau garintum\u0117te. Mygtuko jungiklis apatin\u0117je \u012frenginio dalyje leid\u017eia greitai pereiti tarp dviej\u0173 garinimo re\u017eim\u0173.<\/p>\n<h4 data-start=\"2085\" data-end=\"2121\" data-immersive-translate-walked=\"d9a96979-4164-4606-9987-7cdcd71d80e7\">Skonis: Bra\u0161ki\u0173 arb\u016bzas<\/h4>\n<p class=\"\" data-start=\"2123\" data-end=\"2376\" data-immersive-translate-walked=\"d9a96979-4164-4606-9987-7cdcd71d80e7\" data-immersive-translate-paragraph=\"1\">Dar vienas Elf Box Pulse X 25000 privalumas yra skonis. Bra\u0161ki\u0173 ir arb\u016bz\u0173 skonio derinys si\u016blo gaiv\u0173, sald\u0173 mi\u0161in\u012f i\u0161 sulting\u0173 bra\u0161ki\u0173 ir gaivinan\u010dio arb\u016bzo. Puikiai tinka tiems, kurie m\u0117gsta vaisinius aromatus.<\/p>\n<h3 data-start=\"2378\" data-end=\"2416\" data-immersive-translate-walked=\"d9a96979-4164-4606-9987-7cdcd71d80e7\">Privalumai Elf Box Pulse X 25000<\/h3>\n<ul data-start=\"2418\" data-end=\"3044\" data-immersive-translate-walked=\"d9a96979-4164-4606-9987-7cdcd71d80e7\">\n<li class=\"\" data-start=\"2418\" data-end=\"2565\" data-immersive-translate-walked=\"d9a96979-4164-4606-9987-7cdcd71d80e7\">\n<p class=\"\" data-start=\"2420\" data-end=\"2565\" data-immersive-translate-walked=\"d9a96979-4164-4606-9987-7cdcd71d80e7\" data-immersive-translate-paragraph=\"1\">Ilgaam\u017ei\u0161kumas: su 25000 \u012fkv\u0117pim\u0173 \u012fprastame re\u017eime ir 15000 \u012fkv\u0117pim\u0173 Pulse re\u017eime, Elf Box Pulse X 25000 pasi\u017eymi i\u0161skirtiniu tarnavimo laiku.<\/p>\n<\/li>\n<li class=\"\" data-start=\"2566\" data-end=\"2697\" data-immersive-translate-walked=\"d9a96979-4164-4606-9987-7cdcd71d80e7\">\n<p class=\"\" data-start=\"2568\" data-end=\"2697\" data-immersive-translate-walked=\"d9a96979-4164-4606-9987-7cdcd71d80e7\" data-immersive-translate-paragraph=\"1\">Galingumas: d\u0117ka Dual Mesh Coils ir Super Boost VPU Inside technologijos, gausite intensyvi\u0105 garinimo patirt\u012f.<\/p>\n<\/li>\n<li class=\"\" data-start=\"2698\" data-end=\"2823\" data-immersive-translate-walked=\"d9a96979-4164-4606-9987-7cdcd71d80e7\">\n<p class=\"\" data-start=\"2700\" data-end=\"2823\" data-immersive-translate-paragraph=\"1\" data-immersive-translate-walked=\"d9a96979-4164-4606-9987-7cdcd71d80e7\">Paprastas naudojimas: Type-C \u012fkrovimo jungtis ir re\u017eimo jungiklis daro \u012frengin\u012f patog\u0173 ir lengvai valdom\u0105.<\/p>\n<\/li>\n<li class=\"\" data-start=\"2824\" data-end=\"2946\" data-immersive-translate-walked=\"d9a96979-4164-4606-9987-7cdcd71d80e7\">\n<p class=\"\" data-start=\"2826\" data-end=\"2946\" data-immersive-translate-walked=\"d9a96979-4164-4606-9987-7cdcd71d80e7\" data-immersive-translate-paragraph=\"1\">Valdomas na\u0161umas: su AI Power Adjustment funkcija galite pritaikyti gali\u0105 pagal savo norus.<\/p>\n<\/li>\n<li class=\"\" data-start=\"2947\" data-end=\"3044\" data-immersive-translate-walked=\"d9a96979-4164-4606-9987-7cdcd71d80e7\">\n<p class=\"\" data-start=\"2949\" data-end=\"3044\" data-immersive-translate-walked=\"d9a96979-4164-4606-9987-7cdcd71d80e7\" data-immersive-translate-paragraph=\"1\">Be muit\u0173: naudokit\u0117s nemokamu pristatymu, kas dar labiau palengvina pirkim\u0105.<\/p>\n<\/li>\n<\/ul>\n<h4 data-start=\"3046\" data-end=\"3081\" data-immersive-translate-walked=\"d9a96979-4164-4606-9987-7cdcd71d80e7\">U\u017esisakykite dabar vapingnet.de<\/h4>\n<p class=\"\" data-start=\"3083\" data-end=\"3290\" data-immersive-translate-walked=\"d9a96979-4164-4606-9987-7cdcd71d80e7\" data-immersive-translate-paragraph=\"1\">Elf Box Pulse X 25000 yra prieinama vapingnet.de, su pristatymo laiku nuo 7 iki 15 darbo dien\u0173. \u012esigykite \u0161i\u0105 galing\u0105 elektronin\u0119 cigaret\u0119 jau \u0161iandien ir patirkite nauj\u0105 garinimo lyg\u012f.<\/p>\n<p class=\"\" data-start=\"3292\" data-end=\"3488\" data-immersive-translate-walked=\"d9a96979-4164-4606-9987-7cdcd71d80e7\" data-immersive-translate-paragraph=\"1\">Elf Box Pulse X 25000 yra puikus pasirinkimas visiems, kurie vertina kokyb\u0119, na\u0161um\u0105 ir skon\u012f. I\u0161bandykite j\u0105 dabar ir su\u017einokite, kod\u0117l ji yra daugelio garintoj\u0173 m\u0117gstamiausias pasirinkimas.<\/p>","protected":false},"excerpt":{"rendered":"<p>Elf Box Pulse X 25000 \u2013 Die ultimative E-Zigarette f\u00fcr anspruchsvolle Dampfer Die Elf Box Pulse X 25000 ist eine der innovativsten E-Zigaretten auf dem&#8230;<\/p>","protected":false},"featured_media":6875,"template":"","meta":[],"etheme_brands":[],"product_brand":[],"product_cat":[55,49,61],"product_tag":[],"class_list":{"0":"post-6318","1":"product","2":"type-product","3":"status-publish","4":"has-post-thumbnail","6":"product_cat-vape-25000-zuege","7":"product_cat-einweg-e-zigarette","8":"product_cat-f","10":"first","11":"instock","12":"shipping-taxable","13":"purchasable","14":"product-type-simple"},"yoast_head":"<!-- This site is optimized with the Yoast SEO plugin v26.5 - https:\/\/yoast.com\/wordpress\/plugins\/seo\/ -->\n<title>Direkt Vom Hersteller Strawberry Watermelon Elf Box Pulse X 25000 | Vapingnet.de<\/title>\n<meta name=\"description\" content=\"Entdecke Direkt Vom Hersteller Strawberry Watermelon Elf Box Pulse X 25000 bei vapingnet.de, \u25ba Gro\u00dfe Auswahl an Geschmacksrichtungen &amp; super g\u00fcnstig!\" \/>\n<meta name=\"robots\" content=\"index, follow, max-snippet:-1, max-image-preview:large, max-video-preview:-1\" \/>\n<link rel=\"canonical\" href=\"https:\/\/vapingnet.de\/lt\/vape\/direkt-vom-hersteller-strawberry-watermelon-elf-box-pulse-x-25000\/\" \/>\n<meta property=\"og:locale\" content=\"lt_LT\" \/>\n<meta property=\"og:type\" content=\"article\" \/>\n<meta property=\"og:title\" content=\"Direkt Vom Hersteller Strawberry Watermelon Elf Box Pulse X 25000 | Vapingnet.de\" \/>\n<meta property=\"og:description\" content=\"Entdecke Direkt Vom Hersteller Strawberry Watermelon Elf Box Pulse X 25000 bei vapingnet.de, \u25ba Gro\u00dfe Auswahl an Geschmacksrichtungen &amp; super g\u00fcnstig!\" \/>\n<meta property=\"og:url\" content=\"https:\/\/vapingnet.de\/lt\/vape\/direkt-vom-hersteller-strawberry-watermelon-elf-box-pulse-x-25000\/\" \/>\n<meta property=\"og:site_name\" content=\"Vapingnet.de\" \/>\n<meta property=\"article:publisher\" content=\"https:\/\/www.facebook.com\/vapingnetde\/\" \/>\n<meta property=\"article:modified_time\" content=\"2025-05-23T06:32:35+00:00\" \/>\n<meta property=\"og:image\" content=\"https:\/\/vapingnet.de\/wp-content\/uploads\/2025\/04\/STRAWBERRY-WATERMELON-7.webp\" \/>\n\t<meta property=\"og:image:width\" content=\"1000\" \/>\n\t<meta property=\"og:image:height\" content=\"1000\" \/>\n\t<meta property=\"og:image:type\" content=\"image\/webp\" \/>\n<meta name=\"twitter:card\" content=\"summary_large_image\" \/>\n<meta name=\"twitter:label1\" content=\"Est. reading time\" \/>\n\t<meta name=\"twitter:data1\" content=\"3 minutes\" \/>\n<script type=\"application\/ld+json\" class=\"yoast-schema-graph\">{\"@context\":\"https:\/\/schema.org\",\"@graph\":[{\"@type\":\"WebPage\",\"@id\":\"https:\/\/vapingnet.de\/vape\/direkt-vom-hersteller-strawberry-watermelon-elf-box-pulse-x-25000\/\",\"url\":\"https:\/\/vapingnet.de\/vape\/direkt-vom-hersteller-strawberry-watermelon-elf-box-pulse-x-25000\/\",\"name\":\"Direkt Vom Hersteller Strawberry Watermelon Elf Box Pulse X 25000 | Vapingnet.de\",\"isPartOf\":{\"@id\":\"https:\/\/vapingnet.de\/#website\"},\"primaryImageOfPage\":{\"@id\":\"https:\/\/vapingnet.de\/vape\/direkt-vom-hersteller-strawberry-watermelon-elf-box-pulse-x-25000\/#primaryimage\"},\"image\":{\"@id\":\"https:\/\/vapingnet.de\/vape\/direkt-vom-hersteller-strawberry-watermelon-elf-box-pulse-x-25000\/#primaryimage\"},\"thumbnailUrl\":\"https:\/\/vapingnet.de\/wp-content\/uploads\/2025\/04\/STRAWBERRY-WATERMELON-7.webp\",\"datePublished\":\"2025-04-15T02:55:04+00:00\",\"dateModified\":\"2025-05-23T06:32:35+00:00\",\"description\":\"Entdecke Direkt Vom Hersteller Strawberry Watermelon Elf Box Pulse X 25000 bei vapingnet.de, \u25ba Gro\u00dfe Auswahl an Geschmacksrichtungen & super g\u00fcnstig!\",\"breadcrumb\":{\"@id\":\"https:\/\/vapingnet.de\/vape\/direkt-vom-hersteller-strawberry-watermelon-elf-box-pulse-x-25000\/#breadcrumb\"},\"inLanguage\":\"lt-LT\",\"potentialAction\":[{\"@type\":\"ReadAction\",\"target\":[\"https:\/\/vapingnet.de\/vape\/direkt-vom-hersteller-strawberry-watermelon-elf-box-pulse-x-25000\/\"]}]},{\"@type\":\"ImageObject\",\"inLanguage\":\"lt-LT\",\"@id\":\"https:\/\/vapingnet.de\/vape\/direkt-vom-hersteller-strawberry-watermelon-elf-box-pulse-x-25000\/#primaryimage\",\"url\":\"https:\/\/vapingnet.de\/wp-content\/uploads\/2025\/04\/STRAWBERRY-WATERMELON-7.webp\",\"contentUrl\":\"https:\/\/vapingnet.de\/wp-content\/uploads\/2025\/04\/STRAWBERRY-WATERMELON-7.webp\",\"width\":1000,\"height\":1000},{\"@type\":\"BreadcrumbList\",\"@id\":\"https:\/\/vapingnet.de\/vape\/direkt-vom-hersteller-strawberry-watermelon-elf-box-pulse-x-25000\/#breadcrumb\",\"itemListElement\":[{\"@type\":\"ListItem\",\"position\":1,\"name\":\"Home\",\"item\":\"https:\/\/vapingnet.de\/\"},{\"@type\":\"ListItem\",\"position\":2,\"name\":\"Shop\",\"item\":\"https:\/\/vapingnet.de\/vape\/\"},{\"@type\":\"ListItem\",\"position\":3,\"name\":\"Direkt Vom Hersteller Strawberry Watermelon Elf Box Pulse X 25000\"}]},{\"@type\":\"WebSite\",\"@id\":\"https:\/\/vapingnet.de\/#website\",\"url\":\"https:\/\/vapingnet.de\/\",\"name\":\"Vapingnet.de\",\"description\":\"\",\"publisher\":{\"@id\":\"https:\/\/vapingnet.de\/#organization\"},\"potentialAction\":[{\"@type\":\"SearchAction\",\"target\":{\"@type\":\"EntryPoint\",\"urlTemplate\":\"https:\/\/vapingnet.de\/?s={search_term_string}\"},\"query-input\":{\"@type\":\"PropertyValueSpecification\",\"valueRequired\":true,\"valueName\":\"search_term_string\"}}],\"inLanguage\":\"lt-LT\"},{\"@type\":\"Organization\",\"@id\":\"https:\/\/vapingnet.de\/#organization\",\"name\":\"Vapingnet.de\",\"url\":\"https:\/\/vapingnet.de\/\",\"logo\":{\"@type\":\"ImageObject\",\"inLanguage\":\"lt-LT\",\"@id\":\"https:\/\/vapingnet.de\/#\/schema\/logo\/image\/\",\"url\":\"https:\/\/vapingnet.de\/wp-content\/uploads\/2025\/03\/cropped-vapingnet.de_.jpg\",\"contentUrl\":\"https:\/\/vapingnet.de\/wp-content\/uploads\/2025\/03\/cropped-vapingnet.de_.jpg\",\"width\":512,\"height\":512,\"caption\":\"Vapingnet.de\"},\"image\":{\"@id\":\"https:\/\/vapingnet.de\/#\/schema\/logo\/image\/\"},\"sameAs\":[\"https:\/\/www.facebook.com\/vapingnetde\/\"]}]}<\/script>\n<!-- \/ Yoast SEO plugin. -->","yoast_head_json":{"title":"Direkt Vom Hersteller Strawberry Watermelon Elf Box Pulse X 25000 | Vapingnet.de","description":"Entdecke Direkt Vom Hersteller Strawberry Watermelon Elf Box Pulse X 25000 bei vapingnet.de, \u25ba Gro\u00dfe Auswahl an Geschmacksrichtungen & super g\u00fcnstig!","robots":{"index":"index","follow":"follow","max-snippet":"max-snippet:-1","max-image-preview":"max-image-preview:large","max-video-preview":"max-video-preview:-1"},"canonical":"https:\/\/vapingnet.de\/lt\/vape\/direkt-vom-hersteller-strawberry-watermelon-elf-box-pulse-x-25000\/","og_locale":"lt_LT","og_type":"article","og_title":"Direkt Vom Hersteller Strawberry Watermelon Elf Box Pulse X 25000 | Vapingnet.de","og_description":"Entdecke Direkt Vom Hersteller Strawberry Watermelon Elf Box Pulse X 25000 bei vapingnet.de, \u25ba Gro\u00dfe Auswahl an Geschmacksrichtungen & super g\u00fcnstig!","og_url":"https:\/\/vapingnet.de\/lt\/vape\/direkt-vom-hersteller-strawberry-watermelon-elf-box-pulse-x-25000\/","og_site_name":"Vapingnet.de","article_publisher":"https:\/\/www.facebook.com\/vapingnetde\/","article_modified_time":"2025-05-23T06:32:35+00:00","og_image":[{"width":1000,"height":1000,"url":"https:\/\/vapingnet.de\/wp-content\/uploads\/2025\/04\/STRAWBERRY-WATERMELON-7.webp","type":"image\/webp"}],"twitter_card":"summary_large_image","twitter_misc":{"Est. reading time":"3 minutes"},"schema":{"@context":"https:\/\/schema.org","@graph":[{"@type":"WebPage","@id":"https:\/\/vapingnet.de\/vape\/direkt-vom-hersteller-strawberry-watermelon-elf-box-pulse-x-25000\/","url":"https:\/\/vapingnet.de\/vape\/direkt-vom-hersteller-strawberry-watermelon-elf-box-pulse-x-25000\/","name":"Direkt Vom Hersteller Strawberry Watermelon Elf Box Pulse X 25000 | Vapingnet.de","isPartOf":{"@id":"https:\/\/vapingnet.de\/#website"},"primaryImageOfPage":{"@id":"https:\/\/vapingnet.de\/vape\/direkt-vom-hersteller-strawberry-watermelon-elf-box-pulse-x-25000\/#primaryimage"},"image":{"@id":"https:\/\/vapingnet.de\/vape\/direkt-vom-hersteller-strawberry-watermelon-elf-box-pulse-x-25000\/#primaryimage"},"thumbnailUrl":"https:\/\/vapingnet.de\/wp-content\/uploads\/2025\/04\/STRAWBERRY-WATERMELON-7.webp","datePublished":"2025-04-15T02:55:04+00:00","dateModified":"2025-05-23T06:32:35+00:00","description":"Entdecke Direkt Vom Hersteller Strawberry Watermelon Elf Box Pulse X 25000 bei vapingnet.de, \u25ba Gro\u00dfe Auswahl an Geschmacksrichtungen & super g\u00fcnstig!","breadcrumb":{"@id":"https:\/\/vapingnet.de\/vape\/direkt-vom-hersteller-strawberry-watermelon-elf-box-pulse-x-25000\/#breadcrumb"},"inLanguage":"lt-LT","potentialAction":[{"@type":"ReadAction","target":["https:\/\/vapingnet.de\/vape\/direkt-vom-hersteller-strawberry-watermelon-elf-box-pulse-x-25000\/"]}]},{"@type":"ImageObject","inLanguage":"lt-LT","@id":"https:\/\/vapingnet.de\/vape\/direkt-vom-hersteller-strawberry-watermelon-elf-box-pulse-x-25000\/#primaryimage","url":"https:\/\/vapingnet.de\/wp-content\/uploads\/2025\/04\/STRAWBERRY-WATERMELON-7.webp","contentUrl":"https:\/\/vapingnet.de\/wp-content\/uploads\/2025\/04\/STRAWBERRY-WATERMELON-7.webp","width":1000,"height":1000},{"@type":"BreadcrumbList","@id":"https:\/\/vapingnet.de\/vape\/direkt-vom-hersteller-strawberry-watermelon-elf-box-pulse-x-25000\/#breadcrumb","itemListElement":[{"@type":"ListItem","position":1,"name":"Home","item":"https:\/\/vapingnet.de\/"},{"@type":"ListItem","position":2,"name":"Shop","item":"https:\/\/vapingnet.de\/vape\/"},{"@type":"ListItem","position":3,"name":"Direkt Vom Hersteller Strawberry Watermelon Elf Box Pulse X 25000"}]},{"@type":"WebSite","@id":"https:\/\/vapingnet.de\/#website","url":"https:\/\/vapingnet.de\/","name":"Vapingnet.de","description":"","publisher":{"@id":"https:\/\/vapingnet.de\/#organization"},"potentialAction":[{"@type":"SearchAction","target":{"@type":"EntryPoint","urlTemplate":"https:\/\/vapingnet.de\/?s={search_term_string}"},"query-input":{"@type":"PropertyValueSpecification","valueRequired":true,"valueName":"search_term_string"}}],"inLanguage":"lt-LT"},{"@type":"Organization","@id":"https:\/\/vapingnet.de\/#organization","name":"Vapingnet.de","url":"https:\/\/vapingnet.de\/","logo":{"@type":"ImageObject","inLanguage":"lt-LT","@id":"https:\/\/vapingnet.de\/#\/schema\/logo\/image\/","url":"https:\/\/vapingnet.de\/wp-content\/uploads\/2025\/03\/cropped-vapingnet.de_.jpg","contentUrl":"https:\/\/vapingnet.de\/wp-content\/uploads\/2025\/03\/cropped-vapingnet.de_.jpg","width":512,"height":512,"caption":"Vapingnet.de"},"image":{"@id":"https:\/\/vapingnet.de\/#\/schema\/logo\/image\/"},"sameAs":["https:\/\/www.facebook.com\/vapingnetde\/"]}]}},"tiered_pricing_type":"fixed","tiered_pricing_fixed_rules":{"10":"13.77","60":"12.39","110":"11.02","200":"9.64"},"tiered_pricing_product_settings":{"layout":"default","base_unit_name":{"singular":null,"plural":null},"default_variation":null},"tiered_pricing_minimum_quantity":null,"tiered_pricing_roles_data":[],"tiered_pricing_percentage_rules":[],"_links":{"self":[{"href":"https:\/\/vapingnet.de\/lt\/wp-json\/wp\/v2\/product\/6318","targetHints":{"allow":["GET"]}}],"collection":[{"href":"https:\/\/vapingnet.de\/lt\/wp-json\/wp\/v2\/product"}],"about":[{"href":"https:\/\/vapingnet.de\/lt\/wp-json\/wp\/v2\/types\/product"}],"version-history":[{"count":3,"href":"https:\/\/vapingnet.de\/lt\/wp-json\/wp\/v2\/product\/6318\/revisions"}],"predecessor-version":[{"id":6330,"href":"https:\/\/vapingnet.de\/lt\/wp-json\/wp\/v2\/product\/6318\/revisions\/6330"}],"wp:featuredmedia":[{"embeddable":true,"href":"https:\/\/vapingnet.de\/lt\/wp-json\/wp\/v2\/media\/6875"}],"wp:attachment":[{"href":"https:\/\/vapingnet.de\/lt\/wp-json\/wp\/v2\/media?parent=6318"}],"wp:term":[{"taxonomy":"brand","embeddable":true,"href":"https:\/\/vapingnet.de\/lt\/wp-json\/wp\/v2\/etheme_brands?post=6318"},{"taxonomy":"product_brand","embeddable":true,"href":"https:\/\/vapingnet.de\/lt\/wp-json\/wp\/v2\/product_brand?post=6318"},{"taxonomy":"product_cat","embeddable":true,"href":"https:\/\/vapingnet.de\/lt\/wp-json\/wp\/v2\/product_cat?post=6318"},{"taxonomy":"product_tag","embeddable":true,"href":"https:\/\/vapingnet.de\/lt\/wp-json\/wp\/v2\/product_tag?post=6318"}],"curies":[{"name":"wp","href":"https:\/\/api.w.org\/{rel}","templated":true}]}}