{"id":6341,"date":"2025-04-15T05:35:01","date_gmt":"2025-04-15T05:35:01","guid":{"rendered":"https:\/\/vapingnet.de\/?post_type=product&#038;p=6341"},"modified":"2025-06-19T03:43:01","modified_gmt":"2025-06-19T03:43:01","slug":"elf-box-pulse-x-25000-mit-strawberry-ice-der-sommerhit-2025-ab-lagerelf-box-pulse-x-25000","status":"publish","type":"product","link":"https:\/\/vapingnet.de\/lt\/vape\/elf-box-pulse-x-25000-mit-strawberry-ice-der-sommerhit-2025-ab-lagerelf-box-pulse-x-25000\/","title":{"rendered":"ELF BOX PULSE X 25000 su Bra\u0161k\u0117s Ledais. 2025 met\u0173 vasaros hitas. Sand\u0117lyje ELF BOX PULSE X 25000"},"content":{"rendered":"<h2 data-start=\"85\" data-end=\"156\" data-immersive-translate-walked=\"ec7455cc-632e-453b-a7f4-e88d93c22f3c\">ELF BOX PULSE X 25000 \u2013 Auk\u0161\u010diausia galia ilgalaikiam malonumui<\/h2>\n<p class=\"\" data-start=\"181\" data-end=\"354\" data-immersive-translate-walked=\"ec7455cc-632e-453b-a7f4-e88d93c22f3c\" data-immersive-translate-paragraph=\"1\">ELF BOX PULSE X 25000 yra daugiau nei vienkartin\u0117 elektronin\u0117 cigaret\u0117. Ji si\u016blo i\u0161skirtinius na\u0161umo bruo\u017eus, kurie paver\u010dia r\u016bkom\u0105j\u012f proces\u0105 visi\u0161kai nauju patirtimi.<\/p>\n<h4 data-start=\"356\" data-end=\"378\" data-immersive-translate-walked=\"ec7455cc-632e-453b-a7f4-e88d93c22f3c\">Pagrindiniai bruo\u017eai:<\/h4>\n<ul data-start=\"380\" data-end=\"979\">\n<li class=\"\" data-start=\"380\" data-end=\"472\">\n<p class=\"\" data-start=\"382\" data-end=\"472\" data-immersive-translate-walked=\"ec7455cc-632e-453b-a7f4-e88d93c22f3c\" data-immersive-translate-paragraph=\"1\">25000 \u012fkv\u0117pim\u0173 standartiniu re\u017eimu, 15000 \u012fkv\u0117pim\u0173 Pulse re\u017eimu \u2013 ilgam malonumui.<\/p>\n<\/li>\n<li class=\"\" data-start=\"473\" data-end=\"577\">\n<p class=\"\" data-start=\"475\" data-end=\"577\" data-immersive-translate-paragraph=\"1\" data-immersive-translate-walked=\"ec7455cc-632e-453b-a7f4-e88d93c22f3c\">18 ml skys\u010dio populiari\u0173 skoni\u0173, toki\u0173 kaip Bra\u0161k\u0117s Ledas, M\u0117lynas Ragas Ledas ir kt.<\/p>\n<\/li>\n<li class=\"\" data-start=\"578\" data-end=\"679\">\n<p class=\"\" data-start=\"580\" data-end=\"679\" data-immersive-translate-walked=\"ec7455cc-632e-453b-a7f4-e88d93c22f3c\" data-immersive-translate-paragraph=\"1\">Dvigubi tinklelio rit\u0117s (0.8\u03a9 + 0.8\u03a9) u\u017etikrina intensyv\u0173 skon\u012f ir tolyg\u0173 garo gamyb\u0105.<\/p>\n<\/li>\n<li class=\"\" data-start=\"680\" data-end=\"749\">\n<p class=\"\" data-start=\"682\" data-end=\"749\" data-immersive-translate-walked=\"ec7455cc-632e-453b-a7f4-e88d93c22f3c\" data-immersive-translate-paragraph=\"1\">Nikotino pasirinktys: pasirinkite tarp 0%, 2%, 3% arba 5% nikotino.<\/p>\n<\/li>\n<li class=\"\" data-start=\"750\" data-end=\"828\">\n<p class=\"\" data-start=\"752\" data-end=\"828\" data-immersive-translate-walked=\"ec7455cc-632e-453b-a7f4-e88d93c22f3c\" data-immersive-translate-paragraph=\"1\">13500-750mAh baterija ilgam tarnavimui ir nuolatiniam na\u0161umui.<\/p>\n<\/li>\n<li class=\"\" data-start=\"829\" data-end=\"893\">\n<p class=\"\" data-start=\"831\" data-end=\"893\" data-immersive-translate-walked=\"ec7455cc-632e-453b-a7f4-e88d93c22f3c\" data-immersive-translate-paragraph=\"1\">\u012ekrovimo jungtis: Tipo-C greitam ir paprastam \u012fkrovimui<\/p>\n<\/li>\n<li class=\"\" data-start=\"894\" data-end=\"976\">\n<p class=\"\" data-start=\"896\" data-end=\"976\" data-immersive-translate-walked=\"ec7455cc-632e-453b-a7f4-e88d93c22f3c\" data-immersive-translate-paragraph=\"1\">3D i\u0161lenktas ekranas ir dirbtinio intelekto galios reguliavimas individualiems r\u016bkymo patirtims.<\/p>\n<\/li>\n<\/ul>\n<h3 data-start=\"980\" data-end=\"1035\" data-immersive-translate-walked=\"ec7455cc-632e-453b-a7f4-e88d93c22f3c\"><img fetchpriority=\"high\" decoding=\"async\" class=\"wp-image-6862 aligncenter\" src=\"https:\/\/vapingnet.de\/wp-content\/uploads\/2025\/04\/ELF-Box-25K-300x300.webp\" alt=\"\" width=\"545\" height=\"545\" srcset=\"https:\/\/vapingnet.de\/wp-content\/uploads\/2025\/04\/ELF-Box-25K-300x300.webp 300w, https:\/\/vapingnet.de\/wp-content\/uploads\/2025\/04\/ELF-Box-25K-150x150.webp 150w, https:\/\/vapingnet.de\/wp-content\/uploads\/2025\/04\/ELF-Box-25K-768x768.webp 768w, https:\/\/vapingnet.de\/wp-content\/uploads\/2025\/04\/ELF-Box-25K-600x600.webp 600w, https:\/\/vapingnet.de\/wp-content\/uploads\/2025\/04\/ELF-Box-25K-100x100.webp 100w, https:\/\/vapingnet.de\/wp-content\/uploads\/2025\/04\/ELF-Box-25K-1x1.webp 1w, https:\/\/vapingnet.de\/wp-content\/uploads\/2025\/04\/ELF-Box-25K-10x10.webp 10w, https:\/\/vapingnet.de\/wp-content\/uploads\/2025\/04\/ELF-Box-25K.webp 1000w\" sizes=\"(max-width: 545px) 100vw, 545px\" \/><\/h3>\n<h3 data-start=\"980\" data-end=\"1035\" data-immersive-translate-walked=\"ec7455cc-632e-453b-a7f4-e88d93c22f3c\">Kod\u0117l verta pasirinkti ELF BOX PULSE X 25000?<\/h3>\n<ol data-start=\"1037\" data-end=\"1475\">\n<li class=\"\" data-start=\"1037\" data-end=\"1119\">\n<p class=\"\" data-start=\"1040\" data-end=\"1119\" data-immersive-translate-walked=\"ec7455cc-632e-453b-a7f4-e88d93c22f3c\" data-immersive-translate-paragraph=\"1\">Ilgaam\u017ei\u0161kumas ir universalumas \u2013 iki 25000 \u012fkv\u0117pim\u0173! Idealiai tinka da\u017eniems r\u016bkytojams.<\/p>\n<\/li>\n<li class=\"\" data-start=\"1120\" data-end=\"1210\">\n<p class=\"\" data-start=\"1123\" data-end=\"1210\" data-immersive-translate-walked=\"ec7455cc-632e-453b-a7f4-e88d93c22f3c\" data-immersive-translate-paragraph=\"1\">Atgaivinan\u010dios aromatos \u2013 m\u0117gaukit\u0117s skaniais skonio potyriais, tokiais kaip Bra\u0161k\u0117s Ledas.<\/p>\n<\/li>\n<li class=\"\" data-start=\"1211\" data-end=\"1292\">\n<p class=\"\" data-start=\"1214\" data-end=\"1292\" data-immersive-translate-walked=\"ec7455cc-632e-453b-a7f4-e88d93c22f3c\" data-immersive-translate-paragraph=\"1\">Pa\u017eangiausia technologija \u2013 su inovatyviomis tinklelio rit\u0117mis ir reguliuojama galia.<\/p>\n<\/li>\n<li class=\"\" data-start=\"1293\" data-end=\"1360\">\n<p class=\"\" data-start=\"1296\" data-end=\"1360\" data-immersive-translate-walked=\"ec7455cc-632e-453b-a7f4-e88d93c22f3c\" data-immersive-translate-paragraph=\"1\">Ekologi\u0161ka \u2013 \u012fkraunama ir tod\u0117l ma\u017eiau atliek\u0173.<\/p>\n<\/li>\n<li class=\"\" data-start=\"1361\" data-end=\"1475\">\n<p class=\"\" data-start=\"1364\" data-end=\"1475\" data-immersive-translate-walked=\"ec7455cc-632e-453b-a7f4-e88d93c22f3c\" data-immersive-translate-paragraph=\"1\">Greitas pristatymas ir muitin\u0117s nemokama \u2013 u\u017esisakykite dabar ir gaukite savo siuntin\u012f per 7-15 darbo dien\u0173, be muit\u0173!<\/p>\n<\/li>\n<\/ol>\n<p class=\"\" data-start=\"1477\" data-end=\"1607\" data-immersive-translate-walked=\"ec7455cc-632e-453b-a7f4-e88d93c22f3c\">U\u017esisakykite dabar per vapingnet.de ir patirkite galutin\u0119 r\u016bkomojo patirt\u012f su ELF BOX PULSE X 25000.<\/p>","protected":false},"excerpt":{"rendered":"<p>ELF BOX PULSE X 25000 \u2013 H\u00f6chste Leistung f\u00fcr langanhaltenden Genuss Die ELF BOX PULSE X 25000 ist mehr als nur eine Einweg-E-Zigarette. Sie bietet&#8230;<\/p>","protected":false},"featured_media":6861,"template":"","meta":[],"etheme_brands":[],"product_brand":[100],"product_cat":[55,49,61],"product_tag":[],"class_list":{"0":"post-6341","1":"product","2":"type-product","3":"status-publish","4":"has-post-thumbnail","6":"product_brand-elf-box-vape","7":"product_cat-vape-25000-zuege","8":"product_cat-einweg-e-zigarette","9":"product_cat-f","11":"first","12":"instock","13":"shipping-taxable","14":"purchasable","15":"product-type-simple"},"yoast_head":"<!-- This site is optimized with the Yoast SEO plugin v26.5 - https:\/\/yoast.com\/wordpress\/plugins\/seo\/ -->\n<title>ELF BOX PULSE X 25000 Mit Strawberry Ice Der Sommerhit 2025 Ab LagerELF BOX PULSE X 25000 | Vapingnet.de<\/title>\n<meta name=\"description\" content=\"Entdecke ELF BOX PULSE X 25000 Mit Strawberry Ice Der Sommerhit 2025 Ab LagerELF BOX PULSE X 25000 bei vapingnet.de, \u25ba Gro\u00dfe Auswahl an Geschmacksrichtungen &amp; super g\u00fcnstig!\" \/>\n<meta name=\"robots\" content=\"index, follow, max-snippet:-1, max-image-preview:large, max-video-preview:-1\" \/>\n<link rel=\"canonical\" href=\"https:\/\/vapingnet.de\/lt\/vape\/elf-box-pulse-x-25000-mit-strawberry-ice-der-sommerhit-2025-ab-lagerelf-box-pulse-x-25000\/\" \/>\n<meta property=\"og:locale\" content=\"lt_LT\" \/>\n<meta property=\"og:type\" content=\"article\" \/>\n<meta property=\"og:title\" content=\"ELF BOX PULSE X 25000 Mit Strawberry Ice Der Sommerhit 2025 Ab LagerELF BOX PULSE X 25000 | Vapingnet.de\" \/>\n<meta property=\"og:description\" content=\"Entdecke ELF BOX PULSE X 25000 Mit Strawberry Ice Der Sommerhit 2025 Ab LagerELF BOX PULSE X 25000 bei vapingnet.de, \u25ba Gro\u00dfe Auswahl an Geschmacksrichtungen &amp; super g\u00fcnstig!\" \/>\n<meta property=\"og:url\" content=\"https:\/\/vapingnet.de\/lt\/vape\/elf-box-pulse-x-25000-mit-strawberry-ice-der-sommerhit-2025-ab-lagerelf-box-pulse-x-25000\/\" \/>\n<meta property=\"og:site_name\" content=\"Vapingnet.de\" \/>\n<meta property=\"article:publisher\" content=\"https:\/\/www.facebook.com\/vapingnetde\/\" \/>\n<meta property=\"article:modified_time\" content=\"2025-06-19T03:43:01+00:00\" \/>\n<meta property=\"og:image\" content=\"https:\/\/vapingnet.de\/wp-content\/uploads\/2025\/04\/STRAWBERRY-ICE-4.webp\" \/>\n\t<meta property=\"og:image:width\" content=\"1000\" \/>\n\t<meta property=\"og:image:height\" content=\"1000\" \/>\n\t<meta property=\"og:image:type\" content=\"image\/webp\" \/>\n<meta name=\"twitter:card\" content=\"summary_large_image\" \/>\n<meta name=\"twitter:label1\" content=\"Est. reading time\" \/>\n\t<meta name=\"twitter:data1\" content=\"2 minutes\" \/>\n<script type=\"application\/ld+json\" class=\"yoast-schema-graph\">{\"@context\":\"https:\/\/schema.org\",\"@graph\":[{\"@type\":\"WebPage\",\"@id\":\"https:\/\/vapingnet.de\/vape\/elf-box-pulse-x-25000-mit-strawberry-ice-der-sommerhit-2025-ab-lagerelf-box-pulse-x-25000\/\",\"url\":\"https:\/\/vapingnet.de\/vape\/elf-box-pulse-x-25000-mit-strawberry-ice-der-sommerhit-2025-ab-lagerelf-box-pulse-x-25000\/\",\"name\":\"ELF BOX PULSE X 25000 Mit Strawberry Ice Der Sommerhit 2025 Ab LagerELF BOX PULSE X 25000 | Vapingnet.de\",\"isPartOf\":{\"@id\":\"https:\/\/vapingnet.de\/#website\"},\"primaryImageOfPage\":{\"@id\":\"https:\/\/vapingnet.de\/vape\/elf-box-pulse-x-25000-mit-strawberry-ice-der-sommerhit-2025-ab-lagerelf-box-pulse-x-25000\/#primaryimage\"},\"image\":{\"@id\":\"https:\/\/vapingnet.de\/vape\/elf-box-pulse-x-25000-mit-strawberry-ice-der-sommerhit-2025-ab-lagerelf-box-pulse-x-25000\/#primaryimage\"},\"thumbnailUrl\":\"https:\/\/vapingnet.de\/wp-content\/uploads\/2025\/04\/STRAWBERRY-ICE-4.webp\",\"datePublished\":\"2025-04-15T05:35:01+00:00\",\"dateModified\":\"2025-06-19T03:43:01+00:00\",\"description\":\"Entdecke ELF BOX PULSE X 25000 Mit Strawberry Ice Der Sommerhit 2025 Ab LagerELF BOX PULSE X 25000 bei vapingnet.de, \u25ba Gro\u00dfe Auswahl an Geschmacksrichtungen & super g\u00fcnstig!\",\"breadcrumb\":{\"@id\":\"https:\/\/vapingnet.de\/vape\/elf-box-pulse-x-25000-mit-strawberry-ice-der-sommerhit-2025-ab-lagerelf-box-pulse-x-25000\/#breadcrumb\"},\"inLanguage\":\"lt-LT\",\"potentialAction\":[{\"@type\":\"ReadAction\",\"target\":[\"https:\/\/vapingnet.de\/vape\/elf-box-pulse-x-25000-mit-strawberry-ice-der-sommerhit-2025-ab-lagerelf-box-pulse-x-25000\/\"]}]},{\"@type\":\"ImageObject\",\"inLanguage\":\"lt-LT\",\"@id\":\"https:\/\/vapingnet.de\/vape\/elf-box-pulse-x-25000-mit-strawberry-ice-der-sommerhit-2025-ab-lagerelf-box-pulse-x-25000\/#primaryimage\",\"url\":\"https:\/\/vapingnet.de\/wp-content\/uploads\/2025\/04\/STRAWBERRY-ICE-4.webp\",\"contentUrl\":\"https:\/\/vapingnet.de\/wp-content\/uploads\/2025\/04\/STRAWBERRY-ICE-4.webp\",\"width\":1000,\"height\":1000},{\"@type\":\"BreadcrumbList\",\"@id\":\"https:\/\/vapingnet.de\/vape\/elf-box-pulse-x-25000-mit-strawberry-ice-der-sommerhit-2025-ab-lagerelf-box-pulse-x-25000\/#breadcrumb\",\"itemListElement\":[{\"@type\":\"ListItem\",\"position\":1,\"name\":\"Home\",\"item\":\"https:\/\/vapingnet.de\/\"},{\"@type\":\"ListItem\",\"position\":2,\"name\":\"Shop\",\"item\":\"https:\/\/vapingnet.de\/vape\/\"},{\"@type\":\"ListItem\",\"position\":3,\"name\":\"ELF BOX PULSE X 25000 Mit Strawberry Ice Der Sommerhit 2025 Ab LagerELF BOX PULSE X 25000\"}]},{\"@type\":\"WebSite\",\"@id\":\"https:\/\/vapingnet.de\/#website\",\"url\":\"https:\/\/vapingnet.de\/\",\"name\":\"Vapingnet.de\",\"description\":\"\",\"publisher\":{\"@id\":\"https:\/\/vapingnet.de\/#organization\"},\"potentialAction\":[{\"@type\":\"SearchAction\",\"target\":{\"@type\":\"EntryPoint\",\"urlTemplate\":\"https:\/\/vapingnet.de\/?s={search_term_string}\"},\"query-input\":{\"@type\":\"PropertyValueSpecification\",\"valueRequired\":true,\"valueName\":\"search_term_string\"}}],\"inLanguage\":\"lt-LT\"},{\"@type\":\"Organization\",\"@id\":\"https:\/\/vapingnet.de\/#organization\",\"name\":\"Vapingnet.de\",\"url\":\"https:\/\/vapingnet.de\/\",\"logo\":{\"@type\":\"ImageObject\",\"inLanguage\":\"lt-LT\",\"@id\":\"https:\/\/vapingnet.de\/#\/schema\/logo\/image\/\",\"url\":\"https:\/\/vapingnet.de\/wp-content\/uploads\/2025\/03\/cropped-vapingnet.de_.jpg\",\"contentUrl\":\"https:\/\/vapingnet.de\/wp-content\/uploads\/2025\/03\/cropped-vapingnet.de_.jpg\",\"width\":512,\"height\":512,\"caption\":\"Vapingnet.de\"},\"image\":{\"@id\":\"https:\/\/vapingnet.de\/#\/schema\/logo\/image\/\"},\"sameAs\":[\"https:\/\/www.facebook.com\/vapingnetde\/\"]}]}<\/script>\n<!-- \/ Yoast SEO plugin. -->","yoast_head_json":{"title":"ELF BOX PULSE X 25000 Mit Strawberry Ice Der Sommerhit 2025 Ab LagerELF BOX PULSE X 25000 | Vapingnet.de","description":"Entdecke ELF BOX PULSE X 25000 Mit Strawberry Ice Der Sommerhit 2025 Ab LagerELF BOX PULSE X 25000 bei vapingnet.de, \u25ba Gro\u00dfe Auswahl an Geschmacksrichtungen & super g\u00fcnstig!","robots":{"index":"index","follow":"follow","max-snippet":"max-snippet:-1","max-image-preview":"max-image-preview:large","max-video-preview":"max-video-preview:-1"},"canonical":"https:\/\/vapingnet.de\/lt\/vape\/elf-box-pulse-x-25000-mit-strawberry-ice-der-sommerhit-2025-ab-lagerelf-box-pulse-x-25000\/","og_locale":"lt_LT","og_type":"article","og_title":"ELF BOX PULSE X 25000 Mit Strawberry Ice Der Sommerhit 2025 Ab LagerELF BOX PULSE X 25000 | Vapingnet.de","og_description":"Entdecke ELF BOX PULSE X 25000 Mit Strawberry Ice Der Sommerhit 2025 Ab LagerELF BOX PULSE X 25000 bei vapingnet.de, \u25ba Gro\u00dfe Auswahl an Geschmacksrichtungen & super g\u00fcnstig!","og_url":"https:\/\/vapingnet.de\/lt\/vape\/elf-box-pulse-x-25000-mit-strawberry-ice-der-sommerhit-2025-ab-lagerelf-box-pulse-x-25000\/","og_site_name":"Vapingnet.de","article_publisher":"https:\/\/www.facebook.com\/vapingnetde\/","article_modified_time":"2025-06-19T03:43:01+00:00","og_image":[{"width":1000,"height":1000,"url":"https:\/\/vapingnet.de\/wp-content\/uploads\/2025\/04\/STRAWBERRY-ICE-4.webp","type":"image\/webp"}],"twitter_card":"summary_large_image","twitter_misc":{"Est. reading time":"2 minutes"},"schema":{"@context":"https:\/\/schema.org","@graph":[{"@type":"WebPage","@id":"https:\/\/vapingnet.de\/vape\/elf-box-pulse-x-25000-mit-strawberry-ice-der-sommerhit-2025-ab-lagerelf-box-pulse-x-25000\/","url":"https:\/\/vapingnet.de\/vape\/elf-box-pulse-x-25000-mit-strawberry-ice-der-sommerhit-2025-ab-lagerelf-box-pulse-x-25000\/","name":"ELF BOX PULSE X 25000 Mit Strawberry Ice Der Sommerhit 2025 Ab LagerELF BOX PULSE X 25000 | Vapingnet.de","isPartOf":{"@id":"https:\/\/vapingnet.de\/#website"},"primaryImageOfPage":{"@id":"https:\/\/vapingnet.de\/vape\/elf-box-pulse-x-25000-mit-strawberry-ice-der-sommerhit-2025-ab-lagerelf-box-pulse-x-25000\/#primaryimage"},"image":{"@id":"https:\/\/vapingnet.de\/vape\/elf-box-pulse-x-25000-mit-strawberry-ice-der-sommerhit-2025-ab-lagerelf-box-pulse-x-25000\/#primaryimage"},"thumbnailUrl":"https:\/\/vapingnet.de\/wp-content\/uploads\/2025\/04\/STRAWBERRY-ICE-4.webp","datePublished":"2025-04-15T05:35:01+00:00","dateModified":"2025-06-19T03:43:01+00:00","description":"Entdecke ELF BOX PULSE X 25000 Mit Strawberry Ice Der Sommerhit 2025 Ab LagerELF BOX PULSE X 25000 bei vapingnet.de, \u25ba Gro\u00dfe Auswahl an Geschmacksrichtungen & super g\u00fcnstig!","breadcrumb":{"@id":"https:\/\/vapingnet.de\/vape\/elf-box-pulse-x-25000-mit-strawberry-ice-der-sommerhit-2025-ab-lagerelf-box-pulse-x-25000\/#breadcrumb"},"inLanguage":"lt-LT","potentialAction":[{"@type":"ReadAction","target":["https:\/\/vapingnet.de\/vape\/elf-box-pulse-x-25000-mit-strawberry-ice-der-sommerhit-2025-ab-lagerelf-box-pulse-x-25000\/"]}]},{"@type":"ImageObject","inLanguage":"lt-LT","@id":"https:\/\/vapingnet.de\/vape\/elf-box-pulse-x-25000-mit-strawberry-ice-der-sommerhit-2025-ab-lagerelf-box-pulse-x-25000\/#primaryimage","url":"https:\/\/vapingnet.de\/wp-content\/uploads\/2025\/04\/STRAWBERRY-ICE-4.webp","contentUrl":"https:\/\/vapingnet.de\/wp-content\/uploads\/2025\/04\/STRAWBERRY-ICE-4.webp","width":1000,"height":1000},{"@type":"BreadcrumbList","@id":"https:\/\/vapingnet.de\/vape\/elf-box-pulse-x-25000-mit-strawberry-ice-der-sommerhit-2025-ab-lagerelf-box-pulse-x-25000\/#breadcrumb","itemListElement":[{"@type":"ListItem","position":1,"name":"Home","item":"https:\/\/vapingnet.de\/"},{"@type":"ListItem","position":2,"name":"Shop","item":"https:\/\/vapingnet.de\/vape\/"},{"@type":"ListItem","position":3,"name":"ELF BOX PULSE X 25000 Mit Strawberry Ice Der Sommerhit 2025 Ab LagerELF BOX PULSE X 25000"}]},{"@type":"WebSite","@id":"https:\/\/vapingnet.de\/#website","url":"https:\/\/vapingnet.de\/","name":"Vapingnet.de","description":"","publisher":{"@id":"https:\/\/vapingnet.de\/#organization"},"potentialAction":[{"@type":"SearchAction","target":{"@type":"EntryPoint","urlTemplate":"https:\/\/vapingnet.de\/?s={search_term_string}"},"query-input":{"@type":"PropertyValueSpecification","valueRequired":true,"valueName":"search_term_string"}}],"inLanguage":"lt-LT"},{"@type":"Organization","@id":"https:\/\/vapingnet.de\/#organization","name":"Vapingnet.de","url":"https:\/\/vapingnet.de\/","logo":{"@type":"ImageObject","inLanguage":"lt-LT","@id":"https:\/\/vapingnet.de\/#\/schema\/logo\/image\/","url":"https:\/\/vapingnet.de\/wp-content\/uploads\/2025\/03\/cropped-vapingnet.de_.jpg","contentUrl":"https:\/\/vapingnet.de\/wp-content\/uploads\/2025\/03\/cropped-vapingnet.de_.jpg","width":512,"height":512,"caption":"Vapingnet.de"},"image":{"@id":"https:\/\/vapingnet.de\/#\/schema\/logo\/image\/"},"sameAs":["https:\/\/www.facebook.com\/vapingnetde\/"]}]}},"tiered_pricing_type":"fixed","tiered_pricing_fixed_rules":{"10":"13.77","60":"12.39","110":"11.02","200":"9.64"},"tiered_pricing_product_settings":{"layout":"default","base_unit_name":{"singular":null,"plural":null},"default_variation":null},"tiered_pricing_minimum_quantity":null,"tiered_pricing_roles_data":[],"tiered_pricing_percentage_rules":[],"_links":{"self":[{"href":"https:\/\/vapingnet.de\/lt\/wp-json\/wp\/v2\/product\/6341","targetHints":{"allow":["GET"]}}],"collection":[{"href":"https:\/\/vapingnet.de\/lt\/wp-json\/wp\/v2\/product"}],"about":[{"href":"https:\/\/vapingnet.de\/lt\/wp-json\/wp\/v2\/types\/product"}],"version-history":[{"count":3,"href":"https:\/\/vapingnet.de\/lt\/wp-json\/wp\/v2\/product\/6341\/revisions"}],"predecessor-version":[{"id":6864,"href":"https:\/\/vapingnet.de\/lt\/wp-json\/wp\/v2\/product\/6341\/revisions\/6864"}],"wp:featuredmedia":[{"embeddable":true,"href":"https:\/\/vapingnet.de\/lt\/wp-json\/wp\/v2\/media\/6861"}],"wp:attachment":[{"href":"https:\/\/vapingnet.de\/lt\/wp-json\/wp\/v2\/media?parent=6341"}],"wp:term":[{"taxonomy":"brand","embeddable":true,"href":"https:\/\/vapingnet.de\/lt\/wp-json\/wp\/v2\/etheme_brands?post=6341"},{"taxonomy":"product_brand","embeddable":true,"href":"https:\/\/vapingnet.de\/lt\/wp-json\/wp\/v2\/product_brand?post=6341"},{"taxonomy":"product_cat","embeddable":true,"href":"https:\/\/vapingnet.de\/lt\/wp-json\/wp\/v2\/product_cat?post=6341"},{"taxonomy":"product_tag","embeddable":true,"href":"https:\/\/vapingnet.de\/lt\/wp-json\/wp\/v2\/product_tag?post=6341"}],"curies":[{"name":"wp","href":"https:\/\/api.w.org\/{rel}","templated":true}]}}