{"id":6357,"date":"2025-04-15T06:36:56","date_gmt":"2025-04-15T06:36:56","guid":{"rendered":"https:\/\/vapingnet.de\/?post_type=product&#038;p=6357"},"modified":"2025-06-19T03:42:59","modified_gmt":"2025-06-19T03:42:59","slug":"kompakt-praktisch-elf-box-digital-12000-strawberry-watermelon-fuer-unterwegs","status":"publish","type":"product","link":"https:\/\/vapingnet.de\/lt\/vape\/kompakt-praktisch-elf-box-digital-12000-strawberry-watermelon-fuer-unterwegs\/","title":{"rendered":"Kompakti\u0161kas ir prakti\u0161kas ELF BOX Digital 12000 Bra\u0161k\u0117 Watermelon Kelion\u0117ms"},"content":{"rendered":"<h2 data-start=\"99\" data-end=\"168\" data-immersive-translate-walked=\"da2b1e83-da78-4ce7-8f90-61f30d72aa7c\">ELF BOX Digital 12000 \u2013 Galingas ir prakti\u0161kas kasdieniam naudojimui<\/h2>\n<div class=\"pointer-events-none relative left-[50%]! flex w-[100cqw] translate-x-[-50%] justify-center *:pointer-events-auto\" data-immersive-translate-walked=\"da2b1e83-da78-4ce7-8f90-61f30d72aa7c\">\n<div class=\"tableContainer horzScrollShadows\" data-immersive-translate-walked=\"da2b1e83-da78-4ce7-8f90-61f30d72aa7c\">\n<table class=\"min-w-full\" style=\"height: 396px;\" width=\"672\" data-start=\"210\" data-end=\"1187\" data-immersive-translate-walked=\"da2b1e83-da78-4ce7-8f90-61f30d72aa7c\">\n<thead data-start=\"210\" data-end=\"279\" data-immersive-translate-walked=\"da2b1e83-da78-4ce7-8f90-61f30d72aa7c\">\n<tr data-start=\"210\" data-end=\"279\" data-immersive-translate-walked=\"da2b1e83-da78-4ce7-8f90-61f30d72aa7c\">\n<th data-start=\"210\" data-end=\"234\" data-immersive-translate-walked=\"da2b1e83-da78-4ce7-8f90-61f30d72aa7c\" data-immersive-translate-paragraph=\"1\">Savyb\u0117<\/th>\n<th data-start=\"234\" data-end=\"279\" data-immersive-translate-walked=\"da2b1e83-da78-4ce7-8f90-61f30d72aa7c\" data-immersive-translate-paragraph=\"1\">Detal\u0117s<\/th>\n<\/tr>\n<\/thead>\n<tbody data-start=\"350\" data-end=\"1187\" data-immersive-translate-walked=\"da2b1e83-da78-4ce7-8f90-61f30d72aa7c\">\n<tr data-start=\"350\" data-end=\"419\" data-immersive-translate-walked=\"da2b1e83-da78-4ce7-8f90-61f30d72aa7c\">\n<td class=\"max-w-[calc(var(--thread-content-max-width)*2\/3)]\" data-start=\"350\" data-end=\"374\" data-immersive-translate-walked=\"da2b1e83-da78-4ce7-8f90-61f30d72aa7c\" data-immersive-translate-paragraph=\"1\">Modelis<\/td>\n<td class=\"max-w-[calc(var(--thread-content-max-width)*2\/3)]\" data-start=\"374\" data-end=\"419\" data-immersive-translate-walked=\"da2b1e83-da78-4ce7-8f90-61f30d72aa7c\" data-immersive-translate-paragraph=\"1\">ELF BOX Skaitmeninis 12000<\/td>\n<\/tr>\n<tr data-start=\"420\" data-end=\"489\" data-immersive-translate-walked=\"da2b1e83-da78-4ce7-8f90-61f30d72aa7c\">\n<td class=\"max-w-[calc(var(--thread-content-max-width)*2\/3)]\" data-start=\"420\" data-end=\"444\" data-immersive-translate-walked=\"da2b1e83-da78-4ce7-8f90-61f30d72aa7c\" data-immersive-translate-paragraph=\"1\">\u012ekv\u0117pimai<\/td>\n<td class=\"max-w-[calc(var(--thread-content-max-width)*2\/3)]\" data-start=\"444\" data-end=\"489\" data-immersive-translate-walked=\"da2b1e83-da78-4ce7-8f90-61f30d72aa7c\" data-immersive-translate-paragraph=\"1\">Iki 12 000 \u012fkv\u0117pim\u0173<\/td>\n<\/tr>\n<tr data-start=\"490\" data-end=\"559\" data-immersive-translate-walked=\"da2b1e83-da78-4ce7-8f90-61f30d72aa7c\">\n<td class=\"max-w-[calc(var(--thread-content-max-width)*2\/3)]\" data-start=\"490\" data-end=\"514\" data-immersive-translate-walked=\"da2b1e83-da78-4ce7-8f90-61f30d72aa7c\" data-immersive-translate-paragraph=\"1\">Vamzdelis<\/td>\n<td class=\"max-w-[calc(var(--thread-content-max-width)*2\/3)]\" data-start=\"514\" data-end=\"559\" data-immersive-translate-walked=\"da2b1e83-da78-4ce7-8f90-61f30d72aa7c\" data-immersive-translate-paragraph=\"1\">Tinklelis Vamzdelis 0,8 Ohm<\/td>\n<\/tr>\n<tr data-start=\"560\" data-end=\"629\" data-immersive-translate-walked=\"da2b1e83-da78-4ce7-8f90-61f30d72aa7c\">\n<td class=\"max-w-[calc(var(--thread-content-max-width)*2\/3)]\" data-start=\"560\" data-end=\"584\" data-immersive-translate-walked=\"da2b1e83-da78-4ce7-8f90-61f30d72aa7c\" data-immersive-translate-paragraph=\"1\">E-skystis<\/td>\n<td class=\"max-w-[calc(var(--thread-content-max-width)*2\/3)]\" data-start=\"584\" data-end=\"629\" data-immersive-translate-walked=\"da2b1e83-da78-4ce7-8f90-61f30d72aa7c\" data-immersive-translate-paragraph=\"1\">25 ml<\/td>\n<\/tr>\n<tr data-start=\"630\" data-end=\"699\" data-immersive-translate-walked=\"da2b1e83-da78-4ce7-8f90-61f30d72aa7c\">\n<td class=\"max-w-[calc(var(--thread-content-max-width)*2\/3)]\" data-start=\"630\" data-end=\"654\" data-immersive-translate-walked=\"da2b1e83-da78-4ce7-8f90-61f30d72aa7c\" data-immersive-translate-paragraph=\"1\">Nikotino kiekis<\/td>\n<td class=\"max-w-[calc(var(--thread-content-max-width)*2\/3)]\" data-start=\"654\" data-end=\"699\" data-immersive-translate-walked=\"da2b1e83-da78-4ce7-8f90-61f30d72aa7c\">0 %, 2 %, 3 %, 5 %<\/td>\n<\/tr>\n<tr data-start=\"700\" data-end=\"769\" data-immersive-translate-walked=\"da2b1e83-da78-4ce7-8f90-61f30d72aa7c\">\n<td class=\"max-w-[calc(var(--thread-content-max-width)*2\/3)]\" data-start=\"700\" data-end=\"724\" data-immersive-translate-walked=\"da2b1e83-da78-4ce7-8f90-61f30d72aa7c\" data-immersive-translate-paragraph=\"1\">Baterija<\/td>\n<td class=\"max-w-[calc(var(--thread-content-max-width)*2\/3)]\" data-start=\"724\" data-end=\"769\" data-immersive-translate-walked=\"da2b1e83-da78-4ce7-8f90-61f30d72aa7c\" data-immersive-translate-paragraph=\"1\">500 mAh (Tipas: 13350)<\/td>\n<\/tr>\n<tr data-start=\"770\" data-end=\"838\" data-immersive-translate-walked=\"da2b1e83-da78-4ce7-8f90-61f30d72aa7c\">\n<td class=\"max-w-[calc(var(--thread-content-max-width)*2\/3)]\" data-start=\"770\" data-end=\"794\" data-immersive-translate-walked=\"da2b1e83-da78-4ce7-8f90-61f30d72aa7c\" data-immersive-translate-paragraph=\"1\">\u012ekrovimas<\/td>\n<td class=\"max-w-[calc(var(--thread-content-max-width)*2\/3)]\" data-start=\"794\" data-end=\"838\" data-immersive-translate-walked=\"da2b1e83-da78-4ce7-8f90-61f30d72aa7c\" data-immersive-translate-paragraph=\"1\">\u012ekraunama per Type-C<\/td>\n<\/tr>\n<tr data-start=\"839\" data-end=\"907\" data-immersive-translate-walked=\"da2b1e83-da78-4ce7-8f90-61f30d72aa7c\">\n<td class=\"max-w-[calc(var(--thread-content-max-width)*2\/3)]\" data-start=\"839\" data-end=\"863\" data-immersive-translate-walked=\"da2b1e83-da78-4ce7-8f90-61f30d72aa7c\" data-immersive-translate-paragraph=\"1\">Ekranas<\/td>\n<td class=\"max-w-[calc(var(--thread-content-max-width)*2\/3)]\" data-start=\"863\" data-end=\"907\" data-immersive-translate-paragraph=\"1\" data-immersive-translate-walked=\"da2b1e83-da78-4ce7-8f90-61f30d72aa7c\">Skaitmeninis rodiklis alyvos ir baterijos lygiui<\/td>\n<\/tr>\n<tr data-start=\"908\" data-end=\"977\" data-immersive-translate-walked=\"da2b1e83-da78-4ce7-8f90-61f30d72aa7c\">\n<td class=\"max-w-[calc(var(--thread-content-max-width)*2\/3)]\" data-start=\"908\" data-end=\"932\" data-immersive-translate-walked=\"da2b1e83-da78-4ce7-8f90-61f30d72aa7c\" data-immersive-translate-paragraph=\"1\">Svoris<\/td>\n<td class=\"max-w-[calc(var(--thread-content-max-width)*2\/3)]\" data-start=\"932\" data-end=\"977\" data-immersive-translate-walked=\"da2b1e83-da78-4ce7-8f90-61f30d72aa7c\" data-immersive-translate-paragraph=\"1\">Tik 82 g<\/td>\n<\/tr>\n<tr data-start=\"978\" data-end=\"1047\" data-immersive-translate-walked=\"da2b1e83-da78-4ce7-8f90-61f30d72aa7c\">\n<td class=\"max-w-[calc(var(--thread-content-max-width)*2\/3)]\" data-start=\"978\" data-end=\"1002\" data-immersive-translate-walked=\"da2b1e83-da78-4ce7-8f90-61f30d72aa7c\" data-immersive-translate-paragraph=\"1\">Skonis<\/td>\n<td class=\"max-w-[calc(var(--thread-content-max-width)*2\/3)]\" data-start=\"1002\" data-end=\"1047\" data-immersive-translate-walked=\"da2b1e83-da78-4ce7-8f90-61f30d72aa7c\" data-immersive-translate-paragraph=\"1\">Bra\u0161k\u0117 ir arb\u016bzas<\/td>\n<\/tr>\n<tr data-start=\"1048\" data-end=\"1117\" data-immersive-translate-walked=\"da2b1e83-da78-4ce7-8f90-61f30d72aa7c\">\n<td class=\"max-w-[calc(var(--thread-content-max-width)*2\/3)]\" data-start=\"1048\" data-end=\"1072\" data-immersive-translate-walked=\"da2b1e83-da78-4ce7-8f90-61f30d72aa7c\" data-immersive-translate-paragraph=\"1\">Pristatymo laikas<\/td>\n<td class=\"max-w-[calc(var(--thread-content-max-width)*2\/3)]\" data-start=\"1072\" data-end=\"1117\" data-immersive-translate-walked=\"da2b1e83-da78-4ce7-8f90-61f30d72aa7c\" data-immersive-translate-paragraph=\"1\">7\u201315 darbo dien\u0173<\/td>\n<\/tr>\n<tr data-start=\"1118\" data-end=\"1187\" data-immersive-translate-walked=\"da2b1e83-da78-4ce7-8f90-61f30d72aa7c\">\n<td class=\"max-w-[calc(var(--thread-content-max-width)*2\/3)]\" data-start=\"1118\" data-end=\"1142\" data-immersive-translate-walked=\"da2b1e83-da78-4ce7-8f90-61f30d72aa7c\" data-immersive-translate-paragraph=\"1\">Prana\u0161umas<\/td>\n<td class=\"max-w-[calc(var(--thread-content-max-width)*2\/3)]\" data-start=\"1142\" data-end=\"1187\" data-immersive-translate-walked=\"da2b1e83-da78-4ce7-8f90-61f30d72aa7c\" data-immersive-translate-paragraph=\"1\">Be muito pristatymas vir\u0161 vapingnet.de<\/td>\n<\/tr>\n<\/tbody>\n<\/table>\n<\/div>\n<\/div>\n<h3 data-start=\"1189\" data-end=\"1245\" data-immersive-translate-walked=\"da2b1e83-da78-4ce7-8f90-61f30d72aa7c\">Kasdieniam naudojimui \u2013 Darbininkams, keliautojams ir m\u0117g\u0117jams<\/h3>\n<p class=\"\" data-start=\"1247\" data-end=\"1606\" data-immersive-translate-walked=\"da2b1e83-da78-4ce7-8f90-61f30d72aa7c\" data-immersive-translate-paragraph=\"1\">Nesvarbu, ar keliaujate \u012f darb\u0105, keliaujate ar atsipalaiduojate parke \u2013 ELF BOX Digital 12000 si\u016blo visk\u0105, k\u0105 turi tur\u0117ti moderni vienkartin\u0117 elektronin\u0117 cigaret\u0117. D\u0117l kompakti\u0161ko dizaino ir ma\u017eo svorio ji telpa \u012f kiekvien\u0105 ki\u0161en\u0119. Skaitmeninis ekranas visada rodo, kiek liko skys\u010dio ir akumuliatoriaus \u2013 joki\u0173 sp\u0117jim\u0173.<\/p>\n<p class=\"\" data-start=\"1608\" data-end=\"1822\">Su savo galingu akumuliatoriumi ir Mesh Coil technologija ji nuolat tiekia tank\u0173 gar\u0105 ir intensyv\u0173 skon\u012f \u2013 ypa\u010d bra\u0161k\u0117s ir arb\u016bzo skoniu, kuris gaiviai lieka ant lie\u017euvio.<\/p>\n<p class=\"\" data-start=\"1824\" data-end=\"1960\">Prieinama vapingnet.de \u2013 visi\u0161kai be muito ir su greitu pristatymu per 7 iki 15 darbo dien\u0173.<\/p>\n<p class=\"\" data-start=\"1962\" data-end=\"2045\">Idealiai tinka visiems, kurie nenori atsisakyti kokyb\u0117s, funkcionalumo ir stiliaus.<\/p>","protected":false},"excerpt":{"rendered":"<p>ELF BOX Digital 12000 \u2013 Leistungsstark &amp; Praktisch f\u00fcr den Alltag Merkmal Details Modell ELF BOX Digital 12000 Z\u00fcge Bis zu 12.000 Puffs Coil Mesh&#8230;<\/p>","protected":false},"featured_media":6362,"template":"","meta":[],"etheme_brands":[],"product_brand":[100],"product_cat":[88,49,61],"product_tag":[],"class_list":{"0":"post-6357","1":"product","2":"type-product","3":"status-publish","4":"has-post-thumbnail","6":"product_brand-elf-box-vape","7":"product_cat-12k-vape","8":"product_cat-einweg-e-zigarette","9":"product_cat-f","11":"first","12":"instock","13":"shipping-taxable","14":"purchasable","15":"product-type-simple"},"yoast_head":"<!-- This site is optimized with the Yoast SEO plugin v26.5 - https:\/\/yoast.com\/wordpress\/plugins\/seo\/ -->\n<title>Kompakt &amp; Praktisch ELF BOX Digital 12000 Strawberry Watermelon F\u00fcr Unterwegs | Vapingnet.de<\/title>\n<meta name=\"description\" content=\"Entdecke Kompakt &amp; Praktisch ELF BOX Digital 12000 Strawberry Watermelon F\u00fcr Unterwegs bei vapingnet.de, \u25ba Gro\u00dfe Auswahl an Geschmacksrichtungen &amp; super g\u00fcnstig!\" \/>\n<meta name=\"robots\" content=\"index, follow, max-snippet:-1, max-image-preview:large, max-video-preview:-1\" \/>\n<link rel=\"canonical\" href=\"https:\/\/vapingnet.de\/lt\/vape\/kompakt-praktisch-elf-box-digital-12000-strawberry-watermelon-fuer-unterwegs\/\" \/>\n<meta property=\"og:locale\" content=\"lt_LT\" \/>\n<meta property=\"og:type\" content=\"article\" \/>\n<meta property=\"og:title\" content=\"Kompakt &amp; Praktisch ELF BOX Digital 12000 Strawberry Watermelon F\u00fcr Unterwegs | Vapingnet.de\" \/>\n<meta property=\"og:description\" content=\"Entdecke Kompakt &amp; Praktisch ELF BOX Digital 12000 Strawberry Watermelon F\u00fcr Unterwegs bei vapingnet.de, \u25ba Gro\u00dfe Auswahl an Geschmacksrichtungen &amp; super g\u00fcnstig!\" \/>\n<meta property=\"og:url\" content=\"https:\/\/vapingnet.de\/lt\/vape\/kompakt-praktisch-elf-box-digital-12000-strawberry-watermelon-fuer-unterwegs\/\" \/>\n<meta property=\"og:site_name\" content=\"Vapingnet.de\" \/>\n<meta property=\"article:publisher\" content=\"https:\/\/www.facebook.com\/vapingnetde\/\" \/>\n<meta property=\"article:modified_time\" content=\"2025-06-19T03:42:59+00:00\" \/>\n<meta property=\"og:image\" content=\"https:\/\/vapingnet.de\/wp-content\/uploads\/2025\/04\/Strawberry-Watermelon-1.webp\" \/>\n\t<meta property=\"og:image:width\" content=\"1000\" \/>\n\t<meta property=\"og:image:height\" content=\"1000\" \/>\n\t<meta property=\"og:image:type\" content=\"image\/webp\" \/>\n<meta name=\"twitter:card\" content=\"summary_large_image\" \/>\n<meta name=\"twitter:label1\" content=\"Est. reading time\" \/>\n\t<meta name=\"twitter:data1\" content=\"2 minutes\" \/>\n<script type=\"application\/ld+json\" class=\"yoast-schema-graph\">{\"@context\":\"https:\/\/schema.org\",\"@graph\":[{\"@type\":\"WebPage\",\"@id\":\"https:\/\/vapingnet.de\/vape\/kompakt-praktisch-elf-box-digital-12000-strawberry-watermelon-fuer-unterwegs\/\",\"url\":\"https:\/\/vapingnet.de\/vape\/kompakt-praktisch-elf-box-digital-12000-strawberry-watermelon-fuer-unterwegs\/\",\"name\":\"Kompakt & Praktisch ELF BOX Digital 12000 Strawberry Watermelon F\u00fcr Unterwegs | Vapingnet.de\",\"isPartOf\":{\"@id\":\"https:\/\/vapingnet.de\/#website\"},\"primaryImageOfPage\":{\"@id\":\"https:\/\/vapingnet.de\/vape\/kompakt-praktisch-elf-box-digital-12000-strawberry-watermelon-fuer-unterwegs\/#primaryimage\"},\"image\":{\"@id\":\"https:\/\/vapingnet.de\/vape\/kompakt-praktisch-elf-box-digital-12000-strawberry-watermelon-fuer-unterwegs\/#primaryimage\"},\"thumbnailUrl\":\"https:\/\/vapingnet.de\/wp-content\/uploads\/2025\/04\/Strawberry-Watermelon-1.webp\",\"datePublished\":\"2025-04-15T06:36:56+00:00\",\"dateModified\":\"2025-06-19T03:42:59+00:00\",\"description\":\"Entdecke Kompakt & Praktisch ELF BOX Digital 12000 Strawberry Watermelon F\u00fcr Unterwegs bei vapingnet.de, \u25ba Gro\u00dfe Auswahl an Geschmacksrichtungen & super g\u00fcnstig!\",\"breadcrumb\":{\"@id\":\"https:\/\/vapingnet.de\/vape\/kompakt-praktisch-elf-box-digital-12000-strawberry-watermelon-fuer-unterwegs\/#breadcrumb\"},\"inLanguage\":\"lt-LT\",\"potentialAction\":[{\"@type\":\"ReadAction\",\"target\":[\"https:\/\/vapingnet.de\/vape\/kompakt-praktisch-elf-box-digital-12000-strawberry-watermelon-fuer-unterwegs\/\"]}]},{\"@type\":\"ImageObject\",\"inLanguage\":\"lt-LT\",\"@id\":\"https:\/\/vapingnet.de\/vape\/kompakt-praktisch-elf-box-digital-12000-strawberry-watermelon-fuer-unterwegs\/#primaryimage\",\"url\":\"https:\/\/vapingnet.de\/wp-content\/uploads\/2025\/04\/Strawberry-Watermelon-1.webp\",\"contentUrl\":\"https:\/\/vapingnet.de\/wp-content\/uploads\/2025\/04\/Strawberry-Watermelon-1.webp\",\"width\":1000,\"height\":1000},{\"@type\":\"BreadcrumbList\",\"@id\":\"https:\/\/vapingnet.de\/vape\/kompakt-praktisch-elf-box-digital-12000-strawberry-watermelon-fuer-unterwegs\/#breadcrumb\",\"itemListElement\":[{\"@type\":\"ListItem\",\"position\":1,\"name\":\"Home\",\"item\":\"https:\/\/vapingnet.de\/\"},{\"@type\":\"ListItem\",\"position\":2,\"name\":\"Shop\",\"item\":\"https:\/\/vapingnet.de\/vape\/\"},{\"@type\":\"ListItem\",\"position\":3,\"name\":\"Kompakt &#038; Praktisch ELF BOX Digital 12000 Strawberry Watermelon F\u00fcr Unterwegs\"}]},{\"@type\":\"WebSite\",\"@id\":\"https:\/\/vapingnet.de\/#website\",\"url\":\"https:\/\/vapingnet.de\/\",\"name\":\"Vapingnet.de\",\"description\":\"\",\"publisher\":{\"@id\":\"https:\/\/vapingnet.de\/#organization\"},\"potentialAction\":[{\"@type\":\"SearchAction\",\"target\":{\"@type\":\"EntryPoint\",\"urlTemplate\":\"https:\/\/vapingnet.de\/?s={search_term_string}\"},\"query-input\":{\"@type\":\"PropertyValueSpecification\",\"valueRequired\":true,\"valueName\":\"search_term_string\"}}],\"inLanguage\":\"lt-LT\"},{\"@type\":\"Organization\",\"@id\":\"https:\/\/vapingnet.de\/#organization\",\"name\":\"Vapingnet.de\",\"url\":\"https:\/\/vapingnet.de\/\",\"logo\":{\"@type\":\"ImageObject\",\"inLanguage\":\"lt-LT\",\"@id\":\"https:\/\/vapingnet.de\/#\/schema\/logo\/image\/\",\"url\":\"https:\/\/vapingnet.de\/wp-content\/uploads\/2025\/03\/cropped-vapingnet.de_.jpg\",\"contentUrl\":\"https:\/\/vapingnet.de\/wp-content\/uploads\/2025\/03\/cropped-vapingnet.de_.jpg\",\"width\":512,\"height\":512,\"caption\":\"Vapingnet.de\"},\"image\":{\"@id\":\"https:\/\/vapingnet.de\/#\/schema\/logo\/image\/\"},\"sameAs\":[\"https:\/\/www.facebook.com\/vapingnetde\/\"]}]}<\/script>\n<!-- \/ Yoast SEO plugin. -->","yoast_head_json":{"title":"Kompakt & Praktisch ELF BOX Digital 12000 Strawberry Watermelon F\u00fcr Unterwegs | Vapingnet.de","description":"Entdecke Kompakt & Praktisch ELF BOX Digital 12000 Strawberry Watermelon F\u00fcr Unterwegs bei vapingnet.de, \u25ba Gro\u00dfe Auswahl an Geschmacksrichtungen & super g\u00fcnstig!","robots":{"index":"index","follow":"follow","max-snippet":"max-snippet:-1","max-image-preview":"max-image-preview:large","max-video-preview":"max-video-preview:-1"},"canonical":"https:\/\/vapingnet.de\/lt\/vape\/kompakt-praktisch-elf-box-digital-12000-strawberry-watermelon-fuer-unterwegs\/","og_locale":"lt_LT","og_type":"article","og_title":"Kompakt & Praktisch ELF BOX Digital 12000 Strawberry Watermelon F\u00fcr Unterwegs | Vapingnet.de","og_description":"Entdecke Kompakt & Praktisch ELF BOX Digital 12000 Strawberry Watermelon F\u00fcr Unterwegs bei vapingnet.de, \u25ba Gro\u00dfe Auswahl an Geschmacksrichtungen & super g\u00fcnstig!","og_url":"https:\/\/vapingnet.de\/lt\/vape\/kompakt-praktisch-elf-box-digital-12000-strawberry-watermelon-fuer-unterwegs\/","og_site_name":"Vapingnet.de","article_publisher":"https:\/\/www.facebook.com\/vapingnetde\/","article_modified_time":"2025-06-19T03:42:59+00:00","og_image":[{"width":1000,"height":1000,"url":"https:\/\/vapingnet.de\/wp-content\/uploads\/2025\/04\/Strawberry-Watermelon-1.webp","type":"image\/webp"}],"twitter_card":"summary_large_image","twitter_misc":{"Est. reading time":"2 minutes"},"schema":{"@context":"https:\/\/schema.org","@graph":[{"@type":"WebPage","@id":"https:\/\/vapingnet.de\/vape\/kompakt-praktisch-elf-box-digital-12000-strawberry-watermelon-fuer-unterwegs\/","url":"https:\/\/vapingnet.de\/vape\/kompakt-praktisch-elf-box-digital-12000-strawberry-watermelon-fuer-unterwegs\/","name":"Kompakt & Praktisch ELF BOX Digital 12000 Strawberry Watermelon F\u00fcr Unterwegs | Vapingnet.de","isPartOf":{"@id":"https:\/\/vapingnet.de\/#website"},"primaryImageOfPage":{"@id":"https:\/\/vapingnet.de\/vape\/kompakt-praktisch-elf-box-digital-12000-strawberry-watermelon-fuer-unterwegs\/#primaryimage"},"image":{"@id":"https:\/\/vapingnet.de\/vape\/kompakt-praktisch-elf-box-digital-12000-strawberry-watermelon-fuer-unterwegs\/#primaryimage"},"thumbnailUrl":"https:\/\/vapingnet.de\/wp-content\/uploads\/2025\/04\/Strawberry-Watermelon-1.webp","datePublished":"2025-04-15T06:36:56+00:00","dateModified":"2025-06-19T03:42:59+00:00","description":"Entdecke Kompakt & Praktisch ELF BOX Digital 12000 Strawberry Watermelon F\u00fcr Unterwegs bei vapingnet.de, \u25ba Gro\u00dfe Auswahl an Geschmacksrichtungen & super g\u00fcnstig!","breadcrumb":{"@id":"https:\/\/vapingnet.de\/vape\/kompakt-praktisch-elf-box-digital-12000-strawberry-watermelon-fuer-unterwegs\/#breadcrumb"},"inLanguage":"lt-LT","potentialAction":[{"@type":"ReadAction","target":["https:\/\/vapingnet.de\/vape\/kompakt-praktisch-elf-box-digital-12000-strawberry-watermelon-fuer-unterwegs\/"]}]},{"@type":"ImageObject","inLanguage":"lt-LT","@id":"https:\/\/vapingnet.de\/vape\/kompakt-praktisch-elf-box-digital-12000-strawberry-watermelon-fuer-unterwegs\/#primaryimage","url":"https:\/\/vapingnet.de\/wp-content\/uploads\/2025\/04\/Strawberry-Watermelon-1.webp","contentUrl":"https:\/\/vapingnet.de\/wp-content\/uploads\/2025\/04\/Strawberry-Watermelon-1.webp","width":1000,"height":1000},{"@type":"BreadcrumbList","@id":"https:\/\/vapingnet.de\/vape\/kompakt-praktisch-elf-box-digital-12000-strawberry-watermelon-fuer-unterwegs\/#breadcrumb","itemListElement":[{"@type":"ListItem","position":1,"name":"Home","item":"https:\/\/vapingnet.de\/"},{"@type":"ListItem","position":2,"name":"Shop","item":"https:\/\/vapingnet.de\/vape\/"},{"@type":"ListItem","position":3,"name":"Kompakt &#038; Praktisch ELF BOX Digital 12000 Strawberry Watermelon F\u00fcr Unterwegs"}]},{"@type":"WebSite","@id":"https:\/\/vapingnet.de\/#website","url":"https:\/\/vapingnet.de\/","name":"Vapingnet.de","description":"","publisher":{"@id":"https:\/\/vapingnet.de\/#organization"},"potentialAction":[{"@type":"SearchAction","target":{"@type":"EntryPoint","urlTemplate":"https:\/\/vapingnet.de\/?s={search_term_string}"},"query-input":{"@type":"PropertyValueSpecification","valueRequired":true,"valueName":"search_term_string"}}],"inLanguage":"lt-LT"},{"@type":"Organization","@id":"https:\/\/vapingnet.de\/#organization","name":"Vapingnet.de","url":"https:\/\/vapingnet.de\/","logo":{"@type":"ImageObject","inLanguage":"lt-LT","@id":"https:\/\/vapingnet.de\/#\/schema\/logo\/image\/","url":"https:\/\/vapingnet.de\/wp-content\/uploads\/2025\/03\/cropped-vapingnet.de_.jpg","contentUrl":"https:\/\/vapingnet.de\/wp-content\/uploads\/2025\/03\/cropped-vapingnet.de_.jpg","width":512,"height":512,"caption":"Vapingnet.de"},"image":{"@id":"https:\/\/vapingnet.de\/#\/schema\/logo\/image\/"},"sameAs":["https:\/\/www.facebook.com\/vapingnetde\/"]}]}},"tiered_pricing_type":"fixed","tiered_pricing_fixed_rules":{"10":"7.78","60":"7.00","110":"6.22","200":"5.45"},"tiered_pricing_product_settings":{"layout":"default","base_unit_name":{"singular":null,"plural":null},"default_variation":null},"tiered_pricing_minimum_quantity":null,"tiered_pricing_roles_data":[],"tiered_pricing_percentage_rules":[],"_links":{"self":[{"href":"https:\/\/vapingnet.de\/lt\/wp-json\/wp\/v2\/product\/6357","targetHints":{"allow":["GET"]}}],"collection":[{"href":"https:\/\/vapingnet.de\/lt\/wp-json\/wp\/v2\/product"}],"about":[{"href":"https:\/\/vapingnet.de\/lt\/wp-json\/wp\/v2\/types\/product"}],"version-history":[{"count":1,"href":"https:\/\/vapingnet.de\/lt\/wp-json\/wp\/v2\/product\/6357\/revisions"}],"predecessor-version":[{"id":6369,"href":"https:\/\/vapingnet.de\/lt\/wp-json\/wp\/v2\/product\/6357\/revisions\/6369"}],"wp:featuredmedia":[{"embeddable":true,"href":"https:\/\/vapingnet.de\/lt\/wp-json\/wp\/v2\/media\/6362"}],"wp:attachment":[{"href":"https:\/\/vapingnet.de\/lt\/wp-json\/wp\/v2\/media?parent=6357"}],"wp:term":[{"taxonomy":"brand","embeddable":true,"href":"https:\/\/vapingnet.de\/lt\/wp-json\/wp\/v2\/etheme_brands?post=6357"},{"taxonomy":"product_brand","embeddable":true,"href":"https:\/\/vapingnet.de\/lt\/wp-json\/wp\/v2\/product_brand?post=6357"},{"taxonomy":"product_cat","embeddable":true,"href":"https:\/\/vapingnet.de\/lt\/wp-json\/wp\/v2\/product_cat?post=6357"},{"taxonomy":"product_tag","embeddable":true,"href":"https:\/\/vapingnet.de\/lt\/wp-json\/wp\/v2\/product_tag?post=6357"}],"curies":[{"name":"wp","href":"https:\/\/api.w.org\/{rel}","templated":true}]}}