{"id":6359,"date":"2025-04-15T06:36:59","date_gmt":"2025-04-15T06:36:59","guid":{"rendered":"https:\/\/vapingnet.de\/?post_type=product&#038;p=6359"},"modified":"2025-06-19T03:42:59","modified_gmt":"2025-06-19T03:42:59","slug":"global-erhaeltlich-elf-box-digital-12000-mit-blue-razz-ice-jetzt-sichern","status":"publish","type":"product","link":"https:\/\/vapingnet.de\/lt\/vape\/global-erhaeltlich-elf-box-digital-12000-mit-blue-razz-ice-jetzt-sichern\/","title":{"rendered":"Globaliai prieinama ELF BOX Digital 12000 Su Blue Razz Ice Dabar U\u017esisakykite"},"content":{"rendered":"<p class=\"\" data-start=\"0\" data-end=\"414\" data-immersive-translate-paragraph=\"1\" data-immersive-translate-walked=\"e8a04ac8-c42a-45a8-a081-f17e1afdf686\">ELF BOX Digital 12000 yra vienkartin\u0117 elektronin\u0117 cigaret\u0117, kuri ne tik nustebina savo \u012fsp\u016bdingu na\u0161umu, bet ir apgalvotu dizainu bei patogumu naudoti. Su talpa iki 12 000 \u012fkv\u0117pim\u0173 ji suteikia ilgalaik\u0119 garinimo patirt\u012f, kuri d\u017eiugina vis\u0105 dien\u0105. Idealiai tinka visiems, kurie ie\u0161ko patikimos, skoningos garinimo patirties.<\/p>\n<h2 data-start=\"416\" data-end=\"471\" data-immersive-translate-walked=\"e8a04ac8-c42a-45a8-a081-f17e1afdf686\" data-immersive-translate-paragraph=\"1\">ELF BOX Digital 12000 technin\u0117s savyb\u0117s:<\/h2>\n<ul data-start=\"473\" data-end=\"1472\">\n<li class=\"\" data-start=\"473\" data-end=\"549\">\n<p class=\"\" data-start=\"475\" data-end=\"549\" data-immersive-translate-walked=\"e8a04ac8-c42a-45a8-a081-f17e1afdf686\" data-immersive-translate-paragraph=\"1\">\u012ekv\u0117pimai: iki 12 000 \u012fkv\u0117pim\u0173 ypatingai ilgam naudojimui<\/p>\n<\/li>\n<li class=\"\" data-start=\"550\" data-end=\"642\">\n<p class=\"\" data-start=\"552\" data-end=\"642\" data-immersive-translate-walked=\"e8a04ac8-c42a-45a8-a081-f17e1afdf686\" data-immersive-translate-paragraph=\"1\">Vamzdelis: Tinklinis Vamzdelis 0,8 Ohm \u2013 u\u017etikrina tolyg\u0173 gar\u0105 ir intensyv\u0173 skon\u012f<\/p>\n<\/li>\n<li class=\"\" data-start=\"643\" data-end=\"698\">\n<p class=\"\" data-start=\"645\" data-end=\"698\" data-immersive-translate-walked=\"e8a04ac8-c42a-45a8-a081-f17e1afdf686\" data-immersive-translate-paragraph=\"1\">E-liquidas: 25 ml ilgalaikiam malonumui<\/p>\n<\/li>\n<li class=\"\" data-start=\"699\" data-end=\"821\">\n<p class=\"\" data-start=\"701\" data-end=\"821\" data-immersive-translate-walked=\"e8a04ac8-c42a-45a8-a081-f17e1afdf686\" data-immersive-translate-paragraph=\"1\">Nikotinas: prieinamas stiprumuose 0%, 2%, 3% ir 5% \u2013 individualiam pasirinkimui pagal pageidavimus<\/p>\n<\/li>\n<li class=\"\" data-start=\"822\" data-end=\"907\">\n<p class=\"\" data-start=\"824\" data-end=\"907\" data-immersive-translate-walked=\"e8a04ac8-c42a-45a8-a081-f17e1afdf686\" data-immersive-translate-paragraph=\"1\">Baterija: 500 mAh, ilgas tarnavimo laikas ir greitas \u012fkrovimas per USB-C<\/p>\n<\/li>\n<li class=\"\" data-start=\"908\" data-end=\"1048\">\n<p class=\"\" data-start=\"910\" data-end=\"1048\" data-immersive-translate-walked=\"e8a04ac8-c42a-45a8-a081-f17e1afdf686\" data-immersive-translate-paragraph=\"1\">Ekranas: Skaitmeninis rodiklis, rodantis baterijos ir skys\u010dio lyg\u012f \u2013 patogi funkcija, leid\u017eianti garintojui visada b\u016bti informuotam<\/p>\n<\/li>\n<li class=\"\" data-start=\"1049\" data-end=\"1130\">\n<p class=\"\" data-start=\"1051\" data-end=\"1130\" data-immersive-translate-walked=\"e8a04ac8-c42a-45a8-a081-f17e1afdf686\" data-immersive-translate-paragraph=\"1\">Svoris: 82 g, lengva ir kompakti\u0161ka, idealiai tinkama kasdieniam naudojimui<\/p>\n<\/li>\n<li class=\"\" data-start=\"1131\" data-end=\"1233\">\n<p class=\"\" data-start=\"1133\" data-end=\"1233\" data-immersive-translate-walked=\"e8a04ac8-c42a-45a8-a081-f17e1afdf686\" data-immersive-translate-paragraph=\"1\">Skonis: Blue Razz Ice \u2013 gaivinanti m\u0117lyni\u0173 ir ledinio malonumo mi\u0161inys<\/p>\n<\/li>\n<li class=\"\" data-start=\"1234\" data-end=\"1315\">\n<p class=\"\" data-start=\"1236\" data-end=\"1315\" data-immersive-translate-walked=\"e8a04ac8-c42a-45a8-a081-f17e1afdf686\" data-immersive-translate-paragraph=\"1\">Vienkartin\u0117 elektronin\u0117 cigaret\u0117: nereikia papildyti ar keisti dali\u0173<\/p>\n<\/li>\n<li class=\"\" data-start=\"1316\" data-end=\"1404\">\n<p class=\"\" data-start=\"1318\" data-end=\"1404\" data-immersive-translate-walked=\"e8a04ac8-c42a-45a8-a081-f17e1afdf686\" data-immersive-translate-paragraph=\"1\">Pristatymo laikas: 7-15 darbo dien\u0173 \u2013 greitas pristatymas tiesiai \u012f j\u016bs\u0173 namus<\/p>\n<\/li>\n<li class=\"\" data-start=\"1405\" data-end=\"1472\">\n<p class=\"\" data-start=\"1407\" data-end=\"1472\" data-immersive-translate-walked=\"e8a04ac8-c42a-45a8-a081-f17e1afdf686\" data-immersive-translate-paragraph=\"1\">Prana\u0161umas: muitin\u0117s nemokamas pristatymas tiesiogiai per vapingnet.de<\/p>\n<\/li>\n<\/ul>\n<h3>Unikali garinimo patirtis su ELF BOX Digital 12000<\/h3>\n<p class=\"\" data-start=\"1537\" data-end=\"2039\" data-immersive-translate-walked=\"e8a04ac8-c42a-45a8-a081-f17e1afdf686\" data-immersive-translate-paragraph=\"1\">ELF BOX Digital 12000 su savo tinklinio vamzdelio sistema ir dideliu E-liquido talpa yra ideali garintojams, ie\u0161kantiems ilgalaik\u0117s ir intensyvios garinimo patirties. Ypatingai i\u0161skirtinas yra skaitmeninis ekranas, kuris visada rodo dabartin\u0119 akumuliatoriaus ir skys\u010dio b\u016bsen\u0105. Taip niekada nereik\u0117s sp\u0117lioti, kada reik\u0117s papildyti ar \u012fkrauti. Su 500 mAh baterija \u0161i elektronin\u0117 cigaret\u0117 u\u017etikrina ilg\u0105 veikimo laik\u0105, kol reik\u0117s \u012fkrauti per USB-C.<\/p>\n<p class=\"\" data-start=\"2041\" data-end=\"2359\" data-immersive-translate-walked=\"e8a04ac8-c42a-45a8-a081-f17e1afdf686\" data-immersive-translate-paragraph=\"1\">Skonio pasirinkimas \u2013 Blue Razz Ice \u2013 \u012fne\u0161a gaiv\u0173, vaisi\u0161k\u0105 ir lengvai ledin\u012f akcent\u0105 \u012f kiekvien\u0105 garinimo patirt\u012f, puikiai tinkan\u010di\u0105 \u0161iltiems dienoms ar kaip gaivus pertraukos momentas. D\u0117l lankst\u0173 nikotino variant\u0173 nuo 0% iki 5% galite pritaikyti savo garinimo patirt\u012f pagal savo norus.<\/p>\n<h4 data-start=\"2361\" data-end=\"2397\" data-immersive-translate-walked=\"e8a04ac8-c42a-45a8-a081-f17e1afdf686\" data-immersive-translate-paragraph=\"1\">Kod\u0117l verta rinktis ELF BOX Digital 12000?<\/h4>\n<p class=\"\" data-start=\"2399\" data-end=\"2829\" data-immersive-translate-walked=\"e8a04ac8-c42a-45a8-a081-f17e1afdf686\" data-immersive-translate-paragraph=\"1\">ELF BOX Digital 12000 si\u016blo visk\u0105, ko galima tik\u0117tis i\u0161 \u0161iuolaikin\u0117s vienkartin\u0117s elektronin\u0117s cigaret\u0117s. Ji sujungia ne\u012ftik\u0117tin\u0105 iki 12 000 \u012fkv\u0117pim\u0173 kiek\u012f, galing\u0105 baterij\u0105, patog\u0173 skaitmenin\u012f ekran\u0105 ir patog\u0173 naudoti dizain\u0105. Be to, garintojai gali m\u0117gautis patogumu, kad pristatymas yra muitin\u0117s nemokamas ir greitas, tiesiai \u012f j\u016bs\u0173 namus per vapingnet.de.<\/p>\n<p class=\"\" data-start=\"2831\" data-end=\"2997\" data-immersive-translate-walked=\"e8a04ac8-c42a-45a8-a081-f17e1afdf686\" data-immersive-translate-paragraph=\"1\">D\u0117l kompakti\u0161ko svorio \u2013 tik 82 g \u2013 ELF BOX Digital 12000 lengvai telpa \u012f bet kur\u012f krep\u0161\u012f ar ki\u0161en\u0119, tod\u0117l j\u0105 galima ne\u0161iotis kasdien arba keliaujant.<\/p>\n<h4 data-start=\"2999\" data-end=\"3041\" data-immersive-translate-walked=\"e8a04ac8-c42a-45a8-a081-f17e1afdf686\" data-immersive-translate-paragraph=\"1\">Optimalus pasirinkimas kiekvienam garintojui<\/h4>\n<p class=\"\" data-start=\"3043\" data-end=\"3497\" data-immersive-translate-walked=\"e8a04ac8-c42a-45a8-a081-f17e1afdf686\" data-immersive-translate-paragraph=\"1\">ELF BOX Digital 12000 yra puikus pasirinkimas d\u016bm\u0173 m\u0117g\u0117jams, ie\u0161kantiems patikimos, ilgaam\u017e\u0117s ir skoningos elektronin\u0117s cigaret\u0117s. Su ilga tarnavimo trukme, lankstiu nikotino stiprumu ir patogiu skaitmeniniu ekranu ji yra tobula visiems, kurie nori efektyvaus d\u016bmavimo patirties be daug pastang\u0173. \u012esigykite ELF BOX Digital 12000 jau \u0161iandien vapingnet.de ir m\u0117gaukit\u0117s Blue Razz Ice skoniu.<\/p>","protected":false},"excerpt":{"rendered":"<p>Die ELF BOX Digital 12000 ist eine Einweg-E-Zigarette, die nicht nur durch ihre beeindruckende Leistung, sondern auch durch ihr durchdachtes Design und ihre Benutzerfreundlichkeit \u00fcberzeugt&#8230;.<\/p>","protected":false},"featured_media":6364,"template":"","meta":[],"etheme_brands":[],"product_brand":[100],"product_cat":[88,49,61],"product_tag":[],"class_list":{"0":"post-6359","1":"product","2":"type-product","3":"status-publish","4":"has-post-thumbnail","6":"product_brand-elf-box-vape","7":"product_cat-12k-vape","8":"product_cat-einweg-e-zigarette","9":"product_cat-f","11":"first","12":"instock","13":"shipping-taxable","14":"purchasable","15":"product-type-simple"},"yoast_head":"<!-- This site is optimized with the Yoast SEO plugin v26.5 - https:\/\/yoast.com\/wordpress\/plugins\/seo\/ -->\n<title>Global Erh\u00e4ltlich ELF BOX Digital 12000 Mit Blue Razz Ice Jetzt Sichern | Vapingnet.de<\/title>\n<meta name=\"description\" content=\"Entdecke Global Erh\u00e4ltlich ELF BOX Digital 12000 Mit Blue Razz Ice Jetzt Sichern bei vapingnet.de, \u25ba Gro\u00dfe Auswahl an Geschmacksrichtungen &amp; super g\u00fcnstig!\" \/>\n<meta name=\"robots\" content=\"index, follow, max-snippet:-1, max-image-preview:large, max-video-preview:-1\" \/>\n<link rel=\"canonical\" href=\"https:\/\/vapingnet.de\/lt\/vape\/global-erhaeltlich-elf-box-digital-12000-mit-blue-razz-ice-jetzt-sichern\/\" \/>\n<meta property=\"og:locale\" content=\"lt_LT\" \/>\n<meta property=\"og:type\" content=\"article\" \/>\n<meta property=\"og:title\" content=\"Global Erh\u00e4ltlich ELF BOX Digital 12000 Mit Blue Razz Ice Jetzt Sichern | Vapingnet.de\" \/>\n<meta property=\"og:description\" content=\"Entdecke Global Erh\u00e4ltlich ELF BOX Digital 12000 Mit Blue Razz Ice Jetzt Sichern bei vapingnet.de, \u25ba Gro\u00dfe Auswahl an Geschmacksrichtungen &amp; super g\u00fcnstig!\" \/>\n<meta property=\"og:url\" content=\"https:\/\/vapingnet.de\/lt\/vape\/global-erhaeltlich-elf-box-digital-12000-mit-blue-razz-ice-jetzt-sichern\/\" \/>\n<meta property=\"og:site_name\" content=\"Vapingnet.de\" \/>\n<meta property=\"article:publisher\" content=\"https:\/\/www.facebook.com\/vapingnetde\/\" \/>\n<meta property=\"article:modified_time\" content=\"2025-06-19T03:42:59+00:00\" \/>\n<meta property=\"og:image\" content=\"https:\/\/vapingnet.de\/wp-content\/uploads\/2025\/04\/Blue-Razz-ice-1.webp\" \/>\n\t<meta property=\"og:image:width\" content=\"1000\" \/>\n\t<meta property=\"og:image:height\" content=\"1000\" \/>\n\t<meta property=\"og:image:type\" content=\"image\/webp\" \/>\n<meta name=\"twitter:card\" content=\"summary_large_image\" \/>\n<meta name=\"twitter:label1\" content=\"Est. reading time\" \/>\n\t<meta name=\"twitter:data1\" content=\"3 minutes\" \/>\n<script type=\"application\/ld+json\" class=\"yoast-schema-graph\">{\"@context\":\"https:\/\/schema.org\",\"@graph\":[{\"@type\":\"WebPage\",\"@id\":\"https:\/\/vapingnet.de\/vape\/global-erhaeltlich-elf-box-digital-12000-mit-blue-razz-ice-jetzt-sichern\/\",\"url\":\"https:\/\/vapingnet.de\/vape\/global-erhaeltlich-elf-box-digital-12000-mit-blue-razz-ice-jetzt-sichern\/\",\"name\":\"Global Erh\u00e4ltlich ELF BOX Digital 12000 Mit Blue Razz Ice Jetzt Sichern | Vapingnet.de\",\"isPartOf\":{\"@id\":\"https:\/\/vapingnet.de\/#website\"},\"primaryImageOfPage\":{\"@id\":\"https:\/\/vapingnet.de\/vape\/global-erhaeltlich-elf-box-digital-12000-mit-blue-razz-ice-jetzt-sichern\/#primaryimage\"},\"image\":{\"@id\":\"https:\/\/vapingnet.de\/vape\/global-erhaeltlich-elf-box-digital-12000-mit-blue-razz-ice-jetzt-sichern\/#primaryimage\"},\"thumbnailUrl\":\"https:\/\/vapingnet.de\/wp-content\/uploads\/2025\/04\/Blue-Razz-ice-1.webp\",\"datePublished\":\"2025-04-15T06:36:59+00:00\",\"dateModified\":\"2025-06-19T03:42:59+00:00\",\"description\":\"Entdecke Global Erh\u00e4ltlich ELF BOX Digital 12000 Mit Blue Razz Ice Jetzt Sichern bei vapingnet.de, \u25ba Gro\u00dfe Auswahl an Geschmacksrichtungen & super g\u00fcnstig!\",\"breadcrumb\":{\"@id\":\"https:\/\/vapingnet.de\/vape\/global-erhaeltlich-elf-box-digital-12000-mit-blue-razz-ice-jetzt-sichern\/#breadcrumb\"},\"inLanguage\":\"lt-LT\",\"potentialAction\":[{\"@type\":\"ReadAction\",\"target\":[\"https:\/\/vapingnet.de\/vape\/global-erhaeltlich-elf-box-digital-12000-mit-blue-razz-ice-jetzt-sichern\/\"]}]},{\"@type\":\"ImageObject\",\"inLanguage\":\"lt-LT\",\"@id\":\"https:\/\/vapingnet.de\/vape\/global-erhaeltlich-elf-box-digital-12000-mit-blue-razz-ice-jetzt-sichern\/#primaryimage\",\"url\":\"https:\/\/vapingnet.de\/wp-content\/uploads\/2025\/04\/Blue-Razz-ice-1.webp\",\"contentUrl\":\"https:\/\/vapingnet.de\/wp-content\/uploads\/2025\/04\/Blue-Razz-ice-1.webp\",\"width\":1000,\"height\":1000},{\"@type\":\"BreadcrumbList\",\"@id\":\"https:\/\/vapingnet.de\/vape\/global-erhaeltlich-elf-box-digital-12000-mit-blue-razz-ice-jetzt-sichern\/#breadcrumb\",\"itemListElement\":[{\"@type\":\"ListItem\",\"position\":1,\"name\":\"Home\",\"item\":\"https:\/\/vapingnet.de\/\"},{\"@type\":\"ListItem\",\"position\":2,\"name\":\"Shop\",\"item\":\"https:\/\/vapingnet.de\/vape\/\"},{\"@type\":\"ListItem\",\"position\":3,\"name\":\"Global Erh\u00e4ltlich ELF BOX Digital 12000 Mit Blue Razz Ice Jetzt Sichern\"}]},{\"@type\":\"WebSite\",\"@id\":\"https:\/\/vapingnet.de\/#website\",\"url\":\"https:\/\/vapingnet.de\/\",\"name\":\"Vapingnet.de\",\"description\":\"\",\"publisher\":{\"@id\":\"https:\/\/vapingnet.de\/#organization\"},\"potentialAction\":[{\"@type\":\"SearchAction\",\"target\":{\"@type\":\"EntryPoint\",\"urlTemplate\":\"https:\/\/vapingnet.de\/?s={search_term_string}\"},\"query-input\":{\"@type\":\"PropertyValueSpecification\",\"valueRequired\":true,\"valueName\":\"search_term_string\"}}],\"inLanguage\":\"lt-LT\"},{\"@type\":\"Organization\",\"@id\":\"https:\/\/vapingnet.de\/#organization\",\"name\":\"Vapingnet.de\",\"url\":\"https:\/\/vapingnet.de\/\",\"logo\":{\"@type\":\"ImageObject\",\"inLanguage\":\"lt-LT\",\"@id\":\"https:\/\/vapingnet.de\/#\/schema\/logo\/image\/\",\"url\":\"https:\/\/vapingnet.de\/wp-content\/uploads\/2025\/03\/cropped-vapingnet.de_.jpg\",\"contentUrl\":\"https:\/\/vapingnet.de\/wp-content\/uploads\/2025\/03\/cropped-vapingnet.de_.jpg\",\"width\":512,\"height\":512,\"caption\":\"Vapingnet.de\"},\"image\":{\"@id\":\"https:\/\/vapingnet.de\/#\/schema\/logo\/image\/\"},\"sameAs\":[\"https:\/\/www.facebook.com\/vapingnetde\/\"]}]}<\/script>\n<!-- \/ Yoast SEO plugin. -->","yoast_head_json":{"title":"Global Erh\u00e4ltlich ELF BOX Digital 12000 Mit Blue Razz Ice Jetzt Sichern | Vapingnet.de","description":"Entdecke Global Erh\u00e4ltlich ELF BOX Digital 12000 Mit Blue Razz Ice Jetzt Sichern bei vapingnet.de, \u25ba Gro\u00dfe Auswahl an Geschmacksrichtungen & super g\u00fcnstig!","robots":{"index":"index","follow":"follow","max-snippet":"max-snippet:-1","max-image-preview":"max-image-preview:large","max-video-preview":"max-video-preview:-1"},"canonical":"https:\/\/vapingnet.de\/lt\/vape\/global-erhaeltlich-elf-box-digital-12000-mit-blue-razz-ice-jetzt-sichern\/","og_locale":"lt_LT","og_type":"article","og_title":"Global Erh\u00e4ltlich ELF BOX Digital 12000 Mit Blue Razz Ice Jetzt Sichern | Vapingnet.de","og_description":"Entdecke Global Erh\u00e4ltlich ELF BOX Digital 12000 Mit Blue Razz Ice Jetzt Sichern bei vapingnet.de, \u25ba Gro\u00dfe Auswahl an Geschmacksrichtungen & super g\u00fcnstig!","og_url":"https:\/\/vapingnet.de\/lt\/vape\/global-erhaeltlich-elf-box-digital-12000-mit-blue-razz-ice-jetzt-sichern\/","og_site_name":"Vapingnet.de","article_publisher":"https:\/\/www.facebook.com\/vapingnetde\/","article_modified_time":"2025-06-19T03:42:59+00:00","og_image":[{"width":1000,"height":1000,"url":"https:\/\/vapingnet.de\/wp-content\/uploads\/2025\/04\/Blue-Razz-ice-1.webp","type":"image\/webp"}],"twitter_card":"summary_large_image","twitter_misc":{"Est. reading time":"3 minutes"},"schema":{"@context":"https:\/\/schema.org","@graph":[{"@type":"WebPage","@id":"https:\/\/vapingnet.de\/vape\/global-erhaeltlich-elf-box-digital-12000-mit-blue-razz-ice-jetzt-sichern\/","url":"https:\/\/vapingnet.de\/vape\/global-erhaeltlich-elf-box-digital-12000-mit-blue-razz-ice-jetzt-sichern\/","name":"Global Erh\u00e4ltlich ELF BOX Digital 12000 Mit Blue Razz Ice Jetzt Sichern | Vapingnet.de","isPartOf":{"@id":"https:\/\/vapingnet.de\/#website"},"primaryImageOfPage":{"@id":"https:\/\/vapingnet.de\/vape\/global-erhaeltlich-elf-box-digital-12000-mit-blue-razz-ice-jetzt-sichern\/#primaryimage"},"image":{"@id":"https:\/\/vapingnet.de\/vape\/global-erhaeltlich-elf-box-digital-12000-mit-blue-razz-ice-jetzt-sichern\/#primaryimage"},"thumbnailUrl":"https:\/\/vapingnet.de\/wp-content\/uploads\/2025\/04\/Blue-Razz-ice-1.webp","datePublished":"2025-04-15T06:36:59+00:00","dateModified":"2025-06-19T03:42:59+00:00","description":"Entdecke Global Erh\u00e4ltlich ELF BOX Digital 12000 Mit Blue Razz Ice Jetzt Sichern bei vapingnet.de, \u25ba Gro\u00dfe Auswahl an Geschmacksrichtungen & super g\u00fcnstig!","breadcrumb":{"@id":"https:\/\/vapingnet.de\/vape\/global-erhaeltlich-elf-box-digital-12000-mit-blue-razz-ice-jetzt-sichern\/#breadcrumb"},"inLanguage":"lt-LT","potentialAction":[{"@type":"ReadAction","target":["https:\/\/vapingnet.de\/vape\/global-erhaeltlich-elf-box-digital-12000-mit-blue-razz-ice-jetzt-sichern\/"]}]},{"@type":"ImageObject","inLanguage":"lt-LT","@id":"https:\/\/vapingnet.de\/vape\/global-erhaeltlich-elf-box-digital-12000-mit-blue-razz-ice-jetzt-sichern\/#primaryimage","url":"https:\/\/vapingnet.de\/wp-content\/uploads\/2025\/04\/Blue-Razz-ice-1.webp","contentUrl":"https:\/\/vapingnet.de\/wp-content\/uploads\/2025\/04\/Blue-Razz-ice-1.webp","width":1000,"height":1000},{"@type":"BreadcrumbList","@id":"https:\/\/vapingnet.de\/vape\/global-erhaeltlich-elf-box-digital-12000-mit-blue-razz-ice-jetzt-sichern\/#breadcrumb","itemListElement":[{"@type":"ListItem","position":1,"name":"Home","item":"https:\/\/vapingnet.de\/"},{"@type":"ListItem","position":2,"name":"Shop","item":"https:\/\/vapingnet.de\/vape\/"},{"@type":"ListItem","position":3,"name":"Global Erh\u00e4ltlich ELF BOX Digital 12000 Mit Blue Razz Ice Jetzt Sichern"}]},{"@type":"WebSite","@id":"https:\/\/vapingnet.de\/#website","url":"https:\/\/vapingnet.de\/","name":"Vapingnet.de","description":"","publisher":{"@id":"https:\/\/vapingnet.de\/#organization"},"potentialAction":[{"@type":"SearchAction","target":{"@type":"EntryPoint","urlTemplate":"https:\/\/vapingnet.de\/?s={search_term_string}"},"query-input":{"@type":"PropertyValueSpecification","valueRequired":true,"valueName":"search_term_string"}}],"inLanguage":"lt-LT"},{"@type":"Organization","@id":"https:\/\/vapingnet.de\/#organization","name":"Vapingnet.de","url":"https:\/\/vapingnet.de\/","logo":{"@type":"ImageObject","inLanguage":"lt-LT","@id":"https:\/\/vapingnet.de\/#\/schema\/logo\/image\/","url":"https:\/\/vapingnet.de\/wp-content\/uploads\/2025\/03\/cropped-vapingnet.de_.jpg","contentUrl":"https:\/\/vapingnet.de\/wp-content\/uploads\/2025\/03\/cropped-vapingnet.de_.jpg","width":512,"height":512,"caption":"Vapingnet.de"},"image":{"@id":"https:\/\/vapingnet.de\/#\/schema\/logo\/image\/"},"sameAs":["https:\/\/www.facebook.com\/vapingnetde\/"]}]}},"tiered_pricing_type":"fixed","tiered_pricing_fixed_rules":{"10":"7.78","60":"7.00","110":"6.22","200":"5.45"},"tiered_pricing_product_settings":{"layout":"default","base_unit_name":{"singular":null,"plural":null},"default_variation":null},"tiered_pricing_minimum_quantity":null,"tiered_pricing_roles_data":[],"tiered_pricing_percentage_rules":[],"_links":{"self":[{"href":"https:\/\/vapingnet.de\/lt\/wp-json\/wp\/v2\/product\/6359","targetHints":{"allow":["GET"]}}],"collection":[{"href":"https:\/\/vapingnet.de\/lt\/wp-json\/wp\/v2\/product"}],"about":[{"href":"https:\/\/vapingnet.de\/lt\/wp-json\/wp\/v2\/types\/product"}],"version-history":[{"count":1,"href":"https:\/\/vapingnet.de\/lt\/wp-json\/wp\/v2\/product\/6359\/revisions"}],"predecessor-version":[{"id":6371,"href":"https:\/\/vapingnet.de\/lt\/wp-json\/wp\/v2\/product\/6359\/revisions\/6371"}],"wp:featuredmedia":[{"embeddable":true,"href":"https:\/\/vapingnet.de\/lt\/wp-json\/wp\/v2\/media\/6364"}],"wp:attachment":[{"href":"https:\/\/vapingnet.de\/lt\/wp-json\/wp\/v2\/media?parent=6359"}],"wp:term":[{"taxonomy":"brand","embeddable":true,"href":"https:\/\/vapingnet.de\/lt\/wp-json\/wp\/v2\/etheme_brands?post=6359"},{"taxonomy":"product_brand","embeddable":true,"href":"https:\/\/vapingnet.de\/lt\/wp-json\/wp\/v2\/product_brand?post=6359"},{"taxonomy":"product_cat","embeddable":true,"href":"https:\/\/vapingnet.de\/lt\/wp-json\/wp\/v2\/product_cat?post=6359"},{"taxonomy":"product_tag","embeddable":true,"href":"https:\/\/vapingnet.de\/lt\/wp-json\/wp\/v2\/product_tag?post=6359"}],"curies":[{"name":"wp","href":"https:\/\/api.w.org\/{rel}","templated":true}]}}