{"id":6360,"date":"2025-04-15T06:37:12","date_gmt":"2025-04-15T06:37:12","guid":{"rendered":"https:\/\/vapingnet.de\/?post_type=product&#038;p=6360"},"modified":"2025-06-19T03:42:58","modified_gmt":"2025-06-19T03:42:58","slug":"elf-box-digital-12000-blueberry-sour-raspberry-einfache-anwendung-fruchtiger","status":"publish","type":"product","link":"https:\/\/vapingnet.de\/lt\/vape\/elf-box-digital-12000-blueberry-sour-raspberry-einfache-anwendung-fruchtiger\/","title":{"rendered":"ELF BOX Digital 12000 m\u0117lynosios aviet\u0117s r\u016bg\u0161tusios aviet\u0117s paprasta naudoti vaisinis"},"content":{"rendered":"<h2 data-start=\"0\" data-end=\"84\" data-immersive-translate-walked=\"6449fb85-98d9-4236-aea1-550e579cc31c\">ELF BOX Digital 12000 \u2013 Ideali vienkartin\u0117 elektronin\u0117 cigaret\u0117 reikalaujantiems vartotojams<\/h2>\n<p class=\"\" data-start=\"86\" data-end=\"384\" data-immersive-translate-walked=\"6449fb85-98d9-4236-aea1-550e579cc31c\" data-immersive-translate-paragraph=\"1\">ELF BOX Digital 12000 yra moderni vienkartin\u0117 elektronin\u0117 cigaret\u0117, sukurta specialiai vartotojams, ie\u0161kantiems ilgalaikio ir patogaus r\u016bkymo patirties. Ji sujungia inovatyvias technologijas su naudotojui draugi\u0161ka valdymo sistema ir garantuoja puik\u0173 veikim\u0105.<\/p>\n<h4>Techniniai duomenys<\/h4>\n<div class=\"pointer-events-none relative left-[50%]! flex w-[100cqw] translate-x-[-50%] justify-center *:pointer-events-auto\">\n<table class=\"min-w-full\" style=\"height: 409px;\" width=\"724\" data-start=\"45\" data-end=\"1069\">\n<thead data-start=\"45\" data-end=\"123\">\n<tr data-start=\"45\" data-end=\"123\">\n<th data-start=\"45\" data-end=\"68\"><strong data-start=\"47\" data-end=\"58\">Savyb\u0117<\/strong><\/th>\n<th data-start=\"68\" data-end=\"123\"><strong data-start=\"70\" data-end=\"81\">Detal\u0117s<\/strong><\/th>\n<\/tr>\n<\/thead>\n<tbody data-start=\"203\" data-end=\"1069\">\n<tr data-start=\"203\" data-end=\"281\">\n<td class=\"max-w-[calc(var(--thread-content-max-width)*2\/3)]\" data-start=\"203\" data-end=\"226\"><strong data-start=\"205\" data-end=\"214\">P\u016bsl\u0173 skai\u010dius<\/strong><\/td>\n<td class=\"max-w-[calc(var(--thread-content-max-width)*2\/3)]\" data-start=\"226\" data-end=\"281\">12 000 \u012fkv\u0117pim\u0173<\/td>\n<\/tr>\n<tr data-start=\"282\" data-end=\"360\">\n<td class=\"max-w-[calc(var(--thread-content-max-width)*2\/3)]\" data-start=\"282\" data-end=\"305\"><strong data-start=\"284\" data-end=\"292\">Vamzdelis<\/strong><\/td>\n<td class=\"max-w-[calc(var(--thread-content-max-width)*2\/3)]\" data-start=\"305\" data-end=\"360\">Tinklelis Rit\u0117 (0,8 Ohm)<\/td>\n<\/tr>\n<tr data-start=\"361\" data-end=\"439\">\n<td class=\"max-w-[calc(var(--thread-content-max-width)*2\/3)]\" data-start=\"361\" data-end=\"384\"><strong data-start=\"363\" data-end=\"375\">E-skystis<\/strong><\/td>\n<td class=\"max-w-[calc(var(--thread-content-max-width)*2\/3)]\" data-start=\"384\" data-end=\"439\">25 ml<\/td>\n<\/tr>\n<tr data-start=\"440\" data-end=\"518\">\n<td class=\"max-w-[calc(var(--thread-content-max-width)*2\/3)]\" data-start=\"440\" data-end=\"463\"><strong data-start=\"442\" data-end=\"453\">Nikotin\u0105<\/strong><\/td>\n<td class=\"max-w-[calc(var(--thread-content-max-width)*2\/3)]\" data-start=\"463\" data-end=\"518\">0%, 2%, 3%, 5%<\/td>\n<\/tr>\n<tr data-start=\"519\" data-end=\"597\">\n<td class=\"max-w-[calc(var(--thread-content-max-width)*2\/3)]\" data-start=\"519\" data-end=\"542\"><strong data-start=\"521\" data-end=\"529\">Baterija<\/strong><\/td>\n<td class=\"max-w-[calc(var(--thread-content-max-width)*2\/3)]\" data-start=\"542\" data-end=\"597\">500 mAh<\/td>\n<\/tr>\n<tr data-start=\"598\" data-end=\"676\">\n<td class=\"max-w-[calc(var(--thread-content-max-width)*2\/3)]\" data-start=\"598\" data-end=\"621\"><strong data-start=\"600\" data-end=\"619\">\u012ekrovimo technologija<\/strong><\/td>\n<td class=\"max-w-[calc(var(--thread-content-max-width)*2\/3)]\" data-start=\"621\" data-end=\"676\">USB-C<\/td>\n<\/tr>\n<tr data-start=\"677\" data-end=\"754\">\n<td class=\"max-w-[calc(var(--thread-content-max-width)*2\/3)]\" data-start=\"677\" data-end=\"700\"><strong data-start=\"679\" data-end=\"699\">Skaitmeninis ekranas<\/strong><\/td>\n<td class=\"max-w-[calc(var(--thread-content-max-width)*2\/3)]\" data-start=\"700\" data-end=\"754\">Skys\u010dio ir akumuliatoriaus lygio indikatorius<\/td>\n<\/tr>\n<tr data-start=\"755\" data-end=\"833\">\n<td class=\"max-w-[calc(var(--thread-content-max-width)*2\/3)]\" data-start=\"755\" data-end=\"778\"><strong data-start=\"757\" data-end=\"768\">Svoris<\/strong><\/td>\n<td class=\"max-w-[calc(var(--thread-content-max-width)*2\/3)]\" data-start=\"778\" data-end=\"833\">82 g<\/td>\n<\/tr>\n<tr data-start=\"834\" data-end=\"911\">\n<td class=\"max-w-[calc(var(--thread-content-max-width)*2\/3)]\" data-start=\"834\" data-end=\"857\"><strong data-start=\"836\" data-end=\"849\">Skonis<\/strong><\/td>\n<td class=\"max-w-[calc(var(--thread-content-max-width)*2\/3)]\" data-start=\"857\" data-end=\"911\">M\u0117lyni\u0173 r\u016bg\u0161tusios aviet\u0117s<\/td>\n<\/tr>\n<tr data-start=\"912\" data-end=\"990\">\n<td class=\"max-w-[calc(var(--thread-content-max-width)*2\/3)]\" data-start=\"912\" data-end=\"935\"><strong data-start=\"914\" data-end=\"931\">Transportavimo laikas<\/strong><\/td>\n<td class=\"max-w-[calc(var(--thread-content-max-width)*2\/3)]\" data-start=\"935\" data-end=\"990\">7-15 darbo dien\u0173<\/td>\n<\/tr>\n<tr data-start=\"991\" data-end=\"1069\">\n<td class=\"max-w-[calc(var(--thread-content-max-width)*2\/3)]\" data-start=\"991\" data-end=\"1014\"><strong data-start=\"993\" data-end=\"1004\">Prana\u0161umas<\/strong><\/td>\n<td class=\"max-w-[calc(var(--thread-content-max-width)*2\/3)]\" data-start=\"1014\" data-end=\"1069\">Be muito<\/td>\n<\/tr>\n<\/tbody>\n<\/table>\n<\/div>\n<h3>Pagrindin\u0117s ELF BOX Digital 12000 savyb\u0117s<\/h3>\n<p>1. Didelis talpumas ilgesniam r\u016bkymui<\/p>\n<p>Su iki 12 000 \u012fkv\u0117pim\u0173, ELF BOX Digital 12000 yra pritaikyta ilgesniam naudojimui nei daugelis kit\u0173 vienkartini\u0173 elektronini\u0173 cigare\u010di\u0173. Tai rei\u0161kia, kad gal\u0117site m\u0117gautis ilgiau, nesir\u016bpindami papildymu ar da\u017enu keitimu.<\/p>\n<p>2. Tinklelis Rit\u0117 intensyviam skoniui<\/p>\n<p>Tinklelis Rit\u0117 (0,8 Ohm) u\u017etikrina tolyg\u0173 ir efektyv\u0173 elektroninio skys\u010dio garavim\u0105. \u0160i technologija optimizuoja skonio patirt\u012f, tolygiai paskirstydama gar\u0105 ir suteikdama intensyvesn\u012f aromat\u0105.<\/p>\n<p>3. Didelis elektroninio skys\u010dio talpumas<\/p>\n<p>Su 25 ml elektroninio skys\u010dio talpa, nereik\u0117s jaudintis, kad skystis greitai i\u0161seks. Tai leid\u017eia ilgiau m\u0117gautis r\u016bkymu ir suma\u017eina da\u017en\u0173 papildym\u0173 poreik\u012f.<\/p>\n<p>4. Naudotojui draugi\u0161kas skaitmeninis ekranas<\/p>\n<p>Skaitmeninis ekranas pateikia ai\u0161k\u0173 skys\u010dio ir akumuliatoriaus b\u016bsenos vaizd\u0105. J\u016bs bet kada galite pamatyti, kiek liko skys\u010dio ir kiek dar veikia akumuliatoriaus veikimo laikas, kas ypa\u010d patogu kasdieniam naudojimui.<\/p>\n<p>5. Greitas \u012fkrovimas su USB-C<\/p>\n<p>Integruotas 500 mAh akumuliatorius patogiai \u012fkraunamas per USB-C jungt\u012f, u\u017etikrinan\u010di\u0105 greit\u0105 \u012fkrovimo laik\u0105. Taigi ELF BOX Digital 12000 visada greitai v\u0117l paruo\u0161ta naudoti.<\/p>\n<h4 data-start=\"2976\" data-end=\"3028\" data-immersive-translate-walked=\"6449fb85-98d9-4236-aea1-550e579cc31c\" data-immersive-translate-paragraph=\"1\">Idealus skonis: m\u0117lyni\u0173 r\u016bg\u0161tusios aviet\u0117s<\/h4>\n<p class=\"\" data-start=\"3030\" data-end=\"3386\" data-immersive-translate-walked=\"6449fb85-98d9-4236-aea1-550e579cc31c\" data-immersive-translate-paragraph=\"1\">M\u0117lyni\u0173 r\u016bg\u0161tusios aviet\u0117s skonis jungia sald\u0173 prinokusi\u0173 m\u0117lyni\u0173 gaivum\u0105 su lengvai r\u016bg\u0161\u010diu avie\u010di\u0173 poskoniu. Rezultatas \u2013 unikalus, gaivus skonis, kuris u\u017etikrina maloni\u0105 ir ilgalaik\u0119 garinimo patirt\u012f. \u0160is skonis yra idealus tiems, kurie m\u0117gsta vaisinius ir sald\u017eiai r\u016bg\u0161\u010dius aromatus.<\/p>\n<h4 data-start=\"3388\" data-end=\"3443\" data-immersive-translate-walked=\"6449fb85-98d9-4236-aea1-550e579cc31c\" data-immersive-translate-paragraph=\"1\">Kod\u0117l verta pasirinkti ELF BOX Digital 12000?<\/h4>\n<p class=\"\" data-start=\"3445\" data-end=\"4043\" data-immersive-translate-walked=\"6449fb85-98d9-4236-aea1-550e579cc31c\" data-immersive-translate-paragraph=\"1\">ELF BOX Digital 12000 yra i\u0161skirtinis pasirinkimas visiems, kurie ie\u0161ko patikimos ir malonios garinimo patirties. Ji si\u016blo ne tik daug \u012fkv\u0117pimo, bet ir patog\u0173 skaitmenin\u012f ekran\u0105 bei greit\u0105 \u012fkrovimo funkcij\u0105. Su tinklo vielos technologija ir dideliu E-liquido talpa ji puikiai tinka garintojams, kurie nori ilgalaikio ir intensyvaus garinimo. U\u017esisakykite savo ELF BOX Digital 12000 per vapingnet.de, naudokit\u0117s muitin\u0117s nemokamu pristatymu ir m\u0117gaukit\u0117s greitu siuntimu per 7-15 darbo dien\u0173.<\/p>","protected":false},"excerpt":{"rendered":"<p>ELF BOX Digital 12000 \u2013 Die ideale Einweg-E-Zigarette f\u00fcr anspruchsvolle Dampfer Die ELF BOX Digital 12000 ist eine hochmoderne Einweg-E-Zigarette, die speziell f\u00fcr Dampfer entwickelt&#8230;<\/p>","protected":false},"featured_media":6365,"template":"","meta":[],"etheme_brands":[],"product_brand":[100],"product_cat":[88,49,61],"product_tag":[],"class_list":{"0":"post-6360","1":"product","2":"type-product","3":"status-publish","4":"has-post-thumbnail","6":"product_brand-elf-box-vape","7":"product_cat-12k-vape","8":"product_cat-einweg-e-zigarette","9":"product_cat-f","11":"first","12":"instock","13":"shipping-taxable","14":"purchasable","15":"product-type-simple"},"yoast_head":"<!-- This site is optimized with the Yoast SEO plugin v26.5 - https:\/\/yoast.com\/wordpress\/plugins\/seo\/ -->\n<title>ELF BOX Digital 12000 Blueberry Sour Raspberry Einfache Anwendung Fruchtiger | Vapingnet.de<\/title>\n<meta name=\"description\" content=\"Entdecke ELF BOX Digital 12000 Blueberry Sour Raspberry Einfache Anwendung Fruchtiger bei vapingnet.de, \u25ba Gro\u00dfe Auswahl an Geschmacksrichtungen &amp; super g\u00fcnstig!\" \/>\n<meta name=\"robots\" content=\"index, follow, max-snippet:-1, max-image-preview:large, max-video-preview:-1\" \/>\n<link rel=\"canonical\" href=\"https:\/\/vapingnet.de\/lt\/vape\/elf-box-digital-12000-blueberry-sour-raspberry-einfache-anwendung-fruchtiger\/\" \/>\n<meta property=\"og:locale\" content=\"lt_LT\" \/>\n<meta property=\"og:type\" content=\"article\" \/>\n<meta property=\"og:title\" content=\"ELF BOX Digital 12000 Blueberry Sour Raspberry Einfache Anwendung Fruchtiger | Vapingnet.de\" \/>\n<meta property=\"og:description\" content=\"Entdecke ELF BOX Digital 12000 Blueberry Sour Raspberry Einfache Anwendung Fruchtiger bei vapingnet.de, \u25ba Gro\u00dfe Auswahl an Geschmacksrichtungen &amp; super g\u00fcnstig!\" \/>\n<meta property=\"og:url\" content=\"https:\/\/vapingnet.de\/lt\/vape\/elf-box-digital-12000-blueberry-sour-raspberry-einfache-anwendung-fruchtiger\/\" \/>\n<meta property=\"og:site_name\" content=\"Vapingnet.de\" \/>\n<meta property=\"article:publisher\" content=\"https:\/\/www.facebook.com\/vapingnetde\/\" \/>\n<meta property=\"article:modified_time\" content=\"2025-06-19T03:42:58+00:00\" \/>\n<meta property=\"og:image\" content=\"https:\/\/vapingnet.de\/wp-content\/uploads\/2025\/04\/Blueberry-Sour-Raspberry.webp\" \/>\n\t<meta property=\"og:image:width\" content=\"1000\" \/>\n\t<meta property=\"og:image:height\" content=\"1000\" \/>\n\t<meta property=\"og:image:type\" content=\"image\/webp\" \/>\n<meta name=\"twitter:card\" content=\"summary_large_image\" \/>\n<meta name=\"twitter:label1\" content=\"Est. reading time\" \/>\n\t<meta name=\"twitter:data1\" content=\"3 minutes\" \/>\n<script type=\"application\/ld+json\" class=\"yoast-schema-graph\">{\"@context\":\"https:\/\/schema.org\",\"@graph\":[{\"@type\":\"WebPage\",\"@id\":\"https:\/\/vapingnet.de\/vape\/elf-box-digital-12000-blueberry-sour-raspberry-einfache-anwendung-fruchtiger\/\",\"url\":\"https:\/\/vapingnet.de\/vape\/elf-box-digital-12000-blueberry-sour-raspberry-einfache-anwendung-fruchtiger\/\",\"name\":\"ELF BOX Digital 12000 Blueberry Sour Raspberry Einfache Anwendung Fruchtiger | Vapingnet.de\",\"isPartOf\":{\"@id\":\"https:\/\/vapingnet.de\/#website\"},\"primaryImageOfPage\":{\"@id\":\"https:\/\/vapingnet.de\/vape\/elf-box-digital-12000-blueberry-sour-raspberry-einfache-anwendung-fruchtiger\/#primaryimage\"},\"image\":{\"@id\":\"https:\/\/vapingnet.de\/vape\/elf-box-digital-12000-blueberry-sour-raspberry-einfache-anwendung-fruchtiger\/#primaryimage\"},\"thumbnailUrl\":\"https:\/\/vapingnet.de\/wp-content\/uploads\/2025\/04\/Blueberry-Sour-Raspberry.webp\",\"datePublished\":\"2025-04-15T06:37:12+00:00\",\"dateModified\":\"2025-06-19T03:42:58+00:00\",\"description\":\"Entdecke ELF BOX Digital 12000 Blueberry Sour Raspberry Einfache Anwendung Fruchtiger bei vapingnet.de, \u25ba Gro\u00dfe Auswahl an Geschmacksrichtungen & super g\u00fcnstig!\",\"breadcrumb\":{\"@id\":\"https:\/\/vapingnet.de\/vape\/elf-box-digital-12000-blueberry-sour-raspberry-einfache-anwendung-fruchtiger\/#breadcrumb\"},\"inLanguage\":\"lt-LT\",\"potentialAction\":[{\"@type\":\"ReadAction\",\"target\":[\"https:\/\/vapingnet.de\/vape\/elf-box-digital-12000-blueberry-sour-raspberry-einfache-anwendung-fruchtiger\/\"]}]},{\"@type\":\"ImageObject\",\"inLanguage\":\"lt-LT\",\"@id\":\"https:\/\/vapingnet.de\/vape\/elf-box-digital-12000-blueberry-sour-raspberry-einfache-anwendung-fruchtiger\/#primaryimage\",\"url\":\"https:\/\/vapingnet.de\/wp-content\/uploads\/2025\/04\/Blueberry-Sour-Raspberry.webp\",\"contentUrl\":\"https:\/\/vapingnet.de\/wp-content\/uploads\/2025\/04\/Blueberry-Sour-Raspberry.webp\",\"width\":1000,\"height\":1000},{\"@type\":\"BreadcrumbList\",\"@id\":\"https:\/\/vapingnet.de\/vape\/elf-box-digital-12000-blueberry-sour-raspberry-einfache-anwendung-fruchtiger\/#breadcrumb\",\"itemListElement\":[{\"@type\":\"ListItem\",\"position\":1,\"name\":\"Home\",\"item\":\"https:\/\/vapingnet.de\/\"},{\"@type\":\"ListItem\",\"position\":2,\"name\":\"Shop\",\"item\":\"https:\/\/vapingnet.de\/vape\/\"},{\"@type\":\"ListItem\",\"position\":3,\"name\":\"ELF BOX Digital 12000 Blueberry Sour Raspberry Einfache Anwendung Fruchtiger\"}]},{\"@type\":\"WebSite\",\"@id\":\"https:\/\/vapingnet.de\/#website\",\"url\":\"https:\/\/vapingnet.de\/\",\"name\":\"Vapingnet.de\",\"description\":\"\",\"publisher\":{\"@id\":\"https:\/\/vapingnet.de\/#organization\"},\"potentialAction\":[{\"@type\":\"SearchAction\",\"target\":{\"@type\":\"EntryPoint\",\"urlTemplate\":\"https:\/\/vapingnet.de\/?s={search_term_string}\"},\"query-input\":{\"@type\":\"PropertyValueSpecification\",\"valueRequired\":true,\"valueName\":\"search_term_string\"}}],\"inLanguage\":\"lt-LT\"},{\"@type\":\"Organization\",\"@id\":\"https:\/\/vapingnet.de\/#organization\",\"name\":\"Vapingnet.de\",\"url\":\"https:\/\/vapingnet.de\/\",\"logo\":{\"@type\":\"ImageObject\",\"inLanguage\":\"lt-LT\",\"@id\":\"https:\/\/vapingnet.de\/#\/schema\/logo\/image\/\",\"url\":\"https:\/\/vapingnet.de\/wp-content\/uploads\/2025\/03\/cropped-vapingnet.de_.jpg\",\"contentUrl\":\"https:\/\/vapingnet.de\/wp-content\/uploads\/2025\/03\/cropped-vapingnet.de_.jpg\",\"width\":512,\"height\":512,\"caption\":\"Vapingnet.de\"},\"image\":{\"@id\":\"https:\/\/vapingnet.de\/#\/schema\/logo\/image\/\"},\"sameAs\":[\"https:\/\/www.facebook.com\/vapingnetde\/\"]}]}<\/script>\n<!-- \/ Yoast SEO plugin. -->","yoast_head_json":{"title":"ELF BOX Digital 12000 Blueberry Sour Raspberry Einfache Anwendung Fruchtiger | Vapingnet.de","description":"Entdecke ELF BOX Digital 12000 Blueberry Sour Raspberry Einfache Anwendung Fruchtiger bei vapingnet.de, \u25ba Gro\u00dfe Auswahl an Geschmacksrichtungen & super g\u00fcnstig!","robots":{"index":"index","follow":"follow","max-snippet":"max-snippet:-1","max-image-preview":"max-image-preview:large","max-video-preview":"max-video-preview:-1"},"canonical":"https:\/\/vapingnet.de\/lt\/vape\/elf-box-digital-12000-blueberry-sour-raspberry-einfache-anwendung-fruchtiger\/","og_locale":"lt_LT","og_type":"article","og_title":"ELF BOX Digital 12000 Blueberry Sour Raspberry Einfache Anwendung Fruchtiger | Vapingnet.de","og_description":"Entdecke ELF BOX Digital 12000 Blueberry Sour Raspberry Einfache Anwendung Fruchtiger bei vapingnet.de, \u25ba Gro\u00dfe Auswahl an Geschmacksrichtungen & super g\u00fcnstig!","og_url":"https:\/\/vapingnet.de\/lt\/vape\/elf-box-digital-12000-blueberry-sour-raspberry-einfache-anwendung-fruchtiger\/","og_site_name":"Vapingnet.de","article_publisher":"https:\/\/www.facebook.com\/vapingnetde\/","article_modified_time":"2025-06-19T03:42:58+00:00","og_image":[{"width":1000,"height":1000,"url":"https:\/\/vapingnet.de\/wp-content\/uploads\/2025\/04\/Blueberry-Sour-Raspberry.webp","type":"image\/webp"}],"twitter_card":"summary_large_image","twitter_misc":{"Est. reading time":"3 minutes"},"schema":{"@context":"https:\/\/schema.org","@graph":[{"@type":"WebPage","@id":"https:\/\/vapingnet.de\/vape\/elf-box-digital-12000-blueberry-sour-raspberry-einfache-anwendung-fruchtiger\/","url":"https:\/\/vapingnet.de\/vape\/elf-box-digital-12000-blueberry-sour-raspberry-einfache-anwendung-fruchtiger\/","name":"ELF BOX Digital 12000 Blueberry Sour Raspberry Einfache Anwendung Fruchtiger | Vapingnet.de","isPartOf":{"@id":"https:\/\/vapingnet.de\/#website"},"primaryImageOfPage":{"@id":"https:\/\/vapingnet.de\/vape\/elf-box-digital-12000-blueberry-sour-raspberry-einfache-anwendung-fruchtiger\/#primaryimage"},"image":{"@id":"https:\/\/vapingnet.de\/vape\/elf-box-digital-12000-blueberry-sour-raspberry-einfache-anwendung-fruchtiger\/#primaryimage"},"thumbnailUrl":"https:\/\/vapingnet.de\/wp-content\/uploads\/2025\/04\/Blueberry-Sour-Raspberry.webp","datePublished":"2025-04-15T06:37:12+00:00","dateModified":"2025-06-19T03:42:58+00:00","description":"Entdecke ELF BOX Digital 12000 Blueberry Sour Raspberry Einfache Anwendung Fruchtiger bei vapingnet.de, \u25ba Gro\u00dfe Auswahl an Geschmacksrichtungen & super g\u00fcnstig!","breadcrumb":{"@id":"https:\/\/vapingnet.de\/vape\/elf-box-digital-12000-blueberry-sour-raspberry-einfache-anwendung-fruchtiger\/#breadcrumb"},"inLanguage":"lt-LT","potentialAction":[{"@type":"ReadAction","target":["https:\/\/vapingnet.de\/vape\/elf-box-digital-12000-blueberry-sour-raspberry-einfache-anwendung-fruchtiger\/"]}]},{"@type":"ImageObject","inLanguage":"lt-LT","@id":"https:\/\/vapingnet.de\/vape\/elf-box-digital-12000-blueberry-sour-raspberry-einfache-anwendung-fruchtiger\/#primaryimage","url":"https:\/\/vapingnet.de\/wp-content\/uploads\/2025\/04\/Blueberry-Sour-Raspberry.webp","contentUrl":"https:\/\/vapingnet.de\/wp-content\/uploads\/2025\/04\/Blueberry-Sour-Raspberry.webp","width":1000,"height":1000},{"@type":"BreadcrumbList","@id":"https:\/\/vapingnet.de\/vape\/elf-box-digital-12000-blueberry-sour-raspberry-einfache-anwendung-fruchtiger\/#breadcrumb","itemListElement":[{"@type":"ListItem","position":1,"name":"Home","item":"https:\/\/vapingnet.de\/"},{"@type":"ListItem","position":2,"name":"Shop","item":"https:\/\/vapingnet.de\/vape\/"},{"@type":"ListItem","position":3,"name":"ELF BOX Digital 12000 Blueberry Sour Raspberry Einfache Anwendung Fruchtiger"}]},{"@type":"WebSite","@id":"https:\/\/vapingnet.de\/#website","url":"https:\/\/vapingnet.de\/","name":"Vapingnet.de","description":"","publisher":{"@id":"https:\/\/vapingnet.de\/#organization"},"potentialAction":[{"@type":"SearchAction","target":{"@type":"EntryPoint","urlTemplate":"https:\/\/vapingnet.de\/?s={search_term_string}"},"query-input":{"@type":"PropertyValueSpecification","valueRequired":true,"valueName":"search_term_string"}}],"inLanguage":"lt-LT"},{"@type":"Organization","@id":"https:\/\/vapingnet.de\/#organization","name":"Vapingnet.de","url":"https:\/\/vapingnet.de\/","logo":{"@type":"ImageObject","inLanguage":"lt-LT","@id":"https:\/\/vapingnet.de\/#\/schema\/logo\/image\/","url":"https:\/\/vapingnet.de\/wp-content\/uploads\/2025\/03\/cropped-vapingnet.de_.jpg","contentUrl":"https:\/\/vapingnet.de\/wp-content\/uploads\/2025\/03\/cropped-vapingnet.de_.jpg","width":512,"height":512,"caption":"Vapingnet.de"},"image":{"@id":"https:\/\/vapingnet.de\/#\/schema\/logo\/image\/"},"sameAs":["https:\/\/www.facebook.com\/vapingnetde\/"]}]}},"tiered_pricing_type":"fixed","tiered_pricing_fixed_rules":{"10":"7.78","60":"7.00","110":"6.22","200":"5.45"},"tiered_pricing_product_settings":{"layout":"default","base_unit_name":{"singular":null,"plural":null},"default_variation":null},"tiered_pricing_minimum_quantity":null,"tiered_pricing_roles_data":[],"tiered_pricing_percentage_rules":[],"_links":{"self":[{"href":"https:\/\/vapingnet.de\/lt\/wp-json\/wp\/v2\/product\/6360","targetHints":{"allow":["GET"]}}],"collection":[{"href":"https:\/\/vapingnet.de\/lt\/wp-json\/wp\/v2\/product"}],"about":[{"href":"https:\/\/vapingnet.de\/lt\/wp-json\/wp\/v2\/types\/product"}],"version-history":[{"count":1,"href":"https:\/\/vapingnet.de\/lt\/wp-json\/wp\/v2\/product\/6360\/revisions"}],"predecessor-version":[{"id":6372,"href":"https:\/\/vapingnet.de\/lt\/wp-json\/wp\/v2\/product\/6360\/revisions\/6372"}],"wp:featuredmedia":[{"embeddable":true,"href":"https:\/\/vapingnet.de\/lt\/wp-json\/wp\/v2\/media\/6365"}],"wp:attachment":[{"href":"https:\/\/vapingnet.de\/lt\/wp-json\/wp\/v2\/media?parent=6360"}],"wp:term":[{"taxonomy":"brand","embeddable":true,"href":"https:\/\/vapingnet.de\/lt\/wp-json\/wp\/v2\/etheme_brands?post=6360"},{"taxonomy":"product_brand","embeddable":true,"href":"https:\/\/vapingnet.de\/lt\/wp-json\/wp\/v2\/product_brand?post=6360"},{"taxonomy":"product_cat","embeddable":true,"href":"https:\/\/vapingnet.de\/lt\/wp-json\/wp\/v2\/product_cat?post=6360"},{"taxonomy":"product_tag","embeddable":true,"href":"https:\/\/vapingnet.de\/lt\/wp-json\/wp\/v2\/product_tag?post=6360"}],"curies":[{"name":"wp","href":"https:\/\/api.w.org\/{rel}","templated":true}]}}