{"id":6373,"date":"2025-04-15T07:08:52","date_gmt":"2025-04-15T07:08:52","guid":{"rendered":"https:\/\/vapingnet.de\/?post_type=product&#038;p=6373"},"modified":"2025-06-19T03:42:58","modified_gmt":"2025-06-19T03:42:58","slug":"kiwi-passion-fruit-geschmack-in-der-elf-box-digital-12000-langanhaltend","status":"publish","type":"product","link":"https:\/\/vapingnet.de\/lt\/vape\/kiwi-passion-fruit-geschmack-in-der-elf-box-digital-12000-langanhaltend\/","title":{"rendered":"Kiwi Passion Fruit skonis ELF BOX Digital 12000 ilgalaikis"},"content":{"rendered":"<p class=\"\" data-start=\"0\" data-end=\"293\" data-immersive-translate-paragraph=\"1\" data-immersive-translate-walked=\"5b668528-9596-4747-aa7d-1fbda2410136\">ELF BOX Digital 12000 si\u016blo i\u0161skirtin\u012f na\u0161um\u0105 ir patogum\u0105 vartotojams, ie\u0161kantiems ilgaam\u017e\u0117s ir galingos elektronin\u0117s cigaret\u0117s. Toliau pateikiamas i\u0161samus \u0161io produkto pagrindini\u0173 savybi\u0173 ir privalum\u0173 apra\u0161ymas.<\/p>\n<h2 data-start=\"295\" data-end=\"342\" data-immersive-translate-walked=\"5b668528-9596-4747-aa7d-1fbda2410136\" data-immersive-translate-paragraph=\"1\">ELF BOX Digital 12000 technin\u0117s savyb\u0117s<\/h2>\n<p class=\"\" data-start=\"344\" data-end=\"644\" data-immersive-translate-walked=\"5b668528-9596-4747-aa7d-1fbda2410136\" data-immersive-translate-paragraph=\"1\">1. Didelis \u012fkv\u0117pimo da\u017enis ir ilga tarnavimo trukm\u0117<br data-start=\"387\" data-end=\"390\" data-immersive-translate-walked=\"5b668528-9596-4747-aa7d-1fbda2410136\" \/>Su 12 000 \u012fkv\u0117pim\u0173, ELF BOX Digital 12000 pasi\u017eymi \u012fsp\u016bdinga ilgaam\u017ei\u0161kumu. Tai idealiai tinka reguliariems vartotojams, ie\u0161kantiems elektronin\u0117s cigaret\u0117s, kuri teikt\u0173 ilgala\u012f malonum\u0105 be da\u017en\u0173 papildym\u0173 ar keitim\u0173.<\/p>\n<p class=\"\" data-start=\"646\" data-end=\"921\" data-immersive-translate-walked=\"5b668528-9596-4747-aa7d-1fbda2410136\" data-immersive-translate-paragraph=\"1\">2. Mesh Coil technologija<br data-start=\"674\" data-end=\"677\" data-immersive-translate-walked=\"5b668528-9596-4747-aa7d-1fbda2410136\" \/>0,8 Ohm Mesh Coil u\u017etikrina tolyg\u0173 skys\u010dio \u0161ildym\u0105, kas lemia geresn\u012f skon\u012f ir intensyvesn\u012f gar\u0173 kiek\u012f. \u0160i technologija garantuoja, kad kiekvienas \u012fkv\u0117pimas b\u016bt\u0173 malonus patyrimas.<\/p>\n<p class=\"\" data-start=\"923\" data-end=\"1178\" data-immersive-translate-walked=\"5b668528-9596-4747-aa7d-1fbda2410136\" data-immersive-translate-paragraph=\"1\">3. Daugiau E-skys\u010dio t\u016brio<br data-start=\"958\" data-end=\"961\" data-immersive-translate-walked=\"5b668528-9596-4747-aa7d-1fbda2410136\" \/>Su 25 ml E-skys\u010dio talpa, jums nereik\u0117s da\u017enai papildyti, kas \u017eymiai padidina patogum\u0105. Ji suteikia pakankamai skys\u010dio visam elektronin\u0117s cigaret\u0117s tarnavimo laikui.<\/p>\n<h4 data-start=\"1180\" data-end=\"1225\" data-immersive-translate-walked=\"5b668528-9596-4747-aa7d-1fbda2410136\" data-immersive-translate-paragraph=\"1\">Nikotino ir personalizavimo galimyb\u0117s<\/h4>\n<p class=\"\" data-start=\"1227\" data-end=\"1460\" data-immersive-translate-walked=\"5b668528-9596-4747-aa7d-1fbda2410136\" data-immersive-translate-paragraph=\"1\">1. Skirtingos nikotino stiprumo opcijos<br data-start=\"1261\" data-end=\"1264\" data-immersive-translate-walked=\"5b668528-9596-4747-aa7d-1fbda2410136\" \/>ELF BOX Digital 12000 si\u016blo keturias nikotino stiprumo pasirinktis: 0%, 2%, 3% ir 5%. Taip pat galite pasirinkti stiprum\u0105 pagal savo asmeninius pageidavimus ir pritaikyti \u012fkv\u0117pimo patirt\u012f.<\/p>\n<h4 data-start=\"1462\" data-end=\"1506\" data-immersive-translate-walked=\"5b668528-9596-4747-aa7d-1fbda2410136\" data-immersive-translate-paragraph=\"1\">Technologin\u0117s savyb\u0117s ir \u012fkrovimo galimyb\u0117s<\/h4>\n<p class=\"\" data-start=\"1508\" data-end=\"1798\" data-immersive-translate-walked=\"5b668528-9596-4747-aa7d-1fbda2410136\" data-immersive-translate-paragraph=\"1\">1. Baterija ir \u012fkrovimo galimyb\u0117<br data-start=\"1534\" data-end=\"1537\" data-immersive-translate-walked=\"5b668528-9596-4747-aa7d-1fbda2410136\" \/>ELF BOX Digital 12000 500 mAh baterija u\u017etikrina patikim\u0105 veikim\u0105. Kai baterija i\u0161sikrauna, elektronin\u0119 cigaret\u0119 galima greitai \u012fkrauti per modern\u0173 USB-C jungt\u012f, tod\u0117l niekada nereik\u0117s ilgai laukti kito \u012fkv\u0117pimo.<\/p>\n<p class=\"\" data-start=\"1800\" data-end=\"2030\" data-immersive-translate-walked=\"5b668528-9596-4747-aa7d-1fbda2410136\" data-immersive-translate-paragraph=\"1\">2. Skaitmeninis ekranas<br data-start=\"1823\" data-end=\"1826\" data-immersive-translate-walked=\"5b668528-9596-4747-aa7d-1fbda2410136\" \/>D\u0117ka skaitmeninio ekrano, visada matysite skys\u010dio lyg\u012f ir baterijos b\u016bsen\u0105. Tai padeda nustatyti tinkam\u0105 \u012fkrovimo ar papildymo laik\u0105.<\/p>\n<h4 data-start=\"2032\" data-end=\"2080\" data-immersive-translate-walked=\"5b668528-9596-4747-aa7d-1fbda2410136\" data-immersive-translate-paragraph=\"1\">ELF BOX Digital 12000 skonio patirtis<\/h4>\n<p class=\"\" data-start=\"2082\" data-end=\"2394\" data-immersive-translate-walked=\"5b668528-9596-4747-aa7d-1fbda2410136\" data-immersive-translate-paragraph=\"1\">Skonis: Blueberry Sour Raspberry<br data-start=\"2125\" data-end=\"2128\" data-immersive-translate-walked=\"5b668528-9596-4747-aa7d-1fbda2410136\" \/>Su gaiviu uog\u0173 skoniu Blueberry Sour Raspberry, ELF BOX Digital 12000 si\u016blo intensyv\u0173 skonio potyr\u012f. Sald\u017ei\u0173 m\u0117lyni\u0173 ir r\u016bg\u0161\u010di\u0173 avie\u010di\u0173 derinys sukuria subalansuot\u0105 ir gaiv\u0173 \u012fkv\u0117pimo patirt\u012f.<\/p>\n<h3>ELF BOX Digital 12000 privalumai<\/h3>\n<ul data-start=\"2436\" data-end=\"2865\" data-immersive-translate-walked=\"5b668528-9596-4747-aa7d-1fbda2410136\">\n<li class=\"\" data-start=\"2436\" data-end=\"2515\" data-immersive-translate-walked=\"5b668528-9596-4747-aa7d-1fbda2410136\">\n<p class=\"\" data-start=\"2438\" data-end=\"2515\" data-immersive-translate-walked=\"5b668528-9596-4747-aa7d-1fbda2410136\" data-immersive-translate-paragraph=\"1\">Ilgaam\u017ei\u0161kumas ir didelis \u012fkv\u0117pim\u0173 skai\u010dius: 12 000 \u012fkv\u0117pim\u0173 ilgalaikiam malonumui<\/p>\n<\/li>\n<li class=\"\" data-start=\"2516\" data-end=\"2611\" data-immersive-translate-walked=\"5b668528-9596-4747-aa7d-1fbda2410136\">\n<p class=\"\" data-start=\"2518\" data-end=\"2611\" data-immersive-translate-walked=\"5b668528-9596-4747-aa7d-1fbda2410136\" data-immersive-translate-paragraph=\"1\">Moderniausia technologija: Mesh-Coil ir skaitmeninis ekranas geresnei garinimo patir\u010diai<\/p>\n<\/li>\n<li class=\"\" data-start=\"2612\" data-end=\"2684\" data-immersive-translate-walked=\"5b668528-9596-4747-aa7d-1fbda2410136\">\n<p class=\"\" data-start=\"2614\" data-end=\"2684\" data-immersive-translate-walked=\"5b668528-9596-4747-aa7d-1fbda2410136\" data-immersive-translate-paragraph=\"1\">Lankst\u016bs nikotino stiprumai: Pasirinkite jums tinkant\u012f stiprum\u0105<\/p>\n<\/li>\n<li class=\"\" data-start=\"2685\" data-end=\"2739\" data-immersive-translate-walked=\"5b668528-9596-4747-aa7d-1fbda2410136\">\n<p class=\"\" data-start=\"2687\" data-end=\"2739\" data-immersive-translate-walked=\"5b668528-9596-4747-aa7d-1fbda2410136\" data-immersive-translate-paragraph=\"1\">Patogus \u012fkroviklis: USB-C greitam \u012fkrovimui<\/p>\n<\/li>\n<li class=\"\" data-start=\"2740\" data-end=\"2789\" data-immersive-translate-walked=\"5b668528-9596-4747-aa7d-1fbda2410136\">\n<p class=\"\" data-start=\"2742\" data-end=\"2789\" data-immersive-translate-walked=\"5b668528-9596-4747-aa7d-1fbda2410136\" data-immersive-translate-paragraph=\"1\">Be muit\u0173: Idealiai tinka tarptautiniam siuntimui<\/p>\n<\/li>\n<li class=\"\" data-start=\"2790\" data-end=\"2865\" data-immersive-translate-walked=\"5b668528-9596-4747-aa7d-1fbda2410136\">\n<p class=\"\" data-start=\"2792\" data-end=\"2865\" data-immersive-translate-walked=\"5b668528-9596-4747-aa7d-1fbda2410136\" data-immersive-translate-paragraph=\"1\">Svoris: Tik 82 g, lengva ir patogu ne\u0161iotis<\/p>\n<\/li>\n<\/ul>\n<h4 data-start=\"2867\" data-end=\"2898\" data-immersive-translate-walked=\"5b668528-9596-4747-aa7d-1fbda2410136\" data-immersive-translate-paragraph=\"1\">Pristatymas ir prieinamumas<\/h4>\n<p class=\"\" data-start=\"2900\" data-end=\"3124\" data-immersive-translate-walked=\"5b668528-9596-4747-aa7d-1fbda2410136\" data-immersive-translate-paragraph=\"1\">1. Siuntimo informacija<br data-start=\"2921\" data-end=\"2924\" data-immersive-translate-walked=\"5b668528-9596-4747-aa7d-1fbda2410136\" \/>ELF BOX Digital 12000 bus pristatyta tiesiai \u012f j\u016bs\u0173 namus per 7-15 darbo dien\u0173. D\u0117l muit\u0173 nemokamo siuntimo klientai visame pasaulyje gali naudotis \u0161iuo produktu.<\/p>\n<p class=\"\" data-start=\"3126\" data-end=\"3268\" data-immersive-translate-walked=\"5b668528-9596-4747-aa7d-1fbda2410136\" data-immersive-translate-paragraph=\"1\">2. Kur galima \u012fsigyti?<br data-start=\"3156\" data-end=\"3159\" data-immersive-translate-walked=\"5b668528-9596-4747-aa7d-1fbda2410136\" \/>Apsilankykite vapingnet.de, kad u\u017esisakyti ELF BOX Digital 12000 ir pagerinti savo garinimo patirt\u012f.<\/p>\n<p class=\"\" data-start=\"3281\" data-end=\"3725\" data-immersive-translate-walked=\"5b668528-9596-4747-aa7d-1fbda2410136\" data-immersive-translate-paragraph=\"1\">ELF BOX Digital 12000 yra puikus pasirinkimas visiems garintojams, ie\u0161kantiems galingos, patogios naudoti ir ilgaam\u017e\u0117s elektronin\u0117s cigaret\u0117s. Su ilga tarnavimo trukme, inovatyvia technologija ir \u012fvairiomis nikotino galimyb\u0117mis ji yra ideali kasdieniam naudojimui. Jei norite intensyvaus, \u0161vie\u017eio skonio patirties, \u0161is modelis yra b\u016btent tai, ko jums reikia.<\/p>","protected":false},"excerpt":{"rendered":"<p>Die ELF BOX Digital 12000 bietet eine herausragende Leistung und Benutzerfreundlichkeit f\u00fcr Dampfer, die auf der Suche nach einer langlebigen und leistungsstarken E-Zigarette sind. Im&#8230;<\/p>","protected":false},"featured_media":6374,"template":"","meta":[],"etheme_brands":[],"product_brand":[100],"product_cat":[88,49,61],"product_tag":[],"class_list":{"0":"post-6373","1":"product","2":"type-product","3":"status-publish","4":"has-post-thumbnail","6":"product_brand-elf-box-vape","7":"product_cat-12k-vape","8":"product_cat-einweg-e-zigarette","9":"product_cat-f","11":"first","12":"instock","13":"shipping-taxable","14":"purchasable","15":"product-type-simple"},"yoast_head":"<!-- This site is optimized with the Yoast SEO plugin v26.5 - https:\/\/yoast.com\/wordpress\/plugins\/seo\/ -->\n<title>Kiwi Passion Fruit Geschmack In Der ELF BOX Digital 12000 Langanhaltend | Vapingnet.de<\/title>\n<meta name=\"description\" content=\"Entdecke Kiwi Passion Fruit Geschmack In Der ELF BOX Digital 12000 Langanhaltend bei vapingnet.de, \u25ba Gro\u00dfe Auswahl an Geschmacksrichtungen &amp; super g\u00fcnstig!\" \/>\n<meta name=\"robots\" content=\"index, follow, max-snippet:-1, max-image-preview:large, max-video-preview:-1\" \/>\n<link rel=\"canonical\" href=\"https:\/\/vapingnet.de\/lt\/vape\/kiwi-passion-fruit-geschmack-in-der-elf-box-digital-12000-langanhaltend\/\" \/>\n<meta property=\"og:locale\" content=\"lt_LT\" \/>\n<meta property=\"og:type\" content=\"article\" \/>\n<meta property=\"og:title\" content=\"Kiwi Passion Fruit Geschmack In Der ELF BOX Digital 12000 Langanhaltend | Vapingnet.de\" \/>\n<meta property=\"og:description\" content=\"Entdecke Kiwi Passion Fruit Geschmack In Der ELF BOX Digital 12000 Langanhaltend bei vapingnet.de, \u25ba Gro\u00dfe Auswahl an Geschmacksrichtungen &amp; super g\u00fcnstig!\" \/>\n<meta property=\"og:url\" content=\"https:\/\/vapingnet.de\/lt\/vape\/kiwi-passion-fruit-geschmack-in-der-elf-box-digital-12000-langanhaltend\/\" \/>\n<meta property=\"og:site_name\" content=\"Vapingnet.de\" \/>\n<meta property=\"article:publisher\" content=\"https:\/\/www.facebook.com\/vapingnetde\/\" \/>\n<meta property=\"article:modified_time\" content=\"2025-06-19T03:42:58+00:00\" \/>\n<meta property=\"og:image\" content=\"https:\/\/vapingnet.de\/wp-content\/uploads\/2025\/04\/Kiwi-Passion-Fruit-1.webp\" \/>\n\t<meta property=\"og:image:width\" content=\"1000\" \/>\n\t<meta property=\"og:image:height\" content=\"1000\" \/>\n\t<meta property=\"og:image:type\" content=\"image\/webp\" \/>\n<meta name=\"twitter:card\" content=\"summary_large_image\" \/>\n<meta name=\"twitter:label1\" content=\"Est. reading time\" \/>\n\t<meta name=\"twitter:data1\" content=\"3 minutes\" \/>\n<script type=\"application\/ld+json\" class=\"yoast-schema-graph\">{\"@context\":\"https:\/\/schema.org\",\"@graph\":[{\"@type\":\"WebPage\",\"@id\":\"https:\/\/vapingnet.de\/vape\/kiwi-passion-fruit-geschmack-in-der-elf-box-digital-12000-langanhaltend\/\",\"url\":\"https:\/\/vapingnet.de\/vape\/kiwi-passion-fruit-geschmack-in-der-elf-box-digital-12000-langanhaltend\/\",\"name\":\"Kiwi Passion Fruit Geschmack In Der ELF BOX Digital 12000 Langanhaltend | Vapingnet.de\",\"isPartOf\":{\"@id\":\"https:\/\/vapingnet.de\/#website\"},\"primaryImageOfPage\":{\"@id\":\"https:\/\/vapingnet.de\/vape\/kiwi-passion-fruit-geschmack-in-der-elf-box-digital-12000-langanhaltend\/#primaryimage\"},\"image\":{\"@id\":\"https:\/\/vapingnet.de\/vape\/kiwi-passion-fruit-geschmack-in-der-elf-box-digital-12000-langanhaltend\/#primaryimage\"},\"thumbnailUrl\":\"https:\/\/vapingnet.de\/wp-content\/uploads\/2025\/04\/Kiwi-Passion-Fruit-1.webp\",\"datePublished\":\"2025-04-15T07:08:52+00:00\",\"dateModified\":\"2025-06-19T03:42:58+00:00\",\"description\":\"Entdecke Kiwi Passion Fruit Geschmack In Der ELF BOX Digital 12000 Langanhaltend bei vapingnet.de, \u25ba Gro\u00dfe Auswahl an Geschmacksrichtungen & super g\u00fcnstig!\",\"breadcrumb\":{\"@id\":\"https:\/\/vapingnet.de\/vape\/kiwi-passion-fruit-geschmack-in-der-elf-box-digital-12000-langanhaltend\/#breadcrumb\"},\"inLanguage\":\"lt-LT\",\"potentialAction\":[{\"@type\":\"ReadAction\",\"target\":[\"https:\/\/vapingnet.de\/vape\/kiwi-passion-fruit-geschmack-in-der-elf-box-digital-12000-langanhaltend\/\"]}]},{\"@type\":\"ImageObject\",\"inLanguage\":\"lt-LT\",\"@id\":\"https:\/\/vapingnet.de\/vape\/kiwi-passion-fruit-geschmack-in-der-elf-box-digital-12000-langanhaltend\/#primaryimage\",\"url\":\"https:\/\/vapingnet.de\/wp-content\/uploads\/2025\/04\/Kiwi-Passion-Fruit-1.webp\",\"contentUrl\":\"https:\/\/vapingnet.de\/wp-content\/uploads\/2025\/04\/Kiwi-Passion-Fruit-1.webp\",\"width\":1000,\"height\":1000},{\"@type\":\"BreadcrumbList\",\"@id\":\"https:\/\/vapingnet.de\/vape\/kiwi-passion-fruit-geschmack-in-der-elf-box-digital-12000-langanhaltend\/#breadcrumb\",\"itemListElement\":[{\"@type\":\"ListItem\",\"position\":1,\"name\":\"Home\",\"item\":\"https:\/\/vapingnet.de\/\"},{\"@type\":\"ListItem\",\"position\":2,\"name\":\"Shop\",\"item\":\"https:\/\/vapingnet.de\/vape\/\"},{\"@type\":\"ListItem\",\"position\":3,\"name\":\"Kiwi Passion Fruit Geschmack In Der ELF BOX Digital 12000 Langanhaltend\"}]},{\"@type\":\"WebSite\",\"@id\":\"https:\/\/vapingnet.de\/#website\",\"url\":\"https:\/\/vapingnet.de\/\",\"name\":\"Vapingnet.de\",\"description\":\"\",\"publisher\":{\"@id\":\"https:\/\/vapingnet.de\/#organization\"},\"potentialAction\":[{\"@type\":\"SearchAction\",\"target\":{\"@type\":\"EntryPoint\",\"urlTemplate\":\"https:\/\/vapingnet.de\/?s={search_term_string}\"},\"query-input\":{\"@type\":\"PropertyValueSpecification\",\"valueRequired\":true,\"valueName\":\"search_term_string\"}}],\"inLanguage\":\"lt-LT\"},{\"@type\":\"Organization\",\"@id\":\"https:\/\/vapingnet.de\/#organization\",\"name\":\"Vapingnet.de\",\"url\":\"https:\/\/vapingnet.de\/\",\"logo\":{\"@type\":\"ImageObject\",\"inLanguage\":\"lt-LT\",\"@id\":\"https:\/\/vapingnet.de\/#\/schema\/logo\/image\/\",\"url\":\"https:\/\/vapingnet.de\/wp-content\/uploads\/2025\/03\/cropped-vapingnet.de_.jpg\",\"contentUrl\":\"https:\/\/vapingnet.de\/wp-content\/uploads\/2025\/03\/cropped-vapingnet.de_.jpg\",\"width\":512,\"height\":512,\"caption\":\"Vapingnet.de\"},\"image\":{\"@id\":\"https:\/\/vapingnet.de\/#\/schema\/logo\/image\/\"},\"sameAs\":[\"https:\/\/www.facebook.com\/vapingnetde\/\"]}]}<\/script>\n<!-- \/ Yoast SEO plugin. -->","yoast_head_json":{"title":"Kiwi Passion Fruit Geschmack In Der ELF BOX Digital 12000 Langanhaltend | Vapingnet.de","description":"Entdecke Kiwi Passion Fruit Geschmack In Der ELF BOX Digital 12000 Langanhaltend bei vapingnet.de, \u25ba Gro\u00dfe Auswahl an Geschmacksrichtungen & super g\u00fcnstig!","robots":{"index":"index","follow":"follow","max-snippet":"max-snippet:-1","max-image-preview":"max-image-preview:large","max-video-preview":"max-video-preview:-1"},"canonical":"https:\/\/vapingnet.de\/lt\/vape\/kiwi-passion-fruit-geschmack-in-der-elf-box-digital-12000-langanhaltend\/","og_locale":"lt_LT","og_type":"article","og_title":"Kiwi Passion Fruit Geschmack In Der ELF BOX Digital 12000 Langanhaltend | Vapingnet.de","og_description":"Entdecke Kiwi Passion Fruit Geschmack In Der ELF BOX Digital 12000 Langanhaltend bei vapingnet.de, \u25ba Gro\u00dfe Auswahl an Geschmacksrichtungen & super g\u00fcnstig!","og_url":"https:\/\/vapingnet.de\/lt\/vape\/kiwi-passion-fruit-geschmack-in-der-elf-box-digital-12000-langanhaltend\/","og_site_name":"Vapingnet.de","article_publisher":"https:\/\/www.facebook.com\/vapingnetde\/","article_modified_time":"2025-06-19T03:42:58+00:00","og_image":[{"width":1000,"height":1000,"url":"https:\/\/vapingnet.de\/wp-content\/uploads\/2025\/04\/Kiwi-Passion-Fruit-1.webp","type":"image\/webp"}],"twitter_card":"summary_large_image","twitter_misc":{"Est. reading time":"3 minutes"},"schema":{"@context":"https:\/\/schema.org","@graph":[{"@type":"WebPage","@id":"https:\/\/vapingnet.de\/vape\/kiwi-passion-fruit-geschmack-in-der-elf-box-digital-12000-langanhaltend\/","url":"https:\/\/vapingnet.de\/vape\/kiwi-passion-fruit-geschmack-in-der-elf-box-digital-12000-langanhaltend\/","name":"Kiwi Passion Fruit Geschmack In Der ELF BOX Digital 12000 Langanhaltend | Vapingnet.de","isPartOf":{"@id":"https:\/\/vapingnet.de\/#website"},"primaryImageOfPage":{"@id":"https:\/\/vapingnet.de\/vape\/kiwi-passion-fruit-geschmack-in-der-elf-box-digital-12000-langanhaltend\/#primaryimage"},"image":{"@id":"https:\/\/vapingnet.de\/vape\/kiwi-passion-fruit-geschmack-in-der-elf-box-digital-12000-langanhaltend\/#primaryimage"},"thumbnailUrl":"https:\/\/vapingnet.de\/wp-content\/uploads\/2025\/04\/Kiwi-Passion-Fruit-1.webp","datePublished":"2025-04-15T07:08:52+00:00","dateModified":"2025-06-19T03:42:58+00:00","description":"Entdecke Kiwi Passion Fruit Geschmack In Der ELF BOX Digital 12000 Langanhaltend bei vapingnet.de, \u25ba Gro\u00dfe Auswahl an Geschmacksrichtungen & super g\u00fcnstig!","breadcrumb":{"@id":"https:\/\/vapingnet.de\/vape\/kiwi-passion-fruit-geschmack-in-der-elf-box-digital-12000-langanhaltend\/#breadcrumb"},"inLanguage":"lt-LT","potentialAction":[{"@type":"ReadAction","target":["https:\/\/vapingnet.de\/vape\/kiwi-passion-fruit-geschmack-in-der-elf-box-digital-12000-langanhaltend\/"]}]},{"@type":"ImageObject","inLanguage":"lt-LT","@id":"https:\/\/vapingnet.de\/vape\/kiwi-passion-fruit-geschmack-in-der-elf-box-digital-12000-langanhaltend\/#primaryimage","url":"https:\/\/vapingnet.de\/wp-content\/uploads\/2025\/04\/Kiwi-Passion-Fruit-1.webp","contentUrl":"https:\/\/vapingnet.de\/wp-content\/uploads\/2025\/04\/Kiwi-Passion-Fruit-1.webp","width":1000,"height":1000},{"@type":"BreadcrumbList","@id":"https:\/\/vapingnet.de\/vape\/kiwi-passion-fruit-geschmack-in-der-elf-box-digital-12000-langanhaltend\/#breadcrumb","itemListElement":[{"@type":"ListItem","position":1,"name":"Home","item":"https:\/\/vapingnet.de\/"},{"@type":"ListItem","position":2,"name":"Shop","item":"https:\/\/vapingnet.de\/vape\/"},{"@type":"ListItem","position":3,"name":"Kiwi Passion Fruit Geschmack In Der ELF BOX Digital 12000 Langanhaltend"}]},{"@type":"WebSite","@id":"https:\/\/vapingnet.de\/#website","url":"https:\/\/vapingnet.de\/","name":"Vapingnet.de","description":"","publisher":{"@id":"https:\/\/vapingnet.de\/#organization"},"potentialAction":[{"@type":"SearchAction","target":{"@type":"EntryPoint","urlTemplate":"https:\/\/vapingnet.de\/?s={search_term_string}"},"query-input":{"@type":"PropertyValueSpecification","valueRequired":true,"valueName":"search_term_string"}}],"inLanguage":"lt-LT"},{"@type":"Organization","@id":"https:\/\/vapingnet.de\/#organization","name":"Vapingnet.de","url":"https:\/\/vapingnet.de\/","logo":{"@type":"ImageObject","inLanguage":"lt-LT","@id":"https:\/\/vapingnet.de\/#\/schema\/logo\/image\/","url":"https:\/\/vapingnet.de\/wp-content\/uploads\/2025\/03\/cropped-vapingnet.de_.jpg","contentUrl":"https:\/\/vapingnet.de\/wp-content\/uploads\/2025\/03\/cropped-vapingnet.de_.jpg","width":512,"height":512,"caption":"Vapingnet.de"},"image":{"@id":"https:\/\/vapingnet.de\/#\/schema\/logo\/image\/"},"sameAs":["https:\/\/www.facebook.com\/vapingnetde\/"]}]}},"tiered_pricing_type":"fixed","tiered_pricing_fixed_rules":{"10":"7.78","60":"7.00","110":"6.22","200":"5.45"},"tiered_pricing_product_settings":{"layout":"default","base_unit_name":{"singular":null,"plural":null},"default_variation":null},"tiered_pricing_minimum_quantity":null,"tiered_pricing_roles_data":[],"tiered_pricing_percentage_rules":[],"_links":{"self":[{"href":"https:\/\/vapingnet.de\/lt\/wp-json\/wp\/v2\/product\/6373","targetHints":{"allow":["GET"]}}],"collection":[{"href":"https:\/\/vapingnet.de\/lt\/wp-json\/wp\/v2\/product"}],"about":[{"href":"https:\/\/vapingnet.de\/lt\/wp-json\/wp\/v2\/types\/product"}],"version-history":[{"count":3,"href":"https:\/\/vapingnet.de\/lt\/wp-json\/wp\/v2\/product\/6373\/revisions"}],"predecessor-version":[{"id":6387,"href":"https:\/\/vapingnet.de\/lt\/wp-json\/wp\/v2\/product\/6373\/revisions\/6387"}],"wp:featuredmedia":[{"embeddable":true,"href":"https:\/\/vapingnet.de\/lt\/wp-json\/wp\/v2\/media\/6374"}],"wp:attachment":[{"href":"https:\/\/vapingnet.de\/lt\/wp-json\/wp\/v2\/media?parent=6373"}],"wp:term":[{"taxonomy":"brand","embeddable":true,"href":"https:\/\/vapingnet.de\/lt\/wp-json\/wp\/v2\/etheme_brands?post=6373"},{"taxonomy":"product_brand","embeddable":true,"href":"https:\/\/vapingnet.de\/lt\/wp-json\/wp\/v2\/product_brand?post=6373"},{"taxonomy":"product_cat","embeddable":true,"href":"https:\/\/vapingnet.de\/lt\/wp-json\/wp\/v2\/product_cat?post=6373"},{"taxonomy":"product_tag","embeddable":true,"href":"https:\/\/vapingnet.de\/lt\/wp-json\/wp\/v2\/product_tag?post=6373"}],"curies":[{"name":"wp","href":"https:\/\/api.w.org\/{rel}","templated":true}]}}