{"id":6378,"date":"2025-04-15T07:11:32","date_gmt":"2025-04-15T07:11:32","guid":{"rendered":"https:\/\/vapingnet.de\/?post_type=product&#038;p=6378"},"modified":"2025-06-19T03:42:57","modified_gmt":"2025-06-19T03:42:57","slug":"watermelon-bubblegum-geschmack-in-der-elf-box-digital-12000-ideal-fuer-einsteiger","status":"publish","type":"product","link":"https:\/\/vapingnet.de\/lt\/vape\/watermelon-bubblegum-geschmack-in-der-elf-box-digital-12000-ideal-fuer-einsteiger\/","title":{"rendered":"Vynuogi\u0173 gumos skonis ELF BOX Digital 12000 Idealu pradedantiesiems"},"content":{"rendered":"<p class=\"\" data-start=\"0\" data-end=\"283\" data-immersive-translate-walked=\"838981d9-bb22-4d40-8aac-1f4714ac210a\" data-immersive-translate-paragraph=\"1\">ELF BOX Digital 12000 yra i\u0161skirtin\u0117 vienkartin\u0117 elektronin\u0117 cigaret\u0117, pasi\u017eyminti pa\u017eangia technologija ir patraukliu dizainu. Ji si\u016blo vaporiuotojams ideali\u0105 derin\u012f tarp ilgaam\u017ei\u0161kumo, intuityvaus naudojimo ir puikaus skonio patirties.<\/p>\n<h2 data-start=\"285\" data-end=\"350\" data-immersive-translate-walked=\"838981d9-bb22-4d40-8aac-1f4714ac210a\" data-immersive-translate-paragraph=\"1\">Galingos funkcijos pagerintam vaporiavimo patyrimui<\/h2>\n<ul data-start=\"352\" data-end=\"1113\" data-immersive-translate-walked=\"838981d9-bb22-4d40-8aac-1f4714ac210a\">\n<li class=\"\" data-start=\"352\" data-end=\"512\" data-immersive-translate-walked=\"838981d9-bb22-4d40-8aac-1f4714ac210a\">\n<p class=\"\" data-start=\"354\" data-end=\"512\" data-immersive-translate-walked=\"838981d9-bb22-4d40-8aac-1f4714ac210a\" data-immersive-translate-paragraph=\"1\">\u012ekv\u0117pimai: su \u012fsp\u016bdinga 12 000 \u012fkv\u0117pim\u0173 trukme \u0161i elektronin\u0117 cigaret\u0117 si\u016blo nepaprastai ilg\u0105 naudojim\u0105 \u2013 ideali ilgalaikiams vaporiuotojams.<\/p>\n<\/li>\n<li class=\"\" data-start=\"513\" data-end=\"632\" data-immersive-translate-walked=\"838981d9-bb22-4d40-8aac-1f4714ac210a\">\n<p class=\"\" data-start=\"515\" data-end=\"632\" data-immersive-translate-walked=\"838981d9-bb22-4d40-8aac-1f4714ac210a\" data-immersive-translate-paragraph=\"1\">Vamzdelis: Mesh Coil (0,8 Ohm) u\u017etikrina tolyg\u0173 garavim\u0105 ir intensyv\u0173 skon\u012f kiekvieno \u012fkv\u0117pimo metu.<\/p>\n<\/li>\n<li class=\"\" data-start=\"633\" data-end=\"774\" data-immersive-translate-walked=\"838981d9-bb22-4d40-8aac-1f4714ac210a\">\n<p class=\"\" data-start=\"635\" data-end=\"774\" data-immersive-translate-walked=\"838981d9-bb22-4d40-8aac-1f4714ac210a\" data-immersive-translate-paragraph=\"1\">E-liquidas: 25 ml E-liquido leid\u017eia jums naudoti ELF BOX Digital 12000 ilgai, kol reik\u0117s papildyti.<\/p>\n<\/li>\n<li class=\"\" data-start=\"775\" data-end=\"913\" data-immersive-translate-walked=\"838981d9-bb22-4d40-8aac-1f4714ac210a\">\n<p class=\"\" data-start=\"777\" data-end=\"913\" data-immersive-translate-walked=\"838981d9-bb22-4d40-8aac-1f4714ac210a\" data-immersive-translate-paragraph=\"1\">Nikotino pasirinkimai: galite pasirinkti i\u0161 \u012fvairi\u0173 nikotino stiprum\u0173 \u2013 0%, 2%, 3%, 5% \u2013 individualiam vaporiavimo patyrimui.<\/p>\n<\/li>\n<li class=\"\" data-start=\"914\" data-end=\"1013\" data-immersive-translate-walked=\"838981d9-bb22-4d40-8aac-1f4714ac210a\">\n<p class=\"\" data-start=\"916\" data-end=\"1013\" data-immersive-translate-walked=\"838981d9-bb22-4d40-8aac-1f4714ac210a\" data-immersive-translate-paragraph=\"1\">Akumuliatorius: su 500 mAh akumuliatoriumi jis suteikia pakankamai energijos ilgam ELF BOX naudojimui.<\/p>\n<\/li>\n<li class=\"\" data-start=\"1014\" data-end=\"1113\" data-immersive-translate-walked=\"838981d9-bb22-4d40-8aac-1f4714ac210a\">\n<p class=\"\" data-start=\"1016\" data-end=\"1113\" data-immersive-translate-walked=\"838981d9-bb22-4d40-8aac-1f4714ac210a\" data-immersive-translate-paragraph=\"1\">\u012ekrovimo galimyb\u0117: USB-C \u012fkrovimo funkcija u\u017etikrina greit\u0105 ir patog\u0173 \u012fkrovim\u0105.<\/p>\n<\/li>\n<\/ul>\n<h4 data-start=\"1115\" data-end=\"1172\" data-immersive-translate-walked=\"838981d9-bb22-4d40-8aac-1f4714ac210a\" data-immersive-translate-paragraph=\"1\">Paprastas valdymas su patogia skaitmenine rodymo funkcija<\/h4>\n<ul data-start=\"1174\" data-end=\"1493\" data-immersive-translate-walked=\"838981d9-bb22-4d40-8aac-1f4714ac210a\">\n<li class=\"\" data-start=\"1174\" data-end=\"1371\" data-immersive-translate-walked=\"838981d9-bb22-4d40-8aac-1f4714ac210a\">\n<p class=\"\" data-start=\"1176\" data-end=\"1371\" data-immersive-translate-walked=\"838981d9-bb22-4d40-8aac-1f4714ac210a\" data-immersive-translate-paragraph=\"1\">Skaitmeninis rodymas: patogus skaitmeninis ekranas rodo tiek skys\u010dio lyg\u012f, tiek akumuliatoriaus b\u016bsen\u0105, kad visada \u017einotum\u0117te, kiek energijos ir skys\u010dio dar yra.<\/p>\n<\/li>\n<li class=\"\" data-start=\"1372\" data-end=\"1493\" data-immersive-translate-walked=\"838981d9-bb22-4d40-8aac-1f4714ac210a\">\n<p class=\"\" data-start=\"1374\" data-end=\"1493\" data-immersive-translate-walked=\"838981d9-bb22-4d40-8aac-1f4714ac210a\" data-immersive-translate-paragraph=\"1\">Svoris: su tik 82 g svoriu ELF BOX Digital 12000 yra lengva ir patogi naudoti rankoje.<\/p>\n<\/li>\n<\/ul>\n<h4 data-start=\"1495\" data-end=\"1524\" data-immersive-translate-walked=\"838981d9-bb22-4d40-8aac-1f4714ac210a\" data-immersive-translate-paragraph=\"1\">Skonis, kuris \u017eavi<\/h4>\n<ul data-start=\"1526\" data-end=\"1753\" data-immersive-translate-walked=\"838981d9-bb22-4d40-8aac-1f4714ac210a\">\n<li class=\"\" data-start=\"1526\" data-end=\"1753\" data-immersive-translate-walked=\"838981d9-bb22-4d40-8aac-1f4714ac210a\">\n<p class=\"\" data-start=\"1528\" data-end=\"1753\" data-immersive-translate-walked=\"838981d9-bb22-4d40-8aac-1f4714ac210a\" data-immersive-translate-paragraph=\"1\">Watermelon Bubblegum: Vaisi\u0173 arbatos skonio vandens meliono ir saldaus kramtomosios gumos derinys sukuria gaiv\u0173 ir malon\u0173 vaporiavimo patirt\u012f. Puikiai tinka vaporiuotojams, m\u0117gstantiems sald\u017eius ir vaisinius aromatus.<\/p>\n<\/li>\n<\/ul>\n<h3 data-start=\"1755\" data-end=\"1805\" data-immersive-translate-walked=\"838981d9-bb22-4d40-8aac-1f4714ac210a\" data-immersive-translate-paragraph=\"1\">Papildomos ELF BOX Digital 12000 naudos<\/h3>\n<ul data-start=\"1807\" data-end=\"2223\" data-immersive-translate-walked=\"838981d9-bb22-4d40-8aac-1f4714ac210a\">\n<li class=\"\" data-start=\"1807\" data-end=\"1929\" data-immersive-translate-walked=\"838981d9-bb22-4d40-8aac-1f4714ac210a\">\n<p class=\"\" data-start=\"1809\" data-end=\"1929\" data-immersive-translate-walked=\"838981d9-bb22-4d40-8aac-1f4714ac210a\" data-immersive-translate-paragraph=\"1\">Be muit\u0173 siunta: siunta vyksta be muit\u0173, tod\u0117l pirkimas tarptautiniams klientams yra dar patrauklesnis.<\/p>\n<\/li>\n<li class=\"\" data-start=\"1930\" data-end=\"2071\" data-immersive-translate-walked=\"838981d9-bb22-4d40-8aac-1f4714ac210a\">\n<p class=\"\" data-start=\"1932\" data-end=\"2071\" data-immersive-translate-walked=\"838981d9-bb22-4d40-8aac-1f4714ac210a\" data-immersive-translate-paragraph=\"1\">Greitas pristatymas: per tik 7-15 darbo dien\u0173 galite greitai gauti savo ELF BOX Digital 12000.<\/p>\n<\/li>\n<li class=\"\" data-start=\"2072\" data-end=\"2223\" data-immersive-translate-walked=\"838981d9-bb22-4d40-8aac-1f4714ac210a\">\n<p class=\"\" data-start=\"2074\" data-end=\"2223\" data-immersive-translate-walked=\"838981d9-bb22-4d40-8aac-1f4714ac210a\" data-immersive-translate-paragraph=\"1\">Vartotojui draugi\u0161kas: naudojimas yra labai paprastas. Nereikia sud\u0117ting\u0173 nustatym\u0173 \u2013 m\u0117gaukit\u0117s vaporiavimu i\u0161 karto.<\/p>\n<\/li>\n<\/ul>\n<h4 data-start=\"2225\" data-end=\"2268\" data-immersive-translate-walked=\"838981d9-bb22-4d40-8aac-1f4714ac210a\" data-immersive-translate-paragraph=\"1\">Kod\u0117l rinktis ELF BOX Digital 12000?<\/h4>\n<p class=\"\" data-start=\"2270\" data-end=\"2628\" data-immersive-translate-walked=\"838981d9-bb22-4d40-8aac-1f4714ac210a\" data-immersive-translate-paragraph=\"1\">ELF BOX Digital 12000 yra viena geriausi\u0173 galimybi\u0173 vaporiuotojams, ie\u0161kantiems ilgaam\u017e\u0117s, lengvai valdomos ir skon\u012f \u017eavin\u010dios elektronin\u0117s cigaret\u0117s. Ji sujungia ilg\u0105 naudojimo laik\u0105, patog\u0173 valdym\u0105 ir puik\u0173 skon\u012f kompakti\u0161kame ir eleganti\u0161kame dizaine. Ideali kasdieniam naudojimui.<\/p>\n<p class=\"\" data-start=\"2630\" data-end=\"2769\" data-immersive-translate-walked=\"838981d9-bb22-4d40-8aac-1f4714ac210a\" data-immersive-translate-paragraph=\"1\">Apsilankykite vapingnet.de, kad u\u017esisakyti ELF BOX Digital 12000 ir \u012fsitikinti jos na\u0161umu bei skoniu.<\/p>","protected":false},"excerpt":{"rendered":"<p>Die ELF BOX Digital 12000 ist eine au\u00dfergew\u00f6hnliche Einweg-E-Zigarette, die mit fortschrittlicher Technologie und einem ansprechenden Design \u00fcberzeugt. Sie bietet Dampfern die ideale Kombination aus&#8230;<\/p>","protected":false},"featured_media":6383,"template":"","meta":[],"etheme_brands":[],"product_brand":[100],"product_cat":[88,49,61],"product_tag":[],"class_list":{"0":"post-6378","1":"product","2":"type-product","3":"status-publish","4":"has-post-thumbnail","6":"product_brand-elf-box-vape","7":"product_cat-12k-vape","8":"product_cat-einweg-e-zigarette","9":"product_cat-f","11":"first","12":"instock","13":"shipping-taxable","14":"purchasable","15":"product-type-simple"},"yoast_head":"<!-- This site is optimized with the Yoast SEO plugin v26.5 - https:\/\/yoast.com\/wordpress\/plugins\/seo\/ -->\n<title>Watermelon Bubblegum Geschmack In Der ELF BOX Digital 12000 Ideal F\u00fcr Einsteiger | Vapingnet.de<\/title>\n<meta name=\"description\" content=\"Entdecke Watermelon Bubblegum Geschmack In Der ELF BOX Digital 12000 Ideal F\u00fcr Einsteiger bei vapingnet.de, \u25ba Gro\u00dfe Auswahl an Geschmacksrichtungen &amp; super g\u00fcnstig!\" \/>\n<meta name=\"robots\" content=\"index, follow, max-snippet:-1, max-image-preview:large, max-video-preview:-1\" \/>\n<link rel=\"canonical\" href=\"https:\/\/vapingnet.de\/lt\/vape\/watermelon-bubblegum-geschmack-in-der-elf-box-digital-12000-ideal-fuer-einsteiger\/\" \/>\n<meta property=\"og:locale\" content=\"lt_LT\" \/>\n<meta property=\"og:type\" content=\"article\" \/>\n<meta property=\"og:title\" content=\"Watermelon Bubblegum Geschmack In Der ELF BOX Digital 12000 Ideal F\u00fcr Einsteiger | Vapingnet.de\" \/>\n<meta property=\"og:description\" content=\"Entdecke Watermelon Bubblegum Geschmack In Der ELF BOX Digital 12000 Ideal F\u00fcr Einsteiger bei vapingnet.de, \u25ba Gro\u00dfe Auswahl an Geschmacksrichtungen &amp; super g\u00fcnstig!\" \/>\n<meta property=\"og:url\" content=\"https:\/\/vapingnet.de\/lt\/vape\/watermelon-bubblegum-geschmack-in-der-elf-box-digital-12000-ideal-fuer-einsteiger\/\" \/>\n<meta property=\"og:site_name\" content=\"Vapingnet.de\" \/>\n<meta property=\"article:publisher\" content=\"https:\/\/www.facebook.com\/vapingnetde\/\" \/>\n<meta property=\"article:modified_time\" content=\"2025-06-19T03:42:57+00:00\" \/>\n<meta property=\"og:image\" content=\"https:\/\/vapingnet.de\/wp-content\/uploads\/2025\/04\/Watermelon-Bubblegum.webp\" \/>\n\t<meta property=\"og:image:width\" content=\"1000\" \/>\n\t<meta property=\"og:image:height\" content=\"1000\" \/>\n\t<meta property=\"og:image:type\" content=\"image\/webp\" \/>\n<meta name=\"twitter:card\" content=\"summary_large_image\" \/>\n<meta name=\"twitter:label1\" content=\"Est. reading time\" \/>\n\t<meta name=\"twitter:data1\" content=\"3 minutes\" \/>\n<script type=\"application\/ld+json\" class=\"yoast-schema-graph\">{\"@context\":\"https:\/\/schema.org\",\"@graph\":[{\"@type\":\"WebPage\",\"@id\":\"https:\/\/vapingnet.de\/vape\/watermelon-bubblegum-geschmack-in-der-elf-box-digital-12000-ideal-fuer-einsteiger\/\",\"url\":\"https:\/\/vapingnet.de\/vape\/watermelon-bubblegum-geschmack-in-der-elf-box-digital-12000-ideal-fuer-einsteiger\/\",\"name\":\"Watermelon Bubblegum Geschmack In Der ELF BOX Digital 12000 Ideal F\u00fcr Einsteiger | Vapingnet.de\",\"isPartOf\":{\"@id\":\"https:\/\/vapingnet.de\/#website\"},\"primaryImageOfPage\":{\"@id\":\"https:\/\/vapingnet.de\/vape\/watermelon-bubblegum-geschmack-in-der-elf-box-digital-12000-ideal-fuer-einsteiger\/#primaryimage\"},\"image\":{\"@id\":\"https:\/\/vapingnet.de\/vape\/watermelon-bubblegum-geschmack-in-der-elf-box-digital-12000-ideal-fuer-einsteiger\/#primaryimage\"},\"thumbnailUrl\":\"https:\/\/vapingnet.de\/wp-content\/uploads\/2025\/04\/Watermelon-Bubblegum.webp\",\"datePublished\":\"2025-04-15T07:11:32+00:00\",\"dateModified\":\"2025-06-19T03:42:57+00:00\",\"description\":\"Entdecke Watermelon Bubblegum Geschmack In Der ELF BOX Digital 12000 Ideal F\u00fcr Einsteiger bei vapingnet.de, \u25ba Gro\u00dfe Auswahl an Geschmacksrichtungen & super g\u00fcnstig!\",\"breadcrumb\":{\"@id\":\"https:\/\/vapingnet.de\/vape\/watermelon-bubblegum-geschmack-in-der-elf-box-digital-12000-ideal-fuer-einsteiger\/#breadcrumb\"},\"inLanguage\":\"lt-LT\",\"potentialAction\":[{\"@type\":\"ReadAction\",\"target\":[\"https:\/\/vapingnet.de\/vape\/watermelon-bubblegum-geschmack-in-der-elf-box-digital-12000-ideal-fuer-einsteiger\/\"]}]},{\"@type\":\"ImageObject\",\"inLanguage\":\"lt-LT\",\"@id\":\"https:\/\/vapingnet.de\/vape\/watermelon-bubblegum-geschmack-in-der-elf-box-digital-12000-ideal-fuer-einsteiger\/#primaryimage\",\"url\":\"https:\/\/vapingnet.de\/wp-content\/uploads\/2025\/04\/Watermelon-Bubblegum.webp\",\"contentUrl\":\"https:\/\/vapingnet.de\/wp-content\/uploads\/2025\/04\/Watermelon-Bubblegum.webp\",\"width\":1000,\"height\":1000},{\"@type\":\"BreadcrumbList\",\"@id\":\"https:\/\/vapingnet.de\/vape\/watermelon-bubblegum-geschmack-in-der-elf-box-digital-12000-ideal-fuer-einsteiger\/#breadcrumb\",\"itemListElement\":[{\"@type\":\"ListItem\",\"position\":1,\"name\":\"Home\",\"item\":\"https:\/\/vapingnet.de\/\"},{\"@type\":\"ListItem\",\"position\":2,\"name\":\"Shop\",\"item\":\"https:\/\/vapingnet.de\/vape\/\"},{\"@type\":\"ListItem\",\"position\":3,\"name\":\"Watermelon Bubblegum Geschmack In Der ELF BOX Digital 12000 Ideal F\u00fcr Einsteiger\"}]},{\"@type\":\"WebSite\",\"@id\":\"https:\/\/vapingnet.de\/#website\",\"url\":\"https:\/\/vapingnet.de\/\",\"name\":\"Vapingnet.de\",\"description\":\"\",\"publisher\":{\"@id\":\"https:\/\/vapingnet.de\/#organization\"},\"potentialAction\":[{\"@type\":\"SearchAction\",\"target\":{\"@type\":\"EntryPoint\",\"urlTemplate\":\"https:\/\/vapingnet.de\/?s={search_term_string}\"},\"query-input\":{\"@type\":\"PropertyValueSpecification\",\"valueRequired\":true,\"valueName\":\"search_term_string\"}}],\"inLanguage\":\"lt-LT\"},{\"@type\":\"Organization\",\"@id\":\"https:\/\/vapingnet.de\/#organization\",\"name\":\"Vapingnet.de\",\"url\":\"https:\/\/vapingnet.de\/\",\"logo\":{\"@type\":\"ImageObject\",\"inLanguage\":\"lt-LT\",\"@id\":\"https:\/\/vapingnet.de\/#\/schema\/logo\/image\/\",\"url\":\"https:\/\/vapingnet.de\/wp-content\/uploads\/2025\/03\/cropped-vapingnet.de_.jpg\",\"contentUrl\":\"https:\/\/vapingnet.de\/wp-content\/uploads\/2025\/03\/cropped-vapingnet.de_.jpg\",\"width\":512,\"height\":512,\"caption\":\"Vapingnet.de\"},\"image\":{\"@id\":\"https:\/\/vapingnet.de\/#\/schema\/logo\/image\/\"},\"sameAs\":[\"https:\/\/www.facebook.com\/vapingnetde\/\"]}]}<\/script>\n<!-- \/ Yoast SEO plugin. -->","yoast_head_json":{"title":"Watermelon Bubblegum Geschmack In Der ELF BOX Digital 12000 Ideal F\u00fcr Einsteiger | Vapingnet.de","description":"Entdecke Watermelon Bubblegum Geschmack In Der ELF BOX Digital 12000 Ideal F\u00fcr Einsteiger bei vapingnet.de, \u25ba Gro\u00dfe Auswahl an Geschmacksrichtungen & super g\u00fcnstig!","robots":{"index":"index","follow":"follow","max-snippet":"max-snippet:-1","max-image-preview":"max-image-preview:large","max-video-preview":"max-video-preview:-1"},"canonical":"https:\/\/vapingnet.de\/lt\/vape\/watermelon-bubblegum-geschmack-in-der-elf-box-digital-12000-ideal-fuer-einsteiger\/","og_locale":"lt_LT","og_type":"article","og_title":"Watermelon Bubblegum Geschmack In Der ELF BOX Digital 12000 Ideal F\u00fcr Einsteiger | Vapingnet.de","og_description":"Entdecke Watermelon Bubblegum Geschmack In Der ELF BOX Digital 12000 Ideal F\u00fcr Einsteiger bei vapingnet.de, \u25ba Gro\u00dfe Auswahl an Geschmacksrichtungen & super g\u00fcnstig!","og_url":"https:\/\/vapingnet.de\/lt\/vape\/watermelon-bubblegum-geschmack-in-der-elf-box-digital-12000-ideal-fuer-einsteiger\/","og_site_name":"Vapingnet.de","article_publisher":"https:\/\/www.facebook.com\/vapingnetde\/","article_modified_time":"2025-06-19T03:42:57+00:00","og_image":[{"width":1000,"height":1000,"url":"https:\/\/vapingnet.de\/wp-content\/uploads\/2025\/04\/Watermelon-Bubblegum.webp","type":"image\/webp"}],"twitter_card":"summary_large_image","twitter_misc":{"Est. reading time":"3 minutes"},"schema":{"@context":"https:\/\/schema.org","@graph":[{"@type":"WebPage","@id":"https:\/\/vapingnet.de\/vape\/watermelon-bubblegum-geschmack-in-der-elf-box-digital-12000-ideal-fuer-einsteiger\/","url":"https:\/\/vapingnet.de\/vape\/watermelon-bubblegum-geschmack-in-der-elf-box-digital-12000-ideal-fuer-einsteiger\/","name":"Watermelon Bubblegum Geschmack In Der ELF BOX Digital 12000 Ideal F\u00fcr Einsteiger | Vapingnet.de","isPartOf":{"@id":"https:\/\/vapingnet.de\/#website"},"primaryImageOfPage":{"@id":"https:\/\/vapingnet.de\/vape\/watermelon-bubblegum-geschmack-in-der-elf-box-digital-12000-ideal-fuer-einsteiger\/#primaryimage"},"image":{"@id":"https:\/\/vapingnet.de\/vape\/watermelon-bubblegum-geschmack-in-der-elf-box-digital-12000-ideal-fuer-einsteiger\/#primaryimage"},"thumbnailUrl":"https:\/\/vapingnet.de\/wp-content\/uploads\/2025\/04\/Watermelon-Bubblegum.webp","datePublished":"2025-04-15T07:11:32+00:00","dateModified":"2025-06-19T03:42:57+00:00","description":"Entdecke Watermelon Bubblegum Geschmack In Der ELF BOX Digital 12000 Ideal F\u00fcr Einsteiger bei vapingnet.de, \u25ba Gro\u00dfe Auswahl an Geschmacksrichtungen & super g\u00fcnstig!","breadcrumb":{"@id":"https:\/\/vapingnet.de\/vape\/watermelon-bubblegum-geschmack-in-der-elf-box-digital-12000-ideal-fuer-einsteiger\/#breadcrumb"},"inLanguage":"lt-LT","potentialAction":[{"@type":"ReadAction","target":["https:\/\/vapingnet.de\/vape\/watermelon-bubblegum-geschmack-in-der-elf-box-digital-12000-ideal-fuer-einsteiger\/"]}]},{"@type":"ImageObject","inLanguage":"lt-LT","@id":"https:\/\/vapingnet.de\/vape\/watermelon-bubblegum-geschmack-in-der-elf-box-digital-12000-ideal-fuer-einsteiger\/#primaryimage","url":"https:\/\/vapingnet.de\/wp-content\/uploads\/2025\/04\/Watermelon-Bubblegum.webp","contentUrl":"https:\/\/vapingnet.de\/wp-content\/uploads\/2025\/04\/Watermelon-Bubblegum.webp","width":1000,"height":1000},{"@type":"BreadcrumbList","@id":"https:\/\/vapingnet.de\/vape\/watermelon-bubblegum-geschmack-in-der-elf-box-digital-12000-ideal-fuer-einsteiger\/#breadcrumb","itemListElement":[{"@type":"ListItem","position":1,"name":"Home","item":"https:\/\/vapingnet.de\/"},{"@type":"ListItem","position":2,"name":"Shop","item":"https:\/\/vapingnet.de\/vape\/"},{"@type":"ListItem","position":3,"name":"Watermelon Bubblegum Geschmack In Der ELF BOX Digital 12000 Ideal F\u00fcr Einsteiger"}]},{"@type":"WebSite","@id":"https:\/\/vapingnet.de\/#website","url":"https:\/\/vapingnet.de\/","name":"Vapingnet.de","description":"","publisher":{"@id":"https:\/\/vapingnet.de\/#organization"},"potentialAction":[{"@type":"SearchAction","target":{"@type":"EntryPoint","urlTemplate":"https:\/\/vapingnet.de\/?s={search_term_string}"},"query-input":{"@type":"PropertyValueSpecification","valueRequired":true,"valueName":"search_term_string"}}],"inLanguage":"lt-LT"},{"@type":"Organization","@id":"https:\/\/vapingnet.de\/#organization","name":"Vapingnet.de","url":"https:\/\/vapingnet.de\/","logo":{"@type":"ImageObject","inLanguage":"lt-LT","@id":"https:\/\/vapingnet.de\/#\/schema\/logo\/image\/","url":"https:\/\/vapingnet.de\/wp-content\/uploads\/2025\/03\/cropped-vapingnet.de_.jpg","contentUrl":"https:\/\/vapingnet.de\/wp-content\/uploads\/2025\/03\/cropped-vapingnet.de_.jpg","width":512,"height":512,"caption":"Vapingnet.de"},"image":{"@id":"https:\/\/vapingnet.de\/#\/schema\/logo\/image\/"},"sameAs":["https:\/\/www.facebook.com\/vapingnetde\/"]}]}},"tiered_pricing_type":"fixed","tiered_pricing_fixed_rules":{"10":"7.78","60":"7.00","110":"6.22","200":"5.45"},"tiered_pricing_product_settings":{"layout":"default","base_unit_name":{"singular":null,"plural":null},"default_variation":null},"tiered_pricing_minimum_quantity":null,"tiered_pricing_roles_data":[],"tiered_pricing_percentage_rules":[],"_links":{"self":[{"href":"https:\/\/vapingnet.de\/lt\/wp-json\/wp\/v2\/product\/6378","targetHints":{"allow":["GET"]}}],"collection":[{"href":"https:\/\/vapingnet.de\/lt\/wp-json\/wp\/v2\/product"}],"about":[{"href":"https:\/\/vapingnet.de\/lt\/wp-json\/wp\/v2\/types\/product"}],"version-history":[{"count":1,"href":"https:\/\/vapingnet.de\/lt\/wp-json\/wp\/v2\/product\/6378\/revisions"}],"predecessor-version":[{"id":6391,"href":"https:\/\/vapingnet.de\/lt\/wp-json\/wp\/v2\/product\/6378\/revisions\/6391"}],"wp:featuredmedia":[{"embeddable":true,"href":"https:\/\/vapingnet.de\/lt\/wp-json\/wp\/v2\/media\/6383"}],"wp:attachment":[{"href":"https:\/\/vapingnet.de\/lt\/wp-json\/wp\/v2\/media?parent=6378"}],"wp:term":[{"taxonomy":"brand","embeddable":true,"href":"https:\/\/vapingnet.de\/lt\/wp-json\/wp\/v2\/etheme_brands?post=6378"},{"taxonomy":"product_brand","embeddable":true,"href":"https:\/\/vapingnet.de\/lt\/wp-json\/wp\/v2\/product_brand?post=6378"},{"taxonomy":"product_cat","embeddable":true,"href":"https:\/\/vapingnet.de\/lt\/wp-json\/wp\/v2\/product_cat?post=6378"},{"taxonomy":"product_tag","embeddable":true,"href":"https:\/\/vapingnet.de\/lt\/wp-json\/wp\/v2\/product_tag?post=6378"}],"curies":[{"name":"wp","href":"https:\/\/api.w.org\/{rel}","templated":true}]}}