{"id":6379,"date":"2025-04-15T07:11:33","date_gmt":"2025-04-15T07:11:33","guid":{"rendered":"https:\/\/vapingnet.de\/?post_type=product&#038;p=6379"},"modified":"2025-06-19T03:42:56","modified_gmt":"2025-06-19T03:42:56","slug":"coconut-melon-geschmack-mit-der-elf-box-digital-12000-wartungsfrei-und-stylisch","status":"publish","type":"product","link":"https:\/\/vapingnet.de\/lt\/vape\/coconut-melon-geschmack-mit-der-elf-box-digital-12000-wartungsfrei-und-stylisch\/","title":{"rendered":"Kokos\u0173 meliono skonis su ELF BOX Digital 12000 be prie\u017ei\u016bros ir stilingas"},"content":{"rendered":"<h2 data-start=\"0\" data-end=\"71\" data-immersive-translate-walked=\"d84c5749-1589-431b-b41c-18f584339fde\">ELF BOX Digital 12000: Inovatyvi vienkartin\u0117 elektronini\u0173 cigare\u010di\u0173 patirtis<\/h2>\n<p class=\"\" data-start=\"73\" data-end=\"497\" data-immersive-translate-walked=\"d84c5749-1589-431b-b41c-18f584339fde\" data-immersive-translate-paragraph=\"1\">ELF BOX Digital 12000 yra naujausia inovacija vienkartini\u0173 elektronini\u0173 cigare\u010di\u0173 srityje. Su \u012fsp\u016bdingu 12000 \u012fkv\u0117pim\u0173 \u0161is modelis si\u016blo i\u0161skirtin\u012f na\u0161um\u0105, kuris atitinka net reikliausi\u0173 garintoj\u0173 poreikius. Idealiai tinka naudotojams, ie\u0161kantiems ilgalaik\u0117s ir skoningos garinimo patirties, ELF BOX Digital 12000 yra modernus, patogus dizainas su daugybe funkcij\u0173.<\/p>\n<h4 data-start=\"499\" data-end=\"555\" data-immersive-translate-walked=\"d84c5749-1589-431b-b41c-18f584339fde\">Technin\u0117s specifikacijos ELF BOX Digital 12000<\/h4>\n<p class=\"\" data-start=\"557\" data-end=\"1032\" data-immersive-translate-walked=\"d84c5749-1589-431b-b41c-18f584339fde\" data-immersive-translate-paragraph=\"1\">ELF BOX Digital 12000 yra su 0,8 Ohm tinklinio rit\u0117s, u\u017etikrinan\u010dios tolyg\u0173 ir \u0161ilt\u0105 garinim\u0105. Su 25 ml elektroninio skys\u010dio t\u016briu galite m\u0117gautis iki 12000 \u012fkv\u0117pim\u0173, tod\u0117l \u0161is \u012frenginys yra puikus palydovas ilgesn\u0117ms garinimo sesijoms. Naudotojams, norintiems atsisakyti nikotino, ELF BOX taip pat si\u016blomas be nikotino. Galite pasirinkti tarp 0%, 2%, 3% arba 5% nikotino, priklausomai nuo pageidavim\u0173.<\/p>\n<p class=\"\" data-start=\"1034\" data-end=\"1355\" data-immersive-translate-walked=\"d84c5749-1589-431b-b41c-18f584339fde\" data-immersive-translate-paragraph=\"1\">\u012emontuotas 13350-500mAh akumuliatorius u\u017etikrina ilgalaik\u012f veikim\u0105 ir lengvai \u012fkraunamas per Type-C jungt\u012f. Skaitmeninis \u012frenginio ekranas rodo tiek skys\u010dio lyg\u012f, tiek akumuliatoriaus b\u016bsen\u0105, kad visada \u017einotum\u0117te, kada reikia papildyti ar \u012fkrauti.<\/p>\n<h4 data-start=\"1357\" data-end=\"1394\" data-immersive-translate-walked=\"d84c5749-1589-431b-b41c-18f584339fde\">Skonio patirtis: Kokos\u0173 Melionas<\/h4>\n<p class=\"\" data-start=\"1396\" data-end=\"1666\" data-immersive-translate-walked=\"d84c5749-1589-431b-b41c-18f584339fde\" data-immersive-translate-paragraph=\"1\">ELF BOX Digital 12000 yra su gaiviu Kokos\u0173 Meliono skoniu. \u0160i tropin\u0117 kokos\u0173 ir sultingo meliono kombinacija si\u016blo unikali\u0105, vaisi\u0161kai sald\u017ei\u0105 garinimo patirt\u012f, kuri\u0105 galima m\u0117gautis vis\u0105 dien\u0105.<\/p>\n<h3 data-start=\"1668\" data-end=\"1706\" data-immersive-translate-walked=\"d84c5749-1589-431b-b41c-18f584339fde\">ELF BOX Digital 12000 privalumai<\/h3>\n<p class=\"\" data-start=\"1708\" data-end=\"1985\" data-immersive-translate-walked=\"d84c5749-1589-431b-b41c-18f584339fde\" data-immersive-translate-paragraph=\"1\">I\u0161skirtinis ELF BOX Digital 12000 bruo\u017eas yra muit\u0173 mokes\u010di\u0173 neprieinamumas. Tai rei\u0161kia, kad pirkdami \u0161\u012f produkt\u0105 netur\u0117site papildom\u0173 mokes\u010di\u0173 u\u017e muitus ar mokes\u010dius, tod\u0117l tai yra ekonomi\u0161kas pasirinkimas garintojams visose \u0161alyse.<\/p>\n<p class=\"\" data-start=\"1987\" data-end=\"2268\" data-immersive-translate-walked=\"d84c5749-1589-431b-b41c-18f584339fde\" data-immersive-translate-paragraph=\"1\">Be to, naudotojai gali m\u0117gautis patogia ir paprasta naudoti. ELF BOX Digital 12000 yra vienkartinis \u012frenginys, nereikalaujantis sud\u0117tingos prie\u017ei\u016bros ar valymo. Tiesiog i\u0161pakuokite, m\u0117gaukit\u0117s ir i\u0161meskite po naudojimo \u2013 taip paprasta yra garinti su ELF BOX.<\/p>\n<h4 data-start=\"2270\" data-end=\"2301\" data-immersive-translate-walked=\"d84c5749-1589-431b-b41c-18f584339fde\">Pristatymas ir prieinamumas<\/h4>\n<p class=\"\" data-start=\"2303\" data-end=\"2595\" data-immersive-translate-walked=\"d84c5749-1589-431b-b41c-18f584339fde\" data-immersive-translate-paragraph=\"1\">ELF BOX Digital 12000 pristatymas vyksta per 7-15 darbo dien\u0173, tod\u0117l nereik\u0117s ilgai laukti savo naujos garinimo patirties. Galite u\u017esisakyti \u012frengin\u012f tiesiogiai per vapingnet.de, patikim\u0105 platform\u0105, kuri u\u017etikrina greit\u0105 ir patikim\u0105 pristatym\u0105.<\/p>\n<h4 data-start=\"2597\" data-end=\"2606\" data-immersive-translate-walked=\"d84c5749-1589-431b-b41c-18f584339fde\">ELF BOX Digital 12000 \u2013 j\u016bs\u0173 tobulas garinimo palydovas<\/h4>\n<p class=\"\" data-start=\"2608\" data-end=\"3087\" data-immersive-translate-walked=\"d84c5749-1589-431b-b41c-18f584339fde\" data-immersive-translate-paragraph=\"1\">ELF BOX Digital 12000 yra puikus pasirinkimas garintojams, ie\u0161kantiems didelio \u012fkv\u0117pim\u0173 skai\u010diaus ir i\u0161skirtinio skonio patirties. Su pa\u017eangia technologija, patogiu skaitmeniniu ekranu ir pla\u010diu nikotino pasirinkimu \u0161is vienkartinis \u012frenginys atitinka visus reikalavimus kokyb\u0117s ir naudotojo draugi\u0161kumo po\u017ei\u016briu. Pasirinkite ELF BOX Digital 12000 jau \u0161iandien ir patirkite visi\u0161kai nauj\u0105 garinimo patirt\u012f.<\/p>","protected":false},"excerpt":{"rendered":"<p>ELF BOX Digital 12000: Inovatyvi vienkartin\u0117 elektronin\u0117 cigaret\u0117 patirtis ELF BOX Digital 12000 yra naujausia inovacija vienkartini\u0173 elektronini\u0173 cigare\u010di\u0173 srityje. Su \u012fsp\u016bdingu 12000 \u012fkv\u0117pim\u0173 pasi\u016blymu...<\/p>","protected":false},"featured_media":6384,"template":"","meta":[],"etheme_brands":[],"product_brand":[100],"product_cat":[88,49,61],"product_tag":[],"class_list":{"0":"post-6379","1":"product","2":"type-product","3":"status-publish","4":"has-post-thumbnail","6":"product_brand-elf-box-vape","7":"product_cat-12k-vape","8":"product_cat-einweg-e-zigarette","9":"product_cat-f","11":"first","12":"instock","13":"shipping-taxable","14":"purchasable","15":"product-type-simple"},"yoast_head":"<!-- This site is optimized with the Yoast SEO plugin v26.5 - https:\/\/yoast.com\/wordpress\/plugins\/seo\/ -->\n<title>Coconut Melon Geschmack Mit Der ELF BOX Digital 12000 Wartungsfrei Und Stylisch | Vapingnet.de<\/title>\n<meta name=\"description\" content=\"Entdecke Coconut Melon Geschmack Mit Der ELF BOX Digital 12000 Wartungsfrei Und Stylisch bei vapingnet.de, \u25ba Gro\u00dfe Auswahl an Geschmacksrichtungen &amp; super g\u00fcnstig!\" \/>\n<meta name=\"robots\" content=\"index, follow, max-snippet:-1, max-image-preview:large, max-video-preview:-1\" \/>\n<link rel=\"canonical\" href=\"https:\/\/vapingnet.de\/lt\/vape\/coconut-melon-geschmack-mit-der-elf-box-digital-12000-wartungsfrei-und-stylisch\/\" \/>\n<meta property=\"og:locale\" content=\"lt_LT\" \/>\n<meta property=\"og:type\" content=\"article\" \/>\n<meta property=\"og:title\" content=\"Coconut Melon Geschmack Mit Der ELF BOX Digital 12000 Wartungsfrei Und Stylisch | Vapingnet.de\" \/>\n<meta property=\"og:description\" content=\"Entdecke Coconut Melon Geschmack Mit Der ELF BOX Digital 12000 Wartungsfrei Und Stylisch bei vapingnet.de, \u25ba Gro\u00dfe Auswahl an Geschmacksrichtungen &amp; super g\u00fcnstig!\" \/>\n<meta property=\"og:url\" content=\"https:\/\/vapingnet.de\/lt\/vape\/coconut-melon-geschmack-mit-der-elf-box-digital-12000-wartungsfrei-und-stylisch\/\" \/>\n<meta property=\"og:site_name\" content=\"Vapingnet.de\" \/>\n<meta property=\"article:publisher\" content=\"https:\/\/www.facebook.com\/vapingnetde\/\" \/>\n<meta property=\"article:modified_time\" content=\"2025-06-19T03:42:56+00:00\" \/>\n<meta property=\"og:image\" content=\"https:\/\/vapingnet.de\/wp-content\/uploads\/2025\/04\/Coconut-Melon.webp\" \/>\n\t<meta property=\"og:image:width\" content=\"1000\" \/>\n\t<meta property=\"og:image:height\" content=\"1000\" \/>\n\t<meta property=\"og:image:type\" content=\"image\/webp\" \/>\n<meta name=\"twitter:card\" content=\"summary_large_image\" \/>\n<meta name=\"twitter:label1\" content=\"Est. reading time\" \/>\n\t<meta name=\"twitter:data1\" content=\"3 minutes\" \/>\n<script type=\"application\/ld+json\" class=\"yoast-schema-graph\">{\"@context\":\"https:\/\/schema.org\",\"@graph\":[{\"@type\":\"WebPage\",\"@id\":\"https:\/\/vapingnet.de\/vape\/coconut-melon-geschmack-mit-der-elf-box-digital-12000-wartungsfrei-und-stylisch\/\",\"url\":\"https:\/\/vapingnet.de\/vape\/coconut-melon-geschmack-mit-der-elf-box-digital-12000-wartungsfrei-und-stylisch\/\",\"name\":\"Coconut Melon Geschmack Mit Der ELF BOX Digital 12000 Wartungsfrei Und Stylisch | Vapingnet.de\",\"isPartOf\":{\"@id\":\"https:\/\/vapingnet.de\/#website\"},\"primaryImageOfPage\":{\"@id\":\"https:\/\/vapingnet.de\/vape\/coconut-melon-geschmack-mit-der-elf-box-digital-12000-wartungsfrei-und-stylisch\/#primaryimage\"},\"image\":{\"@id\":\"https:\/\/vapingnet.de\/vape\/coconut-melon-geschmack-mit-der-elf-box-digital-12000-wartungsfrei-und-stylisch\/#primaryimage\"},\"thumbnailUrl\":\"https:\/\/vapingnet.de\/wp-content\/uploads\/2025\/04\/Coconut-Melon.webp\",\"datePublished\":\"2025-04-15T07:11:33+00:00\",\"dateModified\":\"2025-06-19T03:42:56+00:00\",\"description\":\"Entdecke Coconut Melon Geschmack Mit Der ELF BOX Digital 12000 Wartungsfrei Und Stylisch bei vapingnet.de, \u25ba Gro\u00dfe Auswahl an Geschmacksrichtungen & super g\u00fcnstig!\",\"breadcrumb\":{\"@id\":\"https:\/\/vapingnet.de\/vape\/coconut-melon-geschmack-mit-der-elf-box-digital-12000-wartungsfrei-und-stylisch\/#breadcrumb\"},\"inLanguage\":\"lt-LT\",\"potentialAction\":[{\"@type\":\"ReadAction\",\"target\":[\"https:\/\/vapingnet.de\/vape\/coconut-melon-geschmack-mit-der-elf-box-digital-12000-wartungsfrei-und-stylisch\/\"]}]},{\"@type\":\"ImageObject\",\"inLanguage\":\"lt-LT\",\"@id\":\"https:\/\/vapingnet.de\/vape\/coconut-melon-geschmack-mit-der-elf-box-digital-12000-wartungsfrei-und-stylisch\/#primaryimage\",\"url\":\"https:\/\/vapingnet.de\/wp-content\/uploads\/2025\/04\/Coconut-Melon.webp\",\"contentUrl\":\"https:\/\/vapingnet.de\/wp-content\/uploads\/2025\/04\/Coconut-Melon.webp\",\"width\":1000,\"height\":1000},{\"@type\":\"BreadcrumbList\",\"@id\":\"https:\/\/vapingnet.de\/vape\/coconut-melon-geschmack-mit-der-elf-box-digital-12000-wartungsfrei-und-stylisch\/#breadcrumb\",\"itemListElement\":[{\"@type\":\"ListItem\",\"position\":1,\"name\":\"Home\",\"item\":\"https:\/\/vapingnet.de\/\"},{\"@type\":\"ListItem\",\"position\":2,\"name\":\"Shop\",\"item\":\"https:\/\/vapingnet.de\/vape\/\"},{\"@type\":\"ListItem\",\"position\":3,\"name\":\"Coconut Melon Geschmack Mit Der ELF BOX Digital 12000 Wartungsfrei Und Stylisch\"}]},{\"@type\":\"WebSite\",\"@id\":\"https:\/\/vapingnet.de\/#website\",\"url\":\"https:\/\/vapingnet.de\/\",\"name\":\"Vapingnet.de\",\"description\":\"\",\"publisher\":{\"@id\":\"https:\/\/vapingnet.de\/#organization\"},\"potentialAction\":[{\"@type\":\"SearchAction\",\"target\":{\"@type\":\"EntryPoint\",\"urlTemplate\":\"https:\/\/vapingnet.de\/?s={search_term_string}\"},\"query-input\":{\"@type\":\"PropertyValueSpecification\",\"valueRequired\":true,\"valueName\":\"search_term_string\"}}],\"inLanguage\":\"lt-LT\"},{\"@type\":\"Organization\",\"@id\":\"https:\/\/vapingnet.de\/#organization\",\"name\":\"Vapingnet.de\",\"url\":\"https:\/\/vapingnet.de\/\",\"logo\":{\"@type\":\"ImageObject\",\"inLanguage\":\"lt-LT\",\"@id\":\"https:\/\/vapingnet.de\/#\/schema\/logo\/image\/\",\"url\":\"https:\/\/vapingnet.de\/wp-content\/uploads\/2025\/03\/cropped-vapingnet.de_.jpg\",\"contentUrl\":\"https:\/\/vapingnet.de\/wp-content\/uploads\/2025\/03\/cropped-vapingnet.de_.jpg\",\"width\":512,\"height\":512,\"caption\":\"Vapingnet.de\"},\"image\":{\"@id\":\"https:\/\/vapingnet.de\/#\/schema\/logo\/image\/\"},\"sameAs\":[\"https:\/\/www.facebook.com\/vapingnetde\/\"]}]}<\/script>\n<!-- \/ Yoast SEO plugin. -->","yoast_head_json":{"title":"Coconut Melon Geschmack Mit Der ELF BOX Digital 12000 Wartungsfrei Und Stylisch | Vapingnet.de","description":"Entdecke Coconut Melon Geschmack Mit Der ELF BOX Digital 12000 Wartungsfrei Und Stylisch bei vapingnet.de, \u25ba Gro\u00dfe Auswahl an Geschmacksrichtungen & super g\u00fcnstig!","robots":{"index":"index","follow":"follow","max-snippet":"max-snippet:-1","max-image-preview":"max-image-preview:large","max-video-preview":"max-video-preview:-1"},"canonical":"https:\/\/vapingnet.de\/lt\/vape\/coconut-melon-geschmack-mit-der-elf-box-digital-12000-wartungsfrei-und-stylisch\/","og_locale":"lt_LT","og_type":"article","og_title":"Coconut Melon Geschmack Mit Der ELF BOX Digital 12000 Wartungsfrei Und Stylisch | Vapingnet.de","og_description":"Entdecke Coconut Melon Geschmack Mit Der ELF BOX Digital 12000 Wartungsfrei Und Stylisch bei vapingnet.de, \u25ba Gro\u00dfe Auswahl an Geschmacksrichtungen & super g\u00fcnstig!","og_url":"https:\/\/vapingnet.de\/lt\/vape\/coconut-melon-geschmack-mit-der-elf-box-digital-12000-wartungsfrei-und-stylisch\/","og_site_name":"Vapingnet.de","article_publisher":"https:\/\/www.facebook.com\/vapingnetde\/","article_modified_time":"2025-06-19T03:42:56+00:00","og_image":[{"width":1000,"height":1000,"url":"https:\/\/vapingnet.de\/wp-content\/uploads\/2025\/04\/Coconut-Melon.webp","type":"image\/webp"}],"twitter_card":"summary_large_image","twitter_misc":{"Est. reading time":"3 minutes"},"schema":{"@context":"https:\/\/schema.org","@graph":[{"@type":"WebPage","@id":"https:\/\/vapingnet.de\/vape\/coconut-melon-geschmack-mit-der-elf-box-digital-12000-wartungsfrei-und-stylisch\/","url":"https:\/\/vapingnet.de\/vape\/coconut-melon-geschmack-mit-der-elf-box-digital-12000-wartungsfrei-und-stylisch\/","name":"Coconut Melon Geschmack Mit Der ELF BOX Digital 12000 Wartungsfrei Und Stylisch | Vapingnet.de","isPartOf":{"@id":"https:\/\/vapingnet.de\/#website"},"primaryImageOfPage":{"@id":"https:\/\/vapingnet.de\/vape\/coconut-melon-geschmack-mit-der-elf-box-digital-12000-wartungsfrei-und-stylisch\/#primaryimage"},"image":{"@id":"https:\/\/vapingnet.de\/vape\/coconut-melon-geschmack-mit-der-elf-box-digital-12000-wartungsfrei-und-stylisch\/#primaryimage"},"thumbnailUrl":"https:\/\/vapingnet.de\/wp-content\/uploads\/2025\/04\/Coconut-Melon.webp","datePublished":"2025-04-15T07:11:33+00:00","dateModified":"2025-06-19T03:42:56+00:00","description":"Entdecke Coconut Melon Geschmack Mit Der ELF BOX Digital 12000 Wartungsfrei Und Stylisch bei vapingnet.de, \u25ba Gro\u00dfe Auswahl an Geschmacksrichtungen & super g\u00fcnstig!","breadcrumb":{"@id":"https:\/\/vapingnet.de\/vape\/coconut-melon-geschmack-mit-der-elf-box-digital-12000-wartungsfrei-und-stylisch\/#breadcrumb"},"inLanguage":"lt-LT","potentialAction":[{"@type":"ReadAction","target":["https:\/\/vapingnet.de\/vape\/coconut-melon-geschmack-mit-der-elf-box-digital-12000-wartungsfrei-und-stylisch\/"]}]},{"@type":"ImageObject","inLanguage":"lt-LT","@id":"https:\/\/vapingnet.de\/vape\/coconut-melon-geschmack-mit-der-elf-box-digital-12000-wartungsfrei-und-stylisch\/#primaryimage","url":"https:\/\/vapingnet.de\/wp-content\/uploads\/2025\/04\/Coconut-Melon.webp","contentUrl":"https:\/\/vapingnet.de\/wp-content\/uploads\/2025\/04\/Coconut-Melon.webp","width":1000,"height":1000},{"@type":"BreadcrumbList","@id":"https:\/\/vapingnet.de\/vape\/coconut-melon-geschmack-mit-der-elf-box-digital-12000-wartungsfrei-und-stylisch\/#breadcrumb","itemListElement":[{"@type":"ListItem","position":1,"name":"Home","item":"https:\/\/vapingnet.de\/"},{"@type":"ListItem","position":2,"name":"Shop","item":"https:\/\/vapingnet.de\/vape\/"},{"@type":"ListItem","position":3,"name":"Coconut Melon Geschmack Mit Der ELF BOX Digital 12000 Wartungsfrei Und Stylisch"}]},{"@type":"WebSite","@id":"https:\/\/vapingnet.de\/#website","url":"https:\/\/vapingnet.de\/","name":"Vapingnet.de","description":"","publisher":{"@id":"https:\/\/vapingnet.de\/#organization"},"potentialAction":[{"@type":"SearchAction","target":{"@type":"EntryPoint","urlTemplate":"https:\/\/vapingnet.de\/?s={search_term_string}"},"query-input":{"@type":"PropertyValueSpecification","valueRequired":true,"valueName":"search_term_string"}}],"inLanguage":"lt-LT"},{"@type":"Organization","@id":"https:\/\/vapingnet.de\/#organization","name":"Vapingnet.de","url":"https:\/\/vapingnet.de\/","logo":{"@type":"ImageObject","inLanguage":"lt-LT","@id":"https:\/\/vapingnet.de\/#\/schema\/logo\/image\/","url":"https:\/\/vapingnet.de\/wp-content\/uploads\/2025\/03\/cropped-vapingnet.de_.jpg","contentUrl":"https:\/\/vapingnet.de\/wp-content\/uploads\/2025\/03\/cropped-vapingnet.de_.jpg","width":512,"height":512,"caption":"Vapingnet.de"},"image":{"@id":"https:\/\/vapingnet.de\/#\/schema\/logo\/image\/"},"sameAs":["https:\/\/www.facebook.com\/vapingnetde\/"]}]}},"tiered_pricing_type":"fixed","tiered_pricing_fixed_rules":{"10":"7.78","60":"7.00","110":"6.22","200":"5.45"},"tiered_pricing_product_settings":{"layout":"default","base_unit_name":{"singular":null,"plural":null},"default_variation":null},"tiered_pricing_minimum_quantity":null,"tiered_pricing_roles_data":[],"tiered_pricing_percentage_rules":[],"_links":{"self":[{"href":"https:\/\/vapingnet.de\/lt\/wp-json\/wp\/v2\/product\/6379","targetHints":{"allow":["GET"]}}],"collection":[{"href":"https:\/\/vapingnet.de\/lt\/wp-json\/wp\/v2\/product"}],"about":[{"href":"https:\/\/vapingnet.de\/lt\/wp-json\/wp\/v2\/types\/product"}],"version-history":[{"count":2,"href":"https:\/\/vapingnet.de\/lt\/wp-json\/wp\/v2\/product\/6379\/revisions"}],"predecessor-version":[{"id":6393,"href":"https:\/\/vapingnet.de\/lt\/wp-json\/wp\/v2\/product\/6379\/revisions\/6393"}],"wp:featuredmedia":[{"embeddable":true,"href":"https:\/\/vapingnet.de\/lt\/wp-json\/wp\/v2\/media\/6384"}],"wp:attachment":[{"href":"https:\/\/vapingnet.de\/lt\/wp-json\/wp\/v2\/media?parent=6379"}],"wp:term":[{"taxonomy":"brand","embeddable":true,"href":"https:\/\/vapingnet.de\/lt\/wp-json\/wp\/v2\/etheme_brands?post=6379"},{"taxonomy":"product_brand","embeddable":true,"href":"https:\/\/vapingnet.de\/lt\/wp-json\/wp\/v2\/product_brand?post=6379"},{"taxonomy":"product_cat","embeddable":true,"href":"https:\/\/vapingnet.de\/lt\/wp-json\/wp\/v2\/product_cat?post=6379"},{"taxonomy":"product_tag","embeddable":true,"href":"https:\/\/vapingnet.de\/lt\/wp-json\/wp\/v2\/product_tag?post=6379"}],"curies":[{"name":"wp","href":"https:\/\/api.w.org\/{rel}","templated":true}]}}