{"id":6407,"date":"2025-04-21T06:59:37","date_gmt":"2025-04-21T06:59:37","guid":{"rendered":"https:\/\/vapingnet.de\/?post_type=product&#038;p=6407"},"modified":"2025-06-19T03:42:55","modified_gmt":"2025-06-19T03:42:55","slug":"elf-box-ls15000-der-bestseller-mit-blueberry-on-ice-jetzt-fuer-dich","status":"publish","type":"product","link":"https:\/\/vapingnet.de\/lt\/vape\/elf-box-ls15000-der-bestseller-mit-blueberry-on-ice-jetzt-fuer-dich\/","title":{"rendered":"ELF BOX LS15000 \u2013 bestseleris su Blueberry On Ice, dabar Jums"},"content":{"rendered":"<h2 data-start=\"0\" data-end=\"68\" data-immersive-translate-walked=\"0f74c40b-b751-4746-8f94-a9a330431290\">Elf Box LS15000 \u2013 Auk\u0161\u010diausias pasirinkimas reikliems vaporiams<\/h2>\n<p class=\"\" data-start=\"70\" data-end=\"420\" data-immersive-translate-walked=\"0f74c40b-b751-4746-8f94-a9a330431290\" data-immersive-translate-paragraph=\"1\">Reikliems vaporiams, ie\u0161kantiems ilgalaikio ir kokybi\u0161ko potyrio, ELF BOX LS15000 yra puikus pasirinkimas. Su \u012fsp\u016bdingu 15 000 \u012fkv\u0117pim\u0173 talpa ir patogia pakraunama funkcija, \u0161i vienkartin\u0117 elektronin\u0117 cigaret\u0117 suteikia visk\u0105, ko galima tik\u0117tis i\u0161 \u0161iuolaikinio vape produkto.<\/p>\n<h4 data-start=\"422\" data-end=\"452\" data-immersive-translate-walked=\"0f74c40b-b751-4746-8f94-a9a330431290\">Technin\u0117s specifikacijos<\/h4>\n<ul data-start=\"454\" data-end=\"644\" data-immersive-translate-walked=\"0f74c40b-b751-4746-8f94-a9a330431290\">\n<li class=\"\" data-start=\"454\" data-end=\"473\" data-immersive-translate-walked=\"0f74c40b-b751-4746-8f94-a9a330431290\">\n<p class=\"\" data-start=\"456\" data-end=\"473\" data-immersive-translate-walked=\"0f74c40b-b751-4746-8f94-a9a330431290\" data-immersive-translate-paragraph=\"1\">\u012ekv\u0117pimai: 15 000<\/p>\n<\/li>\n<li class=\"\" data-start=\"474\" data-end=\"505\" data-immersive-translate-walked=\"0f74c40b-b751-4746-8f94-a9a330431290\">\n<p class=\"\" data-start=\"476\" data-end=\"505\" data-immersive-translate-walked=\"0f74c40b-b751-4746-8f94-a9a330431290\" data-immersive-translate-paragraph=\"1\">\u0160erdis: Tinklelio rit\u0117 (0,6 Ohm)<\/p>\n<\/li>\n<li class=\"\" data-start=\"506\" data-end=\"526\" data-immersive-translate-walked=\"0f74c40b-b751-4746-8f94-a9a330431290\">\n<p class=\"\" data-start=\"508\" data-end=\"526\" data-immersive-translate-walked=\"0f74c40b-b751-4746-8f94-a9a330431290\" data-immersive-translate-paragraph=\"1\">E-skystis: 26ml<\/p>\n<\/li>\n<li class=\"\" data-start=\"527\" data-end=\"552\" data-immersive-translate-walked=\"0f74c40b-b751-4746-8f94-a9a330431290\">\n<p class=\"\" data-start=\"529\" data-end=\"552\" data-immersive-translate-walked=\"0f74c40b-b751-4746-8f94-a9a330431290\" data-immersive-translate-paragraph=\"1\">Nikotinas: 0%, 2%, 5%<\/p>\n<\/li>\n<li class=\"\" data-start=\"553\" data-end=\"575\" data-immersive-translate-walked=\"0f74c40b-b751-4746-8f94-a9a330431290\">\n<p class=\"\" data-start=\"555\" data-end=\"575\" data-immersive-translate-walked=\"0f74c40b-b751-4746-8f94-a9a330431290\" data-immersive-translate-paragraph=\"1\">Baterija: 600mAh<\/p>\n<\/li>\n<li class=\"\" data-start=\"576\" data-end=\"618\" data-immersive-translate-walked=\"0f74c40b-b751-4746-8f94-a9a330431290\">\n<p class=\"\" data-start=\"578\" data-end=\"618\" data-immersive-translate-walked=\"0f74c40b-b751-4746-8f94-a9a330431290\" data-immersive-translate-paragraph=\"1\">Pakraunama: Taip, per USB Type-C<\/p>\n<\/li>\n<li class=\"\" data-start=\"619\" data-end=\"644\" data-immersive-translate-walked=\"0f74c40b-b751-4746-8f94-a9a330431290\">\n<p class=\"\" data-start=\"621\" data-end=\"644\" data-immersive-translate-walked=\"0f74c40b-b751-4746-8f94-a9a330431290\" data-immersive-translate-paragraph=\"1\">Produkto svoris: 91g<\/p>\n<\/li>\n<\/ul>\n<h4 data-start=\"646\" data-end=\"693\" data-immersive-translate-walked=\"0f74c40b-b751-4746-8f94-a9a330431290\">Pa\u017eangi technologija geriausiam skoniui<\/h4>\n<p class=\"\" data-start=\"695\" data-end=\"1087\" data-immersive-translate-walked=\"0f74c40b-b751-4746-8f94-a9a330431290\" data-immersive-translate-paragraph=\"1\">ELF BOX LS15000 yra su tinklelio rit\u0117, u\u017etikrinan\u010dia tolyg\u0173 garavim\u0105 ir intensyvesn\u012f skon\u012f. 0,6 Ohm var\u017ea leid\u017eia optimal\u0173 vap\u0105, tinkam\u0105 tiek pradedantiesiems, tiek patyrusiems vaporiams. D\u0117l didel\u0117s 26ml E-skys\u010dio talpos galite naudotis ilg\u0105 laik\u0105 be nuolatinio papildymo.<\/p>\n<h4 data-start=\"1089\" data-end=\"1138\" data-immersive-translate-walked=\"0f74c40b-b751-4746-8f94-a9a330431290\">Blueberry On Ice \u2013 gaivus skonis<\/h4>\n<p class=\"\" data-start=\"1140\" data-end=\"1488\" data-immersive-translate-walked=\"0f74c40b-b751-4746-8f94-a9a330431290\" data-immersive-translate-paragraph=\"1\">Vienas i\u0161 i\u0161skirtiniausi\u0173 ELF BOX LS15000 bruo\u017e\u0173 yra unikalus \u201eBlueberry On Ice\u201c skonis. \u0160is skonis jungia \u0161vie\u017ei\u0173 m\u0117lyni\u0173 saldum\u0105 su malonia \u0161altumu, kuris gaivina gomur\u012f ir sukuria jaudinant\u012f vapavimo potyr\u012f. Puikiai tinka tiems, kurie m\u0117gsta vaisinius ir gaivinan\u010dius aromatus.<\/p>\n<h4 data-start=\"1490\" data-end=\"1520\" data-immersive-translate-walked=\"0f74c40b-b751-4746-8f94-a9a330431290\">Patogumas ir komfortas<\/h4>\n<p class=\"\" data-start=\"1522\" data-end=\"1873\" data-immersive-translate-walked=\"0f74c40b-b751-4746-8f94-a9a330431290\" data-immersive-translate-paragraph=\"1\">ELF BOX LS15000 sveria tik 91g, tod\u0117l yra lengva ir patogi ne\u0161iotis ki\u0161en\u0117je ar rankin\u0117je. Pakraunama funkcija per USB Type-C u\u017etikrina, kad niekada nepraleisite vapavimo malonumo. Galite lengvai ir greitai \u012fkrauti savo elektronin\u0119 cigaret\u0119, nereik\u0117s pirkti papildom\u0173 baterij\u0173.<\/p>\n<h3 data-start=\"1875\" data-end=\"1903\" data-immersive-translate-walked=\"0f74c40b-b751-4746-8f94-a9a330431290\">Privalumai i\u0161kart<\/h3>\n<ul data-start=\"1905\" data-end=\"2366\" data-immersive-translate-walked=\"0f74c40b-b751-4746-8f94-a9a330431290\">\n<li class=\"\" data-start=\"1905\" data-end=\"2010\" data-immersive-translate-walked=\"0f74c40b-b751-4746-8f94-a9a330431290\">\n<p class=\"\" data-start=\"1907\" data-end=\"2010\" data-immersive-translate-walked=\"0f74c40b-b751-4746-8f94-a9a330431290\" data-immersive-translate-paragraph=\"1\">Be muit\u0173 mokes\u010di\u0173: didelis prana\u0161umas klientams Lietuvoje, nes papildom\u0173 i\u0161laid\u0173 n\u0117ra.<\/p>\n<\/li>\n<li class=\"\" data-start=\"2011\" data-end=\"2134\" data-immersive-translate-walked=\"0f74c40b-b751-4746-8f94-a9a330431290\">\n<p class=\"\" data-start=\"2013\" data-end=\"2134\" data-immersive-translate-walked=\"0f74c40b-b751-4746-8f94-a9a330431290\" data-immersive-translate-paragraph=\"1\">Ilga tarnavimo trukm\u0117: su 15 000 \u012fkv\u0117pim\u0173 ELF BOX LS15000 yra viena i\u0161 ilgaam\u017ei\u0161kiausi\u0173 vienkartini\u0173 elektronini\u0173 cigare\u010di\u0173 rinkoje.<\/p>\n<\/li>\n<li class=\"\" data-start=\"2135\" data-end=\"2255\" data-immersive-translate-walked=\"0f74c40b-b751-4746-8f94-a9a330431290\">\n<p class=\"\" data-start=\"2137\" data-end=\"2255\" data-immersive-translate-walked=\"0f74c40b-b751-4746-8f94-a9a330431290\" data-immersive-translate-paragraph=\"1\">\u012evairios nikotino stiprumo galimyb\u0117s: galite pasirinkti tarp 0%, 2% ir 5% nikotino, kad rastum\u0117te savo m\u0117gstam\u0105 stiprum\u0105.<\/p>\n<\/li>\n<li class=\"\" data-start=\"2256\" data-end=\"2366\" data-immersive-translate-walked=\"0f74c40b-b751-4746-8f94-a9a330431290\">\n<p class=\"\" data-start=\"2258\" data-end=\"2366\" data-immersive-translate-walked=\"0f74c40b-b751-4746-8f94-a9a330431290\" data-immersive-translate-paragraph=\"1\">Gaivus skonis: \u201eBlueberry On Ice\u201c yra puikus vaisinio saldumo ir \u0161alto gaivumo mi\u0161inys.<\/p>\n<\/li>\n<\/ul>\n<h4 data-start=\"2368\" data-end=\"2397\" data-immersive-translate-walked=\"0f74c40b-b751-4746-8f94-a9a330431290\">Pristatymas ir prieinamumas<\/h4>\n<p class=\"\" data-start=\"2399\" data-end=\"2648\" data-immersive-translate-walked=\"0f74c40b-b751-4746-8f94-a9a330431290\" data-immersive-translate-paragraph=\"1\">ELF BOX LS15000 yra prieinama vapingnet.de, su pristatymo laiku nuo 7 iki 15 darbo dien\u0173. D\u0117l tarptautinio siuntimo galite m\u0117gautis greitu pristatymu, nesir\u016bpindami muito mokes\u010diais.<\/p>\n<p class=\"\" data-start=\"2661\" data-end=\"3084\" data-immersive-translate-walked=\"0f74c40b-b751-4746-8f94-a9a330431290\" data-immersive-translate-paragraph=\"1\">ELF BOX LS15000 si\u016blo visk\u0105, ko galite tik\u0117tis i\u0161 \u0161iuolaikin\u0117s vienkartin\u0117s elektronin\u0117s cigaret\u0117s: didel\u012f akumuliatoriaus talp\u0105, puik\u0173 skon\u012f ir patog\u0173, \u012fkraunam\u0105 naudojim\u0105. Su gaiviu \u201eBlueberry On Ice\u201c skoniu ir patogia valdymo sistema ji yra ideali pasirinkimas kiekvienam garintojui. Apsilankykite vapingnet.de, kad \u012fsigytum\u0117te savo kopij\u0105 ir pakeltum\u0117te savo garinimo patirt\u012f \u012f kit\u0105 lyg\u012f.<\/p>","protected":false},"excerpt":{"rendered":"<p>Elf Box LS15000 \u2013 Galutinis pasirinkimas reikliems garintojams Jei ie\u0161kote ilgalaik\u0117s ir kokybi\u0161kos patirties, tai...<\/p>","protected":false},"featured_media":6412,"template":"","meta":[],"etheme_brands":[],"product_brand":[100],"product_cat":[53,49,61],"product_tag":[],"class_list":{"0":"post-6407","1":"product","2":"type-product","3":"status-publish","4":"has-post-thumbnail","6":"product_brand-elf-box-vape","7":"product_cat-vape-15000-zuege","8":"product_cat-einweg-e-zigarette","9":"product_cat-f","11":"first","12":"instock","13":"shipping-taxable","14":"purchasable","15":"product-type-simple"},"yoast_head":"<!-- This site is optimized with the Yoast SEO plugin v26.5 - https:\/\/yoast.com\/wordpress\/plugins\/seo\/ -->\n<title>ELF BOX LS15000 Der Bestseller Mit Blueberry On Ice Jetzt F\u00fcr Dich | Vapingnet.de<\/title>\n<meta name=\"description\" content=\"Entdecke ELF BOX LS15000 Der Bestseller Mit Blueberry On Ice Jetzt F\u00fcr Dich bei vapingnet.de, \u25ba Gro\u00dfe Auswahl an Geschmacksrichtungen &amp; super g\u00fcnstig!\" \/>\n<meta name=\"robots\" content=\"index, follow, max-snippet:-1, max-image-preview:large, max-video-preview:-1\" \/>\n<link rel=\"canonical\" href=\"https:\/\/vapingnet.de\/lt\/vape\/elf-box-ls15000-der-bestseller-mit-blueberry-on-ice-jetzt-fuer-dich\/\" \/>\n<meta property=\"og:locale\" content=\"lt_LT\" \/>\n<meta property=\"og:type\" content=\"article\" \/>\n<meta property=\"og:title\" content=\"ELF BOX LS15000 Der Bestseller Mit Blueberry On Ice Jetzt F\u00fcr Dich | Vapingnet.de\" \/>\n<meta property=\"og:description\" content=\"Entdecke ELF BOX LS15000 Der Bestseller Mit Blueberry On Ice Jetzt F\u00fcr Dich bei vapingnet.de, \u25ba Gro\u00dfe Auswahl an Geschmacksrichtungen &amp; super g\u00fcnstig!\" \/>\n<meta property=\"og:url\" content=\"https:\/\/vapingnet.de\/lt\/vape\/elf-box-ls15000-der-bestseller-mit-blueberry-on-ice-jetzt-fuer-dich\/\" \/>\n<meta property=\"og:site_name\" content=\"Vapingnet.de\" \/>\n<meta property=\"article:publisher\" content=\"https:\/\/www.facebook.com\/vapingnetde\/\" \/>\n<meta property=\"article:modified_time\" content=\"2025-06-19T03:42:55+00:00\" \/>\n<meta property=\"og:image\" content=\"https:\/\/vapingnet.de\/wp-content\/uploads\/2025\/04\/Blueberry-On-Ice.webp\" \/>\n\t<meta property=\"og:image:width\" content=\"1000\" \/>\n\t<meta property=\"og:image:height\" content=\"1000\" \/>\n\t<meta property=\"og:image:type\" content=\"image\/webp\" \/>\n<meta name=\"twitter:card\" content=\"summary_large_image\" \/>\n<meta name=\"twitter:label1\" content=\"Est. reading time\" \/>\n\t<meta name=\"twitter:data1\" content=\"3 minutes\" \/>\n<script type=\"application\/ld+json\" class=\"yoast-schema-graph\">{\"@context\":\"https:\/\/schema.org\",\"@graph\":[{\"@type\":\"WebPage\",\"@id\":\"https:\/\/vapingnet.de\/vape\/elf-box-ls15000-der-bestseller-mit-blueberry-on-ice-jetzt-fuer-dich\/\",\"url\":\"https:\/\/vapingnet.de\/vape\/elf-box-ls15000-der-bestseller-mit-blueberry-on-ice-jetzt-fuer-dich\/\",\"name\":\"ELF BOX LS15000 Der Bestseller Mit Blueberry On Ice Jetzt F\u00fcr Dich | Vapingnet.de\",\"isPartOf\":{\"@id\":\"https:\/\/vapingnet.de\/#website\"},\"primaryImageOfPage\":{\"@id\":\"https:\/\/vapingnet.de\/vape\/elf-box-ls15000-der-bestseller-mit-blueberry-on-ice-jetzt-fuer-dich\/#primaryimage\"},\"image\":{\"@id\":\"https:\/\/vapingnet.de\/vape\/elf-box-ls15000-der-bestseller-mit-blueberry-on-ice-jetzt-fuer-dich\/#primaryimage\"},\"thumbnailUrl\":\"https:\/\/vapingnet.de\/wp-content\/uploads\/2025\/04\/Blueberry-On-Ice.webp\",\"datePublished\":\"2025-04-21T06:59:37+00:00\",\"dateModified\":\"2025-06-19T03:42:55+00:00\",\"description\":\"Entdecke ELF BOX LS15000 Der Bestseller Mit Blueberry On Ice Jetzt F\u00fcr Dich bei vapingnet.de, \u25ba Gro\u00dfe Auswahl an Geschmacksrichtungen & super g\u00fcnstig!\",\"breadcrumb\":{\"@id\":\"https:\/\/vapingnet.de\/vape\/elf-box-ls15000-der-bestseller-mit-blueberry-on-ice-jetzt-fuer-dich\/#breadcrumb\"},\"inLanguage\":\"lt-LT\",\"potentialAction\":[{\"@type\":\"ReadAction\",\"target\":[\"https:\/\/vapingnet.de\/vape\/elf-box-ls15000-der-bestseller-mit-blueberry-on-ice-jetzt-fuer-dich\/\"]}]},{\"@type\":\"ImageObject\",\"inLanguage\":\"lt-LT\",\"@id\":\"https:\/\/vapingnet.de\/vape\/elf-box-ls15000-der-bestseller-mit-blueberry-on-ice-jetzt-fuer-dich\/#primaryimage\",\"url\":\"https:\/\/vapingnet.de\/wp-content\/uploads\/2025\/04\/Blueberry-On-Ice.webp\",\"contentUrl\":\"https:\/\/vapingnet.de\/wp-content\/uploads\/2025\/04\/Blueberry-On-Ice.webp\",\"width\":1000,\"height\":1000},{\"@type\":\"BreadcrumbList\",\"@id\":\"https:\/\/vapingnet.de\/vape\/elf-box-ls15000-der-bestseller-mit-blueberry-on-ice-jetzt-fuer-dich\/#breadcrumb\",\"itemListElement\":[{\"@type\":\"ListItem\",\"position\":1,\"name\":\"Home\",\"item\":\"https:\/\/vapingnet.de\/\"},{\"@type\":\"ListItem\",\"position\":2,\"name\":\"Shop\",\"item\":\"https:\/\/vapingnet.de\/vape\/\"},{\"@type\":\"ListItem\",\"position\":3,\"name\":\"ELF BOX LS15000 Der Bestseller Mit Blueberry On Ice Jetzt F\u00fcr Dich\"}]},{\"@type\":\"WebSite\",\"@id\":\"https:\/\/vapingnet.de\/#website\",\"url\":\"https:\/\/vapingnet.de\/\",\"name\":\"Vapingnet.de\",\"description\":\"\",\"publisher\":{\"@id\":\"https:\/\/vapingnet.de\/#organization\"},\"potentialAction\":[{\"@type\":\"SearchAction\",\"target\":{\"@type\":\"EntryPoint\",\"urlTemplate\":\"https:\/\/vapingnet.de\/?s={search_term_string}\"},\"query-input\":{\"@type\":\"PropertyValueSpecification\",\"valueRequired\":true,\"valueName\":\"search_term_string\"}}],\"inLanguage\":\"lt-LT\"},{\"@type\":\"Organization\",\"@id\":\"https:\/\/vapingnet.de\/#organization\",\"name\":\"Vapingnet.de\",\"url\":\"https:\/\/vapingnet.de\/\",\"logo\":{\"@type\":\"ImageObject\",\"inLanguage\":\"lt-LT\",\"@id\":\"https:\/\/vapingnet.de\/#\/schema\/logo\/image\/\",\"url\":\"https:\/\/vapingnet.de\/wp-content\/uploads\/2025\/03\/cropped-vapingnet.de_.jpg\",\"contentUrl\":\"https:\/\/vapingnet.de\/wp-content\/uploads\/2025\/03\/cropped-vapingnet.de_.jpg\",\"width\":512,\"height\":512,\"caption\":\"Vapingnet.de\"},\"image\":{\"@id\":\"https:\/\/vapingnet.de\/#\/schema\/logo\/image\/\"},\"sameAs\":[\"https:\/\/www.facebook.com\/vapingnetde\/\"]}]}<\/script>\n<!-- \/ Yoast SEO plugin. -->","yoast_head_json":{"title":"ELF BOX LS15000 Der Bestseller Mit Blueberry On Ice Jetzt F\u00fcr Dich | Vapingnet.de","description":"Entdecke ELF BOX LS15000 Der Bestseller Mit Blueberry On Ice Jetzt F\u00fcr Dich bei vapingnet.de, \u25ba Gro\u00dfe Auswahl an Geschmacksrichtungen & super g\u00fcnstig!","robots":{"index":"index","follow":"follow","max-snippet":"max-snippet:-1","max-image-preview":"max-image-preview:large","max-video-preview":"max-video-preview:-1"},"canonical":"https:\/\/vapingnet.de\/lt\/vape\/elf-box-ls15000-der-bestseller-mit-blueberry-on-ice-jetzt-fuer-dich\/","og_locale":"lt_LT","og_type":"article","og_title":"ELF BOX LS15000 Der Bestseller Mit Blueberry On Ice Jetzt F\u00fcr Dich | Vapingnet.de","og_description":"Entdecke ELF BOX LS15000 Der Bestseller Mit Blueberry On Ice Jetzt F\u00fcr Dich bei vapingnet.de, \u25ba Gro\u00dfe Auswahl an Geschmacksrichtungen & super g\u00fcnstig!","og_url":"https:\/\/vapingnet.de\/lt\/vape\/elf-box-ls15000-der-bestseller-mit-blueberry-on-ice-jetzt-fuer-dich\/","og_site_name":"Vapingnet.de","article_publisher":"https:\/\/www.facebook.com\/vapingnetde\/","article_modified_time":"2025-06-19T03:42:55+00:00","og_image":[{"width":1000,"height":1000,"url":"https:\/\/vapingnet.de\/wp-content\/uploads\/2025\/04\/Blueberry-On-Ice.webp","type":"image\/webp"}],"twitter_card":"summary_large_image","twitter_misc":{"Est. reading time":"3 minutes"},"schema":{"@context":"https:\/\/schema.org","@graph":[{"@type":"WebPage","@id":"https:\/\/vapingnet.de\/vape\/elf-box-ls15000-der-bestseller-mit-blueberry-on-ice-jetzt-fuer-dich\/","url":"https:\/\/vapingnet.de\/vape\/elf-box-ls15000-der-bestseller-mit-blueberry-on-ice-jetzt-fuer-dich\/","name":"ELF BOX LS15000 Der Bestseller Mit Blueberry On Ice Jetzt F\u00fcr Dich | Vapingnet.de","isPartOf":{"@id":"https:\/\/vapingnet.de\/#website"},"primaryImageOfPage":{"@id":"https:\/\/vapingnet.de\/vape\/elf-box-ls15000-der-bestseller-mit-blueberry-on-ice-jetzt-fuer-dich\/#primaryimage"},"image":{"@id":"https:\/\/vapingnet.de\/vape\/elf-box-ls15000-der-bestseller-mit-blueberry-on-ice-jetzt-fuer-dich\/#primaryimage"},"thumbnailUrl":"https:\/\/vapingnet.de\/wp-content\/uploads\/2025\/04\/Blueberry-On-Ice.webp","datePublished":"2025-04-21T06:59:37+00:00","dateModified":"2025-06-19T03:42:55+00:00","description":"Entdecke ELF BOX LS15000 Der Bestseller Mit Blueberry On Ice Jetzt F\u00fcr Dich bei vapingnet.de, \u25ba Gro\u00dfe Auswahl an Geschmacksrichtungen & super g\u00fcnstig!","breadcrumb":{"@id":"https:\/\/vapingnet.de\/vape\/elf-box-ls15000-der-bestseller-mit-blueberry-on-ice-jetzt-fuer-dich\/#breadcrumb"},"inLanguage":"lt-LT","potentialAction":[{"@type":"ReadAction","target":["https:\/\/vapingnet.de\/vape\/elf-box-ls15000-der-bestseller-mit-blueberry-on-ice-jetzt-fuer-dich\/"]}]},{"@type":"ImageObject","inLanguage":"lt-LT","@id":"https:\/\/vapingnet.de\/vape\/elf-box-ls15000-der-bestseller-mit-blueberry-on-ice-jetzt-fuer-dich\/#primaryimage","url":"https:\/\/vapingnet.de\/wp-content\/uploads\/2025\/04\/Blueberry-On-Ice.webp","contentUrl":"https:\/\/vapingnet.de\/wp-content\/uploads\/2025\/04\/Blueberry-On-Ice.webp","width":1000,"height":1000},{"@type":"BreadcrumbList","@id":"https:\/\/vapingnet.de\/vape\/elf-box-ls15000-der-bestseller-mit-blueberry-on-ice-jetzt-fuer-dich\/#breadcrumb","itemListElement":[{"@type":"ListItem","position":1,"name":"Home","item":"https:\/\/vapingnet.de\/"},{"@type":"ListItem","position":2,"name":"Shop","item":"https:\/\/vapingnet.de\/vape\/"},{"@type":"ListItem","position":3,"name":"ELF BOX LS15000 Der Bestseller Mit Blueberry On Ice Jetzt F\u00fcr Dich"}]},{"@type":"WebSite","@id":"https:\/\/vapingnet.de\/#website","url":"https:\/\/vapingnet.de\/","name":"Vapingnet.de","description":"","publisher":{"@id":"https:\/\/vapingnet.de\/#organization"},"potentialAction":[{"@type":"SearchAction","target":{"@type":"EntryPoint","urlTemplate":"https:\/\/vapingnet.de\/?s={search_term_string}"},"query-input":{"@type":"PropertyValueSpecification","valueRequired":true,"valueName":"search_term_string"}}],"inLanguage":"lt-LT"},{"@type":"Organization","@id":"https:\/\/vapingnet.de\/#organization","name":"Vapingnet.de","url":"https:\/\/vapingnet.de\/","logo":{"@type":"ImageObject","inLanguage":"lt-LT","@id":"https:\/\/vapingnet.de\/#\/schema\/logo\/image\/","url":"https:\/\/vapingnet.de\/wp-content\/uploads\/2025\/03\/cropped-vapingnet.de_.jpg","contentUrl":"https:\/\/vapingnet.de\/wp-content\/uploads\/2025\/03\/cropped-vapingnet.de_.jpg","width":512,"height":512,"caption":"Vapingnet.de"},"image":{"@id":"https:\/\/vapingnet.de\/#\/schema\/logo\/image\/"},"sameAs":["https:\/\/www.facebook.com\/vapingnetde\/"]}]}},"tiered_pricing_type":"fixed","tiered_pricing_fixed_rules":{"10":"8.35","60":"7.54","110":"6.68","200":"5.85"},"tiered_pricing_product_settings":{"layout":"default","base_unit_name":{"singular":null,"plural":null},"default_variation":null},"tiered_pricing_minimum_quantity":null,"tiered_pricing_roles_data":[],"tiered_pricing_percentage_rules":[],"_links":{"self":[{"href":"https:\/\/vapingnet.de\/lt\/wp-json\/wp\/v2\/product\/6407","targetHints":{"allow":["GET"]}}],"collection":[{"href":"https:\/\/vapingnet.de\/lt\/wp-json\/wp\/v2\/product"}],"about":[{"href":"https:\/\/vapingnet.de\/lt\/wp-json\/wp\/v2\/types\/product"}],"version-history":[{"count":1,"href":"https:\/\/vapingnet.de\/lt\/wp-json\/wp\/v2\/product\/6407\/revisions"}],"predecessor-version":[{"id":6423,"href":"https:\/\/vapingnet.de\/lt\/wp-json\/wp\/v2\/product\/6407\/revisions\/6423"}],"wp:featuredmedia":[{"embeddable":true,"href":"https:\/\/vapingnet.de\/lt\/wp-json\/wp\/v2\/media\/6412"}],"wp:attachment":[{"href":"https:\/\/vapingnet.de\/lt\/wp-json\/wp\/v2\/media?parent=6407"}],"wp:term":[{"taxonomy":"brand","embeddable":true,"href":"https:\/\/vapingnet.de\/lt\/wp-json\/wp\/v2\/etheme_brands?post=6407"},{"taxonomy":"product_brand","embeddable":true,"href":"https:\/\/vapingnet.de\/lt\/wp-json\/wp\/v2\/product_brand?post=6407"},{"taxonomy":"product_cat","embeddable":true,"href":"https:\/\/vapingnet.de\/lt\/wp-json\/wp\/v2\/product_cat?post=6407"},{"taxonomy":"product_tag","embeddable":true,"href":"https:\/\/vapingnet.de\/lt\/wp-json\/wp\/v2\/product_tag?post=6407"}],"curies":[{"name":"wp","href":"https:\/\/api.w.org\/{rel}","templated":true}]}}