{"id":6409,"date":"2025-04-21T06:59:44","date_gmt":"2025-04-21T06:59:44","guid":{"rendered":"https:\/\/vapingnet.de\/?post_type=product&#038;p=6409"},"modified":"2025-06-19T03:42:54","modified_gmt":"2025-06-19T03:42:54","slug":"elf-box-ls15000-hochwertig-langanhaltend-strawberry-kiwi-im-trend","status":"publish","type":"product","link":"https:\/\/vapingnet.de\/lt\/vape\/elf-box-ls15000-hochwertig-langanhaltend-strawberry-kiwi-im-trend\/","title":{"rendered":"ELF BOX LS15000 auk\u0161tos kokyb\u0117s ilgaam\u017eis bra\u0161ki\u0173 ir kivi skonis"},"content":{"rendered":"<h2 data-start=\"0\" data-end=\"69\" data-immersive-translate-walked=\"ae5f9cdc-8663-43c4-a880-bfd30efa7dc1\">ELF BOX LS15000: Ilgaam\u017eis malonumas vapori\u0173 m\u0117g\u0117jams su skoniu<\/h2>\n<p class=\"\" data-start=\"71\" data-end=\"387\" data-immersive-translate-walked=\"ae5f9cdc-8663-43c4-a880-bfd30efa7dc1\" data-immersive-translate-paragraph=\"1\">Jei ie\u0161kote vienkartin\u0117s elektronin\u0117s cigaret\u0117s, kuri ilgai tarnaut\u0173, gerai skoniuot\u0173 ir b\u016bt\u0173 patogi naudoti, tada ELF BOX LS15000 yra ideali pasirinktis. \u0160i elektronin\u0117 cigaret\u0117 sujungia daugyb\u0119 \u012fkv\u0117pim\u0173 su auk\u0161\u010diausios kokyb\u0117s skoniu ir patogiu, \u012fkraunamu funkcionalumu.<\/p>\n<h4 data-start=\"389\" data-end=\"409\" data-immersive-translate-walked=\"ae5f9cdc-8663-43c4-a880-bfd30efa7dc1\">Techniniai duomenys<\/h4>\n<ul data-start=\"411\" data-end=\"601\" data-immersive-translate-walked=\"ae5f9cdc-8663-43c4-a880-bfd30efa7dc1\">\n<li class=\"\" data-start=\"411\" data-end=\"430\" data-immersive-translate-walked=\"ae5f9cdc-8663-43c4-a880-bfd30efa7dc1\">\n<p class=\"\" data-start=\"413\" data-end=\"430\" data-immersive-translate-walked=\"ae5f9cdc-8663-43c4-a880-bfd30efa7dc1\" data-immersive-translate-paragraph=\"1\">\u012ekv\u0117pimai: 15 000<\/p>\n<\/li>\n<li class=\"\" data-start=\"431\" data-end=\"462\" data-immersive-translate-walked=\"ae5f9cdc-8663-43c4-a880-bfd30efa7dc1\">\n<p class=\"\" data-start=\"433\" data-end=\"462\" data-immersive-translate-walked=\"ae5f9cdc-8663-43c4-a880-bfd30efa7dc1\" data-immersive-translate-paragraph=\"1\">\u0160erdis: Tinklelio rit\u0117 (0,6 Ohm)<\/p>\n<\/li>\n<li class=\"\" data-start=\"463\" data-end=\"483\" data-immersive-translate-walked=\"ae5f9cdc-8663-43c4-a880-bfd30efa7dc1\">\n<p class=\"\" data-start=\"465\" data-end=\"483\" data-immersive-translate-walked=\"ae5f9cdc-8663-43c4-a880-bfd30efa7dc1\" data-immersive-translate-paragraph=\"1\">E-skystis: 26ml<\/p>\n<\/li>\n<li class=\"\" data-start=\"484\" data-end=\"509\" data-immersive-translate-walked=\"ae5f9cdc-8663-43c4-a880-bfd30efa7dc1\">\n<p class=\"\" data-start=\"486\" data-end=\"509\" data-immersive-translate-walked=\"ae5f9cdc-8663-43c4-a880-bfd30efa7dc1\" data-immersive-translate-paragraph=\"1\">Nikotinas: 0%, 2%, 5%<\/p>\n<\/li>\n<li class=\"\" data-start=\"510\" data-end=\"532\" data-immersive-translate-walked=\"ae5f9cdc-8663-43c4-a880-bfd30efa7dc1\">\n<p class=\"\" data-start=\"512\" data-end=\"532\" data-immersive-translate-walked=\"ae5f9cdc-8663-43c4-a880-bfd30efa7dc1\" data-immersive-translate-paragraph=\"1\">Baterija: 600mAh<\/p>\n<\/li>\n<li class=\"\" data-start=\"533\" data-end=\"575\" data-immersive-translate-walked=\"ae5f9cdc-8663-43c4-a880-bfd30efa7dc1\">\n<p class=\"\" data-start=\"535\" data-end=\"575\" data-immersive-translate-walked=\"ae5f9cdc-8663-43c4-a880-bfd30efa7dc1\" data-immersive-translate-paragraph=\"1\">Pakraunama: Taip, per USB Type-C<\/p>\n<\/li>\n<li class=\"\" data-start=\"576\" data-end=\"601\" data-immersive-translate-walked=\"ae5f9cdc-8663-43c4-a880-bfd30efa7dc1\">\n<p class=\"\" data-start=\"578\" data-end=\"601\" data-immersive-translate-walked=\"ae5f9cdc-8663-43c4-a880-bfd30efa7dc1\" data-immersive-translate-paragraph=\"1\">Produkto svoris: 91g<\/p>\n<\/li>\n<\/ul>\n<h4 data-start=\"603\" data-end=\"655\" data-immersive-translate-walked=\"ae5f9cdc-8663-43c4-a880-bfd30efa7dc1\">Egzotin\u0117 skonio kombinacija: Bra\u0161k\u0117 Kiwi<\/h4>\n<p class=\"\" data-start=\"657\" data-end=\"1068\" data-immersive-translate-walked=\"ae5f9cdc-8663-43c4-a880-bfd30efa7dc1\" data-immersive-translate-paragraph=\"1\">ELF BOX LS15000 si\u016blo skan\u0173 skon\u012f, kuris sujungia \u0161vie\u017ei\u0173 bra\u0161ki\u0173 saldum\u0105 su tropine kiwi vaisi\u0173 gaivumu. \u201eBra\u0161k\u0117 Kiwi\u201c skonis yra tobulas vaisi\u0173 saldumo ir gaivumo mi\u0161inys, idealiai tinka vapori\u0173 m\u0117g\u0117jams, kurie m\u0117gsta vaisinius ir skanius aromatus. \u0160is skonis u\u017etikrina maloni\u0105 gar\u0173 patirt\u012f ir ilgai i\u0161lieka atmintyje.<\/p>\n<h4 data-start=\"1070\" data-end=\"1114\" data-immersive-translate-walked=\"ae5f9cdc-8663-43c4-a880-bfd30efa7dc1\">Ilgaam\u017ei\u0161kumas ir patogi naudotis<\/h4>\n<p class=\"\" data-start=\"1116\" data-end=\"1439\" data-immersive-translate-walked=\"ae5f9cdc-8663-43c4-a880-bfd30efa7dc1\" data-immersive-translate-paragraph=\"1\">Su \u012fsp\u016bdinga talpa <a href=\"https:\/\/vapingnet.de\/lt\/k\/vape-15000-zuege\/\" target=\"_blank\" rel=\"noopener\"><strong>15 000 \u012fkv\u0117pim\u0173<\/strong><\/a> ir 26 ml elektroninio skys\u010dio ELF BOX LS15000 si\u016blo i\u0161skirtin\u012f tarnavimo laik\u0105, leid\u017eiant\u012f ilgai m\u0117gautis \u0161ia elektronine cigarete, nes ji nesibaigia greitai. Mesh-Coil su 0,6 Ohm u\u017etikrina tolyg\u0173 garavim\u0105 ir intensyv\u0173 skon\u012f kiekvieno \u012fkv\u0117pimo metu.<\/p>\n<p class=\"\" data-start=\"1441\" data-end=\"1702\" data-immersive-translate-walked=\"ae5f9cdc-8663-43c4-a880-bfd30efa7dc1\" data-immersive-translate-paragraph=\"1\">D\u0117ka \u012fkraunamos funkcijos per USB Type-C, galite lengvai \u012fkrauti ELF BOX LS15000, kai baterija i\u0161sikrauna. Kompakti\u0161kas dizainas ir svoris tik 91 g daro j\u0105 labai patogi\u0105 ir idealiai tinkam\u0105 mobiliajam naudojimui.<\/p>\n<h3 data-start=\"1704\" data-end=\"1752\" data-immersive-translate-walked=\"ae5f9cdc-8663-43c4-a880-bfd30efa7dc1\">Privalumai ELF BOX LS15000 i\u0161samiai<\/h3>\n<ul data-start=\"1754\" data-end=\"2304\" data-immersive-translate-walked=\"ae5f9cdc-8663-43c4-a880-bfd30efa7dc1\">\n<li class=\"\" data-start=\"1754\" data-end=\"1825\" data-immersive-translate-walked=\"ae5f9cdc-8663-43c4-a880-bfd30efa7dc1\">\n<p class=\"\" data-start=\"1756\" data-end=\"1825\" data-immersive-translate-walked=\"ae5f9cdc-8663-43c4-a880-bfd30efa7dc1\" data-immersive-translate-paragraph=\"1\">15 000 \u012fkv\u0117pim\u0173: ilgas tarnavimo laikas ilgam gar\u0173 malonumui.<\/p>\n<\/li>\n<li class=\"\" data-start=\"1826\" data-end=\"1935\" data-immersive-translate-walked=\"ae5f9cdc-8663-43c4-a880-bfd30efa7dc1\">\n<p class=\"\" data-start=\"1828\" data-end=\"1935\" data-immersive-translate-walked=\"ae5f9cdc-8663-43c4-a880-bfd30efa7dc1\" data-immersive-translate-paragraph=\"1\">Atgaivinantis skonis: \u201eBra\u0161k\u0117 Kiwi\u201c mi\u0161inys si\u016blo vaisin\u0119 ir maloni\u0105 gar\u0173 patirt\u012f.<\/p>\n<\/li>\n<li class=\"\" data-start=\"1936\" data-end=\"2006\" data-immersive-translate-walked=\"ae5f9cdc-8663-43c4-a880-bfd30efa7dc1\">\n<p class=\"\" data-start=\"1938\" data-end=\"2006\" data-immersive-translate-walked=\"ae5f9cdc-8663-43c4-a880-bfd30efa7dc1\" data-immersive-translate-paragraph=\"1\">Skirtingi nikotino stiprumai: prieinami 0%, 2% ir 5% nikotino variantai.<\/p>\n<\/li>\n<li class=\"\" data-start=\"2007\" data-end=\"2126\" data-immersive-translate-walked=\"ae5f9cdc-8663-43c4-a880-bfd30efa7dc1\">\n<p class=\"\" data-start=\"2009\" data-end=\"2126\" data-immersive-translate-walked=\"ae5f9cdc-8663-43c4-a880-bfd30efa7dc1\" data-immersive-translate-paragraph=\"1\">Patogu ir lengva: su tik 91 g svorio ir kompakti\u0161ku dyd\u017eiu ELF BOX LS15000 yra ypa\u010d patogi.<\/p>\n<\/li>\n<li class=\"\" data-start=\"2127\" data-end=\"2203\" data-immersive-translate-walked=\"ae5f9cdc-8663-43c4-a880-bfd30efa7dc1\">\n<p class=\"\" data-start=\"2129\" data-end=\"2203\" data-immersive-translate-walked=\"ae5f9cdc-8663-43c4-a880-bfd30efa7dc1\" data-immersive-translate-paragraph=\"1\">\u012ekraunama: paprastas \u012fkrovimas per USB Type-C ilgam naudojimui.<\/p>\n<\/li>\n<li class=\"\" data-start=\"2204\" data-end=\"2304\" data-immersive-translate-walked=\"ae5f9cdc-8663-43c4-a880-bfd30efa7dc1\">\n<p class=\"\" data-start=\"2206\" data-end=\"2304\" data-immersive-translate-walked=\"ae5f9cdc-8663-43c4-a880-bfd30efa7dc1\" data-immersive-translate-paragraph=\"1\">Be muit\u0173 mokes\u010di\u0173: perkant u\u017e daugiau nei vapingnet.de n\u0117ra papildom\u0173 muit\u0173 mokes\u010di\u0173.<\/p>\n<\/li>\n<\/ul>\n<h4 data-start=\"2306\" data-end=\"2337\" data-immersive-translate-walked=\"ae5f9cdc-8663-43c4-a880-bfd30efa7dc1\">Pristatymas ir prieinamumas<\/h4>\n<p class=\"\" data-start=\"2339\" data-end=\"2534\" data-immersive-translate-walked=\"ae5f9cdc-8663-43c4-a880-bfd30efa7dc1\" data-immersive-translate-paragraph=\"1\">ELF BOX LS15000 yra prieinama u\u017e vapingnet.de ir pristatoma per 7-15 darbo dien\u0173. D\u0117l greito pristatymo gal\u0117site m\u0117gautis nauju vapori\u0173 patirtimi per trumpiausi\u0105 laik\u0105.<\/p>\n<h4 data-start=\"2536\" data-end=\"2545\" data-immersive-translate-walked=\"ae5f9cdc-8663-43c4-a880-bfd30efa7dc1\">ELF BOX LS15000 \u2013 tobulas pasirinkimas ilgam malonumui ir vaisiniam skoniui<\/h4>\n<p class=\"\" data-start=\"2547\" data-end=\"3022\" data-immersive-translate-walked=\"ae5f9cdc-8663-43c4-a880-bfd30efa7dc1\" data-immersive-translate-paragraph=\"1\">ELF BOX LS15000 si\u016blo ne tik puik\u0173 skon\u012f, bet ir ilg\u0105 naudojimo laik\u0105 bei patog\u0173 valdym\u0105. \u201eBra\u0161k\u0117 Kiwi\u201c skonio ir patogios, \u012fkraunamos funkcijos derinys daro j\u0105 tobulai tinkama vapori\u0173 m\u0117g\u0117jams, ie\u0161kantiems patikimos ir kokybi\u0161kos elektronin\u0117s cigaret\u0117s. Apsilankykite vapingnet.de, kad u\u017esisakyti savo ELF BOX LS15000 ir patirti unikali\u0105 vapori\u0173 patirt\u012f.<\/p>","protected":false},"excerpt":{"rendered":"<p>ELF BOX LS15000: Ilgalaikis malonumas garintojams su skoniu Jei ie\u0161kote vienkartin\u0117s elektronin\u0117s cigaret\u0117s, kuri ilgai tarnaut\u0173, gerai skonis ir...<\/p>","protected":false},"featured_media":6418,"template":"","meta":[],"etheme_brands":[],"product_brand":[100],"product_cat":[53,49,61],"product_tag":[],"class_list":{"0":"post-6409","1":"product","2":"type-product","3":"status-publish","4":"has-post-thumbnail","6":"product_brand-elf-box-vape","7":"product_cat-vape-15000-zuege","8":"product_cat-einweg-e-zigarette","9":"product_cat-f","11":"first","12":"instock","13":"shipping-taxable","14":"purchasable","15":"product-type-simple"},"yoast_head":"<!-- This site is optimized with the Yoast SEO plugin v26.5 - https:\/\/yoast.com\/wordpress\/plugins\/seo\/ -->\n<title>ELF BOX LS15000 Hochwertig Langanhaltend Strawberry Kiwi Im Trend | Vapingnet.de<\/title>\n<meta name=\"description\" content=\"Entdecke ELF BOX LS15000 Hochwertig Langanhaltend Strawberry Kiwi Im Trend bei vapingnet.de, \u25ba Gro\u00dfe Auswahl an Geschmacksrichtungen &amp; super g\u00fcnstig!\" \/>\n<meta name=\"robots\" content=\"index, follow, max-snippet:-1, max-image-preview:large, max-video-preview:-1\" \/>\n<link rel=\"canonical\" href=\"https:\/\/vapingnet.de\/lt\/vape\/elf-box-ls15000-hochwertig-langanhaltend-strawberry-kiwi-im-trend\/\" \/>\n<meta property=\"og:locale\" content=\"lt_LT\" \/>\n<meta property=\"og:type\" content=\"article\" \/>\n<meta property=\"og:title\" content=\"ELF BOX LS15000 Hochwertig Langanhaltend Strawberry Kiwi Im Trend | Vapingnet.de\" \/>\n<meta property=\"og:description\" content=\"Entdecke ELF BOX LS15000 Hochwertig Langanhaltend Strawberry Kiwi Im Trend bei vapingnet.de, \u25ba Gro\u00dfe Auswahl an Geschmacksrichtungen &amp; super g\u00fcnstig!\" \/>\n<meta property=\"og:url\" content=\"https:\/\/vapingnet.de\/lt\/vape\/elf-box-ls15000-hochwertig-langanhaltend-strawberry-kiwi-im-trend\/\" \/>\n<meta property=\"og:site_name\" content=\"Vapingnet.de\" \/>\n<meta property=\"article:publisher\" content=\"https:\/\/www.facebook.com\/vapingnetde\/\" \/>\n<meta property=\"article:modified_time\" content=\"2025-06-19T03:42:54+00:00\" \/>\n<meta property=\"og:image\" content=\"https:\/\/vapingnet.de\/wp-content\/uploads\/2025\/04\/Strawberry-Kiwi.webp\" \/>\n\t<meta property=\"og:image:width\" content=\"1000\" \/>\n\t<meta property=\"og:image:height\" content=\"1000\" \/>\n\t<meta property=\"og:image:type\" content=\"image\/webp\" \/>\n<meta name=\"twitter:card\" content=\"summary_large_image\" \/>\n<meta name=\"twitter:label1\" content=\"Est. reading time\" \/>\n\t<meta name=\"twitter:data1\" content=\"3 minutes\" \/>\n<script type=\"application\/ld+json\" class=\"yoast-schema-graph\">{\"@context\":\"https:\/\/schema.org\",\"@graph\":[{\"@type\":\"WebPage\",\"@id\":\"https:\/\/vapingnet.de\/vape\/elf-box-ls15000-hochwertig-langanhaltend-strawberry-kiwi-im-trend\/\",\"url\":\"https:\/\/vapingnet.de\/vape\/elf-box-ls15000-hochwertig-langanhaltend-strawberry-kiwi-im-trend\/\",\"name\":\"ELF BOX LS15000 Hochwertig Langanhaltend Strawberry Kiwi Im Trend | Vapingnet.de\",\"isPartOf\":{\"@id\":\"https:\/\/vapingnet.de\/#website\"},\"primaryImageOfPage\":{\"@id\":\"https:\/\/vapingnet.de\/vape\/elf-box-ls15000-hochwertig-langanhaltend-strawberry-kiwi-im-trend\/#primaryimage\"},\"image\":{\"@id\":\"https:\/\/vapingnet.de\/vape\/elf-box-ls15000-hochwertig-langanhaltend-strawberry-kiwi-im-trend\/#primaryimage\"},\"thumbnailUrl\":\"https:\/\/vapingnet.de\/wp-content\/uploads\/2025\/04\/Strawberry-Kiwi.webp\",\"datePublished\":\"2025-04-21T06:59:44+00:00\",\"dateModified\":\"2025-06-19T03:42:54+00:00\",\"description\":\"Entdecke ELF BOX LS15000 Hochwertig Langanhaltend Strawberry Kiwi Im Trend bei vapingnet.de, \u25ba Gro\u00dfe Auswahl an Geschmacksrichtungen & super g\u00fcnstig!\",\"breadcrumb\":{\"@id\":\"https:\/\/vapingnet.de\/vape\/elf-box-ls15000-hochwertig-langanhaltend-strawberry-kiwi-im-trend\/#breadcrumb\"},\"inLanguage\":\"lt-LT\",\"potentialAction\":[{\"@type\":\"ReadAction\",\"target\":[\"https:\/\/vapingnet.de\/vape\/elf-box-ls15000-hochwertig-langanhaltend-strawberry-kiwi-im-trend\/\"]}]},{\"@type\":\"ImageObject\",\"inLanguage\":\"lt-LT\",\"@id\":\"https:\/\/vapingnet.de\/vape\/elf-box-ls15000-hochwertig-langanhaltend-strawberry-kiwi-im-trend\/#primaryimage\",\"url\":\"https:\/\/vapingnet.de\/wp-content\/uploads\/2025\/04\/Strawberry-Kiwi.webp\",\"contentUrl\":\"https:\/\/vapingnet.de\/wp-content\/uploads\/2025\/04\/Strawberry-Kiwi.webp\",\"width\":1000,\"height\":1000},{\"@type\":\"BreadcrumbList\",\"@id\":\"https:\/\/vapingnet.de\/vape\/elf-box-ls15000-hochwertig-langanhaltend-strawberry-kiwi-im-trend\/#breadcrumb\",\"itemListElement\":[{\"@type\":\"ListItem\",\"position\":1,\"name\":\"Home\",\"item\":\"https:\/\/vapingnet.de\/\"},{\"@type\":\"ListItem\",\"position\":2,\"name\":\"Shop\",\"item\":\"https:\/\/vapingnet.de\/vape\/\"},{\"@type\":\"ListItem\",\"position\":3,\"name\":\"ELF BOX LS15000 Hochwertig Langanhaltend Strawberry Kiwi Im Trend\"}]},{\"@type\":\"WebSite\",\"@id\":\"https:\/\/vapingnet.de\/#website\",\"url\":\"https:\/\/vapingnet.de\/\",\"name\":\"Vapingnet.de\",\"description\":\"\",\"publisher\":{\"@id\":\"https:\/\/vapingnet.de\/#organization\"},\"potentialAction\":[{\"@type\":\"SearchAction\",\"target\":{\"@type\":\"EntryPoint\",\"urlTemplate\":\"https:\/\/vapingnet.de\/?s={search_term_string}\"},\"query-input\":{\"@type\":\"PropertyValueSpecification\",\"valueRequired\":true,\"valueName\":\"search_term_string\"}}],\"inLanguage\":\"lt-LT\"},{\"@type\":\"Organization\",\"@id\":\"https:\/\/vapingnet.de\/#organization\",\"name\":\"Vapingnet.de\",\"url\":\"https:\/\/vapingnet.de\/\",\"logo\":{\"@type\":\"ImageObject\",\"inLanguage\":\"lt-LT\",\"@id\":\"https:\/\/vapingnet.de\/#\/schema\/logo\/image\/\",\"url\":\"https:\/\/vapingnet.de\/wp-content\/uploads\/2025\/03\/cropped-vapingnet.de_.jpg\",\"contentUrl\":\"https:\/\/vapingnet.de\/wp-content\/uploads\/2025\/03\/cropped-vapingnet.de_.jpg\",\"width\":512,\"height\":512,\"caption\":\"Vapingnet.de\"},\"image\":{\"@id\":\"https:\/\/vapingnet.de\/#\/schema\/logo\/image\/\"},\"sameAs\":[\"https:\/\/www.facebook.com\/vapingnetde\/\"]}]}<\/script>\n<!-- \/ Yoast SEO plugin. -->","yoast_head_json":{"title":"ELF BOX LS15000 Hochwertig Langanhaltend Strawberry Kiwi Im Trend | Vapingnet.de","description":"Entdecke ELF BOX LS15000 Hochwertig Langanhaltend Strawberry Kiwi Im Trend bei vapingnet.de, \u25ba Gro\u00dfe Auswahl an Geschmacksrichtungen & super g\u00fcnstig!","robots":{"index":"index","follow":"follow","max-snippet":"max-snippet:-1","max-image-preview":"max-image-preview:large","max-video-preview":"max-video-preview:-1"},"canonical":"https:\/\/vapingnet.de\/lt\/vape\/elf-box-ls15000-hochwertig-langanhaltend-strawberry-kiwi-im-trend\/","og_locale":"lt_LT","og_type":"article","og_title":"ELF BOX LS15000 Hochwertig Langanhaltend Strawberry Kiwi Im Trend | Vapingnet.de","og_description":"Entdecke ELF BOX LS15000 Hochwertig Langanhaltend Strawberry Kiwi Im Trend bei vapingnet.de, \u25ba Gro\u00dfe Auswahl an Geschmacksrichtungen & super g\u00fcnstig!","og_url":"https:\/\/vapingnet.de\/lt\/vape\/elf-box-ls15000-hochwertig-langanhaltend-strawberry-kiwi-im-trend\/","og_site_name":"Vapingnet.de","article_publisher":"https:\/\/www.facebook.com\/vapingnetde\/","article_modified_time":"2025-06-19T03:42:54+00:00","og_image":[{"width":1000,"height":1000,"url":"https:\/\/vapingnet.de\/wp-content\/uploads\/2025\/04\/Strawberry-Kiwi.webp","type":"image\/webp"}],"twitter_card":"summary_large_image","twitter_misc":{"Est. reading time":"3 minutes"},"schema":{"@context":"https:\/\/schema.org","@graph":[{"@type":"WebPage","@id":"https:\/\/vapingnet.de\/vape\/elf-box-ls15000-hochwertig-langanhaltend-strawberry-kiwi-im-trend\/","url":"https:\/\/vapingnet.de\/vape\/elf-box-ls15000-hochwertig-langanhaltend-strawberry-kiwi-im-trend\/","name":"ELF BOX LS15000 Hochwertig Langanhaltend Strawberry Kiwi Im Trend | Vapingnet.de","isPartOf":{"@id":"https:\/\/vapingnet.de\/#website"},"primaryImageOfPage":{"@id":"https:\/\/vapingnet.de\/vape\/elf-box-ls15000-hochwertig-langanhaltend-strawberry-kiwi-im-trend\/#primaryimage"},"image":{"@id":"https:\/\/vapingnet.de\/vape\/elf-box-ls15000-hochwertig-langanhaltend-strawberry-kiwi-im-trend\/#primaryimage"},"thumbnailUrl":"https:\/\/vapingnet.de\/wp-content\/uploads\/2025\/04\/Strawberry-Kiwi.webp","datePublished":"2025-04-21T06:59:44+00:00","dateModified":"2025-06-19T03:42:54+00:00","description":"Entdecke ELF BOX LS15000 Hochwertig Langanhaltend Strawberry Kiwi Im Trend bei vapingnet.de, \u25ba Gro\u00dfe Auswahl an Geschmacksrichtungen & super g\u00fcnstig!","breadcrumb":{"@id":"https:\/\/vapingnet.de\/vape\/elf-box-ls15000-hochwertig-langanhaltend-strawberry-kiwi-im-trend\/#breadcrumb"},"inLanguage":"lt-LT","potentialAction":[{"@type":"ReadAction","target":["https:\/\/vapingnet.de\/vape\/elf-box-ls15000-hochwertig-langanhaltend-strawberry-kiwi-im-trend\/"]}]},{"@type":"ImageObject","inLanguage":"lt-LT","@id":"https:\/\/vapingnet.de\/vape\/elf-box-ls15000-hochwertig-langanhaltend-strawberry-kiwi-im-trend\/#primaryimage","url":"https:\/\/vapingnet.de\/wp-content\/uploads\/2025\/04\/Strawberry-Kiwi.webp","contentUrl":"https:\/\/vapingnet.de\/wp-content\/uploads\/2025\/04\/Strawberry-Kiwi.webp","width":1000,"height":1000},{"@type":"BreadcrumbList","@id":"https:\/\/vapingnet.de\/vape\/elf-box-ls15000-hochwertig-langanhaltend-strawberry-kiwi-im-trend\/#breadcrumb","itemListElement":[{"@type":"ListItem","position":1,"name":"Home","item":"https:\/\/vapingnet.de\/"},{"@type":"ListItem","position":2,"name":"Shop","item":"https:\/\/vapingnet.de\/vape\/"},{"@type":"ListItem","position":3,"name":"ELF BOX LS15000 Hochwertig Langanhaltend Strawberry Kiwi Im Trend"}]},{"@type":"WebSite","@id":"https:\/\/vapingnet.de\/#website","url":"https:\/\/vapingnet.de\/","name":"Vapingnet.de","description":"","publisher":{"@id":"https:\/\/vapingnet.de\/#organization"},"potentialAction":[{"@type":"SearchAction","target":{"@type":"EntryPoint","urlTemplate":"https:\/\/vapingnet.de\/?s={search_term_string}"},"query-input":{"@type":"PropertyValueSpecification","valueRequired":true,"valueName":"search_term_string"}}],"inLanguage":"lt-LT"},{"@type":"Organization","@id":"https:\/\/vapingnet.de\/#organization","name":"Vapingnet.de","url":"https:\/\/vapingnet.de\/","logo":{"@type":"ImageObject","inLanguage":"lt-LT","@id":"https:\/\/vapingnet.de\/#\/schema\/logo\/image\/","url":"https:\/\/vapingnet.de\/wp-content\/uploads\/2025\/03\/cropped-vapingnet.de_.jpg","contentUrl":"https:\/\/vapingnet.de\/wp-content\/uploads\/2025\/03\/cropped-vapingnet.de_.jpg","width":512,"height":512,"caption":"Vapingnet.de"},"image":{"@id":"https:\/\/vapingnet.de\/#\/schema\/logo\/image\/"},"sameAs":["https:\/\/www.facebook.com\/vapingnetde\/"]}]}},"tiered_pricing_type":"fixed","tiered_pricing_fixed_rules":{"10":"8.35","60":"7.54","110":"6.68","200":"5.85"},"tiered_pricing_product_settings":{"layout":"default","base_unit_name":{"singular":null,"plural":null},"default_variation":null},"tiered_pricing_minimum_quantity":null,"tiered_pricing_roles_data":[],"tiered_pricing_percentage_rules":[],"_links":{"self":[{"href":"https:\/\/vapingnet.de\/lt\/wp-json\/wp\/v2\/product\/6409","targetHints":{"allow":["GET"]}}],"collection":[{"href":"https:\/\/vapingnet.de\/lt\/wp-json\/wp\/v2\/product"}],"about":[{"href":"https:\/\/vapingnet.de\/lt\/wp-json\/wp\/v2\/types\/product"}],"version-history":[{"count":1,"href":"https:\/\/vapingnet.de\/lt\/wp-json\/wp\/v2\/product\/6409\/revisions"}],"predecessor-version":[{"id":6425,"href":"https:\/\/vapingnet.de\/lt\/wp-json\/wp\/v2\/product\/6409\/revisions\/6425"}],"wp:featuredmedia":[{"embeddable":true,"href":"https:\/\/vapingnet.de\/lt\/wp-json\/wp\/v2\/media\/6418"}],"wp:attachment":[{"href":"https:\/\/vapingnet.de\/lt\/wp-json\/wp\/v2\/media?parent=6409"}],"wp:term":[{"taxonomy":"brand","embeddable":true,"href":"https:\/\/vapingnet.de\/lt\/wp-json\/wp\/v2\/etheme_brands?post=6409"},{"taxonomy":"product_brand","embeddable":true,"href":"https:\/\/vapingnet.de\/lt\/wp-json\/wp\/v2\/product_brand?post=6409"},{"taxonomy":"product_cat","embeddable":true,"href":"https:\/\/vapingnet.de\/lt\/wp-json\/wp\/v2\/product_cat?post=6409"},{"taxonomy":"product_tag","embeddable":true,"href":"https:\/\/vapingnet.de\/lt\/wp-json\/wp\/v2\/product_tag?post=6409"}],"curies":[{"name":"wp","href":"https:\/\/api.w.org\/{rel}","templated":true}]}}