{"id":6410,"date":"2025-04-21T06:59:46","date_gmt":"2025-04-21T06:59:46","guid":{"rendered":"https:\/\/vapingnet.de\/?post_type=product&#038;p=6410"},"modified":"2025-06-19T03:42:54","modified_gmt":"2025-06-19T03:42:54","slug":"elf-box-ls15000-mit-blue-razz-lemonade-der-vape-trend-ohne-zollgebuehren","status":"publish","type":"product","link":"https:\/\/vapingnet.de\/lt\/vape\/elf-box-ls15000-mit-blue-razz-lemonade-der-vape-trend-ohne-zollgebuehren\/","title":{"rendered":"ELF BOX LS15000 su Blue Razz Lemonade \u2013 vape tendencija be muit\u0173 mokes\u010di\u0173"},"content":{"rendered":"<h2 data-start=\"0\" data-end=\"63\" data-immersive-translate-walked=\"a5a6adc2-6f67-4a31-b234-32a68ba45492\">Patirkite galutin\u0119 garinimo patirt\u012f su ELF BOX LS15000<\/h2>\n<p class=\"\" data-start=\"65\" data-end=\"419\" data-immersive-translate-walked=\"a5a6adc2-6f67-4a31-b234-32a68ba45492\" data-immersive-translate-paragraph=\"1\">ELF BOX LS15000 vienkartin\u0117 elektronin\u0117 cigaret\u0117 si\u016blo i\u0161skirtin\u012f na\u0161um\u0105 ir gaiv\u0173 skon\u012f, kuris paver\u010dia garinim\u0105 tikru malonumu. Idealiai tinka garintojams, ie\u0161kantiems ilgaam\u017e\u0117s ir galingos elektronin\u0117s cigaret\u0117s, \u0161i vienkartin\u0117 elektronin\u0117 cigaret\u0117 si\u016blo daugyb\u0119 privalum\u0173, d\u0117l kuri\u0173 ji tampa populiariu pasirinkimu.<\/p>\n<h4 data-start=\"421\" data-end=\"473\" data-immersive-translate-walked=\"a5a6adc2-6f67-4a31-b234-32a68ba45492\" data-immersive-translate-paragraph=\"1\">Did\u017eiausias na\u0161umas ilgalaikiam garavimo malonumui<\/h4>\n<p class=\"\" data-start=\"475\" data-end=\"915\" data-immersive-translate-walked=\"a5a6adc2-6f67-4a31-b234-32a68ba45492\" data-immersive-translate-paragraph=\"1\">Su \u012fsp\u016bdinga 26 ml elektroninio skys\u010dio talpa ir 15 000 \u012fkv\u0117pim\u0173 tarnavimo laiku, ELF BOX LS15000 yra sukurtas ilgaam\u017ei\u0161kumui. Galingas 0,6 Ohm tinklinis rit\u0117 u\u017etikrina tolyg\u0173 garavim\u0105 ir intensyv\u0173 skon\u012f kiekvieno \u012fkv\u0117pimo metu. \u0160i elektronin\u0117 cigaret\u0117 si\u016blo puik\u0173 derin\u012f tarp patogios naudotojo patirties ir i\u0161skirtinio na\u0161umo, tod\u0117l jums nereik\u0117s nuolat papildyti.<\/p>\n<h4 data-start=\"917\" data-end=\"959\" data-immersive-translate-walked=\"a5a6adc2-6f67-4a31-b234-32a68ba45492\" data-immersive-translate-paragraph=\"1\">Skonio patirtis: Blue Razz Lemonade<\/h4>\n<p class=\"\" data-start=\"961\" data-end=\"1245\" data-immersive-translate-walked=\"a5a6adc2-6f67-4a31-b234-32a68ba45492\" data-immersive-translate-paragraph=\"1\">Blue Razz Lemonade skonis yra gaivus malonumas, jungiantis m\u0117lynosios uogos saldum\u0105 su citrinos limonado sultingumu. Kiekvienas \u0161ios vienkartin\u0117s elektronin\u0117s cigaret\u0117s \u012fkv\u0117pimas suteikia gyv\u0105, \u0161vie\u017ei\u0105 skon\u012f, kuris daro garinim\u0105 dar malonesn\u012f.<\/p>\n<h4 data-start=\"1247\" data-end=\"1287\" data-immersive-translate-walked=\"a5a6adc2-6f67-4a31-b234-32a68ba45492\" data-immersive-translate-paragraph=\"1\">Patogi naudotis ir lanksti<\/h4>\n<p class=\"\" data-start=\"1289\" data-end=\"1625\" data-immersive-translate-walked=\"a5a6adc2-6f67-4a31-b234-32a68ba45492\" data-immersive-translate-paragraph=\"1\">ELF BOX LS15000, turinti 600mAh baterij\u0105 ir patog\u0173 USB Type-C \u012fkrovim\u0105, leid\u017eia patogiai naudotis. \u0160i elektronin\u0117 cigaret\u0117 lengvai \u012fkraunama, kas prailgina jos tarnavimo laik\u0105. Svoris tik 91 g, ji yra lengva ir patogi, tod\u0117l yra puikus kasdienis palydovas.<\/p>\n<h4 data-start=\"1627\" data-end=\"1673\" data-immersive-translate-walked=\"a5a6adc2-6f67-4a31-b234-32a68ba45492\" data-immersive-translate-paragraph=\"1\">Nikotin\u0173 pasirinkimai individualiems poreikiams<\/h4>\n<p class=\"\" data-start=\"1675\" data-end=\"1925\" data-immersive-translate-walked=\"a5a6adc2-6f67-4a31-b234-32a68ba45492\" data-immersive-translate-paragraph=\"1\">Su nikotino stiprumais 0%, 2% ir 5%, garintojai gali pasirinkti ELF BOX LS15000 pagal savo pageidavimus. Nesvarbu, ar norite nikotino nemokam\u0105 patirt\u012f, ar stipresn\u012f nikotino kiek\u012f, \u0161i elektronin\u0117 cigaret\u0117 prisitaiko prie j\u016bs\u0173 poreiki\u0173.<\/p>\n<h3>Pagrindin\u0117s ELF BOX LS15000 savyb\u0117s:<\/h3>\n<ul data-start=\"1971\" data-end=\"2393\" data-immersive-translate-walked=\"a5a6adc2-6f67-4a31-b234-32a68ba45492\">\n<li class=\"\" data-start=\"1971\" data-end=\"2011\" data-immersive-translate-walked=\"a5a6adc2-6f67-4a31-b234-32a68ba45492\">\n<p class=\"\" data-start=\"1973\" data-end=\"2011\" data-immersive-translate-walked=\"a5a6adc2-6f67-4a31-b234-32a68ba45492\" data-immersive-translate-paragraph=\"1\">15 000 \u012fkv\u0117pim\u0173 ilgalaikiam malonumui<\/p>\n<\/li>\n<li class=\"\" data-start=\"2012\" data-end=\"2080\" data-immersive-translate-walked=\"a5a6adc2-6f67-4a31-b234-32a68ba45492\">\n<p class=\"\" data-start=\"2014\" data-end=\"2080\" data-immersive-translate-walked=\"a5a6adc2-6f67-4a31-b234-32a68ba45492\" data-immersive-translate-paragraph=\"1\">Blue Razz Lemonade skonio gaivus, vaisinis potyris<\/p>\n<\/li>\n<li class=\"\" data-start=\"2081\" data-end=\"2133\" data-immersive-translate-walked=\"a5a6adc2-6f67-4a31-b234-32a68ba45492\">\n<p class=\"\" data-start=\"2083\" data-end=\"2133\" data-immersive-translate-walked=\"a5a6adc2-6f67-4a31-b234-32a68ba45492\" data-immersive-translate-paragraph=\"1\">Tinklin\u0117 rit\u0117 su 0,6 Ohm u\u017etikrina tolyg\u0173 garavim\u0105<\/p>\n<\/li>\n<li class=\"\" data-start=\"2134\" data-end=\"2197\" data-immersive-translate-walked=\"a5a6adc2-6f67-4a31-b234-32a68ba45492\">\n<p class=\"\" data-start=\"2136\" data-end=\"2197\" data-immersive-translate-walked=\"a5a6adc2-6f67-4a31-b234-32a68ba45492\" data-immersive-translate-paragraph=\"1\">\u012ekraunama su USB Type-C, siekiant ilgesnio naudojimo laiko<\/p>\n<\/li>\n<li class=\"\" data-start=\"2198\" data-end=\"2246\" data-immersive-translate-walked=\"a5a6adc2-6f67-4a31-b234-32a68ba45492\">\n<p class=\"\" data-start=\"2200\" data-end=\"2246\" data-immersive-translate-walked=\"a5a6adc2-6f67-4a31-b234-32a68ba45492\" data-immersive-translate-paragraph=\"1\">600mAh baterija patikimam na\u0161umui<\/p>\n<\/li>\n<li class=\"\" data-start=\"2247\" data-end=\"2299\" data-immersive-translate-walked=\"a5a6adc2-6f67-4a31-b234-32a68ba45492\">\n<p class=\"\" data-start=\"2249\" data-end=\"2299\" data-immersive-translate-walked=\"a5a6adc2-6f67-4a31-b234-32a68ba45492\" data-immersive-translate-paragraph=\"1\">Svoris tik 91 g, idealiai tinkama mobiliajam naudojimui<\/p>\n<\/li>\n<li class=\"\" data-start=\"2300\" data-end=\"2341\" data-immersive-translate-walked=\"a5a6adc2-6f67-4a31-b234-32a68ba45492\">\n<p class=\"\" data-start=\"2302\" data-end=\"2341\" data-immersive-translate-walked=\"a5a6adc2-6f67-4a31-b234-32a68ba45492\" data-immersive-translate-paragraph=\"1\">Prieinama nikotino stiprumais: 0%, 2%, 5%<\/p>\n<\/li>\n<li class=\"\" data-start=\"2342\" data-end=\"2393\" data-immersive-translate-walked=\"a5a6adc2-6f67-4a31-b234-32a68ba45492\">\n<p class=\"\" data-start=\"2344\" data-end=\"2393\" data-immersive-translate-walked=\"a5a6adc2-6f67-4a31-b234-32a68ba45492\" data-immersive-translate-paragraph=\"1\">Be muito mokes\u010di\u0173 perkant per vapingnet.de<\/p>\n<\/li>\n<\/ul>\n<h4 data-start=\"2395\" data-end=\"2417\" data-immersive-translate-walked=\"a5a6adc2-6f67-4a31-b234-32a68ba45492\" data-immersive-translate-paragraph=\"1\">Greitas pristatymas<\/h4>\n<p class=\"\" data-start=\"2419\" data-end=\"2635\" data-immersive-translate-walked=\"a5a6adc2-6f67-4a31-b234-32a68ba45492\" data-immersive-translate-paragraph=\"1\">U\u017esisakykite ELF BOX LS15000 per vapingnet.de ir d\u017eiaukit\u0117s pristatymu per 7-15 darbo dien\u0173. Greitas pristatymas leis greitai m\u0117gautis \u0161ia auk\u0161tos kokyb\u0117s elektronine cigarete.<\/p>\n<p class=\"\" data-start=\"2637\" data-end=\"2941\" data-immersive-translate-walked=\"a5a6adc2-6f67-4a31-b234-32a68ba45492\" data-immersive-translate-paragraph=\"1\">ELF BOX LS15000 sujungia visk\u0105, ko galite tik\u0117tis i\u0161 \u0161iuolaikin\u0117s vienkartin\u0117s elektronin\u0117s cigaret\u0117s: ilgalaik\u012f na\u0161um\u0105, intensyv\u0173 skon\u012f ir patogi\u0105 naudotojo patirt\u012f. Leiskit\u0117s \u012f \u0161i\u0105 i\u0161skirtin\u0119 garinimo patirt\u012f ir atraskite gaiv\u0173 Blue Razz Lemonade skon\u012f!<\/p>","protected":false},"excerpt":{"rendered":"<p>Erlebe das ultimative Dampferlebnis mit der ELF BOX LS15000 Die ELF BOX LS15000 Einweg-E-Zigarette bietet eine au\u00dfergew\u00f6hnliche Leistung und einen erfrischenden Geschmack, der das Dampfen&#8230;<\/p>","protected":false},"featured_media":6411,"template":"","meta":[],"etheme_brands":[],"product_brand":[100],"product_cat":[53,49,61],"product_tag":[],"class_list":{"0":"post-6410","1":"product","2":"type-product","3":"status-publish","4":"has-post-thumbnail","6":"product_brand-elf-box-vape","7":"product_cat-vape-15000-zuege","8":"product_cat-einweg-e-zigarette","9":"product_cat-f","11":"first","12":"instock","13":"shipping-taxable","14":"purchasable","15":"product-type-simple"},"yoast_head":"<!-- This site is optimized with the Yoast SEO plugin v26.5 - https:\/\/yoast.com\/wordpress\/plugins\/seo\/ -->\n<title>ELF BOX LS15000 Mit Blue Razz Lemonade Der Vape Trend Ohne Zollgeb\u00fchren | Vapingnet.de<\/title>\n<meta name=\"description\" content=\"Entdecke ELF BOX LS15000 Mit Blue Razz Lemonade Der Vape Trend Ohne Zollgeb\u00fchren bei vapingnet.de, \u25ba Gro\u00dfe Auswahl an Geschmacksrichtungen &amp; super g\u00fcnstig!\" \/>\n<meta name=\"robots\" content=\"index, follow, max-snippet:-1, max-image-preview:large, max-video-preview:-1\" \/>\n<link rel=\"canonical\" href=\"https:\/\/vapingnet.de\/lt\/vape\/elf-box-ls15000-mit-blue-razz-lemonade-der-vape-trend-ohne-zollgebuehren\/\" \/>\n<meta property=\"og:locale\" content=\"lt_LT\" \/>\n<meta property=\"og:type\" content=\"article\" \/>\n<meta property=\"og:title\" content=\"ELF BOX LS15000 Mit Blue Razz Lemonade Der Vape Trend Ohne Zollgeb\u00fchren | Vapingnet.de\" \/>\n<meta property=\"og:description\" content=\"Entdecke ELF BOX LS15000 Mit Blue Razz Lemonade Der Vape Trend Ohne Zollgeb\u00fchren bei vapingnet.de, \u25ba Gro\u00dfe Auswahl an Geschmacksrichtungen &amp; super g\u00fcnstig!\" \/>\n<meta property=\"og:url\" content=\"https:\/\/vapingnet.de\/lt\/vape\/elf-box-ls15000-mit-blue-razz-lemonade-der-vape-trend-ohne-zollgebuehren\/\" \/>\n<meta property=\"og:site_name\" content=\"Vapingnet.de\" \/>\n<meta property=\"article:publisher\" content=\"https:\/\/www.facebook.com\/vapingnetde\/\" \/>\n<meta property=\"article:modified_time\" content=\"2025-06-19T03:42:54+00:00\" \/>\n<meta property=\"og:image\" content=\"https:\/\/vapingnet.de\/wp-content\/uploads\/2025\/04\/Blue-Razz-Lemonade.webp\" \/>\n\t<meta property=\"og:image:width\" content=\"1000\" \/>\n\t<meta property=\"og:image:height\" content=\"1000\" \/>\n\t<meta property=\"og:image:type\" content=\"image\/webp\" \/>\n<meta name=\"twitter:card\" content=\"summary_large_image\" \/>\n<meta name=\"twitter:label1\" content=\"Est. reading time\" \/>\n\t<meta name=\"twitter:data1\" content=\"3 minutes\" \/>\n<script type=\"application\/ld+json\" class=\"yoast-schema-graph\">{\"@context\":\"https:\/\/schema.org\",\"@graph\":[{\"@type\":\"WebPage\",\"@id\":\"https:\/\/vapingnet.de\/vape\/elf-box-ls15000-mit-blue-razz-lemonade-der-vape-trend-ohne-zollgebuehren\/\",\"url\":\"https:\/\/vapingnet.de\/vape\/elf-box-ls15000-mit-blue-razz-lemonade-der-vape-trend-ohne-zollgebuehren\/\",\"name\":\"ELF BOX LS15000 Mit Blue Razz Lemonade Der Vape Trend Ohne Zollgeb\u00fchren | Vapingnet.de\",\"isPartOf\":{\"@id\":\"https:\/\/vapingnet.de\/#website\"},\"primaryImageOfPage\":{\"@id\":\"https:\/\/vapingnet.de\/vape\/elf-box-ls15000-mit-blue-razz-lemonade-der-vape-trend-ohne-zollgebuehren\/#primaryimage\"},\"image\":{\"@id\":\"https:\/\/vapingnet.de\/vape\/elf-box-ls15000-mit-blue-razz-lemonade-der-vape-trend-ohne-zollgebuehren\/#primaryimage\"},\"thumbnailUrl\":\"https:\/\/vapingnet.de\/wp-content\/uploads\/2025\/04\/Blue-Razz-Lemonade.webp\",\"datePublished\":\"2025-04-21T06:59:46+00:00\",\"dateModified\":\"2025-06-19T03:42:54+00:00\",\"description\":\"Entdecke ELF BOX LS15000 Mit Blue Razz Lemonade Der Vape Trend Ohne Zollgeb\u00fchren bei vapingnet.de, \u25ba Gro\u00dfe Auswahl an Geschmacksrichtungen & super g\u00fcnstig!\",\"breadcrumb\":{\"@id\":\"https:\/\/vapingnet.de\/vape\/elf-box-ls15000-mit-blue-razz-lemonade-der-vape-trend-ohne-zollgebuehren\/#breadcrumb\"},\"inLanguage\":\"lt-LT\",\"potentialAction\":[{\"@type\":\"ReadAction\",\"target\":[\"https:\/\/vapingnet.de\/vape\/elf-box-ls15000-mit-blue-razz-lemonade-der-vape-trend-ohne-zollgebuehren\/\"]}]},{\"@type\":\"ImageObject\",\"inLanguage\":\"lt-LT\",\"@id\":\"https:\/\/vapingnet.de\/vape\/elf-box-ls15000-mit-blue-razz-lemonade-der-vape-trend-ohne-zollgebuehren\/#primaryimage\",\"url\":\"https:\/\/vapingnet.de\/wp-content\/uploads\/2025\/04\/Blue-Razz-Lemonade.webp\",\"contentUrl\":\"https:\/\/vapingnet.de\/wp-content\/uploads\/2025\/04\/Blue-Razz-Lemonade.webp\",\"width\":1000,\"height\":1000},{\"@type\":\"BreadcrumbList\",\"@id\":\"https:\/\/vapingnet.de\/vape\/elf-box-ls15000-mit-blue-razz-lemonade-der-vape-trend-ohne-zollgebuehren\/#breadcrumb\",\"itemListElement\":[{\"@type\":\"ListItem\",\"position\":1,\"name\":\"Home\",\"item\":\"https:\/\/vapingnet.de\/\"},{\"@type\":\"ListItem\",\"position\":2,\"name\":\"Shop\",\"item\":\"https:\/\/vapingnet.de\/vape\/\"},{\"@type\":\"ListItem\",\"position\":3,\"name\":\"ELF BOX LS15000 Mit Blue Razz Lemonade Der Vape Trend Ohne Zollgeb\u00fchren\"}]},{\"@type\":\"WebSite\",\"@id\":\"https:\/\/vapingnet.de\/#website\",\"url\":\"https:\/\/vapingnet.de\/\",\"name\":\"Vapingnet.de\",\"description\":\"\",\"publisher\":{\"@id\":\"https:\/\/vapingnet.de\/#organization\"},\"potentialAction\":[{\"@type\":\"SearchAction\",\"target\":{\"@type\":\"EntryPoint\",\"urlTemplate\":\"https:\/\/vapingnet.de\/?s={search_term_string}\"},\"query-input\":{\"@type\":\"PropertyValueSpecification\",\"valueRequired\":true,\"valueName\":\"search_term_string\"}}],\"inLanguage\":\"lt-LT\"},{\"@type\":\"Organization\",\"@id\":\"https:\/\/vapingnet.de\/#organization\",\"name\":\"Vapingnet.de\",\"url\":\"https:\/\/vapingnet.de\/\",\"logo\":{\"@type\":\"ImageObject\",\"inLanguage\":\"lt-LT\",\"@id\":\"https:\/\/vapingnet.de\/#\/schema\/logo\/image\/\",\"url\":\"https:\/\/vapingnet.de\/wp-content\/uploads\/2025\/03\/cropped-vapingnet.de_.jpg\",\"contentUrl\":\"https:\/\/vapingnet.de\/wp-content\/uploads\/2025\/03\/cropped-vapingnet.de_.jpg\",\"width\":512,\"height\":512,\"caption\":\"Vapingnet.de\"},\"image\":{\"@id\":\"https:\/\/vapingnet.de\/#\/schema\/logo\/image\/\"},\"sameAs\":[\"https:\/\/www.facebook.com\/vapingnetde\/\"]}]}<\/script>\n<!-- \/ Yoast SEO plugin. -->","yoast_head_json":{"title":"ELF BOX LS15000 Mit Blue Razz Lemonade Der Vape Trend Ohne Zollgeb\u00fchren | Vapingnet.de","description":"Entdecke ELF BOX LS15000 Mit Blue Razz Lemonade Der Vape Trend Ohne Zollgeb\u00fchren bei vapingnet.de, \u25ba Gro\u00dfe Auswahl an Geschmacksrichtungen & super g\u00fcnstig!","robots":{"index":"index","follow":"follow","max-snippet":"max-snippet:-1","max-image-preview":"max-image-preview:large","max-video-preview":"max-video-preview:-1"},"canonical":"https:\/\/vapingnet.de\/lt\/vape\/elf-box-ls15000-mit-blue-razz-lemonade-der-vape-trend-ohne-zollgebuehren\/","og_locale":"lt_LT","og_type":"article","og_title":"ELF BOX LS15000 Mit Blue Razz Lemonade Der Vape Trend Ohne Zollgeb\u00fchren | Vapingnet.de","og_description":"Entdecke ELF BOX LS15000 Mit Blue Razz Lemonade Der Vape Trend Ohne Zollgeb\u00fchren bei vapingnet.de, \u25ba Gro\u00dfe Auswahl an Geschmacksrichtungen & super g\u00fcnstig!","og_url":"https:\/\/vapingnet.de\/lt\/vape\/elf-box-ls15000-mit-blue-razz-lemonade-der-vape-trend-ohne-zollgebuehren\/","og_site_name":"Vapingnet.de","article_publisher":"https:\/\/www.facebook.com\/vapingnetde\/","article_modified_time":"2025-06-19T03:42:54+00:00","og_image":[{"width":1000,"height":1000,"url":"https:\/\/vapingnet.de\/wp-content\/uploads\/2025\/04\/Blue-Razz-Lemonade.webp","type":"image\/webp"}],"twitter_card":"summary_large_image","twitter_misc":{"Est. reading time":"3 minutes"},"schema":{"@context":"https:\/\/schema.org","@graph":[{"@type":"WebPage","@id":"https:\/\/vapingnet.de\/vape\/elf-box-ls15000-mit-blue-razz-lemonade-der-vape-trend-ohne-zollgebuehren\/","url":"https:\/\/vapingnet.de\/vape\/elf-box-ls15000-mit-blue-razz-lemonade-der-vape-trend-ohne-zollgebuehren\/","name":"ELF BOX LS15000 Mit Blue Razz Lemonade Der Vape Trend Ohne Zollgeb\u00fchren | Vapingnet.de","isPartOf":{"@id":"https:\/\/vapingnet.de\/#website"},"primaryImageOfPage":{"@id":"https:\/\/vapingnet.de\/vape\/elf-box-ls15000-mit-blue-razz-lemonade-der-vape-trend-ohne-zollgebuehren\/#primaryimage"},"image":{"@id":"https:\/\/vapingnet.de\/vape\/elf-box-ls15000-mit-blue-razz-lemonade-der-vape-trend-ohne-zollgebuehren\/#primaryimage"},"thumbnailUrl":"https:\/\/vapingnet.de\/wp-content\/uploads\/2025\/04\/Blue-Razz-Lemonade.webp","datePublished":"2025-04-21T06:59:46+00:00","dateModified":"2025-06-19T03:42:54+00:00","description":"Entdecke ELF BOX LS15000 Mit Blue Razz Lemonade Der Vape Trend Ohne Zollgeb\u00fchren bei vapingnet.de, \u25ba Gro\u00dfe Auswahl an Geschmacksrichtungen & super g\u00fcnstig!","breadcrumb":{"@id":"https:\/\/vapingnet.de\/vape\/elf-box-ls15000-mit-blue-razz-lemonade-der-vape-trend-ohne-zollgebuehren\/#breadcrumb"},"inLanguage":"lt-LT","potentialAction":[{"@type":"ReadAction","target":["https:\/\/vapingnet.de\/vape\/elf-box-ls15000-mit-blue-razz-lemonade-der-vape-trend-ohne-zollgebuehren\/"]}]},{"@type":"ImageObject","inLanguage":"lt-LT","@id":"https:\/\/vapingnet.de\/vape\/elf-box-ls15000-mit-blue-razz-lemonade-der-vape-trend-ohne-zollgebuehren\/#primaryimage","url":"https:\/\/vapingnet.de\/wp-content\/uploads\/2025\/04\/Blue-Razz-Lemonade.webp","contentUrl":"https:\/\/vapingnet.de\/wp-content\/uploads\/2025\/04\/Blue-Razz-Lemonade.webp","width":1000,"height":1000},{"@type":"BreadcrumbList","@id":"https:\/\/vapingnet.de\/vape\/elf-box-ls15000-mit-blue-razz-lemonade-der-vape-trend-ohne-zollgebuehren\/#breadcrumb","itemListElement":[{"@type":"ListItem","position":1,"name":"Home","item":"https:\/\/vapingnet.de\/"},{"@type":"ListItem","position":2,"name":"Shop","item":"https:\/\/vapingnet.de\/vape\/"},{"@type":"ListItem","position":3,"name":"ELF BOX LS15000 Mit Blue Razz Lemonade Der Vape Trend Ohne Zollgeb\u00fchren"}]},{"@type":"WebSite","@id":"https:\/\/vapingnet.de\/#website","url":"https:\/\/vapingnet.de\/","name":"Vapingnet.de","description":"","publisher":{"@id":"https:\/\/vapingnet.de\/#organization"},"potentialAction":[{"@type":"SearchAction","target":{"@type":"EntryPoint","urlTemplate":"https:\/\/vapingnet.de\/?s={search_term_string}"},"query-input":{"@type":"PropertyValueSpecification","valueRequired":true,"valueName":"search_term_string"}}],"inLanguage":"lt-LT"},{"@type":"Organization","@id":"https:\/\/vapingnet.de\/#organization","name":"Vapingnet.de","url":"https:\/\/vapingnet.de\/","logo":{"@type":"ImageObject","inLanguage":"lt-LT","@id":"https:\/\/vapingnet.de\/#\/schema\/logo\/image\/","url":"https:\/\/vapingnet.de\/wp-content\/uploads\/2025\/03\/cropped-vapingnet.de_.jpg","contentUrl":"https:\/\/vapingnet.de\/wp-content\/uploads\/2025\/03\/cropped-vapingnet.de_.jpg","width":512,"height":512,"caption":"Vapingnet.de"},"image":{"@id":"https:\/\/vapingnet.de\/#\/schema\/logo\/image\/"},"sameAs":["https:\/\/www.facebook.com\/vapingnetde\/"]}]}},"tiered_pricing_type":"fixed","tiered_pricing_fixed_rules":{"10":"8.35","60":"7.54","110":"6.68","200":"5.85"},"tiered_pricing_product_settings":{"layout":"default","base_unit_name":{"singular":null,"plural":null},"default_variation":null},"tiered_pricing_minimum_quantity":null,"tiered_pricing_roles_data":[],"tiered_pricing_percentage_rules":[],"_links":{"self":[{"href":"https:\/\/vapingnet.de\/lt\/wp-json\/wp\/v2\/product\/6410","targetHints":{"allow":["GET"]}}],"collection":[{"href":"https:\/\/vapingnet.de\/lt\/wp-json\/wp\/v2\/product"}],"about":[{"href":"https:\/\/vapingnet.de\/lt\/wp-json\/wp\/v2\/types\/product"}],"version-history":[{"count":1,"href":"https:\/\/vapingnet.de\/lt\/wp-json\/wp\/v2\/product\/6410\/revisions"}],"predecessor-version":[{"id":6426,"href":"https:\/\/vapingnet.de\/lt\/wp-json\/wp\/v2\/product\/6410\/revisions\/6426"}],"wp:featuredmedia":[{"embeddable":true,"href":"https:\/\/vapingnet.de\/lt\/wp-json\/wp\/v2\/media\/6411"}],"wp:attachment":[{"href":"https:\/\/vapingnet.de\/lt\/wp-json\/wp\/v2\/media?parent=6410"}],"wp:term":[{"taxonomy":"brand","embeddable":true,"href":"https:\/\/vapingnet.de\/lt\/wp-json\/wp\/v2\/etheme_brands?post=6410"},{"taxonomy":"product_brand","embeddable":true,"href":"https:\/\/vapingnet.de\/lt\/wp-json\/wp\/v2\/product_brand?post=6410"},{"taxonomy":"product_cat","embeddable":true,"href":"https:\/\/vapingnet.de\/lt\/wp-json\/wp\/v2\/product_cat?post=6410"},{"taxonomy":"product_tag","embeddable":true,"href":"https:\/\/vapingnet.de\/lt\/wp-json\/wp\/v2\/product_tag?post=6410"}],"curies":[{"name":"wp","href":"https:\/\/api.w.org\/{rel}","templated":true}]}}