{"id":6427,"date":"2025-04-21T07:27:23","date_gmt":"2025-04-21T07:27:23","guid":{"rendered":"https:\/\/vapingnet.de\/?post_type=product&#038;p=6427"},"modified":"2025-06-19T03:42:54","modified_gmt":"2025-06-19T03:42:54","slug":"elf-box-ls15000-mit-watermelon-ice-bestes-aroma-ohne-zollkosten","status":"publish","type":"product","link":"https:\/\/vapingnet.de\/lt\/vape\/elf-box-ls15000-mit-watermelon-ice-bestes-aroma-ohne-zollkosten\/","title":{"rendered":"ELF BOX LS15000 su Watermelon Ice geriausias aromatas be muitin\u0117s mokes\u010di\u0173"},"content":{"rendered":"<h2 data-start=\"0\" data-end=\"80\" data-immersive-translate-walked=\"9ab05a8a-02ce-49ef-989e-c1be648e1593\">ELF BOX LS15000: Galutin\u0117 vienkartin\u0117 elektronin\u0117 cigaret\u0117 intensyviam atgaiviniui<\/h2>\n<p class=\"\" data-start=\"82\" data-end=\"380\" data-immersive-translate-walked=\"9ab05a8a-02ce-49ef-989e-c1be648e1593\" data-immersive-translate-paragraph=\"1\">ELF BOX LS15000 yra viena pa\u017eangiausi\u0173 vienkartini\u0173 elektronini\u0173 cigare\u010di\u0173 rinkoje, pasi\u017eyminti daugybe \u012fsp\u016bding\u0173 savybi\u0173. Ji sujungia didel\u012f E-skys\u010dio talp\u0105 su inovatyvia tinklelio rit\u0117s technologija, kuri suteikia neprilygstam\u0105 garinimo patirt\u012f.<\/p>\n<h3>ELF BOX LS15000 galios ir technologijos<\/h3>\n<p class=\"\" data-start=\"436\" data-end=\"877\" data-immersive-translate-walked=\"9ab05a8a-02ce-49ef-989e-c1be648e1593\" data-immersive-translate-paragraph=\"1\">ELF BOX LS15000 yra su 0,6 om\u0173 tinklelio rit\u0117, leid\u017eian\u010dia i\u0161skirtinai tolygiai gaminti gar\u0105. \u0160i technologija u\u017etikrina, kad skonis i\u0161likt\u0173 intensyvus ir ai\u0161kus, o garo gamyba optimizuota. Su 26 ml E-skys\u010dio talpa, LS15000 suteikia pakankamai skys\u010dio iki 15000 \u012fkv\u0117pim\u0173 \u2013 viena did\u017eiausi\u0173 talp\u0173 vienkartini\u0173 elektronini\u0173 cigare\u010di\u0173 srityje.<\/p>\n<p class=\"\" data-start=\"879\" data-end=\"1210\" data-immersive-translate-walked=\"9ab05a8a-02ce-49ef-989e-c1be648e1593\" data-immersive-translate-paragraph=\"1\">Kitas i\u0161skirtinumas \u2013 600mAh akumuliatorius, kuris greitai ir paprastai \u012fkraunamas per Type-C jungt\u012f, leid\u017eiant ilgalaik\u0119 naud\u0105. Tod\u0117l ELF BOX LS15000 tinka tiek pradedantiesiems, tiek patyrusiems garintojams, ie\u0161kantiems patikimos ir ilgalaik\u0117s garinimo patirties.<\/p>\n<h4 data-start=\"1212\" data-end=\"1254\" data-immersive-translate-walked=\"9ab05a8a-02ce-49ef-989e-c1be648e1593\">Skoni\u0173 patirtis: Watermelon Ice<\/h4>\n<p class=\"\" data-start=\"1256\" data-end=\"1545\" data-immersive-translate-walked=\"9ab05a8a-02ce-49ef-989e-c1be648e1593\" data-immersive-translate-paragraph=\"1\">ELF BOX LS15000 Watermelon Ice skonio variantas si\u016blo tobul\u0105 sald\u017ei\u0173 sulting\u0173 arb\u016bz\u0173 ir gaivinan\u010dio ledo balans\u0105. Skonis i\u0161lieka ai\u0161kus ir gyvas net ilgai naudojant, kas daugel\u012f garintoj\u0173 padaro unikaliu patyrimu.<\/p>\n<h4 data-start=\"1547\" data-end=\"1593\" data-immersive-translate-walked=\"9ab05a8a-02ce-49ef-989e-c1be648e1593\">\u012evairov\u0117 ir prisitaikymas<\/h4>\n<p class=\"\" data-start=\"1595\" data-end=\"1933\" data-immersive-translate-walked=\"9ab05a8a-02ce-49ef-989e-c1be648e1593\" data-immersive-translate-paragraph=\"1\">ELF BOX LS15000 yra prieinama nikotino stiprumais 0%, 2% ir 5%, suteikiant garintojams galimyb\u0119 tiksliai reguliuoti nikotino kiek\u012f pagal savo pageidavimus. Ji ideali tiems, kurie ie\u0161ko patogaus ir greito sprendimo, nesukantys nuo individualios garinimo patirties.<\/p>\n<h3>ELF BOX LS15000 privalumai<\/h3>\n<ul data-start=\"1973\" data-end=\"2560\" data-immersive-translate-walked=\"9ab05a8a-02ce-49ef-989e-c1be648e1593\">\n<li class=\"\" data-start=\"1973\" data-end=\"2071\" data-immersive-translate-walked=\"9ab05a8a-02ce-49ef-989e-c1be648e1593\">\n<p class=\"\" data-start=\"1975\" data-end=\"2071\" data-immersive-translate-walked=\"9ab05a8a-02ce-49ef-989e-c1be648e1593\" data-immersive-translate-paragraph=\"1\">Be muit\u0173: u\u017esakymai pristatomi be muit\u0173, tod\u0117l papildom\u0173 mokes\u010di\u0173 n\u0117ra.<\/p>\n<\/li>\n<li class=\"\" data-start=\"2072\" data-end=\"2203\" data-immersive-translate-walked=\"9ab05a8a-02ce-49ef-989e-c1be648e1593\">\n<p class=\"\" data-start=\"2074\" data-end=\"2203\" data-immersive-translate-walked=\"9ab05a8a-02ce-49ef-989e-c1be648e1593\" data-immersive-translate-paragraph=\"1\">Greitas pristatymas: siuntimas vyksta per 7-15 darbo dien\u0173, tod\u0117l galite greitai gauti savo u\u017esakym\u0105.<\/p>\n<\/li>\n<li class=\"\" data-start=\"2204\" data-end=\"2343\" data-immersive-translate-walked=\"9ab05a8a-02ce-49ef-989e-c1be648e1593\">\n<p class=\"\" data-start=\"2206\" data-end=\"2343\" data-immersive-translate-walked=\"9ab05a8a-02ce-49ef-989e-c1be648e1593\" data-immersive-translate-paragraph=\"1\">Galingas akumuliatorius: akumuliatorius pakankamas ilgam naudojimui ir lengvai \u012fkraunamas per Type-C jungt\u012f.<\/p>\n<\/li>\n<li class=\"\" data-start=\"2344\" data-end=\"2467\" data-immersive-translate-walked=\"9ab05a8a-02ce-49ef-989e-c1be648e1593\">\n<p class=\"\" data-start=\"2346\" data-end=\"2467\" data-immersive-translate-walked=\"9ab05a8a-02ce-49ef-989e-c1be648e1593\" data-immersive-translate-paragraph=\"1\">Didel\u0117 E-skys\u010dio talpa: su 26 ml E-skys\u010dio galite m\u0117gautis iki 15000 \u012fkv\u0117pim\u0173 be da\u017en\u0173 papildym\u0173.<\/p>\n<\/li>\n<li class=\"\" data-start=\"2468\" data-end=\"2560\" data-immersive-translate-walked=\"9ab05a8a-02ce-49ef-989e-c1be648e1593\">\n<p class=\"\" data-start=\"2470\" data-end=\"2560\" data-immersive-translate-walked=\"9ab05a8a-02ce-49ef-989e-c1be648e1593\" data-immersive-translate-paragraph=\"1\">Vartotojui draugi\u0161ka: \u012frenginys lengvai valdomas ir nereikalauja prie\u017ei\u016bros.<\/p>\n<\/li>\n<\/ul>\n<h4 data-start=\"2562\" data-end=\"2575\" data-immersive-translate-walked=\"9ab05a8a-02ce-49ef-989e-c1be648e1593\">Kod\u0117l ELF BOX LS15000 yra j\u016bs\u0173 ideali pasirinktis<\/h4>\n<p class=\"\" data-start=\"2577\" data-end=\"2933\" data-immersive-translate-walked=\"9ab05a8a-02ce-49ef-989e-c1be648e1593\" data-immersive-translate-paragraph=\"1\">ELF BOX LS15000 si\u016blo visk\u0105, ko reikia garintojui: didel\u012f \u012fkv\u0117pim\u0173 skai\u010di\u0173, stipr\u0173 skon\u012f ir paprast\u0105 valdym\u0105. Watermelon Ice skonis yra tobulas tiems, kurie ie\u0161ko gaivios, sald\u017eios garinimo varianto. U\u017esisakykite jau \u0161iandien vapingnet.de ir m\u0117gaukit\u0117s nepamir\u0161tama garinimo patirtimi.<\/p>","protected":false},"excerpt":{"rendered":"<p>ELF BOX LS15000: Auk\u0161\u010diausios kokyb\u0117s vienkartin\u0117 elektronin\u0117 cigaret\u0117 intensyviam gaivumui ELF BOX LS15000 yra viena pa\u017eangiausi\u0173 vienkartini\u0173 elektronini\u0173 cigare\u010di\u0173 rinkoje, pasi\u017eyminti daugybe...<\/p>","protected":false},"featured_media":6420,"template":"","meta":[],"etheme_brands":[],"product_brand":[100],"product_cat":[53,49,61],"product_tag":[],"class_list":{"0":"post-6427","1":"product","2":"type-product","3":"status-publish","4":"has-post-thumbnail","6":"product_brand-elf-box-vape","7":"product_cat-vape-15000-zuege","8":"product_cat-einweg-e-zigarette","9":"product_cat-f","11":"first","12":"instock","13":"shipping-taxable","14":"purchasable","15":"product-type-simple"},"yoast_head":"<!-- This site is optimized with the Yoast SEO plugin v26.5 - https:\/\/yoast.com\/wordpress\/plugins\/seo\/ -->\n<title>ELF BOX LS15000 Mit Watermelon Ice Bestes Aroma Ohne Zollkosten | Vapingnet.de<\/title>\n<meta name=\"description\" content=\"Entdecke ELF BOX LS15000 Mit Watermelon Ice Bestes Aroma Ohne Zollkosten bei vapingnet.de, \u25ba Gro\u00dfe Auswahl an Geschmacksrichtungen &amp; super g\u00fcnstig!\" \/>\n<meta name=\"robots\" content=\"index, follow, max-snippet:-1, max-image-preview:large, max-video-preview:-1\" \/>\n<link rel=\"canonical\" href=\"https:\/\/vapingnet.de\/lt\/vape\/elf-box-ls15000-mit-watermelon-ice-bestes-aroma-ohne-zollkosten\/\" \/>\n<meta property=\"og:locale\" content=\"lt_LT\" \/>\n<meta property=\"og:type\" content=\"article\" \/>\n<meta property=\"og:title\" content=\"ELF BOX LS15000 Mit Watermelon Ice Bestes Aroma Ohne Zollkosten | Vapingnet.de\" \/>\n<meta property=\"og:description\" content=\"Entdecke ELF BOX LS15000 Mit Watermelon Ice Bestes Aroma Ohne Zollkosten bei vapingnet.de, \u25ba Gro\u00dfe Auswahl an Geschmacksrichtungen &amp; super g\u00fcnstig!\" \/>\n<meta property=\"og:url\" content=\"https:\/\/vapingnet.de\/lt\/vape\/elf-box-ls15000-mit-watermelon-ice-bestes-aroma-ohne-zollkosten\/\" \/>\n<meta property=\"og:site_name\" content=\"Vapingnet.de\" \/>\n<meta property=\"article:publisher\" content=\"https:\/\/www.facebook.com\/vapingnetde\/\" \/>\n<meta property=\"article:modified_time\" content=\"2025-06-19T03:42:54+00:00\" \/>\n<meta property=\"og:image\" content=\"https:\/\/vapingnet.de\/wp-content\/uploads\/2025\/04\/Watermelon-Ice-1.webp\" \/>\n\t<meta property=\"og:image:width\" content=\"1000\" \/>\n\t<meta property=\"og:image:height\" content=\"1000\" \/>\n\t<meta property=\"og:image:type\" content=\"image\/webp\" \/>\n<meta name=\"twitter:card\" content=\"summary_large_image\" \/>\n<meta name=\"twitter:label1\" content=\"Est. reading time\" \/>\n\t<meta name=\"twitter:data1\" content=\"3 minutes\" \/>\n<script type=\"application\/ld+json\" class=\"yoast-schema-graph\">{\"@context\":\"https:\/\/schema.org\",\"@graph\":[{\"@type\":\"WebPage\",\"@id\":\"https:\/\/vapingnet.de\/vape\/elf-box-ls15000-mit-watermelon-ice-bestes-aroma-ohne-zollkosten\/\",\"url\":\"https:\/\/vapingnet.de\/vape\/elf-box-ls15000-mit-watermelon-ice-bestes-aroma-ohne-zollkosten\/\",\"name\":\"ELF BOX LS15000 Mit Watermelon Ice Bestes Aroma Ohne Zollkosten | Vapingnet.de\",\"isPartOf\":{\"@id\":\"https:\/\/vapingnet.de\/#website\"},\"primaryImageOfPage\":{\"@id\":\"https:\/\/vapingnet.de\/vape\/elf-box-ls15000-mit-watermelon-ice-bestes-aroma-ohne-zollkosten\/#primaryimage\"},\"image\":{\"@id\":\"https:\/\/vapingnet.de\/vape\/elf-box-ls15000-mit-watermelon-ice-bestes-aroma-ohne-zollkosten\/#primaryimage\"},\"thumbnailUrl\":\"https:\/\/vapingnet.de\/wp-content\/uploads\/2025\/04\/Watermelon-Ice-1.webp\",\"datePublished\":\"2025-04-21T07:27:23+00:00\",\"dateModified\":\"2025-06-19T03:42:54+00:00\",\"description\":\"Entdecke ELF BOX LS15000 Mit Watermelon Ice Bestes Aroma Ohne Zollkosten bei vapingnet.de, \u25ba Gro\u00dfe Auswahl an Geschmacksrichtungen & super g\u00fcnstig!\",\"breadcrumb\":{\"@id\":\"https:\/\/vapingnet.de\/vape\/elf-box-ls15000-mit-watermelon-ice-bestes-aroma-ohne-zollkosten\/#breadcrumb\"},\"inLanguage\":\"lt-LT\",\"potentialAction\":[{\"@type\":\"ReadAction\",\"target\":[\"https:\/\/vapingnet.de\/vape\/elf-box-ls15000-mit-watermelon-ice-bestes-aroma-ohne-zollkosten\/\"]}]},{\"@type\":\"ImageObject\",\"inLanguage\":\"lt-LT\",\"@id\":\"https:\/\/vapingnet.de\/vape\/elf-box-ls15000-mit-watermelon-ice-bestes-aroma-ohne-zollkosten\/#primaryimage\",\"url\":\"https:\/\/vapingnet.de\/wp-content\/uploads\/2025\/04\/Watermelon-Ice-1.webp\",\"contentUrl\":\"https:\/\/vapingnet.de\/wp-content\/uploads\/2025\/04\/Watermelon-Ice-1.webp\",\"width\":1000,\"height\":1000},{\"@type\":\"BreadcrumbList\",\"@id\":\"https:\/\/vapingnet.de\/vape\/elf-box-ls15000-mit-watermelon-ice-bestes-aroma-ohne-zollkosten\/#breadcrumb\",\"itemListElement\":[{\"@type\":\"ListItem\",\"position\":1,\"name\":\"Home\",\"item\":\"https:\/\/vapingnet.de\/\"},{\"@type\":\"ListItem\",\"position\":2,\"name\":\"Shop\",\"item\":\"https:\/\/vapingnet.de\/vape\/\"},{\"@type\":\"ListItem\",\"position\":3,\"name\":\"ELF BOX LS15000 Mit Watermelon Ice Bestes Aroma Ohne Zollkosten\"}]},{\"@type\":\"WebSite\",\"@id\":\"https:\/\/vapingnet.de\/#website\",\"url\":\"https:\/\/vapingnet.de\/\",\"name\":\"Vapingnet.de\",\"description\":\"\",\"publisher\":{\"@id\":\"https:\/\/vapingnet.de\/#organization\"},\"potentialAction\":[{\"@type\":\"SearchAction\",\"target\":{\"@type\":\"EntryPoint\",\"urlTemplate\":\"https:\/\/vapingnet.de\/?s={search_term_string}\"},\"query-input\":{\"@type\":\"PropertyValueSpecification\",\"valueRequired\":true,\"valueName\":\"search_term_string\"}}],\"inLanguage\":\"lt-LT\"},{\"@type\":\"Organization\",\"@id\":\"https:\/\/vapingnet.de\/#organization\",\"name\":\"Vapingnet.de\",\"url\":\"https:\/\/vapingnet.de\/\",\"logo\":{\"@type\":\"ImageObject\",\"inLanguage\":\"lt-LT\",\"@id\":\"https:\/\/vapingnet.de\/#\/schema\/logo\/image\/\",\"url\":\"https:\/\/vapingnet.de\/wp-content\/uploads\/2025\/03\/cropped-vapingnet.de_.jpg\",\"contentUrl\":\"https:\/\/vapingnet.de\/wp-content\/uploads\/2025\/03\/cropped-vapingnet.de_.jpg\",\"width\":512,\"height\":512,\"caption\":\"Vapingnet.de\"},\"image\":{\"@id\":\"https:\/\/vapingnet.de\/#\/schema\/logo\/image\/\"},\"sameAs\":[\"https:\/\/www.facebook.com\/vapingnetde\/\"]}]}<\/script>\n<!-- \/ Yoast SEO plugin. -->","yoast_head_json":{"title":"ELF BOX LS15000 Mit Watermelon Ice Bestes Aroma Ohne Zollkosten | Vapingnet.de","description":"Entdecke ELF BOX LS15000 Mit Watermelon Ice Bestes Aroma Ohne Zollkosten bei vapingnet.de, \u25ba Gro\u00dfe Auswahl an Geschmacksrichtungen & super g\u00fcnstig!","robots":{"index":"index","follow":"follow","max-snippet":"max-snippet:-1","max-image-preview":"max-image-preview:large","max-video-preview":"max-video-preview:-1"},"canonical":"https:\/\/vapingnet.de\/lt\/vape\/elf-box-ls15000-mit-watermelon-ice-bestes-aroma-ohne-zollkosten\/","og_locale":"lt_LT","og_type":"article","og_title":"ELF BOX LS15000 Mit Watermelon Ice Bestes Aroma Ohne Zollkosten | Vapingnet.de","og_description":"Entdecke ELF BOX LS15000 Mit Watermelon Ice Bestes Aroma Ohne Zollkosten bei vapingnet.de, \u25ba Gro\u00dfe Auswahl an Geschmacksrichtungen & super g\u00fcnstig!","og_url":"https:\/\/vapingnet.de\/lt\/vape\/elf-box-ls15000-mit-watermelon-ice-bestes-aroma-ohne-zollkosten\/","og_site_name":"Vapingnet.de","article_publisher":"https:\/\/www.facebook.com\/vapingnetde\/","article_modified_time":"2025-06-19T03:42:54+00:00","og_image":[{"width":1000,"height":1000,"url":"https:\/\/vapingnet.de\/wp-content\/uploads\/2025\/04\/Watermelon-Ice-1.webp","type":"image\/webp"}],"twitter_card":"summary_large_image","twitter_misc":{"Est. reading time":"3 minutes"},"schema":{"@context":"https:\/\/schema.org","@graph":[{"@type":"WebPage","@id":"https:\/\/vapingnet.de\/vape\/elf-box-ls15000-mit-watermelon-ice-bestes-aroma-ohne-zollkosten\/","url":"https:\/\/vapingnet.de\/vape\/elf-box-ls15000-mit-watermelon-ice-bestes-aroma-ohne-zollkosten\/","name":"ELF BOX LS15000 Mit Watermelon Ice Bestes Aroma Ohne Zollkosten | Vapingnet.de","isPartOf":{"@id":"https:\/\/vapingnet.de\/#website"},"primaryImageOfPage":{"@id":"https:\/\/vapingnet.de\/vape\/elf-box-ls15000-mit-watermelon-ice-bestes-aroma-ohne-zollkosten\/#primaryimage"},"image":{"@id":"https:\/\/vapingnet.de\/vape\/elf-box-ls15000-mit-watermelon-ice-bestes-aroma-ohne-zollkosten\/#primaryimage"},"thumbnailUrl":"https:\/\/vapingnet.de\/wp-content\/uploads\/2025\/04\/Watermelon-Ice-1.webp","datePublished":"2025-04-21T07:27:23+00:00","dateModified":"2025-06-19T03:42:54+00:00","description":"Entdecke ELF BOX LS15000 Mit Watermelon Ice Bestes Aroma Ohne Zollkosten bei vapingnet.de, \u25ba Gro\u00dfe Auswahl an Geschmacksrichtungen & super g\u00fcnstig!","breadcrumb":{"@id":"https:\/\/vapingnet.de\/vape\/elf-box-ls15000-mit-watermelon-ice-bestes-aroma-ohne-zollkosten\/#breadcrumb"},"inLanguage":"lt-LT","potentialAction":[{"@type":"ReadAction","target":["https:\/\/vapingnet.de\/vape\/elf-box-ls15000-mit-watermelon-ice-bestes-aroma-ohne-zollkosten\/"]}]},{"@type":"ImageObject","inLanguage":"lt-LT","@id":"https:\/\/vapingnet.de\/vape\/elf-box-ls15000-mit-watermelon-ice-bestes-aroma-ohne-zollkosten\/#primaryimage","url":"https:\/\/vapingnet.de\/wp-content\/uploads\/2025\/04\/Watermelon-Ice-1.webp","contentUrl":"https:\/\/vapingnet.de\/wp-content\/uploads\/2025\/04\/Watermelon-Ice-1.webp","width":1000,"height":1000},{"@type":"BreadcrumbList","@id":"https:\/\/vapingnet.de\/vape\/elf-box-ls15000-mit-watermelon-ice-bestes-aroma-ohne-zollkosten\/#breadcrumb","itemListElement":[{"@type":"ListItem","position":1,"name":"Home","item":"https:\/\/vapingnet.de\/"},{"@type":"ListItem","position":2,"name":"Shop","item":"https:\/\/vapingnet.de\/vape\/"},{"@type":"ListItem","position":3,"name":"ELF BOX LS15000 Mit Watermelon Ice Bestes Aroma Ohne Zollkosten"}]},{"@type":"WebSite","@id":"https:\/\/vapingnet.de\/#website","url":"https:\/\/vapingnet.de\/","name":"Vapingnet.de","description":"","publisher":{"@id":"https:\/\/vapingnet.de\/#organization"},"potentialAction":[{"@type":"SearchAction","target":{"@type":"EntryPoint","urlTemplate":"https:\/\/vapingnet.de\/?s={search_term_string}"},"query-input":{"@type":"PropertyValueSpecification","valueRequired":true,"valueName":"search_term_string"}}],"inLanguage":"lt-LT"},{"@type":"Organization","@id":"https:\/\/vapingnet.de\/#organization","name":"Vapingnet.de","url":"https:\/\/vapingnet.de\/","logo":{"@type":"ImageObject","inLanguage":"lt-LT","@id":"https:\/\/vapingnet.de\/#\/schema\/logo\/image\/","url":"https:\/\/vapingnet.de\/wp-content\/uploads\/2025\/03\/cropped-vapingnet.de_.jpg","contentUrl":"https:\/\/vapingnet.de\/wp-content\/uploads\/2025\/03\/cropped-vapingnet.de_.jpg","width":512,"height":512,"caption":"Vapingnet.de"},"image":{"@id":"https:\/\/vapingnet.de\/#\/schema\/logo\/image\/"},"sameAs":["https:\/\/www.facebook.com\/vapingnetde\/"]}]}},"tiered_pricing_type":"fixed","tiered_pricing_fixed_rules":{"10":"8.35","60":"7.54","110":"6.68","200":"5.85"},"tiered_pricing_product_settings":{"layout":"default","base_unit_name":{"singular":null,"plural":null},"default_variation":null},"tiered_pricing_minimum_quantity":null,"tiered_pricing_roles_data":[],"tiered_pricing_percentage_rules":[],"_links":{"self":[{"href":"https:\/\/vapingnet.de\/lt\/wp-json\/wp\/v2\/product\/6427","targetHints":{"allow":["GET"]}}],"collection":[{"href":"https:\/\/vapingnet.de\/lt\/wp-json\/wp\/v2\/product"}],"about":[{"href":"https:\/\/vapingnet.de\/lt\/wp-json\/wp\/v2\/types\/product"}],"version-history":[{"count":3,"href":"https:\/\/vapingnet.de\/lt\/wp-json\/wp\/v2\/product\/6427\/revisions"}],"predecessor-version":[{"id":6436,"href":"https:\/\/vapingnet.de\/lt\/wp-json\/wp\/v2\/product\/6427\/revisions\/6436"}],"wp:featuredmedia":[{"embeddable":true,"href":"https:\/\/vapingnet.de\/lt\/wp-json\/wp\/v2\/media\/6420"}],"wp:attachment":[{"href":"https:\/\/vapingnet.de\/lt\/wp-json\/wp\/v2\/media?parent=6427"}],"wp:term":[{"taxonomy":"brand","embeddable":true,"href":"https:\/\/vapingnet.de\/lt\/wp-json\/wp\/v2\/etheme_brands?post=6427"},{"taxonomy":"product_brand","embeddable":true,"href":"https:\/\/vapingnet.de\/lt\/wp-json\/wp\/v2\/product_brand?post=6427"},{"taxonomy":"product_cat","embeddable":true,"href":"https:\/\/vapingnet.de\/lt\/wp-json\/wp\/v2\/product_cat?post=6427"},{"taxonomy":"product_tag","embeddable":true,"href":"https:\/\/vapingnet.de\/lt\/wp-json\/wp\/v2\/product_tag?post=6427"}],"curies":[{"name":"wp","href":"https:\/\/api.w.org\/{rel}","templated":true}]}}