{"id":6430,"date":"2025-04-21T07:29:46","date_gmt":"2025-04-21T07:29:46","guid":{"rendered":"https:\/\/vapingnet.de\/?post_type=product&#038;p=6430"},"modified":"2025-06-19T03:42:53","modified_gmt":"2025-06-19T03:42:53","slug":"elf-box-ls15000-jetzt-mit-strawberry-ice-weltweit-beliebt-und-zollfrei","status":"publish","type":"product","link":"https:\/\/vapingnet.de\/lt\/vape\/elf-box-ls15000-jetzt-mit-strawberry-ice-weltweit-beliebt-und-zollfrei\/","title":{"rendered":"ELF BOX LS15000 Dabar Su Bra\u0161ki\u0173 Ledais Pasaulin\u0117 M\u0117gstama ir Be Muito"},"content":{"rendered":"<h2 data-start=\"0\" data-end=\"81\" data-immersive-translate-walked=\"33d7b14d-b3a8-4bb4-bc8a-e3001b62a8bb\">Atraskite ELF BOX LS15000 \u2013 Bra\u0161k\u0117s Ledas nepamir\u0161tamam skoniui<\/h2>\n<p class=\"\" data-start=\"83\" data-end=\"376\" data-immersive-translate-walked=\"33d7b14d-b3a8-4bb4-bc8a-e3001b62a8bb\" data-immersive-translate-paragraph=\"1\">ELF BOX LS15000 yra i\u0161skirtin\u0117 vienkartin\u0117 elektronin\u0117 cigaret\u0117, kuri ne tik pasi\u017eymi ilga tarnavimo trukme ir intensyviu skoniu, bet ir patogiais funkcijomis. Su \u0161vie\u017eiu Bra\u0161ki\u0173 Led\u0173 skoniu kiekvienas \u012fkv\u0117pimas tampa gaiviu patyrimu.<\/p>\n<h4 data-start=\"378\" data-end=\"430\" data-immersive-translate-walked=\"33d7b14d-b3a8-4bb4-bc8a-e3001b62a8bb\">Ilga tarnavimo trukm\u0117 ilgalaikiam malonumui<\/h4>\n<p class=\"\" data-start=\"432\" data-end=\"872\" data-immersive-translate-walked=\"33d7b14d-b3a8-4bb4-bc8a-e3001b62a8bb\" data-immersive-translate-paragraph=\"1\">D\u0117l didel\u0117s 26 ml elektroninio skys\u010dio talpos galite m\u0117gautis iki 15 000 \u012fkv\u0117pim\u0173 su ELF BOX LS15000. \u0160\u012f \u012fsp\u016bding\u0105 nuotol\u012f u\u017etikrina pa\u017eangi tinklelio rit\u0117 su 0,6 Ohmo, kuri u\u017etikrina tolyg\u0173 garavim\u0105 ir intensyv\u0173 skon\u012f. 600 mAh baterij\u0105 patogu \u012fkrauti per Type-C jungt\u012f, ir ji leid\u017eia nuolat naudotis \u012frenginiu.<\/p>\n<h4 data-start=\"874\" data-end=\"922\" data-immersive-translate-walked=\"33d7b14d-b3a8-4bb4-bc8a-e3001b62a8bb\">\u0160vie\u017eias bra\u0161ki\u0173 impulsas su Bra\u0161ki\u0173 Ledais<\/h4>\n<p class=\"\" data-start=\"924\" data-end=\"1254\" data-immersive-translate-walked=\"33d7b14d-b3a8-4bb4-bc8a-e3001b62a8bb\" data-immersive-translate-paragraph=\"1\">Bra\u0161ki\u0173 Led\u0173 skonis si\u016blo tobul\u0105 sald\u017ei\u0173, prinokusi\u0173 bra\u0161ki\u0173 ir gaivinan\u010dio ledinio atspalvio derin\u012f. \u0160i mi\u0161inio kombinacija sukuria skonio patirt\u012f, primenan\u010di\u0105 \u0161iltas vasaros dienas ir kartu suteikian\u010di\u0105 gaiv\u0173 atgaiv\u0105. Idealiai tinka d\u016bmaujantiems, ie\u0161kantiems vaisinio ir gaivaus malonumo.<\/p>\n<h4 data-start=\"1256\" data-end=\"1313\" data-immersive-translate-walked=\"33d7b14d-b3a8-4bb4-bc8a-e3001b62a8bb\">Lankst\u016bs nikotino stiprumai individualiam d\u016bmavimui<\/h4>\n<p class=\"\" data-start=\"1315\" data-end=\"1556\" data-immersive-translate-walked=\"33d7b14d-b3a8-4bb4-bc8a-e3001b62a8bb\" data-immersive-translate-paragraph=\"1\">Su ELF BOX LS15000 galite pasirinkti nikotino kiek\u012f pagal savo skon\u012f. Galite rinktis tarp 0%, 2% ir 5% nikotino, kas leid\u017eia tobulai pritaikyti d\u016bmavimo patirt\u012f pagal savo poreikius.<\/p>\n<h3>Kod\u0117l rinktis ELF BOX LS15000?<\/h3>\n<ul data-start=\"1594\" data-end=\"1880\" data-immersive-translate-walked=\"33d7b14d-b3a8-4bb4-bc8a-e3001b62a8bb\">\n<li class=\"\" data-start=\"1594\" data-end=\"1655\" data-immersive-translate-walked=\"33d7b14d-b3a8-4bb4-bc8a-e3001b62a8bb\">\n<p class=\"\" data-start=\"1596\" data-end=\"1655\" data-immersive-translate-walked=\"33d7b14d-b3a8-4bb4-bc8a-e3001b62a8bb\" data-immersive-translate-paragraph=\"1\">Greitas pristatymas per 7 iki 15 darbo dien\u0173<\/p>\n<\/li>\n<li class=\"\" data-start=\"1656\" data-end=\"1708\" data-immersive-translate-walked=\"33d7b14d-b3a8-4bb4-bc8a-e3001b62a8bb\">\n<p class=\"\" data-start=\"1658\" data-end=\"1708\" data-immersive-translate-walked=\"33d7b14d-b3a8-4bb4-bc8a-e3001b62a8bb\" data-immersive-translate-paragraph=\"1\">Be muit\u0173 pristatymas tiesiai \u012f j\u016bs\u0173 namus<\/p>\n<\/li>\n<li class=\"\" data-start=\"1709\" data-end=\"1766\" data-immersive-translate-walked=\"33d7b14d-b3a8-4bb4-bc8a-e3001b62a8bb\">\n<p class=\"\" data-start=\"1711\" data-end=\"1766\" data-immersive-translate-walked=\"33d7b14d-b3a8-4bb4-bc8a-e3001b62a8bb\" data-immersive-translate-paragraph=\"1\">Patogus Type-C \u012fkrovimo jungtis greitam \u012fkrovimui<\/p>\n<\/li>\n<li class=\"\" data-start=\"1767\" data-end=\"1818\" data-immersive-translate-walked=\"33d7b14d-b3a8-4bb4-bc8a-e3001b62a8bb\">\n<p class=\"\" data-start=\"1769\" data-end=\"1818\" data-immersive-translate-walked=\"33d7b14d-b3a8-4bb4-bc8a-e3001b62a8bb\" data-immersive-translate-paragraph=\"1\">Ilga tarnavimo trukm\u0117 iki 15 000 \u012fkv\u0117pim\u0173<\/p>\n<\/li>\n<li class=\"\" data-start=\"1819\" data-end=\"1880\" data-immersive-translate-walked=\"33d7b14d-b3a8-4bb4-bc8a-e3001b62a8bb\">\n<p class=\"\" data-start=\"1821\" data-end=\"1880\" data-immersive-translate-walked=\"33d7b14d-b3a8-4bb4-bc8a-e3001b62a8bb\" data-immersive-translate-paragraph=\"1\">Intensyvus skonis d\u0117ka tinklelio rit\u0117s technologijos<\/p>\n<\/li>\n<\/ul>\n<h4 data-start=\"1882\" data-end=\"1921\" data-immersive-translate-walked=\"33d7b14d-b3a8-4bb4-bc8a-e3001b62a8bb\">U\u017esisakykite ELF BOX LS15000 dabar vapingnet.de<\/h4>\n<p class=\"\" data-start=\"1923\" data-end=\"2345\" data-immersive-translate-walked=\"33d7b14d-b3a8-4bb4-bc8a-e3001b62a8bb\" data-immersive-translate-paragraph=\"1\">ELF BOX LS15000 suteikia visk\u0105, ko reikia pirmos klas\u0117s d\u016bmavimo patir\u010diai. Su Bra\u0161ki\u0173 Led\u0173 skoniu, ilga tarnavimo trukme ir lankstais nikotino stiprumais, \u0161i vienkartin\u0117 elektronin\u0117 cigaret\u0117 yra puikus pasirinkimas d\u016bmaujantiems, kurie vertina kokyb\u0119 ir patogum\u0105. U\u017esisakykite dabar vapingnet.de ir m\u0117gaukit\u0117s greitu bei be muit\u0173 pristatymu tiesiai \u012f j\u016bs\u0173 namus.<\/p>","protected":false},"excerpt":{"rendered":"<p>Atraskite ELF BOX LS15000 \u2013 Bra\u0161ki\u0173 ledas nepamir\u0161tamam malonumui ELF BOX LS15000 yra i\u0161skirtin\u0117 vienkartin\u0117 elektronin\u0117 cigaret\u0117, kuri ne tik suteikia...<\/p>","protected":false},"featured_media":6417,"template":"","meta":[],"etheme_brands":[],"product_brand":[100],"product_cat":[53,49,61],"product_tag":[],"class_list":{"0":"post-6430","1":"product","2":"type-product","3":"status-publish","4":"has-post-thumbnail","6":"product_brand-elf-box-vape","7":"product_cat-vape-15000-zuege","8":"product_cat-einweg-e-zigarette","9":"product_cat-f","11":"first","12":"instock","13":"shipping-taxable","14":"purchasable","15":"product-type-simple"},"yoast_head":"<!-- This site is optimized with the Yoast SEO plugin v26.5 - https:\/\/yoast.com\/wordpress\/plugins\/seo\/ -->\n<title>ELF BOX LS15000 Jetzt Mit Strawberry Ice Weltweit Beliebt und Zollfrei | Vapingnet.de<\/title>\n<meta name=\"description\" content=\"Entdecke ELF BOX LS15000 Jetzt Mit Strawberry Ice Weltweit Beliebt und Zollfrei bei vapingnet.de, \u25ba Gro\u00dfe Auswahl an Geschmacksrichtungen &amp; super g\u00fcnstig!\" \/>\n<meta name=\"robots\" content=\"index, follow, max-snippet:-1, max-image-preview:large, max-video-preview:-1\" \/>\n<link rel=\"canonical\" href=\"https:\/\/vapingnet.de\/lt\/vape\/elf-box-ls15000-jetzt-mit-strawberry-ice-weltweit-beliebt-und-zollfrei\/\" \/>\n<meta property=\"og:locale\" content=\"lt_LT\" \/>\n<meta property=\"og:type\" content=\"article\" \/>\n<meta property=\"og:title\" content=\"ELF BOX LS15000 Jetzt Mit Strawberry Ice Weltweit Beliebt und Zollfrei | Vapingnet.de\" \/>\n<meta property=\"og:description\" content=\"Entdecke ELF BOX LS15000 Jetzt Mit Strawberry Ice Weltweit Beliebt und Zollfrei bei vapingnet.de, \u25ba Gro\u00dfe Auswahl an Geschmacksrichtungen &amp; super g\u00fcnstig!\" \/>\n<meta property=\"og:url\" content=\"https:\/\/vapingnet.de\/lt\/vape\/elf-box-ls15000-jetzt-mit-strawberry-ice-weltweit-beliebt-und-zollfrei\/\" \/>\n<meta property=\"og:site_name\" content=\"Vapingnet.de\" \/>\n<meta property=\"article:publisher\" content=\"https:\/\/www.facebook.com\/vapingnetde\/\" \/>\n<meta property=\"article:modified_time\" content=\"2025-06-19T03:42:53+00:00\" \/>\n<meta property=\"og:image\" content=\"https:\/\/vapingnet.de\/wp-content\/uploads\/2025\/04\/Strawberry-Ice-2.webp\" \/>\n\t<meta property=\"og:image:width\" content=\"1000\" \/>\n\t<meta property=\"og:image:height\" content=\"1000\" \/>\n\t<meta property=\"og:image:type\" content=\"image\/webp\" \/>\n<meta name=\"twitter:card\" content=\"summary_large_image\" \/>\n<meta name=\"twitter:label1\" content=\"Est. reading time\" \/>\n\t<meta name=\"twitter:data1\" content=\"2 minutes\" \/>\n<script type=\"application\/ld+json\" class=\"yoast-schema-graph\">{\"@context\":\"https:\/\/schema.org\",\"@graph\":[{\"@type\":\"WebPage\",\"@id\":\"https:\/\/vapingnet.de\/vape\/elf-box-ls15000-jetzt-mit-strawberry-ice-weltweit-beliebt-und-zollfrei\/\",\"url\":\"https:\/\/vapingnet.de\/vape\/elf-box-ls15000-jetzt-mit-strawberry-ice-weltweit-beliebt-und-zollfrei\/\",\"name\":\"ELF BOX LS15000 Jetzt Mit Strawberry Ice Weltweit Beliebt und Zollfrei | Vapingnet.de\",\"isPartOf\":{\"@id\":\"https:\/\/vapingnet.de\/#website\"},\"primaryImageOfPage\":{\"@id\":\"https:\/\/vapingnet.de\/vape\/elf-box-ls15000-jetzt-mit-strawberry-ice-weltweit-beliebt-und-zollfrei\/#primaryimage\"},\"image\":{\"@id\":\"https:\/\/vapingnet.de\/vape\/elf-box-ls15000-jetzt-mit-strawberry-ice-weltweit-beliebt-und-zollfrei\/#primaryimage\"},\"thumbnailUrl\":\"https:\/\/vapingnet.de\/wp-content\/uploads\/2025\/04\/Strawberry-Ice-2.webp\",\"datePublished\":\"2025-04-21T07:29:46+00:00\",\"dateModified\":\"2025-06-19T03:42:53+00:00\",\"description\":\"Entdecke ELF BOX LS15000 Jetzt Mit Strawberry Ice Weltweit Beliebt und Zollfrei bei vapingnet.de, \u25ba Gro\u00dfe Auswahl an Geschmacksrichtungen & super g\u00fcnstig!\",\"breadcrumb\":{\"@id\":\"https:\/\/vapingnet.de\/vape\/elf-box-ls15000-jetzt-mit-strawberry-ice-weltweit-beliebt-und-zollfrei\/#breadcrumb\"},\"inLanguage\":\"lt-LT\",\"potentialAction\":[{\"@type\":\"ReadAction\",\"target\":[\"https:\/\/vapingnet.de\/vape\/elf-box-ls15000-jetzt-mit-strawberry-ice-weltweit-beliebt-und-zollfrei\/\"]}]},{\"@type\":\"ImageObject\",\"inLanguage\":\"lt-LT\",\"@id\":\"https:\/\/vapingnet.de\/vape\/elf-box-ls15000-jetzt-mit-strawberry-ice-weltweit-beliebt-und-zollfrei\/#primaryimage\",\"url\":\"https:\/\/vapingnet.de\/wp-content\/uploads\/2025\/04\/Strawberry-Ice-2.webp\",\"contentUrl\":\"https:\/\/vapingnet.de\/wp-content\/uploads\/2025\/04\/Strawberry-Ice-2.webp\",\"width\":1000,\"height\":1000},{\"@type\":\"BreadcrumbList\",\"@id\":\"https:\/\/vapingnet.de\/vape\/elf-box-ls15000-jetzt-mit-strawberry-ice-weltweit-beliebt-und-zollfrei\/#breadcrumb\",\"itemListElement\":[{\"@type\":\"ListItem\",\"position\":1,\"name\":\"Home\",\"item\":\"https:\/\/vapingnet.de\/\"},{\"@type\":\"ListItem\",\"position\":2,\"name\":\"Shop\",\"item\":\"https:\/\/vapingnet.de\/vape\/\"},{\"@type\":\"ListItem\",\"position\":3,\"name\":\"ELF BOX LS15000 Jetzt Mit Strawberry Ice Weltweit Beliebt und Zollfrei\"}]},{\"@type\":\"WebSite\",\"@id\":\"https:\/\/vapingnet.de\/#website\",\"url\":\"https:\/\/vapingnet.de\/\",\"name\":\"Vapingnet.de\",\"description\":\"\",\"publisher\":{\"@id\":\"https:\/\/vapingnet.de\/#organization\"},\"potentialAction\":[{\"@type\":\"SearchAction\",\"target\":{\"@type\":\"EntryPoint\",\"urlTemplate\":\"https:\/\/vapingnet.de\/?s={search_term_string}\"},\"query-input\":{\"@type\":\"PropertyValueSpecification\",\"valueRequired\":true,\"valueName\":\"search_term_string\"}}],\"inLanguage\":\"lt-LT\"},{\"@type\":\"Organization\",\"@id\":\"https:\/\/vapingnet.de\/#organization\",\"name\":\"Vapingnet.de\",\"url\":\"https:\/\/vapingnet.de\/\",\"logo\":{\"@type\":\"ImageObject\",\"inLanguage\":\"lt-LT\",\"@id\":\"https:\/\/vapingnet.de\/#\/schema\/logo\/image\/\",\"url\":\"https:\/\/vapingnet.de\/wp-content\/uploads\/2025\/03\/cropped-vapingnet.de_.jpg\",\"contentUrl\":\"https:\/\/vapingnet.de\/wp-content\/uploads\/2025\/03\/cropped-vapingnet.de_.jpg\",\"width\":512,\"height\":512,\"caption\":\"Vapingnet.de\"},\"image\":{\"@id\":\"https:\/\/vapingnet.de\/#\/schema\/logo\/image\/\"},\"sameAs\":[\"https:\/\/www.facebook.com\/vapingnetde\/\"]}]}<\/script>\n<!-- \/ Yoast SEO plugin. -->","yoast_head_json":{"title":"ELF BOX LS15000 Jetzt Mit Strawberry Ice Weltweit Beliebt und Zollfrei | Vapingnet.de","description":"Entdecke ELF BOX LS15000 Jetzt Mit Strawberry Ice Weltweit Beliebt und Zollfrei bei vapingnet.de, \u25ba Gro\u00dfe Auswahl an Geschmacksrichtungen & super g\u00fcnstig!","robots":{"index":"index","follow":"follow","max-snippet":"max-snippet:-1","max-image-preview":"max-image-preview:large","max-video-preview":"max-video-preview:-1"},"canonical":"https:\/\/vapingnet.de\/lt\/vape\/elf-box-ls15000-jetzt-mit-strawberry-ice-weltweit-beliebt-und-zollfrei\/","og_locale":"lt_LT","og_type":"article","og_title":"ELF BOX LS15000 Jetzt Mit Strawberry Ice Weltweit Beliebt und Zollfrei | Vapingnet.de","og_description":"Entdecke ELF BOX LS15000 Jetzt Mit Strawberry Ice Weltweit Beliebt und Zollfrei bei vapingnet.de, \u25ba Gro\u00dfe Auswahl an Geschmacksrichtungen & super g\u00fcnstig!","og_url":"https:\/\/vapingnet.de\/lt\/vape\/elf-box-ls15000-jetzt-mit-strawberry-ice-weltweit-beliebt-und-zollfrei\/","og_site_name":"Vapingnet.de","article_publisher":"https:\/\/www.facebook.com\/vapingnetde\/","article_modified_time":"2025-06-19T03:42:53+00:00","og_image":[{"width":1000,"height":1000,"url":"https:\/\/vapingnet.de\/wp-content\/uploads\/2025\/04\/Strawberry-Ice-2.webp","type":"image\/webp"}],"twitter_card":"summary_large_image","twitter_misc":{"Est. reading time":"2 minutes"},"schema":{"@context":"https:\/\/schema.org","@graph":[{"@type":"WebPage","@id":"https:\/\/vapingnet.de\/vape\/elf-box-ls15000-jetzt-mit-strawberry-ice-weltweit-beliebt-und-zollfrei\/","url":"https:\/\/vapingnet.de\/vape\/elf-box-ls15000-jetzt-mit-strawberry-ice-weltweit-beliebt-und-zollfrei\/","name":"ELF BOX LS15000 Jetzt Mit Strawberry Ice Weltweit Beliebt und Zollfrei | Vapingnet.de","isPartOf":{"@id":"https:\/\/vapingnet.de\/#website"},"primaryImageOfPage":{"@id":"https:\/\/vapingnet.de\/vape\/elf-box-ls15000-jetzt-mit-strawberry-ice-weltweit-beliebt-und-zollfrei\/#primaryimage"},"image":{"@id":"https:\/\/vapingnet.de\/vape\/elf-box-ls15000-jetzt-mit-strawberry-ice-weltweit-beliebt-und-zollfrei\/#primaryimage"},"thumbnailUrl":"https:\/\/vapingnet.de\/wp-content\/uploads\/2025\/04\/Strawberry-Ice-2.webp","datePublished":"2025-04-21T07:29:46+00:00","dateModified":"2025-06-19T03:42:53+00:00","description":"Entdecke ELF BOX LS15000 Jetzt Mit Strawberry Ice Weltweit Beliebt und Zollfrei bei vapingnet.de, \u25ba Gro\u00dfe Auswahl an Geschmacksrichtungen & super g\u00fcnstig!","breadcrumb":{"@id":"https:\/\/vapingnet.de\/vape\/elf-box-ls15000-jetzt-mit-strawberry-ice-weltweit-beliebt-und-zollfrei\/#breadcrumb"},"inLanguage":"lt-LT","potentialAction":[{"@type":"ReadAction","target":["https:\/\/vapingnet.de\/vape\/elf-box-ls15000-jetzt-mit-strawberry-ice-weltweit-beliebt-und-zollfrei\/"]}]},{"@type":"ImageObject","inLanguage":"lt-LT","@id":"https:\/\/vapingnet.de\/vape\/elf-box-ls15000-jetzt-mit-strawberry-ice-weltweit-beliebt-und-zollfrei\/#primaryimage","url":"https:\/\/vapingnet.de\/wp-content\/uploads\/2025\/04\/Strawberry-Ice-2.webp","contentUrl":"https:\/\/vapingnet.de\/wp-content\/uploads\/2025\/04\/Strawberry-Ice-2.webp","width":1000,"height":1000},{"@type":"BreadcrumbList","@id":"https:\/\/vapingnet.de\/vape\/elf-box-ls15000-jetzt-mit-strawberry-ice-weltweit-beliebt-und-zollfrei\/#breadcrumb","itemListElement":[{"@type":"ListItem","position":1,"name":"Home","item":"https:\/\/vapingnet.de\/"},{"@type":"ListItem","position":2,"name":"Shop","item":"https:\/\/vapingnet.de\/vape\/"},{"@type":"ListItem","position":3,"name":"ELF BOX LS15000 Jetzt Mit Strawberry Ice Weltweit Beliebt und Zollfrei"}]},{"@type":"WebSite","@id":"https:\/\/vapingnet.de\/#website","url":"https:\/\/vapingnet.de\/","name":"Vapingnet.de","description":"","publisher":{"@id":"https:\/\/vapingnet.de\/#organization"},"potentialAction":[{"@type":"SearchAction","target":{"@type":"EntryPoint","urlTemplate":"https:\/\/vapingnet.de\/?s={search_term_string}"},"query-input":{"@type":"PropertyValueSpecification","valueRequired":true,"valueName":"search_term_string"}}],"inLanguage":"lt-LT"},{"@type":"Organization","@id":"https:\/\/vapingnet.de\/#organization","name":"Vapingnet.de","url":"https:\/\/vapingnet.de\/","logo":{"@type":"ImageObject","inLanguage":"lt-LT","@id":"https:\/\/vapingnet.de\/#\/schema\/logo\/image\/","url":"https:\/\/vapingnet.de\/wp-content\/uploads\/2025\/03\/cropped-vapingnet.de_.jpg","contentUrl":"https:\/\/vapingnet.de\/wp-content\/uploads\/2025\/03\/cropped-vapingnet.de_.jpg","width":512,"height":512,"caption":"Vapingnet.de"},"image":{"@id":"https:\/\/vapingnet.de\/#\/schema\/logo\/image\/"},"sameAs":["https:\/\/www.facebook.com\/vapingnetde\/"]}]}},"tiered_pricing_type":"fixed","tiered_pricing_fixed_rules":{"10":"8.35","60":"7.54","110":"6.68","200":"5.85"},"tiered_pricing_product_settings":{"layout":"default","base_unit_name":{"singular":null,"plural":null},"default_variation":null},"tiered_pricing_minimum_quantity":null,"tiered_pricing_roles_data":[],"tiered_pricing_percentage_rules":[],"_links":{"self":[{"href":"https:\/\/vapingnet.de\/lt\/wp-json\/wp\/v2\/product\/6430","targetHints":{"allow":["GET"]}}],"collection":[{"href":"https:\/\/vapingnet.de\/lt\/wp-json\/wp\/v2\/product"}],"about":[{"href":"https:\/\/vapingnet.de\/lt\/wp-json\/wp\/v2\/types\/product"}],"version-history":[{"count":1,"href":"https:\/\/vapingnet.de\/lt\/wp-json\/wp\/v2\/product\/6430\/revisions"}],"predecessor-version":[{"id":6438,"href":"https:\/\/vapingnet.de\/lt\/wp-json\/wp\/v2\/product\/6430\/revisions\/6438"}],"wp:featuredmedia":[{"embeddable":true,"href":"https:\/\/vapingnet.de\/lt\/wp-json\/wp\/v2\/media\/6417"}],"wp:attachment":[{"href":"https:\/\/vapingnet.de\/lt\/wp-json\/wp\/v2\/media?parent=6430"}],"wp:term":[{"taxonomy":"brand","embeddable":true,"href":"https:\/\/vapingnet.de\/lt\/wp-json\/wp\/v2\/etheme_brands?post=6430"},{"taxonomy":"product_brand","embeddable":true,"href":"https:\/\/vapingnet.de\/lt\/wp-json\/wp\/v2\/product_brand?post=6430"},{"taxonomy":"product_cat","embeddable":true,"href":"https:\/\/vapingnet.de\/lt\/wp-json\/wp\/v2\/product_cat?post=6430"},{"taxonomy":"product_tag","embeddable":true,"href":"https:\/\/vapingnet.de\/lt\/wp-json\/wp\/v2\/product_tag?post=6430"}],"curies":[{"name":"wp","href":"https:\/\/api.w.org\/{rel}","templated":true}]}}