{"id":6431,"date":"2025-04-21T07:29:48","date_gmt":"2025-04-21T07:29:48","guid":{"rendered":"https:\/\/vapingnet.de\/?post_type=product&#038;p=6431"},"modified":"2025-06-19T03:42:52","modified_gmt":"2025-06-19T03:42:52","slug":"erlebe-peach-mango-pineapple-mit-elf-box-ls15000-guenstig-und-direkt-ab-werk","status":"publish","type":"product","link":"https:\/\/vapingnet.de\/lt\/vape\/erlebe-peach-mango-pineapple-mit-elf-box-ls15000-guenstig-und-direkt-ab-werk\/","title":{"rendered":"Patirk Peach Mango Pineapple su ELF BOX LS15000 pigiai ir tiesiai i\u0161 gamyklos"},"content":{"rendered":"<h2 data-start=\"0\" data-end=\"71\" data-immersive-translate-walked=\"10cfca06-867b-45c4-a480-b634a2d673e1\">ELF BOX LS15000: Galinga Vape patirtis su 15000 \u012fkv\u0117pim\u0173<\/h2>\n<p class=\"\" data-start=\"73\" data-end=\"384\" data-immersive-translate-walked=\"10cfca06-867b-45c4-a480-b634a2d673e1\" data-immersive-translate-paragraph=\"1\">ELF BOX LS15000 yra i\u0161skirtinis pasirinkimas vape entuziastams, ie\u0161kantiems ilgaam\u017eio, galingo ir skon\u012f intensyvaus vienkartinio vape. Su \u012fsp\u016bdingu 15000 \u012fkv\u0117pim\u0173 skai\u010diumi ir rafinuotu dizainu \u0161is modelis si\u016blo unikali\u0105 garinimo patirt\u012f.<\/p>\n<h3 data-start=\"386\" data-end=\"405\" data-immersive-translate-walked=\"10cfca06-867b-45c4-a480-b634a2d673e1\">Produkto ypatyb\u0117s<\/h3>\n<p class=\"\" data-start=\"407\" data-end=\"692\" data-immersive-translate-walked=\"10cfca06-867b-45c4-a480-b634a2d673e1\" data-immersive-translate-paragraph=\"1\">ELF BOX LS15000 yra su tinklelio rit\u0117, kurios var\u017ea yra 0,6 Ohmo, u\u017etikrinanti tolyg\u0173 ir turting\u0105 garo formavim\u0105. \u0160i technologija u\u017etikrina tolyg\u0173 E-liquido \u0161ildym\u0105 ir prisideda prie intensyvaus skonio.<\/p>\n<p class=\"\" data-start=\"694\" data-end=\"1053\" data-immersive-translate-walked=\"10cfca06-867b-45c4-a480-b634a2d673e1\" data-immersive-translate-paragraph=\"1\">\u012erenginys turi i\u0161 viso 26 ml E-liquido, kuris yra prieinamas su skirtingais nikotino stiprumais: 0, %, 2 % arba 5 %. Taip vartotojai gali pasirinkti ideali\u0105 nikotino doz\u0119 pagal savo pageidavimus. E-liquido atsargos kartu su tinklelio rit\u0117s technologija u\u017etikrina ilg\u0105 tarnavimo laik\u0105 ir nuolatin\u0119 auk\u0161t\u0105 garinimo patirt\u012f viso naudojimo metu.<\/p>\n<p class=\"\" data-start=\"1055\" data-end=\"1471\" data-immersive-translate-walked=\"10cfca06-867b-45c4-a480-b634a2d673e1\" data-immersive-translate-paragraph=\"1\">ELF BOX LS15000 yra su 600 mAh baterija, kuri\u0105 galima \u012fkrauti per patog\u0173 Type-C jungt\u012f. Tai daro \u012frengin\u012f ne tik ilgaam\u017e\u012f, bet ir ekologi\u0161kesn\u012f bei ekonomi\u0161kesn\u012f, nes baterij\u0105 galima \u012fkrauti i\u0161 naujo. Nepaisant galingo \u012frenginio, jis sveria tik 91 g, tod\u0117l yra patogus ir patogus kasdieniam naudojimui.<\/p>\n<h4 data-start=\"1473\" data-end=\"1518\" data-immersive-translate-walked=\"10cfca06-867b-45c4-a480-b634a2d673e1\">Skonio patirtis: Persikas Mango Ananasas<\/h4>\n<p class=\"\" data-start=\"1520\" data-end=\"1879\" data-immersive-translate-walked=\"10cfca06-867b-45c4-a480-b634a2d673e1\" data-immersive-translate-paragraph=\"1\">I\u0161skirtinis ELF BOX LS15000 bruo\u017eas yra skoni\u0173 \u012fvairov\u0117. Ypa\u010d i\u0161skirtinas yra skonis \u201ePersikas Mango Ananasas\u201c, kuris sujungia tropinius vaisius ir si\u016blo gaiv\u0173, sald\u0173 aromat\u0105. Sultingi persikai, prinokusios mangai ir gaivus ananasas sukuria skonio akcent\u0105 kiekvienu \u012fkv\u0117pimu.<\/p>\n<p class=\"\" data-start=\"1881\" data-end=\"1927\" data-immersive-translate-walked=\"10cfca06-867b-45c4-a480-b634a2d673e1\">Vienkartinis vape patogiam malonumui<\/p>\n<p class=\"\" data-start=\"1929\" data-end=\"2240\" data-immersive-translate-walked=\"10cfca06-867b-45c4-a480-b634a2d673e1\" data-immersive-translate-paragraph=\"1\">Kaip ir daugelis kit\u0173 vienkartini\u0173 elektronini\u0173 cigare\u010di\u0173, ELF BOX LS15000 si\u016blo paprast\u0105 naudojim\u0105 be papildomos prie\u017ei\u016bros ar paruo\u0161imo. Vape yra i\u0161 karto paruo\u0161tas naudoti, kai i\u0161pakuojamas, ir nereikalauja joki\u0173 speciali\u0173 nustatym\u0173 ar koregavim\u0173. Tiesiog \u012fkv\u0117pkite ir m\u0117gaukit\u0117s pilnu skoniu.<\/p>\n<h4 data-start=\"2242\" data-end=\"2268\" data-immersive-translate-walked=\"10cfca06-867b-45c4-a480-b634a2d673e1\">Privalumai ir pristatymas<\/h4>\n<p class=\"\" data-start=\"2270\" data-end=\"2626\" data-immersive-translate-walked=\"10cfca06-867b-45c4-a480-b634a2d673e1\" data-immersive-translate-paragraph=\"1\">ELF BOX LS15000 i\u0161siskiria ne tik savo auk\u0161ta galia ir patogumu naudotis, bet ir patogiu pristatymo b\u016bdu. Siuntimas vyksta be muito mokes\u010di\u0173, kas yra papildomas prana\u0161umas klientams Lietuvoje. Pristatymo laikas paprastai yra nuo 7 iki 15 darbo dien\u0173, u\u017etikrinant greit\u0105 pristatym\u0105.<\/p>\n<h4 data-start=\"2628\" data-end=\"2637\" data-immersive-translate-walked=\"10cfca06-867b-45c4-a480-b634a2d673e1\">Kod\u0117l ELF BOX LS15000 yra puikus pasirinkimas garintojams<\/h4>\n<p class=\"\" data-start=\"2639\" data-end=\"3128\" data-immersive-translate-walked=\"10cfca06-867b-45c4-a480-b634a2d673e1\" data-immersive-translate-paragraph=\"1\">ELF BOX LS15000 yra puikus pasirinkimas garintojams, ie\u0161kantiems galingo, patogaus naudoti ir skon\u012f \u012ftikinan\u010dio vape. Su 15000 \u012fkv\u0117pim\u0173, ilga baterijos veikimo trukme ir \u012fsp\u016bdinga skonio \u012fvairove \u0161is modelis si\u016blo i\u0161skirtin\u0119 garinimo patirt\u012f. Jei ie\u0161kote auk\u0161tos kokyb\u0117s vienkartinio vape, kuris pasi\u017eymi tiek praktin\u0117mis savyb\u0117mis, tiek i\u0161skirtiniu na\u0161umu, ELF BOX LS15000 yra ideali pasirinkimas.<\/p>\n<p class=\"\" data-start=\"3130\" data-end=\"3225\" data-immersive-translate-walked=\"10cfca06-867b-45c4-a480-b634a2d673e1\" data-immersive-translate-paragraph=\"1\">Prieinama vapingnet.de, patikimu j\u016bs\u0173 vaping poreiki\u0173 tiek\u0117ju.<\/p>","protected":false},"excerpt":{"rendered":"<p>ELF BOX LS15000: Ein leistungsstarkes Vape-Erlebnis mit 15000 Z\u00fcgen Die ELF BOX LS15000 ist eine herausragende Wahl f\u00fcr Vaping-Enthusiasten, die auf der Suche nach einem&#8230;<\/p>","protected":false},"featured_media":6416,"template":"","meta":[],"etheme_brands":[],"product_brand":[100],"product_cat":[53,49,61],"product_tag":[],"class_list":{"0":"post-6431","1":"product","2":"type-product","3":"status-publish","4":"has-post-thumbnail","6":"product_brand-elf-box-vape","7":"product_cat-vape-15000-zuege","8":"product_cat-einweg-e-zigarette","9":"product_cat-f","11":"first","12":"instock","13":"shipping-taxable","14":"purchasable","15":"product-type-simple"},"yoast_head":"<!-- This site is optimized with the Yoast SEO plugin v26.5 - https:\/\/yoast.com\/wordpress\/plugins\/seo\/ -->\n<title>Erlebe Peach Mango Pineapple Mit ELF BOX LS15000 G\u00fcnstig Und Direkt Ab Werk | Vapingnet.de<\/title>\n<meta name=\"description\" content=\"Entdecke Erlebe Peach Mango Pineapple Mit ELF BOX LS15000 G\u00fcnstig Und Direkt Ab Werk bei vapingnet.de, \u25ba Gro\u00dfe Auswahl an Geschmacksrichtungen &amp; super g\u00fcnstig!\" \/>\n<meta name=\"robots\" content=\"index, follow, max-snippet:-1, max-image-preview:large, max-video-preview:-1\" \/>\n<link rel=\"canonical\" href=\"https:\/\/vapingnet.de\/lt\/vape\/erlebe-peach-mango-pineapple-mit-elf-box-ls15000-guenstig-und-direkt-ab-werk\/\" \/>\n<meta property=\"og:locale\" content=\"lt_LT\" \/>\n<meta property=\"og:type\" content=\"article\" \/>\n<meta property=\"og:title\" content=\"Erlebe Peach Mango Pineapple Mit ELF BOX LS15000 G\u00fcnstig Und Direkt Ab Werk | Vapingnet.de\" \/>\n<meta property=\"og:description\" content=\"Entdecke Erlebe Peach Mango Pineapple Mit ELF BOX LS15000 G\u00fcnstig Und Direkt Ab Werk bei vapingnet.de, \u25ba Gro\u00dfe Auswahl an Geschmacksrichtungen &amp; super g\u00fcnstig!\" \/>\n<meta property=\"og:url\" content=\"https:\/\/vapingnet.de\/lt\/vape\/erlebe-peach-mango-pineapple-mit-elf-box-ls15000-guenstig-und-direkt-ab-werk\/\" \/>\n<meta property=\"og:site_name\" content=\"Vapingnet.de\" \/>\n<meta property=\"article:publisher\" content=\"https:\/\/www.facebook.com\/vapingnetde\/\" \/>\n<meta property=\"article:modified_time\" content=\"2025-06-19T03:42:52+00:00\" \/>\n<meta property=\"og:image\" content=\"https:\/\/vapingnet.de\/wp-content\/uploads\/2025\/04\/Peach-Mango-Pineapple.webp\" \/>\n\t<meta property=\"og:image:width\" content=\"1000\" \/>\n\t<meta property=\"og:image:height\" content=\"1000\" \/>\n\t<meta property=\"og:image:type\" content=\"image\/webp\" \/>\n<meta name=\"twitter:card\" content=\"summary_large_image\" \/>\n<meta name=\"twitter:label1\" content=\"Est. reading time\" \/>\n\t<meta name=\"twitter:data1\" content=\"3 minutes\" \/>\n<script type=\"application\/ld+json\" class=\"yoast-schema-graph\">{\"@context\":\"https:\/\/schema.org\",\"@graph\":[{\"@type\":\"WebPage\",\"@id\":\"https:\/\/vapingnet.de\/vape\/erlebe-peach-mango-pineapple-mit-elf-box-ls15000-guenstig-und-direkt-ab-werk\/\",\"url\":\"https:\/\/vapingnet.de\/vape\/erlebe-peach-mango-pineapple-mit-elf-box-ls15000-guenstig-und-direkt-ab-werk\/\",\"name\":\"Erlebe Peach Mango Pineapple Mit ELF BOX LS15000 G\u00fcnstig Und Direkt Ab Werk | Vapingnet.de\",\"isPartOf\":{\"@id\":\"https:\/\/vapingnet.de\/#website\"},\"primaryImageOfPage\":{\"@id\":\"https:\/\/vapingnet.de\/vape\/erlebe-peach-mango-pineapple-mit-elf-box-ls15000-guenstig-und-direkt-ab-werk\/#primaryimage\"},\"image\":{\"@id\":\"https:\/\/vapingnet.de\/vape\/erlebe-peach-mango-pineapple-mit-elf-box-ls15000-guenstig-und-direkt-ab-werk\/#primaryimage\"},\"thumbnailUrl\":\"https:\/\/vapingnet.de\/wp-content\/uploads\/2025\/04\/Peach-Mango-Pineapple.webp\",\"datePublished\":\"2025-04-21T07:29:48+00:00\",\"dateModified\":\"2025-06-19T03:42:52+00:00\",\"description\":\"Entdecke Erlebe Peach Mango Pineapple Mit ELF BOX LS15000 G\u00fcnstig Und Direkt Ab Werk bei vapingnet.de, \u25ba Gro\u00dfe Auswahl an Geschmacksrichtungen & super g\u00fcnstig!\",\"breadcrumb\":{\"@id\":\"https:\/\/vapingnet.de\/vape\/erlebe-peach-mango-pineapple-mit-elf-box-ls15000-guenstig-und-direkt-ab-werk\/#breadcrumb\"},\"inLanguage\":\"lt-LT\",\"potentialAction\":[{\"@type\":\"ReadAction\",\"target\":[\"https:\/\/vapingnet.de\/vape\/erlebe-peach-mango-pineapple-mit-elf-box-ls15000-guenstig-und-direkt-ab-werk\/\"]}]},{\"@type\":\"ImageObject\",\"inLanguage\":\"lt-LT\",\"@id\":\"https:\/\/vapingnet.de\/vape\/erlebe-peach-mango-pineapple-mit-elf-box-ls15000-guenstig-und-direkt-ab-werk\/#primaryimage\",\"url\":\"https:\/\/vapingnet.de\/wp-content\/uploads\/2025\/04\/Peach-Mango-Pineapple.webp\",\"contentUrl\":\"https:\/\/vapingnet.de\/wp-content\/uploads\/2025\/04\/Peach-Mango-Pineapple.webp\",\"width\":1000,\"height\":1000},{\"@type\":\"BreadcrumbList\",\"@id\":\"https:\/\/vapingnet.de\/vape\/erlebe-peach-mango-pineapple-mit-elf-box-ls15000-guenstig-und-direkt-ab-werk\/#breadcrumb\",\"itemListElement\":[{\"@type\":\"ListItem\",\"position\":1,\"name\":\"Home\",\"item\":\"https:\/\/vapingnet.de\/\"},{\"@type\":\"ListItem\",\"position\":2,\"name\":\"Shop\",\"item\":\"https:\/\/vapingnet.de\/vape\/\"},{\"@type\":\"ListItem\",\"position\":3,\"name\":\"Erlebe Peach Mango Pineapple Mit ELF BOX LS15000 G\u00fcnstig Und Direkt Ab Werk\"}]},{\"@type\":\"WebSite\",\"@id\":\"https:\/\/vapingnet.de\/#website\",\"url\":\"https:\/\/vapingnet.de\/\",\"name\":\"Vapingnet.de\",\"description\":\"\",\"publisher\":{\"@id\":\"https:\/\/vapingnet.de\/#organization\"},\"potentialAction\":[{\"@type\":\"SearchAction\",\"target\":{\"@type\":\"EntryPoint\",\"urlTemplate\":\"https:\/\/vapingnet.de\/?s={search_term_string}\"},\"query-input\":{\"@type\":\"PropertyValueSpecification\",\"valueRequired\":true,\"valueName\":\"search_term_string\"}}],\"inLanguage\":\"lt-LT\"},{\"@type\":\"Organization\",\"@id\":\"https:\/\/vapingnet.de\/#organization\",\"name\":\"Vapingnet.de\",\"url\":\"https:\/\/vapingnet.de\/\",\"logo\":{\"@type\":\"ImageObject\",\"inLanguage\":\"lt-LT\",\"@id\":\"https:\/\/vapingnet.de\/#\/schema\/logo\/image\/\",\"url\":\"https:\/\/vapingnet.de\/wp-content\/uploads\/2025\/03\/cropped-vapingnet.de_.jpg\",\"contentUrl\":\"https:\/\/vapingnet.de\/wp-content\/uploads\/2025\/03\/cropped-vapingnet.de_.jpg\",\"width\":512,\"height\":512,\"caption\":\"Vapingnet.de\"},\"image\":{\"@id\":\"https:\/\/vapingnet.de\/#\/schema\/logo\/image\/\"},\"sameAs\":[\"https:\/\/www.facebook.com\/vapingnetde\/\"]}]}<\/script>\n<!-- \/ Yoast SEO plugin. -->","yoast_head_json":{"title":"Erlebe Peach Mango Pineapple Mit ELF BOX LS15000 G\u00fcnstig Und Direkt Ab Werk | Vapingnet.de","description":"Entdecke Erlebe Peach Mango Pineapple Mit ELF BOX LS15000 G\u00fcnstig Und Direkt Ab Werk bei vapingnet.de, \u25ba Gro\u00dfe Auswahl an Geschmacksrichtungen & super g\u00fcnstig!","robots":{"index":"index","follow":"follow","max-snippet":"max-snippet:-1","max-image-preview":"max-image-preview:large","max-video-preview":"max-video-preview:-1"},"canonical":"https:\/\/vapingnet.de\/lt\/vape\/erlebe-peach-mango-pineapple-mit-elf-box-ls15000-guenstig-und-direkt-ab-werk\/","og_locale":"lt_LT","og_type":"article","og_title":"Erlebe Peach Mango Pineapple Mit ELF BOX LS15000 G\u00fcnstig Und Direkt Ab Werk | Vapingnet.de","og_description":"Entdecke Erlebe Peach Mango Pineapple Mit ELF BOX LS15000 G\u00fcnstig Und Direkt Ab Werk bei vapingnet.de, \u25ba Gro\u00dfe Auswahl an Geschmacksrichtungen & super g\u00fcnstig!","og_url":"https:\/\/vapingnet.de\/lt\/vape\/erlebe-peach-mango-pineapple-mit-elf-box-ls15000-guenstig-und-direkt-ab-werk\/","og_site_name":"Vapingnet.de","article_publisher":"https:\/\/www.facebook.com\/vapingnetde\/","article_modified_time":"2025-06-19T03:42:52+00:00","og_image":[{"width":1000,"height":1000,"url":"https:\/\/vapingnet.de\/wp-content\/uploads\/2025\/04\/Peach-Mango-Pineapple.webp","type":"image\/webp"}],"twitter_card":"summary_large_image","twitter_misc":{"Est. reading time":"3 minutes"},"schema":{"@context":"https:\/\/schema.org","@graph":[{"@type":"WebPage","@id":"https:\/\/vapingnet.de\/vape\/erlebe-peach-mango-pineapple-mit-elf-box-ls15000-guenstig-und-direkt-ab-werk\/","url":"https:\/\/vapingnet.de\/vape\/erlebe-peach-mango-pineapple-mit-elf-box-ls15000-guenstig-und-direkt-ab-werk\/","name":"Erlebe Peach Mango Pineapple Mit ELF BOX LS15000 G\u00fcnstig Und Direkt Ab Werk | Vapingnet.de","isPartOf":{"@id":"https:\/\/vapingnet.de\/#website"},"primaryImageOfPage":{"@id":"https:\/\/vapingnet.de\/vape\/erlebe-peach-mango-pineapple-mit-elf-box-ls15000-guenstig-und-direkt-ab-werk\/#primaryimage"},"image":{"@id":"https:\/\/vapingnet.de\/vape\/erlebe-peach-mango-pineapple-mit-elf-box-ls15000-guenstig-und-direkt-ab-werk\/#primaryimage"},"thumbnailUrl":"https:\/\/vapingnet.de\/wp-content\/uploads\/2025\/04\/Peach-Mango-Pineapple.webp","datePublished":"2025-04-21T07:29:48+00:00","dateModified":"2025-06-19T03:42:52+00:00","description":"Entdecke Erlebe Peach Mango Pineapple Mit ELF BOX LS15000 G\u00fcnstig Und Direkt Ab Werk bei vapingnet.de, \u25ba Gro\u00dfe Auswahl an Geschmacksrichtungen & super g\u00fcnstig!","breadcrumb":{"@id":"https:\/\/vapingnet.de\/vape\/erlebe-peach-mango-pineapple-mit-elf-box-ls15000-guenstig-und-direkt-ab-werk\/#breadcrumb"},"inLanguage":"lt-LT","potentialAction":[{"@type":"ReadAction","target":["https:\/\/vapingnet.de\/vape\/erlebe-peach-mango-pineapple-mit-elf-box-ls15000-guenstig-und-direkt-ab-werk\/"]}]},{"@type":"ImageObject","inLanguage":"lt-LT","@id":"https:\/\/vapingnet.de\/vape\/erlebe-peach-mango-pineapple-mit-elf-box-ls15000-guenstig-und-direkt-ab-werk\/#primaryimage","url":"https:\/\/vapingnet.de\/wp-content\/uploads\/2025\/04\/Peach-Mango-Pineapple.webp","contentUrl":"https:\/\/vapingnet.de\/wp-content\/uploads\/2025\/04\/Peach-Mango-Pineapple.webp","width":1000,"height":1000},{"@type":"BreadcrumbList","@id":"https:\/\/vapingnet.de\/vape\/erlebe-peach-mango-pineapple-mit-elf-box-ls15000-guenstig-und-direkt-ab-werk\/#breadcrumb","itemListElement":[{"@type":"ListItem","position":1,"name":"Home","item":"https:\/\/vapingnet.de\/"},{"@type":"ListItem","position":2,"name":"Shop","item":"https:\/\/vapingnet.de\/vape\/"},{"@type":"ListItem","position":3,"name":"Erlebe Peach Mango Pineapple Mit ELF BOX LS15000 G\u00fcnstig Und Direkt Ab Werk"}]},{"@type":"WebSite","@id":"https:\/\/vapingnet.de\/#website","url":"https:\/\/vapingnet.de\/","name":"Vapingnet.de","description":"","publisher":{"@id":"https:\/\/vapingnet.de\/#organization"},"potentialAction":[{"@type":"SearchAction","target":{"@type":"EntryPoint","urlTemplate":"https:\/\/vapingnet.de\/?s={search_term_string}"},"query-input":{"@type":"PropertyValueSpecification","valueRequired":true,"valueName":"search_term_string"}}],"inLanguage":"lt-LT"},{"@type":"Organization","@id":"https:\/\/vapingnet.de\/#organization","name":"Vapingnet.de","url":"https:\/\/vapingnet.de\/","logo":{"@type":"ImageObject","inLanguage":"lt-LT","@id":"https:\/\/vapingnet.de\/#\/schema\/logo\/image\/","url":"https:\/\/vapingnet.de\/wp-content\/uploads\/2025\/03\/cropped-vapingnet.de_.jpg","contentUrl":"https:\/\/vapingnet.de\/wp-content\/uploads\/2025\/03\/cropped-vapingnet.de_.jpg","width":512,"height":512,"caption":"Vapingnet.de"},"image":{"@id":"https:\/\/vapingnet.de\/#\/schema\/logo\/image\/"},"sameAs":["https:\/\/www.facebook.com\/vapingnetde\/"]}]}},"tiered_pricing_type":"fixed","tiered_pricing_fixed_rules":{"10":"8.35","60":"7.54","110":"6.68","200":"5.85"},"tiered_pricing_product_settings":{"layout":"default","base_unit_name":{"singular":null,"plural":null},"default_variation":null},"tiered_pricing_minimum_quantity":null,"tiered_pricing_roles_data":[],"tiered_pricing_percentage_rules":[],"_links":{"self":[{"href":"https:\/\/vapingnet.de\/lt\/wp-json\/wp\/v2\/product\/6431","targetHints":{"allow":["GET"]}}],"collection":[{"href":"https:\/\/vapingnet.de\/lt\/wp-json\/wp\/v2\/product"}],"about":[{"href":"https:\/\/vapingnet.de\/lt\/wp-json\/wp\/v2\/types\/product"}],"version-history":[{"count":1,"href":"https:\/\/vapingnet.de\/lt\/wp-json\/wp\/v2\/product\/6431\/revisions"}],"predecessor-version":[{"id":6439,"href":"https:\/\/vapingnet.de\/lt\/wp-json\/wp\/v2\/product\/6431\/revisions\/6439"}],"wp:featuredmedia":[{"embeddable":true,"href":"https:\/\/vapingnet.de\/lt\/wp-json\/wp\/v2\/media\/6416"}],"wp:attachment":[{"href":"https:\/\/vapingnet.de\/lt\/wp-json\/wp\/v2\/media?parent=6431"}],"wp:term":[{"taxonomy":"brand","embeddable":true,"href":"https:\/\/vapingnet.de\/lt\/wp-json\/wp\/v2\/etheme_brands?post=6431"},{"taxonomy":"product_brand","embeddable":true,"href":"https:\/\/vapingnet.de\/lt\/wp-json\/wp\/v2\/product_brand?post=6431"},{"taxonomy":"product_cat","embeddable":true,"href":"https:\/\/vapingnet.de\/lt\/wp-json\/wp\/v2\/product_cat?post=6431"},{"taxonomy":"product_tag","embeddable":true,"href":"https:\/\/vapingnet.de\/lt\/wp-json\/wp\/v2\/product_tag?post=6431"}],"curies":[{"name":"wp","href":"https:\/\/api.w.org\/{rel}","templated":true}]}}