{"id":6432,"date":"2025-04-21T07:29:50","date_gmt":"2025-04-21T07:29:50","guid":{"rendered":"https:\/\/vapingnet.de\/?post_type=product&#038;p=6432"},"modified":"2025-06-19T03:42:52","modified_gmt":"2025-06-19T03:42:52","slug":"elf-box-ls15000-mit-grape-ice-jetzt-bestellen-zollfrei-lieferung","status":"publish","type":"product","link":"https:\/\/vapingnet.de\/lt\/vape\/elf-box-ls15000-mit-grape-ice-jetzt-bestellen-zollfrei-lieferung\/","title":{"rendered":"ELF BOX LS15000 su Grape Ice Dabar U\u017esakykite muitin\u0117s nemokamai pristatymas"},"content":{"rendered":"<h2 data-start=\"0\" data-end=\"73\" data-immersive-translate-walked=\"f951bc89-7b47-4074-8fea-0943f826cadf\">ELF BOX LS15000: Unikalus garinimas su papildomu gaivumo doze<\/h2>\n<p class=\"\" data-start=\"75\" data-end=\"662\" data-immersive-translate-walked=\"f951bc89-7b47-4074-8fea-0943f826cadf\" data-immersive-translate-paragraph=\"1\">ELF BOX LS15000 pristato kaip tobul\u0105 pasirinkim\u0105 reikliems garintojams, kurie ie\u0161ko ne tik ilgaam\u017ei\u0161kumo, bet ir intensyvaus skonio patirties. Su \u012fsp\u016bdingu 15000 \u012fkv\u0117pim\u0173 skai\u010diumi ir patogia, \u012fkraunama funkcija \u0161is modelis ai\u0161kiai i\u0161siskiria i\u0161 kit\u0173 vienkartini\u0173 vape'\u0173. Auk\u0161tos kokyb\u0117s tinklinio rit\u0117s technologija, didelis E-liquido atsargas ir \u0161vie\u017eias skonio profilis daro ELF BOX LS15000 i\u0161skirtiniu pasirinkimu visiems, kurie nenori kompromis\u0173 garinimo metu.<\/p>\n<h3 data-start=\"664\" data-end=\"706\" data-immersive-translate-walked=\"f951bc89-7b47-4074-8fea-0943f826cadf\">Techniniai ELF BOX LS15000 duomenys<\/h3>\n<p class=\"\" data-start=\"708\" data-end=\"1000\" data-immersive-translate-walked=\"f951bc89-7b47-4074-8fea-0943f826cadf\" data-immersive-translate-paragraph=\"1\">ELF BOX LS15000 yra su modernia tinklinio rit\u0117s technologija, kuri su 0,6 om\u0173 var\u017ea u\u017etikrina ypa\u010d tolyg\u0173 ir intensyv\u0173 garo i\u0161siskyrim\u0105. \u0160i rit\u0117s technologija garantuoja, kad kiekvienas \u012fkv\u0117pimas suteikia intensyvi\u0105 ir \u0161vari\u0105 skonio patirt\u012f.<\/p>\n<p class=\"\" data-start=\"1002\" data-end=\"1342\" data-immersive-translate-walked=\"f951bc89-7b47-4074-8fea-0943f826cadf\" data-immersive-translate-paragraph=\"1\">Su 26 ml E-liquido talpa, \u012frenginys u\u017etikrina pakankamai skys\u010dio ilgam naudojimui ir i\u0161laiko skon\u012f viso \u012frenginio gyvavimo laikotarpio metu. Vartotojai gali pasirinkti i\u0161 trij\u0173 skirting\u0173 nikotino stiprum\u0173: 0%, 2% arba 5%, priklausomai nuo asmenini\u0173 pageidavim\u0173 ir norimo nikotino lygio.<\/p>\n<p class=\"\" data-start=\"1344\" data-end=\"1743\" data-immersive-translate-walked=\"f951bc89-7b47-4074-8fea-0943f826cadf\" data-immersive-translate-paragraph=\"1\">Integruotas 600 mAh talpos akumuliatorius u\u017etikrina patikim\u0105 energijos tiekim\u0105 ir gali b\u016bti greitai \u012fkrautas per Type-C jungt\u012f. \u012erenginys sveria tik 91 g, tod\u0117l yra lengvas ir patogus kasdieniam naudojimui. D\u0117l \u012fkraunamos funkcijos da\u017enas \u012frengini\u0173 keitimas nereikalingas, kas yra naudinga tiek ekologi\u0161kai, tiek ekonomi\u0161kai.<\/p>\n<h4 data-start=\"1745\" data-end=\"1778\" data-immersive-translate-walked=\"f951bc89-7b47-4074-8fea-0943f826cadf\">Skonio patirtis: Vynuogi\u0173 ledas<\/h4>\n<p class=\"\" data-start=\"1780\" data-end=\"2314\" data-immersive-translate-walked=\"f951bc89-7b47-4074-8fea-0943f826cadf\" data-immersive-translate-paragraph=\"1\">\u201eVynuogi\u0173 ledas\u201c skonis yra puikus pasirinkimas garintojams, ie\u0161kantiems gaivios ir vaisingos aromat\u0173 mi\u0161inio. Sultingos vynuog\u0117s susilieja su lediniu gaivumu, sukurdamos intensyv\u0173, \u0161alt\u0105 garinim\u0105. \u0160is skonis yra idealus tiems, kurie m\u0117gsta vaisinius atspalvius, bet taip pat nori m\u0117gautis mentolio ar ledo skonio gaivumu. Vynuogi\u0173 ledas suteikia tobul\u0105 skonio patirt\u012f kar\u0161tomis vasaros dienomis ar bet kurioje progoje, kai norisi gaivinan\u010dio garo malonumo.<\/p>\n<h4 data-start=\"2316\" data-end=\"2350\" data-immersive-translate-walked=\"f951bc89-7b47-4074-8fea-0943f826cadf\">Paprasta naudoti ir dizainas<\/h4>\n<p class=\"\" data-start=\"2352\" data-end=\"2731\" data-immersive-translate-walked=\"f951bc89-7b47-4074-8fea-0943f826cadf\" data-immersive-translate-paragraph=\"1\">ELF BOX LS15000 pasi\u017eymi naudotojui draugi\u0161ku dizainu. \u012erenginys i\u0161 karto paruo\u0161tas naudoti ir nereikalauja sud\u0117ting\u0173 nustatym\u0173 ar paruo\u0161imo. Tiesiog i\u0161imkite i\u0161 pakuot\u0117s ir prad\u0117kite m\u0117gautis maloniu garo malonumu. \u0160i paprastumas daro j\u012f idealiu pasirinkimu pradedantiesiems ir patyrusiems garintojams, ie\u0161kantiems patogaus sprendimo.<\/p>\n<h4 data-start=\"2733\" data-end=\"2765\" data-immersive-translate-walked=\"f951bc89-7b47-4074-8fea-0943f826cadf\">ELF BOX LS15000 privalumai<\/h4>\n<p class=\"\" data-start=\"2767\" data-end=\"3113\" data-immersive-translate-walked=\"f951bc89-7b47-4074-8fea-0943f826cadf\" data-immersive-translate-paragraph=\"1\">Be technini\u0173 aspekt\u0173, ELF BOX LS15000 si\u016blo daugyb\u0119 privalum\u0173, kurie i\u0161skiria j\u012f i\u0161 kit\u0173 vienkartini\u0173 vape'\u0173. Ypa\u010d svarbu pamin\u0117ti, kad pristatymas vyksta be muito mokes\u010di\u0173, kas yra ypa\u010d patrauklu Europos rinkai. Pristatymas trunka nuo 7 iki 15 darbo dien\u0173, tod\u0117l galite greitai gauti savo u\u017esakym\u0105.<\/p>\n<h4 data-start=\"3115\" data-end=\"3158\" data-immersive-translate-walked=\"f951bc89-7b47-4074-8fea-0943f826cadf\">I\u0161vada: ELF BOX LS15000 kaip geriausias pasirinkimas<\/h4>\n<p class=\"\" data-start=\"3160\" data-end=\"3601\" data-immersive-translate-walked=\"f951bc89-7b47-4074-8fea-0943f826cadf\" data-immersive-translate-paragraph=\"1\">ELF BOX LS15000 yra puikus produktas garintojams, ie\u0161kantiems ilgaam\u017eio, patogaus ir skonio prasme patrauklaus \u012frenginio. Su dideliu talpumu, auk\u0161tos kokyb\u0117s rit\u0117s technologija ir galimybe pasirinkti i\u0161 \u012fvairi\u0173 nikotino stiprum\u0173, jis atitinka daugelio garintoj\u0173 poreikius. Gaivus \u201eVynuogi\u0173 ledas\u201c skonis suteikia maloni\u0105 ir gaivi\u0105 garinimo patirt\u012f, kuri nuolat \u017eavi.<\/p>\n<p class=\"\" data-start=\"3603\" data-end=\"3739\" data-immersive-translate-walked=\"f951bc89-7b47-4074-8fea-0943f826cadf\" data-immersive-translate-paragraph=\"1\">Visiems, ie\u0161kantiems patikimo ir auk\u0161tos kokyb\u0117s vienkartinio vape'o, vapingnet.de si\u016blo ideali\u0105 pirkimo viet\u0105.<\/p>","protected":false},"excerpt":{"rendered":"<p>ELF BOX LS15000: Unikalus garinimas su papildoma gaivumo doze ELF BOX LS15000 yra ideali pasirinkimas reikliems garintojams, kurie ie\u0161ko ne tik...<\/p>","protected":false},"featured_media":6413,"template":"","meta":[],"etheme_brands":[],"product_brand":[100],"product_cat":[53,49,61],"product_tag":[],"class_list":{"0":"post-6432","1":"product","2":"type-product","3":"status-publish","4":"has-post-thumbnail","6":"product_brand-elf-box-vape","7":"product_cat-vape-15000-zuege","8":"product_cat-einweg-e-zigarette","9":"product_cat-f","11":"first","12":"instock","13":"shipping-taxable","14":"purchasable","15":"product-type-simple"},"yoast_head":"<!-- This site is optimized with the Yoast SEO plugin v26.5 - https:\/\/yoast.com\/wordpress\/plugins\/seo\/ -->\n<title>ELF BOX LS15000 Mit Grape Ice Jetzt Bestellen Zollfrei Lieferung | Vapingnet.de<\/title>\n<meta name=\"description\" content=\"Entdecke ELF BOX LS15000 Mit Grape Ice Jetzt Bestellen Zollfrei Lieferung bei vapingnet.de, \u25ba Gro\u00dfe Auswahl an Geschmacksrichtungen &amp; super g\u00fcnstig!\" \/>\n<meta name=\"robots\" content=\"index, follow, max-snippet:-1, max-image-preview:large, max-video-preview:-1\" \/>\n<link rel=\"canonical\" href=\"https:\/\/vapingnet.de\/lt\/vape\/elf-box-ls15000-mit-grape-ice-jetzt-bestellen-zollfrei-lieferung\/\" \/>\n<meta property=\"og:locale\" content=\"lt_LT\" \/>\n<meta property=\"og:type\" content=\"article\" \/>\n<meta property=\"og:title\" content=\"ELF BOX LS15000 Mit Grape Ice Jetzt Bestellen Zollfrei Lieferung | Vapingnet.de\" \/>\n<meta property=\"og:description\" content=\"Entdecke ELF BOX LS15000 Mit Grape Ice Jetzt Bestellen Zollfrei Lieferung bei vapingnet.de, \u25ba Gro\u00dfe Auswahl an Geschmacksrichtungen &amp; super g\u00fcnstig!\" \/>\n<meta property=\"og:url\" content=\"https:\/\/vapingnet.de\/lt\/vape\/elf-box-ls15000-mit-grape-ice-jetzt-bestellen-zollfrei-lieferung\/\" \/>\n<meta property=\"og:site_name\" content=\"Vapingnet.de\" \/>\n<meta property=\"article:publisher\" content=\"https:\/\/www.facebook.com\/vapingnetde\/\" \/>\n<meta property=\"article:modified_time\" content=\"2025-06-19T03:42:52+00:00\" \/>\n<meta property=\"og:image\" content=\"https:\/\/vapingnet.de\/wp-content\/uploads\/2025\/04\/Grape-Ice-1.webp\" \/>\n\t<meta property=\"og:image:width\" content=\"1000\" \/>\n\t<meta property=\"og:image:height\" content=\"1000\" \/>\n\t<meta property=\"og:image:type\" content=\"image\/webp\" \/>\n<meta name=\"twitter:card\" content=\"summary_large_image\" \/>\n<meta name=\"twitter:label1\" content=\"Est. reading time\" \/>\n\t<meta name=\"twitter:data1\" content=\"3 minutes\" \/>\n<script type=\"application\/ld+json\" class=\"yoast-schema-graph\">{\"@context\":\"https:\/\/schema.org\",\"@graph\":[{\"@type\":\"WebPage\",\"@id\":\"https:\/\/vapingnet.de\/vape\/elf-box-ls15000-mit-grape-ice-jetzt-bestellen-zollfrei-lieferung\/\",\"url\":\"https:\/\/vapingnet.de\/vape\/elf-box-ls15000-mit-grape-ice-jetzt-bestellen-zollfrei-lieferung\/\",\"name\":\"ELF BOX LS15000 Mit Grape Ice Jetzt Bestellen Zollfrei Lieferung | Vapingnet.de\",\"isPartOf\":{\"@id\":\"https:\/\/vapingnet.de\/#website\"},\"primaryImageOfPage\":{\"@id\":\"https:\/\/vapingnet.de\/vape\/elf-box-ls15000-mit-grape-ice-jetzt-bestellen-zollfrei-lieferung\/#primaryimage\"},\"image\":{\"@id\":\"https:\/\/vapingnet.de\/vape\/elf-box-ls15000-mit-grape-ice-jetzt-bestellen-zollfrei-lieferung\/#primaryimage\"},\"thumbnailUrl\":\"https:\/\/vapingnet.de\/wp-content\/uploads\/2025\/04\/Grape-Ice-1.webp\",\"datePublished\":\"2025-04-21T07:29:50+00:00\",\"dateModified\":\"2025-06-19T03:42:52+00:00\",\"description\":\"Entdecke ELF BOX LS15000 Mit Grape Ice Jetzt Bestellen Zollfrei Lieferung bei vapingnet.de, \u25ba Gro\u00dfe Auswahl an Geschmacksrichtungen & super g\u00fcnstig!\",\"breadcrumb\":{\"@id\":\"https:\/\/vapingnet.de\/vape\/elf-box-ls15000-mit-grape-ice-jetzt-bestellen-zollfrei-lieferung\/#breadcrumb\"},\"inLanguage\":\"lt-LT\",\"potentialAction\":[{\"@type\":\"ReadAction\",\"target\":[\"https:\/\/vapingnet.de\/vape\/elf-box-ls15000-mit-grape-ice-jetzt-bestellen-zollfrei-lieferung\/\"]}]},{\"@type\":\"ImageObject\",\"inLanguage\":\"lt-LT\",\"@id\":\"https:\/\/vapingnet.de\/vape\/elf-box-ls15000-mit-grape-ice-jetzt-bestellen-zollfrei-lieferung\/#primaryimage\",\"url\":\"https:\/\/vapingnet.de\/wp-content\/uploads\/2025\/04\/Grape-Ice-1.webp\",\"contentUrl\":\"https:\/\/vapingnet.de\/wp-content\/uploads\/2025\/04\/Grape-Ice-1.webp\",\"width\":1000,\"height\":1000},{\"@type\":\"BreadcrumbList\",\"@id\":\"https:\/\/vapingnet.de\/vape\/elf-box-ls15000-mit-grape-ice-jetzt-bestellen-zollfrei-lieferung\/#breadcrumb\",\"itemListElement\":[{\"@type\":\"ListItem\",\"position\":1,\"name\":\"Home\",\"item\":\"https:\/\/vapingnet.de\/\"},{\"@type\":\"ListItem\",\"position\":2,\"name\":\"Shop\",\"item\":\"https:\/\/vapingnet.de\/vape\/\"},{\"@type\":\"ListItem\",\"position\":3,\"name\":\"ELF BOX LS15000 Mit Grape Ice Jetzt Bestellen Zollfrei Lieferung\"}]},{\"@type\":\"WebSite\",\"@id\":\"https:\/\/vapingnet.de\/#website\",\"url\":\"https:\/\/vapingnet.de\/\",\"name\":\"Vapingnet.de\",\"description\":\"\",\"publisher\":{\"@id\":\"https:\/\/vapingnet.de\/#organization\"},\"potentialAction\":[{\"@type\":\"SearchAction\",\"target\":{\"@type\":\"EntryPoint\",\"urlTemplate\":\"https:\/\/vapingnet.de\/?s={search_term_string}\"},\"query-input\":{\"@type\":\"PropertyValueSpecification\",\"valueRequired\":true,\"valueName\":\"search_term_string\"}}],\"inLanguage\":\"lt-LT\"},{\"@type\":\"Organization\",\"@id\":\"https:\/\/vapingnet.de\/#organization\",\"name\":\"Vapingnet.de\",\"url\":\"https:\/\/vapingnet.de\/\",\"logo\":{\"@type\":\"ImageObject\",\"inLanguage\":\"lt-LT\",\"@id\":\"https:\/\/vapingnet.de\/#\/schema\/logo\/image\/\",\"url\":\"https:\/\/vapingnet.de\/wp-content\/uploads\/2025\/03\/cropped-vapingnet.de_.jpg\",\"contentUrl\":\"https:\/\/vapingnet.de\/wp-content\/uploads\/2025\/03\/cropped-vapingnet.de_.jpg\",\"width\":512,\"height\":512,\"caption\":\"Vapingnet.de\"},\"image\":{\"@id\":\"https:\/\/vapingnet.de\/#\/schema\/logo\/image\/\"},\"sameAs\":[\"https:\/\/www.facebook.com\/vapingnetde\/\"]}]}<\/script>\n<!-- \/ Yoast SEO plugin. -->","yoast_head_json":{"title":"ELF BOX LS15000 Mit Grape Ice Jetzt Bestellen Zollfrei Lieferung | Vapingnet.de","description":"Entdecke ELF BOX LS15000 Mit Grape Ice Jetzt Bestellen Zollfrei Lieferung bei vapingnet.de, \u25ba Gro\u00dfe Auswahl an Geschmacksrichtungen & super g\u00fcnstig!","robots":{"index":"index","follow":"follow","max-snippet":"max-snippet:-1","max-image-preview":"max-image-preview:large","max-video-preview":"max-video-preview:-1"},"canonical":"https:\/\/vapingnet.de\/lt\/vape\/elf-box-ls15000-mit-grape-ice-jetzt-bestellen-zollfrei-lieferung\/","og_locale":"lt_LT","og_type":"article","og_title":"ELF BOX LS15000 Mit Grape Ice Jetzt Bestellen Zollfrei Lieferung | Vapingnet.de","og_description":"Entdecke ELF BOX LS15000 Mit Grape Ice Jetzt Bestellen Zollfrei Lieferung bei vapingnet.de, \u25ba Gro\u00dfe Auswahl an Geschmacksrichtungen & super g\u00fcnstig!","og_url":"https:\/\/vapingnet.de\/lt\/vape\/elf-box-ls15000-mit-grape-ice-jetzt-bestellen-zollfrei-lieferung\/","og_site_name":"Vapingnet.de","article_publisher":"https:\/\/www.facebook.com\/vapingnetde\/","article_modified_time":"2025-06-19T03:42:52+00:00","og_image":[{"width":1000,"height":1000,"url":"https:\/\/vapingnet.de\/wp-content\/uploads\/2025\/04\/Grape-Ice-1.webp","type":"image\/webp"}],"twitter_card":"summary_large_image","twitter_misc":{"Est. reading time":"3 minutes"},"schema":{"@context":"https:\/\/schema.org","@graph":[{"@type":"WebPage","@id":"https:\/\/vapingnet.de\/vape\/elf-box-ls15000-mit-grape-ice-jetzt-bestellen-zollfrei-lieferung\/","url":"https:\/\/vapingnet.de\/vape\/elf-box-ls15000-mit-grape-ice-jetzt-bestellen-zollfrei-lieferung\/","name":"ELF BOX LS15000 Mit Grape Ice Jetzt Bestellen Zollfrei Lieferung | Vapingnet.de","isPartOf":{"@id":"https:\/\/vapingnet.de\/#website"},"primaryImageOfPage":{"@id":"https:\/\/vapingnet.de\/vape\/elf-box-ls15000-mit-grape-ice-jetzt-bestellen-zollfrei-lieferung\/#primaryimage"},"image":{"@id":"https:\/\/vapingnet.de\/vape\/elf-box-ls15000-mit-grape-ice-jetzt-bestellen-zollfrei-lieferung\/#primaryimage"},"thumbnailUrl":"https:\/\/vapingnet.de\/wp-content\/uploads\/2025\/04\/Grape-Ice-1.webp","datePublished":"2025-04-21T07:29:50+00:00","dateModified":"2025-06-19T03:42:52+00:00","description":"Entdecke ELF BOX LS15000 Mit Grape Ice Jetzt Bestellen Zollfrei Lieferung bei vapingnet.de, \u25ba Gro\u00dfe Auswahl an Geschmacksrichtungen & super g\u00fcnstig!","breadcrumb":{"@id":"https:\/\/vapingnet.de\/vape\/elf-box-ls15000-mit-grape-ice-jetzt-bestellen-zollfrei-lieferung\/#breadcrumb"},"inLanguage":"lt-LT","potentialAction":[{"@type":"ReadAction","target":["https:\/\/vapingnet.de\/vape\/elf-box-ls15000-mit-grape-ice-jetzt-bestellen-zollfrei-lieferung\/"]}]},{"@type":"ImageObject","inLanguage":"lt-LT","@id":"https:\/\/vapingnet.de\/vape\/elf-box-ls15000-mit-grape-ice-jetzt-bestellen-zollfrei-lieferung\/#primaryimage","url":"https:\/\/vapingnet.de\/wp-content\/uploads\/2025\/04\/Grape-Ice-1.webp","contentUrl":"https:\/\/vapingnet.de\/wp-content\/uploads\/2025\/04\/Grape-Ice-1.webp","width":1000,"height":1000},{"@type":"BreadcrumbList","@id":"https:\/\/vapingnet.de\/vape\/elf-box-ls15000-mit-grape-ice-jetzt-bestellen-zollfrei-lieferung\/#breadcrumb","itemListElement":[{"@type":"ListItem","position":1,"name":"Home","item":"https:\/\/vapingnet.de\/"},{"@type":"ListItem","position":2,"name":"Shop","item":"https:\/\/vapingnet.de\/vape\/"},{"@type":"ListItem","position":3,"name":"ELF BOX LS15000 Mit Grape Ice Jetzt Bestellen Zollfrei Lieferung"}]},{"@type":"WebSite","@id":"https:\/\/vapingnet.de\/#website","url":"https:\/\/vapingnet.de\/","name":"Vapingnet.de","description":"","publisher":{"@id":"https:\/\/vapingnet.de\/#organization"},"potentialAction":[{"@type":"SearchAction","target":{"@type":"EntryPoint","urlTemplate":"https:\/\/vapingnet.de\/?s={search_term_string}"},"query-input":{"@type":"PropertyValueSpecification","valueRequired":true,"valueName":"search_term_string"}}],"inLanguage":"lt-LT"},{"@type":"Organization","@id":"https:\/\/vapingnet.de\/#organization","name":"Vapingnet.de","url":"https:\/\/vapingnet.de\/","logo":{"@type":"ImageObject","inLanguage":"lt-LT","@id":"https:\/\/vapingnet.de\/#\/schema\/logo\/image\/","url":"https:\/\/vapingnet.de\/wp-content\/uploads\/2025\/03\/cropped-vapingnet.de_.jpg","contentUrl":"https:\/\/vapingnet.de\/wp-content\/uploads\/2025\/03\/cropped-vapingnet.de_.jpg","width":512,"height":512,"caption":"Vapingnet.de"},"image":{"@id":"https:\/\/vapingnet.de\/#\/schema\/logo\/image\/"},"sameAs":["https:\/\/www.facebook.com\/vapingnetde\/"]}]}},"tiered_pricing_type":"fixed","tiered_pricing_fixed_rules":{"10":"8.35","60":"7.54","110":"6.68","200":"5.85"},"tiered_pricing_product_settings":{"layout":"default","base_unit_name":{"singular":null,"plural":null},"default_variation":null},"tiered_pricing_minimum_quantity":null,"tiered_pricing_roles_data":[],"tiered_pricing_percentage_rules":[],"_links":{"self":[{"href":"https:\/\/vapingnet.de\/lt\/wp-json\/wp\/v2\/product\/6432","targetHints":{"allow":["GET"]}}],"collection":[{"href":"https:\/\/vapingnet.de\/lt\/wp-json\/wp\/v2\/product"}],"about":[{"href":"https:\/\/vapingnet.de\/lt\/wp-json\/wp\/v2\/types\/product"}],"version-history":[{"count":1,"href":"https:\/\/vapingnet.de\/lt\/wp-json\/wp\/v2\/product\/6432\/revisions"}],"predecessor-version":[{"id":6440,"href":"https:\/\/vapingnet.de\/lt\/wp-json\/wp\/v2\/product\/6432\/revisions\/6440"}],"wp:featuredmedia":[{"embeddable":true,"href":"https:\/\/vapingnet.de\/lt\/wp-json\/wp\/v2\/media\/6413"}],"wp:attachment":[{"href":"https:\/\/vapingnet.de\/lt\/wp-json\/wp\/v2\/media?parent=6432"}],"wp:term":[{"taxonomy":"brand","embeddable":true,"href":"https:\/\/vapingnet.de\/lt\/wp-json\/wp\/v2\/etheme_brands?post=6432"},{"taxonomy":"product_brand","embeddable":true,"href":"https:\/\/vapingnet.de\/lt\/wp-json\/wp\/v2\/product_brand?post=6432"},{"taxonomy":"product_cat","embeddable":true,"href":"https:\/\/vapingnet.de\/lt\/wp-json\/wp\/v2\/product_cat?post=6432"},{"taxonomy":"product_tag","embeddable":true,"href":"https:\/\/vapingnet.de\/lt\/wp-json\/wp\/v2\/product_tag?post=6432"}],"curies":[{"name":"wp","href":"https:\/\/api.w.org\/{rel}","templated":true}]}}