{"id":6433,"date":"2025-04-21T07:29:55","date_gmt":"2025-04-21T07:29:55","guid":{"rendered":"https:\/\/vapingnet.de\/?post_type=product&#038;p=6433"},"modified":"2025-06-19T03:42:52","modified_gmt":"2025-06-19T03:42:52","slug":"top-geschmack-mango-banana-elf-box-ls15000-jetzt-ohne-zollgebuehren","status":"publish","type":"product","link":"https:\/\/vapingnet.de\/lt\/vape\/top-geschmack-mango-banana-elf-box-ls15000-jetzt-ohne-zollgebuehren\/","title":{"rendered":"Top skonis Mango Banana ELF BOX LS15000 Dabar Be muito mokes\u010di\u0173"},"content":{"rendered":"<h2 data-start=\"0\" data-end=\"84\" data-immersive-translate-walked=\"0ee4c1cb-35a9-47db-b4f2-89f110f97503\">ELF BOX LS15000: Galinga vaping patirtis su mango-banan\u0173 skoniu<\/h2>\n<p class=\"\" data-start=\"86\" data-end=\"407\" data-immersive-translate-walked=\"0ee4c1cb-35a9-47db-b4f2-89f110f97503\" data-immersive-translate-paragraph=\"1\">ELF BOX LS15000 si\u016blo vapingo entuziastams neprilygstam\u0105 patirt\u012f. Su \u012fsp\u016bdingu 15000 \u012fkv\u0117pim\u0173 skai\u010diumi ir apgalvotu \u012frengimu \u0161is vienkartinis vape yra daugiau nei paprasta alternatyva. Jis sujungia funkcionalum\u0105, patogum\u0105 ir unikal\u0173 skonio poj\u016bt\u012f \u2013 idealiai tinka \u0161iuolaikiniam vapingo m\u0117g\u0117jui.<\/p>\n<h3>Svarbiausios ELF BOX LS15000 savyb\u0117s<\/h3>\n<ul data-start=\"464\" data-end=\"1464\" data-immersive-translate-walked=\"0ee4c1cb-35a9-47db-b4f2-89f110f97503\">\n<li class=\"\" data-start=\"464\" data-end=\"711\" data-immersive-translate-walked=\"0ee4c1cb-35a9-47db-b4f2-89f110f97503\">\n<p class=\"\" data-start=\"466\" data-end=\"711\" data-immersive-translate-walked=\"0ee4c1cb-35a9-47db-b4f2-89f110f97503\" data-immersive-translate-paragraph=\"1\">Tinklelio rit\u0117s technologija: ELF BOX LS15000 yra su tinklelio rit\u0117, kurios var\u017ea 0,6 Ohmo. \u0160i technologija u\u017etikrina tolyg\u0173 E-skys\u010dio garavim\u0105 ir nuolatin\u012f, intensyv\u0173 skon\u012f.<\/p>\n<\/li>\n<li class=\"\" data-start=\"715\" data-end=\"891\" data-immersive-translate-walked=\"0ee4c1cb-35a9-47db-b4f2-89f110f97503\">\n<p class=\"\" data-start=\"717\" data-end=\"891\" data-immersive-translate-walked=\"0ee4c1cb-35a9-47db-b4f2-89f110f97503\" data-immersive-translate-paragraph=\"1\">E-skys\u010dio talpa: Prietaisas turi 26 ml E-skys\u010dio, leid\u017eiant\u012f ilgai naudotis be papildymo. \u0160i dosni talpa yra puiki ilgesn\u0117ms vapingo sesijoms.<\/p>\n<\/li>\n<li class=\"\" data-start=\"893\" data-end=\"1076\" data-immersive-translate-walked=\"0ee4c1cb-35a9-47db-b4f2-89f110f97503\">\n<p class=\"\" data-start=\"895\" data-end=\"1076\" data-immersive-translate-walked=\"0ee4c1cb-35a9-47db-b4f2-89f110f97503\" data-immersive-translate-paragraph=\"1\">Nikotino pasirinkimai: ELF BOX LS15000 yra su nikotino stiprumais 0, %, 2 % ir 5 %. \u0160is pasirinkimas leid\u017eia vartotojams pasirinkti jiems tinkam\u0105 nikotino doz\u0119.<\/p>\n<\/li>\n<li class=\"\" data-start=\"1078\" data-end=\"1320\" data-immersive-translate-walked=\"0ee4c1cb-35a9-47db-b4f2-89f110f97503\">\n<p class=\"\" data-start=\"1080\" data-end=\"1320\" data-immersive-translate-walked=\"0ee4c1cb-35a9-47db-b4f2-89f110f97503\" data-immersive-translate-paragraph=\"1\">Baterija ir \u012fkrovimo funkcija: Su 600 mAh baterija, prietaisas garantuoja ilg\u0105 tarnavimo laik\u0105. Baterij\u0105 patogu \u012fkrauti per Type-C jungt\u012f, u\u017etikrinant greit\u0105 ir paprast\u0105 \u012fkrovim\u0105.<\/p>\n<\/li>\n<li class=\"\" data-start=\"1322\" data-end=\"1464\" data-immersive-translate-walked=\"0ee4c1cb-35a9-47db-b4f2-89f110f97503\">\n<p class=\"\" data-start=\"1324\" data-end=\"1464\" data-immersive-translate-walked=\"0ee4c1cb-35a9-47db-b4f2-89f110f97503\" data-immersive-translate-paragraph=\"1\">Svoris ir valdymas: Svoris tik 91 g, ELF BOX LS15000 yra lengvas ir patogus naudoti, kas ypa\u010d patogu naudojantis keliaujant.<\/p>\n<\/li>\n<\/ul>\n<h4 data-start=\"1466\" data-end=\"1506\" data-immersive-translate-walked=\"0ee4c1cb-35a9-47db-b4f2-89f110f97503\">Skonio poj\u016btis: Mango Banana<\/h4>\n<p class=\"\" data-start=\"1508\" data-end=\"1812\" data-immersive-translate-walked=\"0ee4c1cb-35a9-47db-b4f2-89f110f97503\" data-immersive-translate-paragraph=\"1\">ELF BOX LS15000 si\u016blo skon\u012f \u201eMango Banana\u201c, tropin\u0119 kombinacij\u0105 i\u0161 prinokusi\u0173 mang\u0173 ir sald\u017ei\u0173 banan\u0173. Vaisi\u0173 skonis yra intensyvus ir kartu gaivus. \u0160is mi\u0161inys yra tobulas vapingo m\u0117g\u0117jams, m\u0117gstantiems tropinius aromatus ir sald\u0173, malon\u0173 garavimo laik\u0105.<\/p>\n<h3>Kod\u0117l rinktis ELF BOX LS15000?<\/h3>\n<ul data-start=\"1857\" data-end=\"2592\" data-immersive-translate-walked=\"0ee4c1cb-35a9-47db-b4f2-89f110f97503\">\n<li class=\"\" data-start=\"1857\" data-end=\"2127\" data-immersive-translate-walked=\"0ee4c1cb-35a9-47db-b4f2-89f110f97503\">\n<p class=\"\" data-start=\"1859\" data-end=\"2127\" data-immersive-translate-walked=\"0ee4c1cb-35a9-47db-b4f2-89f110f97503\" data-immersive-translate-paragraph=\"1\">Ilga tarnavimo trukm\u0117: Su 15000 \u012fkv\u0117pim\u0173 \u0161is \u012frenginys pasi\u017eymi i\u0161skirtine ilgaam\u017ei\u0161kumu, palyginti su kitais vienkartiniais vape. Tai rei\u0161kia, kad jums nereik\u0117s da\u017enai ie\u0161koti naujo vape, kas ilgainiui yra ekonomi\u0161ka sprendimas.<\/p>\n<\/li>\n<li class=\"\" data-start=\"2129\" data-end=\"2344\" data-immersive-translate-walked=\"0ee4c1cb-35a9-47db-b4f2-89f110f97503\">\n<p class=\"\" data-start=\"2131\" data-end=\"2344\" data-immersive-translate-walked=\"0ee4c1cb-35a9-47db-b4f2-89f110f97503\" data-immersive-translate-paragraph=\"1\">Paprasta naudoti: Kaip ir daugelis kit\u0173 vienkartini\u0173 vape, ELF BOX LS15000 yra itin paprastas naudoti. Jums nereikia jokios paruo\u0161imo \u2013 tiesiog i\u0161imkite i\u0161 pakuot\u0117s ir m\u0117gaukit\u0117s pilnu skoniu.<\/p>\n<\/li>\n<li class=\"\" data-start=\"2346\" data-end=\"2592\" data-immersive-translate-walked=\"0ee4c1cb-35a9-47db-b4f2-89f110f97503\">\n<p class=\"\" data-start=\"2348\" data-end=\"2592\" data-immersive-translate-walked=\"0ee4c1cb-35a9-47db-b4f2-89f110f97503\" data-immersive-translate-paragraph=\"1\">Be muit\u0173 pristatymas: ELF BOX LS15000 pristatomas be muit\u0173, kas ypa\u010d naudinga klientams Lietuvoje. Greitas pristatymas per 7 iki 15 darbo dien\u0173 u\u017etikrina, kad j\u016bs\u0173 u\u017esakymas greitai ir be r\u016bpes\u010di\u0173 pasieks jus.<\/p>\n<\/li>\n<\/ul>\n<h4 data-start=\"2594\" data-end=\"2615\" data-immersive-translate-walked=\"0ee4c1cb-35a9-47db-b4f2-89f110f97503\">Prieinamumas<\/h4>\n<p class=\"\" data-start=\"2617\" data-end=\"2943\" data-immersive-translate-walked=\"0ee4c1cb-35a9-47db-b4f2-89f110f97503\" data-immersive-translate-paragraph=\"1\">ELF BOX LS15000 galima \u012fsigyti vapingnet.de. Ten galite u\u017esisakyti \u012frengin\u012f su \u012fvairiais nikotino stiprumais ir m\u0117gstamu Mango Banana skoniu. Jei ie\u0161kote patikimo, prakti\u0161ko ir skonio prasme intensyvaus vienkartinio vape, ELF BOX LS15000 yra puikus pasirinkimas.<\/p>","protected":false},"excerpt":{"rendered":"<p>ELF BOX LS15000: Galinga vaping patirtis su mang\u0173-banan\u0173 skoniu. ELF BOX LS15000 suteikia garintojams nepalyginam\u0105 patirt\u012f. Su \u012fsp\u016bdinga 15000 \u012fkv\u0117pim\u0173 skai\u010diumi...<\/p>","protected":false},"featured_media":6415,"template":"","meta":[],"etheme_brands":[],"product_brand":[100],"product_cat":[53,49,61],"product_tag":[],"class_list":{"0":"post-6433","1":"product","2":"type-product","3":"status-publish","4":"has-post-thumbnail","6":"product_brand-elf-box-vape","7":"product_cat-vape-15000-zuege","8":"product_cat-einweg-e-zigarette","9":"product_cat-f","11":"first","12":"instock","13":"shipping-taxable","14":"purchasable","15":"product-type-simple"},"yoast_head":"<!-- This site is optimized with the Yoast SEO plugin v26.5 - https:\/\/yoast.com\/wordpress\/plugins\/seo\/ -->\n<title>Top Geschmack Mango Banana ELF BOX LS15000 Jetzt Ohne Zollgeb\u00fchren | Vapingnet.de<\/title>\n<meta name=\"description\" content=\"Entdecke Top Geschmack Mango Banana ELF BOX LS15000 Jetzt Ohne Zollgeb\u00fchren bei vapingnet.de, \u25ba Gro\u00dfe Auswahl an Geschmacksrichtungen &amp; super g\u00fcnstig!\" \/>\n<meta name=\"robots\" content=\"index, follow, max-snippet:-1, max-image-preview:large, max-video-preview:-1\" \/>\n<link rel=\"canonical\" href=\"https:\/\/vapingnet.de\/lt\/vape\/top-geschmack-mango-banana-elf-box-ls15000-jetzt-ohne-zollgebuehren\/\" \/>\n<meta property=\"og:locale\" content=\"lt_LT\" \/>\n<meta property=\"og:type\" content=\"article\" \/>\n<meta property=\"og:title\" content=\"Top Geschmack Mango Banana ELF BOX LS15000 Jetzt Ohne Zollgeb\u00fchren | Vapingnet.de\" \/>\n<meta property=\"og:description\" content=\"Entdecke Top Geschmack Mango Banana ELF BOX LS15000 Jetzt Ohne Zollgeb\u00fchren bei vapingnet.de, \u25ba Gro\u00dfe Auswahl an Geschmacksrichtungen &amp; super g\u00fcnstig!\" \/>\n<meta property=\"og:url\" content=\"https:\/\/vapingnet.de\/lt\/vape\/top-geschmack-mango-banana-elf-box-ls15000-jetzt-ohne-zollgebuehren\/\" \/>\n<meta property=\"og:site_name\" content=\"Vapingnet.de\" \/>\n<meta property=\"article:publisher\" content=\"https:\/\/www.facebook.com\/vapingnetde\/\" \/>\n<meta property=\"article:modified_time\" content=\"2025-06-19T03:42:52+00:00\" \/>\n<meta property=\"og:image\" content=\"https:\/\/vapingnet.de\/wp-content\/uploads\/2025\/04\/Mango-Banana.webp\" \/>\n\t<meta property=\"og:image:width\" content=\"1000\" \/>\n\t<meta property=\"og:image:height\" content=\"1000\" \/>\n\t<meta property=\"og:image:type\" content=\"image\/webp\" \/>\n<meta name=\"twitter:card\" content=\"summary_large_image\" \/>\n<meta name=\"twitter:label1\" content=\"Est. reading time\" \/>\n\t<meta name=\"twitter:data1\" content=\"3 minutes\" \/>\n<script type=\"application\/ld+json\" class=\"yoast-schema-graph\">{\"@context\":\"https:\/\/schema.org\",\"@graph\":[{\"@type\":\"WebPage\",\"@id\":\"https:\/\/vapingnet.de\/vape\/top-geschmack-mango-banana-elf-box-ls15000-jetzt-ohne-zollgebuehren\/\",\"url\":\"https:\/\/vapingnet.de\/vape\/top-geschmack-mango-banana-elf-box-ls15000-jetzt-ohne-zollgebuehren\/\",\"name\":\"Top Geschmack Mango Banana ELF BOX LS15000 Jetzt Ohne Zollgeb\u00fchren | Vapingnet.de\",\"isPartOf\":{\"@id\":\"https:\/\/vapingnet.de\/#website\"},\"primaryImageOfPage\":{\"@id\":\"https:\/\/vapingnet.de\/vape\/top-geschmack-mango-banana-elf-box-ls15000-jetzt-ohne-zollgebuehren\/#primaryimage\"},\"image\":{\"@id\":\"https:\/\/vapingnet.de\/vape\/top-geschmack-mango-banana-elf-box-ls15000-jetzt-ohne-zollgebuehren\/#primaryimage\"},\"thumbnailUrl\":\"https:\/\/vapingnet.de\/wp-content\/uploads\/2025\/04\/Mango-Banana.webp\",\"datePublished\":\"2025-04-21T07:29:55+00:00\",\"dateModified\":\"2025-06-19T03:42:52+00:00\",\"description\":\"Entdecke Top Geschmack Mango Banana ELF BOX LS15000 Jetzt Ohne Zollgeb\u00fchren bei vapingnet.de, \u25ba Gro\u00dfe Auswahl an Geschmacksrichtungen & super g\u00fcnstig!\",\"breadcrumb\":{\"@id\":\"https:\/\/vapingnet.de\/vape\/top-geschmack-mango-banana-elf-box-ls15000-jetzt-ohne-zollgebuehren\/#breadcrumb\"},\"inLanguage\":\"lt-LT\",\"potentialAction\":[{\"@type\":\"ReadAction\",\"target\":[\"https:\/\/vapingnet.de\/vape\/top-geschmack-mango-banana-elf-box-ls15000-jetzt-ohne-zollgebuehren\/\"]}]},{\"@type\":\"ImageObject\",\"inLanguage\":\"lt-LT\",\"@id\":\"https:\/\/vapingnet.de\/vape\/top-geschmack-mango-banana-elf-box-ls15000-jetzt-ohne-zollgebuehren\/#primaryimage\",\"url\":\"https:\/\/vapingnet.de\/wp-content\/uploads\/2025\/04\/Mango-Banana.webp\",\"contentUrl\":\"https:\/\/vapingnet.de\/wp-content\/uploads\/2025\/04\/Mango-Banana.webp\",\"width\":1000,\"height\":1000},{\"@type\":\"BreadcrumbList\",\"@id\":\"https:\/\/vapingnet.de\/vape\/top-geschmack-mango-banana-elf-box-ls15000-jetzt-ohne-zollgebuehren\/#breadcrumb\",\"itemListElement\":[{\"@type\":\"ListItem\",\"position\":1,\"name\":\"Home\",\"item\":\"https:\/\/vapingnet.de\/\"},{\"@type\":\"ListItem\",\"position\":2,\"name\":\"Shop\",\"item\":\"https:\/\/vapingnet.de\/vape\/\"},{\"@type\":\"ListItem\",\"position\":3,\"name\":\"Top Geschmack Mango Banana ELF BOX LS15000 Jetzt Ohne Zollgeb\u00fchren\"}]},{\"@type\":\"WebSite\",\"@id\":\"https:\/\/vapingnet.de\/#website\",\"url\":\"https:\/\/vapingnet.de\/\",\"name\":\"Vapingnet.de\",\"description\":\"\",\"publisher\":{\"@id\":\"https:\/\/vapingnet.de\/#organization\"},\"potentialAction\":[{\"@type\":\"SearchAction\",\"target\":{\"@type\":\"EntryPoint\",\"urlTemplate\":\"https:\/\/vapingnet.de\/?s={search_term_string}\"},\"query-input\":{\"@type\":\"PropertyValueSpecification\",\"valueRequired\":true,\"valueName\":\"search_term_string\"}}],\"inLanguage\":\"lt-LT\"},{\"@type\":\"Organization\",\"@id\":\"https:\/\/vapingnet.de\/#organization\",\"name\":\"Vapingnet.de\",\"url\":\"https:\/\/vapingnet.de\/\",\"logo\":{\"@type\":\"ImageObject\",\"inLanguage\":\"lt-LT\",\"@id\":\"https:\/\/vapingnet.de\/#\/schema\/logo\/image\/\",\"url\":\"https:\/\/vapingnet.de\/wp-content\/uploads\/2025\/03\/cropped-vapingnet.de_.jpg\",\"contentUrl\":\"https:\/\/vapingnet.de\/wp-content\/uploads\/2025\/03\/cropped-vapingnet.de_.jpg\",\"width\":512,\"height\":512,\"caption\":\"Vapingnet.de\"},\"image\":{\"@id\":\"https:\/\/vapingnet.de\/#\/schema\/logo\/image\/\"},\"sameAs\":[\"https:\/\/www.facebook.com\/vapingnetde\/\"]}]}<\/script>\n<!-- \/ Yoast SEO plugin. -->","yoast_head_json":{"title":"Top Geschmack Mango Banana ELF BOX LS15000 Jetzt Ohne Zollgeb\u00fchren | Vapingnet.de","description":"Entdecke Top Geschmack Mango Banana ELF BOX LS15000 Jetzt Ohne Zollgeb\u00fchren bei vapingnet.de, \u25ba Gro\u00dfe Auswahl an Geschmacksrichtungen & super g\u00fcnstig!","robots":{"index":"index","follow":"follow","max-snippet":"max-snippet:-1","max-image-preview":"max-image-preview:large","max-video-preview":"max-video-preview:-1"},"canonical":"https:\/\/vapingnet.de\/lt\/vape\/top-geschmack-mango-banana-elf-box-ls15000-jetzt-ohne-zollgebuehren\/","og_locale":"lt_LT","og_type":"article","og_title":"Top Geschmack Mango Banana ELF BOX LS15000 Jetzt Ohne Zollgeb\u00fchren | Vapingnet.de","og_description":"Entdecke Top Geschmack Mango Banana ELF BOX LS15000 Jetzt Ohne Zollgeb\u00fchren bei vapingnet.de, \u25ba Gro\u00dfe Auswahl an Geschmacksrichtungen & super g\u00fcnstig!","og_url":"https:\/\/vapingnet.de\/lt\/vape\/top-geschmack-mango-banana-elf-box-ls15000-jetzt-ohne-zollgebuehren\/","og_site_name":"Vapingnet.de","article_publisher":"https:\/\/www.facebook.com\/vapingnetde\/","article_modified_time":"2025-06-19T03:42:52+00:00","og_image":[{"width":1000,"height":1000,"url":"https:\/\/vapingnet.de\/wp-content\/uploads\/2025\/04\/Mango-Banana.webp","type":"image\/webp"}],"twitter_card":"summary_large_image","twitter_misc":{"Est. reading time":"3 minutes"},"schema":{"@context":"https:\/\/schema.org","@graph":[{"@type":"WebPage","@id":"https:\/\/vapingnet.de\/vape\/top-geschmack-mango-banana-elf-box-ls15000-jetzt-ohne-zollgebuehren\/","url":"https:\/\/vapingnet.de\/vape\/top-geschmack-mango-banana-elf-box-ls15000-jetzt-ohne-zollgebuehren\/","name":"Top Geschmack Mango Banana ELF BOX LS15000 Jetzt Ohne Zollgeb\u00fchren | Vapingnet.de","isPartOf":{"@id":"https:\/\/vapingnet.de\/#website"},"primaryImageOfPage":{"@id":"https:\/\/vapingnet.de\/vape\/top-geschmack-mango-banana-elf-box-ls15000-jetzt-ohne-zollgebuehren\/#primaryimage"},"image":{"@id":"https:\/\/vapingnet.de\/vape\/top-geschmack-mango-banana-elf-box-ls15000-jetzt-ohne-zollgebuehren\/#primaryimage"},"thumbnailUrl":"https:\/\/vapingnet.de\/wp-content\/uploads\/2025\/04\/Mango-Banana.webp","datePublished":"2025-04-21T07:29:55+00:00","dateModified":"2025-06-19T03:42:52+00:00","description":"Entdecke Top Geschmack Mango Banana ELF BOX LS15000 Jetzt Ohne Zollgeb\u00fchren bei vapingnet.de, \u25ba Gro\u00dfe Auswahl an Geschmacksrichtungen & super g\u00fcnstig!","breadcrumb":{"@id":"https:\/\/vapingnet.de\/vape\/top-geschmack-mango-banana-elf-box-ls15000-jetzt-ohne-zollgebuehren\/#breadcrumb"},"inLanguage":"lt-LT","potentialAction":[{"@type":"ReadAction","target":["https:\/\/vapingnet.de\/vape\/top-geschmack-mango-banana-elf-box-ls15000-jetzt-ohne-zollgebuehren\/"]}]},{"@type":"ImageObject","inLanguage":"lt-LT","@id":"https:\/\/vapingnet.de\/vape\/top-geschmack-mango-banana-elf-box-ls15000-jetzt-ohne-zollgebuehren\/#primaryimage","url":"https:\/\/vapingnet.de\/wp-content\/uploads\/2025\/04\/Mango-Banana.webp","contentUrl":"https:\/\/vapingnet.de\/wp-content\/uploads\/2025\/04\/Mango-Banana.webp","width":1000,"height":1000},{"@type":"BreadcrumbList","@id":"https:\/\/vapingnet.de\/vape\/top-geschmack-mango-banana-elf-box-ls15000-jetzt-ohne-zollgebuehren\/#breadcrumb","itemListElement":[{"@type":"ListItem","position":1,"name":"Home","item":"https:\/\/vapingnet.de\/"},{"@type":"ListItem","position":2,"name":"Shop","item":"https:\/\/vapingnet.de\/vape\/"},{"@type":"ListItem","position":3,"name":"Top Geschmack Mango Banana ELF BOX LS15000 Jetzt Ohne Zollgeb\u00fchren"}]},{"@type":"WebSite","@id":"https:\/\/vapingnet.de\/#website","url":"https:\/\/vapingnet.de\/","name":"Vapingnet.de","description":"","publisher":{"@id":"https:\/\/vapingnet.de\/#organization"},"potentialAction":[{"@type":"SearchAction","target":{"@type":"EntryPoint","urlTemplate":"https:\/\/vapingnet.de\/?s={search_term_string}"},"query-input":{"@type":"PropertyValueSpecification","valueRequired":true,"valueName":"search_term_string"}}],"inLanguage":"lt-LT"},{"@type":"Organization","@id":"https:\/\/vapingnet.de\/#organization","name":"Vapingnet.de","url":"https:\/\/vapingnet.de\/","logo":{"@type":"ImageObject","inLanguage":"lt-LT","@id":"https:\/\/vapingnet.de\/#\/schema\/logo\/image\/","url":"https:\/\/vapingnet.de\/wp-content\/uploads\/2025\/03\/cropped-vapingnet.de_.jpg","contentUrl":"https:\/\/vapingnet.de\/wp-content\/uploads\/2025\/03\/cropped-vapingnet.de_.jpg","width":512,"height":512,"caption":"Vapingnet.de"},"image":{"@id":"https:\/\/vapingnet.de\/#\/schema\/logo\/image\/"},"sameAs":["https:\/\/www.facebook.com\/vapingnetde\/"]}]}},"tiered_pricing_type":"fixed","tiered_pricing_fixed_rules":{"10":"8.35","60":"7.54","110":"6.68","200":"5.85"},"tiered_pricing_product_settings":{"layout":"default","base_unit_name":{"singular":null,"plural":null},"default_variation":null},"tiered_pricing_minimum_quantity":null,"tiered_pricing_roles_data":[],"tiered_pricing_percentage_rules":[],"_links":{"self":[{"href":"https:\/\/vapingnet.de\/lt\/wp-json\/wp\/v2\/product\/6433","targetHints":{"allow":["GET"]}}],"collection":[{"href":"https:\/\/vapingnet.de\/lt\/wp-json\/wp\/v2\/product"}],"about":[{"href":"https:\/\/vapingnet.de\/lt\/wp-json\/wp\/v2\/types\/product"}],"version-history":[{"count":1,"href":"https:\/\/vapingnet.de\/lt\/wp-json\/wp\/v2\/product\/6433\/revisions"}],"predecessor-version":[{"id":6441,"href":"https:\/\/vapingnet.de\/lt\/wp-json\/wp\/v2\/product\/6433\/revisions\/6441"}],"wp:featuredmedia":[{"embeddable":true,"href":"https:\/\/vapingnet.de\/lt\/wp-json\/wp\/v2\/media\/6415"}],"wp:attachment":[{"href":"https:\/\/vapingnet.de\/lt\/wp-json\/wp\/v2\/media?parent=6433"}],"wp:term":[{"taxonomy":"brand","embeddable":true,"href":"https:\/\/vapingnet.de\/lt\/wp-json\/wp\/v2\/etheme_brands?post=6433"},{"taxonomy":"product_brand","embeddable":true,"href":"https:\/\/vapingnet.de\/lt\/wp-json\/wp\/v2\/product_brand?post=6433"},{"taxonomy":"product_cat","embeddable":true,"href":"https:\/\/vapingnet.de\/lt\/wp-json\/wp\/v2\/product_cat?post=6433"},{"taxonomy":"product_tag","embeddable":true,"href":"https:\/\/vapingnet.de\/lt\/wp-json\/wp\/v2\/product_tag?post=6433"}],"curies":[{"name":"wp","href":"https:\/\/api.w.org\/{rel}","templated":true}]}}