{"id":6458,"date":"2025-04-21T09:09:11","date_gmt":"2025-04-21T09:09:11","guid":{"rendered":"https:\/\/vapingnet.de\/?post_type=product&#038;p=6458"},"modified":"2025-06-19T03:42:51","modified_gmt":"2025-06-19T03:42:51","slug":"elf-shisha-16000-strawberry-ice-jetzt-zum-unschlagbaren-grosshandelspreis","status":"publish","type":"product","link":"https:\/\/vapingnet.de\/lt\/vape\/elf-shisha-16000-strawberry-ice-jetzt-zum-unschlagbaren-grosshandelspreis\/","title":{"rendered":"ELF SHISHA 16000 Bra\u0161ki\u0173 ledas dabar u\u017e nepakei\u010diam\u0105 didmenin\u0117s kainos pasi\u016blym\u0105"},"content":{"rendered":"<h2 data-start=\"0\" data-end=\"57\" data-immersive-translate-walked=\"f32b43f7-e594-429c-ae14-e0bbb4f21559\">Elf Shisha 16000: Galutinis vienkartinis garinimo patirtis<\/h2>\n<p class=\"\" data-start=\"59\" data-end=\"382\" data-immersive-translate-walked=\"f32b43f7-e594-429c-ae14-e0bbb4f21559\" data-immersive-translate-paragraph=\"1\">Elf Shisha 16000 yra svarbus \u017eingsnis garinimo pasaulyje. Su pa\u017eangia technologija, \u012fsp\u016bdingu 16000 p\u016btimo diapazonu ir daugybe funkcij\u0173, kurios daro garinim\u0105 dar malonesn\u012f, \u0161is \u012frenginys yra geriausias pasirinkimas visiems, kurie vertina kokyb\u0119 ir komfort\u0105.<\/p>\n<h3>Svarbiausios Elf Shisha 16000 savyb\u0117s<\/h3>\n<ul>\n<li data-start=\"437\" data-end=\"481\" data-immersive-translate-walked=\"f32b43f7-e594-429c-ae14-e0bbb4f21559\">Ilgaam\u017ei\u0161kumas ir auk\u0161ta galiaElf Shisha 16000 \u012ftikina savo 16000 p\u016btim\u0173 skai\u010diumi, kas daugeliui garintoj\u0173 yra \u012fsp\u016bdinga suma ir u\u017etikrina intensyv\u0173 garinimo patirt\u012f ilg\u0105 laik\u0105. Naudojant tinklelio rit\u0119 su 0,6 om\u0173 var\u017ea, u\u017etikrinamas tolygus garas ir puikus skonio i\u0161siskyrimas. Nesvarbu, ar naudojate \u012frengin\u012f intensyviai ar retkar\u010diais, Elf Shisha 16000 visada suteikia nuosekliai stipri\u0105 gar\u0105.<\/li>\n<li data-start=\"923\" data-end=\"961\" data-immersive-translate-walked=\"f32b43f7-e594-429c-ae14-e0bbb4f21559\">Skonio ir nikotino pasirinkimaiSu 28 ml elektroninio skys\u010dio Elf Shisha 16000 yra puikiai \u012frengta, kad gal\u0117tum\u0117te m\u0117gautis daugybe valand\u0173 malonaus garinimo. Ypa\u010d i\u0161skirtinis yra bra\u0161ki\u0173 led\u0173 skonis, kuris suteikia tobul\u0105 sald\u017ei\u0173 bra\u0161ki\u0173 ir gaivios \u0161altosios gaivos balans\u0105 \u2013 idealiai tinka vasarai ar tiems, kurie m\u0117gsta \u0161vie\u017eius ir sald\u017eius aromatus.\n<p>Nikotino stiprumo pasirinkimaiJ\u016bs galite pasirinkti tarp 0%, 2%, 3% ir 5%. \u0160is pasirinkimas u\u017etikrina, kad tiek pradedantieji, tiek patyr\u0119 garintojai ras sau tinkam\u0105 variant\u0105.<\/li>\n<li data-start=\"1498\" data-end=\"1534\" data-immersive-translate-walked=\"f32b43f7-e594-429c-ae14-e0bbb4f21559\">Patogus dizainasElf Shisha 16000 yra ypa\u010d patogus ir lengvas, sveria tik 85 g, tod\u0117l idealiai tinka keliaujant. Galite patogiai \u012fsid\u0117ti \u012f ki\u0161en\u0119 ir naudoti bet kada. Su 600mAh baterija, \u012fkraunama per Type-C jungt\u012f, \u012frenginys u\u017etikrina greit\u0105 \u012fkrovim\u0105 ir ilgalaik\u012f naudojim\u0105.<\/li>\n<\/ul>\n<h3>Elf Shisha 16000 privalumai<\/h3>\n<h4>Be muit\u0173 ir greitas pristatymas<\/h4>\n<p class=\"\" data-start=\"1975\" data-end=\"2359\" data-immersive-translate-walked=\"f32b43f7-e594-429c-ae14-e0bbb4f21559\" data-immersive-translate-paragraph=\"1\">Didelis prana\u0161umas yra galimyb\u0117 \u012fsigyti produkt\u0105 be muito, kas suma\u017eina i\u0161laidas ir palengvina pristatym\u0105. U\u017esakymus vir\u0161 vapingnet.de garantuoja greit\u0105 pristatym\u0105 per 7-15 darbo dien\u0173. Taip gal\u0117site greitai m\u0117gautis nauja patirtimi be ilg\u0173 laukimo laik\u0173.<\/p>\n<h4>Reguliuojamas oro srautas didesnei lankstumui<\/h4>\n<p class=\"\" data-start=\"2417\" data-end=\"2655\" data-immersive-translate-walked=\"f32b43f7-e594-429c-ae14-e0bbb4f21559\" data-immersive-translate-paragraph=\"1\">Elf Shisha 16000 suteikia galimyb\u0119 pritaikyti oro sraut\u0105 pagal savo asmeninius pageidavimus. Tai leid\u017eia individuali\u0105 garinimo patirt\u012f, kuri\u0105 galima keisti pagal norim\u0105 skon\u012f ir \u012fkv\u0117pimo stiprum\u0105.<\/p>\n<h3 class=\"\" data-start=\"2662\" data-end=\"2711\" data-immersive-translate-walked=\"f32b43f7-e594-429c-ae14-e0bbb4f21559\">Kod\u0117l rinktis Elf Shisha 16000?<\/h3>\n<p class=\"\" data-start=\"2713\" data-end=\"3113\" data-immersive-translate-walked=\"f32b43f7-e594-429c-ae14-e0bbb4f21559\" data-immersive-translate-paragraph=\"1\">Elf Shisha 16000 si\u016blo visk\u0105, ko reikia pirm klasei garinimo patir\u010diai. Ji \u012ftikina savo ilgaam\u017ei\u0161kumu, puikiu bra\u0161ki\u0173 led\u0173 skoniu, reguliuojamu oro srauto funkcionalumu ir greitu \u012fkrovimu. Be to, ji yra labai patogi naudoti d\u0117l be muito pristatymo ir greito siuntimo per 7-15 darbo dien\u0173, ypa\u010d garintojams Lietuvoje.<\/p>\n<p class=\"\" data-start=\"3115\" data-end=\"3352\" data-immersive-translate-walked=\"f32b43f7-e594-429c-ae14-e0bbb4f21559\" data-immersive-translate-paragraph=\"1\">Jei ie\u0161kote sekso roboto, kuris suteikt\u0173 tiek na\u0161um\u0105, tiek skon\u012f, Elf Shisha 16000 yra ideali pasirinktis. Apsilankykite vapingnet.de ir \u012fsigykite savo kit\u0105 kartos garinimo patirt\u012f.<\/p>","protected":false},"excerpt":{"rendered":"<p>Elf Shisha 16000: Galutinis vienkartinis garinimo patirtis Elf Shisha 16000 yra \u017eingsnis \u012f priek\u012f garinimo pasaulyje. Su pa\u017eangia technologija, \u012fsp\u016bdingu nuotoliu...<\/p>","protected":false},"featured_media":6473,"template":"","meta":[],"etheme_brands":[],"product_brand":[100],"product_cat":[91,49,61],"product_tag":[],"class_list":{"0":"post-6458","1":"product","2":"type-product","3":"status-publish","4":"has-post-thumbnail","6":"product_brand-elf-box-vape","7":"product_cat-16k-vape","8":"product_cat-einweg-e-zigarette","9":"product_cat-f","11":"first","12":"instock","13":"shipping-taxable","14":"purchasable","15":"product-type-simple"},"yoast_head":"<!-- This site is optimized with the Yoast SEO plugin v26.5 - https:\/\/yoast.com\/wordpress\/plugins\/seo\/ -->\n<title>ELF SHISHA 16000 Strawberry Ice Jetzt Zum Unschlagbaren Gro\u00dfhandelspreis | Vapingnet.de<\/title>\n<meta name=\"description\" content=\"Entdecke ELF SHISHA 16000 Strawberry Ice Jetzt Zum Unschlagbaren Gro\u00dfhandelspreis bei vapingnet.de, \u25ba Gro\u00dfe Auswahl an Geschmacksrichtungen &amp; super g\u00fcnstig!\" \/>\n<meta name=\"robots\" content=\"index, follow, max-snippet:-1, max-image-preview:large, max-video-preview:-1\" \/>\n<link rel=\"canonical\" href=\"https:\/\/vapingnet.de\/lt\/vape\/elf-shisha-16000-strawberry-ice-jetzt-zum-unschlagbaren-grosshandelspreis\/\" \/>\n<meta property=\"og:locale\" content=\"lt_LT\" \/>\n<meta property=\"og:type\" content=\"article\" \/>\n<meta property=\"og:title\" content=\"ELF SHISHA 16000 Strawberry Ice Jetzt Zum Unschlagbaren Gro\u00dfhandelspreis | Vapingnet.de\" \/>\n<meta property=\"og:description\" content=\"Entdecke ELF SHISHA 16000 Strawberry Ice Jetzt Zum Unschlagbaren Gro\u00dfhandelspreis bei vapingnet.de, \u25ba Gro\u00dfe Auswahl an Geschmacksrichtungen &amp; super g\u00fcnstig!\" \/>\n<meta property=\"og:url\" content=\"https:\/\/vapingnet.de\/lt\/vape\/elf-shisha-16000-strawberry-ice-jetzt-zum-unschlagbaren-grosshandelspreis\/\" \/>\n<meta property=\"og:site_name\" content=\"Vapingnet.de\" \/>\n<meta property=\"article:publisher\" content=\"https:\/\/www.facebook.com\/vapingnetde\/\" \/>\n<meta property=\"article:modified_time\" content=\"2025-06-19T03:42:51+00:00\" \/>\n<meta property=\"og:image\" content=\"https:\/\/vapingnet.de\/wp-content\/uploads\/2025\/04\/Strawberry-Ice-3.webp\" \/>\n\t<meta property=\"og:image:width\" content=\"1000\" \/>\n\t<meta property=\"og:image:height\" content=\"1000\" \/>\n\t<meta property=\"og:image:type\" content=\"image\/webp\" \/>\n<meta name=\"twitter:card\" content=\"summary_large_image\" \/>\n<meta name=\"twitter:label1\" content=\"Est. reading time\" \/>\n\t<meta name=\"twitter:data1\" content=\"3 minutes\" \/>\n<script type=\"application\/ld+json\" class=\"yoast-schema-graph\">{\"@context\":\"https:\/\/schema.org\",\"@graph\":[{\"@type\":\"WebPage\",\"@id\":\"https:\/\/vapingnet.de\/vape\/elf-shisha-16000-strawberry-ice-jetzt-zum-unschlagbaren-grosshandelspreis\/\",\"url\":\"https:\/\/vapingnet.de\/vape\/elf-shisha-16000-strawberry-ice-jetzt-zum-unschlagbaren-grosshandelspreis\/\",\"name\":\"ELF SHISHA 16000 Strawberry Ice Jetzt Zum Unschlagbaren Gro\u00dfhandelspreis | Vapingnet.de\",\"isPartOf\":{\"@id\":\"https:\/\/vapingnet.de\/#website\"},\"primaryImageOfPage\":{\"@id\":\"https:\/\/vapingnet.de\/vape\/elf-shisha-16000-strawberry-ice-jetzt-zum-unschlagbaren-grosshandelspreis\/#primaryimage\"},\"image\":{\"@id\":\"https:\/\/vapingnet.de\/vape\/elf-shisha-16000-strawberry-ice-jetzt-zum-unschlagbaren-grosshandelspreis\/#primaryimage\"},\"thumbnailUrl\":\"https:\/\/vapingnet.de\/wp-content\/uploads\/2025\/04\/Strawberry-Ice-3.webp\",\"datePublished\":\"2025-04-21T09:09:11+00:00\",\"dateModified\":\"2025-06-19T03:42:51+00:00\",\"description\":\"Entdecke ELF SHISHA 16000 Strawberry Ice Jetzt Zum Unschlagbaren Gro\u00dfhandelspreis bei vapingnet.de, \u25ba Gro\u00dfe Auswahl an Geschmacksrichtungen & super g\u00fcnstig!\",\"breadcrumb\":{\"@id\":\"https:\/\/vapingnet.de\/vape\/elf-shisha-16000-strawberry-ice-jetzt-zum-unschlagbaren-grosshandelspreis\/#breadcrumb\"},\"inLanguage\":\"lt-LT\",\"potentialAction\":[{\"@type\":\"ReadAction\",\"target\":[\"https:\/\/vapingnet.de\/vape\/elf-shisha-16000-strawberry-ice-jetzt-zum-unschlagbaren-grosshandelspreis\/\"]}]},{\"@type\":\"ImageObject\",\"inLanguage\":\"lt-LT\",\"@id\":\"https:\/\/vapingnet.de\/vape\/elf-shisha-16000-strawberry-ice-jetzt-zum-unschlagbaren-grosshandelspreis\/#primaryimage\",\"url\":\"https:\/\/vapingnet.de\/wp-content\/uploads\/2025\/04\/Strawberry-Ice-3.webp\",\"contentUrl\":\"https:\/\/vapingnet.de\/wp-content\/uploads\/2025\/04\/Strawberry-Ice-3.webp\",\"width\":1000,\"height\":1000},{\"@type\":\"BreadcrumbList\",\"@id\":\"https:\/\/vapingnet.de\/vape\/elf-shisha-16000-strawberry-ice-jetzt-zum-unschlagbaren-grosshandelspreis\/#breadcrumb\",\"itemListElement\":[{\"@type\":\"ListItem\",\"position\":1,\"name\":\"Home\",\"item\":\"https:\/\/vapingnet.de\/\"},{\"@type\":\"ListItem\",\"position\":2,\"name\":\"Shop\",\"item\":\"https:\/\/vapingnet.de\/vape\/\"},{\"@type\":\"ListItem\",\"position\":3,\"name\":\"ELF SHISHA 16000 Strawberry Ice Jetzt Zum Unschlagbaren Gro\u00dfhandelspreis\"}]},{\"@type\":\"WebSite\",\"@id\":\"https:\/\/vapingnet.de\/#website\",\"url\":\"https:\/\/vapingnet.de\/\",\"name\":\"Vapingnet.de\",\"description\":\"\",\"publisher\":{\"@id\":\"https:\/\/vapingnet.de\/#organization\"},\"potentialAction\":[{\"@type\":\"SearchAction\",\"target\":{\"@type\":\"EntryPoint\",\"urlTemplate\":\"https:\/\/vapingnet.de\/?s={search_term_string}\"},\"query-input\":{\"@type\":\"PropertyValueSpecification\",\"valueRequired\":true,\"valueName\":\"search_term_string\"}}],\"inLanguage\":\"lt-LT\"},{\"@type\":\"Organization\",\"@id\":\"https:\/\/vapingnet.de\/#organization\",\"name\":\"Vapingnet.de\",\"url\":\"https:\/\/vapingnet.de\/\",\"logo\":{\"@type\":\"ImageObject\",\"inLanguage\":\"lt-LT\",\"@id\":\"https:\/\/vapingnet.de\/#\/schema\/logo\/image\/\",\"url\":\"https:\/\/vapingnet.de\/wp-content\/uploads\/2025\/03\/cropped-vapingnet.de_.jpg\",\"contentUrl\":\"https:\/\/vapingnet.de\/wp-content\/uploads\/2025\/03\/cropped-vapingnet.de_.jpg\",\"width\":512,\"height\":512,\"caption\":\"Vapingnet.de\"},\"image\":{\"@id\":\"https:\/\/vapingnet.de\/#\/schema\/logo\/image\/\"},\"sameAs\":[\"https:\/\/www.facebook.com\/vapingnetde\/\"]}]}<\/script>\n<!-- \/ Yoast SEO plugin. -->","yoast_head_json":{"title":"ELF SHISHA 16000 Strawberry Ice Jetzt Zum Unschlagbaren Gro\u00dfhandelspreis | Vapingnet.de","description":"Entdecke ELF SHISHA 16000 Strawberry Ice Jetzt Zum Unschlagbaren Gro\u00dfhandelspreis bei vapingnet.de, \u25ba Gro\u00dfe Auswahl an Geschmacksrichtungen & super g\u00fcnstig!","robots":{"index":"index","follow":"follow","max-snippet":"max-snippet:-1","max-image-preview":"max-image-preview:large","max-video-preview":"max-video-preview:-1"},"canonical":"https:\/\/vapingnet.de\/lt\/vape\/elf-shisha-16000-strawberry-ice-jetzt-zum-unschlagbaren-grosshandelspreis\/","og_locale":"lt_LT","og_type":"article","og_title":"ELF SHISHA 16000 Strawberry Ice Jetzt Zum Unschlagbaren Gro\u00dfhandelspreis | Vapingnet.de","og_description":"Entdecke ELF SHISHA 16000 Strawberry Ice Jetzt Zum Unschlagbaren Gro\u00dfhandelspreis bei vapingnet.de, \u25ba Gro\u00dfe Auswahl an Geschmacksrichtungen & super g\u00fcnstig!","og_url":"https:\/\/vapingnet.de\/lt\/vape\/elf-shisha-16000-strawberry-ice-jetzt-zum-unschlagbaren-grosshandelspreis\/","og_site_name":"Vapingnet.de","article_publisher":"https:\/\/www.facebook.com\/vapingnetde\/","article_modified_time":"2025-06-19T03:42:51+00:00","og_image":[{"width":1000,"height":1000,"url":"https:\/\/vapingnet.de\/wp-content\/uploads\/2025\/04\/Strawberry-Ice-3.webp","type":"image\/webp"}],"twitter_card":"summary_large_image","twitter_misc":{"Est. reading time":"3 minutes"},"schema":{"@context":"https:\/\/schema.org","@graph":[{"@type":"WebPage","@id":"https:\/\/vapingnet.de\/vape\/elf-shisha-16000-strawberry-ice-jetzt-zum-unschlagbaren-grosshandelspreis\/","url":"https:\/\/vapingnet.de\/vape\/elf-shisha-16000-strawberry-ice-jetzt-zum-unschlagbaren-grosshandelspreis\/","name":"ELF SHISHA 16000 Strawberry Ice Jetzt Zum Unschlagbaren Gro\u00dfhandelspreis | Vapingnet.de","isPartOf":{"@id":"https:\/\/vapingnet.de\/#website"},"primaryImageOfPage":{"@id":"https:\/\/vapingnet.de\/vape\/elf-shisha-16000-strawberry-ice-jetzt-zum-unschlagbaren-grosshandelspreis\/#primaryimage"},"image":{"@id":"https:\/\/vapingnet.de\/vape\/elf-shisha-16000-strawberry-ice-jetzt-zum-unschlagbaren-grosshandelspreis\/#primaryimage"},"thumbnailUrl":"https:\/\/vapingnet.de\/wp-content\/uploads\/2025\/04\/Strawberry-Ice-3.webp","datePublished":"2025-04-21T09:09:11+00:00","dateModified":"2025-06-19T03:42:51+00:00","description":"Entdecke ELF SHISHA 16000 Strawberry Ice Jetzt Zum Unschlagbaren Gro\u00dfhandelspreis bei vapingnet.de, \u25ba Gro\u00dfe Auswahl an Geschmacksrichtungen & super g\u00fcnstig!","breadcrumb":{"@id":"https:\/\/vapingnet.de\/vape\/elf-shisha-16000-strawberry-ice-jetzt-zum-unschlagbaren-grosshandelspreis\/#breadcrumb"},"inLanguage":"lt-LT","potentialAction":[{"@type":"ReadAction","target":["https:\/\/vapingnet.de\/vape\/elf-shisha-16000-strawberry-ice-jetzt-zum-unschlagbaren-grosshandelspreis\/"]}]},{"@type":"ImageObject","inLanguage":"lt-LT","@id":"https:\/\/vapingnet.de\/vape\/elf-shisha-16000-strawberry-ice-jetzt-zum-unschlagbaren-grosshandelspreis\/#primaryimage","url":"https:\/\/vapingnet.de\/wp-content\/uploads\/2025\/04\/Strawberry-Ice-3.webp","contentUrl":"https:\/\/vapingnet.de\/wp-content\/uploads\/2025\/04\/Strawberry-Ice-3.webp","width":1000,"height":1000},{"@type":"BreadcrumbList","@id":"https:\/\/vapingnet.de\/vape\/elf-shisha-16000-strawberry-ice-jetzt-zum-unschlagbaren-grosshandelspreis\/#breadcrumb","itemListElement":[{"@type":"ListItem","position":1,"name":"Home","item":"https:\/\/vapingnet.de\/"},{"@type":"ListItem","position":2,"name":"Shop","item":"https:\/\/vapingnet.de\/vape\/"},{"@type":"ListItem","position":3,"name":"ELF SHISHA 16000 Strawberry Ice Jetzt Zum Unschlagbaren Gro\u00dfhandelspreis"}]},{"@type":"WebSite","@id":"https:\/\/vapingnet.de\/#website","url":"https:\/\/vapingnet.de\/","name":"Vapingnet.de","description":"","publisher":{"@id":"https:\/\/vapingnet.de\/#organization"},"potentialAction":[{"@type":"SearchAction","target":{"@type":"EntryPoint","urlTemplate":"https:\/\/vapingnet.de\/?s={search_term_string}"},"query-input":{"@type":"PropertyValueSpecification","valueRequired":true,"valueName":"search_term_string"}}],"inLanguage":"lt-LT"},{"@type":"Organization","@id":"https:\/\/vapingnet.de\/#organization","name":"Vapingnet.de","url":"https:\/\/vapingnet.de\/","logo":{"@type":"ImageObject","inLanguage":"lt-LT","@id":"https:\/\/vapingnet.de\/#\/schema\/logo\/image\/","url":"https:\/\/vapingnet.de\/wp-content\/uploads\/2025\/03\/cropped-vapingnet.de_.jpg","contentUrl":"https:\/\/vapingnet.de\/wp-content\/uploads\/2025\/03\/cropped-vapingnet.de_.jpg","width":512,"height":512,"caption":"Vapingnet.de"},"image":{"@id":"https:\/\/vapingnet.de\/#\/schema\/logo\/image\/"},"sameAs":["https:\/\/www.facebook.com\/vapingnetde\/"]}]}},"tiered_pricing_type":"fixed","tiered_pricing_fixed_rules":{"10":"9.41","60":"8.47","110":"7.53","200":"6.59"},"tiered_pricing_product_settings":{"layout":"default","base_unit_name":{"singular":null,"plural":null},"default_variation":null},"tiered_pricing_minimum_quantity":null,"tiered_pricing_roles_data":[],"tiered_pricing_percentage_rules":[],"_links":{"self":[{"href":"https:\/\/vapingnet.de\/lt\/wp-json\/wp\/v2\/product\/6458","targetHints":{"allow":["GET"]}}],"collection":[{"href":"https:\/\/vapingnet.de\/lt\/wp-json\/wp\/v2\/product"}],"about":[{"href":"https:\/\/vapingnet.de\/lt\/wp-json\/wp\/v2\/types\/product"}],"version-history":[{"count":1,"href":"https:\/\/vapingnet.de\/lt\/wp-json\/wp\/v2\/product\/6458\/revisions"}],"predecessor-version":[{"id":6477,"href":"https:\/\/vapingnet.de\/lt\/wp-json\/wp\/v2\/product\/6458\/revisions\/6477"}],"wp:featuredmedia":[{"embeddable":true,"href":"https:\/\/vapingnet.de\/lt\/wp-json\/wp\/v2\/media\/6473"}],"wp:attachment":[{"href":"https:\/\/vapingnet.de\/lt\/wp-json\/wp\/v2\/media?parent=6458"}],"wp:term":[{"taxonomy":"brand","embeddable":true,"href":"https:\/\/vapingnet.de\/lt\/wp-json\/wp\/v2\/etheme_brands?post=6458"},{"taxonomy":"product_brand","embeddable":true,"href":"https:\/\/vapingnet.de\/lt\/wp-json\/wp\/v2\/product_brand?post=6458"},{"taxonomy":"product_cat","embeddable":true,"href":"https:\/\/vapingnet.de\/lt\/wp-json\/wp\/v2\/product_cat?post=6458"},{"taxonomy":"product_tag","embeddable":true,"href":"https:\/\/vapingnet.de\/lt\/wp-json\/wp\/v2\/product_tag?post=6458"}],"curies":[{"name":"wp","href":"https:\/\/api.w.org\/{rel}","templated":true}]}}