{"id":6459,"date":"2025-04-21T09:09:14","date_gmt":"2025-04-21T09:09:14","guid":{"rendered":"https:\/\/vapingnet.de\/?post_type=product&#038;p=6459"},"modified":"2025-06-19T03:42:50","modified_gmt":"2025-06-19T03:42:50","slug":"peach-ice-geschmack-bei-elf-shisha-16000-direkt-vom-hersteller","status":"publish","type":"product","link":"https:\/\/vapingnet.de\/lt\/vape\/peach-ice-geschmack-bei-elf-shisha-16000-direkt-vom-hersteller\/","title":{"rendered":"Persik\u0173 ledas skonis ELF SHISHA 16000 tiesiai i\u0161 gamintojo"},"content":{"rendered":"<h2 data-start=\"0\" data-end=\"62\" data-immersive-translate-walked=\"b9c2f737-3810-44d4-aca3-7b10e1dd4b4a\">Elf Shisha 16000: Naujas standartas vienkartin\u0117ms elektronin\u0117ms cigaret\u0117ms<\/h2>\n<p class=\"\" data-start=\"64\" data-end=\"320\" data-immersive-translate-walked=\"b9c2f737-3810-44d4-aca3-7b10e1dd4b4a\" data-immersive-translate-paragraph=\"1\">Elf Shisha 16000 yra tobulas sprendimas visiems, kurie ie\u0161ko auk\u0161tos kokyb\u0117s ir ilgai trunkan\u010dio garavimo patirties. Su daugybe pa\u017eangi\u0173 funkcij\u0173 ir patogiu dizainu \u0161is modelis nustato naujus standartus vienkartin\u0117ms elektronin\u0117ms cigaret\u0117ms.<\/p>\n<h4 data-start=\"322\" data-end=\"366\" data-immersive-translate-walked=\"b9c2f737-3810-44d4-aca3-7b10e1dd4b4a\">Svarbiausi\u0173 funkcij\u0173 ap\u017evalga<\/h4>\n<h5 data-start=\"368\" data-end=\"398\" data-immersive-translate-walked=\"b9c2f737-3810-44d4-aca3-7b10e1dd4b4a\">Auk\u0161\u010diausios kokyb\u0117s veikimas<\/h5>\n<p class=\"\" data-start=\"400\" data-end=\"685\" data-immersive-translate-walked=\"b9c2f737-3810-44d4-aca3-7b10e1dd4b4a\" data-immersive-translate-paragraph=\"1\">Su 28 ml elektroninio skys\u010dio ir \u012fsp\u016bdinga 16000 \u012fkv\u0117pim\u0173 talpa, Elf Shisha 16000 pasi\u017eymi itin ilga tarnavimo trukme. Mesh Coil su 0,6 Ohm u\u017etikrina tolyg\u0173 garavim\u0105 ir nuolatin\u012f, stipr\u0173 skon\u012f.<\/p>\n<h5 data-start=\"687\" data-end=\"728\" data-immersive-translate-walked=\"b9c2f737-3810-44d4-aca3-7b10e1dd4b4a\">Nikotino pasirinkimai kiekvienam poreikiui<\/h5>\n<p class=\"\" data-start=\"730\" data-end=\"1003\" data-immersive-translate-walked=\"b9c2f737-3810-44d4-aca3-7b10e1dd4b4a\" data-immersive-translate-paragraph=\"1\">Pasirinkite tarp nikotino stiprum\u0173 0%, 2%, 3% arba 5% \u2013 pagal savo pageidavimus ir nikotino poreik\u012f. Nesvarbu, ar m\u0117gstate \u0161velni\u0105 ar intensyvi\u0105 garavimo patirt\u012f, Elf Shisha 16000 rasite tobul\u0105 variant\u0105 savo poreikiams.<\/p>\n<h5 data-start=\"1005\" data-end=\"1034\" data-immersive-translate-walked=\"b9c2f737-3810-44d4-aca3-7b10e1dd4b4a\">Skonis: Persiko ledas<\/h5>\n<p class=\"\" data-start=\"1036\" data-end=\"1281\" data-immersive-translate-walked=\"b9c2f737-3810-44d4-aca3-7b10e1dd4b4a\" data-immersive-translate-paragraph=\"1\">Persik\u0173 led\u0173 skonis yra gaivinanti kombinacija i\u0161 sald\u017ei\u0173, sulting\u0173 persik\u0173 ir \u0161alto, ledinio atspalvio. \u0160is skonis ypa\u010d populiarus tarp garintoj\u0173, ie\u0161kan\u010di\u0173 vaisi\u0173 ir gaivios garavimo patirties.<\/p>\n<h4 data-start=\"1283\" data-end=\"1309\" data-immersive-translate-walked=\"b9c2f737-3810-44d4-aca3-7b10e1dd4b4a\">Technin\u0117s detal\u0117s<\/h4>\n<ul data-start=\"1311\" data-end=\"1588\">\n<li class=\"\" data-start=\"1311\" data-end=\"1367\">\n<p class=\"\" data-start=\"1313\" data-end=\"1367\" data-immersive-translate-walked=\"b9c2f737-3810-44d4-aca3-7b10e1dd4b4a\" data-immersive-translate-paragraph=\"1\">Baterija: 600 mAh ilgam veikimui<\/p>\n<\/li>\n<li class=\"\" data-start=\"1368\" data-end=\"1422\">\n<p class=\"\" data-start=\"1370\" data-end=\"1422\" data-immersive-translate-walked=\"b9c2f737-3810-44d4-aca3-7b10e1dd4b4a\" data-immersive-translate-paragraph=\"1\">\u012ekrovimo jungtis: Type-C greitam \u012fkrovimui<\/p>\n<\/li>\n<li class=\"\" data-start=\"1423\" data-end=\"1463\">\n<p class=\"\" data-start=\"1425\" data-end=\"1463\" data-immersive-translate-walked=\"b9c2f737-3810-44d4-aca3-7b10e1dd4b4a\" data-immersive-translate-paragraph=\"1\">Svoris: 85 g, lengvas ir patogus<\/p>\n<\/li>\n<li class=\"\" data-start=\"1464\" data-end=\"1510\">\n<p class=\"\" data-start=\"1466\" data-end=\"1510\" data-immersive-translate-walked=\"b9c2f737-3810-44d4-aca3-7b10e1dd4b4a\" data-immersive-translate-paragraph=\"1\">LED ekranas: rodo baterijos b\u016bsen\u0105<\/p>\n<\/li>\n<li class=\"\" data-start=\"1511\" data-end=\"1588\">\n<p class=\"\" data-start=\"1513\" data-end=\"1588\" data-immersive-translate-walked=\"b9c2f737-3810-44d4-aca3-7b10e1dd4b4a\" data-immersive-translate-paragraph=\"1\">Reguliuojama oro srauto kontrol\u0117: personalizuotai garavimo patir\u010diai<\/p>\n<\/li>\n<\/ul>\n<h4 data-start=\"1590\" data-end=\"1627\" data-immersive-translate-walked=\"b9c2f737-3810-44d4-aca3-7b10e1dd4b4a\">Elf Shisha 16000 privalumai<\/h4>\n<p class=\"\" data-start=\"1685\" data-end=\"1890\" data-immersive-translate-walked=\"b9c2f737-3810-44d4-aca3-7b10e1dd4b4a\" data-immersive-translate-paragraph=\"1\">U\u017esisakykite savo Elf Shisha 16000 be mokes\u010di\u0173 ir pasinaudokite greitu pristatymu per 7-15 darbo dien\u0173. \u0160is patogus sprendimas dar labiau palengvina ir patogiau naudojim\u0105.<\/p>\n<h3>Kod\u0117l rinktis Elf Shisha 16000?<\/h3>\n<p class=\"\" data-start=\"1932\" data-end=\"2242\" data-immersive-translate-walked=\"b9c2f737-3810-44d4-aca3-7b10e1dd4b4a\" data-immersive-translate-paragraph=\"1\">Elf Shisha 16000 sujungia visk\u0105, ko gali nor\u0117ti garintojas: ilg\u0105 tarnavimo laik\u0105, puik\u0173 skon\u012f ir didel\u012f naudotojo patogum\u0105. Jei ie\u0161kote patikimos ir galingos vienkartin\u0117s elektronin\u0117s cigaret\u0117s, Elf Shisha 16000 yra ideali j\u016bs\u0173 pasirinkimas.<\/p>\n<p class=\"\" data-start=\"2244\" data-end=\"2338\">Apsilankykite vapingnet.de, kad su\u017einotum\u0117te daugiau ir u\u017esisakytum\u0117te savo Elf Shisha 16000.<\/p>","protected":false},"excerpt":{"rendered":"<p>Elf Shisha 16000: Naujasis vienkartini\u0173 elektronini\u0173 cigare\u010di\u0173 standartas Elf Shisha 16000 yra tobula sprendimas tiems, kurie ie\u0161ko auk\u0161tos kokyb\u0117s ir ilgalaikio garinimo patirties....<\/p>","protected":false},"featured_media":6471,"template":"","meta":[],"etheme_brands":[],"product_brand":[100],"product_cat":[91,49,61],"product_tag":[],"class_list":{"0":"post-6459","1":"product","2":"type-product","3":"status-publish","4":"has-post-thumbnail","6":"product_brand-elf-box-vape","7":"product_cat-16k-vape","8":"product_cat-einweg-e-zigarette","9":"product_cat-f","11":"first","12":"instock","13":"shipping-taxable","14":"purchasable","15":"product-type-simple"},"yoast_head":"<!-- This site is optimized with the Yoast SEO plugin v26.5 - https:\/\/yoast.com\/wordpress\/plugins\/seo\/ -->\n<title>Peach Ice Geschmack bei ELF SHISHA 16000 Direkt vom Hersteller | Vapingnet.de<\/title>\n<meta name=\"description\" content=\"Entdecke Peach Ice Geschmack bei ELF SHISHA 16000 Direkt vom Hersteller bei vapingnet.de, \u25ba Gro\u00dfe Auswahl an Geschmacksrichtungen &amp; super g\u00fcnstig!\" \/>\n<meta name=\"robots\" content=\"index, follow, max-snippet:-1, max-image-preview:large, max-video-preview:-1\" \/>\n<link rel=\"canonical\" href=\"https:\/\/vapingnet.de\/lt\/vape\/peach-ice-geschmack-bei-elf-shisha-16000-direkt-vom-hersteller\/\" \/>\n<meta property=\"og:locale\" content=\"lt_LT\" \/>\n<meta property=\"og:type\" content=\"article\" \/>\n<meta property=\"og:title\" content=\"Peach Ice Geschmack bei ELF SHISHA 16000 Direkt vom Hersteller | Vapingnet.de\" \/>\n<meta property=\"og:description\" content=\"Entdecke Peach Ice Geschmack bei ELF SHISHA 16000 Direkt vom Hersteller bei vapingnet.de, \u25ba Gro\u00dfe Auswahl an Geschmacksrichtungen &amp; super g\u00fcnstig!\" \/>\n<meta property=\"og:url\" content=\"https:\/\/vapingnet.de\/lt\/vape\/peach-ice-geschmack-bei-elf-shisha-16000-direkt-vom-hersteller\/\" \/>\n<meta property=\"og:site_name\" content=\"Vapingnet.de\" \/>\n<meta property=\"article:publisher\" content=\"https:\/\/www.facebook.com\/vapingnetde\/\" \/>\n<meta property=\"article:modified_time\" content=\"2025-06-19T03:42:50+00:00\" \/>\n<meta property=\"og:image\" content=\"https:\/\/vapingnet.de\/wp-content\/uploads\/2025\/04\/Peach-Ice-1.webp\" \/>\n\t<meta property=\"og:image:width\" content=\"1000\" \/>\n\t<meta property=\"og:image:height\" content=\"1000\" \/>\n\t<meta property=\"og:image:type\" content=\"image\/webp\" \/>\n<meta name=\"twitter:card\" content=\"summary_large_image\" \/>\n<meta name=\"twitter:label1\" content=\"Est. reading time\" \/>\n\t<meta name=\"twitter:data1\" content=\"2 minutes\" \/>\n<script type=\"application\/ld+json\" class=\"yoast-schema-graph\">{\"@context\":\"https:\/\/schema.org\",\"@graph\":[{\"@type\":\"WebPage\",\"@id\":\"https:\/\/vapingnet.de\/vape\/peach-ice-geschmack-bei-elf-shisha-16000-direkt-vom-hersteller\/\",\"url\":\"https:\/\/vapingnet.de\/vape\/peach-ice-geschmack-bei-elf-shisha-16000-direkt-vom-hersteller\/\",\"name\":\"Peach Ice Geschmack bei ELF SHISHA 16000 Direkt vom Hersteller | Vapingnet.de\",\"isPartOf\":{\"@id\":\"https:\/\/vapingnet.de\/#website\"},\"primaryImageOfPage\":{\"@id\":\"https:\/\/vapingnet.de\/vape\/peach-ice-geschmack-bei-elf-shisha-16000-direkt-vom-hersteller\/#primaryimage\"},\"image\":{\"@id\":\"https:\/\/vapingnet.de\/vape\/peach-ice-geschmack-bei-elf-shisha-16000-direkt-vom-hersteller\/#primaryimage\"},\"thumbnailUrl\":\"https:\/\/vapingnet.de\/wp-content\/uploads\/2025\/04\/Peach-Ice-1.webp\",\"datePublished\":\"2025-04-21T09:09:14+00:00\",\"dateModified\":\"2025-06-19T03:42:50+00:00\",\"description\":\"Entdecke Peach Ice Geschmack bei ELF SHISHA 16000 Direkt vom Hersteller bei vapingnet.de, \u25ba Gro\u00dfe Auswahl an Geschmacksrichtungen & super g\u00fcnstig!\",\"breadcrumb\":{\"@id\":\"https:\/\/vapingnet.de\/vape\/peach-ice-geschmack-bei-elf-shisha-16000-direkt-vom-hersteller\/#breadcrumb\"},\"inLanguage\":\"lt-LT\",\"potentialAction\":[{\"@type\":\"ReadAction\",\"target\":[\"https:\/\/vapingnet.de\/vape\/peach-ice-geschmack-bei-elf-shisha-16000-direkt-vom-hersteller\/\"]}]},{\"@type\":\"ImageObject\",\"inLanguage\":\"lt-LT\",\"@id\":\"https:\/\/vapingnet.de\/vape\/peach-ice-geschmack-bei-elf-shisha-16000-direkt-vom-hersteller\/#primaryimage\",\"url\":\"https:\/\/vapingnet.de\/wp-content\/uploads\/2025\/04\/Peach-Ice-1.webp\",\"contentUrl\":\"https:\/\/vapingnet.de\/wp-content\/uploads\/2025\/04\/Peach-Ice-1.webp\",\"width\":1000,\"height\":1000},{\"@type\":\"BreadcrumbList\",\"@id\":\"https:\/\/vapingnet.de\/vape\/peach-ice-geschmack-bei-elf-shisha-16000-direkt-vom-hersteller\/#breadcrumb\",\"itemListElement\":[{\"@type\":\"ListItem\",\"position\":1,\"name\":\"Home\",\"item\":\"https:\/\/vapingnet.de\/\"},{\"@type\":\"ListItem\",\"position\":2,\"name\":\"Shop\",\"item\":\"https:\/\/vapingnet.de\/vape\/\"},{\"@type\":\"ListItem\",\"position\":3,\"name\":\"Peach Ice Geschmack bei ELF SHISHA 16000 Direkt vom Hersteller\"}]},{\"@type\":\"WebSite\",\"@id\":\"https:\/\/vapingnet.de\/#website\",\"url\":\"https:\/\/vapingnet.de\/\",\"name\":\"Vapingnet.de\",\"description\":\"\",\"publisher\":{\"@id\":\"https:\/\/vapingnet.de\/#organization\"},\"potentialAction\":[{\"@type\":\"SearchAction\",\"target\":{\"@type\":\"EntryPoint\",\"urlTemplate\":\"https:\/\/vapingnet.de\/?s={search_term_string}\"},\"query-input\":{\"@type\":\"PropertyValueSpecification\",\"valueRequired\":true,\"valueName\":\"search_term_string\"}}],\"inLanguage\":\"lt-LT\"},{\"@type\":\"Organization\",\"@id\":\"https:\/\/vapingnet.de\/#organization\",\"name\":\"Vapingnet.de\",\"url\":\"https:\/\/vapingnet.de\/\",\"logo\":{\"@type\":\"ImageObject\",\"inLanguage\":\"lt-LT\",\"@id\":\"https:\/\/vapingnet.de\/#\/schema\/logo\/image\/\",\"url\":\"https:\/\/vapingnet.de\/wp-content\/uploads\/2025\/03\/cropped-vapingnet.de_.jpg\",\"contentUrl\":\"https:\/\/vapingnet.de\/wp-content\/uploads\/2025\/03\/cropped-vapingnet.de_.jpg\",\"width\":512,\"height\":512,\"caption\":\"Vapingnet.de\"},\"image\":{\"@id\":\"https:\/\/vapingnet.de\/#\/schema\/logo\/image\/\"},\"sameAs\":[\"https:\/\/www.facebook.com\/vapingnetde\/\"]}]}<\/script>\n<!-- \/ Yoast SEO plugin. -->","yoast_head_json":{"title":"Peach Ice Geschmack bei ELF SHISHA 16000 Direkt vom Hersteller | Vapingnet.de","description":"Entdecke Peach Ice Geschmack bei ELF SHISHA 16000 Direkt vom Hersteller bei vapingnet.de, \u25ba Gro\u00dfe Auswahl an Geschmacksrichtungen & super g\u00fcnstig!","robots":{"index":"index","follow":"follow","max-snippet":"max-snippet:-1","max-image-preview":"max-image-preview:large","max-video-preview":"max-video-preview:-1"},"canonical":"https:\/\/vapingnet.de\/lt\/vape\/peach-ice-geschmack-bei-elf-shisha-16000-direkt-vom-hersteller\/","og_locale":"lt_LT","og_type":"article","og_title":"Peach Ice Geschmack bei ELF SHISHA 16000 Direkt vom Hersteller | Vapingnet.de","og_description":"Entdecke Peach Ice Geschmack bei ELF SHISHA 16000 Direkt vom Hersteller bei vapingnet.de, \u25ba Gro\u00dfe Auswahl an Geschmacksrichtungen & super g\u00fcnstig!","og_url":"https:\/\/vapingnet.de\/lt\/vape\/peach-ice-geschmack-bei-elf-shisha-16000-direkt-vom-hersteller\/","og_site_name":"Vapingnet.de","article_publisher":"https:\/\/www.facebook.com\/vapingnetde\/","article_modified_time":"2025-06-19T03:42:50+00:00","og_image":[{"width":1000,"height":1000,"url":"https:\/\/vapingnet.de\/wp-content\/uploads\/2025\/04\/Peach-Ice-1.webp","type":"image\/webp"}],"twitter_card":"summary_large_image","twitter_misc":{"Est. reading time":"2 minutes"},"schema":{"@context":"https:\/\/schema.org","@graph":[{"@type":"WebPage","@id":"https:\/\/vapingnet.de\/vape\/peach-ice-geschmack-bei-elf-shisha-16000-direkt-vom-hersteller\/","url":"https:\/\/vapingnet.de\/vape\/peach-ice-geschmack-bei-elf-shisha-16000-direkt-vom-hersteller\/","name":"Peach Ice Geschmack bei ELF SHISHA 16000 Direkt vom Hersteller | Vapingnet.de","isPartOf":{"@id":"https:\/\/vapingnet.de\/#website"},"primaryImageOfPage":{"@id":"https:\/\/vapingnet.de\/vape\/peach-ice-geschmack-bei-elf-shisha-16000-direkt-vom-hersteller\/#primaryimage"},"image":{"@id":"https:\/\/vapingnet.de\/vape\/peach-ice-geschmack-bei-elf-shisha-16000-direkt-vom-hersteller\/#primaryimage"},"thumbnailUrl":"https:\/\/vapingnet.de\/wp-content\/uploads\/2025\/04\/Peach-Ice-1.webp","datePublished":"2025-04-21T09:09:14+00:00","dateModified":"2025-06-19T03:42:50+00:00","description":"Entdecke Peach Ice Geschmack bei ELF SHISHA 16000 Direkt vom Hersteller bei vapingnet.de, \u25ba Gro\u00dfe Auswahl an Geschmacksrichtungen & super g\u00fcnstig!","breadcrumb":{"@id":"https:\/\/vapingnet.de\/vape\/peach-ice-geschmack-bei-elf-shisha-16000-direkt-vom-hersteller\/#breadcrumb"},"inLanguage":"lt-LT","potentialAction":[{"@type":"ReadAction","target":["https:\/\/vapingnet.de\/vape\/peach-ice-geschmack-bei-elf-shisha-16000-direkt-vom-hersteller\/"]}]},{"@type":"ImageObject","inLanguage":"lt-LT","@id":"https:\/\/vapingnet.de\/vape\/peach-ice-geschmack-bei-elf-shisha-16000-direkt-vom-hersteller\/#primaryimage","url":"https:\/\/vapingnet.de\/wp-content\/uploads\/2025\/04\/Peach-Ice-1.webp","contentUrl":"https:\/\/vapingnet.de\/wp-content\/uploads\/2025\/04\/Peach-Ice-1.webp","width":1000,"height":1000},{"@type":"BreadcrumbList","@id":"https:\/\/vapingnet.de\/vape\/peach-ice-geschmack-bei-elf-shisha-16000-direkt-vom-hersteller\/#breadcrumb","itemListElement":[{"@type":"ListItem","position":1,"name":"Home","item":"https:\/\/vapingnet.de\/"},{"@type":"ListItem","position":2,"name":"Shop","item":"https:\/\/vapingnet.de\/vape\/"},{"@type":"ListItem","position":3,"name":"Peach Ice Geschmack bei ELF SHISHA 16000 Direkt vom Hersteller"}]},{"@type":"WebSite","@id":"https:\/\/vapingnet.de\/#website","url":"https:\/\/vapingnet.de\/","name":"Vapingnet.de","description":"","publisher":{"@id":"https:\/\/vapingnet.de\/#organization"},"potentialAction":[{"@type":"SearchAction","target":{"@type":"EntryPoint","urlTemplate":"https:\/\/vapingnet.de\/?s={search_term_string}"},"query-input":{"@type":"PropertyValueSpecification","valueRequired":true,"valueName":"search_term_string"}}],"inLanguage":"lt-LT"},{"@type":"Organization","@id":"https:\/\/vapingnet.de\/#organization","name":"Vapingnet.de","url":"https:\/\/vapingnet.de\/","logo":{"@type":"ImageObject","inLanguage":"lt-LT","@id":"https:\/\/vapingnet.de\/#\/schema\/logo\/image\/","url":"https:\/\/vapingnet.de\/wp-content\/uploads\/2025\/03\/cropped-vapingnet.de_.jpg","contentUrl":"https:\/\/vapingnet.de\/wp-content\/uploads\/2025\/03\/cropped-vapingnet.de_.jpg","width":512,"height":512,"caption":"Vapingnet.de"},"image":{"@id":"https:\/\/vapingnet.de\/#\/schema\/logo\/image\/"},"sameAs":["https:\/\/www.facebook.com\/vapingnetde\/"]}]}},"tiered_pricing_type":"fixed","tiered_pricing_fixed_rules":{"10":"9.41","60":"8.47","110":"7.53","200":"6.59"},"tiered_pricing_product_settings":{"layout":"default","base_unit_name":{"singular":null,"plural":null},"default_variation":null},"tiered_pricing_minimum_quantity":null,"tiered_pricing_roles_data":[],"tiered_pricing_percentage_rules":[],"_links":{"self":[{"href":"https:\/\/vapingnet.de\/lt\/wp-json\/wp\/v2\/product\/6459","targetHints":{"allow":["GET"]}}],"collection":[{"href":"https:\/\/vapingnet.de\/lt\/wp-json\/wp\/v2\/product"}],"about":[{"href":"https:\/\/vapingnet.de\/lt\/wp-json\/wp\/v2\/types\/product"}],"version-history":[{"count":1,"href":"https:\/\/vapingnet.de\/lt\/wp-json\/wp\/v2\/product\/6459\/revisions"}],"predecessor-version":[{"id":6479,"href":"https:\/\/vapingnet.de\/lt\/wp-json\/wp\/v2\/product\/6459\/revisions\/6479"}],"wp:featuredmedia":[{"embeddable":true,"href":"https:\/\/vapingnet.de\/lt\/wp-json\/wp\/v2\/media\/6471"}],"wp:attachment":[{"href":"https:\/\/vapingnet.de\/lt\/wp-json\/wp\/v2\/media?parent=6459"}],"wp:term":[{"taxonomy":"brand","embeddable":true,"href":"https:\/\/vapingnet.de\/lt\/wp-json\/wp\/v2\/etheme_brands?post=6459"},{"taxonomy":"product_brand","embeddable":true,"href":"https:\/\/vapingnet.de\/lt\/wp-json\/wp\/v2\/product_brand?post=6459"},{"taxonomy":"product_cat","embeddable":true,"href":"https:\/\/vapingnet.de\/lt\/wp-json\/wp\/v2\/product_cat?post=6459"},{"taxonomy":"product_tag","embeddable":true,"href":"https:\/\/vapingnet.de\/lt\/wp-json\/wp\/v2\/product_tag?post=6459"}],"curies":[{"name":"wp","href":"https:\/\/api.w.org\/{rel}","templated":true}]}}