{"id":6460,"date":"2025-04-21T09:09:16","date_gmt":"2025-04-21T09:09:16","guid":{"rendered":"https:\/\/vapingnet.de\/?post_type=product&#038;p=6460"},"modified":"2025-06-19T03:42:50","modified_gmt":"2025-06-19T03:42:50","slug":"elf-shisha-16000-mit-bang-king-display-bestseller-kiwi-passion-fruit-flavor","status":"publish","type":"product","link":"https:\/\/vapingnet.de\/lt\/vape\/elf-shisha-16000-mit-bang-king-display-bestseller-kiwi-passion-fruit-flavor\/","title":{"rendered":"ELF SHISHA 16000 su Bang King ekranas Bestseleris Kiwi Passion Fruit skonis"},"content":{"rendered":"<h2 data-start=\"0\" data-end=\"68\" data-immersive-translate-walked=\"e9eca150-108d-48d3-9f19-f6a7a99d0077\">Elf Shisha 16000: Vienkartin\u0117 elektronin\u0117 cigaret\u0117 su i\u0161skirtiniu na\u0161umu<\/h2>\n<p class=\"\" data-start=\"70\" data-end=\"349\" data-immersive-translate-walked=\"e9eca150-108d-48d3-9f19-f6a7a99d0077\" data-immersive-translate-paragraph=\"1\">Elf Shisha 16000 yra viena pa\u017eangiausi\u0173 vienkartini\u0173 elektronini\u0173 cigare\u010di\u0173 rinkoje. Su \u012fsp\u016bdinga talpa ir inovatyviomis funkcijomis ji yra viena i\u0161 pageidaujamiausi\u0173 pasirinkim\u0173 r\u016bkytojams, ie\u0161kantiems ilgaam\u017ei\u0161kumo ir skonio patirties.<\/p>\n<h3>Elf Shisha 16000 produkto ypatyb\u0117s<\/h3>\n<p class=\"\" data-start=\"397\" data-end=\"668\" data-immersive-translate-walked=\"e9eca150-108d-48d3-9f19-f6a7a99d0077\" data-immersive-translate-paragraph=\"1\">Elf Shisha 16000 yra specialiai sukurta r\u016bkytojams, vertinantiems na\u0161um\u0105 ir patogum\u0105. Ji sujungia daugyb\u0119 \u0161iuolaikini\u0173 technologij\u0173, kad r\u016bkyti b\u016bt\u0173 dar maloniau. Svarbiausios \u0161ios vienkartin\u0117s elektronin\u0117s cigaret\u0117s savyb\u0117s yra:<\/p>\n<ul data-start=\"670\" data-end=\"1348\">\n<li class=\"\" data-start=\"670\" data-end=\"830\">\n<p class=\"\" data-start=\"672\" data-end=\"830\" data-immersive-translate-walked=\"e9eca150-108d-48d3-9f19-f6a7a99d0077\" data-immersive-translate-paragraph=\"1\">16000 \u012fkv\u0117pim\u0173: su tokiu dideliu \u012fkv\u0117pim\u0173 skai\u010diumi Elf Shisha 16000 u\u017etikrina ilgalaik\u012f r\u016bkim\u0105 be papildymo.<\/p>\n<\/li>\n<li class=\"\" data-start=\"831\" data-end=\"1022\">\n<p class=\"\" data-start=\"833\" data-end=\"1022\" data-immersive-translate-walked=\"e9eca150-108d-48d3-9f19-f6a7a99d0077\" data-immersive-translate-paragraph=\"1\">Tinklelio rit\u0117 su 0,6 Ohm: Tinklelio rit\u0117 u\u017etikrina tolyg\u0173 garavim\u0105 ir stipr\u0173, pastov\u0173 skon\u012f, kuris daro r\u016bkim\u0105 ypa\u010d maloniu patyrimu.<\/p>\n<\/li>\n<li class=\"\" data-start=\"1023\" data-end=\"1184\">\n<p class=\"\" data-start=\"1025\" data-end=\"1184\" data-immersive-translate-walked=\"e9eca150-108d-48d3-9f19-f6a7a99d0077\" data-immersive-translate-paragraph=\"1\">E-liquido kiekis 28 ml: Didelis E-liquido t\u016bris garantuoja, kad gal\u0117site ilgiau m\u0117gautis Elf Shisha 16000, kol reik\u0117s keisti.<\/p>\n<\/li>\n<li class=\"\" data-start=\"1185\" data-end=\"1348\">\n<p class=\"\" data-start=\"1187\" data-end=\"1348\" data-immersive-translate-walked=\"e9eca150-108d-48d3-9f19-f6a7a99d0077\" data-immersive-translate-paragraph=\"1\">Reguliuojamas oro srautas: Pritaikykite oro sraut\u0105 pagal savo norus, kad individualiai sureguliuotum\u0117te r\u016bkom\u0105 patirt\u012f ir rastum\u0117te tobul\u0105 \u012fkv\u0117pim\u0105.<\/p>\n<\/li>\n<\/ul>\n<h4 data-start=\"1350\" data-end=\"1396\" data-immersive-translate-walked=\"e9eca150-108d-48d3-9f19-f6a7a99d0077\">Skonio patirtis: Kivi Pasiflor\u0173<\/h4>\n<p class=\"\" data-start=\"1398\" data-end=\"1691\" data-immersive-translate-walked=\"e9eca150-108d-48d3-9f19-f6a7a99d0077\" data-immersive-translate-paragraph=\"1\">Su kivi pasiflor\u0173 skoniu Elf Shisha 16000 si\u016blo egzoti\u0161k\u0105 ir gaiv\u0173 r\u016bkomo patirt\u012f. Saldaus kivi skonio ir vaisin\u0117s pasiflor\u0173 nat\u0173 derinys sukuria unikal\u0173 skonio potyr\u012f, kur\u012f gal\u0117site m\u0117gautis vis\u0105 dien\u0105.<\/p>\n<h4 data-start=\"1693\" data-end=\"1727\" data-immersive-translate-walked=\"e9eca150-108d-48d3-9f19-f6a7a99d0077\">Technin\u0117s specifikacijos<\/h4>\n<ul data-start=\"1729\" data-end=\"2041\">\n<li class=\"\" data-start=\"1729\" data-end=\"1786\">\n<p class=\"\" data-start=\"1731\" data-end=\"1786\" data-immersive-translate-walked=\"e9eca150-108d-48d3-9f19-f6a7a99d0077\" data-immersive-translate-paragraph=\"1\">Baterija: 600 mAh ilgam veikimui<\/p>\n<\/li>\n<li class=\"\" data-start=\"1787\" data-end=\"1850\">\n<p class=\"\" data-start=\"1789\" data-end=\"1850\" data-immersive-translate-walked=\"e9eca150-108d-48d3-9f19-f6a7a99d0077\" data-immersive-translate-paragraph=\"1\">\u012ekrovimo jungtis: Tipo-C greitam ir paprastam \u012fkrovimui<\/p>\n<\/li>\n<li class=\"\" data-start=\"1851\" data-end=\"1963\">\n<p class=\"\" data-start=\"1853\" data-end=\"1963\" data-immersive-translate-walked=\"e9eca150-108d-48d3-9f19-f6a7a99d0077\" data-immersive-translate-paragraph=\"1\">LED ekranas: rodo dabartin\u012f baterijos lyg\u012f, kad visada \u017einotum\u0117te, kada reikia \u012fkrauti.<\/p>\n<\/li>\n<li class=\"\" data-start=\"1964\" data-end=\"2041\">\n<p class=\"\" data-start=\"1966\" data-end=\"2041\" data-immersive-translate-walked=\"e9eca150-108d-48d3-9f19-f6a7a99d0077\" data-immersive-translate-paragraph=\"1\">Produkto svoris: 85 g, lengvas ir patogus naudoti.<\/p>\n<\/li>\n<\/ul>\n<h4 data-start=\"2043\" data-end=\"2080\" data-immersive-translate-walked=\"e9eca150-108d-48d3-9f19-f6a7a99d0077\">Elf Shisha 16000 privalumai<\/h4>\n<p class=\"\" data-start=\"2082\" data-end=\"2516\" data-immersive-translate-walked=\"e9eca150-108d-48d3-9f19-f6a7a99d0077\" data-immersive-translate-paragraph=\"1\">Be galing\u0173 technini\u0173 savybi\u0173, Elf Shisha 16000 si\u016blo daugyb\u0119 kit\u0173 privalum\u0173. Ji yra vienkartin\u0117 elektronin\u0117 cigaret\u0117, kuri\u0105 galima naudoti be papildomos prie\u017ei\u016bros ar papildymo. D\u0117l greito pristatymo per 7-15 darbo dien\u0173 ir muitinio siuntimo Elf Shisha 16000 yra patogus pasirinkimas r\u016bkytojams, ie\u0161kantiems paprasto ir be r\u016bpes\u010di\u0173 r\u016bkymo patirties.<\/p>\n<h4 data-start=\"2518\" data-end=\"2572\" data-immersive-translate-walked=\"e9eca150-108d-48d3-9f19-f6a7a99d0077\">Kod\u0117l verta rinktis Elf Shisha 16000?<\/h4>\n<p class=\"\" data-start=\"2574\" data-end=\"3012\" data-immersive-translate-walked=\"e9eca150-108d-48d3-9f19-f6a7a99d0077\" data-immersive-translate-paragraph=\"1\">Jei ie\u0161kote auk\u0161tos kokyb\u0117s ir ilgaam\u017e\u0117s vienkartin\u0117s elektronin\u0117s cigaret\u0117s, Elf Shisha 16000 yra tobulas pasirinkimas. Su dideliu E-liquido kiekiu, galinga tinklelio rit\u0117, reguliuojamu oro srautu ir \u012fvairiomis nikotino stiprumo galimyb\u0117mis ji suteikia visk\u0105, ko reikia optimaliai r\u016bkomos patirties. Apsilankykite vapingnet.de, kad su\u017einotum\u0117te daugiau ir u\u017esisakytum\u0117te savo Elf Shisha 16000.<\/p>","protected":false},"excerpt":{"rendered":"<p>Elf Shisha 16000: Vienkartin\u0117 elektronin\u0117 cigaret\u0117 su i\u0161skirtiniu na\u0161umu Elf Shisha 16000 yra viena pa\u017eangiausi\u0173 vienkartini\u0173 elektronini\u0173 cigare\u010di\u0173 rinkoje. Su \u012fsp\u016bdingu talpumu ir inovatyviomis...<\/p>","protected":false},"featured_media":6468,"template":"","meta":[],"etheme_brands":[],"product_brand":[100],"product_cat":[91,49,61],"product_tag":[],"class_list":{"0":"post-6460","1":"product","2":"type-product","3":"status-publish","4":"has-post-thumbnail","6":"product_brand-elf-box-vape","7":"product_cat-16k-vape","8":"product_cat-einweg-e-zigarette","9":"product_cat-f","11":"first","12":"instock","13":"shipping-taxable","14":"purchasable","15":"product-type-simple"},"yoast_head":"<!-- This site is optimized with the Yoast SEO plugin v26.5 - https:\/\/yoast.com\/wordpress\/plugins\/seo\/ -->\n<title>ELF SHISHA 16000 mit Bang King Display Bestseller Kiwi Passion Fruit Flavor | Vapingnet.de<\/title>\n<meta name=\"description\" content=\"Entdecke ELF SHISHA 16000 mit Bang King Display Bestseller Kiwi Passion Fruit Flavor bei vapingnet.de, \u25ba Gro\u00dfe Auswahl an Geschmacksrichtungen &amp; super g\u00fcnstig!\" \/>\n<meta name=\"robots\" content=\"index, follow, max-snippet:-1, max-image-preview:large, max-video-preview:-1\" \/>\n<link rel=\"canonical\" href=\"https:\/\/vapingnet.de\/lt\/vape\/elf-shisha-16000-mit-bang-king-display-bestseller-kiwi-passion-fruit-flavor\/\" \/>\n<meta property=\"og:locale\" content=\"lt_LT\" \/>\n<meta property=\"og:type\" content=\"article\" \/>\n<meta property=\"og:title\" content=\"ELF SHISHA 16000 mit Bang King Display Bestseller Kiwi Passion Fruit Flavor | Vapingnet.de\" \/>\n<meta property=\"og:description\" content=\"Entdecke ELF SHISHA 16000 mit Bang King Display Bestseller Kiwi Passion Fruit Flavor bei vapingnet.de, \u25ba Gro\u00dfe Auswahl an Geschmacksrichtungen &amp; super g\u00fcnstig!\" \/>\n<meta property=\"og:url\" content=\"https:\/\/vapingnet.de\/lt\/vape\/elf-shisha-16000-mit-bang-king-display-bestseller-kiwi-passion-fruit-flavor\/\" \/>\n<meta property=\"og:site_name\" content=\"Vapingnet.de\" \/>\n<meta property=\"article:publisher\" content=\"https:\/\/www.facebook.com\/vapingnetde\/\" \/>\n<meta property=\"article:modified_time\" content=\"2025-06-19T03:42:50+00:00\" \/>\n<meta property=\"og:image\" content=\"https:\/\/vapingnet.de\/wp-content\/uploads\/2025\/04\/Kiwi-Passion-Fruit-3.webp\" \/>\n\t<meta property=\"og:image:width\" content=\"1000\" \/>\n\t<meta property=\"og:image:height\" content=\"1000\" \/>\n\t<meta property=\"og:image:type\" content=\"image\/webp\" \/>\n<meta name=\"twitter:card\" content=\"summary_large_image\" \/>\n<meta name=\"twitter:label1\" content=\"Est. reading time\" \/>\n\t<meta name=\"twitter:data1\" content=\"3 minutes\" \/>\n<script type=\"application\/ld+json\" class=\"yoast-schema-graph\">{\"@context\":\"https:\/\/schema.org\",\"@graph\":[{\"@type\":\"WebPage\",\"@id\":\"https:\/\/vapingnet.de\/vape\/elf-shisha-16000-mit-bang-king-display-bestseller-kiwi-passion-fruit-flavor\/\",\"url\":\"https:\/\/vapingnet.de\/vape\/elf-shisha-16000-mit-bang-king-display-bestseller-kiwi-passion-fruit-flavor\/\",\"name\":\"ELF SHISHA 16000 mit Bang King Display Bestseller Kiwi Passion Fruit Flavor | Vapingnet.de\",\"isPartOf\":{\"@id\":\"https:\/\/vapingnet.de\/#website\"},\"primaryImageOfPage\":{\"@id\":\"https:\/\/vapingnet.de\/vape\/elf-shisha-16000-mit-bang-king-display-bestseller-kiwi-passion-fruit-flavor\/#primaryimage\"},\"image\":{\"@id\":\"https:\/\/vapingnet.de\/vape\/elf-shisha-16000-mit-bang-king-display-bestseller-kiwi-passion-fruit-flavor\/#primaryimage\"},\"thumbnailUrl\":\"https:\/\/vapingnet.de\/wp-content\/uploads\/2025\/04\/Kiwi-Passion-Fruit-3.webp\",\"datePublished\":\"2025-04-21T09:09:16+00:00\",\"dateModified\":\"2025-06-19T03:42:50+00:00\",\"description\":\"Entdecke ELF SHISHA 16000 mit Bang King Display Bestseller Kiwi Passion Fruit Flavor bei vapingnet.de, \u25ba Gro\u00dfe Auswahl an Geschmacksrichtungen & super g\u00fcnstig!\",\"breadcrumb\":{\"@id\":\"https:\/\/vapingnet.de\/vape\/elf-shisha-16000-mit-bang-king-display-bestseller-kiwi-passion-fruit-flavor\/#breadcrumb\"},\"inLanguage\":\"lt-LT\",\"potentialAction\":[{\"@type\":\"ReadAction\",\"target\":[\"https:\/\/vapingnet.de\/vape\/elf-shisha-16000-mit-bang-king-display-bestseller-kiwi-passion-fruit-flavor\/\"]}]},{\"@type\":\"ImageObject\",\"inLanguage\":\"lt-LT\",\"@id\":\"https:\/\/vapingnet.de\/vape\/elf-shisha-16000-mit-bang-king-display-bestseller-kiwi-passion-fruit-flavor\/#primaryimage\",\"url\":\"https:\/\/vapingnet.de\/wp-content\/uploads\/2025\/04\/Kiwi-Passion-Fruit-3.webp\",\"contentUrl\":\"https:\/\/vapingnet.de\/wp-content\/uploads\/2025\/04\/Kiwi-Passion-Fruit-3.webp\",\"width\":1000,\"height\":1000},{\"@type\":\"BreadcrumbList\",\"@id\":\"https:\/\/vapingnet.de\/vape\/elf-shisha-16000-mit-bang-king-display-bestseller-kiwi-passion-fruit-flavor\/#breadcrumb\",\"itemListElement\":[{\"@type\":\"ListItem\",\"position\":1,\"name\":\"Home\",\"item\":\"https:\/\/vapingnet.de\/\"},{\"@type\":\"ListItem\",\"position\":2,\"name\":\"Shop\",\"item\":\"https:\/\/vapingnet.de\/vape\/\"},{\"@type\":\"ListItem\",\"position\":3,\"name\":\"ELF SHISHA 16000 mit Bang King Display Bestseller Kiwi Passion Fruit Flavor\"}]},{\"@type\":\"WebSite\",\"@id\":\"https:\/\/vapingnet.de\/#website\",\"url\":\"https:\/\/vapingnet.de\/\",\"name\":\"Vapingnet.de\",\"description\":\"\",\"publisher\":{\"@id\":\"https:\/\/vapingnet.de\/#organization\"},\"potentialAction\":[{\"@type\":\"SearchAction\",\"target\":{\"@type\":\"EntryPoint\",\"urlTemplate\":\"https:\/\/vapingnet.de\/?s={search_term_string}\"},\"query-input\":{\"@type\":\"PropertyValueSpecification\",\"valueRequired\":true,\"valueName\":\"search_term_string\"}}],\"inLanguage\":\"lt-LT\"},{\"@type\":\"Organization\",\"@id\":\"https:\/\/vapingnet.de\/#organization\",\"name\":\"Vapingnet.de\",\"url\":\"https:\/\/vapingnet.de\/\",\"logo\":{\"@type\":\"ImageObject\",\"inLanguage\":\"lt-LT\",\"@id\":\"https:\/\/vapingnet.de\/#\/schema\/logo\/image\/\",\"url\":\"https:\/\/vapingnet.de\/wp-content\/uploads\/2025\/03\/cropped-vapingnet.de_.jpg\",\"contentUrl\":\"https:\/\/vapingnet.de\/wp-content\/uploads\/2025\/03\/cropped-vapingnet.de_.jpg\",\"width\":512,\"height\":512,\"caption\":\"Vapingnet.de\"},\"image\":{\"@id\":\"https:\/\/vapingnet.de\/#\/schema\/logo\/image\/\"},\"sameAs\":[\"https:\/\/www.facebook.com\/vapingnetde\/\"]}]}<\/script>\n<!-- \/ Yoast SEO plugin. -->","yoast_head_json":{"title":"ELF SHISHA 16000 mit Bang King Display Bestseller Kiwi Passion Fruit Flavor | Vapingnet.de","description":"Entdecke ELF SHISHA 16000 mit Bang King Display Bestseller Kiwi Passion Fruit Flavor bei vapingnet.de, \u25ba Gro\u00dfe Auswahl an Geschmacksrichtungen & super g\u00fcnstig!","robots":{"index":"index","follow":"follow","max-snippet":"max-snippet:-1","max-image-preview":"max-image-preview:large","max-video-preview":"max-video-preview:-1"},"canonical":"https:\/\/vapingnet.de\/lt\/vape\/elf-shisha-16000-mit-bang-king-display-bestseller-kiwi-passion-fruit-flavor\/","og_locale":"lt_LT","og_type":"article","og_title":"ELF SHISHA 16000 mit Bang King Display Bestseller Kiwi Passion Fruit Flavor | Vapingnet.de","og_description":"Entdecke ELF SHISHA 16000 mit Bang King Display Bestseller Kiwi Passion Fruit Flavor bei vapingnet.de, \u25ba Gro\u00dfe Auswahl an Geschmacksrichtungen & super g\u00fcnstig!","og_url":"https:\/\/vapingnet.de\/lt\/vape\/elf-shisha-16000-mit-bang-king-display-bestseller-kiwi-passion-fruit-flavor\/","og_site_name":"Vapingnet.de","article_publisher":"https:\/\/www.facebook.com\/vapingnetde\/","article_modified_time":"2025-06-19T03:42:50+00:00","og_image":[{"width":1000,"height":1000,"url":"https:\/\/vapingnet.de\/wp-content\/uploads\/2025\/04\/Kiwi-Passion-Fruit-3.webp","type":"image\/webp"}],"twitter_card":"summary_large_image","twitter_misc":{"Est. reading time":"3 minutes"},"schema":{"@context":"https:\/\/schema.org","@graph":[{"@type":"WebPage","@id":"https:\/\/vapingnet.de\/vape\/elf-shisha-16000-mit-bang-king-display-bestseller-kiwi-passion-fruit-flavor\/","url":"https:\/\/vapingnet.de\/vape\/elf-shisha-16000-mit-bang-king-display-bestseller-kiwi-passion-fruit-flavor\/","name":"ELF SHISHA 16000 mit Bang King Display Bestseller Kiwi Passion Fruit Flavor | Vapingnet.de","isPartOf":{"@id":"https:\/\/vapingnet.de\/#website"},"primaryImageOfPage":{"@id":"https:\/\/vapingnet.de\/vape\/elf-shisha-16000-mit-bang-king-display-bestseller-kiwi-passion-fruit-flavor\/#primaryimage"},"image":{"@id":"https:\/\/vapingnet.de\/vape\/elf-shisha-16000-mit-bang-king-display-bestseller-kiwi-passion-fruit-flavor\/#primaryimage"},"thumbnailUrl":"https:\/\/vapingnet.de\/wp-content\/uploads\/2025\/04\/Kiwi-Passion-Fruit-3.webp","datePublished":"2025-04-21T09:09:16+00:00","dateModified":"2025-06-19T03:42:50+00:00","description":"Entdecke ELF SHISHA 16000 mit Bang King Display Bestseller Kiwi Passion Fruit Flavor bei vapingnet.de, \u25ba Gro\u00dfe Auswahl an Geschmacksrichtungen & super g\u00fcnstig!","breadcrumb":{"@id":"https:\/\/vapingnet.de\/vape\/elf-shisha-16000-mit-bang-king-display-bestseller-kiwi-passion-fruit-flavor\/#breadcrumb"},"inLanguage":"lt-LT","potentialAction":[{"@type":"ReadAction","target":["https:\/\/vapingnet.de\/vape\/elf-shisha-16000-mit-bang-king-display-bestseller-kiwi-passion-fruit-flavor\/"]}]},{"@type":"ImageObject","inLanguage":"lt-LT","@id":"https:\/\/vapingnet.de\/vape\/elf-shisha-16000-mit-bang-king-display-bestseller-kiwi-passion-fruit-flavor\/#primaryimage","url":"https:\/\/vapingnet.de\/wp-content\/uploads\/2025\/04\/Kiwi-Passion-Fruit-3.webp","contentUrl":"https:\/\/vapingnet.de\/wp-content\/uploads\/2025\/04\/Kiwi-Passion-Fruit-3.webp","width":1000,"height":1000},{"@type":"BreadcrumbList","@id":"https:\/\/vapingnet.de\/vape\/elf-shisha-16000-mit-bang-king-display-bestseller-kiwi-passion-fruit-flavor\/#breadcrumb","itemListElement":[{"@type":"ListItem","position":1,"name":"Home","item":"https:\/\/vapingnet.de\/"},{"@type":"ListItem","position":2,"name":"Shop","item":"https:\/\/vapingnet.de\/vape\/"},{"@type":"ListItem","position":3,"name":"ELF SHISHA 16000 mit Bang King Display Bestseller Kiwi Passion Fruit Flavor"}]},{"@type":"WebSite","@id":"https:\/\/vapingnet.de\/#website","url":"https:\/\/vapingnet.de\/","name":"Vapingnet.de","description":"","publisher":{"@id":"https:\/\/vapingnet.de\/#organization"},"potentialAction":[{"@type":"SearchAction","target":{"@type":"EntryPoint","urlTemplate":"https:\/\/vapingnet.de\/?s={search_term_string}"},"query-input":{"@type":"PropertyValueSpecification","valueRequired":true,"valueName":"search_term_string"}}],"inLanguage":"lt-LT"},{"@type":"Organization","@id":"https:\/\/vapingnet.de\/#organization","name":"Vapingnet.de","url":"https:\/\/vapingnet.de\/","logo":{"@type":"ImageObject","inLanguage":"lt-LT","@id":"https:\/\/vapingnet.de\/#\/schema\/logo\/image\/","url":"https:\/\/vapingnet.de\/wp-content\/uploads\/2025\/03\/cropped-vapingnet.de_.jpg","contentUrl":"https:\/\/vapingnet.de\/wp-content\/uploads\/2025\/03\/cropped-vapingnet.de_.jpg","width":512,"height":512,"caption":"Vapingnet.de"},"image":{"@id":"https:\/\/vapingnet.de\/#\/schema\/logo\/image\/"},"sameAs":["https:\/\/www.facebook.com\/vapingnetde\/"]}]}},"tiered_pricing_type":"fixed","tiered_pricing_fixed_rules":{"10":"9.41","60":"8.47","110":"7.53","200":"6.59"},"tiered_pricing_product_settings":{"layout":"default","base_unit_name":{"singular":null,"plural":null},"default_variation":null},"tiered_pricing_minimum_quantity":null,"tiered_pricing_roles_data":[],"tiered_pricing_percentage_rules":[],"_links":{"self":[{"href":"https:\/\/vapingnet.de\/lt\/wp-json\/wp\/v2\/product\/6460","targetHints":{"allow":["GET"]}}],"collection":[{"href":"https:\/\/vapingnet.de\/lt\/wp-json\/wp\/v2\/product"}],"about":[{"href":"https:\/\/vapingnet.de\/lt\/wp-json\/wp\/v2\/types\/product"}],"version-history":[{"count":1,"href":"https:\/\/vapingnet.de\/lt\/wp-json\/wp\/v2\/product\/6460\/revisions"}],"predecessor-version":[{"id":6480,"href":"https:\/\/vapingnet.de\/lt\/wp-json\/wp\/v2\/product\/6460\/revisions\/6480"}],"wp:featuredmedia":[{"embeddable":true,"href":"https:\/\/vapingnet.de\/lt\/wp-json\/wp\/v2\/media\/6468"}],"wp:attachment":[{"href":"https:\/\/vapingnet.de\/lt\/wp-json\/wp\/v2\/media?parent=6460"}],"wp:term":[{"taxonomy":"brand","embeddable":true,"href":"https:\/\/vapingnet.de\/lt\/wp-json\/wp\/v2\/etheme_brands?post=6460"},{"taxonomy":"product_brand","embeddable":true,"href":"https:\/\/vapingnet.de\/lt\/wp-json\/wp\/v2\/product_brand?post=6460"},{"taxonomy":"product_cat","embeddable":true,"href":"https:\/\/vapingnet.de\/lt\/wp-json\/wp\/v2\/product_cat?post=6460"},{"taxonomy":"product_tag","embeddable":true,"href":"https:\/\/vapingnet.de\/lt\/wp-json\/wp\/v2\/product_tag?post=6460"}],"curies":[{"name":"wp","href":"https:\/\/api.w.org\/{rel}","templated":true}]}}