{"id":6462,"date":"2025-04-21T09:09:20","date_gmt":"2025-04-21T09:09:20","guid":{"rendered":"https:\/\/vapingnet.de\/?post_type=product&#038;p=6462"},"modified":"2025-06-19T03:42:49","modified_gmt":"2025-06-19T03:42:49","slug":"elf-shisha-16000-double-apple-hochwertig-guenstig-sofort-lieferbar","status":"publish","type":"product","link":"https:\/\/vapingnet.de\/lt\/vape\/elf-shisha-16000-double-apple-hochwertig-guenstig-sofort-lieferbar\/","title":{"rendered":"ELF SHISHA 16000 Double Apple Auk\u0161tos kokyb\u0117s, pigus, i\u0161kart pristatomas"},"content":{"rendered":"<h2 data-start=\"105\" data-end=\"190\" data-immersive-translate-walked=\"6cc8dd26-2550-42bb-85c6-c633db04013b\">Revoliucija ki\u0161eninio dyd\u017eio: nauja ELF SHISHA 16000 su Double Apple skoniu<\/h2>\n<p class=\"\" data-start=\"192\" data-end=\"402\" data-immersive-translate-walked=\"6cc8dd26-2550-42bb-85c6-c633db04013b\">Vokietija \u2013 Laikotarpiu, kai mobilumas ir patogumas yra gyvenimo centras, ELF SHISHA 16000 nustebina \u012fsp\u016bdinga deriniu i\u0161 na\u0161umo, skonio ir technin\u0117s i\u0161maniosios technologijos.<\/p>\n<h4 data-start=\"404\" data-end=\"452\" data-immersive-translate-walked=\"6cc8dd26-2550-42bb-85c6-c633db04013b\">16000 \u012fkv\u0117pim\u0173 \u2013 maksimalus laisv\u0117s poj\u016btis keliaujant<\/h4>\n<p class=\"\" data-start=\"454\" data-end=\"743\" data-immersive-translate-walked=\"6cc8dd26-2550-42bb-85c6-c633db04013b\" data-immersive-translate-paragraph=\"1\">ELF SHISHA 16000 su savo dideliu 16000 \u012fkv\u0117pim\u0173 talpa nustato naujus standartus vienkartin\u0117se elektronin\u0117se cigaret\u0117se. Naudotojai gali m\u0117gautis ilgalaikiu patirtimi be nuolatinio papildymo ar \u012fkrovimo \u2013 puikiai tinka kelion\u0117ms, festivaliams ar paprastam kasdieniam naudojimui.<\/p>\n<h4 data-start=\"745\" data-end=\"798\" data-immersive-translate-walked=\"6cc8dd26-2550-42bb-85c6-c633db04013b\">Double Apple: kultinis skonis naujai interpretuotas<\/h4>\n<p class=\"\" data-start=\"800\" data-end=\"1138\" data-immersive-translate-walked=\"6cc8dd26-2550-42bb-85c6-c633db04013b\" data-immersive-translate-paragraph=\"1\">Su populiariu aromatu Double Apple ELF SHISHA pristato klasik\u0105 \u0161iuolaikiniame \u012fvaizdyje. Saldaus ir r\u016bg\u0161taus obuolio mi\u0161inys i\u0161siskleid\u017eia d\u0117ka tinklelio rit\u0117s (0.6 Ohm), ypa\u010d aromatingai ir \u0161velniai gerkl\u0117je. Intensyvus gar\u0173 generavimas susilieja su subtiliu skonio balansu \u2013 malonumo akimirka shisha m\u0117g\u0117jams ir garintojams vienodai.<\/p>\n<h3 data-start=\"1140\" data-end=\"1170\" data-immersive-translate-walked=\"6cc8dd26-2550-42bb-85c6-c633db04013b\">Technologijos susitinka su patogumu<\/h3>\n<p class=\"\" data-start=\"1172\" data-end=\"1271\" data-immersive-translate-walked=\"6cc8dd26-2550-42bb-85c6-c633db04013b\" data-immersive-translate-paragraph=\"1\">Vienkartin\u0117 elektronin\u0117 cigaret\u0117 ne tik \u017eavi skoniu, bet ir modernia technologija:<\/p>\n<ul data-start=\"1273\" data-end=\"1538\" data-immersive-translate-walked=\"6cc8dd26-2550-42bb-85c6-c633db04013b\">\n<li class=\"\" data-start=\"1273\" data-end=\"1333\" data-immersive-translate-walked=\"6cc8dd26-2550-42bb-85c6-c633db04013b\">\n<p class=\"\" data-start=\"1275\" data-end=\"1333\" data-immersive-translate-walked=\"6cc8dd26-2550-42bb-85c6-c633db04013b\" data-immersive-translate-paragraph=\"1\">LED ekranas rodo akumuliatoriaus b\u016bsen\u0105 ir skys\u010dio lyg\u012f<\/p>\n<\/li>\n<li class=\"\" data-start=\"1334\" data-end=\"1392\" data-immersive-translate-walked=\"6cc8dd26-2550-42bb-85c6-c633db04013b\">\n<p class=\"\" data-start=\"1336\" data-end=\"1392\" data-immersive-translate-walked=\"6cc8dd26-2550-42bb-85c6-c633db04013b\" data-immersive-translate-paragraph=\"1\">Reguliuojamas oro srautas individualiai \u012fkv\u0117pimo stiprumui<\/p>\n<\/li>\n<li class=\"\" data-start=\"1393\" data-end=\"1471\" data-immersive-translate-walked=\"6cc8dd26-2550-42bb-85c6-c633db04013b\">\n<p class=\"\" data-start=\"1395\" data-end=\"1471\" data-immersive-translate-walked=\"6cc8dd26-2550-42bb-85c6-c633db04013b\" data-immersive-translate-paragraph=\"1\">\u012ekraunama per Type-C \u2013 tvaresn\u0117 nei \u012fprastos vienkartin\u0117s<\/p>\n<\/li>\n<li class=\"\" data-start=\"1472\" data-end=\"1538\" data-immersive-translate-walked=\"6cc8dd26-2550-42bb-85c6-c633db04013b\">\n<p class=\"\" data-start=\"1474\" data-end=\"1538\" data-immersive-translate-walked=\"6cc8dd26-2550-42bb-85c6-c633db04013b\" data-immersive-translate-paragraph=\"1\">Lengva \u2013 tik 85 g svorio \u2013 kompakti\u0161ka, stilinga ir patogi<\/p>\n<\/li>\n<\/ul>\n<h4 data-start=\"1540\" data-end=\"1588\" data-immersive-translate-walked=\"6cc8dd26-2550-42bb-85c6-c633db04013b\">Lanksti nikotino pasirinkimo galimyb\u0117 ir muitin\u0117s nemokamas pristatymas<\/h4>\n<p class=\"\" data-start=\"1590\" data-end=\"1927\" data-immersive-translate-walked=\"6cc8dd26-2550-42bb-85c6-c633db04013b\" data-immersive-translate-paragraph=\"1\">Prieinama su 0, %, 2, %, 3, % arba 5, % nikotino, ELF SHISHA 16000 prisitaiko prie \u012fvairi\u0173 poreiki\u0173 \u2013 ar siekiama suma\u017einti nikotino vartojim\u0105, ar kaip stipri alternatyva cigaretei. U\u017esakymas muitin\u0117s nemokamai per vapingnet.de, pristatymas per 7\u201315 darbo dien\u0173 Europoje.<\/p>\n<h4 data-start=\"1929\" data-end=\"1976\" data-immersive-translate-walked=\"6cc8dd26-2550-42bb-85c6-c633db04013b\">Moderni i\u0161rai\u0161ka garintoj\u0173 rinkai<\/h4>\n<p class=\"\" data-start=\"1978\" data-end=\"2254\" data-immersive-translate-walked=\"6cc8dd26-2550-42bb-85c6-c633db04013b\" data-immersive-translate-paragraph=\"1\">ELF SHISHA 16000 simbolizuoja nauj\u0105 vienkartini\u0173 vape'\u0173 kart\u0105: galinga, stilinga ir paprasta naudoti. Kas nor\u0117t\u0173 patirti gar\u0173 malonum\u0105 savo kompakti\u0161kiausioje ir eleganti\u0161kiausioje formoje, ras patikim\u0105 kasdien\u012f palydov\u0105 su \u0161iuo vape'u.<\/p>","protected":false},"excerpt":{"rendered":"<p>Revoliucija ki\u0161en\u0117s formate: nauja ELF SHISHA 16000 su obuoli\u0173 skoniu Berlyne \u2013 laikotarpiu, kai mobilumas ir patogumas yra svarbiausi...<\/p>","protected":false},"featured_media":6466,"template":"","meta":[],"etheme_brands":[],"product_brand":[100],"product_cat":[91,49,61],"product_tag":[],"class_list":{"0":"post-6462","1":"product","2":"type-product","3":"status-publish","4":"has-post-thumbnail","6":"product_brand-elf-box-vape","7":"product_cat-16k-vape","8":"product_cat-einweg-e-zigarette","9":"product_cat-f","11":"first","12":"instock","13":"shipping-taxable","14":"purchasable","15":"product-type-simple"},"yoast_head":"<!-- This site is optimized with the Yoast SEO plugin v26.5 - https:\/\/yoast.com\/wordpress\/plugins\/seo\/ -->\n<title>ELF SHISHA 16000 Double Apple Hochwertig G\u00fcnstig Sofort Lieferbar | Vapingnet.de<\/title>\n<meta name=\"description\" content=\"Entdecke ELF SHISHA 16000 Double Apple Hochwertig G\u00fcnstig Sofort Lieferbar bei vapingnet.de, \u25ba Gro\u00dfe Auswahl an Geschmacksrichtungen &amp; super g\u00fcnstig!\" \/>\n<meta name=\"robots\" content=\"index, follow, max-snippet:-1, max-image-preview:large, max-video-preview:-1\" \/>\n<link rel=\"canonical\" href=\"https:\/\/vapingnet.de\/lt\/vape\/elf-shisha-16000-double-apple-hochwertig-guenstig-sofort-lieferbar\/\" \/>\n<meta property=\"og:locale\" content=\"lt_LT\" \/>\n<meta property=\"og:type\" content=\"article\" \/>\n<meta property=\"og:title\" content=\"ELF SHISHA 16000 Double Apple Hochwertig G\u00fcnstig Sofort Lieferbar | Vapingnet.de\" \/>\n<meta property=\"og:description\" content=\"Entdecke ELF SHISHA 16000 Double Apple Hochwertig G\u00fcnstig Sofort Lieferbar bei vapingnet.de, \u25ba Gro\u00dfe Auswahl an Geschmacksrichtungen &amp; super g\u00fcnstig!\" \/>\n<meta property=\"og:url\" content=\"https:\/\/vapingnet.de\/lt\/vape\/elf-shisha-16000-double-apple-hochwertig-guenstig-sofort-lieferbar\/\" \/>\n<meta property=\"og:site_name\" content=\"Vapingnet.de\" \/>\n<meta property=\"article:publisher\" content=\"https:\/\/www.facebook.com\/vapingnetde\/\" \/>\n<meta property=\"article:modified_time\" content=\"2025-06-19T03:42:49+00:00\" \/>\n<meta property=\"og:image\" content=\"https:\/\/vapingnet.de\/wp-content\/uploads\/2025\/04\/Double-Apple-1.webp\" \/>\n\t<meta property=\"og:image:width\" content=\"1000\" \/>\n\t<meta property=\"og:image:height\" content=\"1000\" \/>\n\t<meta property=\"og:image:type\" content=\"image\/webp\" \/>\n<meta name=\"twitter:card\" content=\"summary_large_image\" \/>\n<meta name=\"twitter:label1\" content=\"Est. reading time\" \/>\n\t<meta name=\"twitter:data1\" content=\"2 minutes\" \/>\n<script type=\"application\/ld+json\" class=\"yoast-schema-graph\">{\"@context\":\"https:\/\/schema.org\",\"@graph\":[{\"@type\":\"WebPage\",\"@id\":\"https:\/\/vapingnet.de\/vape\/elf-shisha-16000-double-apple-hochwertig-guenstig-sofort-lieferbar\/\",\"url\":\"https:\/\/vapingnet.de\/vape\/elf-shisha-16000-double-apple-hochwertig-guenstig-sofort-lieferbar\/\",\"name\":\"ELF SHISHA 16000 Double Apple Hochwertig G\u00fcnstig Sofort Lieferbar | Vapingnet.de\",\"isPartOf\":{\"@id\":\"https:\/\/vapingnet.de\/#website\"},\"primaryImageOfPage\":{\"@id\":\"https:\/\/vapingnet.de\/vape\/elf-shisha-16000-double-apple-hochwertig-guenstig-sofort-lieferbar\/#primaryimage\"},\"image\":{\"@id\":\"https:\/\/vapingnet.de\/vape\/elf-shisha-16000-double-apple-hochwertig-guenstig-sofort-lieferbar\/#primaryimage\"},\"thumbnailUrl\":\"https:\/\/vapingnet.de\/wp-content\/uploads\/2025\/04\/Double-Apple-1.webp\",\"datePublished\":\"2025-04-21T09:09:20+00:00\",\"dateModified\":\"2025-06-19T03:42:49+00:00\",\"description\":\"Entdecke ELF SHISHA 16000 Double Apple Hochwertig G\u00fcnstig Sofort Lieferbar bei vapingnet.de, \u25ba Gro\u00dfe Auswahl an Geschmacksrichtungen & super g\u00fcnstig!\",\"breadcrumb\":{\"@id\":\"https:\/\/vapingnet.de\/vape\/elf-shisha-16000-double-apple-hochwertig-guenstig-sofort-lieferbar\/#breadcrumb\"},\"inLanguage\":\"lt-LT\",\"potentialAction\":[{\"@type\":\"ReadAction\",\"target\":[\"https:\/\/vapingnet.de\/vape\/elf-shisha-16000-double-apple-hochwertig-guenstig-sofort-lieferbar\/\"]}]},{\"@type\":\"ImageObject\",\"inLanguage\":\"lt-LT\",\"@id\":\"https:\/\/vapingnet.de\/vape\/elf-shisha-16000-double-apple-hochwertig-guenstig-sofort-lieferbar\/#primaryimage\",\"url\":\"https:\/\/vapingnet.de\/wp-content\/uploads\/2025\/04\/Double-Apple-1.webp\",\"contentUrl\":\"https:\/\/vapingnet.de\/wp-content\/uploads\/2025\/04\/Double-Apple-1.webp\",\"width\":1000,\"height\":1000},{\"@type\":\"BreadcrumbList\",\"@id\":\"https:\/\/vapingnet.de\/vape\/elf-shisha-16000-double-apple-hochwertig-guenstig-sofort-lieferbar\/#breadcrumb\",\"itemListElement\":[{\"@type\":\"ListItem\",\"position\":1,\"name\":\"Home\",\"item\":\"https:\/\/vapingnet.de\/\"},{\"@type\":\"ListItem\",\"position\":2,\"name\":\"Shop\",\"item\":\"https:\/\/vapingnet.de\/vape\/\"},{\"@type\":\"ListItem\",\"position\":3,\"name\":\"ELF SHISHA 16000 Double Apple Hochwertig G\u00fcnstig Sofort Lieferbar\"}]},{\"@type\":\"WebSite\",\"@id\":\"https:\/\/vapingnet.de\/#website\",\"url\":\"https:\/\/vapingnet.de\/\",\"name\":\"Vapingnet.de\",\"description\":\"\",\"publisher\":{\"@id\":\"https:\/\/vapingnet.de\/#organization\"},\"potentialAction\":[{\"@type\":\"SearchAction\",\"target\":{\"@type\":\"EntryPoint\",\"urlTemplate\":\"https:\/\/vapingnet.de\/?s={search_term_string}\"},\"query-input\":{\"@type\":\"PropertyValueSpecification\",\"valueRequired\":true,\"valueName\":\"search_term_string\"}}],\"inLanguage\":\"lt-LT\"},{\"@type\":\"Organization\",\"@id\":\"https:\/\/vapingnet.de\/#organization\",\"name\":\"Vapingnet.de\",\"url\":\"https:\/\/vapingnet.de\/\",\"logo\":{\"@type\":\"ImageObject\",\"inLanguage\":\"lt-LT\",\"@id\":\"https:\/\/vapingnet.de\/#\/schema\/logo\/image\/\",\"url\":\"https:\/\/vapingnet.de\/wp-content\/uploads\/2025\/03\/cropped-vapingnet.de_.jpg\",\"contentUrl\":\"https:\/\/vapingnet.de\/wp-content\/uploads\/2025\/03\/cropped-vapingnet.de_.jpg\",\"width\":512,\"height\":512,\"caption\":\"Vapingnet.de\"},\"image\":{\"@id\":\"https:\/\/vapingnet.de\/#\/schema\/logo\/image\/\"},\"sameAs\":[\"https:\/\/www.facebook.com\/vapingnetde\/\"]}]}<\/script>\n<!-- \/ Yoast SEO plugin. -->","yoast_head_json":{"title":"ELF SHISHA 16000 Double Apple Hochwertig G\u00fcnstig Sofort Lieferbar | Vapingnet.de","description":"Entdecke ELF SHISHA 16000 Double Apple Hochwertig G\u00fcnstig Sofort Lieferbar bei vapingnet.de, \u25ba Gro\u00dfe Auswahl an Geschmacksrichtungen & super g\u00fcnstig!","robots":{"index":"index","follow":"follow","max-snippet":"max-snippet:-1","max-image-preview":"max-image-preview:large","max-video-preview":"max-video-preview:-1"},"canonical":"https:\/\/vapingnet.de\/lt\/vape\/elf-shisha-16000-double-apple-hochwertig-guenstig-sofort-lieferbar\/","og_locale":"lt_LT","og_type":"article","og_title":"ELF SHISHA 16000 Double Apple Hochwertig G\u00fcnstig Sofort Lieferbar | Vapingnet.de","og_description":"Entdecke ELF SHISHA 16000 Double Apple Hochwertig G\u00fcnstig Sofort Lieferbar bei vapingnet.de, \u25ba Gro\u00dfe Auswahl an Geschmacksrichtungen & super g\u00fcnstig!","og_url":"https:\/\/vapingnet.de\/lt\/vape\/elf-shisha-16000-double-apple-hochwertig-guenstig-sofort-lieferbar\/","og_site_name":"Vapingnet.de","article_publisher":"https:\/\/www.facebook.com\/vapingnetde\/","article_modified_time":"2025-06-19T03:42:49+00:00","og_image":[{"width":1000,"height":1000,"url":"https:\/\/vapingnet.de\/wp-content\/uploads\/2025\/04\/Double-Apple-1.webp","type":"image\/webp"}],"twitter_card":"summary_large_image","twitter_misc":{"Est. reading time":"2 minutes"},"schema":{"@context":"https:\/\/schema.org","@graph":[{"@type":"WebPage","@id":"https:\/\/vapingnet.de\/vape\/elf-shisha-16000-double-apple-hochwertig-guenstig-sofort-lieferbar\/","url":"https:\/\/vapingnet.de\/vape\/elf-shisha-16000-double-apple-hochwertig-guenstig-sofort-lieferbar\/","name":"ELF SHISHA 16000 Double Apple Hochwertig G\u00fcnstig Sofort Lieferbar | Vapingnet.de","isPartOf":{"@id":"https:\/\/vapingnet.de\/#website"},"primaryImageOfPage":{"@id":"https:\/\/vapingnet.de\/vape\/elf-shisha-16000-double-apple-hochwertig-guenstig-sofort-lieferbar\/#primaryimage"},"image":{"@id":"https:\/\/vapingnet.de\/vape\/elf-shisha-16000-double-apple-hochwertig-guenstig-sofort-lieferbar\/#primaryimage"},"thumbnailUrl":"https:\/\/vapingnet.de\/wp-content\/uploads\/2025\/04\/Double-Apple-1.webp","datePublished":"2025-04-21T09:09:20+00:00","dateModified":"2025-06-19T03:42:49+00:00","description":"Entdecke ELF SHISHA 16000 Double Apple Hochwertig G\u00fcnstig Sofort Lieferbar bei vapingnet.de, \u25ba Gro\u00dfe Auswahl an Geschmacksrichtungen & super g\u00fcnstig!","breadcrumb":{"@id":"https:\/\/vapingnet.de\/vape\/elf-shisha-16000-double-apple-hochwertig-guenstig-sofort-lieferbar\/#breadcrumb"},"inLanguage":"lt-LT","potentialAction":[{"@type":"ReadAction","target":["https:\/\/vapingnet.de\/vape\/elf-shisha-16000-double-apple-hochwertig-guenstig-sofort-lieferbar\/"]}]},{"@type":"ImageObject","inLanguage":"lt-LT","@id":"https:\/\/vapingnet.de\/vape\/elf-shisha-16000-double-apple-hochwertig-guenstig-sofort-lieferbar\/#primaryimage","url":"https:\/\/vapingnet.de\/wp-content\/uploads\/2025\/04\/Double-Apple-1.webp","contentUrl":"https:\/\/vapingnet.de\/wp-content\/uploads\/2025\/04\/Double-Apple-1.webp","width":1000,"height":1000},{"@type":"BreadcrumbList","@id":"https:\/\/vapingnet.de\/vape\/elf-shisha-16000-double-apple-hochwertig-guenstig-sofort-lieferbar\/#breadcrumb","itemListElement":[{"@type":"ListItem","position":1,"name":"Home","item":"https:\/\/vapingnet.de\/"},{"@type":"ListItem","position":2,"name":"Shop","item":"https:\/\/vapingnet.de\/vape\/"},{"@type":"ListItem","position":3,"name":"ELF SHISHA 16000 Double Apple Hochwertig G\u00fcnstig Sofort Lieferbar"}]},{"@type":"WebSite","@id":"https:\/\/vapingnet.de\/#website","url":"https:\/\/vapingnet.de\/","name":"Vapingnet.de","description":"","publisher":{"@id":"https:\/\/vapingnet.de\/#organization"},"potentialAction":[{"@type":"SearchAction","target":{"@type":"EntryPoint","urlTemplate":"https:\/\/vapingnet.de\/?s={search_term_string}"},"query-input":{"@type":"PropertyValueSpecification","valueRequired":true,"valueName":"search_term_string"}}],"inLanguage":"lt-LT"},{"@type":"Organization","@id":"https:\/\/vapingnet.de\/#organization","name":"Vapingnet.de","url":"https:\/\/vapingnet.de\/","logo":{"@type":"ImageObject","inLanguage":"lt-LT","@id":"https:\/\/vapingnet.de\/#\/schema\/logo\/image\/","url":"https:\/\/vapingnet.de\/wp-content\/uploads\/2025\/03\/cropped-vapingnet.de_.jpg","contentUrl":"https:\/\/vapingnet.de\/wp-content\/uploads\/2025\/03\/cropped-vapingnet.de_.jpg","width":512,"height":512,"caption":"Vapingnet.de"},"image":{"@id":"https:\/\/vapingnet.de\/#\/schema\/logo\/image\/"},"sameAs":["https:\/\/www.facebook.com\/vapingnetde\/"]}]}},"tiered_pricing_type":"fixed","tiered_pricing_fixed_rules":{"10":"9.41","60":"8.47","110":"7.53","200":"6.59"},"tiered_pricing_product_settings":{"layout":"default","base_unit_name":{"singular":null,"plural":null},"default_variation":null},"tiered_pricing_minimum_quantity":null,"tiered_pricing_roles_data":[],"tiered_pricing_percentage_rules":[],"_links":{"self":[{"href":"https:\/\/vapingnet.de\/lt\/wp-json\/wp\/v2\/product\/6462","targetHints":{"allow":["GET"]}}],"collection":[{"href":"https:\/\/vapingnet.de\/lt\/wp-json\/wp\/v2\/product"}],"about":[{"href":"https:\/\/vapingnet.de\/lt\/wp-json\/wp\/v2\/types\/product"}],"version-history":[{"count":1,"href":"https:\/\/vapingnet.de\/lt\/wp-json\/wp\/v2\/product\/6462\/revisions"}],"predecessor-version":[{"id":6482,"href":"https:\/\/vapingnet.de\/lt\/wp-json\/wp\/v2\/product\/6462\/revisions\/6482"}],"wp:featuredmedia":[{"embeddable":true,"href":"https:\/\/vapingnet.de\/lt\/wp-json\/wp\/v2\/media\/6466"}],"wp:attachment":[{"href":"https:\/\/vapingnet.de\/lt\/wp-json\/wp\/v2\/media?parent=6462"}],"wp:term":[{"taxonomy":"brand","embeddable":true,"href":"https:\/\/vapingnet.de\/lt\/wp-json\/wp\/v2\/etheme_brands?post=6462"},{"taxonomy":"product_brand","embeddable":true,"href":"https:\/\/vapingnet.de\/lt\/wp-json\/wp\/v2\/product_brand?post=6462"},{"taxonomy":"product_cat","embeddable":true,"href":"https:\/\/vapingnet.de\/lt\/wp-json\/wp\/v2\/product_cat?post=6462"},{"taxonomy":"product_tag","embeddable":true,"href":"https:\/\/vapingnet.de\/lt\/wp-json\/wp\/v2\/product_tag?post=6462"}],"curies":[{"name":"wp","href":"https:\/\/api.w.org\/{rel}","templated":true}]}}