{"id":6485,"date":"2025-04-21T09:59:44","date_gmt":"2025-04-21T09:59:44","guid":{"rendered":"https:\/\/vapingnet.de\/?post_type=product&#038;p=6485"},"modified":"2026-01-21T05:38:19","modified_gmt":"2026-01-21T05:38:19","slug":"jetzt-lush-ice-testen-elf-shisha-16000-zum-besten-preis-weltweit","status":"publish","type":"product","link":"https:\/\/vapingnet.de\/lt\/vape\/jetzt-lush-ice-testen-elf-shisha-16000-zum-besten-preis-weltweit\/","title":{"rendered":"Dabar i\u0161bandykite Lush Ice ELF SHISHA 16000 geriausia kaina visame pasaulyje"},"content":{"rendered":"<h2 data-start=\"0\" data-end=\"67\" data-immersive-translate-walked=\"10d23f9e-2768-4151-b5c5-518e849dae15\">ELF SHISHA 16000: Vienkartin\u0117 E-cigaret\u0117 ilgalaikiam malonumui<\/h2>\n<p class=\"\" data-start=\"69\" data-end=\"352\" data-immersive-translate-paragraph=\"1\" data-immersive-translate-walked=\"10d23f9e-2768-4151-b5c5-518e849dae15\">ELF SHISHA 16000 yra revoliucin\u0117 vienkartin\u0117 E-cigaret\u0117, sukurta specialiai ilgalaikiam ir intensyviam gar\u0173 malonumui. Su ne\u012ftik\u0117tinu 16 000 \u012fkv\u0117pim\u0173 skai\u010diumi \u0161i \u012franga si\u016blo tobul\u0105 technologij\u0173 ir naudotojo draugi\u0161kumo derin\u012f.<\/p>\n<h4 data-start=\"354\" data-end=\"377\" data-immersive-translate-paragraph=\"1\" data-immersive-translate-walked=\"10d23f9e-2768-4151-b5c5-518e849dae15\">Galia ir dizainas<\/h4>\n<p class=\"\" data-start=\"379\" data-end=\"720\" data-immersive-translate-paragraph=\"1\" data-immersive-translate-walked=\"10d23f9e-2768-4151-b5c5-518e849dae15\">\u012erenginys apr\u016bpintas 0,6 Ohm tinklinio rit\u0117s, u\u017etikrinan\u010dios tolyg\u0173 \u0161ilumos paskirstym\u0105 ir i\u0161skirtin\u012f garavimo patirt\u012f. Su 28 ml E-skys\u010dio baku ir galimybe pasirinkti i\u0161 skirting\u0173 nikotino stiprumo lygi\u0173 (0%, 2%, 3%, 5%), naudotojai gali individualiai pritaikyti savo malonumo intensyvum\u0105.<\/p>\n<p class=\"\" data-start=\"722\" data-end=\"942\" data-immersive-translate-paragraph=\"1\" data-immersive-translate-walked=\"10d23f9e-2768-4151-b5c5-518e849dae15\">600 mAh baterija u\u017etikrina ilg\u0105 tarnavimo laik\u0105 ir gali b\u016bti greitai \u012fkrauta per Type-C jungt\u012f. Kompakti\u0161kas ir lengvas dizainas (tik 85 g) daro j\u0105 ypa\u010d patogi\u0105 ir tinkam\u0105 naudoti keliaujant.<\/p>\n<h4 data-start=\"944\" data-end=\"978\" data-immersive-translate-paragraph=\"1\" data-immersive-translate-walked=\"10d23f9e-2768-4151-b5c5-518e849dae15\">Vartotojui draugi\u0161kos funkcijos<\/h4>\n<p class=\"\" data-start=\"980\" data-end=\"1356\" data-immersive-translate-paragraph=\"1\" data-immersive-translate-walked=\"10d23f9e-2768-4151-b5c5-518e849dae15\">D\u0117ka LED ekrano naudotojai visada gali steb\u0117ti savo elektronin\u0117s cigaret\u0117s b\u016bsen\u0105. Dar viena ypatyb\u0117 \u2013 reguliuojamas oro srautas, leid\u017eiantis pritaikyti oro sraut\u0105 pagal poreik\u012f ir personalizuoti garavimo patirt\u012f. Nesvarbu, ar m\u0117gstate \u0161veln\u0173, ar intensyvesn\u012f garavim\u0105, \u0161i funkcija suteikia reikiam\u0105 lankstum\u0105.<\/p>\n<h4 data-start=\"1358\" data-end=\"1380\" data-immersive-translate-paragraph=\"1\" data-immersive-translate-walked=\"10d23f9e-2768-4151-b5c5-518e849dae15\">Skoni\u0173 \u012fvairov\u0117<\/h4>\n<p class=\"\" data-start=\"1382\" data-end=\"1605\" data-immersive-translate-paragraph=\"1\" data-immersive-translate-walked=\"10d23f9e-2768-4151-b5c5-518e849dae15\">Lush Ice skonis suteikia gaivi\u0105, vaisin\u0119 patirt\u012f su v\u0117sinan\u010diu efektu. \u0160is skonio derinys si\u016blo unikali\u0105 garavimo patirt\u012f, kurios nepamir\u0161ite taip lengvai.<\/p>\n<h3>Privalumai ir greitas pristatymas<\/h3>\n<p class=\"\" data-start=\"1644\" data-end=\"1977\" data-immersive-translate-paragraph=\"1\" data-immersive-translate-walked=\"10d23f9e-2768-4151-b5c5-518e849dae15\">ELF SHISHA 16000 yra pagaminta i\u0161 auk\u0161tos kokyb\u0117s med\u017eiag\u0173 ir si\u016blo nemokam\u0105 pristatym\u0105. Pristatymo laikas \u2013 nuo 7 iki 15 darbo dien\u0173, tod\u0117l galite greitai m\u0117gautis. D\u0117l didelio \u012fkv\u0117pim\u0173 skai\u010diaus ir stabilios veiklos \u0161i vienkartin\u0117 E-cigaret\u0117 yra puikus pasirinkimas visiems garintojams.<\/p>\n<p class=\"\" data-start=\"1979\" data-end=\"2083\" data-immersive-translate-paragraph=\"1\" data-immersive-translate-walked=\"10d23f9e-2768-4151-b5c5-518e849dae15\">Parduodama vapingnet.de, patikimu auk\u0161tos kokyb\u0117s E-cigare\u010di\u0173 ir pried\u0173 tiek\u0117ju.<\/p>","protected":false},"excerpt":{"rendered":"<p>ELF SHISHA 16000: Vienkartin\u0117 elektronin\u0117 cigaret\u0117 ilgalaikiam malonumui ELF SHISHA 16000 yra revoliucin\u0117 vienkartin\u0117 elektronin\u0117 cigaret\u0117, sukurta specialiai ilgalaikiam ir intensyviam garinimo malonumui...<\/p>","protected":false},"featured_media":6469,"template":"","meta":[],"etheme_brands":[],"product_brand":[100],"product_cat":[91,49,61],"product_tag":[],"class_list":{"0":"post-6485","1":"product","2":"type-product","3":"status-publish","4":"has-post-thumbnail","6":"product_brand-elf-box-vape","7":"product_cat-16k-vape","8":"product_cat-einweg-e-zigarette","9":"product_cat-f","11":"first","12":"instock","13":"shipping-taxable","14":"purchasable","15":"product-type-simple"},"yoast_head":"<!-- This site is optimized with the Yoast SEO plugin v26.5 - https:\/\/yoast.com\/wordpress\/plugins\/seo\/ -->\n<title>ELF SHISHA 16000 Einweg E-Zigarette | Lush Ice Geschmack<\/title>\n<meta name=\"description\" content=\"Erfrischender Geschmack mit k\u00fchlem Effekt und gleichm\u00e4\u00dfigem Zug \u2013 eine moderne Einweg E-Zigarette f\u00fcr entspannten Genuss.\" \/>\n<meta name=\"robots\" content=\"index, follow, max-snippet:-1, max-image-preview:large, max-video-preview:-1\" \/>\n<link rel=\"canonical\" href=\"https:\/\/vapingnet.de\/lt\/vape\/jetzt-lush-ice-testen-elf-shisha-16000-zum-besten-preis-weltweit\/\" \/>\n<meta property=\"og:locale\" content=\"lt_LT\" \/>\n<meta property=\"og:type\" content=\"article\" \/>\n<meta property=\"og:title\" content=\"ELF SHISHA 16000 Einweg E-Zigarette | Lush Ice Geschmack\" \/>\n<meta property=\"og:description\" content=\"Erfrischender Geschmack mit k\u00fchlem Effekt und gleichm\u00e4\u00dfigem Zug \u2013 eine moderne Einweg E-Zigarette f\u00fcr entspannten Genuss.\" \/>\n<meta property=\"og:url\" content=\"https:\/\/vapingnet.de\/lt\/vape\/jetzt-lush-ice-testen-elf-shisha-16000-zum-besten-preis-weltweit\/\" \/>\n<meta property=\"og:site_name\" content=\"Vapingnet.de\" \/>\n<meta property=\"article:publisher\" content=\"https:\/\/www.facebook.com\/vapingnetde\/\" \/>\n<meta property=\"article:modified_time\" content=\"2026-01-21T05:38:19+00:00\" \/>\n<meta property=\"og:image\" content=\"https:\/\/vapingnet.de\/wp-content\/uploads\/2025\/04\/Lush-Ice-1.webp\" \/>\n\t<meta property=\"og:image:width\" content=\"1000\" \/>\n\t<meta property=\"og:image:height\" content=\"1000\" \/>\n\t<meta property=\"og:image:type\" content=\"image\/webp\" \/>\n<meta name=\"twitter:card\" content=\"summary_large_image\" \/>\n<meta name=\"twitter:label1\" content=\"Est. reading time\" \/>\n\t<meta name=\"twitter:data1\" content=\"2 minutes\" \/>\n<script type=\"application\/ld+json\" class=\"yoast-schema-graph\">{\"@context\":\"https:\/\/schema.org\",\"@graph\":[{\"@type\":\"WebPage\",\"@id\":\"https:\/\/vapingnet.de\/vape\/jetzt-lush-ice-testen-elf-shisha-16000-zum-besten-preis-weltweit\/\",\"url\":\"https:\/\/vapingnet.de\/vape\/jetzt-lush-ice-testen-elf-shisha-16000-zum-besten-preis-weltweit\/\",\"name\":\"ELF SHISHA 16000 Einweg E-Zigarette | Lush Ice Geschmack\",\"isPartOf\":{\"@id\":\"https:\/\/vapingnet.de\/#website\"},\"primaryImageOfPage\":{\"@id\":\"https:\/\/vapingnet.de\/vape\/jetzt-lush-ice-testen-elf-shisha-16000-zum-besten-preis-weltweit\/#primaryimage\"},\"image\":{\"@id\":\"https:\/\/vapingnet.de\/vape\/jetzt-lush-ice-testen-elf-shisha-16000-zum-besten-preis-weltweit\/#primaryimage\"},\"thumbnailUrl\":\"https:\/\/vapingnet.de\/wp-content\/uploads\/2025\/04\/Lush-Ice-1.webp\",\"datePublished\":\"2025-04-21T09:59:44+00:00\",\"dateModified\":\"2026-01-21T05:38:19+00:00\",\"description\":\"Erfrischender Geschmack mit k\u00fchlem Effekt und gleichm\u00e4\u00dfigem Zug \u2013 eine moderne Einweg E-Zigarette f\u00fcr entspannten Genuss.\",\"breadcrumb\":{\"@id\":\"https:\/\/vapingnet.de\/vape\/jetzt-lush-ice-testen-elf-shisha-16000-zum-besten-preis-weltweit\/#breadcrumb\"},\"inLanguage\":\"lt-LT\",\"potentialAction\":[{\"@type\":\"ReadAction\",\"target\":[\"https:\/\/vapingnet.de\/vape\/jetzt-lush-ice-testen-elf-shisha-16000-zum-besten-preis-weltweit\/\"]}]},{\"@type\":\"ImageObject\",\"inLanguage\":\"lt-LT\",\"@id\":\"https:\/\/vapingnet.de\/vape\/jetzt-lush-ice-testen-elf-shisha-16000-zum-besten-preis-weltweit\/#primaryimage\",\"url\":\"https:\/\/vapingnet.de\/wp-content\/uploads\/2025\/04\/Lush-Ice-1.webp\",\"contentUrl\":\"https:\/\/vapingnet.de\/wp-content\/uploads\/2025\/04\/Lush-Ice-1.webp\",\"width\":1000,\"height\":1000},{\"@type\":\"BreadcrumbList\",\"@id\":\"https:\/\/vapingnet.de\/vape\/jetzt-lush-ice-testen-elf-shisha-16000-zum-besten-preis-weltweit\/#breadcrumb\",\"itemListElement\":[{\"@type\":\"ListItem\",\"position\":1,\"name\":\"Home\",\"item\":\"https:\/\/vapingnet.de\/\"},{\"@type\":\"ListItem\",\"position\":2,\"name\":\"Shop\",\"item\":\"https:\/\/vapingnet.de\/vape\/\"},{\"@type\":\"ListItem\",\"position\":3,\"name\":\"Jetzt Lush Ice Testen ELF SHISHA 16000 Zum Besten Preis Weltweit\"}]},{\"@type\":\"WebSite\",\"@id\":\"https:\/\/vapingnet.de\/#website\",\"url\":\"https:\/\/vapingnet.de\/\",\"name\":\"Vapingnet.de\",\"description\":\"\",\"publisher\":{\"@id\":\"https:\/\/vapingnet.de\/#organization\"},\"potentialAction\":[{\"@type\":\"SearchAction\",\"target\":{\"@type\":\"EntryPoint\",\"urlTemplate\":\"https:\/\/vapingnet.de\/?s={search_term_string}\"},\"query-input\":{\"@type\":\"PropertyValueSpecification\",\"valueRequired\":true,\"valueName\":\"search_term_string\"}}],\"inLanguage\":\"lt-LT\"},{\"@type\":\"Organization\",\"@id\":\"https:\/\/vapingnet.de\/#organization\",\"name\":\"Vapingnet.de\",\"url\":\"https:\/\/vapingnet.de\/\",\"logo\":{\"@type\":\"ImageObject\",\"inLanguage\":\"lt-LT\",\"@id\":\"https:\/\/vapingnet.de\/#\/schema\/logo\/image\/\",\"url\":\"https:\/\/vapingnet.de\/wp-content\/uploads\/2025\/03\/cropped-vapingnet.de_.jpg\",\"contentUrl\":\"https:\/\/vapingnet.de\/wp-content\/uploads\/2025\/03\/cropped-vapingnet.de_.jpg\",\"width\":512,\"height\":512,\"caption\":\"Vapingnet.de\"},\"image\":{\"@id\":\"https:\/\/vapingnet.de\/#\/schema\/logo\/image\/\"},\"sameAs\":[\"https:\/\/www.facebook.com\/vapingnetde\/\"]}]}<\/script>\n<!-- \/ Yoast SEO plugin. -->","yoast_head_json":{"title":"ELF SHISHA 16000 Einweg E-Zigarette | Lush Ice Geschmack","description":"Erfrischender Geschmack mit k\u00fchlem Effekt und gleichm\u00e4\u00dfigem Zug \u2013 eine moderne Einweg E-Zigarette f\u00fcr entspannten Genuss.","robots":{"index":"index","follow":"follow","max-snippet":"max-snippet:-1","max-image-preview":"max-image-preview:large","max-video-preview":"max-video-preview:-1"},"canonical":"https:\/\/vapingnet.de\/lt\/vape\/jetzt-lush-ice-testen-elf-shisha-16000-zum-besten-preis-weltweit\/","og_locale":"lt_LT","og_type":"article","og_title":"ELF SHISHA 16000 Einweg E-Zigarette | Lush Ice Geschmack","og_description":"Erfrischender Geschmack mit k\u00fchlem Effekt und gleichm\u00e4\u00dfigem Zug \u2013 eine moderne Einweg E-Zigarette f\u00fcr entspannten Genuss.","og_url":"https:\/\/vapingnet.de\/lt\/vape\/jetzt-lush-ice-testen-elf-shisha-16000-zum-besten-preis-weltweit\/","og_site_name":"Vapingnet.de","article_publisher":"https:\/\/www.facebook.com\/vapingnetde\/","article_modified_time":"2026-01-21T05:38:19+00:00","og_image":[{"width":1000,"height":1000,"url":"https:\/\/vapingnet.de\/wp-content\/uploads\/2025\/04\/Lush-Ice-1.webp","type":"image\/webp"}],"twitter_card":"summary_large_image","twitter_misc":{"Est. reading time":"2 minutes"},"schema":{"@context":"https:\/\/schema.org","@graph":[{"@type":"WebPage","@id":"https:\/\/vapingnet.de\/vape\/jetzt-lush-ice-testen-elf-shisha-16000-zum-besten-preis-weltweit\/","url":"https:\/\/vapingnet.de\/vape\/jetzt-lush-ice-testen-elf-shisha-16000-zum-besten-preis-weltweit\/","name":"ELF SHISHA 16000 Einweg E-Zigarette | Lush Ice Geschmack","isPartOf":{"@id":"https:\/\/vapingnet.de\/#website"},"primaryImageOfPage":{"@id":"https:\/\/vapingnet.de\/vape\/jetzt-lush-ice-testen-elf-shisha-16000-zum-besten-preis-weltweit\/#primaryimage"},"image":{"@id":"https:\/\/vapingnet.de\/vape\/jetzt-lush-ice-testen-elf-shisha-16000-zum-besten-preis-weltweit\/#primaryimage"},"thumbnailUrl":"https:\/\/vapingnet.de\/wp-content\/uploads\/2025\/04\/Lush-Ice-1.webp","datePublished":"2025-04-21T09:59:44+00:00","dateModified":"2026-01-21T05:38:19+00:00","description":"Erfrischender Geschmack mit k\u00fchlem Effekt und gleichm\u00e4\u00dfigem Zug \u2013 eine moderne Einweg E-Zigarette f\u00fcr entspannten Genuss.","breadcrumb":{"@id":"https:\/\/vapingnet.de\/vape\/jetzt-lush-ice-testen-elf-shisha-16000-zum-besten-preis-weltweit\/#breadcrumb"},"inLanguage":"lt-LT","potentialAction":[{"@type":"ReadAction","target":["https:\/\/vapingnet.de\/vape\/jetzt-lush-ice-testen-elf-shisha-16000-zum-besten-preis-weltweit\/"]}]},{"@type":"ImageObject","inLanguage":"lt-LT","@id":"https:\/\/vapingnet.de\/vape\/jetzt-lush-ice-testen-elf-shisha-16000-zum-besten-preis-weltweit\/#primaryimage","url":"https:\/\/vapingnet.de\/wp-content\/uploads\/2025\/04\/Lush-Ice-1.webp","contentUrl":"https:\/\/vapingnet.de\/wp-content\/uploads\/2025\/04\/Lush-Ice-1.webp","width":1000,"height":1000},{"@type":"BreadcrumbList","@id":"https:\/\/vapingnet.de\/vape\/jetzt-lush-ice-testen-elf-shisha-16000-zum-besten-preis-weltweit\/#breadcrumb","itemListElement":[{"@type":"ListItem","position":1,"name":"Home","item":"https:\/\/vapingnet.de\/"},{"@type":"ListItem","position":2,"name":"Shop","item":"https:\/\/vapingnet.de\/vape\/"},{"@type":"ListItem","position":3,"name":"Jetzt Lush Ice Testen ELF SHISHA 16000 Zum Besten Preis Weltweit"}]},{"@type":"WebSite","@id":"https:\/\/vapingnet.de\/#website","url":"https:\/\/vapingnet.de\/","name":"Vapingnet.de","description":"","publisher":{"@id":"https:\/\/vapingnet.de\/#organization"},"potentialAction":[{"@type":"SearchAction","target":{"@type":"EntryPoint","urlTemplate":"https:\/\/vapingnet.de\/?s={search_term_string}"},"query-input":{"@type":"PropertyValueSpecification","valueRequired":true,"valueName":"search_term_string"}}],"inLanguage":"lt-LT"},{"@type":"Organization","@id":"https:\/\/vapingnet.de\/#organization","name":"Vapingnet.de","url":"https:\/\/vapingnet.de\/","logo":{"@type":"ImageObject","inLanguage":"lt-LT","@id":"https:\/\/vapingnet.de\/#\/schema\/logo\/image\/","url":"https:\/\/vapingnet.de\/wp-content\/uploads\/2025\/03\/cropped-vapingnet.de_.jpg","contentUrl":"https:\/\/vapingnet.de\/wp-content\/uploads\/2025\/03\/cropped-vapingnet.de_.jpg","width":512,"height":512,"caption":"Vapingnet.de"},"image":{"@id":"https:\/\/vapingnet.de\/#\/schema\/logo\/image\/"},"sameAs":["https:\/\/www.facebook.com\/vapingnetde\/"]}]}},"tiered_pricing_type":"fixed","tiered_pricing_fixed_rules":{"10":"9.41","60":"8.47","110":"7.53","200":"6.59"},"tiered_pricing_product_settings":{"layout":"default","base_unit_name":{"singular":null,"plural":null},"default_variation":null},"tiered_pricing_minimum_quantity":null,"tiered_pricing_roles_data":[],"tiered_pricing_percentage_rules":[],"_links":{"self":[{"href":"https:\/\/vapingnet.de\/lt\/wp-json\/wp\/v2\/product\/6485","targetHints":{"allow":["GET"]}}],"collection":[{"href":"https:\/\/vapingnet.de\/lt\/wp-json\/wp\/v2\/product"}],"about":[{"href":"https:\/\/vapingnet.de\/lt\/wp-json\/wp\/v2\/types\/product"}],"version-history":[{"count":1,"href":"https:\/\/vapingnet.de\/lt\/wp-json\/wp\/v2\/product\/6485\/revisions"}],"predecessor-version":[{"id":6486,"href":"https:\/\/vapingnet.de\/lt\/wp-json\/wp\/v2\/product\/6485\/revisions\/6486"}],"wp:featuredmedia":[{"embeddable":true,"href":"https:\/\/vapingnet.de\/lt\/wp-json\/wp\/v2\/media\/6469"}],"wp:attachment":[{"href":"https:\/\/vapingnet.de\/lt\/wp-json\/wp\/v2\/media?parent=6485"}],"wp:term":[{"taxonomy":"brand","embeddable":true,"href":"https:\/\/vapingnet.de\/lt\/wp-json\/wp\/v2\/etheme_brands?post=6485"},{"taxonomy":"product_brand","embeddable":true,"href":"https:\/\/vapingnet.de\/lt\/wp-json\/wp\/v2\/product_brand?post=6485"},{"taxonomy":"product_cat","embeddable":true,"href":"https:\/\/vapingnet.de\/lt\/wp-json\/wp\/v2\/product_cat?post=6485"},{"taxonomy":"product_tag","embeddable":true,"href":"https:\/\/vapingnet.de\/lt\/wp-json\/wp\/v2\/product_tag?post=6485"}],"curies":[{"name":"wp","href":"https:\/\/api.w.org\/{rel}","templated":true}]}}