{"id":6487,"date":"2025-04-21T10:02:55","date_gmt":"2025-04-21T10:02:55","guid":{"rendered":"https:\/\/vapingnet.de\/?post_type=product&#038;p=6487"},"modified":"2026-01-21T03:26:15","modified_gmt":"2026-01-21T03:26:15","slug":"jetzt-grape-ice-testen-elf-shisha-16000-zum-besten-preis-weltweit","status":"publish","type":"product","link":"https:\/\/vapingnet.de\/lt\/vape\/jetzt-grape-ice-testen-elf-shisha-16000-zum-besten-preis-weltweit\/","title":{"rendered":"Dabar i\u0161bandykite Grape Ice ELF SHISHA 16000 geriausia kaina visame pasaulyje"},"content":{"rendered":"<h2 data-start=\"0\" data-end=\"68\" data-immersive-translate-walked=\"4a10e9d6-1d62-4ed5-b5e8-78f2f01c9033\">ELF SHISHA 16000 \u2013 vienkartin\u0117 elektronin\u0117 cigaret\u0117 reikalaujantiems vapori\u0173 m\u0117g\u0117jams<\/h2>\n<p class=\"\" data-start=\"70\" data-end=\"415\" data-immersive-translate-walked=\"4a10e9d6-1d62-4ed5-b5e8-78f2f01c9033\" data-immersive-translate-paragraph=\"1\">ELF SHISHA 16000 yra viena pa\u017eangiausi\u0173 vienkartini\u0173 elektronini\u0173 cigare\u010di\u0173 rinkoje, pasi\u017eyminti daugybe funkcij\u0173 ir i\u0161skirtiniu dizainu. Geb\u0117dama pateikti iki 16 000 \u012fkv\u0117pim\u0173, \u0161i modelis yra puikus sprendimas vapori\u0173, ie\u0161kan\u010di\u0173 ilgalaik\u0117s ir intensyvios vaping patirties.<\/p>\n<h4 data-start=\"417\" data-end=\"484\" data-immersive-translate-walked=\"4a10e9d6-1d62-4ed5-b5e8-78f2f01c9033\" data-immersive-translate-paragraph=\"1\">Galingos savyb\u0117s nepakartojamam vapingui<\/h4>\n<p class=\"\" data-start=\"486\" data-end=\"901\" data-immersive-translate-walked=\"4a10e9d6-1d62-4ed5-b5e8-78f2f01c9033\" data-immersive-translate-paragraph=\"1\">ELF SHISHA 16000 jungia inovatyvias technologijas ir naudotojui draugi\u0161kus bruo\u017eus, siekiant suteikti i\u0161skirtin\u0119 vaping patirt\u012f. 0,6 Ohm tinklinis rit\u0117 u\u017etikrina tolyg\u0173 \u0161ilumos paskirstym\u0105, kas lemia skan\u0173 ir tank\u0173 gar\u0105. Su 28 ml talpos elektroninio skys\u010dio bakeliu, \u0161is modelis skirtas ilgoms vaping sesijoms, nereikalaujant da\u017enai papildyti.<\/p>\n<p class=\"\" data-start=\"903\" data-end=\"1220\" data-immersive-translate-walked=\"4a10e9d6-1d62-4ed5-b5e8-78f2f01c9033\" data-immersive-translate-paragraph=\"1\">600mAh baterija yra pakankamai galinga visam 16 000 \u012fkv\u0117pim\u0173 ciklui ir gali b\u016bti greitai ir patogiai \u012fkraunama per Type-C jungt\u012f. Nepaisant savo galing\u0173 funkcij\u0173, ELF SHISHA 16000 sveria tik 85 g, tod\u0117l yra kompakti\u0161ka ir ne\u0161iojama.<\/p>\n<h4 data-start=\"1222\" data-end=\"1262\" data-immersive-translate-walked=\"4a10e9d6-1d62-4ed5-b5e8-78f2f01c9033\" data-immersive-translate-paragraph=\"1\">\u012evairios nikotino stiprumo galimyb\u0117s<\/h4>\n<p class=\"\" data-start=\"1264\" data-end=\"1552\" data-immersive-translate-walked=\"4a10e9d6-1d62-4ed5-b5e8-78f2f01c9033\" data-immersive-translate-paragraph=\"1\">Kitas ELF SHISHA 16000 privalumas \u2013 galimyb\u0117 pritaikyti nikotino kiek\u012f pagal asmeninius pageidavimus. Su pasirinkimais 0%, 2%, 3% ir 5% nikotino, \u0161is modelis si\u016blo plat\u0173 pasirinkim\u0105, tinkant\u012f visiems vaporiams \u2013 nuo pradedan\u010di\u0173j\u0173 iki patyrusi\u0173 naudotoj\u0173.<\/p>\n<h4 data-start=\"1554\" data-end=\"1584\" data-immersive-translate-walked=\"4a10e9d6-1d62-4ed5-b5e8-78f2f01c9033\" data-immersive-translate-paragraph=\"1\">Prieinami vaping patirties nustatymai<\/h4>\n<p class=\"\" data-start=\"1586\" data-end=\"2003\" data-immersive-translate-walked=\"4a10e9d6-1d62-4ed5-b5e8-78f2f01c9033\" data-immersive-translate-paragraph=\"1\">\u012erenginys turi LED ekran\u0105, kuris bet kuriuo metu teikia nauding\u0105 informacij\u0105 apie baterijos b\u016bkl\u0119 ir b\u016bsen\u0105. Taip pat yra reguliuojamas oro srautas (Adjustable Airflow), kuris leid\u017eia dar labiau personalizuoti ir pagerinti vaping patirt\u012f. Galite reguliuoti oro sraut\u0105 ir valdyti vaping intensyvum\u0105 pagal savo skon\u012f \u2013 ar tai b\u016bt\u0173 lengvesnis, ar stipresnis \u012fkv\u0117pimas.<\/p>\n<h4 data-start=\"2005\" data-end=\"2044\" data-immersive-translate-walked=\"4a10e9d6-1d62-4ed5-b5e8-78f2f01c9033\" data-immersive-translate-paragraph=\"1\">Gaivus skonis \u2013 Grape Ice<\/h4>\n<p class=\"\" data-start=\"2046\" data-end=\"2332\" data-immersive-translate-walked=\"4a10e9d6-1d62-4ed5-b5e8-78f2f01c9033\" data-immersive-translate-paragraph=\"1\">Grape Ice skonis jungia sald\u0173 vynuogi\u0173 skon\u012f su gaiviu, lediniu poskoniu. \u0160is gaivus skoni\u0173 derinys sukuria unikali\u0105 vaping patirt\u012f ir yra tobulas tiems, kurie ie\u0161ko \u0161alto, vaisinio skonio poj\u016b\u010dio.<\/p>\n<h3>Greitas pristatymas ir privalumai<\/h3>\n<p class=\"\" data-start=\"2371\" data-end=\"2650\" data-immersive-translate-walked=\"4a10e9d6-1d62-4ed5-b5e8-78f2f01c9033\" data-immersive-translate-paragraph=\"1\">Per 7-15 darbo dien\u0173 pristatymo laikotarp\u012f galite b\u016bti tikri, kad gausite savo ELF SHISHA 16000 greitai, nesulauk\u0119 ilgo u\u017esakymo apdorojimo. D\u0117l muitin\u0117s nemokamo pristatymo pirkimas tampa dar patrauklesnis, o papildomi mokes\u010diai neatsiranda.<\/p>\n<p class=\"\" data-start=\"2652\" data-end=\"2747\" data-immersive-translate-walked=\"4a10e9d6-1d62-4ed5-b5e8-78f2f01c9033\" data-immersive-translate-paragraph=\"1\">Prieinama vapingnet.de, vieno i\u0161 pirmaujan\u010di\u0173 auk\u0161tos kokyb\u0117s elektronini\u0173 cigare\u010di\u0173 produkt\u0173 tiek\u0117j\u0173.<\/p>\n<p class=\"\" data-start=\"2754\" data-end=\"3073\" data-immersive-translate-walked=\"4a10e9d6-1d62-4ed5-b5e8-78f2f01c9033\" data-immersive-translate-paragraph=\"1\">ELF SHISHA 16000 yra puikus pasirinkimas vaporiams, ie\u0161kantiems galingos, naudotojui draugi\u0161kos ir skanios vienkartin\u0117s elektronin\u0117s cigaret\u0117s. Ilgaam\u017ei\u0161kumu, lankstomis nikotino stiprumo galimyb\u0117mis ir unikaliu skoniu \u0161is modelis nustato naujus standartus rinkoje.<\/p>","protected":false},"excerpt":{"rendered":"<p>ELF SHISHA 16000 \u2013 Einweg E-Zigarette f\u00fcr anspruchsvolle Dampfer Die ELF SHISHA 16000 ist eine der fortschrittlichsten Einweg E-Zigaretten auf dem Markt, die mit einer&#8230;<\/p>","protected":false},"featured_media":6467,"template":"","meta":[],"etheme_brands":[],"product_brand":[100],"product_cat":[91,49,61],"product_tag":[],"class_list":{"0":"post-6487","1":"product","2":"type-product","3":"status-publish","4":"has-post-thumbnail","6":"product_brand-elf-box-vape","7":"product_cat-16k-vape","8":"product_cat-einweg-e-zigarette","9":"product_cat-f","11":"first","12":"instock","13":"shipping-taxable","14":"purchasable","15":"product-type-simple"},"yoast_head":"<!-- This site is optimized with the Yoast SEO plugin v26.5 - https:\/\/yoast.com\/wordpress\/plugins\/seo\/ -->\n<title>ELF SHISHA 16000 Einweg E-Zigarette | Grape Ice Geschmack<\/title>\n<meta name=\"description\" content=\"Moderne Einweg E-Zigarette mit kraftvollem Zug und k\u00fchlem Traubengeschmack \u2013 perfekt f\u00fcr den t\u00e4glichen Genuss.\" \/>\n<meta name=\"robots\" content=\"index, follow, max-snippet:-1, max-image-preview:large, max-video-preview:-1\" \/>\n<link rel=\"canonical\" href=\"https:\/\/vapingnet.de\/lt\/vape\/jetzt-grape-ice-testen-elf-shisha-16000-zum-besten-preis-weltweit\/\" \/>\n<meta property=\"og:locale\" content=\"lt_LT\" \/>\n<meta property=\"og:type\" content=\"article\" \/>\n<meta property=\"og:title\" content=\"ELF SHISHA 16000 Einweg E-Zigarette | Grape Ice Geschmack\" \/>\n<meta property=\"og:description\" content=\"Moderne Einweg E-Zigarette mit kraftvollem Zug und k\u00fchlem Traubengeschmack \u2013 perfekt f\u00fcr den t\u00e4glichen Genuss.\" \/>\n<meta property=\"og:url\" content=\"https:\/\/vapingnet.de\/lt\/vape\/jetzt-grape-ice-testen-elf-shisha-16000-zum-besten-preis-weltweit\/\" \/>\n<meta property=\"og:site_name\" content=\"Vapingnet.de\" \/>\n<meta property=\"article:publisher\" content=\"https:\/\/www.facebook.com\/vapingnetde\/\" \/>\n<meta property=\"article:modified_time\" content=\"2026-01-21T03:26:15+00:00\" \/>\n<meta property=\"og:image\" content=\"https:\/\/vapingnet.de\/wp-content\/uploads\/2025\/04\/Grape-Ice-2.webp\" \/>\n\t<meta property=\"og:image:width\" content=\"1000\" \/>\n\t<meta property=\"og:image:height\" content=\"1000\" \/>\n\t<meta property=\"og:image:type\" content=\"image\/webp\" \/>\n<meta name=\"twitter:card\" content=\"summary_large_image\" \/>\n<meta name=\"twitter:label1\" content=\"Est. reading time\" \/>\n\t<meta name=\"twitter:data1\" content=\"3 minutes\" \/>\n<script type=\"application\/ld+json\" class=\"yoast-schema-graph\">{\"@context\":\"https:\/\/schema.org\",\"@graph\":[{\"@type\":\"WebPage\",\"@id\":\"https:\/\/vapingnet.de\/vape\/jetzt-grape-ice-testen-elf-shisha-16000-zum-besten-preis-weltweit\/\",\"url\":\"https:\/\/vapingnet.de\/vape\/jetzt-grape-ice-testen-elf-shisha-16000-zum-besten-preis-weltweit\/\",\"name\":\"ELF SHISHA 16000 Einweg E-Zigarette | Grape Ice Geschmack\",\"isPartOf\":{\"@id\":\"https:\/\/vapingnet.de\/#website\"},\"primaryImageOfPage\":{\"@id\":\"https:\/\/vapingnet.de\/vape\/jetzt-grape-ice-testen-elf-shisha-16000-zum-besten-preis-weltweit\/#primaryimage\"},\"image\":{\"@id\":\"https:\/\/vapingnet.de\/vape\/jetzt-grape-ice-testen-elf-shisha-16000-zum-besten-preis-weltweit\/#primaryimage\"},\"thumbnailUrl\":\"https:\/\/vapingnet.de\/wp-content\/uploads\/2025\/04\/Grape-Ice-2.webp\",\"datePublished\":\"2025-04-21T10:02:55+00:00\",\"dateModified\":\"2026-01-21T03:26:15+00:00\",\"description\":\"Moderne Einweg E-Zigarette mit kraftvollem Zug und k\u00fchlem Traubengeschmack \u2013 perfekt f\u00fcr den t\u00e4glichen Genuss.\",\"breadcrumb\":{\"@id\":\"https:\/\/vapingnet.de\/vape\/jetzt-grape-ice-testen-elf-shisha-16000-zum-besten-preis-weltweit\/#breadcrumb\"},\"inLanguage\":\"lt-LT\",\"potentialAction\":[{\"@type\":\"ReadAction\",\"target\":[\"https:\/\/vapingnet.de\/vape\/jetzt-grape-ice-testen-elf-shisha-16000-zum-besten-preis-weltweit\/\"]}]},{\"@type\":\"ImageObject\",\"inLanguage\":\"lt-LT\",\"@id\":\"https:\/\/vapingnet.de\/vape\/jetzt-grape-ice-testen-elf-shisha-16000-zum-besten-preis-weltweit\/#primaryimage\",\"url\":\"https:\/\/vapingnet.de\/wp-content\/uploads\/2025\/04\/Grape-Ice-2.webp\",\"contentUrl\":\"https:\/\/vapingnet.de\/wp-content\/uploads\/2025\/04\/Grape-Ice-2.webp\",\"width\":1000,\"height\":1000},{\"@type\":\"BreadcrumbList\",\"@id\":\"https:\/\/vapingnet.de\/vape\/jetzt-grape-ice-testen-elf-shisha-16000-zum-besten-preis-weltweit\/#breadcrumb\",\"itemListElement\":[{\"@type\":\"ListItem\",\"position\":1,\"name\":\"Home\",\"item\":\"https:\/\/vapingnet.de\/\"},{\"@type\":\"ListItem\",\"position\":2,\"name\":\"Shop\",\"item\":\"https:\/\/vapingnet.de\/vape\/\"},{\"@type\":\"ListItem\",\"position\":3,\"name\":\"Jetzt Grape Ice Testen ELF SHISHA 16000 Zum Besten Preis Weltweit\"}]},{\"@type\":\"WebSite\",\"@id\":\"https:\/\/vapingnet.de\/#website\",\"url\":\"https:\/\/vapingnet.de\/\",\"name\":\"Vapingnet.de\",\"description\":\"\",\"publisher\":{\"@id\":\"https:\/\/vapingnet.de\/#organization\"},\"potentialAction\":[{\"@type\":\"SearchAction\",\"target\":{\"@type\":\"EntryPoint\",\"urlTemplate\":\"https:\/\/vapingnet.de\/?s={search_term_string}\"},\"query-input\":{\"@type\":\"PropertyValueSpecification\",\"valueRequired\":true,\"valueName\":\"search_term_string\"}}],\"inLanguage\":\"lt-LT\"},{\"@type\":\"Organization\",\"@id\":\"https:\/\/vapingnet.de\/#organization\",\"name\":\"Vapingnet.de\",\"url\":\"https:\/\/vapingnet.de\/\",\"logo\":{\"@type\":\"ImageObject\",\"inLanguage\":\"lt-LT\",\"@id\":\"https:\/\/vapingnet.de\/#\/schema\/logo\/image\/\",\"url\":\"https:\/\/vapingnet.de\/wp-content\/uploads\/2025\/03\/cropped-vapingnet.de_.jpg\",\"contentUrl\":\"https:\/\/vapingnet.de\/wp-content\/uploads\/2025\/03\/cropped-vapingnet.de_.jpg\",\"width\":512,\"height\":512,\"caption\":\"Vapingnet.de\"},\"image\":{\"@id\":\"https:\/\/vapingnet.de\/#\/schema\/logo\/image\/\"},\"sameAs\":[\"https:\/\/www.facebook.com\/vapingnetde\/\"]}]}<\/script>\n<!-- \/ Yoast SEO plugin. -->","yoast_head_json":{"title":"ELF SHISHA 16000 Einweg E-Zigarette | Grape Ice Geschmack","description":"Moderne Einweg E-Zigarette mit kraftvollem Zug und k\u00fchlem Traubengeschmack \u2013 perfekt f\u00fcr den t\u00e4glichen Genuss.","robots":{"index":"index","follow":"follow","max-snippet":"max-snippet:-1","max-image-preview":"max-image-preview:large","max-video-preview":"max-video-preview:-1"},"canonical":"https:\/\/vapingnet.de\/lt\/vape\/jetzt-grape-ice-testen-elf-shisha-16000-zum-besten-preis-weltweit\/","og_locale":"lt_LT","og_type":"article","og_title":"ELF SHISHA 16000 Einweg E-Zigarette | Grape Ice Geschmack","og_description":"Moderne Einweg E-Zigarette mit kraftvollem Zug und k\u00fchlem Traubengeschmack \u2013 perfekt f\u00fcr den t\u00e4glichen Genuss.","og_url":"https:\/\/vapingnet.de\/lt\/vape\/jetzt-grape-ice-testen-elf-shisha-16000-zum-besten-preis-weltweit\/","og_site_name":"Vapingnet.de","article_publisher":"https:\/\/www.facebook.com\/vapingnetde\/","article_modified_time":"2026-01-21T03:26:15+00:00","og_image":[{"width":1000,"height":1000,"url":"https:\/\/vapingnet.de\/wp-content\/uploads\/2025\/04\/Grape-Ice-2.webp","type":"image\/webp"}],"twitter_card":"summary_large_image","twitter_misc":{"Est. reading time":"3 minutes"},"schema":{"@context":"https:\/\/schema.org","@graph":[{"@type":"WebPage","@id":"https:\/\/vapingnet.de\/vape\/jetzt-grape-ice-testen-elf-shisha-16000-zum-besten-preis-weltweit\/","url":"https:\/\/vapingnet.de\/vape\/jetzt-grape-ice-testen-elf-shisha-16000-zum-besten-preis-weltweit\/","name":"ELF SHISHA 16000 Einweg E-Zigarette | Grape Ice Geschmack","isPartOf":{"@id":"https:\/\/vapingnet.de\/#website"},"primaryImageOfPage":{"@id":"https:\/\/vapingnet.de\/vape\/jetzt-grape-ice-testen-elf-shisha-16000-zum-besten-preis-weltweit\/#primaryimage"},"image":{"@id":"https:\/\/vapingnet.de\/vape\/jetzt-grape-ice-testen-elf-shisha-16000-zum-besten-preis-weltweit\/#primaryimage"},"thumbnailUrl":"https:\/\/vapingnet.de\/wp-content\/uploads\/2025\/04\/Grape-Ice-2.webp","datePublished":"2025-04-21T10:02:55+00:00","dateModified":"2026-01-21T03:26:15+00:00","description":"Moderne Einweg E-Zigarette mit kraftvollem Zug und k\u00fchlem Traubengeschmack \u2013 perfekt f\u00fcr den t\u00e4glichen Genuss.","breadcrumb":{"@id":"https:\/\/vapingnet.de\/vape\/jetzt-grape-ice-testen-elf-shisha-16000-zum-besten-preis-weltweit\/#breadcrumb"},"inLanguage":"lt-LT","potentialAction":[{"@type":"ReadAction","target":["https:\/\/vapingnet.de\/vape\/jetzt-grape-ice-testen-elf-shisha-16000-zum-besten-preis-weltweit\/"]}]},{"@type":"ImageObject","inLanguage":"lt-LT","@id":"https:\/\/vapingnet.de\/vape\/jetzt-grape-ice-testen-elf-shisha-16000-zum-besten-preis-weltweit\/#primaryimage","url":"https:\/\/vapingnet.de\/wp-content\/uploads\/2025\/04\/Grape-Ice-2.webp","contentUrl":"https:\/\/vapingnet.de\/wp-content\/uploads\/2025\/04\/Grape-Ice-2.webp","width":1000,"height":1000},{"@type":"BreadcrumbList","@id":"https:\/\/vapingnet.de\/vape\/jetzt-grape-ice-testen-elf-shisha-16000-zum-besten-preis-weltweit\/#breadcrumb","itemListElement":[{"@type":"ListItem","position":1,"name":"Home","item":"https:\/\/vapingnet.de\/"},{"@type":"ListItem","position":2,"name":"Shop","item":"https:\/\/vapingnet.de\/vape\/"},{"@type":"ListItem","position":3,"name":"Jetzt Grape Ice Testen ELF SHISHA 16000 Zum Besten Preis Weltweit"}]},{"@type":"WebSite","@id":"https:\/\/vapingnet.de\/#website","url":"https:\/\/vapingnet.de\/","name":"Vapingnet.de","description":"","publisher":{"@id":"https:\/\/vapingnet.de\/#organization"},"potentialAction":[{"@type":"SearchAction","target":{"@type":"EntryPoint","urlTemplate":"https:\/\/vapingnet.de\/?s={search_term_string}"},"query-input":{"@type":"PropertyValueSpecification","valueRequired":true,"valueName":"search_term_string"}}],"inLanguage":"lt-LT"},{"@type":"Organization","@id":"https:\/\/vapingnet.de\/#organization","name":"Vapingnet.de","url":"https:\/\/vapingnet.de\/","logo":{"@type":"ImageObject","inLanguage":"lt-LT","@id":"https:\/\/vapingnet.de\/#\/schema\/logo\/image\/","url":"https:\/\/vapingnet.de\/wp-content\/uploads\/2025\/03\/cropped-vapingnet.de_.jpg","contentUrl":"https:\/\/vapingnet.de\/wp-content\/uploads\/2025\/03\/cropped-vapingnet.de_.jpg","width":512,"height":512,"caption":"Vapingnet.de"},"image":{"@id":"https:\/\/vapingnet.de\/#\/schema\/logo\/image\/"},"sameAs":["https:\/\/www.facebook.com\/vapingnetde\/"]}]}},"tiered_pricing_type":"fixed","tiered_pricing_fixed_rules":{"10":"9.41","60":"8.47","110":"7.53","200":"6.59"},"tiered_pricing_product_settings":{"layout":"default","base_unit_name":{"singular":null,"plural":null},"default_variation":null},"tiered_pricing_minimum_quantity":null,"tiered_pricing_roles_data":[],"tiered_pricing_percentage_rules":[],"_links":{"self":[{"href":"https:\/\/vapingnet.de\/lt\/wp-json\/wp\/v2\/product\/6487","targetHints":{"allow":["GET"]}}],"collection":[{"href":"https:\/\/vapingnet.de\/lt\/wp-json\/wp\/v2\/product"}],"about":[{"href":"https:\/\/vapingnet.de\/lt\/wp-json\/wp\/v2\/types\/product"}],"version-history":[{"count":1,"href":"https:\/\/vapingnet.de\/lt\/wp-json\/wp\/v2\/product\/6487\/revisions"}],"predecessor-version":[{"id":6488,"href":"https:\/\/vapingnet.de\/lt\/wp-json\/wp\/v2\/product\/6487\/revisions\/6488"}],"wp:featuredmedia":[{"embeddable":true,"href":"https:\/\/vapingnet.de\/lt\/wp-json\/wp\/v2\/media\/6467"}],"wp:attachment":[{"href":"https:\/\/vapingnet.de\/lt\/wp-json\/wp\/v2\/media?parent=6487"}],"wp:term":[{"taxonomy":"brand","embeddable":true,"href":"https:\/\/vapingnet.de\/lt\/wp-json\/wp\/v2\/etheme_brands?post=6487"},{"taxonomy":"product_brand","embeddable":true,"href":"https:\/\/vapingnet.de\/lt\/wp-json\/wp\/v2\/product_brand?post=6487"},{"taxonomy":"product_cat","embeddable":true,"href":"https:\/\/vapingnet.de\/lt\/wp-json\/wp\/v2\/product_cat?post=6487"},{"taxonomy":"product_tag","embeddable":true,"href":"https:\/\/vapingnet.de\/lt\/wp-json\/wp\/v2\/product_tag?post=6487"}],"curies":[{"name":"wp","href":"https:\/\/api.w.org\/{rel}","templated":true}]}}