{"id":6489,"date":"2025-04-21T10:07:20","date_gmt":"2025-04-21T10:07:20","guid":{"rendered":"https:\/\/vapingnet.de\/?post_type=product&#038;p=6489"},"modified":"2025-06-19T03:42:48","modified_gmt":"2025-06-19T03:42:48","slug":"elf-shisha-16000-cherry-raspberry-begeistert-weltweit-durch-top-qualitaet","status":"publish","type":"product","link":"https:\/\/vapingnet.de\/lt\/vape\/elf-shisha-16000-cherry-raspberry-begeistert-weltweit-durch-top-qualitaet\/","title":{"rendered":"ELF SHISHA 16000 Vy\u0161ni\u0173 ir avie\u010di\u0173 skonis pasaulin\u012f d\u0117mes\u012f pritraukia auk\u0161ta kokybe"},"content":{"rendered":"<h2 data-start=\"0\" data-end=\"59\" data-immersive-translate-walked=\"bf0ad913-41b0-41e7-8146-a0e6ff545b83\">ELF SHISHA 16000: Puikus pasirinkimas ilgesn\u0117ms garinimo sesijoms<\/h2>\n<p class=\"\" data-start=\"61\" data-end=\"463\" data-immersive-translate-walked=\"bf0ad913-41b0-41e7-8146-a0e6ff545b83\" data-immersive-translate-paragraph=\"1\">ELF SHISHA 16000 yra i\u0161skirtin\u0117 vienkartin\u0117 elektronin\u0117 cigaret\u0117, kuri d\u0117l didel\u0117s talpos ir \u012fvairi\u0173 funkcij\u0173 atitinka daugelio garintoj\u0173 poreikius. Su i\u0161skirtiniu \u012fkv\u0117pim\u0173 skai\u010diumi ir patogiu dizainu \u0161i modelis nustato naujus standartus vienkartini\u0173 elektronini\u0173 cigare\u010di\u0173 srityje. Pa\u017ei\u016br\u0117kime \u012f svarbiausias ELF SHISHA 16000 savybes ir privalumus.<\/p>\n<h3>ELF SHISHA 16000 technin\u0117s specifikacijos<\/h3>\n<ul data-start=\"522\" data-end=\"784\" data-immersive-translate-walked=\"bf0ad913-41b0-41e7-8146-a0e6ff545b83\">\n<li class=\"\" data-start=\"522\" data-end=\"546\" data-immersive-translate-walked=\"bf0ad913-41b0-41e7-8146-a0e6ff545b83\">\n<p class=\"\" data-start=\"524\" data-end=\"546\" data-immersive-translate-walked=\"bf0ad913-41b0-41e7-8146-a0e6ff545b83\" data-immersive-translate-paragraph=\"1\">\u012ekv\u0117pimai: 16 000 \u012fkv\u0117pim\u0173<\/p>\n<\/li>\n<li class=\"\" data-start=\"547\" data-end=\"578\" data-immersive-translate-walked=\"bf0ad913-41b0-41e7-8146-a0e6ff545b83\">\n<p class=\"\" data-start=\"549\" data-end=\"578\" data-immersive-translate-walked=\"bf0ad913-41b0-41e7-8146-a0e6ff545b83\" data-immersive-translate-paragraph=\"1\">Vamzdelis: Tinklelio Vamzdelis (0,6 Ohmo)<\/p>\n<\/li>\n<li class=\"\" data-start=\"579\" data-end=\"610\" data-immersive-translate-walked=\"bf0ad913-41b0-41e7-8146-a0e6ff545b83\">\n<p class=\"\" data-start=\"581\" data-end=\"610\" data-immersive-translate-walked=\"bf0ad913-41b0-41e7-8146-a0e6ff545b83\" data-immersive-translate-paragraph=\"1\">E-liquido talpa: 28 ml<\/p>\n<\/li>\n<li class=\"\" data-start=\"611\" data-end=\"648\" data-immersive-translate-walked=\"bf0ad913-41b0-41e7-8146-a0e6ff545b83\">\n<p class=\"\" data-start=\"613\" data-end=\"648\" data-immersive-translate-walked=\"bf0ad913-41b0-41e7-8146-a0e6ff545b83\" data-immersive-translate-paragraph=\"1\">Nikotino pasirinktys: 0%, 2%, 3%, 5%<\/p>\n<\/li>\n<li class=\"\" data-start=\"649\" data-end=\"697\" data-immersive-translate-walked=\"bf0ad913-41b0-41e7-8146-a0e6ff545b83\">\n<p class=\"\" data-start=\"651\" data-end=\"697\" data-immersive-translate-walked=\"bf0ad913-41b0-41e7-8146-a0e6ff545b83\" data-immersive-translate-paragraph=\"1\">Baterija: 600 mAh (\u012fkraunama per Type-C)<\/p>\n<\/li>\n<li class=\"\" data-start=\"698\" data-end=\"717\" data-immersive-translate-walked=\"bf0ad913-41b0-41e7-8146-a0e6ff545b83\">\n<p class=\"\" data-start=\"700\" data-end=\"717\" data-immersive-translate-walked=\"bf0ad913-41b0-41e7-8146-a0e6ff545b83\" data-immersive-translate-paragraph=\"1\">Svoris: 85 g<\/p>\n<\/li>\n<li class=\"\" data-start=\"718\" data-end=\"784\" data-immersive-translate-walked=\"bf0ad913-41b0-41e7-8146-a0e6ff545b83\">\n<p class=\"\" data-start=\"720\" data-end=\"784\" data-immersive-translate-walked=\"bf0ad913-41b0-41e7-8146-a0e6ff545b83\" data-immersive-translate-paragraph=\"1\">Specialios funkcijos: reguliuojama oro cirkuliacija, LED ekranas<\/p>\n<\/li>\n<\/ul>\n<h4 data-start=\"786\" data-end=\"828\" data-immersive-translate-walked=\"bf0ad913-41b0-41e7-8146-a0e6ff545b83\">Ilga tarnavimo trukm\u0117 su 16 000 \u012fkv\u0117pim\u0173<\/h4>\n<p class=\"\" data-start=\"830\" data-end=\"1223\" data-immersive-translate-walked=\"bf0ad913-41b0-41e7-8146-a0e6ff545b83\" data-immersive-translate-paragraph=\"1\">Su 16 000 \u012fkv\u0117pim\u0173 ELF SHISHA 16000 si\u016blo \u012fsp\u016bdingai ilg\u0105 tarnavimo laik\u0105, kuris gerokai vir\u0161ija standartinius modelius. Tai rei\u0161kia ma\u017eiau papildym\u0173 ir daugiau garinimo ilgesn\u012f laik\u0105 \u2013 idealiai tinka garintojams, ie\u0161kantiems tvaraus sprendimo. D\u0117l dosnios 28 ml E-liquido talpos galite intensyviai naudoti ELF SHISHA 16000 be nuolatinio papildymo.<\/p>\n<h4 data-start=\"1225\" data-end=\"1265\" data-immersive-translate-walked=\"bf0ad913-41b0-41e7-8146-a0e6ff545b83\">Tinklelio Vamzdelis geresniam skoniui<\/h4>\n<p class=\"\" data-start=\"1267\" data-end=\"1622\" data-immersive-translate-walked=\"bf0ad913-41b0-41e7-8146-a0e6ff545b83\" data-immersive-translate-paragraph=\"1\">Tinklelio Vamzdelio technologija u\u017etikrina tolyg\u0173 E-liquido garinim\u0105 ir stipresn\u012f skonio intensyvum\u0105. 0,6 Ohmo tinklelio vamzdelis suteikia optimal\u0173 gar\u0173 kiek\u012f, u\u017etikrinant pilnavert\u012f ir malon\u0173 garinimo patirt\u012f. Vy\u0161nios ir avie\u010di\u0173 skonis puikiai i\u0161ry\u0161k\u0117ja, tod\u0117l kiekvienas \u012fkv\u0117pimas yra labai malonus.<\/p>\n<h4 data-start=\"1624\" data-end=\"1658\" data-immersive-translate-walked=\"bf0ad913-41b0-41e7-8146-a0e6ff545b83\">\u012evairios nikotino stiprumo galimyb\u0117s<\/h4>\n<p class=\"\" data-start=\"1660\" data-end=\"1997\" data-immersive-translate-walked=\"bf0ad913-41b0-41e7-8146-a0e6ff545b83\" data-immersive-translate-paragraph=\"1\">ELF SHISHA 16000 yra prieinama keturi\u0173 nikotino stiprum\u0173: 0%, 2%, 3% ir 5%. \u0160is pasirinkimas leid\u017eia vartotojams pasirinkti tinkam\u0105 nikotino stiprum\u0105 pagal j\u0173 skon\u012f ir poreikius. Nesvarbu, ar tai \u0161velnus be nikotino malonumas, ar stiprus su 5% \u2013 ELF SHISHA 16000 apima visk\u0105.<\/p>\n<h4 data-start=\"1999\" data-end=\"2050\" data-immersive-translate-walked=\"bf0ad913-41b0-41e7-8146-a0e6ff545b83\">\u012ekraunama baterija ir Type-C jungtis<\/h4>\n<p class=\"\" data-start=\"2052\" data-end=\"2395\" data-immersive-translate-walked=\"bf0ad913-41b0-41e7-8146-a0e6ff545b83\" data-immersive-translate-paragraph=\"1\">ELF SHISHA 16000 veikia su 600 mAh baterija, kuri \u012fkraunama per Type-C jungt\u012f. \u0160i funkcija u\u017etikrina greit\u0105 ir paprast\u0105 \u012fkrovim\u0105, kai baterija i\u0161sikrauna. Baterija pakankamai ilgam naudojimui, kas ypa\u010d naudinga daug garinan\u010di\u0173j\u0173.<\/p>\n<h4 data-start=\"2397\" data-end=\"2459\" data-immersive-translate-walked=\"bf0ad913-41b0-41e7-8146-a0e6ff545b83\">Reguliuojama oro cirkuliacija individualiam garinimui<\/h4>\n<p class=\"\" data-start=\"2461\" data-end=\"2775\" data-immersive-translate-walked=\"bf0ad913-41b0-41e7-8146-a0e6ff545b83\" data-immersive-translate-paragraph=\"1\">D\u0117l reguliuojamos oro cirkuliacijos galite pritaikyti garinimo patirt\u012f pagal savo norus. Pakeiskite oro sraut\u0105, kad kontroliuotum\u0117te pasiprie\u0161inim\u0105 ir gar\u0173 kiek\u012f, priklausomai nuo to, ar norite stor\u0173 gar\u0173 debes\u0173, ar lengvesnio \u012fkv\u0117pimo. Taip turite visi\u0161k\u0105 kontrol\u0119 savo garinimo patirties at\u017evilgiu.<\/p>\n<h4 data-start=\"2777\" data-end=\"2823\" data-immersive-translate-walked=\"bf0ad913-41b0-41e7-8146-a0e6ff545b83\">LED ekranas naudotojui draugi\u0161kam valdymui<\/h4>\n<p class=\"\" data-start=\"2825\" data-end=\"3076\" data-immersive-translate-walked=\"bf0ad913-41b0-41e7-8146-a0e6ff545b83\" data-immersive-translate-paragraph=\"1\">LED ekranas rodo baterijos b\u016bsen\u0105, tod\u0117l tiksliai \u017einosite, kada reikia \u012fkrauti \u012frengin\u012f. Tai daro ELF SHISHA 16000 ypa\u010d patogiu naudoti, nes nereikia jaudintis d\u0117l netik\u0117tai i\u0161sikraunan\u010dios baterijos.<\/p>\n<h4 data-start=\"3078\" data-end=\"3104\" data-immersive-translate-walked=\"bf0ad913-41b0-41e7-8146-a0e6ff545b83\">Lengvas ir ne\u0161iojamas<\/h4>\n<p class=\"\" data-start=\"3106\" data-end=\"3407\" data-immersive-translate-walked=\"bf0ad913-41b0-41e7-8146-a0e6ff545b83\" data-immersive-translate-paragraph=\"1\">Su tik 85 g svorio ELF SHISHA 16000 yra itin lengva ir lengvai perne\u0161ama. Ji be vargo telpa \u012f bet kuri\u0105 ki\u0161en\u0119 ir yra puikus pasirinkimas mobiliajam naudojimui. M\u0117gaukit\u0117s savo garinimo patirtimi namuose ar kelyje, nesir\u016bpindami svoriu.<\/p>\n<h4 data-start=\"3409\" data-end=\"3462\" data-immersive-translate-walked=\"bf0ad913-41b0-41e7-8146-a0e6ff545b83\">Greitas pristatymas i\u0161 Europos sand\u0117lio<\/h4>\n<p class=\"\" data-start=\"3464\" data-end=\"3767\" data-immersive-translate-walked=\"bf0ad913-41b0-41e7-8146-a0e6ff545b83\" data-immersive-translate-paragraph=\"1\">Didelis ELF SHISHA 16000 prana\u0161umas yra greitas pristatymas i\u0161 Europos sand\u0117lio. Pristatymas vyksta per 7-15 darbo dien\u0173 ir yra muitais neapmokestintas. Taip gausite savo u\u017esakym\u0105 greitai ir be papildom\u0173 i\u0161laid\u0173 \u2013 ne\u012fkainojama nauda Europos garintojams.<\/p>\n<h4 data-start=\"3769\" data-end=\"3814\" data-immersive-translate-walked=\"bf0ad913-41b0-41e7-8146-a0e6ff545b83\">\u012evairiapus\u0117 garinimo patirtis<\/h4>\n<p class=\"\" data-start=\"3816\" data-end=\"4295\" data-immersive-translate-walked=\"bf0ad913-41b0-41e7-8146-a0e6ff545b83\" data-immersive-translate-paragraph=\"1\">ELF SHISHA 16000 yra puikus pasirinkimas garintojams, ie\u0161kantiems ilgaam\u017e\u0117s ir intensyvios garinimo patirties. Su \u012fsp\u016bdinga 16 000 \u012fkv\u0117pim\u0173 talpa, auk\u0161tos kokyb\u0117s tinklelio rit\u0117mis, reguliuojama oro cirkuliacija ir \u012fkraunamu akumuliatoriumi, ji suteikia visk\u0105, kas daro garinim\u0105 maloniu. Skirtingos nikotino stiprumo galimyb\u0117s ir paprastas valdymas daro ELF SHISHA 16000 idealiu palydovu bet kokio lygio garintojams.<\/p>\n<p class=\"\" data-start=\"4297\" data-end=\"4407\" data-immersive-translate-walked=\"bf0ad913-41b0-41e7-8146-a0e6ff545b83\" data-immersive-translate-paragraph=\"1\">U\u017esisakykite dabar ELF SHISHA 16000 i\u0161 vapingnet.de ir patirkite unikali\u0105 garinimo patirt\u012f!<\/p>","protected":false},"excerpt":{"rendered":"<p>Elf Shisha 16000: Puikiai tinka ilgesn\u0117ms garinimo sesijoms Elf Shisha 16000 yra i\u0161skirtin\u0117 vienkartin\u0117 elektronin\u0117 cigaret\u0117, pasi\u017eyminti dideliu talpumu ir \u012fvairiomis funkcijomis...<\/p>","protected":false},"featured_media":6465,"template":"","meta":[],"etheme_brands":[],"product_brand":[100],"product_cat":[91,49,61],"product_tag":[],"class_list":{"0":"post-6489","1":"product","2":"type-product","3":"status-publish","4":"has-post-thumbnail","6":"product_brand-elf-box-vape","7":"product_cat-16k-vape","8":"product_cat-einweg-e-zigarette","9":"product_cat-f","11":"first","12":"instock","13":"shipping-taxable","14":"purchasable","15":"product-type-simple"},"yoast_head":"<!-- This site is optimized with the Yoast SEO plugin v26.5 - https:\/\/yoast.com\/wordpress\/plugins\/seo\/ -->\n<title>ELF SHISHA 16000 Cherry Raspberry Begeistert Weltweit Durch Top Qualit\u00e4t | Vapingnet.de<\/title>\n<meta name=\"description\" content=\"Entdecke ELF SHISHA 16000 Cherry Raspberry Begeistert Weltweit Durch Top Qualit\u00e4t bei vapingnet.de, \u25ba Gro\u00dfe Auswahl an Geschmacksrichtungen &amp; super g\u00fcnstig!\" \/>\n<meta name=\"robots\" content=\"index, follow, max-snippet:-1, max-image-preview:large, max-video-preview:-1\" \/>\n<link rel=\"canonical\" href=\"https:\/\/vapingnet.de\/lt\/vape\/elf-shisha-16000-cherry-raspberry-begeistert-weltweit-durch-top-qualitaet\/\" \/>\n<meta property=\"og:locale\" content=\"lt_LT\" \/>\n<meta property=\"og:type\" content=\"article\" \/>\n<meta property=\"og:title\" content=\"ELF SHISHA 16000 Cherry Raspberry Begeistert Weltweit Durch Top Qualit\u00e4t | Vapingnet.de\" \/>\n<meta property=\"og:description\" content=\"Entdecke ELF SHISHA 16000 Cherry Raspberry Begeistert Weltweit Durch Top Qualit\u00e4t bei vapingnet.de, \u25ba Gro\u00dfe Auswahl an Geschmacksrichtungen &amp; super g\u00fcnstig!\" \/>\n<meta property=\"og:url\" content=\"https:\/\/vapingnet.de\/lt\/vape\/elf-shisha-16000-cherry-raspberry-begeistert-weltweit-durch-top-qualitaet\/\" \/>\n<meta property=\"og:site_name\" content=\"Vapingnet.de\" \/>\n<meta property=\"article:publisher\" content=\"https:\/\/www.facebook.com\/vapingnetde\/\" \/>\n<meta property=\"article:modified_time\" content=\"2025-06-19T03:42:48+00:00\" \/>\n<meta property=\"og:image\" content=\"https:\/\/vapingnet.de\/wp-content\/uploads\/2025\/04\/Cherry-Raspberry.webp\" \/>\n\t<meta property=\"og:image:width\" content=\"1000\" \/>\n\t<meta property=\"og:image:height\" content=\"1000\" \/>\n\t<meta property=\"og:image:type\" content=\"image\/webp\" \/>\n<meta name=\"twitter:card\" content=\"summary_large_image\" \/>\n<meta name=\"twitter:label1\" content=\"Est. reading time\" \/>\n\t<meta name=\"twitter:data1\" content=\"4 minutes\" \/>\n<script type=\"application\/ld+json\" class=\"yoast-schema-graph\">{\"@context\":\"https:\/\/schema.org\",\"@graph\":[{\"@type\":\"WebPage\",\"@id\":\"https:\/\/vapingnet.de\/vape\/elf-shisha-16000-cherry-raspberry-begeistert-weltweit-durch-top-qualitaet\/\",\"url\":\"https:\/\/vapingnet.de\/vape\/elf-shisha-16000-cherry-raspberry-begeistert-weltweit-durch-top-qualitaet\/\",\"name\":\"ELF SHISHA 16000 Cherry Raspberry Begeistert Weltweit Durch Top Qualit\u00e4t | Vapingnet.de\",\"isPartOf\":{\"@id\":\"https:\/\/vapingnet.de\/#website\"},\"primaryImageOfPage\":{\"@id\":\"https:\/\/vapingnet.de\/vape\/elf-shisha-16000-cherry-raspberry-begeistert-weltweit-durch-top-qualitaet\/#primaryimage\"},\"image\":{\"@id\":\"https:\/\/vapingnet.de\/vape\/elf-shisha-16000-cherry-raspberry-begeistert-weltweit-durch-top-qualitaet\/#primaryimage\"},\"thumbnailUrl\":\"https:\/\/vapingnet.de\/wp-content\/uploads\/2025\/04\/Cherry-Raspberry.webp\",\"datePublished\":\"2025-04-21T10:07:20+00:00\",\"dateModified\":\"2025-06-19T03:42:48+00:00\",\"description\":\"Entdecke ELF SHISHA 16000 Cherry Raspberry Begeistert Weltweit Durch Top Qualit\u00e4t bei vapingnet.de, \u25ba Gro\u00dfe Auswahl an Geschmacksrichtungen & super g\u00fcnstig!\",\"breadcrumb\":{\"@id\":\"https:\/\/vapingnet.de\/vape\/elf-shisha-16000-cherry-raspberry-begeistert-weltweit-durch-top-qualitaet\/#breadcrumb\"},\"inLanguage\":\"lt-LT\",\"potentialAction\":[{\"@type\":\"ReadAction\",\"target\":[\"https:\/\/vapingnet.de\/vape\/elf-shisha-16000-cherry-raspberry-begeistert-weltweit-durch-top-qualitaet\/\"]}]},{\"@type\":\"ImageObject\",\"inLanguage\":\"lt-LT\",\"@id\":\"https:\/\/vapingnet.de\/vape\/elf-shisha-16000-cherry-raspberry-begeistert-weltweit-durch-top-qualitaet\/#primaryimage\",\"url\":\"https:\/\/vapingnet.de\/wp-content\/uploads\/2025\/04\/Cherry-Raspberry.webp\",\"contentUrl\":\"https:\/\/vapingnet.de\/wp-content\/uploads\/2025\/04\/Cherry-Raspberry.webp\",\"width\":1000,\"height\":1000},{\"@type\":\"BreadcrumbList\",\"@id\":\"https:\/\/vapingnet.de\/vape\/elf-shisha-16000-cherry-raspberry-begeistert-weltweit-durch-top-qualitaet\/#breadcrumb\",\"itemListElement\":[{\"@type\":\"ListItem\",\"position\":1,\"name\":\"Home\",\"item\":\"https:\/\/vapingnet.de\/\"},{\"@type\":\"ListItem\",\"position\":2,\"name\":\"Shop\",\"item\":\"https:\/\/vapingnet.de\/vape\/\"},{\"@type\":\"ListItem\",\"position\":3,\"name\":\"ELF SHISHA 16000 Cherry Raspberry Begeistert Weltweit Durch Top Qualit\u00e4t\"}]},{\"@type\":\"WebSite\",\"@id\":\"https:\/\/vapingnet.de\/#website\",\"url\":\"https:\/\/vapingnet.de\/\",\"name\":\"Vapingnet.de\",\"description\":\"\",\"publisher\":{\"@id\":\"https:\/\/vapingnet.de\/#organization\"},\"potentialAction\":[{\"@type\":\"SearchAction\",\"target\":{\"@type\":\"EntryPoint\",\"urlTemplate\":\"https:\/\/vapingnet.de\/?s={search_term_string}\"},\"query-input\":{\"@type\":\"PropertyValueSpecification\",\"valueRequired\":true,\"valueName\":\"search_term_string\"}}],\"inLanguage\":\"lt-LT\"},{\"@type\":\"Organization\",\"@id\":\"https:\/\/vapingnet.de\/#organization\",\"name\":\"Vapingnet.de\",\"url\":\"https:\/\/vapingnet.de\/\",\"logo\":{\"@type\":\"ImageObject\",\"inLanguage\":\"lt-LT\",\"@id\":\"https:\/\/vapingnet.de\/#\/schema\/logo\/image\/\",\"url\":\"https:\/\/vapingnet.de\/wp-content\/uploads\/2025\/03\/cropped-vapingnet.de_.jpg\",\"contentUrl\":\"https:\/\/vapingnet.de\/wp-content\/uploads\/2025\/03\/cropped-vapingnet.de_.jpg\",\"width\":512,\"height\":512,\"caption\":\"Vapingnet.de\"},\"image\":{\"@id\":\"https:\/\/vapingnet.de\/#\/schema\/logo\/image\/\"},\"sameAs\":[\"https:\/\/www.facebook.com\/vapingnetde\/\"]}]}<\/script>\n<!-- \/ Yoast SEO plugin. -->","yoast_head_json":{"title":"ELF SHISHA 16000 Cherry Raspberry Begeistert Weltweit Durch Top Qualit\u00e4t | Vapingnet.de","description":"Entdecke ELF SHISHA 16000 Cherry Raspberry Begeistert Weltweit Durch Top Qualit\u00e4t bei vapingnet.de, \u25ba Gro\u00dfe Auswahl an Geschmacksrichtungen & super g\u00fcnstig!","robots":{"index":"index","follow":"follow","max-snippet":"max-snippet:-1","max-image-preview":"max-image-preview:large","max-video-preview":"max-video-preview:-1"},"canonical":"https:\/\/vapingnet.de\/lt\/vape\/elf-shisha-16000-cherry-raspberry-begeistert-weltweit-durch-top-qualitaet\/","og_locale":"lt_LT","og_type":"article","og_title":"ELF SHISHA 16000 Cherry Raspberry Begeistert Weltweit Durch Top Qualit\u00e4t | Vapingnet.de","og_description":"Entdecke ELF SHISHA 16000 Cherry Raspberry Begeistert Weltweit Durch Top Qualit\u00e4t bei vapingnet.de, \u25ba Gro\u00dfe Auswahl an Geschmacksrichtungen & super g\u00fcnstig!","og_url":"https:\/\/vapingnet.de\/lt\/vape\/elf-shisha-16000-cherry-raspberry-begeistert-weltweit-durch-top-qualitaet\/","og_site_name":"Vapingnet.de","article_publisher":"https:\/\/www.facebook.com\/vapingnetde\/","article_modified_time":"2025-06-19T03:42:48+00:00","og_image":[{"width":1000,"height":1000,"url":"https:\/\/vapingnet.de\/wp-content\/uploads\/2025\/04\/Cherry-Raspberry.webp","type":"image\/webp"}],"twitter_card":"summary_large_image","twitter_misc":{"Est. reading time":"4 minutes"},"schema":{"@context":"https:\/\/schema.org","@graph":[{"@type":"WebPage","@id":"https:\/\/vapingnet.de\/vape\/elf-shisha-16000-cherry-raspberry-begeistert-weltweit-durch-top-qualitaet\/","url":"https:\/\/vapingnet.de\/vape\/elf-shisha-16000-cherry-raspberry-begeistert-weltweit-durch-top-qualitaet\/","name":"ELF SHISHA 16000 Cherry Raspberry Begeistert Weltweit Durch Top Qualit\u00e4t | Vapingnet.de","isPartOf":{"@id":"https:\/\/vapingnet.de\/#website"},"primaryImageOfPage":{"@id":"https:\/\/vapingnet.de\/vape\/elf-shisha-16000-cherry-raspberry-begeistert-weltweit-durch-top-qualitaet\/#primaryimage"},"image":{"@id":"https:\/\/vapingnet.de\/vape\/elf-shisha-16000-cherry-raspberry-begeistert-weltweit-durch-top-qualitaet\/#primaryimage"},"thumbnailUrl":"https:\/\/vapingnet.de\/wp-content\/uploads\/2025\/04\/Cherry-Raspberry.webp","datePublished":"2025-04-21T10:07:20+00:00","dateModified":"2025-06-19T03:42:48+00:00","description":"Entdecke ELF SHISHA 16000 Cherry Raspberry Begeistert Weltweit Durch Top Qualit\u00e4t bei vapingnet.de, \u25ba Gro\u00dfe Auswahl an Geschmacksrichtungen & super g\u00fcnstig!","breadcrumb":{"@id":"https:\/\/vapingnet.de\/vape\/elf-shisha-16000-cherry-raspberry-begeistert-weltweit-durch-top-qualitaet\/#breadcrumb"},"inLanguage":"lt-LT","potentialAction":[{"@type":"ReadAction","target":["https:\/\/vapingnet.de\/vape\/elf-shisha-16000-cherry-raspberry-begeistert-weltweit-durch-top-qualitaet\/"]}]},{"@type":"ImageObject","inLanguage":"lt-LT","@id":"https:\/\/vapingnet.de\/vape\/elf-shisha-16000-cherry-raspberry-begeistert-weltweit-durch-top-qualitaet\/#primaryimage","url":"https:\/\/vapingnet.de\/wp-content\/uploads\/2025\/04\/Cherry-Raspberry.webp","contentUrl":"https:\/\/vapingnet.de\/wp-content\/uploads\/2025\/04\/Cherry-Raspberry.webp","width":1000,"height":1000},{"@type":"BreadcrumbList","@id":"https:\/\/vapingnet.de\/vape\/elf-shisha-16000-cherry-raspberry-begeistert-weltweit-durch-top-qualitaet\/#breadcrumb","itemListElement":[{"@type":"ListItem","position":1,"name":"Home","item":"https:\/\/vapingnet.de\/"},{"@type":"ListItem","position":2,"name":"Shop","item":"https:\/\/vapingnet.de\/vape\/"},{"@type":"ListItem","position":3,"name":"ELF SHISHA 16000 Cherry Raspberry Begeistert Weltweit Durch Top Qualit\u00e4t"}]},{"@type":"WebSite","@id":"https:\/\/vapingnet.de\/#website","url":"https:\/\/vapingnet.de\/","name":"Vapingnet.de","description":"","publisher":{"@id":"https:\/\/vapingnet.de\/#organization"},"potentialAction":[{"@type":"SearchAction","target":{"@type":"EntryPoint","urlTemplate":"https:\/\/vapingnet.de\/?s={search_term_string}"},"query-input":{"@type":"PropertyValueSpecification","valueRequired":true,"valueName":"search_term_string"}}],"inLanguage":"lt-LT"},{"@type":"Organization","@id":"https:\/\/vapingnet.de\/#organization","name":"Vapingnet.de","url":"https:\/\/vapingnet.de\/","logo":{"@type":"ImageObject","inLanguage":"lt-LT","@id":"https:\/\/vapingnet.de\/#\/schema\/logo\/image\/","url":"https:\/\/vapingnet.de\/wp-content\/uploads\/2025\/03\/cropped-vapingnet.de_.jpg","contentUrl":"https:\/\/vapingnet.de\/wp-content\/uploads\/2025\/03\/cropped-vapingnet.de_.jpg","width":512,"height":512,"caption":"Vapingnet.de"},"image":{"@id":"https:\/\/vapingnet.de\/#\/schema\/logo\/image\/"},"sameAs":["https:\/\/www.facebook.com\/vapingnetde\/"]}]}},"tiered_pricing_type":"fixed","tiered_pricing_fixed_rules":{"10":"9.41","60":"8.47","110":"7.53","200":"6.59"},"tiered_pricing_product_settings":{"layout":"default","base_unit_name":{"singular":null,"plural":null},"default_variation":null},"tiered_pricing_minimum_quantity":null,"tiered_pricing_roles_data":[],"tiered_pricing_percentage_rules":[],"_links":{"self":[{"href":"https:\/\/vapingnet.de\/lt\/wp-json\/wp\/v2\/product\/6489","targetHints":{"allow":["GET"]}}],"collection":[{"href":"https:\/\/vapingnet.de\/lt\/wp-json\/wp\/v2\/product"}],"about":[{"href":"https:\/\/vapingnet.de\/lt\/wp-json\/wp\/v2\/types\/product"}],"version-history":[{"count":1,"href":"https:\/\/vapingnet.de\/lt\/wp-json\/wp\/v2\/product\/6489\/revisions"}],"predecessor-version":[{"id":6490,"href":"https:\/\/vapingnet.de\/lt\/wp-json\/wp\/v2\/product\/6489\/revisions\/6490"}],"wp:featuredmedia":[{"embeddable":true,"href":"https:\/\/vapingnet.de\/lt\/wp-json\/wp\/v2\/media\/6465"}],"wp:attachment":[{"href":"https:\/\/vapingnet.de\/lt\/wp-json\/wp\/v2\/media?parent=6489"}],"wp:term":[{"taxonomy":"brand","embeddable":true,"href":"https:\/\/vapingnet.de\/lt\/wp-json\/wp\/v2\/etheme_brands?post=6489"},{"taxonomy":"product_brand","embeddable":true,"href":"https:\/\/vapingnet.de\/lt\/wp-json\/wp\/v2\/product_brand?post=6489"},{"taxonomy":"product_cat","embeddable":true,"href":"https:\/\/vapingnet.de\/lt\/wp-json\/wp\/v2\/product_cat?post=6489"},{"taxonomy":"product_tag","embeddable":true,"href":"https:\/\/vapingnet.de\/lt\/wp-json\/wp\/v2\/product_tag?post=6489"}],"curies":[{"name":"wp","href":"https:\/\/api.w.org\/{rel}","templated":true}]}}