{"id":6492,"date":"2025-04-22T01:22:11","date_gmt":"2025-04-22T01:22:11","guid":{"rendered":"https:\/\/vapingnet.de\/?post_type=product&#038;p=6492"},"modified":"2025-06-19T03:42:48","modified_gmt":"2025-06-19T03:42:48","slug":"hochwertige-elf-shisha-16000-mit-strawberry-watermelon-geschmack","status":"publish","type":"product","link":"https:\/\/vapingnet.de\/lt\/vape\/hochwertige-elf-shisha-16000-mit-strawberry-watermelon-geschmack\/","title":{"rendered":"Auk\u0161tos kokyb\u0117s ELF SHISHA 16000 su bra\u0161ki\u0173 ir arb\u016bz\u0173 skoniu"},"content":{"rendered":"<h2 class=\"\" data-start=\"102\" data-end=\"145\" data-immersive-translate-paragraph=\"1\" data-immersive-translate-walked=\"412c073b-3686-449b-987c-ebea5e3268f3\">ELF SHISHA 16000 \u2013 Bra\u0161ki\u0173 arb\u016bzas<\/h2>\n<p class=\"\" data-start=\"147\" data-end=\"394\" data-immersive-translate-paragraph=\"1\" data-immersive-translate-walked=\"412c073b-3686-449b-987c-ebea5e3268f3\">Galutinis gar\u0173 malonumas visiems, kurie ie\u0161ko intensyvaus skonio patirties. Su ELF SHISHA 16000 gauni unikal\u0173 vaisi\u0173 malonum\u0105 su 16000 \u012fkv\u0117pim\u0173 ir gaivumo i\u0161 bra\u0161k\u0117s ir arb\u016bzo.<\/p>\n<h3 class=\"\" data-start=\"401\" data-end=\"432\" data-immersive-translate-paragraph=\"1\" data-immersive-translate-walked=\"412c073b-3686-449b-987c-ebea5e3268f3\">Kod\u0117l ELF SHISHA 16000?<\/h3>\n<p data-start=\"434\" data-end=\"480\" data-immersive-translate-paragraph=\"1\" data-immersive-translate-walked=\"412c073b-3686-449b-987c-ebea5e3268f3\">1. Maksimal\u016bs \u012fkv\u0117pimai ilgesniam malonumui<\/p>\n<p class=\"\" data-start=\"482\" data-end=\"672\" data-immersive-translate-paragraph=\"1\" data-immersive-translate-walked=\"412c073b-3686-449b-987c-ebea5e3268f3\">M\u0117gaukit\u0117s iki 16000 \u012fkv\u0117pim\u0173 kiekviename \u012frenginyje. Nereikia nuolat papildyti ar keisti. Ideali pasirinktis daug garinan\u010di\u0173 ir visiems, kurie m\u0117gsta ilgalaik\u012f gar\u0173 malonum\u0105.<\/p>\n<p data-start=\"674\" data-end=\"727\" data-immersive-translate-paragraph=\"1\" data-immersive-translate-walked=\"412c073b-3686-449b-987c-ebea5e3268f3\">2. \u0160vie\u017eias skonis: Bra\u0161ki\u0173 arb\u016bzas<\/p>\n<p class=\"\" data-start=\"729\" data-end=\"939\" data-immersive-translate-paragraph=\"1\" data-immersive-translate-walked=\"412c073b-3686-449b-987c-ebea5e3268f3\">\u0160vie\u017ei\u0173 bra\u0161ki\u0173 skonis, sujungtas su gaiviu arb\u016bzu, sukuria gaiv\u0173 ir sald\u0173 skonio derin\u012f, kuris pakelia j\u016bs\u0173 poj\u016b\u010dius. Puikiai tinka visiems, m\u0117gstantiems vaisinius aromatus.<\/p>\n<p data-start=\"941\" data-end=\"985\" data-immersive-translate-paragraph=\"1\" data-immersive-translate-walked=\"412c073b-3686-449b-987c-ebea5e3268f3\">3. Inovatyvi tinklelio rit\u0117s technologija<\/p>\n<p class=\"\" data-start=\"987\" data-end=\"1198\" data-immersive-translate-paragraph=\"1\" data-immersive-translate-walked=\"412c073b-3686-449b-987c-ebea5e3268f3\">D\u0117l 0,6 Ohm tinklelio rit\u0117s gaunate vienod\u0105, tank\u0173 gar\u0105, kuris i\u0161gauna piln\u0105 skon\u012f i\u0161 kiekvieno \u012fkv\u0117pimo. Tinklelio technologija u\u017etikrina geresn\u012f aromat\u0173 atk\u016brim\u0105 ir nuolatin\u012f malonum\u0105.<\/p>\n<p data-start=\"1200\" data-end=\"1235\" data-immersive-translate-paragraph=\"1\" data-immersive-translate-walked=\"412c073b-3686-449b-987c-ebea5e3268f3\">4. Reguliuojamas oro srautas<\/p>\n<p class=\"\" data-start=\"1237\" data-end=\"1426\" data-immersive-translate-paragraph=\"1\" data-immersive-translate-walked=\"412c073b-3686-449b-987c-ebea5e3268f3\">Su oro srauto valdymu galite pritaikyti oro sraut\u0105 pagal savo pageidavimus. Pasirinkite tarp laisvesnio ar grie\u017etesnio \u012fkv\u0117pimo \u2013 taip pasieksite b\u016btent jums patinkant\u012f garavimo patirt\u012f.<\/p>\n<h4 data-start=\"1433\" data-end=\"1455\" data-immersive-translate-paragraph=\"1\" data-immersive-translate-walked=\"412c073b-3686-449b-987c-ebea5e3268f3\">Technin\u0117s detal\u0117s<\/h4>\n<ul data-start=\"1457\" data-end=\"1788\" data-immersive-translate-walked=\"412c073b-3686-449b-987c-ebea5e3268f3\">\n<li class=\"\" data-start=\"1457\" data-end=\"1485\" data-immersive-translate-walked=\"412c073b-3686-449b-987c-ebea5e3268f3\">\n<p class=\"\" data-start=\"1459\" data-end=\"1485\" data-immersive-translate-walked=\"412c073b-3686-449b-987c-ebea5e3268f3\" data-immersive-translate-paragraph=\"1\">\u012ekv\u0117pimai: iki 16000<\/p>\n<\/li>\n<li class=\"\" data-start=\"1486\" data-end=\"1520\" data-immersive-translate-walked=\"412c073b-3686-449b-987c-ebea5e3268f3\">\n<p class=\"\" data-start=\"1488\" data-end=\"1520\" data-immersive-translate-walked=\"412c073b-3686-449b-987c-ebea5e3268f3\" data-immersive-translate-paragraph=\"1\">Rit\u0117: Tinklelio rit\u0117, 0,6 Ohm<\/p>\n<\/li>\n<li class=\"\" data-start=\"1521\" data-end=\"1546\" data-immersive-translate-walked=\"412c073b-3686-449b-987c-ebea5e3268f3\">\n<p class=\"\" data-start=\"1523\" data-end=\"1546\" data-immersive-translate-walked=\"412c073b-3686-449b-987c-ebea5e3268f3\" data-immersive-translate-paragraph=\"1\">E-liquidas: 28 ml<\/p>\n<\/li>\n<li class=\"\" data-start=\"1547\" data-end=\"1584\" data-immersive-translate-walked=\"412c073b-3686-449b-987c-ebea5e3268f3\">\n<p class=\"\" data-start=\"1549\" data-end=\"1584\" data-immersive-translate-walked=\"412c073b-3686-449b-987c-ebea5e3268f3\" data-immersive-translate-paragraph=\"1\">Nikotino pasirinktys: 0%, 2%, 3%, 5%<\/p>\n<\/li>\n<li class=\"\" data-start=\"1585\" data-end=\"1645\" data-immersive-translate-walked=\"412c073b-3686-449b-987c-ebea5e3268f3\">\n<p class=\"\" data-start=\"1587\" data-end=\"1645\" data-immersive-translate-walked=\"412c073b-3686-449b-987c-ebea5e3268f3\" data-immersive-translate-paragraph=\"1\">Baterija: 600 mAh (\u012fkraunama per Type-C)<\/p>\n<\/li>\n<li class=\"\" data-start=\"1646\" data-end=\"1698\" data-immersive-translate-walked=\"412c073b-3686-449b-987c-ebea5e3268f3\">\n<p class=\"\" data-start=\"1648\" data-end=\"1698\" data-immersive-translate-walked=\"412c073b-3686-449b-987c-ebea5e3268f3\" data-immersive-translate-paragraph=\"1\">Ekranas: LED ekranas akumuliatoriaus b\u016bsenos rodymui<\/p>\n<\/li>\n<li class=\"\" data-start=\"1699\" data-end=\"1727\" data-immersive-translate-walked=\"412c073b-3686-449b-987c-ebea5e3268f3\">\n<p class=\"\" data-start=\"1701\" data-end=\"1727\" data-immersive-translate-walked=\"412c073b-3686-449b-987c-ebea5e3268f3\" data-immersive-translate-paragraph=\"1\">Oro srautas: reguliuojamas<\/p>\n<\/li>\n<li class=\"\" data-start=\"1728\" data-end=\"1751\" data-immersive-translate-walked=\"412c073b-3686-449b-987c-ebea5e3268f3\">\n<p class=\"\" data-start=\"1730\" data-end=\"1751\" data-immersive-translate-walked=\"412c073b-3686-449b-987c-ebea5e3268f3\" data-immersive-translate-paragraph=\"1\">Svoris: 85 g<\/p>\n<\/li>\n<li class=\"\" data-start=\"1752\" data-end=\"1788\" data-immersive-translate-walked=\"412c073b-3686-449b-987c-ebea5e3268f3\">\n<p class=\"\" data-start=\"1754\" data-end=\"1788\" data-immersive-translate-walked=\"412c073b-3686-449b-987c-ebea5e3268f3\" data-immersive-translate-paragraph=\"1\">Produkto tipas: vienkartin\u0117 elektronin\u0117 cigaret\u0117<\/p>\n<\/li>\n<\/ul>\n<h4 data-start=\"1795\" data-end=\"1840\" data-immersive-translate-paragraph=\"1\" data-immersive-translate-walked=\"412c073b-3686-449b-987c-ebea5e3268f3\">Patogu ir kompakti\u0161ka \u2013 idealiai tinkama kelion\u0117ms<\/h4>\n<p class=\"\" data-start=\"1842\" data-end=\"2085\" data-immersive-translate-paragraph=\"1\" data-immersive-translate-walked=\"412c073b-3686-449b-987c-ebea5e3268f3\">Sveria tik 85 g, ELF SHISHA 16000 yra labai lengva ir patogi. Ji telpa \u012f bet kuri\u0105 ki\u0161en\u0119 ir yra puikus palydovas kelion\u0117se ar susitikimuose su draugais. D\u0117l kompakti\u0161ko dizaino ji visada yra po ranka.<\/p>\n<h4 data-start=\"2092\" data-end=\"2120\" data-immersive-translate-paragraph=\"1\" data-immersive-translate-walked=\"412c073b-3686-449b-987c-ebea5e3268f3\">Privalumai i\u0161kart<\/h4>\n<ul data-start=\"2122\" data-end=\"2494\" data-immersive-translate-walked=\"412c073b-3686-449b-987c-ebea5e3268f3\">\n<li class=\"\" data-start=\"2122\" data-end=\"2170\" data-immersive-translate-walked=\"412c073b-3686-449b-987c-ebea5e3268f3\">\n<p class=\"\" data-start=\"2124\" data-end=\"2170\" data-immersive-translate-walked=\"412c073b-3686-449b-987c-ebea5e3268f3\" data-immersive-translate-paragraph=\"1\">16000 traukini\u0173 ilgalaikiam garo malonumui<\/p>\n<\/li>\n<li class=\"\" data-start=\"2171\" data-end=\"2227\" data-immersive-translate-walked=\"412c073b-3686-449b-987c-ebea5e3268f3\">\n<p class=\"\" data-start=\"2173\" data-end=\"2227\" data-immersive-translate-walked=\"412c073b-3686-449b-987c-ebea5e3268f3\" data-immersive-translate-paragraph=\"1\">Vaisi\u0173 skonis i\u0161 bra\u0161k\u0117s ir arb\u016bzo<\/p>\n<\/li>\n<li class=\"\" data-start=\"2228\" data-end=\"2291\" data-immersive-translate-walked=\"412c073b-3686-449b-987c-ebea5e3268f3\">\n<p class=\"\" data-start=\"2230\" data-end=\"2291\" data-immersive-translate-walked=\"412c073b-3686-449b-987c-ebea5e3268f3\" data-immersive-translate-paragraph=\"1\">Tinklelio rit\u0117s technologija intensyviam, tolygiam garui<\/p>\n<\/li>\n<li class=\"\" data-start=\"2292\" data-end=\"2357\" data-immersive-translate-walked=\"412c073b-3686-449b-987c-ebea5e3268f3\">\n<p class=\"\" data-start=\"2294\" data-end=\"2357\" data-immersive-translate-walked=\"412c073b-3686-449b-987c-ebea5e3268f3\" data-immersive-translate-paragraph=\"1\">Reguliuojamas oro srautas individualiam garavimo patyrimui<\/p>\n<\/li>\n<li class=\"\" data-start=\"2358\" data-end=\"2402\" data-immersive-translate-walked=\"412c073b-3686-449b-987c-ebea5e3268f3\">\n<p class=\"\" data-start=\"2360\" data-end=\"2402\" data-immersive-translate-walked=\"412c073b-3686-449b-987c-ebea5e3268f3\" data-immersive-translate-paragraph=\"1\">LED ekranas akumuliatoriaus b\u016bsenai rodyti<\/p>\n<\/li>\n<li class=\"\" data-start=\"2403\" data-end=\"2440\" data-immersive-translate-walked=\"412c073b-3686-449b-987c-ebea5e3268f3\">\n<p class=\"\" data-start=\"2405\" data-end=\"2440\" data-immersive-translate-walked=\"412c073b-3686-449b-987c-ebea5e3268f3\" data-immersive-translate-paragraph=\"1\">\u012ekraunama per Type-C<\/p>\n<\/li>\n<li class=\"\" data-start=\"2441\" data-end=\"2494\" data-immersive-translate-walked=\"412c073b-3686-449b-987c-ebea5e3268f3\">\n<p class=\"\" data-start=\"2443\" data-end=\"2494\" data-immersive-translate-walked=\"412c073b-3686-449b-987c-ebea5e3268f3\" data-immersive-translate-paragraph=\"1\">Pristatymas be muito \u2013 joki\u0173 pasl\u0117pt\u0173 mokes\u010di\u0173<\/p>\n<\/li>\n<\/ul>\n<h4 data-start=\"2501\" data-end=\"2526\" data-immersive-translate-paragraph=\"1\" data-immersive-translate-walked=\"412c073b-3686-449b-987c-ebea5e3268f3\">Pristatymas ir siuntimas<\/h4>\n<p class=\"\" data-start=\"2528\" data-end=\"2694\" data-immersive-translate-paragraph=\"1\" data-immersive-translate-walked=\"412c073b-3686-449b-987c-ebea5e3268f3\">U\u017esisakyk savo ELF SHISHA 16000 ir m\u0117gaukis greitu pristatymu per 7\u201315 darbo dien\u0173. Be muit\u0173 \u2013 mok\u0117si tik t\u0105 kain\u0105, kuri\u0105 matai.<\/p>\n<p class=\"\" data-start=\"2701\" data-end=\"2855\" data-immersive-translate-paragraph=\"1\" data-immersive-translate-walked=\"412c073b-3686-449b-987c-ebea5e3268f3\">Dabar prieinama vapingnet.de \u2013 \u012fsigyk savo ELF SHISHA 16000 ir patirk vaisi\u0173 garavimo malonum\u0105 auk\u0161\u010diausio lygio!<\/p>","protected":false},"excerpt":{"rendered":"<p>ELF SHISHA 16000 \u2013 Bra\u0161ki\u0173 arb\u016bzas Galutinis garo malonumas tiems, kurie ie\u0161ko intensyvaus skonio patirties. Su ELF SHISHA 16000 \u012fsigysite...<\/p>","protected":false},"featured_media":6474,"template":"","meta":[],"etheme_brands":[],"product_brand":[100],"product_cat":[91,49,61],"product_tag":[],"class_list":{"0":"post-6492","1":"product","2":"type-product","3":"status-publish","4":"has-post-thumbnail","6":"product_brand-elf-box-vape","7":"product_cat-16k-vape","8":"product_cat-einweg-e-zigarette","9":"product_cat-f","11":"first","12":"instock","13":"shipping-taxable","14":"purchasable","15":"product-type-simple"},"yoast_head":"<!-- This site is optimized with the Yoast SEO plugin v26.5 - https:\/\/yoast.com\/wordpress\/plugins\/seo\/ -->\n<title>Hochwertige ELF SHISHA 16000 Mit Strawberry Watermelon Geschmack | Vapingnet.de<\/title>\n<meta name=\"description\" content=\"Entdecke Hochwertige ELF SHISHA 16000 Mit Strawberry Watermelon Geschmack bei vapingnet.de, \u25ba Gro\u00dfe Auswahl an Geschmacksrichtungen &amp; super g\u00fcnstig!\" \/>\n<meta name=\"robots\" content=\"index, follow, max-snippet:-1, max-image-preview:large, max-video-preview:-1\" \/>\n<link rel=\"canonical\" href=\"https:\/\/vapingnet.de\/lt\/vape\/hochwertige-elf-shisha-16000-mit-strawberry-watermelon-geschmack\/\" \/>\n<meta property=\"og:locale\" content=\"lt_LT\" \/>\n<meta property=\"og:type\" content=\"article\" \/>\n<meta property=\"og:title\" content=\"Hochwertige ELF SHISHA 16000 Mit Strawberry Watermelon Geschmack | Vapingnet.de\" \/>\n<meta property=\"og:description\" content=\"Entdecke Hochwertige ELF SHISHA 16000 Mit Strawberry Watermelon Geschmack bei vapingnet.de, \u25ba Gro\u00dfe Auswahl an Geschmacksrichtungen &amp; super g\u00fcnstig!\" \/>\n<meta property=\"og:url\" content=\"https:\/\/vapingnet.de\/lt\/vape\/hochwertige-elf-shisha-16000-mit-strawberry-watermelon-geschmack\/\" \/>\n<meta property=\"og:site_name\" content=\"Vapingnet.de\" \/>\n<meta property=\"article:publisher\" content=\"https:\/\/www.facebook.com\/vapingnetde\/\" \/>\n<meta property=\"article:modified_time\" content=\"2025-06-19T03:42:48+00:00\" \/>\n<meta property=\"og:image\" content=\"https:\/\/vapingnet.de\/wp-content\/uploads\/2025\/04\/Strawberry-Watermelon-3.webp\" \/>\n\t<meta property=\"og:image:width\" content=\"1000\" \/>\n\t<meta property=\"og:image:height\" content=\"1000\" \/>\n\t<meta property=\"og:image:type\" content=\"image\/webp\" \/>\n<meta name=\"twitter:card\" content=\"summary_large_image\" \/>\n<meta name=\"twitter:label1\" content=\"Est. reading time\" \/>\n\t<meta name=\"twitter:data1\" content=\"3 minutes\" \/>\n<script type=\"application\/ld+json\" class=\"yoast-schema-graph\">{\"@context\":\"https:\/\/schema.org\",\"@graph\":[{\"@type\":\"WebPage\",\"@id\":\"https:\/\/vapingnet.de\/vape\/hochwertige-elf-shisha-16000-mit-strawberry-watermelon-geschmack\/\",\"url\":\"https:\/\/vapingnet.de\/vape\/hochwertige-elf-shisha-16000-mit-strawberry-watermelon-geschmack\/\",\"name\":\"Hochwertige ELF SHISHA 16000 Mit Strawberry Watermelon Geschmack | Vapingnet.de\",\"isPartOf\":{\"@id\":\"https:\/\/vapingnet.de\/#website\"},\"primaryImageOfPage\":{\"@id\":\"https:\/\/vapingnet.de\/vape\/hochwertige-elf-shisha-16000-mit-strawberry-watermelon-geschmack\/#primaryimage\"},\"image\":{\"@id\":\"https:\/\/vapingnet.de\/vape\/hochwertige-elf-shisha-16000-mit-strawberry-watermelon-geschmack\/#primaryimage\"},\"thumbnailUrl\":\"https:\/\/vapingnet.de\/wp-content\/uploads\/2025\/04\/Strawberry-Watermelon-3.webp\",\"datePublished\":\"2025-04-22T01:22:11+00:00\",\"dateModified\":\"2025-06-19T03:42:48+00:00\",\"description\":\"Entdecke Hochwertige ELF SHISHA 16000 Mit Strawberry Watermelon Geschmack bei vapingnet.de, \u25ba Gro\u00dfe Auswahl an Geschmacksrichtungen & super g\u00fcnstig!\",\"breadcrumb\":{\"@id\":\"https:\/\/vapingnet.de\/vape\/hochwertige-elf-shisha-16000-mit-strawberry-watermelon-geschmack\/#breadcrumb\"},\"inLanguage\":\"lt-LT\",\"potentialAction\":[{\"@type\":\"ReadAction\",\"target\":[\"https:\/\/vapingnet.de\/vape\/hochwertige-elf-shisha-16000-mit-strawberry-watermelon-geschmack\/\"]}]},{\"@type\":\"ImageObject\",\"inLanguage\":\"lt-LT\",\"@id\":\"https:\/\/vapingnet.de\/vape\/hochwertige-elf-shisha-16000-mit-strawberry-watermelon-geschmack\/#primaryimage\",\"url\":\"https:\/\/vapingnet.de\/wp-content\/uploads\/2025\/04\/Strawberry-Watermelon-3.webp\",\"contentUrl\":\"https:\/\/vapingnet.de\/wp-content\/uploads\/2025\/04\/Strawberry-Watermelon-3.webp\",\"width\":1000,\"height\":1000},{\"@type\":\"BreadcrumbList\",\"@id\":\"https:\/\/vapingnet.de\/vape\/hochwertige-elf-shisha-16000-mit-strawberry-watermelon-geschmack\/#breadcrumb\",\"itemListElement\":[{\"@type\":\"ListItem\",\"position\":1,\"name\":\"Home\",\"item\":\"https:\/\/vapingnet.de\/\"},{\"@type\":\"ListItem\",\"position\":2,\"name\":\"Shop\",\"item\":\"https:\/\/vapingnet.de\/vape\/\"},{\"@type\":\"ListItem\",\"position\":3,\"name\":\"Hochwertige ELF SHISHA 16000 Mit Strawberry Watermelon Geschmack\"}]},{\"@type\":\"WebSite\",\"@id\":\"https:\/\/vapingnet.de\/#website\",\"url\":\"https:\/\/vapingnet.de\/\",\"name\":\"Vapingnet.de\",\"description\":\"\",\"publisher\":{\"@id\":\"https:\/\/vapingnet.de\/#organization\"},\"potentialAction\":[{\"@type\":\"SearchAction\",\"target\":{\"@type\":\"EntryPoint\",\"urlTemplate\":\"https:\/\/vapingnet.de\/?s={search_term_string}\"},\"query-input\":{\"@type\":\"PropertyValueSpecification\",\"valueRequired\":true,\"valueName\":\"search_term_string\"}}],\"inLanguage\":\"lt-LT\"},{\"@type\":\"Organization\",\"@id\":\"https:\/\/vapingnet.de\/#organization\",\"name\":\"Vapingnet.de\",\"url\":\"https:\/\/vapingnet.de\/\",\"logo\":{\"@type\":\"ImageObject\",\"inLanguage\":\"lt-LT\",\"@id\":\"https:\/\/vapingnet.de\/#\/schema\/logo\/image\/\",\"url\":\"https:\/\/vapingnet.de\/wp-content\/uploads\/2025\/03\/cropped-vapingnet.de_.jpg\",\"contentUrl\":\"https:\/\/vapingnet.de\/wp-content\/uploads\/2025\/03\/cropped-vapingnet.de_.jpg\",\"width\":512,\"height\":512,\"caption\":\"Vapingnet.de\"},\"image\":{\"@id\":\"https:\/\/vapingnet.de\/#\/schema\/logo\/image\/\"},\"sameAs\":[\"https:\/\/www.facebook.com\/vapingnetde\/\"]}]}<\/script>\n<!-- \/ Yoast SEO plugin. -->","yoast_head_json":{"title":"Hochwertige ELF SHISHA 16000 Mit Strawberry Watermelon Geschmack | Vapingnet.de","description":"Entdecke Hochwertige ELF SHISHA 16000 Mit Strawberry Watermelon Geschmack bei vapingnet.de, \u25ba Gro\u00dfe Auswahl an Geschmacksrichtungen & super g\u00fcnstig!","robots":{"index":"index","follow":"follow","max-snippet":"max-snippet:-1","max-image-preview":"max-image-preview:large","max-video-preview":"max-video-preview:-1"},"canonical":"https:\/\/vapingnet.de\/lt\/vape\/hochwertige-elf-shisha-16000-mit-strawberry-watermelon-geschmack\/","og_locale":"lt_LT","og_type":"article","og_title":"Hochwertige ELF SHISHA 16000 Mit Strawberry Watermelon Geschmack | Vapingnet.de","og_description":"Entdecke Hochwertige ELF SHISHA 16000 Mit Strawberry Watermelon Geschmack bei vapingnet.de, \u25ba Gro\u00dfe Auswahl an Geschmacksrichtungen & super g\u00fcnstig!","og_url":"https:\/\/vapingnet.de\/lt\/vape\/hochwertige-elf-shisha-16000-mit-strawberry-watermelon-geschmack\/","og_site_name":"Vapingnet.de","article_publisher":"https:\/\/www.facebook.com\/vapingnetde\/","article_modified_time":"2025-06-19T03:42:48+00:00","og_image":[{"width":1000,"height":1000,"url":"https:\/\/vapingnet.de\/wp-content\/uploads\/2025\/04\/Strawberry-Watermelon-3.webp","type":"image\/webp"}],"twitter_card":"summary_large_image","twitter_misc":{"Est. reading time":"3 minutes"},"schema":{"@context":"https:\/\/schema.org","@graph":[{"@type":"WebPage","@id":"https:\/\/vapingnet.de\/vape\/hochwertige-elf-shisha-16000-mit-strawberry-watermelon-geschmack\/","url":"https:\/\/vapingnet.de\/vape\/hochwertige-elf-shisha-16000-mit-strawberry-watermelon-geschmack\/","name":"Hochwertige ELF SHISHA 16000 Mit Strawberry Watermelon Geschmack | Vapingnet.de","isPartOf":{"@id":"https:\/\/vapingnet.de\/#website"},"primaryImageOfPage":{"@id":"https:\/\/vapingnet.de\/vape\/hochwertige-elf-shisha-16000-mit-strawberry-watermelon-geschmack\/#primaryimage"},"image":{"@id":"https:\/\/vapingnet.de\/vape\/hochwertige-elf-shisha-16000-mit-strawberry-watermelon-geschmack\/#primaryimage"},"thumbnailUrl":"https:\/\/vapingnet.de\/wp-content\/uploads\/2025\/04\/Strawberry-Watermelon-3.webp","datePublished":"2025-04-22T01:22:11+00:00","dateModified":"2025-06-19T03:42:48+00:00","description":"Entdecke Hochwertige ELF SHISHA 16000 Mit Strawberry Watermelon Geschmack bei vapingnet.de, \u25ba Gro\u00dfe Auswahl an Geschmacksrichtungen & super g\u00fcnstig!","breadcrumb":{"@id":"https:\/\/vapingnet.de\/vape\/hochwertige-elf-shisha-16000-mit-strawberry-watermelon-geschmack\/#breadcrumb"},"inLanguage":"lt-LT","potentialAction":[{"@type":"ReadAction","target":["https:\/\/vapingnet.de\/vape\/hochwertige-elf-shisha-16000-mit-strawberry-watermelon-geschmack\/"]}]},{"@type":"ImageObject","inLanguage":"lt-LT","@id":"https:\/\/vapingnet.de\/vape\/hochwertige-elf-shisha-16000-mit-strawberry-watermelon-geschmack\/#primaryimage","url":"https:\/\/vapingnet.de\/wp-content\/uploads\/2025\/04\/Strawberry-Watermelon-3.webp","contentUrl":"https:\/\/vapingnet.de\/wp-content\/uploads\/2025\/04\/Strawberry-Watermelon-3.webp","width":1000,"height":1000},{"@type":"BreadcrumbList","@id":"https:\/\/vapingnet.de\/vape\/hochwertige-elf-shisha-16000-mit-strawberry-watermelon-geschmack\/#breadcrumb","itemListElement":[{"@type":"ListItem","position":1,"name":"Home","item":"https:\/\/vapingnet.de\/"},{"@type":"ListItem","position":2,"name":"Shop","item":"https:\/\/vapingnet.de\/vape\/"},{"@type":"ListItem","position":3,"name":"Hochwertige ELF SHISHA 16000 Mit Strawberry Watermelon Geschmack"}]},{"@type":"WebSite","@id":"https:\/\/vapingnet.de\/#website","url":"https:\/\/vapingnet.de\/","name":"Vapingnet.de","description":"","publisher":{"@id":"https:\/\/vapingnet.de\/#organization"},"potentialAction":[{"@type":"SearchAction","target":{"@type":"EntryPoint","urlTemplate":"https:\/\/vapingnet.de\/?s={search_term_string}"},"query-input":{"@type":"PropertyValueSpecification","valueRequired":true,"valueName":"search_term_string"}}],"inLanguage":"lt-LT"},{"@type":"Organization","@id":"https:\/\/vapingnet.de\/#organization","name":"Vapingnet.de","url":"https:\/\/vapingnet.de\/","logo":{"@type":"ImageObject","inLanguage":"lt-LT","@id":"https:\/\/vapingnet.de\/#\/schema\/logo\/image\/","url":"https:\/\/vapingnet.de\/wp-content\/uploads\/2025\/03\/cropped-vapingnet.de_.jpg","contentUrl":"https:\/\/vapingnet.de\/wp-content\/uploads\/2025\/03\/cropped-vapingnet.de_.jpg","width":512,"height":512,"caption":"Vapingnet.de"},"image":{"@id":"https:\/\/vapingnet.de\/#\/schema\/logo\/image\/"},"sameAs":["https:\/\/www.facebook.com\/vapingnetde\/"]}]}},"tiered_pricing_type":"fixed","tiered_pricing_fixed_rules":{"10":"9.41","60":"8.47","110":"7.53","200":"6.59"},"tiered_pricing_product_settings":{"layout":"default","base_unit_name":{"singular":null,"plural":null},"default_variation":null},"tiered_pricing_minimum_quantity":null,"tiered_pricing_roles_data":[],"tiered_pricing_percentage_rules":[],"_links":{"self":[{"href":"https:\/\/vapingnet.de\/lt\/wp-json\/wp\/v2\/product\/6492","targetHints":{"allow":["GET"]}}],"collection":[{"href":"https:\/\/vapingnet.de\/lt\/wp-json\/wp\/v2\/product"}],"about":[{"href":"https:\/\/vapingnet.de\/lt\/wp-json\/wp\/v2\/types\/product"}],"version-history":[{"count":3,"href":"https:\/\/vapingnet.de\/lt\/wp-json\/wp\/v2\/product\/6492\/revisions"}],"predecessor-version":[{"id":6497,"href":"https:\/\/vapingnet.de\/lt\/wp-json\/wp\/v2\/product\/6492\/revisions\/6497"}],"wp:featuredmedia":[{"embeddable":true,"href":"https:\/\/vapingnet.de\/lt\/wp-json\/wp\/v2\/media\/6474"}],"wp:attachment":[{"href":"https:\/\/vapingnet.de\/lt\/wp-json\/wp\/v2\/media?parent=6492"}],"wp:term":[{"taxonomy":"brand","embeddable":true,"href":"https:\/\/vapingnet.de\/lt\/wp-json\/wp\/v2\/etheme_brands?post=6492"},{"taxonomy":"product_brand","embeddable":true,"href":"https:\/\/vapingnet.de\/lt\/wp-json\/wp\/v2\/product_brand?post=6492"},{"taxonomy":"product_cat","embeddable":true,"href":"https:\/\/vapingnet.de\/lt\/wp-json\/wp\/v2\/product_cat?post=6492"},{"taxonomy":"product_tag","embeddable":true,"href":"https:\/\/vapingnet.de\/lt\/wp-json\/wp\/v2\/product_tag?post=6492"}],"curies":[{"name":"wp","href":"https:\/\/api.w.org\/{rel}","templated":true}]}}