{"id":6495,"date":"2025-04-22T01:31:27","date_gmt":"2025-04-22T01:31:27","guid":{"rendered":"https:\/\/vapingnet.de\/?post_type=product&#038;p=6495"},"modified":"2025-06-19T03:42:47","modified_gmt":"2025-06-19T03:42:47","slug":"elf-shisha-16000-mixed-berries-top-verkaeufer-zum-grosshandelspreis","status":"publish","type":"product","link":"https:\/\/vapingnet.de\/lt\/vape\/elf-shisha-16000-mixed-berries-top-verkaeufer-zum-grosshandelspreis\/","title":{"rendered":"ELF SHISHA 16000 Mi\u0161rios uogos Top pardav\u0117jas Didmenin\u0117 kaina"},"content":{"rendered":"<h2 data-start=\"0\" data-end=\"72\" data-immersive-translate-walked=\"340af814-2565-48e6-b7cc-20f79306691b\">Patirkite Mixed Berries skon\u012f su ELF SHISHA 16000<\/h2>\n<p class=\"\" data-start=\"74\" data-end=\"399\" data-immersive-translate-paragraph=\"1\" data-immersive-translate-walked=\"340af814-2565-48e6-b7cc-20f79306691b\">ELF SHISHA 16000 yra ideali pasirinkimas d\u016bm\u0173 m\u0117g\u0117jams, ie\u0161kantiems ilgalaikio ir intensyvaus potyrio. Su 16000 \u012fkv\u0117pim\u0173 ir daugybe funkcij\u0173, toki\u0173 kaip Mesh Coil technologija ir galimyb\u0117 reguliuoti oro sraut\u0105, \u0161is vienkartinis elektroninis cigare\u010di\u0173 modelis si\u016blo neprilygstam\u0105 d\u016bmavimo patirt\u012f.<\/p>\n<h3 class=\"\" data-start=\"401\" data-end=\"440\" data-immersive-translate-walked=\"340af814-2565-48e6-b7cc-20f79306691b\">ELF SHISHA 16000 funkcijos<\/h3>\n<h5 data-start=\"442\" data-end=\"485\" data-immersive-translate-walked=\"340af814-2565-48e6-b7cc-20f79306691b\">ELF SHISHA 16000 ilgaam\u017ei\u0161kumas<\/h5>\n<p class=\"\" data-start=\"486\" data-end=\"700\" data-immersive-translate-walked=\"340af814-2565-48e6-b7cc-20f79306691b\" data-immersive-translate-paragraph=\"1\">Su 16000 \u012fkv\u0117pim\u0173 talpa, ELF SHISHA 16000 pasi\u017eymi i\u0161skirtiniu i\u0161tvermingumu. Tai daro j\u0105 idealiu pasirinkimu d\u016bm\u0173 m\u0117g\u0117jams, ie\u0161kantiems patikimo ir ilgalaikio produkto.<\/p>\n<h5 data-start=\"702\" data-end=\"748\" data-immersive-translate-walked=\"340af814-2565-48e6-b7cc-20f79306691b\">Gaivus Mixed Berries skonio<\/h5>\n<p class=\"\" data-start=\"749\" data-end=\"1060\" data-immersive-translate-walked=\"340af814-2565-48e6-b7cc-20f79306691b\" data-immersive-translate-paragraph=\"1\">Mixed Berries skonio \u012fvairov\u0117 yra gaivi mi\u0161rain\u0117 i\u0161 sald\u017ei\u0173 ir r\u016bg\u0161\u010di\u0173 uog\u0173. Ji suteikia nat\u016bral\u0173 ir vaisi\u0173 aromat\u0173 \u012fvairov\u0119, kuri kiekvienu \u012fkv\u0117pimu tampa malonumu. Nesvarbu, ar m\u0117gstate vaisinius aromatus, ar ie\u0161kote ka\u017eko naujo, \u0161is skonis j\u016bs\u0173 nenusivils.<\/p>\n<h5 data-start=\"1062\" data-end=\"1109\" data-immersive-translate-walked=\"340af814-2565-48e6-b7cc-20f79306691b\">Technologija optimaliam garo kokybei<\/h5>\n<p class=\"\" data-start=\"1110\" data-end=\"1384\" data-immersive-translate-walked=\"340af814-2565-48e6-b7cc-20f79306691b\" data-immersive-translate-paragraph=\"1\">ELF SHISHA 16000 naudoja 0,6 Ohm Mesh Coil, kuri u\u017etikrina tolyg\u0173 garavim\u0105 ir nuosekli\u0105 garo kokyb\u0119. \u0160i technologija u\u017etikrina, kad kiekvienas \u012fkv\u0117pimas b\u016bt\u0173 \u0161velnus ir pilnas skonio, pakeldama d\u016bmavimo patirt\u012f \u012f nauj\u0105 lyg\u012f.<\/p>\n<h5 data-start=\"1386\" data-end=\"1424\" data-immersive-translate-walked=\"340af814-2565-48e6-b7cc-20f79306691b\">\u012ekraunamas ir patogus<\/h5>\n<p class=\"\" data-start=\"1425\" data-end=\"1703\" data-immersive-translate-walked=\"340af814-2565-48e6-b7cc-20f79306691b\" data-immersive-translate-paragraph=\"1\">Su 600 mAh akumuliatoriumi, \u012fkraunamu per Type-C jungt\u012f, ELF SHISHA 16000 suteikia papildom\u0105 patogum\u0105. Jums nereikia jaudintis d\u0117l akumuliatoriaus b\u016bkl\u0117s \u2013 LED ekranas bet kada suteiks informacij\u0105 apie \u012fkrovimo lyg\u012f.<\/p>\n<h5 data-start=\"1705\" data-end=\"1735\" data-immersive-translate-walked=\"340af814-2565-48e6-b7cc-20f79306691b\">Reguliuojamas oro srautas<\/h5>\n<p class=\"\" data-start=\"1736\" data-end=\"1991\" data-immersive-translate-walked=\"340af814-2565-48e6-b7cc-20f79306691b\" data-immersive-translate-paragraph=\"1\">ELF SHISHA 16000 turi reguliuojam\u0105 oro sraut\u0105, leid\u017eiant\u012f pritaikyti oro sraut\u0105 pagal savo poreikius. Taip galite individualiai sukurti savo d\u016bmavimo patirt\u012f \u2013 ar m\u0117gstate \u0161velnius \u012fkv\u0117pimus, ar stipresn\u012f gar\u0105.<\/p>\n<h3 class=\"\" data-start=\"2691\" data-end=\"2724\" data-immersive-translate-walked=\"340af814-2565-48e6-b7cc-20f79306691b\">Privalumai per Vapingnet.de<\/h3>\n<p class=\"\" data-start=\"2726\" data-end=\"2828\" data-immersive-translate-walked=\"340af814-2565-48e6-b7cc-20f79306691b\" data-immersive-translate-paragraph=\"1\">U\u017esakydami ELF SHISHA 16000 per vapingnet.de, gaunate kelet\u0105 privalum\u0173:<\/p>\n<ul data-start=\"2830\" data-end=\"3190\" data-immersive-translate-walked=\"340af814-2565-48e6-b7cc-20f79306691b\">\n<li class=\"\" data-start=\"2830\" data-end=\"2938\" data-immersive-translate-walked=\"340af814-2565-48e6-b7cc-20f79306691b\">\n<p class=\"\" data-start=\"2832\" data-end=\"2938\" data-immersive-translate-walked=\"340af814-2565-48e6-b7cc-20f79306691b\" data-immersive-translate-paragraph=\"1\">Be muit\u0173: joki\u0173 papildom\u0173 muit\u0173 mokes\u010di\u0173, tod\u0117l galite visi\u0161kai susitelkti \u012f savo pirkim\u0105.<\/p>\n<\/li>\n<li class=\"\" data-start=\"2939\" data-end=\"3083\" data-immersive-translate-walked=\"340af814-2565-48e6-b7cc-20f79306691b\">\n<p class=\"\" data-start=\"2941\" data-end=\"3083\" data-immersive-translate-walked=\"340af814-2565-48e6-b7cc-20f79306691b\" data-immersive-translate-paragraph=\"1\">Greitas pristatymas: J\u016bs\u0173 u\u017esakymas bus pristatytas per 7-15 darbo dien\u0173, kad gal\u0117tum\u0117te greitai prad\u0117ti d\u016bminti.<\/p>\n<\/li>\n<li class=\"\" data-start=\"3084\" data-end=\"3190\" data-immersive-translate-walked=\"340af814-2565-48e6-b7cc-20f79306691b\">\n<p class=\"\" data-start=\"3086\" data-end=\"3190\" data-immersive-translate-walked=\"340af814-2565-48e6-b7cc-20f79306691b\" data-immersive-translate-paragraph=\"1\">Auk\u0161ta kokyb\u0117: ELF SHISHA 16000 yra \u017einoma d\u0117l savo puikios kokyb\u0117s ir ilgaam\u017ei\u0161kumo.<\/p>\n<\/li>\n<\/ul>\n<p class=\"\" data-start=\"3496\" data-end=\"3751\" data-immersive-translate-walked=\"340af814-2565-48e6-b7cc-20f79306691b\" data-immersive-translate-paragraph=\"1\">I\u0161vada: ELF SHISHA 16000 su vaisiniu Mixed Berries skoniu yra puikus pasirinkimas d\u016bm\u0173 m\u0117g\u0117jams, ie\u0161kantiems tiek skonio, tiek ilgaam\u017ei\u0161kumo. U\u017esisakykite jau \u0161iandien per vapingnet.de ir m\u0117gaukit\u0117s geriausia d\u016bmavimo patirtimi.<\/p>","protected":false},"excerpt":{"rendered":"<p>Erleben Sie den Geschmack von Mixed Berries mit der ELF SHISHA 16000 Die ELF SHISHA 16000 ist die ideale Wahl f\u00fcr Dampfer, die ein langanhaltendes&#8230;<\/p>","protected":false},"featured_media":6470,"template":"","meta":[],"etheme_brands":[],"product_brand":[100],"product_cat":[91,49,61],"product_tag":[],"class_list":{"0":"post-6495","1":"product","2":"type-product","3":"status-publish","4":"has-post-thumbnail","6":"product_brand-elf-box-vape","7":"product_cat-16k-vape","8":"product_cat-einweg-e-zigarette","9":"product_cat-f","11":"first","12":"instock","13":"shipping-taxable","14":"purchasable","15":"product-type-simple"},"yoast_head":"<!-- This site is optimized with the Yoast SEO plugin v26.5 - https:\/\/yoast.com\/wordpress\/plugins\/seo\/ -->\n<title>ELF SHISHA 16000 Mixed Berries Top Verk\u00e4ufer Zum Gro\u00dfhandelspreis | Vapingnet.de<\/title>\n<meta name=\"description\" content=\"Entdecke ELF SHISHA 16000 Mixed Berries Top Verk\u00e4ufer Zum Gro\u00dfhandelspreis bei vapingnet.de, \u25ba Gro\u00dfe Auswahl an Geschmacksrichtungen &amp; super g\u00fcnstig!\" \/>\n<meta name=\"robots\" content=\"index, follow, max-snippet:-1, max-image-preview:large, max-video-preview:-1\" \/>\n<link rel=\"canonical\" href=\"https:\/\/vapingnet.de\/lt\/vape\/elf-shisha-16000-mixed-berries-top-verkaeufer-zum-grosshandelspreis\/\" \/>\n<meta property=\"og:locale\" content=\"lt_LT\" \/>\n<meta property=\"og:type\" content=\"article\" \/>\n<meta property=\"og:title\" content=\"ELF SHISHA 16000 Mixed Berries Top Verk\u00e4ufer Zum Gro\u00dfhandelspreis | Vapingnet.de\" \/>\n<meta property=\"og:description\" content=\"Entdecke ELF SHISHA 16000 Mixed Berries Top Verk\u00e4ufer Zum Gro\u00dfhandelspreis bei vapingnet.de, \u25ba Gro\u00dfe Auswahl an Geschmacksrichtungen &amp; super g\u00fcnstig!\" \/>\n<meta property=\"og:url\" content=\"https:\/\/vapingnet.de\/lt\/vape\/elf-shisha-16000-mixed-berries-top-verkaeufer-zum-grosshandelspreis\/\" \/>\n<meta property=\"og:site_name\" content=\"Vapingnet.de\" \/>\n<meta property=\"article:publisher\" content=\"https:\/\/www.facebook.com\/vapingnetde\/\" \/>\n<meta property=\"article:modified_time\" content=\"2025-06-19T03:42:47+00:00\" \/>\n<meta property=\"og:image\" content=\"https:\/\/vapingnet.de\/wp-content\/uploads\/2025\/04\/Mixed-Berries.webp\" \/>\n\t<meta property=\"og:image:width\" content=\"1000\" \/>\n\t<meta property=\"og:image:height\" content=\"1000\" \/>\n\t<meta property=\"og:image:type\" content=\"image\/webp\" \/>\n<meta name=\"twitter:card\" content=\"summary_large_image\" \/>\n<meta name=\"twitter:label1\" content=\"Est. reading time\" \/>\n\t<meta name=\"twitter:data1\" content=\"3 minutes\" \/>\n<script type=\"application\/ld+json\" class=\"yoast-schema-graph\">{\"@context\":\"https:\/\/schema.org\",\"@graph\":[{\"@type\":\"WebPage\",\"@id\":\"https:\/\/vapingnet.de\/vape\/elf-shisha-16000-mixed-berries-top-verkaeufer-zum-grosshandelspreis\/\",\"url\":\"https:\/\/vapingnet.de\/vape\/elf-shisha-16000-mixed-berries-top-verkaeufer-zum-grosshandelspreis\/\",\"name\":\"ELF SHISHA 16000 Mixed Berries Top Verk\u00e4ufer Zum Gro\u00dfhandelspreis | Vapingnet.de\",\"isPartOf\":{\"@id\":\"https:\/\/vapingnet.de\/#website\"},\"primaryImageOfPage\":{\"@id\":\"https:\/\/vapingnet.de\/vape\/elf-shisha-16000-mixed-berries-top-verkaeufer-zum-grosshandelspreis\/#primaryimage\"},\"image\":{\"@id\":\"https:\/\/vapingnet.de\/vape\/elf-shisha-16000-mixed-berries-top-verkaeufer-zum-grosshandelspreis\/#primaryimage\"},\"thumbnailUrl\":\"https:\/\/vapingnet.de\/wp-content\/uploads\/2025\/04\/Mixed-Berries.webp\",\"datePublished\":\"2025-04-22T01:31:27+00:00\",\"dateModified\":\"2025-06-19T03:42:47+00:00\",\"description\":\"Entdecke ELF SHISHA 16000 Mixed Berries Top Verk\u00e4ufer Zum Gro\u00dfhandelspreis bei vapingnet.de, \u25ba Gro\u00dfe Auswahl an Geschmacksrichtungen & super g\u00fcnstig!\",\"breadcrumb\":{\"@id\":\"https:\/\/vapingnet.de\/vape\/elf-shisha-16000-mixed-berries-top-verkaeufer-zum-grosshandelspreis\/#breadcrumb\"},\"inLanguage\":\"lt-LT\",\"potentialAction\":[{\"@type\":\"ReadAction\",\"target\":[\"https:\/\/vapingnet.de\/vape\/elf-shisha-16000-mixed-berries-top-verkaeufer-zum-grosshandelspreis\/\"]}]},{\"@type\":\"ImageObject\",\"inLanguage\":\"lt-LT\",\"@id\":\"https:\/\/vapingnet.de\/vape\/elf-shisha-16000-mixed-berries-top-verkaeufer-zum-grosshandelspreis\/#primaryimage\",\"url\":\"https:\/\/vapingnet.de\/wp-content\/uploads\/2025\/04\/Mixed-Berries.webp\",\"contentUrl\":\"https:\/\/vapingnet.de\/wp-content\/uploads\/2025\/04\/Mixed-Berries.webp\",\"width\":1000,\"height\":1000},{\"@type\":\"BreadcrumbList\",\"@id\":\"https:\/\/vapingnet.de\/vape\/elf-shisha-16000-mixed-berries-top-verkaeufer-zum-grosshandelspreis\/#breadcrumb\",\"itemListElement\":[{\"@type\":\"ListItem\",\"position\":1,\"name\":\"Home\",\"item\":\"https:\/\/vapingnet.de\/\"},{\"@type\":\"ListItem\",\"position\":2,\"name\":\"Shop\",\"item\":\"https:\/\/vapingnet.de\/vape\/\"},{\"@type\":\"ListItem\",\"position\":3,\"name\":\"ELF SHISHA 16000 Mixed Berries Top Verk\u00e4ufer Zum Gro\u00dfhandelspreis\"}]},{\"@type\":\"WebSite\",\"@id\":\"https:\/\/vapingnet.de\/#website\",\"url\":\"https:\/\/vapingnet.de\/\",\"name\":\"Vapingnet.de\",\"description\":\"\",\"publisher\":{\"@id\":\"https:\/\/vapingnet.de\/#organization\"},\"potentialAction\":[{\"@type\":\"SearchAction\",\"target\":{\"@type\":\"EntryPoint\",\"urlTemplate\":\"https:\/\/vapingnet.de\/?s={search_term_string}\"},\"query-input\":{\"@type\":\"PropertyValueSpecification\",\"valueRequired\":true,\"valueName\":\"search_term_string\"}}],\"inLanguage\":\"lt-LT\"},{\"@type\":\"Organization\",\"@id\":\"https:\/\/vapingnet.de\/#organization\",\"name\":\"Vapingnet.de\",\"url\":\"https:\/\/vapingnet.de\/\",\"logo\":{\"@type\":\"ImageObject\",\"inLanguage\":\"lt-LT\",\"@id\":\"https:\/\/vapingnet.de\/#\/schema\/logo\/image\/\",\"url\":\"https:\/\/vapingnet.de\/wp-content\/uploads\/2025\/03\/cropped-vapingnet.de_.jpg\",\"contentUrl\":\"https:\/\/vapingnet.de\/wp-content\/uploads\/2025\/03\/cropped-vapingnet.de_.jpg\",\"width\":512,\"height\":512,\"caption\":\"Vapingnet.de\"},\"image\":{\"@id\":\"https:\/\/vapingnet.de\/#\/schema\/logo\/image\/\"},\"sameAs\":[\"https:\/\/www.facebook.com\/vapingnetde\/\"]}]}<\/script>\n<!-- \/ Yoast SEO plugin. -->","yoast_head_json":{"title":"ELF SHISHA 16000 Mixed Berries Top Verk\u00e4ufer Zum Gro\u00dfhandelspreis | Vapingnet.de","description":"Entdecke ELF SHISHA 16000 Mixed Berries Top Verk\u00e4ufer Zum Gro\u00dfhandelspreis bei vapingnet.de, \u25ba Gro\u00dfe Auswahl an Geschmacksrichtungen & super g\u00fcnstig!","robots":{"index":"index","follow":"follow","max-snippet":"max-snippet:-1","max-image-preview":"max-image-preview:large","max-video-preview":"max-video-preview:-1"},"canonical":"https:\/\/vapingnet.de\/lt\/vape\/elf-shisha-16000-mixed-berries-top-verkaeufer-zum-grosshandelspreis\/","og_locale":"lt_LT","og_type":"article","og_title":"ELF SHISHA 16000 Mixed Berries Top Verk\u00e4ufer Zum Gro\u00dfhandelspreis | Vapingnet.de","og_description":"Entdecke ELF SHISHA 16000 Mixed Berries Top Verk\u00e4ufer Zum Gro\u00dfhandelspreis bei vapingnet.de, \u25ba Gro\u00dfe Auswahl an Geschmacksrichtungen & super g\u00fcnstig!","og_url":"https:\/\/vapingnet.de\/lt\/vape\/elf-shisha-16000-mixed-berries-top-verkaeufer-zum-grosshandelspreis\/","og_site_name":"Vapingnet.de","article_publisher":"https:\/\/www.facebook.com\/vapingnetde\/","article_modified_time":"2025-06-19T03:42:47+00:00","og_image":[{"width":1000,"height":1000,"url":"https:\/\/vapingnet.de\/wp-content\/uploads\/2025\/04\/Mixed-Berries.webp","type":"image\/webp"}],"twitter_card":"summary_large_image","twitter_misc":{"Est. reading time":"3 minutes"},"schema":{"@context":"https:\/\/schema.org","@graph":[{"@type":"WebPage","@id":"https:\/\/vapingnet.de\/vape\/elf-shisha-16000-mixed-berries-top-verkaeufer-zum-grosshandelspreis\/","url":"https:\/\/vapingnet.de\/vape\/elf-shisha-16000-mixed-berries-top-verkaeufer-zum-grosshandelspreis\/","name":"ELF SHISHA 16000 Mixed Berries Top Verk\u00e4ufer Zum Gro\u00dfhandelspreis | Vapingnet.de","isPartOf":{"@id":"https:\/\/vapingnet.de\/#website"},"primaryImageOfPage":{"@id":"https:\/\/vapingnet.de\/vape\/elf-shisha-16000-mixed-berries-top-verkaeufer-zum-grosshandelspreis\/#primaryimage"},"image":{"@id":"https:\/\/vapingnet.de\/vape\/elf-shisha-16000-mixed-berries-top-verkaeufer-zum-grosshandelspreis\/#primaryimage"},"thumbnailUrl":"https:\/\/vapingnet.de\/wp-content\/uploads\/2025\/04\/Mixed-Berries.webp","datePublished":"2025-04-22T01:31:27+00:00","dateModified":"2025-06-19T03:42:47+00:00","description":"Entdecke ELF SHISHA 16000 Mixed Berries Top Verk\u00e4ufer Zum Gro\u00dfhandelspreis bei vapingnet.de, \u25ba Gro\u00dfe Auswahl an Geschmacksrichtungen & super g\u00fcnstig!","breadcrumb":{"@id":"https:\/\/vapingnet.de\/vape\/elf-shisha-16000-mixed-berries-top-verkaeufer-zum-grosshandelspreis\/#breadcrumb"},"inLanguage":"lt-LT","potentialAction":[{"@type":"ReadAction","target":["https:\/\/vapingnet.de\/vape\/elf-shisha-16000-mixed-berries-top-verkaeufer-zum-grosshandelspreis\/"]}]},{"@type":"ImageObject","inLanguage":"lt-LT","@id":"https:\/\/vapingnet.de\/vape\/elf-shisha-16000-mixed-berries-top-verkaeufer-zum-grosshandelspreis\/#primaryimage","url":"https:\/\/vapingnet.de\/wp-content\/uploads\/2025\/04\/Mixed-Berries.webp","contentUrl":"https:\/\/vapingnet.de\/wp-content\/uploads\/2025\/04\/Mixed-Berries.webp","width":1000,"height":1000},{"@type":"BreadcrumbList","@id":"https:\/\/vapingnet.de\/vape\/elf-shisha-16000-mixed-berries-top-verkaeufer-zum-grosshandelspreis\/#breadcrumb","itemListElement":[{"@type":"ListItem","position":1,"name":"Home","item":"https:\/\/vapingnet.de\/"},{"@type":"ListItem","position":2,"name":"Shop","item":"https:\/\/vapingnet.de\/vape\/"},{"@type":"ListItem","position":3,"name":"ELF SHISHA 16000 Mixed Berries Top Verk\u00e4ufer Zum Gro\u00dfhandelspreis"}]},{"@type":"WebSite","@id":"https:\/\/vapingnet.de\/#website","url":"https:\/\/vapingnet.de\/","name":"Vapingnet.de","description":"","publisher":{"@id":"https:\/\/vapingnet.de\/#organization"},"potentialAction":[{"@type":"SearchAction","target":{"@type":"EntryPoint","urlTemplate":"https:\/\/vapingnet.de\/?s={search_term_string}"},"query-input":{"@type":"PropertyValueSpecification","valueRequired":true,"valueName":"search_term_string"}}],"inLanguage":"lt-LT"},{"@type":"Organization","@id":"https:\/\/vapingnet.de\/#organization","name":"Vapingnet.de","url":"https:\/\/vapingnet.de\/","logo":{"@type":"ImageObject","inLanguage":"lt-LT","@id":"https:\/\/vapingnet.de\/#\/schema\/logo\/image\/","url":"https:\/\/vapingnet.de\/wp-content\/uploads\/2025\/03\/cropped-vapingnet.de_.jpg","contentUrl":"https:\/\/vapingnet.de\/wp-content\/uploads\/2025\/03\/cropped-vapingnet.de_.jpg","width":512,"height":512,"caption":"Vapingnet.de"},"image":{"@id":"https:\/\/vapingnet.de\/#\/schema\/logo\/image\/"},"sameAs":["https:\/\/www.facebook.com\/vapingnetde\/"]}]}},"tiered_pricing_type":"fixed","tiered_pricing_fixed_rules":{"10":"9.41","60":"8.47","110":"7.53","200":"6.59"},"tiered_pricing_product_settings":{"layout":"default","base_unit_name":{"singular":null,"plural":null},"default_variation":null},"tiered_pricing_minimum_quantity":null,"tiered_pricing_roles_data":[],"tiered_pricing_percentage_rules":[],"_links":{"self":[{"href":"https:\/\/vapingnet.de\/lt\/wp-json\/wp\/v2\/product\/6495","targetHints":{"allow":["GET"]}}],"collection":[{"href":"https:\/\/vapingnet.de\/lt\/wp-json\/wp\/v2\/product"}],"about":[{"href":"https:\/\/vapingnet.de\/lt\/wp-json\/wp\/v2\/types\/product"}],"version-history":[{"count":1,"href":"https:\/\/vapingnet.de\/lt\/wp-json\/wp\/v2\/product\/6495\/revisions"}],"predecessor-version":[{"id":6499,"href":"https:\/\/vapingnet.de\/lt\/wp-json\/wp\/v2\/product\/6495\/revisions\/6499"}],"wp:featuredmedia":[{"embeddable":true,"href":"https:\/\/vapingnet.de\/lt\/wp-json\/wp\/v2\/media\/6470"}],"wp:attachment":[{"href":"https:\/\/vapingnet.de\/lt\/wp-json\/wp\/v2\/media?parent=6495"}],"wp:term":[{"taxonomy":"brand","embeddable":true,"href":"https:\/\/vapingnet.de\/lt\/wp-json\/wp\/v2\/etheme_brands?post=6495"},{"taxonomy":"product_brand","embeddable":true,"href":"https:\/\/vapingnet.de\/lt\/wp-json\/wp\/v2\/product_brand?post=6495"},{"taxonomy":"product_cat","embeddable":true,"href":"https:\/\/vapingnet.de\/lt\/wp-json\/wp\/v2\/product_cat?post=6495"},{"taxonomy":"product_tag","embeddable":true,"href":"https:\/\/vapingnet.de\/lt\/wp-json\/wp\/v2\/product_tag?post=6495"}],"curies":[{"name":"wp","href":"https:\/\/api.w.org\/{rel}","templated":true}]}}