{"id":6546,"date":"2025-04-27T07:17:51","date_gmt":"2025-04-27T07:17:51","guid":{"rendered":"https:\/\/vapingnet.de\/?post_type=product&#038;p=6546"},"modified":"2025-06-19T03:39:26","modified_gmt":"2025-06-19T03:39:26","slug":"bang-tick-tock-20000-puffs-strawberry-kiwi-fuer-unvergesslichen-geschmack","status":"publish","type":"product","link":"https:\/\/vapingnet.de\/lt\/vape\/bang-tick-tock-20000-puffs-strawberry-kiwi-fuer-unvergesslichen-geschmack\/","title":{"rendered":"Bang Tick Tock 20000 Puffs Bra\u0161k\u0117 Kiwi \u2013 nepamir\u0161tamas skonis"},"content":{"rendered":"<h2 data-start=\"145\" data-end=\"211\" data-immersive-translate-walked=\"b44ca453-57a5-400d-9a63-4bed563243b6\">Bang Tick Tock 20000 R\u016bkal\u0173 \u2013 Inovacijos tavo garinimo patir\u010diai<\/h2>\n<h4 data-start=\"213\" data-end=\"675\" data-immersive-translate-walked=\"b44ca453-57a5-400d-9a63-4bed563243b6\" data-immersive-translate-paragraph=\"1\">Dvi Vape re\u017eimai lankstesniam garinimui<\/h4>\n<p class=\"\" data-start=\"213\" data-end=\"675\" data-immersive-translate-walked=\"b44ca453-57a5-400d-9a63-4bed563243b6\" data-immersive-translate-paragraph=\"1\">Bang Tick Tock 20000 R\u016bkal\u0173 i\u0161siskiria savo unikaliu techniniu sprendimu, kuris \u017eymiai skiriasi nuo \u012fprast\u0173 vienkartini\u0173 \u012frengini\u0173. Dinaminio re\u017eimo metu kiekvieno \u012fkv\u0117pimo metu sukasi matomi pavaros, kurie paver\u010dia garinim\u0105 \u012f interaktyvi\u0105 patirt\u012f. Kas m\u0117gsta ram\u0173 atmosfer\u0105, gali greitai pereiti \u012f tyl\u0173j\u012f re\u017eim\u0105: u\u017etenka trij\u0173 greit\u0173 \u012fkv\u0117pim\u0173 per dvi sekundes, kad sustabdytum\u0117te mechanin\u012f judes\u012f.<\/p>\n<p class=\"\" data-start=\"677\" data-end=\"955\" data-immersive-translate-walked=\"b44ca453-57a5-400d-9a63-4bed563243b6\" data-immersive-translate-paragraph=\"1\">\u0160i lankstumo galimyb\u0117 leid\u017eia pritaikyti garinim\u0105 pagal situacij\u0105. Ar i\u0161siskiriantis ir dinami\u0161kas, ar diskreti\u0161kas ir tylus \u2013 Bang Tick Tock si\u016blo tinkam\u0105 variant\u0105 kiekvienai nuotaikai. Tod\u0117l jis puikiai tinka tiek draugi\u0161kiems susib\u016brimams, tiek diskreti\u0161kiems momentams.<\/p>\n<h4 data-start=\"957\" data-end=\"1282\" data-immersive-translate-walked=\"b44ca453-57a5-400d-9a63-4bed563243b6\" data-immersive-translate-paragraph=\"1\">Maksimalus i\u0161tverm\u0117s lygis d\u0117ka didelio E-skys\u010dio t\u016brio<\/h4>\n<p class=\"\" data-start=\"957\" data-end=\"1282\" data-immersive-translate-walked=\"b44ca453-57a5-400d-9a63-4bed563243b6\" data-immersive-translate-paragraph=\"1\">Su \u012fsp\u016bdingu 25 ml bako t\u016briu, Bang Tick Tock yra vienas i\u0161 i\u0161tvermingiausi\u0173 vienkartini\u0173 elektronini\u0173 cigare\u010di\u0173 rinkoje. Ilgos sesijos be papildymo ar keitimo yra lengvai \u012fgyvendinamos, idealiai tinka naudotojams, vertinantiems nepriklausomyb\u0119 ir patogum\u0105.<\/p>\n<p class=\"\" data-start=\"1284\" data-end=\"1559\" data-immersive-translate-walked=\"b44ca453-57a5-400d-9a63-4bed563243b6\" data-immersive-translate-paragraph=\"1\">Be to, si\u016bloma \u012fvairi\u0173 nikotino stiprum\u0173 pasirinktis: 0\u202f%, 2\u202f%, 3\u202f% ir 5\u202f%. \u0160is \u012frenginys apima vis\u0105 nikotino stiprum\u0173 spektr\u0105 \u2013 nuo visi\u0161kai nikotino neturin\u010di\u0173 variant\u0173 iki intensyvaus malonumo. Kiekvienas garintojas ras \u010dia tobul\u0105 pusiausvyr\u0105 tarp skonio ir poveikio.<\/p>\n<h4 data-start=\"1561\" data-end=\"1858\" data-immersive-translate-walked=\"b44ca453-57a5-400d-9a63-4bed563243b6\" data-immersive-translate-paragraph=\"1\">Galinga technika kompakti\u0161koje formoje<\/h4>\n<p class=\"\" data-start=\"1561\" data-end=\"1858\" data-immersive-translate-walked=\"b44ca453-57a5-400d-9a63-4bed563243b6\" data-immersive-translate-paragraph=\"1\">Veikiamas ilgaam\u017eio 500 mAh akumuliatoriaus, Bang Tick Tock pasi\u017eymi ir i\u0161tverme. Nepaisant didelio r\u016bkal\u0173 kiekio, \u012frenginys i\u0161lieka steb\u0117tinai lengvas ir kompakti\u0161kas. Svoris tik 91 g, jis patogiai telpa rankoje ir \u012fdedamas \u012f bet kuri\u0105 ki\u0161en\u0119.<\/p>\n<p class=\"\" data-start=\"1860\" data-end=\"2054\" data-immersive-translate-walked=\"b44ca453-57a5-400d-9a63-4bed563243b6\" data-immersive-translate-paragraph=\"1\">Modernus Tipo-C \u012fkroviklis leid\u017eia greitai ir paprastai \u012fkrauti. \u0160is na\u0161umo ir mobilumo derinys daro Bang Tick Tock idealiu palydovu kelion\u0117se ir i\u0161vykose.<\/p>\n<h4 data-start=\"2056\" data-end=\"2367\" data-immersive-translate-walked=\"b44ca453-57a5-400d-9a63-4bed563243b6\" data-immersive-translate-paragraph=\"1\">Tinklelis rit\u0117 intensyviam skoniui ir \u0161velniems \u012fkv\u0117pimams<\/h4>\n<p class=\"\" data-start=\"2056\" data-end=\"2367\" data-immersive-translate-walked=\"b44ca453-57a5-400d-9a63-4bed563243b6\" data-immersive-translate-paragraph=\"1\">\u012emontuota 1,0 Ohm tinklelio rit\u0117 u\u017etikrina tolyg\u0173 \u0161ilumos paskirstym\u0105 ir maksimaliai i\u0161ry\u0161kina E-skys\u010dio aromat\u0105. Kiekvienas \u012fkv\u0117pimas tampa ypa\u010d \u0161velnus ir pilnas skoni\u0173, idealiai tinka MTL garintojams, vertinantiems autenti\u0161k\u0105 skonio patirt\u012f.<\/p>\n<p class=\"\" data-start=\"2369\" data-end=\"2607\" data-immersive-translate-walked=\"b44ca453-57a5-400d-9a63-4bed563243b6\" data-immersive-translate-paragraph=\"1\">D\u0117l \u012fkv\u0117pimo aktyvavimo garinimas tampa dar paprastesnis: jokio mygtuko, joki\u0173 nustatym\u0173, tiesiog \u012fkv\u0117pk ir m\u0117gaukis. \u0160is intuityvus valdymas daro \u012frengin\u012f patraukl\u0173 tiek pradedantiesiems, tiek patyrusiems garintojams.<\/p>\n<h4 data-start=\"2609\" data-end=\"2863\" data-immersive-translate-walked=\"b44ca453-57a5-400d-9a63-4bed563243b6\" data-immersive-translate-paragraph=\"1\">Skoni\u0173 patirtis su Bra\u0161k\u0117 ir Kivi<\/h4>\n<p class=\"\" data-start=\"2609\" data-end=\"2863\" data-immersive-translate-walked=\"b44ca453-57a5-400d-9a63-4bed563243b6\" data-immersive-translate-paragraph=\"1\">Bra\u0161k\u0117 ir Kivi r\u016b\u0161is si\u016blo harmoning\u0105 sald\u017eios bra\u0161k\u0117s ir gaivios kivio mi\u0161in\u012f. Skonis yra tobulai subalansuotas ir kiekvienu \u012fkv\u0117pimu suteikia vaising\u0105 ir gyvybing\u0105 patirt\u012f.<\/p>\n<p class=\"\" data-start=\"2865\" data-end=\"3096\" data-immersive-translate-walked=\"b44ca453-57a5-400d-9a63-4bed563243b6\" data-immersive-translate-paragraph=\"1\">Ypa\u010d intensyviai atsiskleid\u017eia su tinklelio rit\u0117s pagalba. Bra\u0161k\u0117 ir Kivi tampa ideali kasdien\u0117 kompanion\u0117 tiems, kurie m\u0117gsta vaisi\u0161kum\u0105 ir nenori kompromis\u0173 garinant.<\/p>\n<h3 data-start=\"3098\" data-end=\"3419\" data-immersive-translate-walked=\"b44ca453-57a5-400d-9a63-4bed563243b6\" data-immersive-translate-paragraph=\"1\">Mokes\u010di\u0173 nemokamas ir greitas pristatymas per vapingnet.de<\/h3>\n<p class=\"\" data-start=\"3098\" data-end=\"3419\" data-immersive-translate-walked=\"b44ca453-57a5-400d-9a63-4bed563243b6\" data-immersive-translate-paragraph=\"1\">U\u017esakydami savo Bang Tick Tock 20000 R\u016bkal\u0173 per vapingnet.de, ne tik gaunate patrauklias kainas, bet ir mokes\u010di\u0173 nemokam\u0105 pristatym\u0105. Optimizuota logistikos sistema u\u017etikrina patikim\u0105 ir saug\u0173 siuntim\u0105 per 7 iki 15 darbo dien\u0173.<\/p>\n<p class=\"\" data-start=\"3421\" data-end=\"3639\" data-immersive-translate-walked=\"b44ca453-57a5-400d-9a63-4bed563243b6\" data-immersive-translate-paragraph=\"1\">Be papildom\u0173 muitin\u0117s formalum\u0173 ir pasl\u0117pt\u0173 i\u0161laid\u0173, \u012frenginys greitai ir paprastai pasiekia j\u016bs\u0173 namus. Taip galite m\u0117gautis savo garinimo patirtimi be laukimo ir visi\u0161kai susitelkti \u012f malonum\u0105.<\/p>","protected":false},"excerpt":{"rendered":"<p>Bang Tick Tock 20000 P\u016b\u010di\u0173 \u2013 inovacija j\u016bs\u0173 garinimo patir\u010diai. Du Vape re\u017eimai lankstiems garintojams. Bang Tick Tock 20000 P\u016b\u010di\u0173 i\u0161siskiria savo...<\/p>","protected":false},"featured_media":6547,"template":"","meta":[],"etheme_brands":[],"product_brand":[101],"product_cat":[54,49,61],"product_tag":[],"class_list":{"0":"post-6546","1":"product","2":"type-product","3":"status-publish","4":"has-post-thumbnail","6":"product_brand-bang-king-vape","7":"product_cat-vape-20000-zuege","8":"product_cat-einweg-e-zigarette","9":"product_cat-f","11":"first","12":"instock","13":"shipping-taxable","14":"purchasable","15":"product-type-simple"},"yoast_head":"<!-- This site is optimized with the Yoast SEO plugin v26.5 - https:\/\/yoast.com\/wordpress\/plugins\/seo\/ -->\n<title>Bang Tick Tock 20000 Puffs Strawberry Kiwi F\u00fcr Unvergesslichen Geschmack | Vapingnet.de<\/title>\n<meta name=\"description\" content=\"Entdecke Bang Tick Tock 20000 Puffs Strawberry Kiwi F\u00fcr Unvergesslichen Geschmack bei vapingnet.de, \u25ba Gro\u00dfe Auswahl an Geschmacksrichtungen &amp; super g\u00fcnstig!\" \/>\n<meta name=\"robots\" content=\"index, follow, max-snippet:-1, max-image-preview:large, max-video-preview:-1\" \/>\n<link rel=\"canonical\" href=\"https:\/\/vapingnet.de\/lt\/vape\/bang-tick-tock-20000-puffs-strawberry-kiwi-fuer-unvergesslichen-geschmack\/\" \/>\n<meta property=\"og:locale\" content=\"lt_LT\" \/>\n<meta property=\"og:type\" content=\"article\" \/>\n<meta property=\"og:title\" content=\"Bang Tick Tock 20000 Puffs Strawberry Kiwi F\u00fcr Unvergesslichen Geschmack | Vapingnet.de\" \/>\n<meta property=\"og:description\" content=\"Entdecke Bang Tick Tock 20000 Puffs Strawberry Kiwi F\u00fcr Unvergesslichen Geschmack bei vapingnet.de, \u25ba Gro\u00dfe Auswahl an Geschmacksrichtungen &amp; super g\u00fcnstig!\" \/>\n<meta property=\"og:url\" content=\"https:\/\/vapingnet.de\/lt\/vape\/bang-tick-tock-20000-puffs-strawberry-kiwi-fuer-unvergesslichen-geschmack\/\" \/>\n<meta property=\"og:site_name\" content=\"Vapingnet.de\" \/>\n<meta property=\"article:publisher\" content=\"https:\/\/www.facebook.com\/vapingnetde\/\" \/>\n<meta property=\"article:modified_time\" content=\"2025-06-19T03:39:26+00:00\" \/>\n<meta property=\"og:image\" content=\"https:\/\/vapingnet.de\/wp-content\/uploads\/2025\/04\/Strawberry-Kiwi-1.webp\" \/>\n\t<meta property=\"og:image:width\" content=\"1000\" \/>\n\t<meta property=\"og:image:height\" content=\"1000\" \/>\n\t<meta property=\"og:image:type\" content=\"image\/webp\" \/>\n<meta name=\"twitter:card\" content=\"summary_large_image\" \/>\n<meta name=\"twitter:label1\" content=\"Est. reading time\" \/>\n\t<meta name=\"twitter:data1\" content=\"3 minutes\" \/>\n<script type=\"application\/ld+json\" class=\"yoast-schema-graph\">{\"@context\":\"https:\/\/schema.org\",\"@graph\":[{\"@type\":\"WebPage\",\"@id\":\"https:\/\/vapingnet.de\/vape\/bang-tick-tock-20000-puffs-strawberry-kiwi-fuer-unvergesslichen-geschmack\/\",\"url\":\"https:\/\/vapingnet.de\/vape\/bang-tick-tock-20000-puffs-strawberry-kiwi-fuer-unvergesslichen-geschmack\/\",\"name\":\"Bang Tick Tock 20000 Puffs Strawberry Kiwi F\u00fcr Unvergesslichen Geschmack | Vapingnet.de\",\"isPartOf\":{\"@id\":\"https:\/\/vapingnet.de\/#website\"},\"primaryImageOfPage\":{\"@id\":\"https:\/\/vapingnet.de\/vape\/bang-tick-tock-20000-puffs-strawberry-kiwi-fuer-unvergesslichen-geschmack\/#primaryimage\"},\"image\":{\"@id\":\"https:\/\/vapingnet.de\/vape\/bang-tick-tock-20000-puffs-strawberry-kiwi-fuer-unvergesslichen-geschmack\/#primaryimage\"},\"thumbnailUrl\":\"https:\/\/vapingnet.de\/wp-content\/uploads\/2025\/04\/Strawberry-Kiwi-1.webp\",\"datePublished\":\"2025-04-27T07:17:51+00:00\",\"dateModified\":\"2025-06-19T03:39:26+00:00\",\"description\":\"Entdecke Bang Tick Tock 20000 Puffs Strawberry Kiwi F\u00fcr Unvergesslichen Geschmack bei vapingnet.de, \u25ba Gro\u00dfe Auswahl an Geschmacksrichtungen & super g\u00fcnstig!\",\"breadcrumb\":{\"@id\":\"https:\/\/vapingnet.de\/vape\/bang-tick-tock-20000-puffs-strawberry-kiwi-fuer-unvergesslichen-geschmack\/#breadcrumb\"},\"inLanguage\":\"lt-LT\",\"potentialAction\":[{\"@type\":\"ReadAction\",\"target\":[\"https:\/\/vapingnet.de\/vape\/bang-tick-tock-20000-puffs-strawberry-kiwi-fuer-unvergesslichen-geschmack\/\"]}]},{\"@type\":\"ImageObject\",\"inLanguage\":\"lt-LT\",\"@id\":\"https:\/\/vapingnet.de\/vape\/bang-tick-tock-20000-puffs-strawberry-kiwi-fuer-unvergesslichen-geschmack\/#primaryimage\",\"url\":\"https:\/\/vapingnet.de\/wp-content\/uploads\/2025\/04\/Strawberry-Kiwi-1.webp\",\"contentUrl\":\"https:\/\/vapingnet.de\/wp-content\/uploads\/2025\/04\/Strawberry-Kiwi-1.webp\",\"width\":1000,\"height\":1000},{\"@type\":\"BreadcrumbList\",\"@id\":\"https:\/\/vapingnet.de\/vape\/bang-tick-tock-20000-puffs-strawberry-kiwi-fuer-unvergesslichen-geschmack\/#breadcrumb\",\"itemListElement\":[{\"@type\":\"ListItem\",\"position\":1,\"name\":\"Home\",\"item\":\"https:\/\/vapingnet.de\/\"},{\"@type\":\"ListItem\",\"position\":2,\"name\":\"Shop\",\"item\":\"https:\/\/vapingnet.de\/vape\/\"},{\"@type\":\"ListItem\",\"position\":3,\"name\":\"Bang Tick Tock 20000 Puffs Strawberry Kiwi F\u00fcr Unvergesslichen Geschmack\"}]},{\"@type\":\"WebSite\",\"@id\":\"https:\/\/vapingnet.de\/#website\",\"url\":\"https:\/\/vapingnet.de\/\",\"name\":\"Vapingnet.de\",\"description\":\"\",\"publisher\":{\"@id\":\"https:\/\/vapingnet.de\/#organization\"},\"potentialAction\":[{\"@type\":\"SearchAction\",\"target\":{\"@type\":\"EntryPoint\",\"urlTemplate\":\"https:\/\/vapingnet.de\/?s={search_term_string}\"},\"query-input\":{\"@type\":\"PropertyValueSpecification\",\"valueRequired\":true,\"valueName\":\"search_term_string\"}}],\"inLanguage\":\"lt-LT\"},{\"@type\":\"Organization\",\"@id\":\"https:\/\/vapingnet.de\/#organization\",\"name\":\"Vapingnet.de\",\"url\":\"https:\/\/vapingnet.de\/\",\"logo\":{\"@type\":\"ImageObject\",\"inLanguage\":\"lt-LT\",\"@id\":\"https:\/\/vapingnet.de\/#\/schema\/logo\/image\/\",\"url\":\"https:\/\/vapingnet.de\/wp-content\/uploads\/2025\/03\/cropped-vapingnet.de_.jpg\",\"contentUrl\":\"https:\/\/vapingnet.de\/wp-content\/uploads\/2025\/03\/cropped-vapingnet.de_.jpg\",\"width\":512,\"height\":512,\"caption\":\"Vapingnet.de\"},\"image\":{\"@id\":\"https:\/\/vapingnet.de\/#\/schema\/logo\/image\/\"},\"sameAs\":[\"https:\/\/www.facebook.com\/vapingnetde\/\"]}]}<\/script>\n<!-- \/ Yoast SEO plugin. -->","yoast_head_json":{"title":"Bang Tick Tock 20000 Puffs Strawberry Kiwi F\u00fcr Unvergesslichen Geschmack | Vapingnet.de","description":"Entdecke Bang Tick Tock 20000 Puffs Strawberry Kiwi F\u00fcr Unvergesslichen Geschmack bei vapingnet.de, \u25ba Gro\u00dfe Auswahl an Geschmacksrichtungen & super g\u00fcnstig!","robots":{"index":"index","follow":"follow","max-snippet":"max-snippet:-1","max-image-preview":"max-image-preview:large","max-video-preview":"max-video-preview:-1"},"canonical":"https:\/\/vapingnet.de\/lt\/vape\/bang-tick-tock-20000-puffs-strawberry-kiwi-fuer-unvergesslichen-geschmack\/","og_locale":"lt_LT","og_type":"article","og_title":"Bang Tick Tock 20000 Puffs Strawberry Kiwi F\u00fcr Unvergesslichen Geschmack | Vapingnet.de","og_description":"Entdecke Bang Tick Tock 20000 Puffs Strawberry Kiwi F\u00fcr Unvergesslichen Geschmack bei vapingnet.de, \u25ba Gro\u00dfe Auswahl an Geschmacksrichtungen & super g\u00fcnstig!","og_url":"https:\/\/vapingnet.de\/lt\/vape\/bang-tick-tock-20000-puffs-strawberry-kiwi-fuer-unvergesslichen-geschmack\/","og_site_name":"Vapingnet.de","article_publisher":"https:\/\/www.facebook.com\/vapingnetde\/","article_modified_time":"2025-06-19T03:39:26+00:00","og_image":[{"width":1000,"height":1000,"url":"https:\/\/vapingnet.de\/wp-content\/uploads\/2025\/04\/Strawberry-Kiwi-1.webp","type":"image\/webp"}],"twitter_card":"summary_large_image","twitter_misc":{"Est. reading time":"3 minutes"},"schema":{"@context":"https:\/\/schema.org","@graph":[{"@type":"WebPage","@id":"https:\/\/vapingnet.de\/vape\/bang-tick-tock-20000-puffs-strawberry-kiwi-fuer-unvergesslichen-geschmack\/","url":"https:\/\/vapingnet.de\/vape\/bang-tick-tock-20000-puffs-strawberry-kiwi-fuer-unvergesslichen-geschmack\/","name":"Bang Tick Tock 20000 Puffs Strawberry Kiwi F\u00fcr Unvergesslichen Geschmack | Vapingnet.de","isPartOf":{"@id":"https:\/\/vapingnet.de\/#website"},"primaryImageOfPage":{"@id":"https:\/\/vapingnet.de\/vape\/bang-tick-tock-20000-puffs-strawberry-kiwi-fuer-unvergesslichen-geschmack\/#primaryimage"},"image":{"@id":"https:\/\/vapingnet.de\/vape\/bang-tick-tock-20000-puffs-strawberry-kiwi-fuer-unvergesslichen-geschmack\/#primaryimage"},"thumbnailUrl":"https:\/\/vapingnet.de\/wp-content\/uploads\/2025\/04\/Strawberry-Kiwi-1.webp","datePublished":"2025-04-27T07:17:51+00:00","dateModified":"2025-06-19T03:39:26+00:00","description":"Entdecke Bang Tick Tock 20000 Puffs Strawberry Kiwi F\u00fcr Unvergesslichen Geschmack bei vapingnet.de, \u25ba Gro\u00dfe Auswahl an Geschmacksrichtungen & super g\u00fcnstig!","breadcrumb":{"@id":"https:\/\/vapingnet.de\/vape\/bang-tick-tock-20000-puffs-strawberry-kiwi-fuer-unvergesslichen-geschmack\/#breadcrumb"},"inLanguage":"lt-LT","potentialAction":[{"@type":"ReadAction","target":["https:\/\/vapingnet.de\/vape\/bang-tick-tock-20000-puffs-strawberry-kiwi-fuer-unvergesslichen-geschmack\/"]}]},{"@type":"ImageObject","inLanguage":"lt-LT","@id":"https:\/\/vapingnet.de\/vape\/bang-tick-tock-20000-puffs-strawberry-kiwi-fuer-unvergesslichen-geschmack\/#primaryimage","url":"https:\/\/vapingnet.de\/wp-content\/uploads\/2025\/04\/Strawberry-Kiwi-1.webp","contentUrl":"https:\/\/vapingnet.de\/wp-content\/uploads\/2025\/04\/Strawberry-Kiwi-1.webp","width":1000,"height":1000},{"@type":"BreadcrumbList","@id":"https:\/\/vapingnet.de\/vape\/bang-tick-tock-20000-puffs-strawberry-kiwi-fuer-unvergesslichen-geschmack\/#breadcrumb","itemListElement":[{"@type":"ListItem","position":1,"name":"Home","item":"https:\/\/vapingnet.de\/"},{"@type":"ListItem","position":2,"name":"Shop","item":"https:\/\/vapingnet.de\/vape\/"},{"@type":"ListItem","position":3,"name":"Bang Tick Tock 20000 Puffs Strawberry Kiwi F\u00fcr Unvergesslichen Geschmack"}]},{"@type":"WebSite","@id":"https:\/\/vapingnet.de\/#website","url":"https:\/\/vapingnet.de\/","name":"Vapingnet.de","description":"","publisher":{"@id":"https:\/\/vapingnet.de\/#organization"},"potentialAction":[{"@type":"SearchAction","target":{"@type":"EntryPoint","urlTemplate":"https:\/\/vapingnet.de\/?s={search_term_string}"},"query-input":{"@type":"PropertyValueSpecification","valueRequired":true,"valueName":"search_term_string"}}],"inLanguage":"lt-LT"},{"@type":"Organization","@id":"https:\/\/vapingnet.de\/#organization","name":"Vapingnet.de","url":"https:\/\/vapingnet.de\/","logo":{"@type":"ImageObject","inLanguage":"lt-LT","@id":"https:\/\/vapingnet.de\/#\/schema\/logo\/image\/","url":"https:\/\/vapingnet.de\/wp-content\/uploads\/2025\/03\/cropped-vapingnet.de_.jpg","contentUrl":"https:\/\/vapingnet.de\/wp-content\/uploads\/2025\/03\/cropped-vapingnet.de_.jpg","width":512,"height":512,"caption":"Vapingnet.de"},"image":{"@id":"https:\/\/vapingnet.de\/#\/schema\/logo\/image\/"},"sameAs":["https:\/\/www.facebook.com\/vapingnetde\/"]}]}},"tiered_pricing_type":"fixed","tiered_pricing_fixed_rules":{"10":"10.44","60":"9.4","110":"8.35","200":"7.31"},"tiered_pricing_product_settings":{"layout":"default","base_unit_name":{"singular":null,"plural":null},"default_variation":null},"tiered_pricing_minimum_quantity":null,"tiered_pricing_roles_data":[],"tiered_pricing_percentage_rules":[],"_links":{"self":[{"href":"https:\/\/vapingnet.de\/lt\/wp-json\/wp\/v2\/product\/6546","targetHints":{"allow":["GET"]}}],"collection":[{"href":"https:\/\/vapingnet.de\/lt\/wp-json\/wp\/v2\/product"}],"about":[{"href":"https:\/\/vapingnet.de\/lt\/wp-json\/wp\/v2\/types\/product"}],"version-history":[{"count":3,"href":"https:\/\/vapingnet.de\/lt\/wp-json\/wp\/v2\/product\/6546\/revisions"}],"predecessor-version":[{"id":6576,"href":"https:\/\/vapingnet.de\/lt\/wp-json\/wp\/v2\/product\/6546\/revisions\/6576"}],"wp:featuredmedia":[{"embeddable":true,"href":"https:\/\/vapingnet.de\/lt\/wp-json\/wp\/v2\/media\/6547"}],"wp:attachment":[{"href":"https:\/\/vapingnet.de\/lt\/wp-json\/wp\/v2\/media?parent=6546"}],"wp:term":[{"taxonomy":"brand","embeddable":true,"href":"https:\/\/vapingnet.de\/lt\/wp-json\/wp\/v2\/etheme_brands?post=6546"},{"taxonomy":"product_brand","embeddable":true,"href":"https:\/\/vapingnet.de\/lt\/wp-json\/wp\/v2\/product_brand?post=6546"},{"taxonomy":"product_cat","embeddable":true,"href":"https:\/\/vapingnet.de\/lt\/wp-json\/wp\/v2\/product_cat?post=6546"},{"taxonomy":"product_tag","embeddable":true,"href":"https:\/\/vapingnet.de\/lt\/wp-json\/wp\/v2\/product_tag?post=6546"}],"curies":[{"name":"wp","href":"https:\/\/api.w.org\/{rel}","templated":true}]}}