{"id":6559,"date":"2025-04-27T07:33:00","date_gmt":"2025-04-27T07:33:00","guid":{"rendered":"https:\/\/vapingnet.de\/?post_type=product&#038;p=6559"},"modified":"2025-06-19T03:39:26","modified_gmt":"2025-06-19T03:39:26","slug":"geniesse-watermelon-ice-in-20000-puffs-bang-tick-tock-liefert-hoechste","status":"publish","type":"product","link":"https:\/\/vapingnet.de\/lt\/vape\/geniesse-watermelon-ice-in-20000-puffs-bang-tick-tock-liefert-hoechste\/","title":{"rendered":"M\u0117gaukit\u0117s Watermelon Ice i\u0161 Bang Tick Tock 20000 Puffs \u2013 auk\u0161\u010diausios kokyb\u0117s"},"content":{"rendered":"<h2 data-start=\"0\" data-end=\"87\" data-immersive-translate-walked=\"4d7cd596-ff97-49d7-b04f-d4ba56134b21\">Bang Tick Tock 20000 Puffs: \u017dvilgsnis \u012f inovatyv\u0173 vienkartin\u012f elektronin\u0117s cigaret\u0117s model\u012f<\/h2>\n<p class=\"\" data-start=\"89\" data-end=\"462\" data-immersive-translate-walked=\"4d7cd596-ff97-49d7-b04f-d4ba56134b21\" data-immersive-translate-paragraph=\"1\">Pasaulyje, kuriame nuolat pasirodo nauji vienkartini\u0173 elektronini\u0173 cigare\u010di\u0173 modeliai su inovatyviomis funkcijomis ir patobulintais na\u0161umais, i\u0161skirtinis pavyzdys yra Bang Tick Tock 20000 Puffs. \u0160i elektronin\u0117 cigaret\u0117 si\u016blo i\u0161skirtin\u0119 garinimo patirt\u012f ir \u012fsp\u016bdingas specifikacijas, kurios patiks tiek pradedantiesiems, tiek patyrusiems garintojams.<\/p>\n<ul>\n<li data-start=\"464\" data-end=\"490\" data-immersive-translate-walked=\"4d7cd596-ff97-49d7-b04f-d4ba56134b21\">Galingumas ir talpa\n<p>Bang Tick Tock vienkartin\u0117 elektronin\u0117 cigaret\u0117 \u012fsp\u016bdinga iki 20 000 \u012fkv\u0117pim\u0173 skai\u010diumi, tod\u0117l yra viena i\u0161 ilgaam\u017ei\u0161kiausi\u0173 modeli\u0173 rinkoje. Su 25 ml E-liquido talpa ir 500 mAh baterija \u0161i elektronin\u0117 cigaret\u0117 suteikia pakankamai galios, kad u\u017etikrint\u0173 ilgalaik\u012f garinim\u0105. Mesh Coil su 1.0 Ohm var\u017ea u\u017etikrina tolyg\u0173 ir intensyv\u0173 skys\u010dio garinim\u0105, kas lemia i\u0161skirtinai skan\u0173 ir patenkinam\u0105 garinimo patirt\u012f.<\/li>\n<li data-start=\"1032\" data-end=\"1066\" data-immersive-translate-walked=\"4d7cd596-ff97-49d7-b04f-d4ba56134b21\">\u012evairios garinimo galimyb\u0117s\n<p>Ypatinga Bang Tick Tock elektronin\u0117s cigaret\u0117s ypatyb\u0117 yra dinami\u0161kas ekranas, kuris vizualiai reaguoja \u012f naudojim\u0105si. Garinant dinami\u0161ku re\u017eimu, sukasi pavaros, sukurdamos unikal\u0173 vizualin\u012f patirt\u012f. Alternatyviai galima \u012fjungti tyl\u0173j\u012f re\u017eim\u0105, kai pavaros sustoja, jei per dvejas sekundes padaroma trys greiti \u012fkv\u0117pimai. \u0160i prisitaikymo galimyb\u0117 leid\u017eia personalizuoti garinimo patirt\u012f pagal individualius poreikius.<\/li>\n<li data-start=\"1576\" data-end=\"1613\" data-immersive-translate-walked=\"4d7cd596-ff97-49d7-b04f-d4ba56134b21\">Pasirinkimas tarp dviej\u0173 nikotino stiprum\u0173\n<p>Bang Tick Tock 20000 Puffs yra prieinama su skirtingais nikotino stiprumais: 0%, 2%, 3% ir 5%. \u0160i \u012fvairov\u0117 leid\u017eia vartotojams pasirinkti savo ideali\u0105 nikotino doz\u0119, ar tai b\u016bt\u0173 visi\u0161kas nikotino atsisakymas, ar didesn\u0117 doz\u0117.<\/li>\n<li data-start=\"1909\" data-end=\"1932\" data-immersive-translate-walked=\"4d7cd596-ff97-49d7-b04f-d4ba56134b21\">Skonis ir aromatas\n<p>Modelis si\u016blomas \u012fvairi\u0173 skoni\u0173, ypa\u010d i\u0161skirtinis yra gaivusis \u201eWatermelon Ice\u201c. Mi\u0161inyje saldi arb\u016bzo ir \u0161alto mentolio skonio, \u0161is skonis suteikia gaivinan\u010di\u0105 patirt\u012f, tinkam\u0105 bet kuriuo met\u0173 laiku. D\u0117l Mesh Coil technologijos skonis i\u0161lieka intensyvus ir malonus.<\/li>\n<li data-start=\"2311\" data-end=\"2361\" data-immersive-translate-walked=\"4d7cd596-ff97-49d7-b04f-d4ba56134b21\">Modern\u016bs \u012fkrovimo jungtys ir paprastas naudojimas\n<p>Bang Tick Tock elektronin\u0117 cigaret\u0117 turi modern\u0173 Type-C \u012fkrovimo jungt\u012f, u\u017etikrinan\u010di\u0105 greitesn\u012f ir efektyvesn\u012f \u012fkrovim\u0105. Kadangi elektronin\u0117 cigaret\u0117 veikia traukiant, papildomas mygtukas garinimui nereikalingas \u2013 pakanka paprasto \u012fkv\u0117pimo, kad \u012fjungtum\u0117te \u012frengin\u012f.<\/li>\n<li data-start=\"2665\" data-end=\"2702\" data-immersive-translate-walked=\"4d7cd596-ff97-49d7-b04f-d4ba56134b21\">Patogi pristatymas ir privalumai\n<p>Kitas Bang Tick Tock elektronin\u0117s cigaret\u0117s privalumas yra greitas pristatymas, kuris paprastai trunka nuo 7 iki 15 darbo dien\u0173. Be to, klientai gali b\u016bti tikri, kad nebus taikomi muitai, jei u\u017esisakys i\u0161 vapingnet.de. Tai padaro pirkim\u0105 ne tik patog\u0173, bet ir ekonomi\u0161k\u0105.<\/li>\n<\/ul>\n<h3 data-start=\"3024\" data-end=\"3033\" data-immersive-translate-walked=\"4d7cd596-ff97-49d7-b04f-d4ba56134b21\">Unikalus garinimo potyris su Bang Tick Tock 20000 Puffs<\/h3>\n<p class=\"\" data-start=\"3035\" data-end=\"3358\" data-immersive-translate-walked=\"4d7cd596-ff97-49d7-b04f-d4ba56134b21\" data-immersive-translate-paragraph=\"1\">Bang Tick Tock 20000 Puffs si\u016blo tobul\u0105 ilgalaikio naudojimo, inovatyvi\u0173 funkcij\u0173 ir \u012fvairi\u0173 garinimo galimybi\u0173 derin\u012f. Nesvarbu, ar naudojate kasdien, ar ypatingomis progomis, \u0161is modelis i\u0161siskiria savo unikaliomis savyb\u0117mis ir u\u017etikrina neprilygstam\u0105 garinimo patirt\u012f.<\/p>","protected":false},"excerpt":{"rendered":"<p>Bang Tik Tock 20000 Puf\u0173: \u017dvilgsnis \u012f inovatyv\u0173 vienkartini\u0173 elektronini\u0173 cigare\u010di\u0173 model\u012f Vienkartini\u0173 elektronini\u0173 cigare\u010di\u0173 pasaulyje nuolat atsiranda nauj\u0173 modeli\u0173, kurie...<\/p>","protected":false},"featured_media":6574,"template":"","meta":[],"etheme_brands":[],"product_brand":[101],"product_cat":[54,49,61],"product_tag":[],"class_list":{"0":"post-6559","1":"product","2":"type-product","3":"status-publish","4":"has-post-thumbnail","6":"product_brand-bang-king-vape","7":"product_cat-vape-20000-zuege","8":"product_cat-einweg-e-zigarette","9":"product_cat-f","11":"first","12":"instock","13":"shipping-taxable","14":"purchasable","15":"product-type-simple"},"yoast_head":"<!-- This site is optimized with the Yoast SEO plugin v26.5 - https:\/\/yoast.com\/wordpress\/plugins\/seo\/ -->\n<title>Genie\u00dfe Watermelon Ice In 20000 Puffs Bang Tick Tock Liefert H\u00f6chste | Vapingnet.de<\/title>\n<meta name=\"description\" content=\"Entdecke Genie\u00dfe Watermelon Ice In 20000 Puffs Bang Tick Tock Liefert H\u00f6chste bei vapingnet.de, \u25ba Gro\u00dfe Auswahl an Geschmacksrichtungen &amp; super g\u00fcnstig!\" \/>\n<meta name=\"robots\" content=\"index, follow, max-snippet:-1, max-image-preview:large, max-video-preview:-1\" \/>\n<link rel=\"canonical\" href=\"https:\/\/vapingnet.de\/lt\/vape\/geniesse-watermelon-ice-in-20000-puffs-bang-tick-tock-liefert-hoechste\/\" \/>\n<meta property=\"og:locale\" content=\"lt_LT\" \/>\n<meta property=\"og:type\" content=\"article\" \/>\n<meta property=\"og:title\" content=\"Genie\u00dfe Watermelon Ice In 20000 Puffs Bang Tick Tock Liefert H\u00f6chste | Vapingnet.de\" \/>\n<meta property=\"og:description\" content=\"Entdecke Genie\u00dfe Watermelon Ice In 20000 Puffs Bang Tick Tock Liefert H\u00f6chste bei vapingnet.de, \u25ba Gro\u00dfe Auswahl an Geschmacksrichtungen &amp; super g\u00fcnstig!\" \/>\n<meta property=\"og:url\" content=\"https:\/\/vapingnet.de\/lt\/vape\/geniesse-watermelon-ice-in-20000-puffs-bang-tick-tock-liefert-hoechste\/\" \/>\n<meta property=\"og:site_name\" content=\"Vapingnet.de\" \/>\n<meta property=\"article:publisher\" content=\"https:\/\/www.facebook.com\/vapingnetde\/\" \/>\n<meta property=\"article:modified_time\" content=\"2025-06-19T03:39:26+00:00\" \/>\n<meta property=\"og:image\" content=\"https:\/\/vapingnet.de\/wp-content\/uploads\/2025\/04\/Watermelon-Ice-2.webp\" \/>\n\t<meta property=\"og:image:width\" content=\"1000\" \/>\n\t<meta property=\"og:image:height\" content=\"1000\" \/>\n\t<meta property=\"og:image:type\" content=\"image\/webp\" \/>\n<meta name=\"twitter:card\" content=\"summary_large_image\" \/>\n<meta name=\"twitter:label1\" content=\"Est. reading time\" \/>\n\t<meta name=\"twitter:data1\" content=\"3 minutes\" \/>\n<script type=\"application\/ld+json\" class=\"yoast-schema-graph\">{\"@context\":\"https:\/\/schema.org\",\"@graph\":[{\"@type\":\"WebPage\",\"@id\":\"https:\/\/vapingnet.de\/vape\/geniesse-watermelon-ice-in-20000-puffs-bang-tick-tock-liefert-hoechste\/\",\"url\":\"https:\/\/vapingnet.de\/vape\/geniesse-watermelon-ice-in-20000-puffs-bang-tick-tock-liefert-hoechste\/\",\"name\":\"Genie\u00dfe Watermelon Ice In 20000 Puffs Bang Tick Tock Liefert H\u00f6chste | Vapingnet.de\",\"isPartOf\":{\"@id\":\"https:\/\/vapingnet.de\/#website\"},\"primaryImageOfPage\":{\"@id\":\"https:\/\/vapingnet.de\/vape\/geniesse-watermelon-ice-in-20000-puffs-bang-tick-tock-liefert-hoechste\/#primaryimage\"},\"image\":{\"@id\":\"https:\/\/vapingnet.de\/vape\/geniesse-watermelon-ice-in-20000-puffs-bang-tick-tock-liefert-hoechste\/#primaryimage\"},\"thumbnailUrl\":\"https:\/\/vapingnet.de\/wp-content\/uploads\/2025\/04\/Watermelon-Ice-2.webp\",\"datePublished\":\"2025-04-27T07:33:00+00:00\",\"dateModified\":\"2025-06-19T03:39:26+00:00\",\"description\":\"Entdecke Genie\u00dfe Watermelon Ice In 20000 Puffs Bang Tick Tock Liefert H\u00f6chste bei vapingnet.de, \u25ba Gro\u00dfe Auswahl an Geschmacksrichtungen & super g\u00fcnstig!\",\"breadcrumb\":{\"@id\":\"https:\/\/vapingnet.de\/vape\/geniesse-watermelon-ice-in-20000-puffs-bang-tick-tock-liefert-hoechste\/#breadcrumb\"},\"inLanguage\":\"lt-LT\",\"potentialAction\":[{\"@type\":\"ReadAction\",\"target\":[\"https:\/\/vapingnet.de\/vape\/geniesse-watermelon-ice-in-20000-puffs-bang-tick-tock-liefert-hoechste\/\"]}]},{\"@type\":\"ImageObject\",\"inLanguage\":\"lt-LT\",\"@id\":\"https:\/\/vapingnet.de\/vape\/geniesse-watermelon-ice-in-20000-puffs-bang-tick-tock-liefert-hoechste\/#primaryimage\",\"url\":\"https:\/\/vapingnet.de\/wp-content\/uploads\/2025\/04\/Watermelon-Ice-2.webp\",\"contentUrl\":\"https:\/\/vapingnet.de\/wp-content\/uploads\/2025\/04\/Watermelon-Ice-2.webp\",\"width\":1000,\"height\":1000},{\"@type\":\"BreadcrumbList\",\"@id\":\"https:\/\/vapingnet.de\/vape\/geniesse-watermelon-ice-in-20000-puffs-bang-tick-tock-liefert-hoechste\/#breadcrumb\",\"itemListElement\":[{\"@type\":\"ListItem\",\"position\":1,\"name\":\"Home\",\"item\":\"https:\/\/vapingnet.de\/\"},{\"@type\":\"ListItem\",\"position\":2,\"name\":\"Shop\",\"item\":\"https:\/\/vapingnet.de\/vape\/\"},{\"@type\":\"ListItem\",\"position\":3,\"name\":\"Genie\u00dfe Watermelon Ice In 20000 Puffs Bang Tick Tock Liefert H\u00f6chste\"}]},{\"@type\":\"WebSite\",\"@id\":\"https:\/\/vapingnet.de\/#website\",\"url\":\"https:\/\/vapingnet.de\/\",\"name\":\"Vapingnet.de\",\"description\":\"\",\"publisher\":{\"@id\":\"https:\/\/vapingnet.de\/#organization\"},\"potentialAction\":[{\"@type\":\"SearchAction\",\"target\":{\"@type\":\"EntryPoint\",\"urlTemplate\":\"https:\/\/vapingnet.de\/?s={search_term_string}\"},\"query-input\":{\"@type\":\"PropertyValueSpecification\",\"valueRequired\":true,\"valueName\":\"search_term_string\"}}],\"inLanguage\":\"lt-LT\"},{\"@type\":\"Organization\",\"@id\":\"https:\/\/vapingnet.de\/#organization\",\"name\":\"Vapingnet.de\",\"url\":\"https:\/\/vapingnet.de\/\",\"logo\":{\"@type\":\"ImageObject\",\"inLanguage\":\"lt-LT\",\"@id\":\"https:\/\/vapingnet.de\/#\/schema\/logo\/image\/\",\"url\":\"https:\/\/vapingnet.de\/wp-content\/uploads\/2025\/03\/cropped-vapingnet.de_.jpg\",\"contentUrl\":\"https:\/\/vapingnet.de\/wp-content\/uploads\/2025\/03\/cropped-vapingnet.de_.jpg\",\"width\":512,\"height\":512,\"caption\":\"Vapingnet.de\"},\"image\":{\"@id\":\"https:\/\/vapingnet.de\/#\/schema\/logo\/image\/\"},\"sameAs\":[\"https:\/\/www.facebook.com\/vapingnetde\/\"]}]}<\/script>\n<!-- \/ Yoast SEO plugin. -->","yoast_head_json":{"title":"Genie\u00dfe Watermelon Ice In 20000 Puffs Bang Tick Tock Liefert H\u00f6chste | Vapingnet.de","description":"Entdecke Genie\u00dfe Watermelon Ice In 20000 Puffs Bang Tick Tock Liefert H\u00f6chste bei vapingnet.de, \u25ba Gro\u00dfe Auswahl an Geschmacksrichtungen & super g\u00fcnstig!","robots":{"index":"index","follow":"follow","max-snippet":"max-snippet:-1","max-image-preview":"max-image-preview:large","max-video-preview":"max-video-preview:-1"},"canonical":"https:\/\/vapingnet.de\/lt\/vape\/geniesse-watermelon-ice-in-20000-puffs-bang-tick-tock-liefert-hoechste\/","og_locale":"lt_LT","og_type":"article","og_title":"Genie\u00dfe Watermelon Ice In 20000 Puffs Bang Tick Tock Liefert H\u00f6chste | Vapingnet.de","og_description":"Entdecke Genie\u00dfe Watermelon Ice In 20000 Puffs Bang Tick Tock Liefert H\u00f6chste bei vapingnet.de, \u25ba Gro\u00dfe Auswahl an Geschmacksrichtungen & super g\u00fcnstig!","og_url":"https:\/\/vapingnet.de\/lt\/vape\/geniesse-watermelon-ice-in-20000-puffs-bang-tick-tock-liefert-hoechste\/","og_site_name":"Vapingnet.de","article_publisher":"https:\/\/www.facebook.com\/vapingnetde\/","article_modified_time":"2025-06-19T03:39:26+00:00","og_image":[{"width":1000,"height":1000,"url":"https:\/\/vapingnet.de\/wp-content\/uploads\/2025\/04\/Watermelon-Ice-2.webp","type":"image\/webp"}],"twitter_card":"summary_large_image","twitter_misc":{"Est. reading time":"3 minutes"},"schema":{"@context":"https:\/\/schema.org","@graph":[{"@type":"WebPage","@id":"https:\/\/vapingnet.de\/vape\/geniesse-watermelon-ice-in-20000-puffs-bang-tick-tock-liefert-hoechste\/","url":"https:\/\/vapingnet.de\/vape\/geniesse-watermelon-ice-in-20000-puffs-bang-tick-tock-liefert-hoechste\/","name":"Genie\u00dfe Watermelon Ice In 20000 Puffs Bang Tick Tock Liefert H\u00f6chste | Vapingnet.de","isPartOf":{"@id":"https:\/\/vapingnet.de\/#website"},"primaryImageOfPage":{"@id":"https:\/\/vapingnet.de\/vape\/geniesse-watermelon-ice-in-20000-puffs-bang-tick-tock-liefert-hoechste\/#primaryimage"},"image":{"@id":"https:\/\/vapingnet.de\/vape\/geniesse-watermelon-ice-in-20000-puffs-bang-tick-tock-liefert-hoechste\/#primaryimage"},"thumbnailUrl":"https:\/\/vapingnet.de\/wp-content\/uploads\/2025\/04\/Watermelon-Ice-2.webp","datePublished":"2025-04-27T07:33:00+00:00","dateModified":"2025-06-19T03:39:26+00:00","description":"Entdecke Genie\u00dfe Watermelon Ice In 20000 Puffs Bang Tick Tock Liefert H\u00f6chste bei vapingnet.de, \u25ba Gro\u00dfe Auswahl an Geschmacksrichtungen & super g\u00fcnstig!","breadcrumb":{"@id":"https:\/\/vapingnet.de\/vape\/geniesse-watermelon-ice-in-20000-puffs-bang-tick-tock-liefert-hoechste\/#breadcrumb"},"inLanguage":"lt-LT","potentialAction":[{"@type":"ReadAction","target":["https:\/\/vapingnet.de\/vape\/geniesse-watermelon-ice-in-20000-puffs-bang-tick-tock-liefert-hoechste\/"]}]},{"@type":"ImageObject","inLanguage":"lt-LT","@id":"https:\/\/vapingnet.de\/vape\/geniesse-watermelon-ice-in-20000-puffs-bang-tick-tock-liefert-hoechste\/#primaryimage","url":"https:\/\/vapingnet.de\/wp-content\/uploads\/2025\/04\/Watermelon-Ice-2.webp","contentUrl":"https:\/\/vapingnet.de\/wp-content\/uploads\/2025\/04\/Watermelon-Ice-2.webp","width":1000,"height":1000},{"@type":"BreadcrumbList","@id":"https:\/\/vapingnet.de\/vape\/geniesse-watermelon-ice-in-20000-puffs-bang-tick-tock-liefert-hoechste\/#breadcrumb","itemListElement":[{"@type":"ListItem","position":1,"name":"Home","item":"https:\/\/vapingnet.de\/"},{"@type":"ListItem","position":2,"name":"Shop","item":"https:\/\/vapingnet.de\/vape\/"},{"@type":"ListItem","position":3,"name":"Genie\u00dfe Watermelon Ice In 20000 Puffs Bang Tick Tock Liefert H\u00f6chste"}]},{"@type":"WebSite","@id":"https:\/\/vapingnet.de\/#website","url":"https:\/\/vapingnet.de\/","name":"Vapingnet.de","description":"","publisher":{"@id":"https:\/\/vapingnet.de\/#organization"},"potentialAction":[{"@type":"SearchAction","target":{"@type":"EntryPoint","urlTemplate":"https:\/\/vapingnet.de\/?s={search_term_string}"},"query-input":{"@type":"PropertyValueSpecification","valueRequired":true,"valueName":"search_term_string"}}],"inLanguage":"lt-LT"},{"@type":"Organization","@id":"https:\/\/vapingnet.de\/#organization","name":"Vapingnet.de","url":"https:\/\/vapingnet.de\/","logo":{"@type":"ImageObject","inLanguage":"lt-LT","@id":"https:\/\/vapingnet.de\/#\/schema\/logo\/image\/","url":"https:\/\/vapingnet.de\/wp-content\/uploads\/2025\/03\/cropped-vapingnet.de_.jpg","contentUrl":"https:\/\/vapingnet.de\/wp-content\/uploads\/2025\/03\/cropped-vapingnet.de_.jpg","width":512,"height":512,"caption":"Vapingnet.de"},"image":{"@id":"https:\/\/vapingnet.de\/#\/schema\/logo\/image\/"},"sameAs":["https:\/\/www.facebook.com\/vapingnetde\/"]}]}},"tiered_pricing_type":"fixed","tiered_pricing_fixed_rules":{"10":"10.44","60":"9.4","110":"8.35","200":"7.31"},"tiered_pricing_product_settings":{"layout":"default","base_unit_name":{"singular":null,"plural":null},"default_variation":null},"tiered_pricing_minimum_quantity":null,"tiered_pricing_roles_data":[],"tiered_pricing_percentage_rules":[],"_links":{"self":[{"href":"https:\/\/vapingnet.de\/lt\/wp-json\/wp\/v2\/product\/6559","targetHints":{"allow":["GET"]}}],"collection":[{"href":"https:\/\/vapingnet.de\/lt\/wp-json\/wp\/v2\/product"}],"about":[{"href":"https:\/\/vapingnet.de\/lt\/wp-json\/wp\/v2\/types\/product"}],"version-history":[{"count":1,"href":"https:\/\/vapingnet.de\/lt\/wp-json\/wp\/v2\/product\/6559\/revisions"}],"predecessor-version":[{"id":6577,"href":"https:\/\/vapingnet.de\/lt\/wp-json\/wp\/v2\/product\/6559\/revisions\/6577"}],"wp:featuredmedia":[{"embeddable":true,"href":"https:\/\/vapingnet.de\/lt\/wp-json\/wp\/v2\/media\/6574"}],"wp:attachment":[{"href":"https:\/\/vapingnet.de\/lt\/wp-json\/wp\/v2\/media?parent=6559"}],"wp:term":[{"taxonomy":"brand","embeddable":true,"href":"https:\/\/vapingnet.de\/lt\/wp-json\/wp\/v2\/etheme_brands?post=6559"},{"taxonomy":"product_brand","embeddable":true,"href":"https:\/\/vapingnet.de\/lt\/wp-json\/wp\/v2\/product_brand?post=6559"},{"taxonomy":"product_cat","embeddable":true,"href":"https:\/\/vapingnet.de\/lt\/wp-json\/wp\/v2\/product_cat?post=6559"},{"taxonomy":"product_tag","embeddable":true,"href":"https:\/\/vapingnet.de\/lt\/wp-json\/wp\/v2\/product_tag?post=6559"}],"curies":[{"name":"wp","href":"https:\/\/api.w.org\/{rel}","templated":true}]}}