{"id":6561,"date":"2025-04-27T07:33:07","date_gmt":"2025-04-27T07:33:07","guid":{"rendered":"https:\/\/vapingnet.de\/?post_type=product&#038;p=6561"},"modified":"2025-06-19T03:39:25","modified_gmt":"2025-06-19T03:39:25","slug":"hol-dir-den-bestseller-bang-tick-tock-20000-puffs-strawberry-watermelon-top-qualitaet","status":"publish","type":"product","link":"https:\/\/vapingnet.de\/lt\/vape\/hol-dir-den-bestseller-bang-tick-tock-20000-puffs-strawberry-watermelon-top-qualitaet\/","title":{"rendered":"Gaukite geriausiai parduodam\u0105 Bang Tick Tock 20000 Puffs Bra\u0161k\u0117 Arb\u016bzas \u2013 auk\u0161\u010diausia kokyb\u0117"},"content":{"rendered":"<h2 data-start=\"0\" data-end=\"63\">Bang Tick Tock 20000 Puffs: Patirkite garinimo ateit\u012f<\/h2>\n<p class=\"\" data-start=\"65\" data-end=\"427\">Bang Tick Tock 20000 Puffs yra daug daugiau nei \u012fprasta vienkartin\u0117 elektronin\u0117 cigaret\u0117. Ji sujungia pa\u017eangi\u0105 technologij\u0105, ilgalaik\u012f garo malonum\u0105 ir unikal\u0173 dizain\u0105, kuris u\u017etikrina visi\u0161kai nauj\u0105 garinimo patirt\u012f. Kas ie\u0161ko patikimo ir skanaus \u012frenginio, ras tobul\u0105 pasirinkim\u0105 Bang Tick Tock.<\/p>\n<h3>Pagrindin\u0117s savyb\u0117s ir akcentai<\/h3>\n<ul data-start=\"466\" data-end=\"674\">\n<li class=\"\" data-start=\"466\" data-end=\"496\">\n<p class=\"\" data-start=\"468\" data-end=\"496\">E-liquido talpa: 25ml<\/p>\n<\/li>\n<li class=\"\" data-start=\"497\" data-end=\"534\">\n<p class=\"\" data-start=\"499\" data-end=\"534\">Nikotino pasirinktys: 0%, 2%, 3%, 5%<\/p>\n<\/li>\n<li class=\"\" data-start=\"535\" data-end=\"564\">\n<p class=\"\" data-start=\"537\" data-end=\"564\">Vamzdelis: 1.0 Ohm tinklinis vamzdelis<\/p>\n<\/li>\n<li class=\"\" data-start=\"565\" data-end=\"618\">\n<p class=\"\" data-start=\"567\" data-end=\"618\">Baterija: 500 mAh, u\u017etikrina iki 20 000 \u012fkv\u0117pim\u0173<\/p>\n<\/li>\n<li class=\"\" data-start=\"619\" data-end=\"647\">\n<p class=\"\" data-start=\"621\" data-end=\"647\">Svoris: 91 g vienetui<\/p>\n<\/li>\n<li class=\"\" data-start=\"648\" data-end=\"674\">\n<p class=\"\" data-start=\"650\" data-end=\"674\">\u012ekrovimo jungtis: Tipo-C<\/p>\n<\/li>\n<\/ul>\n<h4 data-start=\"676\" data-end=\"720\">Dvi unikalios garinimo galimyb\u0117s<\/h4>\n<p class=\"\" data-start=\"722\" data-end=\"843\">Vienas i\u0161 i\u0161skirtini\u0173 Bang Tick Tock 20000 Puffs bruo\u017e\u0173 yra galimyb\u0117 pasirinkti tarp Dynamic Mode ir Silent Mode:<\/p>\n<ol data-start=\"845\" data-end=\"1283\">\n<li class=\"\" data-start=\"845\" data-end=\"1022\">\n<p class=\"\" data-start=\"848\" data-end=\"1022\">Dynamic Mode: Kiekvieno \u012fkv\u0117pimo metu vizualiai sukasi pavar\u0173 sistema. Tai suteikia garinimui ypating\u0105 dinamik\u0105 ir daro patirt\u012f dar linksmesn\u0119.<\/p>\n<\/li>\n<li class=\"\" data-start=\"1027\" data-end=\"1283\">\n<p class=\"\" data-start=\"1030\" data-end=\"1283\">Silent Mode: Tiems, kurie m\u0117gsta ramyb\u0119 ir diskreti\u0161kum\u0105, Dynamic Mode galima i\u0161jungti per tris greitus \u012fkv\u0117pimus per dvi sekundes. Taip m\u0117gaujat\u0117s visi\u0161kai diskreti\u0161ku garinimu be vizualini\u0173 trukd\u017ei\u0173.<\/p>\n<\/li>\n<\/ol>\n<h4 data-start=\"1285\" data-end=\"1340\">Uog\u0173 ir gaivumo skonis: Bra\u0161k\u0117 su arb\u016bzu<\/h4>\n<p class=\"\" data-start=\"1342\" data-end=\"1659\">Su bra\u0161k\u0117s ir arb\u016bzo skoniu saldumas susilieja su gaivumu. Sulting\u0173 bra\u0161ki\u0173 ir gaivinan\u010dio arb\u016bzo derinys sukuria vaisi\u0173 skon\u012f, kuris maloniai i\u0161lieka vis\u0105 dien\u0105. \u0160is skonis ypa\u010d tinka garintojams, m\u0117gstantiems vaisinius ir gyvus aromatus.<\/p>\n<h4 data-start=\"1661\" data-end=\"1706\">Vartotojo draugi\u0161kumas ir valdymas<\/h4>\n<p class=\"\" data-start=\"1708\" data-end=\"1946\">Bang Tick Tock buvo sukurta su \u012fkv\u0117pimo aktyvuota technologija, kuri padidina garintoj\u0173 patogum\u0105. Jums tereikia traukti \u012frengin\u012f, kad prad\u0117tum\u0117te garinti \u2013 nereikia joki\u0173 mygtuk\u0173 ar nustatym\u0173.<\/p>\n<p class=\"\" data-start=\"1948\" data-end=\"2113\">Be to, Tipo-C jungtis yra vertinga funkcija, leid\u017eianti \u012fkrauti greitai ir efektyviai. Taip Bang Tick Tock visada yra pasiruo\u0161usi, kai jums jos reikia.<\/p>\n<h4 data-start=\"2115\" data-end=\"2142\">Kod\u0117l vapingnet.de?<\/h4>\n<p class=\"\" data-start=\"2144\" data-end=\"2366\">U\u017esakymas per vapingnet.de ne tik u\u017etikrina greit\u0105 pristatym\u0105 per 7-15 darbo dien\u0173, bet ir si\u016blo papildom\u0105 mokes\u010di\u0173 nemokam\u0105 pristatym\u0105, kas daro kain\u0105 patrauklesn\u0119.<\/p>\n<h4 data-start=\"2368\" data-end=\"2422\">Santrauka apie Bang Tick Tock 20000 Puffs<\/h4>\n<p class=\"\" data-start=\"2424\" data-end=\"2856\">Su Bang Tick Tock 20000 Puffs gaunate \u012fvairiapus\u012f ir ilgaam\u017e\u012f \u012frengin\u012f, kuris nesileid\u017eia \u012f kompromisus d\u0117l na\u0161umo ir dizaino. \u0160vie\u017eias bra\u0161k\u0117s ir arb\u016bzo skonis kartu su patogiais funkcijomis kaip Dynamic Mode ir Silent Mode daro \u0161i\u0105 vienkartin\u0119 elektronin\u0119 cigaret\u0119 puikia pasirinkimu visiems garintojams, vertinantiems kokyb\u0119, inovacijas ir patogum\u0105.<\/p>","protected":false},"excerpt":{"rendered":"<p>Bang Tik Tock 20000 Puf\u0173: Patirkite garinimo ateit\u012f Bang Tik Tock 20000 Puf\u0173 yra daug daugiau nei \u012fprasta vienkartin\u0117 elektronin\u0117 cigaret\u0117. Ji...<\/p>","protected":false},"featured_media":6573,"template":"","meta":[],"etheme_brands":[],"product_brand":[101],"product_cat":[54,49,61],"product_tag":[],"class_list":{"0":"post-6561","1":"product","2":"type-product","3":"status-publish","4":"has-post-thumbnail","6":"product_brand-bang-king-vape","7":"product_cat-vape-20000-zuege","8":"product_cat-einweg-e-zigarette","9":"product_cat-f","11":"first","12":"instock","13":"shipping-taxable","14":"purchasable","15":"product-type-simple"},"yoast_head":"<!-- This site is optimized with the Yoast SEO plugin v26.5 - https:\/\/yoast.com\/wordpress\/plugins\/seo\/ -->\n<title>Hol Dir Den Bestseller Bang Tick Tock 20000 Puffs Strawberry Watermelon Top Qualit\u00e4t | Vapingnet.de<\/title>\n<meta name=\"description\" content=\"Entdecke Hol Dir Den Bestseller Bang Tick Tock 20000 Puffs Strawberry Watermelon Top Qualit\u00e4t bei vapingnet.de, \u25ba Gro\u00dfe Auswahl an Geschmacksrichtungen &amp; super g\u00fcnstig!\" \/>\n<meta name=\"robots\" content=\"index, follow, max-snippet:-1, max-image-preview:large, max-video-preview:-1\" \/>\n<link rel=\"canonical\" href=\"https:\/\/vapingnet.de\/lt\/vape\/hol-dir-den-bestseller-bang-tick-tock-20000-puffs-strawberry-watermelon-top-qualitaet\/\" \/>\n<meta property=\"og:locale\" content=\"lt_LT\" \/>\n<meta property=\"og:type\" content=\"article\" \/>\n<meta property=\"og:title\" content=\"Hol Dir Den Bestseller Bang Tick Tock 20000 Puffs Strawberry Watermelon Top Qualit\u00e4t | Vapingnet.de\" \/>\n<meta property=\"og:description\" content=\"Entdecke Hol Dir Den Bestseller Bang Tick Tock 20000 Puffs Strawberry Watermelon Top Qualit\u00e4t bei vapingnet.de, \u25ba Gro\u00dfe Auswahl an Geschmacksrichtungen &amp; super g\u00fcnstig!\" \/>\n<meta property=\"og:url\" content=\"https:\/\/vapingnet.de\/lt\/vape\/hol-dir-den-bestseller-bang-tick-tock-20000-puffs-strawberry-watermelon-top-qualitaet\/\" \/>\n<meta property=\"og:site_name\" content=\"Vapingnet.de\" \/>\n<meta property=\"article:publisher\" content=\"https:\/\/www.facebook.com\/vapingnetde\/\" \/>\n<meta property=\"article:modified_time\" content=\"2025-06-19T03:39:25+00:00\" \/>\n<meta property=\"og:image\" content=\"https:\/\/vapingnet.de\/wp-content\/uploads\/2025\/04\/Strawberry-Watermelon-4.webp\" \/>\n\t<meta property=\"og:image:width\" content=\"1000\" \/>\n\t<meta property=\"og:image:height\" content=\"1000\" \/>\n\t<meta property=\"og:image:type\" content=\"image\/webp\" \/>\n<meta name=\"twitter:card\" content=\"summary_large_image\" \/>\n<meta name=\"twitter:label1\" content=\"Est. reading time\" \/>\n\t<meta name=\"twitter:data1\" content=\"3 minutes\" \/>\n<script type=\"application\/ld+json\" class=\"yoast-schema-graph\">{\"@context\":\"https:\/\/schema.org\",\"@graph\":[{\"@type\":\"WebPage\",\"@id\":\"https:\/\/vapingnet.de\/vape\/hol-dir-den-bestseller-bang-tick-tock-20000-puffs-strawberry-watermelon-top-qualitaet\/\",\"url\":\"https:\/\/vapingnet.de\/vape\/hol-dir-den-bestseller-bang-tick-tock-20000-puffs-strawberry-watermelon-top-qualitaet\/\",\"name\":\"Hol Dir Den Bestseller Bang Tick Tock 20000 Puffs Strawberry Watermelon Top Qualit\u00e4t | Vapingnet.de\",\"isPartOf\":{\"@id\":\"https:\/\/vapingnet.de\/#website\"},\"primaryImageOfPage\":{\"@id\":\"https:\/\/vapingnet.de\/vape\/hol-dir-den-bestseller-bang-tick-tock-20000-puffs-strawberry-watermelon-top-qualitaet\/#primaryimage\"},\"image\":{\"@id\":\"https:\/\/vapingnet.de\/vape\/hol-dir-den-bestseller-bang-tick-tock-20000-puffs-strawberry-watermelon-top-qualitaet\/#primaryimage\"},\"thumbnailUrl\":\"https:\/\/vapingnet.de\/wp-content\/uploads\/2025\/04\/Strawberry-Watermelon-4.webp\",\"datePublished\":\"2025-04-27T07:33:07+00:00\",\"dateModified\":\"2025-06-19T03:39:25+00:00\",\"description\":\"Entdecke Hol Dir Den Bestseller Bang Tick Tock 20000 Puffs Strawberry Watermelon Top Qualit\u00e4t bei vapingnet.de, \u25ba Gro\u00dfe Auswahl an Geschmacksrichtungen & super g\u00fcnstig!\",\"breadcrumb\":{\"@id\":\"https:\/\/vapingnet.de\/vape\/hol-dir-den-bestseller-bang-tick-tock-20000-puffs-strawberry-watermelon-top-qualitaet\/#breadcrumb\"},\"inLanguage\":\"lt-LT\",\"potentialAction\":[{\"@type\":\"ReadAction\",\"target\":[\"https:\/\/vapingnet.de\/vape\/hol-dir-den-bestseller-bang-tick-tock-20000-puffs-strawberry-watermelon-top-qualitaet\/\"]}]},{\"@type\":\"ImageObject\",\"inLanguage\":\"lt-LT\",\"@id\":\"https:\/\/vapingnet.de\/vape\/hol-dir-den-bestseller-bang-tick-tock-20000-puffs-strawberry-watermelon-top-qualitaet\/#primaryimage\",\"url\":\"https:\/\/vapingnet.de\/wp-content\/uploads\/2025\/04\/Strawberry-Watermelon-4.webp\",\"contentUrl\":\"https:\/\/vapingnet.de\/wp-content\/uploads\/2025\/04\/Strawberry-Watermelon-4.webp\",\"width\":1000,\"height\":1000},{\"@type\":\"BreadcrumbList\",\"@id\":\"https:\/\/vapingnet.de\/vape\/hol-dir-den-bestseller-bang-tick-tock-20000-puffs-strawberry-watermelon-top-qualitaet\/#breadcrumb\",\"itemListElement\":[{\"@type\":\"ListItem\",\"position\":1,\"name\":\"Home\",\"item\":\"https:\/\/vapingnet.de\/\"},{\"@type\":\"ListItem\",\"position\":2,\"name\":\"Shop\",\"item\":\"https:\/\/vapingnet.de\/vape\/\"},{\"@type\":\"ListItem\",\"position\":3,\"name\":\"Hol Dir Den Bestseller Bang Tick Tock 20000 Puffs Strawberry Watermelon Top Qualit\u00e4t\"}]},{\"@type\":\"WebSite\",\"@id\":\"https:\/\/vapingnet.de\/#website\",\"url\":\"https:\/\/vapingnet.de\/\",\"name\":\"Vapingnet.de\",\"description\":\"\",\"publisher\":{\"@id\":\"https:\/\/vapingnet.de\/#organization\"},\"potentialAction\":[{\"@type\":\"SearchAction\",\"target\":{\"@type\":\"EntryPoint\",\"urlTemplate\":\"https:\/\/vapingnet.de\/?s={search_term_string}\"},\"query-input\":{\"@type\":\"PropertyValueSpecification\",\"valueRequired\":true,\"valueName\":\"search_term_string\"}}],\"inLanguage\":\"lt-LT\"},{\"@type\":\"Organization\",\"@id\":\"https:\/\/vapingnet.de\/#organization\",\"name\":\"Vapingnet.de\",\"url\":\"https:\/\/vapingnet.de\/\",\"logo\":{\"@type\":\"ImageObject\",\"inLanguage\":\"lt-LT\",\"@id\":\"https:\/\/vapingnet.de\/#\/schema\/logo\/image\/\",\"url\":\"https:\/\/vapingnet.de\/wp-content\/uploads\/2025\/03\/cropped-vapingnet.de_.jpg\",\"contentUrl\":\"https:\/\/vapingnet.de\/wp-content\/uploads\/2025\/03\/cropped-vapingnet.de_.jpg\",\"width\":512,\"height\":512,\"caption\":\"Vapingnet.de\"},\"image\":{\"@id\":\"https:\/\/vapingnet.de\/#\/schema\/logo\/image\/\"},\"sameAs\":[\"https:\/\/www.facebook.com\/vapingnetde\/\"]}]}<\/script>\n<!-- \/ Yoast SEO plugin. -->","yoast_head_json":{"title":"Hol Dir Den Bestseller Bang Tick Tock 20000 Puffs Strawberry Watermelon Top Qualit\u00e4t | Vapingnet.de","description":"Entdecke Hol Dir Den Bestseller Bang Tick Tock 20000 Puffs Strawberry Watermelon Top Qualit\u00e4t bei vapingnet.de, \u25ba Gro\u00dfe Auswahl an Geschmacksrichtungen & super g\u00fcnstig!","robots":{"index":"index","follow":"follow","max-snippet":"max-snippet:-1","max-image-preview":"max-image-preview:large","max-video-preview":"max-video-preview:-1"},"canonical":"https:\/\/vapingnet.de\/lt\/vape\/hol-dir-den-bestseller-bang-tick-tock-20000-puffs-strawberry-watermelon-top-qualitaet\/","og_locale":"lt_LT","og_type":"article","og_title":"Hol Dir Den Bestseller Bang Tick Tock 20000 Puffs Strawberry Watermelon Top Qualit\u00e4t | Vapingnet.de","og_description":"Entdecke Hol Dir Den Bestseller Bang Tick Tock 20000 Puffs Strawberry Watermelon Top Qualit\u00e4t bei vapingnet.de, \u25ba Gro\u00dfe Auswahl an Geschmacksrichtungen & super g\u00fcnstig!","og_url":"https:\/\/vapingnet.de\/lt\/vape\/hol-dir-den-bestseller-bang-tick-tock-20000-puffs-strawberry-watermelon-top-qualitaet\/","og_site_name":"Vapingnet.de","article_publisher":"https:\/\/www.facebook.com\/vapingnetde\/","article_modified_time":"2025-06-19T03:39:25+00:00","og_image":[{"width":1000,"height":1000,"url":"https:\/\/vapingnet.de\/wp-content\/uploads\/2025\/04\/Strawberry-Watermelon-4.webp","type":"image\/webp"}],"twitter_card":"summary_large_image","twitter_misc":{"Est. reading time":"3 minutes"},"schema":{"@context":"https:\/\/schema.org","@graph":[{"@type":"WebPage","@id":"https:\/\/vapingnet.de\/vape\/hol-dir-den-bestseller-bang-tick-tock-20000-puffs-strawberry-watermelon-top-qualitaet\/","url":"https:\/\/vapingnet.de\/vape\/hol-dir-den-bestseller-bang-tick-tock-20000-puffs-strawberry-watermelon-top-qualitaet\/","name":"Hol Dir Den Bestseller Bang Tick Tock 20000 Puffs Strawberry Watermelon Top Qualit\u00e4t | Vapingnet.de","isPartOf":{"@id":"https:\/\/vapingnet.de\/#website"},"primaryImageOfPage":{"@id":"https:\/\/vapingnet.de\/vape\/hol-dir-den-bestseller-bang-tick-tock-20000-puffs-strawberry-watermelon-top-qualitaet\/#primaryimage"},"image":{"@id":"https:\/\/vapingnet.de\/vape\/hol-dir-den-bestseller-bang-tick-tock-20000-puffs-strawberry-watermelon-top-qualitaet\/#primaryimage"},"thumbnailUrl":"https:\/\/vapingnet.de\/wp-content\/uploads\/2025\/04\/Strawberry-Watermelon-4.webp","datePublished":"2025-04-27T07:33:07+00:00","dateModified":"2025-06-19T03:39:25+00:00","description":"Entdecke Hol Dir Den Bestseller Bang Tick Tock 20000 Puffs Strawberry Watermelon Top Qualit\u00e4t bei vapingnet.de, \u25ba Gro\u00dfe Auswahl an Geschmacksrichtungen & super g\u00fcnstig!","breadcrumb":{"@id":"https:\/\/vapingnet.de\/vape\/hol-dir-den-bestseller-bang-tick-tock-20000-puffs-strawberry-watermelon-top-qualitaet\/#breadcrumb"},"inLanguage":"lt-LT","potentialAction":[{"@type":"ReadAction","target":["https:\/\/vapingnet.de\/vape\/hol-dir-den-bestseller-bang-tick-tock-20000-puffs-strawberry-watermelon-top-qualitaet\/"]}]},{"@type":"ImageObject","inLanguage":"lt-LT","@id":"https:\/\/vapingnet.de\/vape\/hol-dir-den-bestseller-bang-tick-tock-20000-puffs-strawberry-watermelon-top-qualitaet\/#primaryimage","url":"https:\/\/vapingnet.de\/wp-content\/uploads\/2025\/04\/Strawberry-Watermelon-4.webp","contentUrl":"https:\/\/vapingnet.de\/wp-content\/uploads\/2025\/04\/Strawberry-Watermelon-4.webp","width":1000,"height":1000},{"@type":"BreadcrumbList","@id":"https:\/\/vapingnet.de\/vape\/hol-dir-den-bestseller-bang-tick-tock-20000-puffs-strawberry-watermelon-top-qualitaet\/#breadcrumb","itemListElement":[{"@type":"ListItem","position":1,"name":"Home","item":"https:\/\/vapingnet.de\/"},{"@type":"ListItem","position":2,"name":"Shop","item":"https:\/\/vapingnet.de\/vape\/"},{"@type":"ListItem","position":3,"name":"Hol Dir Den Bestseller Bang Tick Tock 20000 Puffs Strawberry Watermelon Top Qualit\u00e4t"}]},{"@type":"WebSite","@id":"https:\/\/vapingnet.de\/#website","url":"https:\/\/vapingnet.de\/","name":"Vapingnet.de","description":"","publisher":{"@id":"https:\/\/vapingnet.de\/#organization"},"potentialAction":[{"@type":"SearchAction","target":{"@type":"EntryPoint","urlTemplate":"https:\/\/vapingnet.de\/?s={search_term_string}"},"query-input":{"@type":"PropertyValueSpecification","valueRequired":true,"valueName":"search_term_string"}}],"inLanguage":"lt-LT"},{"@type":"Organization","@id":"https:\/\/vapingnet.de\/#organization","name":"Vapingnet.de","url":"https:\/\/vapingnet.de\/","logo":{"@type":"ImageObject","inLanguage":"lt-LT","@id":"https:\/\/vapingnet.de\/#\/schema\/logo\/image\/","url":"https:\/\/vapingnet.de\/wp-content\/uploads\/2025\/03\/cropped-vapingnet.de_.jpg","contentUrl":"https:\/\/vapingnet.de\/wp-content\/uploads\/2025\/03\/cropped-vapingnet.de_.jpg","width":512,"height":512,"caption":"Vapingnet.de"},"image":{"@id":"https:\/\/vapingnet.de\/#\/schema\/logo\/image\/"},"sameAs":["https:\/\/www.facebook.com\/vapingnetde\/"]}]}},"tiered_pricing_type":"fixed","tiered_pricing_fixed_rules":{"10":"10.44","60":"9.4","110":"8.35","200":"7.31"},"tiered_pricing_product_settings":{"layout":"default","base_unit_name":{"singular":null,"plural":null},"default_variation":null},"tiered_pricing_minimum_quantity":null,"tiered_pricing_roles_data":[],"tiered_pricing_percentage_rules":[],"_links":{"self":[{"href":"https:\/\/vapingnet.de\/lt\/wp-json\/wp\/v2\/product\/6561","targetHints":{"allow":["GET"]}}],"collection":[{"href":"https:\/\/vapingnet.de\/lt\/wp-json\/wp\/v2\/product"}],"about":[{"href":"https:\/\/vapingnet.de\/lt\/wp-json\/wp\/v2\/types\/product"}],"version-history":[{"count":1,"href":"https:\/\/vapingnet.de\/lt\/wp-json\/wp\/v2\/product\/6561\/revisions"}],"predecessor-version":[{"id":6579,"href":"https:\/\/vapingnet.de\/lt\/wp-json\/wp\/v2\/product\/6561\/revisions\/6579"}],"wp:featuredmedia":[{"embeddable":true,"href":"https:\/\/vapingnet.de\/lt\/wp-json\/wp\/v2\/media\/6573"}],"wp:attachment":[{"href":"https:\/\/vapingnet.de\/lt\/wp-json\/wp\/v2\/media?parent=6561"}],"wp:term":[{"taxonomy":"brand","embeddable":true,"href":"https:\/\/vapingnet.de\/lt\/wp-json\/wp\/v2\/etheme_brands?post=6561"},{"taxonomy":"product_brand","embeddable":true,"href":"https:\/\/vapingnet.de\/lt\/wp-json\/wp\/v2\/product_brand?post=6561"},{"taxonomy":"product_cat","embeddable":true,"href":"https:\/\/vapingnet.de\/lt\/wp-json\/wp\/v2\/product_cat?post=6561"},{"taxonomy":"product_tag","embeddable":true,"href":"https:\/\/vapingnet.de\/lt\/wp-json\/wp\/v2\/product_tag?post=6561"}],"curies":[{"name":"wp","href":"https:\/\/api.w.org\/{rel}","templated":true}]}}