{"id":6562,"date":"2025-04-27T07:33:09","date_gmt":"2025-04-27T07:33:09","guid":{"rendered":"https:\/\/vapingnet.de\/?post_type=product&#038;p=6562"},"modified":"2025-06-19T03:39:25","modified_gmt":"2025-06-19T03:39:25","slug":"strawberry-mango-in-bang-tick-tock-20000-puffs-der-perfekte-genuss-fuer-dich","status":"publish","type":"product","link":"https:\/\/vapingnet.de\/lt\/vape\/strawberry-mango-in-bang-tick-tock-20000-puffs-der-perfekte-genuss-fuer-dich\/","title":{"rendered":"Bra\u0161k\u0117 Mango Bang Tick Tock 20000 Puffs \u2013 tobulas malonumas jums"},"content":{"rendered":"<h2 data-start=\"0\" data-end=\"73\" data-immersive-translate-walked=\"f86bfdd0-e028-44d7-96d5-bb429d300d32\">Bang Tick Tock 20000 Puffs: Kitos kartos gar\u0173 patirtis<\/h2>\n<p class=\"\" data-start=\"75\" data-end=\"426\" data-immersive-translate-walked=\"f86bfdd0-e028-44d7-96d5-bb429d300d32\" data-immersive-translate-paragraph=\"1\">Bang Tick Tock 20000 Puffs yra vienkartin\u0117 elektronin\u0117 cigaret\u0117, pasi\u017eyminti inovatyvia technologija ir ypatingu d\u0117mesiu naudotojo patogumui. Su daugybe funkcij\u0173 ir unikaliu skoniu ji si\u016blo gar\u0173 patirt\u012f, kuri yra naudinga tiek pradedantiesiems, tiek patyrusiems garintojams.<\/p>\n<h3>Technin\u0117s savyb\u0117s Bang Tick Tock 20000 Puffs<\/h3>\n<p class=\"\" data-start=\"488\" data-end=\"568\" data-immersive-translate-walked=\"f86bfdd0-e028-44d7-96d5-bb429d300d32\" data-immersive-translate-paragraph=\"1\">Bang Tick Tock 20000 Puffs \u012ftikina savo galinga \u012franga:<\/p>\n<ul data-start=\"570\" data-end=\"1021\" data-immersive-translate-walked=\"f86bfdd0-e028-44d7-96d5-bb429d300d32\">\n<li class=\"\" data-start=\"570\" data-end=\"681\" data-immersive-translate-walked=\"f86bfdd0-e028-44d7-96d5-bb429d300d32\">\n<p class=\"\" data-start=\"572\" data-end=\"681\" data-immersive-translate-walked=\"f86bfdd0-e028-44d7-96d5-bb429d300d32\" data-immersive-translate-paragraph=\"1\">Mesh Coil 1.0ohm: 1.0 Ohm Mesh Coil u\u017etikrina tolyg\u0173 garavim\u0105 ir intensyv\u0173 skon\u012f.<\/p>\n<\/li>\n<li class=\"\" data-start=\"682\" data-end=\"792\" data-immersive-translate-walked=\"f86bfdd0-e028-44d7-96d5-bb429d300d32\">\n<p class=\"\" data-start=\"684\" data-end=\"792\" data-immersive-translate-walked=\"f86bfdd0-e028-44d7-96d5-bb429d300d32\" data-immersive-translate-paragraph=\"1\">E-liquido talpa: Su 25 ml E-liquido \u012frenginys turi pakankamai talpos ilgalaikiam malonumui.<\/p>\n<\/li>\n<li class=\"\" data-start=\"793\" data-end=\"918\" data-immersive-translate-walked=\"f86bfdd0-e028-44d7-96d5-bb429d300d32\">\n<p class=\"\" data-start=\"795\" data-end=\"918\" data-immersive-translate-walked=\"f86bfdd0-e028-44d7-96d5-bb429d300d32\" data-immersive-translate-paragraph=\"1\">Baterija: Integruota 500mAh baterija leid\u017eia iki 20 000 \u012fkv\u0117pim\u0173, tod\u0117l Bang Tick Tock yra ypa\u010d ilgaam\u017e\u0117.<\/p>\n<\/li>\n<li class=\"\" data-start=\"919\" data-end=\"1021\" data-immersive-translate-walked=\"f86bfdd0-e028-44d7-96d5-bb429d300d32\">\n<p class=\"\" data-start=\"921\" data-end=\"1021\" data-immersive-translate-walked=\"f86bfdd0-e028-44d7-96d5-bb429d300d32\" data-immersive-translate-paragraph=\"1\">\u012ekrovimo jungtis Tipo-C: Moderni Tipo-C jungtis leid\u017eia greitai ir patogiai \u012fkrauti.<\/p>\n<\/li>\n<\/ul>\n<h4 data-start=\"1023\" data-end=\"1062\" data-immersive-translate-walked=\"f86bfdd0-e028-44d7-96d5-bb429d300d32\">Garavimas su dviem re\u017eimo parinktimis<\/h4>\n<p class=\"\" data-start=\"1064\" data-end=\"1127\" data-immersive-translate-walked=\"f86bfdd0-e028-44d7-96d5-bb429d300d32\" data-immersive-translate-paragraph=\"1\">Bang Tick Tock si\u016blo dvi skirtingas garavimo galimybes:<\/p>\n<ol data-start=\"1129\" data-end=\"1498\" data-immersive-translate-walked=\"f86bfdd0-e028-44d7-96d5-bb429d300d32\">\n<li class=\"\" data-start=\"1129\" data-end=\"1285\" data-immersive-translate-walked=\"f86bfdd0-e028-44d7-96d5-bb429d300d32\">\n<p class=\"\" data-start=\"1132\" data-end=\"1285\" data-immersive-translate-walked=\"f86bfdd0-e028-44d7-96d5-bb429d300d32\" data-immersive-translate-paragraph=\"1\">Dinaminis re\u017eimas: Garinant sukasi pavar\u0173 sistema, sukurianti vizual\u0173, dinami\u0161k\u0105 patirt\u012f, pakelian\u010di\u0105 garavim\u0105 \u012f nauj\u0105 lyg\u012f.<\/p>\n<\/li>\n<li class=\"\" data-start=\"1286\" data-end=\"1498\" data-immersive-translate-walked=\"f86bfdd0-e028-44d7-96d5-bb429d300d32\">\n<p class=\"\" data-start=\"1289\" data-end=\"1498\" data-immersive-translate-walked=\"f86bfdd0-e028-44d7-96d5-bb429d300d32\" data-immersive-translate-paragraph=\"1\">Tyli re\u017eimas: Kas m\u0117gsta tyl\u0173 ir nepastebim\u0105 garavim\u0105, gali \u012fjungti tyl\u0173j\u012f re\u017eim\u0105. Per tris greitus \u012fkv\u0117pimus per dvejas sekundes pavar\u0173 sistema sustoja, tod\u0117l garavimas vyksta nepastebimai.<\/p>\n<\/li>\n<\/ol>\n<h4 data-start=\"1500\" data-end=\"1535\" data-immersive-translate-walked=\"f86bfdd0-e028-44d7-96d5-bb429d300d32\">Skonis: Bra\u0161k\u0117 Mango<\/h4>\n<p class=\"\" data-start=\"1537\" data-end=\"1896\" data-immersive-translate-walked=\"f86bfdd0-e028-44d7-96d5-bb429d300d32\" data-immersive-translate-paragraph=\"1\">Bra\u0161k\u0117s ir Mango derinys sukuria \u0161vie\u017ei\u0105 ir egzoti\u0161k\u0105 skonio patirt\u012f. Saldi bra\u0161k\u0117 ir tropin\u0117 mango puikiai dera ir si\u016blo skan\u0173, gaiv\u0173 gar\u0173 malonum\u0105, kuris i\u0161lieka vis\u0105 dien\u0105. \u0160is skonio mi\u0161inys ypa\u010d tinka garintojams, m\u0117gstantiems vaisinius ir sald\u017eius aromatus.<\/p>\n<h4 data-start=\"1898\" data-end=\"1940\" data-immersive-translate-walked=\"f86bfdd0-e028-44d7-96d5-bb429d300d32\">Naudotojo patogumas ir komfortas<\/h4>\n<p class=\"\" data-start=\"1942\" data-end=\"2224\" data-immersive-translate-walked=\"f86bfdd0-e028-44d7-96d5-bb429d300d32\" data-immersive-translate-paragraph=\"1\">D\u0117l draw-aktyvuotos technologijos Bang Tick Tock yra ypa\u010d patogi naudoti. Pakanka tiesiog \u012ftraukti \u012f elektronin\u0119 cigaret\u0119, kad b\u016bt\u0173 aktyvuotas gar\u0173 i\u0161metimas. Tai daro garavim\u0105 labai patog\u0173, nes nereikia joki\u0173 mygtuk\u0173 ar papildom\u0173 nustatym\u0173.<\/p>\n<h4 data-start=\"2226\" data-end=\"2279\" data-immersive-translate-walked=\"f86bfdd0-e028-44d7-96d5-bb429d300d32\">Greitas pristatymas ir mokes\u010di\u0173 nemokamas u\u017esakymas<\/h4>\n<p class=\"\" data-start=\"2281\" data-end=\"2530\" data-immersive-translate-walked=\"f86bfdd0-e028-44d7-96d5-bb429d300d32\" data-immersive-translate-paragraph=\"1\">Bang Tick Tock 20000 Puffs yra prieinama vapingnet.de, ir klientai gali greitai gauti prekes per 7 iki 15 darbo dien\u0173. Be to, n\u0117ra muit\u0173, tod\u0117l u\u017esakymas yra ypa\u010d patrauklus.<\/p>\n<h4 data-start=\"2532\" data-end=\"2566\" data-immersive-translate-walked=\"f86bfdd0-e028-44d7-96d5-bb429d300d32\">\u012evairios nikotino stiprumo galimyb\u0117s<\/h4>\n<p class=\"\" data-start=\"2568\" data-end=\"2775\" data-immersive-translate-walked=\"f86bfdd0-e028-44d7-96d5-bb429d300d32\" data-immersive-translate-paragraph=\"1\">Garintojams, norintiems pritaikyti nikotino kiek\u012f, Bang Tick Tock si\u016blo \u012fvairius nikotino stiprumus: 0%, 2%, 3%, 5%. Taip kiekvienas naudotojas gali pasirinkti sau tinkam\u0105 garavimo patirt\u012f.<\/p>\n<p class=\"\" data-start=\"2792\" data-end=\"3216\" data-immersive-translate-walked=\"f86bfdd0-e028-44d7-96d5-bb429d300d32\" data-immersive-translate-paragraph=\"1\">Su Bang Tick Tock 20000 Puffs garintojai gauna modern\u0173, naudotojui draugi\u0161k\u0105 \u012frengin\u012f, kuris \u012ftikinamai veikia tiek technikos, tiek skonio srityje. Inovatyvi\u0173 funkcij\u0173, toki\u0173 kaip dinaminis re\u017eimas ir tylusis re\u017eimas, derinys su skaniu bra\u0161ki\u0173 ir mang\u0173 skoniu daro \u0161i\u0105 vienkartin\u0119 elektronin\u0119 cigaret\u0119 puikia pasirinkimu visiems, ie\u0161kantiems ypatingos garavimo patirties.<\/p>","protected":false},"excerpt":{"rendered":"<p>Bang Tick Tock 20000 D\u016b\u017ei\u0173: naujos kartos r\u016bkytojo patirtis. Bang Tick Tock 20000 D\u016b\u017ei\u0173 yra vienkartinis elektroninis r\u016bkalius, pasi\u017eymintis inovatyvia technika...<\/p>","protected":false},"featured_media":6572,"template":"","meta":[],"etheme_brands":[],"product_brand":[101],"product_cat":[54,49,61],"product_tag":[],"class_list":{"0":"post-6562","1":"product","2":"type-product","3":"status-publish","4":"has-post-thumbnail","6":"product_brand-bang-king-vape","7":"product_cat-vape-20000-zuege","8":"product_cat-einweg-e-zigarette","9":"product_cat-f","11":"first","12":"instock","13":"shipping-taxable","14":"purchasable","15":"product-type-simple"},"yoast_head":"<!-- This site is optimized with the Yoast SEO plugin v26.5 - https:\/\/yoast.com\/wordpress\/plugins\/seo\/ -->\n<title>Strawberry Mango In Bang Tick Tock 20000 Puffs Der Perfekte Genuss F\u00fcr Dich | Vapingnet.de<\/title>\n<meta name=\"description\" content=\"Entdecke Strawberry Mango In Bang Tick Tock 20000 Puffs Der Perfekte Genuss F\u00fcr Dich bei vapingnet.de, \u25ba Gro\u00dfe Auswahl an Geschmacksrichtungen &amp; super g\u00fcnstig!\" \/>\n<meta name=\"robots\" content=\"index, follow, max-snippet:-1, max-image-preview:large, max-video-preview:-1\" \/>\n<link rel=\"canonical\" href=\"https:\/\/vapingnet.de\/lt\/vape\/strawberry-mango-in-bang-tick-tock-20000-puffs-der-perfekte-genuss-fuer-dich\/\" \/>\n<meta property=\"og:locale\" content=\"lt_LT\" \/>\n<meta property=\"og:type\" content=\"article\" \/>\n<meta property=\"og:title\" content=\"Strawberry Mango In Bang Tick Tock 20000 Puffs Der Perfekte Genuss F\u00fcr Dich | Vapingnet.de\" \/>\n<meta property=\"og:description\" content=\"Entdecke Strawberry Mango In Bang Tick Tock 20000 Puffs Der Perfekte Genuss F\u00fcr Dich bei vapingnet.de, \u25ba Gro\u00dfe Auswahl an Geschmacksrichtungen &amp; super g\u00fcnstig!\" \/>\n<meta property=\"og:url\" content=\"https:\/\/vapingnet.de\/lt\/vape\/strawberry-mango-in-bang-tick-tock-20000-puffs-der-perfekte-genuss-fuer-dich\/\" \/>\n<meta property=\"og:site_name\" content=\"Vapingnet.de\" \/>\n<meta property=\"article:publisher\" content=\"https:\/\/www.facebook.com\/vapingnetde\/\" \/>\n<meta property=\"article:modified_time\" content=\"2025-06-19T03:39:25+00:00\" \/>\n<meta property=\"og:image\" content=\"https:\/\/vapingnet.de\/wp-content\/uploads\/2025\/04\/Strawberry-Mango.webp\" \/>\n\t<meta property=\"og:image:width\" content=\"1000\" \/>\n\t<meta property=\"og:image:height\" content=\"1000\" \/>\n\t<meta property=\"og:image:type\" content=\"image\/webp\" \/>\n<meta name=\"twitter:card\" content=\"summary_large_image\" \/>\n<meta name=\"twitter:label1\" content=\"Est. reading time\" \/>\n\t<meta name=\"twitter:data1\" content=\"3 minutes\" \/>\n<script type=\"application\/ld+json\" class=\"yoast-schema-graph\">{\"@context\":\"https:\/\/schema.org\",\"@graph\":[{\"@type\":\"WebPage\",\"@id\":\"https:\/\/vapingnet.de\/vape\/strawberry-mango-in-bang-tick-tock-20000-puffs-der-perfekte-genuss-fuer-dich\/\",\"url\":\"https:\/\/vapingnet.de\/vape\/strawberry-mango-in-bang-tick-tock-20000-puffs-der-perfekte-genuss-fuer-dich\/\",\"name\":\"Strawberry Mango In Bang Tick Tock 20000 Puffs Der Perfekte Genuss F\u00fcr Dich | Vapingnet.de\",\"isPartOf\":{\"@id\":\"https:\/\/vapingnet.de\/#website\"},\"primaryImageOfPage\":{\"@id\":\"https:\/\/vapingnet.de\/vape\/strawberry-mango-in-bang-tick-tock-20000-puffs-der-perfekte-genuss-fuer-dich\/#primaryimage\"},\"image\":{\"@id\":\"https:\/\/vapingnet.de\/vape\/strawberry-mango-in-bang-tick-tock-20000-puffs-der-perfekte-genuss-fuer-dich\/#primaryimage\"},\"thumbnailUrl\":\"https:\/\/vapingnet.de\/wp-content\/uploads\/2025\/04\/Strawberry-Mango.webp\",\"datePublished\":\"2025-04-27T07:33:09+00:00\",\"dateModified\":\"2025-06-19T03:39:25+00:00\",\"description\":\"Entdecke Strawberry Mango In Bang Tick Tock 20000 Puffs Der Perfekte Genuss F\u00fcr Dich bei vapingnet.de, \u25ba Gro\u00dfe Auswahl an Geschmacksrichtungen & super g\u00fcnstig!\",\"breadcrumb\":{\"@id\":\"https:\/\/vapingnet.de\/vape\/strawberry-mango-in-bang-tick-tock-20000-puffs-der-perfekte-genuss-fuer-dich\/#breadcrumb\"},\"inLanguage\":\"lt-LT\",\"potentialAction\":[{\"@type\":\"ReadAction\",\"target\":[\"https:\/\/vapingnet.de\/vape\/strawberry-mango-in-bang-tick-tock-20000-puffs-der-perfekte-genuss-fuer-dich\/\"]}]},{\"@type\":\"ImageObject\",\"inLanguage\":\"lt-LT\",\"@id\":\"https:\/\/vapingnet.de\/vape\/strawberry-mango-in-bang-tick-tock-20000-puffs-der-perfekte-genuss-fuer-dich\/#primaryimage\",\"url\":\"https:\/\/vapingnet.de\/wp-content\/uploads\/2025\/04\/Strawberry-Mango.webp\",\"contentUrl\":\"https:\/\/vapingnet.de\/wp-content\/uploads\/2025\/04\/Strawberry-Mango.webp\",\"width\":1000,\"height\":1000},{\"@type\":\"BreadcrumbList\",\"@id\":\"https:\/\/vapingnet.de\/vape\/strawberry-mango-in-bang-tick-tock-20000-puffs-der-perfekte-genuss-fuer-dich\/#breadcrumb\",\"itemListElement\":[{\"@type\":\"ListItem\",\"position\":1,\"name\":\"Home\",\"item\":\"https:\/\/vapingnet.de\/\"},{\"@type\":\"ListItem\",\"position\":2,\"name\":\"Shop\",\"item\":\"https:\/\/vapingnet.de\/vape\/\"},{\"@type\":\"ListItem\",\"position\":3,\"name\":\"Strawberry Mango In Bang Tick Tock 20000 Puffs Der Perfekte Genuss F\u00fcr Dich\"}]},{\"@type\":\"WebSite\",\"@id\":\"https:\/\/vapingnet.de\/#website\",\"url\":\"https:\/\/vapingnet.de\/\",\"name\":\"Vapingnet.de\",\"description\":\"\",\"publisher\":{\"@id\":\"https:\/\/vapingnet.de\/#organization\"},\"potentialAction\":[{\"@type\":\"SearchAction\",\"target\":{\"@type\":\"EntryPoint\",\"urlTemplate\":\"https:\/\/vapingnet.de\/?s={search_term_string}\"},\"query-input\":{\"@type\":\"PropertyValueSpecification\",\"valueRequired\":true,\"valueName\":\"search_term_string\"}}],\"inLanguage\":\"lt-LT\"},{\"@type\":\"Organization\",\"@id\":\"https:\/\/vapingnet.de\/#organization\",\"name\":\"Vapingnet.de\",\"url\":\"https:\/\/vapingnet.de\/\",\"logo\":{\"@type\":\"ImageObject\",\"inLanguage\":\"lt-LT\",\"@id\":\"https:\/\/vapingnet.de\/#\/schema\/logo\/image\/\",\"url\":\"https:\/\/vapingnet.de\/wp-content\/uploads\/2025\/03\/cropped-vapingnet.de_.jpg\",\"contentUrl\":\"https:\/\/vapingnet.de\/wp-content\/uploads\/2025\/03\/cropped-vapingnet.de_.jpg\",\"width\":512,\"height\":512,\"caption\":\"Vapingnet.de\"},\"image\":{\"@id\":\"https:\/\/vapingnet.de\/#\/schema\/logo\/image\/\"},\"sameAs\":[\"https:\/\/www.facebook.com\/vapingnetde\/\"]}]}<\/script>\n<!-- \/ Yoast SEO plugin. -->","yoast_head_json":{"title":"Strawberry Mango In Bang Tick Tock 20000 Puffs Der Perfekte Genuss F\u00fcr Dich | Vapingnet.de","description":"Entdecke Strawberry Mango In Bang Tick Tock 20000 Puffs Der Perfekte Genuss F\u00fcr Dich bei vapingnet.de, \u25ba Gro\u00dfe Auswahl an Geschmacksrichtungen & super g\u00fcnstig!","robots":{"index":"index","follow":"follow","max-snippet":"max-snippet:-1","max-image-preview":"max-image-preview:large","max-video-preview":"max-video-preview:-1"},"canonical":"https:\/\/vapingnet.de\/lt\/vape\/strawberry-mango-in-bang-tick-tock-20000-puffs-der-perfekte-genuss-fuer-dich\/","og_locale":"lt_LT","og_type":"article","og_title":"Strawberry Mango In Bang Tick Tock 20000 Puffs Der Perfekte Genuss F\u00fcr Dich | Vapingnet.de","og_description":"Entdecke Strawberry Mango In Bang Tick Tock 20000 Puffs Der Perfekte Genuss F\u00fcr Dich bei vapingnet.de, \u25ba Gro\u00dfe Auswahl an Geschmacksrichtungen & super g\u00fcnstig!","og_url":"https:\/\/vapingnet.de\/lt\/vape\/strawberry-mango-in-bang-tick-tock-20000-puffs-der-perfekte-genuss-fuer-dich\/","og_site_name":"Vapingnet.de","article_publisher":"https:\/\/www.facebook.com\/vapingnetde\/","article_modified_time":"2025-06-19T03:39:25+00:00","og_image":[{"width":1000,"height":1000,"url":"https:\/\/vapingnet.de\/wp-content\/uploads\/2025\/04\/Strawberry-Mango.webp","type":"image\/webp"}],"twitter_card":"summary_large_image","twitter_misc":{"Est. reading time":"3 minutes"},"schema":{"@context":"https:\/\/schema.org","@graph":[{"@type":"WebPage","@id":"https:\/\/vapingnet.de\/vape\/strawberry-mango-in-bang-tick-tock-20000-puffs-der-perfekte-genuss-fuer-dich\/","url":"https:\/\/vapingnet.de\/vape\/strawberry-mango-in-bang-tick-tock-20000-puffs-der-perfekte-genuss-fuer-dich\/","name":"Strawberry Mango In Bang Tick Tock 20000 Puffs Der Perfekte Genuss F\u00fcr Dich | Vapingnet.de","isPartOf":{"@id":"https:\/\/vapingnet.de\/#website"},"primaryImageOfPage":{"@id":"https:\/\/vapingnet.de\/vape\/strawberry-mango-in-bang-tick-tock-20000-puffs-der-perfekte-genuss-fuer-dich\/#primaryimage"},"image":{"@id":"https:\/\/vapingnet.de\/vape\/strawberry-mango-in-bang-tick-tock-20000-puffs-der-perfekte-genuss-fuer-dich\/#primaryimage"},"thumbnailUrl":"https:\/\/vapingnet.de\/wp-content\/uploads\/2025\/04\/Strawberry-Mango.webp","datePublished":"2025-04-27T07:33:09+00:00","dateModified":"2025-06-19T03:39:25+00:00","description":"Entdecke Strawberry Mango In Bang Tick Tock 20000 Puffs Der Perfekte Genuss F\u00fcr Dich bei vapingnet.de, \u25ba Gro\u00dfe Auswahl an Geschmacksrichtungen & super g\u00fcnstig!","breadcrumb":{"@id":"https:\/\/vapingnet.de\/vape\/strawberry-mango-in-bang-tick-tock-20000-puffs-der-perfekte-genuss-fuer-dich\/#breadcrumb"},"inLanguage":"lt-LT","potentialAction":[{"@type":"ReadAction","target":["https:\/\/vapingnet.de\/vape\/strawberry-mango-in-bang-tick-tock-20000-puffs-der-perfekte-genuss-fuer-dich\/"]}]},{"@type":"ImageObject","inLanguage":"lt-LT","@id":"https:\/\/vapingnet.de\/vape\/strawberry-mango-in-bang-tick-tock-20000-puffs-der-perfekte-genuss-fuer-dich\/#primaryimage","url":"https:\/\/vapingnet.de\/wp-content\/uploads\/2025\/04\/Strawberry-Mango.webp","contentUrl":"https:\/\/vapingnet.de\/wp-content\/uploads\/2025\/04\/Strawberry-Mango.webp","width":1000,"height":1000},{"@type":"BreadcrumbList","@id":"https:\/\/vapingnet.de\/vape\/strawberry-mango-in-bang-tick-tock-20000-puffs-der-perfekte-genuss-fuer-dich\/#breadcrumb","itemListElement":[{"@type":"ListItem","position":1,"name":"Home","item":"https:\/\/vapingnet.de\/"},{"@type":"ListItem","position":2,"name":"Shop","item":"https:\/\/vapingnet.de\/vape\/"},{"@type":"ListItem","position":3,"name":"Strawberry Mango In Bang Tick Tock 20000 Puffs Der Perfekte Genuss F\u00fcr Dich"}]},{"@type":"WebSite","@id":"https:\/\/vapingnet.de\/#website","url":"https:\/\/vapingnet.de\/","name":"Vapingnet.de","description":"","publisher":{"@id":"https:\/\/vapingnet.de\/#organization"},"potentialAction":[{"@type":"SearchAction","target":{"@type":"EntryPoint","urlTemplate":"https:\/\/vapingnet.de\/?s={search_term_string}"},"query-input":{"@type":"PropertyValueSpecification","valueRequired":true,"valueName":"search_term_string"}}],"inLanguage":"lt-LT"},{"@type":"Organization","@id":"https:\/\/vapingnet.de\/#organization","name":"Vapingnet.de","url":"https:\/\/vapingnet.de\/","logo":{"@type":"ImageObject","inLanguage":"lt-LT","@id":"https:\/\/vapingnet.de\/#\/schema\/logo\/image\/","url":"https:\/\/vapingnet.de\/wp-content\/uploads\/2025\/03\/cropped-vapingnet.de_.jpg","contentUrl":"https:\/\/vapingnet.de\/wp-content\/uploads\/2025\/03\/cropped-vapingnet.de_.jpg","width":512,"height":512,"caption":"Vapingnet.de"},"image":{"@id":"https:\/\/vapingnet.de\/#\/schema\/logo\/image\/"},"sameAs":["https:\/\/www.facebook.com\/vapingnetde\/"]}]}},"tiered_pricing_type":"fixed","tiered_pricing_fixed_rules":{"10":"10.44","60":"9.4","110":"8.35","200":"7.31"},"tiered_pricing_product_settings":{"layout":"default","base_unit_name":{"singular":null,"plural":null},"default_variation":null},"tiered_pricing_minimum_quantity":null,"tiered_pricing_roles_data":[],"tiered_pricing_percentage_rules":[],"_links":{"self":[{"href":"https:\/\/vapingnet.de\/lt\/wp-json\/wp\/v2\/product\/6562","targetHints":{"allow":["GET"]}}],"collection":[{"href":"https:\/\/vapingnet.de\/lt\/wp-json\/wp\/v2\/product"}],"about":[{"href":"https:\/\/vapingnet.de\/lt\/wp-json\/wp\/v2\/types\/product"}],"version-history":[{"count":1,"href":"https:\/\/vapingnet.de\/lt\/wp-json\/wp\/v2\/product\/6562\/revisions"}],"predecessor-version":[{"id":6580,"href":"https:\/\/vapingnet.de\/lt\/wp-json\/wp\/v2\/product\/6562\/revisions\/6580"}],"wp:featuredmedia":[{"embeddable":true,"href":"https:\/\/vapingnet.de\/lt\/wp-json\/wp\/v2\/media\/6572"}],"wp:attachment":[{"href":"https:\/\/vapingnet.de\/lt\/wp-json\/wp\/v2\/media?parent=6562"}],"wp:term":[{"taxonomy":"brand","embeddable":true,"href":"https:\/\/vapingnet.de\/lt\/wp-json\/wp\/v2\/etheme_brands?post=6562"},{"taxonomy":"product_brand","embeddable":true,"href":"https:\/\/vapingnet.de\/lt\/wp-json\/wp\/v2\/product_brand?post=6562"},{"taxonomy":"product_cat","embeddable":true,"href":"https:\/\/vapingnet.de\/lt\/wp-json\/wp\/v2\/product_cat?post=6562"},{"taxonomy":"product_tag","embeddable":true,"href":"https:\/\/vapingnet.de\/lt\/wp-json\/wp\/v2\/product_tag?post=6562"}],"curies":[{"name":"wp","href":"https:\/\/api.w.org\/{rel}","templated":true}]}}