{"id":6582,"date":"2025-04-27T08:00:09","date_gmt":"2025-04-27T08:00:09","guid":{"rendered":"https:\/\/vapingnet.de\/?post_type=product&#038;p=6582"},"modified":"2025-06-19T03:39:24","modified_gmt":"2025-06-19T03:39:24","slug":"bang-tick-tock-20000-puffs-blueberry-cherry-lemonade-fuer-deinen-fruchtigen-genuss","status":"publish","type":"product","link":"https:\/\/vapingnet.de\/lt\/vape\/bang-tick-tock-20000-puffs-blueberry-cherry-lemonade-fuer-deinen-fruchtigen-genuss\/","title":{"rendered":"Bang Tick Tock 20000 Puffs Blueberry Cherry Lemonade \u2013 j\u016bs\u0173 vaisi\u0161kam malonumui"},"content":{"rendered":"<h2 data-start=\"0\" data-end=\"85\" data-immersive-translate-walked=\"ff1c01a9-ea4f-49e3-a434-e5cf60d72783\">Bang Tick Tock 20000 Puffs: Naujausia vienkartini\u0173 elektronini\u0173 cigare\u010di\u0173 inovacija<\/h2>\n<p class=\"\" data-start=\"87\" data-end=\"408\" data-immersive-translate-walked=\"ff1c01a9-ea4f-49e3-a434-e5cf60d72783\" data-immersive-translate-paragraph=\"1\">Bang Tick Tock 20000 Puffs yra pa\u017eangi <a href=\"https:\/\/vapingnet.de\/lt\/k\/einweg-e-zigarette\/\" target=\"_blank\" rel=\"noopener\"><strong>Vienkartin\u0117 elektronin\u0117 cigaret\u0117<\/strong><\/a>, kuri i\u0161siskiria savo inovatyviomis technologijomis ir dideliu naudotoj\u0173 draugi\u0161kumu. Su daugybe funkcij\u0173 ji suteikia vapotojams unikal\u0173 patirt\u012f. \u010cia su\u017einosite, kas daro \u0161i\u0105 elektronin\u0119 cigaret\u0119 ypatinga.<\/p>\n<h3>Produkto ypatyb\u0117s Bang Tick Tock 20000 Puffs<\/h3>\n<ul data-start=\"466\" data-end=\"1467\" data-immersive-translate-walked=\"ff1c01a9-ea4f-49e3-a434-e5cf60d72783\">\n<li class=\"\" data-start=\"466\" data-end=\"591\" data-immersive-translate-walked=\"ff1c01a9-ea4f-49e3-a434-e5cf60d72783\">\n<p class=\"\" data-start=\"468\" data-end=\"591\" data-immersive-translate-walked=\"ff1c01a9-ea4f-49e3-a434-e5cf60d72783\" data-immersive-translate-paragraph=\"1\">Tinklelis Rit\u0117: Su 1.0 Ohm tinklelio rit\u0117, Bang Tick Tock u\u017etikrina tolyg\u0173 ir intensyv\u0173 gar\u0173 malonum\u0105.<\/p>\n<\/li>\n<li class=\"\" data-start=\"592\" data-end=\"743\" data-immersive-translate-walked=\"ff1c01a9-ea4f-49e3-a434-e5cf60d72783\">\n<p class=\"\" data-start=\"594\" data-end=\"743\" data-immersive-translate-walked=\"ff1c01a9-ea4f-49e3-a434-e5cf60d72783\" data-immersive-translate-paragraph=\"1\">E-skys\u010dio talpa: Su dosnia 25 ml E-skys\u010dio talpa ji suteikia ilg\u0105 naudojimo laik\u0105 prie\u0161 reikaling\u0105 keitim\u0105.<\/p>\n<\/li>\n<li class=\"\" data-start=\"744\" data-end=\"900\" data-immersive-translate-walked=\"ff1c01a9-ea4f-49e3-a434-e5cf60d72783\">\n<p class=\"\" data-start=\"746\" data-end=\"900\" data-immersive-translate-walked=\"ff1c01a9-ea4f-49e3-a434-e5cf60d72783\" data-immersive-translate-paragraph=\"1\">Baterija: 500 mAh baterija u\u017etikrina pakankam\u0105 gali\u0105 ir ilgalaik\u012f naudojim\u0105, nereikalaujant da\u017en\u0173 \u012fkrovim\u0173.<\/p>\n<\/li>\n<li class=\"\" data-start=\"901\" data-end=\"1021\" data-immersive-translate-walked=\"ff1c01a9-ea4f-49e3-a434-e5cf60d72783\">\n<p class=\"\" data-start=\"903\" data-end=\"1021\" data-immersive-translate-walked=\"ff1c01a9-ea4f-49e3-a434-e5cf60d72783\" data-immersive-translate-paragraph=\"1\">\u012ekrovimo jungtis: D\u0117l modernios Tipo-C jungties \u012fkrovimas yra greitas ir paprastas.<\/p>\n<\/li>\n<li class=\"\" data-start=\"1022\" data-end=\"1323\" data-immersive-translate-walked=\"ff1c01a9-ea4f-49e3-a434-e5cf60d72783\">\n<p class=\"\" data-start=\"1024\" data-end=\"1323\" data-immersive-translate-walked=\"ff1c01a9-ea4f-49e3-a434-e5cf60d72783\" data-immersive-translate-paragraph=\"1\">Dinami\u0161kas ekranas: Dinami\u0161kas ekranas rodo vizualinius efektus, kurie aktyvuojasi naudojant. J\u012f galima valdyti per Dinami\u0161k\u0105 re\u017eim\u0105 (kai sukasi pavaros) arba tylos re\u017eim\u0105 (su trimis greitais \u012fkv\u0117pimais per dvi sekundes, kad sustot\u0173 pavaros).<\/p>\n<\/li>\n<li class=\"\" data-start=\"1324\" data-end=\"1467\" data-immersive-translate-walked=\"ff1c01a9-ea4f-49e3-a434-e5cf60d72783\">\n<p class=\"\" data-start=\"1326\" data-end=\"1467\" data-immersive-translate-walked=\"ff1c01a9-ea4f-49e3-a434-e5cf60d72783\" data-immersive-translate-paragraph=\"1\">MTL Vaping: Elektronin\u0117 cigaret\u0117 si\u016blo MTL (burnos iki plau\u010di\u0173) vaping patirt\u012f, kuri padaro vaping\u0105 maloniu ir pa\u017e\u012fstamu naudotojams.<\/p>\n<\/li>\n<\/ul>\n<h4 data-start=\"1469\" data-end=\"1495\" data-immersive-translate-walked=\"ff1c01a9-ea4f-49e3-a434-e5cf60d72783\">Skoni\u0173 patirtis<\/h4>\n<p class=\"\" data-start=\"1497\" data-end=\"1810\" data-immersive-translate-walked=\"ff1c01a9-ea4f-49e3-a434-e5cf60d72783\" data-immersive-translate-paragraph=\"1\">Bang Tick Tock 20000 Puffs yra su gaiviu ir unikaliu Blueberry Cherry Lemonade skoniu. \u0160is skonis yra tobulas sald\u017ei\u0173 m\u0117lyni\u0173, \u0161vie\u017ei\u0173 vy\u0161ni\u0173 ir gaivios citrinos limonado aromato mi\u0161inys, kuris kiekvien\u0105 \u012fkv\u0117pim\u0105 paver\u010dia gaiviu potyriu.<\/p>\n<h3>Bang Tick Tock 20000 Puffs privalumai<\/h3>\n<ul data-start=\"1861\" data-end=\"2382\" data-immersive-translate-walked=\"ff1c01a9-ea4f-49e3-a434-e5cf60d72783\">\n<li class=\"\" data-start=\"1861\" data-end=\"2054\" data-immersive-translate-walked=\"ff1c01a9-ea4f-49e3-a434-e5cf60d72783\">\n<p class=\"\" data-start=\"1863\" data-end=\"2054\" data-immersive-translate-walked=\"ff1c01a9-ea4f-49e3-a434-e5cf60d72783\" data-immersive-translate-paragraph=\"1\">Nikotino stiprumai: Galite pasirinkti i\u0161 \u012fvairi\u0173 nikotino stiprum\u0173, \u012fskaitant 0%, 2%, 3% ir 5% nikotin\u0105, kad pritaikytum\u0117te savo vaping patirt\u012f pagal savo pageidavimus.<\/p>\n<\/li>\n<li class=\"\" data-start=\"2055\" data-end=\"2231\" data-immersive-translate-walked=\"ff1c01a9-ea4f-49e3-a434-e5cf60d72783\">\n<p class=\"\" data-start=\"2057\" data-end=\"2231\" data-immersive-translate-walked=\"ff1c01a9-ea4f-49e3-a434-e5cf60d72783\" data-immersive-translate-paragraph=\"1\">Traukimo aktyvuota funkcija: Traukimo aktyvavimo technologija daro naudojim\u0105si elektronine cigarete labai paprast\u0105 \u2013 ji automati\u0161kai \u012fsijungia, kai traukiate.<\/p>\n<\/li>\n<li class=\"\" data-start=\"2232\" data-end=\"2379\" data-immersive-translate-walked=\"ff1c01a9-ea4f-49e3-a434-e5cf60d72783\">\n<p class=\"\" data-start=\"2234\" data-end=\"2379\" data-immersive-translate-walked=\"ff1c01a9-ea4f-49e3-a434-e5cf60d72783\" data-immersive-translate-paragraph=\"1\">Naudotojo draugi\u0161kumas: Bang Tick Tock si\u016blo paprast\u0105 ir naudotojui draugi\u0161k\u0105 valdym\u0105, idealiai tinka vapotojams i\u0161 \u012fvairi\u0173 patirties lygi\u0173.<\/p>\n<\/li>\n<\/ul>\n<h4 data-start=\"2383\" data-end=\"2409\" data-immersive-translate-walked=\"ff1c01a9-ea4f-49e3-a434-e5cf60d72783\">Patogi naudoti<\/h4>\n<p class=\"\" data-start=\"2411\" data-end=\"2928\" data-immersive-translate-walked=\"ff1c01a9-ea4f-49e3-a434-e5cf60d72783\" data-immersive-translate-paragraph=\"1\">Bang Tick Tock 20000 Puffs yra skirta tiems, kurie ie\u0161ko galingos, naudotojui draugi\u0161kos ir stilingos vienkartin\u0117s elektronin\u0117s cigaret\u0117s. Su dideliu E-skys\u010dio kiekiu ir ilgaam\u017ei\u0161kumu ji puikiai tinka kasdieniam naudojimui. Tipo-C \u012fkrovimo jungtis u\u017etikrina greit\u0105 ir paprast\u0105 \u012fkrovim\u0105. Be to, elektronin\u0117 cigaret\u0117 si\u016blo dvi garo re\u017eimus, leid\u017eian\u010dius individualiai pritaikyti garo elgsen\u0105 pagal naudotojo pageidavimus.<\/p>\n<p class=\"\" data-start=\"2945\" data-end=\"3317\" data-immersive-translate-walked=\"ff1c01a9-ea4f-49e3-a434-e5cf60d72783\" data-immersive-translate-paragraph=\"1\">Bang Tick Tock 20000 Puffs yra daugiau nei \u012fprasta vienkartin\u0117 elektronin\u0117 cigaret\u0117. Su savo inovatyviu dizainu, \u012fvairiomis funkcijomis ir nuostabiu Blueberry Cherry Lemonade skoniu ji i\u0161siskiria i\u0161 kit\u0173 produkt\u0173. Ji yra ideali vapotojams, ie\u0161kantiems universalios ir paprastos sprendimo savo vaping patirtims.<\/p>","protected":false},"excerpt":{"rendered":"<p>Bang Tick Tock 20000 P\u016b\u010di\u0173: Nauja inovacija vienkartini\u0173 elektronini\u0173 cigare\u010di\u0173 srityje. Bang Tick Tock 20000 P\u016b\u010di\u0173 yra pa\u017eangi vienkartin\u0117 elektronin\u0117 cigaret\u0117, kuri i\u0161siskiria savo...<\/p>","protected":false},"featured_media":6565,"template":"","meta":[],"etheme_brands":[],"product_brand":[101],"product_cat":[54,49,61],"product_tag":[],"class_list":{"0":"post-6582","1":"product","2":"type-product","3":"status-publish","4":"has-post-thumbnail","6":"product_brand-bang-king-vape","7":"product_cat-vape-20000-zuege","8":"product_cat-einweg-e-zigarette","9":"product_cat-f","11":"first","12":"instock","13":"shipping-taxable","14":"purchasable","15":"product-type-simple"},"yoast_head":"<!-- This site is optimized with the Yoast SEO plugin v26.5 - https:\/\/yoast.com\/wordpress\/plugins\/seo\/ -->\n<title>Bang Tick Tock 20000 Puffs Blueberry Cherry Lemonade F\u00fcr Deinen Fruchtigen Genuss | Vapingnet.de<\/title>\n<meta name=\"description\" content=\"Entdecke Bang Tick Tock 20000 Puffs Blueberry Cherry Lemonade F\u00fcr Deinen Fruchtigen Genuss bei vapingnet.de, \u25ba Gro\u00dfe Auswahl an Geschmacksrichtungen &amp; super g\u00fcnstig!\" \/>\n<meta name=\"robots\" content=\"index, follow, max-snippet:-1, max-image-preview:large, max-video-preview:-1\" \/>\n<link rel=\"canonical\" href=\"https:\/\/vapingnet.de\/lt\/vape\/bang-tick-tock-20000-puffs-blueberry-cherry-lemonade-fuer-deinen-fruchtigen-genuss\/\" \/>\n<meta property=\"og:locale\" content=\"lt_LT\" \/>\n<meta property=\"og:type\" content=\"article\" \/>\n<meta property=\"og:title\" content=\"Bang Tick Tock 20000 Puffs Blueberry Cherry Lemonade F\u00fcr Deinen Fruchtigen Genuss | Vapingnet.de\" \/>\n<meta property=\"og:description\" content=\"Entdecke Bang Tick Tock 20000 Puffs Blueberry Cherry Lemonade F\u00fcr Deinen Fruchtigen Genuss bei vapingnet.de, \u25ba Gro\u00dfe Auswahl an Geschmacksrichtungen &amp; super g\u00fcnstig!\" \/>\n<meta property=\"og:url\" content=\"https:\/\/vapingnet.de\/lt\/vape\/bang-tick-tock-20000-puffs-blueberry-cherry-lemonade-fuer-deinen-fruchtigen-genuss\/\" \/>\n<meta property=\"og:site_name\" content=\"Vapingnet.de\" \/>\n<meta property=\"article:publisher\" content=\"https:\/\/www.facebook.com\/vapingnetde\/\" \/>\n<meta property=\"article:modified_time\" content=\"2025-06-19T03:39:24+00:00\" \/>\n<meta property=\"og:image\" content=\"https:\/\/vapingnet.de\/wp-content\/uploads\/2025\/04\/Blueberry-Cherry-Lemonade.webp\" \/>\n\t<meta property=\"og:image:width\" content=\"1000\" \/>\n\t<meta property=\"og:image:height\" content=\"1000\" \/>\n\t<meta property=\"og:image:type\" content=\"image\/webp\" \/>\n<meta name=\"twitter:card\" content=\"summary_large_image\" \/>\n<meta name=\"twitter:label1\" content=\"Est. reading time\" \/>\n\t<meta name=\"twitter:data1\" content=\"3 minutes\" \/>\n<script type=\"application\/ld+json\" class=\"yoast-schema-graph\">{\"@context\":\"https:\/\/schema.org\",\"@graph\":[{\"@type\":\"WebPage\",\"@id\":\"https:\/\/vapingnet.de\/vape\/bang-tick-tock-20000-puffs-blueberry-cherry-lemonade-fuer-deinen-fruchtigen-genuss\/\",\"url\":\"https:\/\/vapingnet.de\/vape\/bang-tick-tock-20000-puffs-blueberry-cherry-lemonade-fuer-deinen-fruchtigen-genuss\/\",\"name\":\"Bang Tick Tock 20000 Puffs Blueberry Cherry Lemonade F\u00fcr Deinen Fruchtigen Genuss | Vapingnet.de\",\"isPartOf\":{\"@id\":\"https:\/\/vapingnet.de\/#website\"},\"primaryImageOfPage\":{\"@id\":\"https:\/\/vapingnet.de\/vape\/bang-tick-tock-20000-puffs-blueberry-cherry-lemonade-fuer-deinen-fruchtigen-genuss\/#primaryimage\"},\"image\":{\"@id\":\"https:\/\/vapingnet.de\/vape\/bang-tick-tock-20000-puffs-blueberry-cherry-lemonade-fuer-deinen-fruchtigen-genuss\/#primaryimage\"},\"thumbnailUrl\":\"https:\/\/vapingnet.de\/wp-content\/uploads\/2025\/04\/Blueberry-Cherry-Lemonade.webp\",\"datePublished\":\"2025-04-27T08:00:09+00:00\",\"dateModified\":\"2025-06-19T03:39:24+00:00\",\"description\":\"Entdecke Bang Tick Tock 20000 Puffs Blueberry Cherry Lemonade F\u00fcr Deinen Fruchtigen Genuss bei vapingnet.de, \u25ba Gro\u00dfe Auswahl an Geschmacksrichtungen & super g\u00fcnstig!\",\"breadcrumb\":{\"@id\":\"https:\/\/vapingnet.de\/vape\/bang-tick-tock-20000-puffs-blueberry-cherry-lemonade-fuer-deinen-fruchtigen-genuss\/#breadcrumb\"},\"inLanguage\":\"lt-LT\",\"potentialAction\":[{\"@type\":\"ReadAction\",\"target\":[\"https:\/\/vapingnet.de\/vape\/bang-tick-tock-20000-puffs-blueberry-cherry-lemonade-fuer-deinen-fruchtigen-genuss\/\"]}]},{\"@type\":\"ImageObject\",\"inLanguage\":\"lt-LT\",\"@id\":\"https:\/\/vapingnet.de\/vape\/bang-tick-tock-20000-puffs-blueberry-cherry-lemonade-fuer-deinen-fruchtigen-genuss\/#primaryimage\",\"url\":\"https:\/\/vapingnet.de\/wp-content\/uploads\/2025\/04\/Blueberry-Cherry-Lemonade.webp\",\"contentUrl\":\"https:\/\/vapingnet.de\/wp-content\/uploads\/2025\/04\/Blueberry-Cherry-Lemonade.webp\",\"width\":1000,\"height\":1000},{\"@type\":\"BreadcrumbList\",\"@id\":\"https:\/\/vapingnet.de\/vape\/bang-tick-tock-20000-puffs-blueberry-cherry-lemonade-fuer-deinen-fruchtigen-genuss\/#breadcrumb\",\"itemListElement\":[{\"@type\":\"ListItem\",\"position\":1,\"name\":\"Home\",\"item\":\"https:\/\/vapingnet.de\/\"},{\"@type\":\"ListItem\",\"position\":2,\"name\":\"Shop\",\"item\":\"https:\/\/vapingnet.de\/vape\/\"},{\"@type\":\"ListItem\",\"position\":3,\"name\":\"Bang Tick Tock 20000 Puffs Blueberry Cherry Lemonade F\u00fcr Deinen Fruchtigen Genuss\"}]},{\"@type\":\"WebSite\",\"@id\":\"https:\/\/vapingnet.de\/#website\",\"url\":\"https:\/\/vapingnet.de\/\",\"name\":\"Vapingnet.de\",\"description\":\"\",\"publisher\":{\"@id\":\"https:\/\/vapingnet.de\/#organization\"},\"potentialAction\":[{\"@type\":\"SearchAction\",\"target\":{\"@type\":\"EntryPoint\",\"urlTemplate\":\"https:\/\/vapingnet.de\/?s={search_term_string}\"},\"query-input\":{\"@type\":\"PropertyValueSpecification\",\"valueRequired\":true,\"valueName\":\"search_term_string\"}}],\"inLanguage\":\"lt-LT\"},{\"@type\":\"Organization\",\"@id\":\"https:\/\/vapingnet.de\/#organization\",\"name\":\"Vapingnet.de\",\"url\":\"https:\/\/vapingnet.de\/\",\"logo\":{\"@type\":\"ImageObject\",\"inLanguage\":\"lt-LT\",\"@id\":\"https:\/\/vapingnet.de\/#\/schema\/logo\/image\/\",\"url\":\"https:\/\/vapingnet.de\/wp-content\/uploads\/2025\/03\/cropped-vapingnet.de_.jpg\",\"contentUrl\":\"https:\/\/vapingnet.de\/wp-content\/uploads\/2025\/03\/cropped-vapingnet.de_.jpg\",\"width\":512,\"height\":512,\"caption\":\"Vapingnet.de\"},\"image\":{\"@id\":\"https:\/\/vapingnet.de\/#\/schema\/logo\/image\/\"},\"sameAs\":[\"https:\/\/www.facebook.com\/vapingnetde\/\"]}]}<\/script>\n<!-- \/ Yoast SEO plugin. -->","yoast_head_json":{"title":"Bang Tick Tock 20000 Puffs Blueberry Cherry Lemonade F\u00fcr Deinen Fruchtigen Genuss | Vapingnet.de","description":"Entdecke Bang Tick Tock 20000 Puffs Blueberry Cherry Lemonade F\u00fcr Deinen Fruchtigen Genuss bei vapingnet.de, \u25ba Gro\u00dfe Auswahl an Geschmacksrichtungen & super g\u00fcnstig!","robots":{"index":"index","follow":"follow","max-snippet":"max-snippet:-1","max-image-preview":"max-image-preview:large","max-video-preview":"max-video-preview:-1"},"canonical":"https:\/\/vapingnet.de\/lt\/vape\/bang-tick-tock-20000-puffs-blueberry-cherry-lemonade-fuer-deinen-fruchtigen-genuss\/","og_locale":"lt_LT","og_type":"article","og_title":"Bang Tick Tock 20000 Puffs Blueberry Cherry Lemonade F\u00fcr Deinen Fruchtigen Genuss | Vapingnet.de","og_description":"Entdecke Bang Tick Tock 20000 Puffs Blueberry Cherry Lemonade F\u00fcr Deinen Fruchtigen Genuss bei vapingnet.de, \u25ba Gro\u00dfe Auswahl an Geschmacksrichtungen & super g\u00fcnstig!","og_url":"https:\/\/vapingnet.de\/lt\/vape\/bang-tick-tock-20000-puffs-blueberry-cherry-lemonade-fuer-deinen-fruchtigen-genuss\/","og_site_name":"Vapingnet.de","article_publisher":"https:\/\/www.facebook.com\/vapingnetde\/","article_modified_time":"2025-06-19T03:39:24+00:00","og_image":[{"width":1000,"height":1000,"url":"https:\/\/vapingnet.de\/wp-content\/uploads\/2025\/04\/Blueberry-Cherry-Lemonade.webp","type":"image\/webp"}],"twitter_card":"summary_large_image","twitter_misc":{"Est. reading time":"3 minutes"},"schema":{"@context":"https:\/\/schema.org","@graph":[{"@type":"WebPage","@id":"https:\/\/vapingnet.de\/vape\/bang-tick-tock-20000-puffs-blueberry-cherry-lemonade-fuer-deinen-fruchtigen-genuss\/","url":"https:\/\/vapingnet.de\/vape\/bang-tick-tock-20000-puffs-blueberry-cherry-lemonade-fuer-deinen-fruchtigen-genuss\/","name":"Bang Tick Tock 20000 Puffs Blueberry Cherry Lemonade F\u00fcr Deinen Fruchtigen Genuss | Vapingnet.de","isPartOf":{"@id":"https:\/\/vapingnet.de\/#website"},"primaryImageOfPage":{"@id":"https:\/\/vapingnet.de\/vape\/bang-tick-tock-20000-puffs-blueberry-cherry-lemonade-fuer-deinen-fruchtigen-genuss\/#primaryimage"},"image":{"@id":"https:\/\/vapingnet.de\/vape\/bang-tick-tock-20000-puffs-blueberry-cherry-lemonade-fuer-deinen-fruchtigen-genuss\/#primaryimage"},"thumbnailUrl":"https:\/\/vapingnet.de\/wp-content\/uploads\/2025\/04\/Blueberry-Cherry-Lemonade.webp","datePublished":"2025-04-27T08:00:09+00:00","dateModified":"2025-06-19T03:39:24+00:00","description":"Entdecke Bang Tick Tock 20000 Puffs Blueberry Cherry Lemonade F\u00fcr Deinen Fruchtigen Genuss bei vapingnet.de, \u25ba Gro\u00dfe Auswahl an Geschmacksrichtungen & super g\u00fcnstig!","breadcrumb":{"@id":"https:\/\/vapingnet.de\/vape\/bang-tick-tock-20000-puffs-blueberry-cherry-lemonade-fuer-deinen-fruchtigen-genuss\/#breadcrumb"},"inLanguage":"lt-LT","potentialAction":[{"@type":"ReadAction","target":["https:\/\/vapingnet.de\/vape\/bang-tick-tock-20000-puffs-blueberry-cherry-lemonade-fuer-deinen-fruchtigen-genuss\/"]}]},{"@type":"ImageObject","inLanguage":"lt-LT","@id":"https:\/\/vapingnet.de\/vape\/bang-tick-tock-20000-puffs-blueberry-cherry-lemonade-fuer-deinen-fruchtigen-genuss\/#primaryimage","url":"https:\/\/vapingnet.de\/wp-content\/uploads\/2025\/04\/Blueberry-Cherry-Lemonade.webp","contentUrl":"https:\/\/vapingnet.de\/wp-content\/uploads\/2025\/04\/Blueberry-Cherry-Lemonade.webp","width":1000,"height":1000},{"@type":"BreadcrumbList","@id":"https:\/\/vapingnet.de\/vape\/bang-tick-tock-20000-puffs-blueberry-cherry-lemonade-fuer-deinen-fruchtigen-genuss\/#breadcrumb","itemListElement":[{"@type":"ListItem","position":1,"name":"Home","item":"https:\/\/vapingnet.de\/"},{"@type":"ListItem","position":2,"name":"Shop","item":"https:\/\/vapingnet.de\/vape\/"},{"@type":"ListItem","position":3,"name":"Bang Tick Tock 20000 Puffs Blueberry Cherry Lemonade F\u00fcr Deinen Fruchtigen Genuss"}]},{"@type":"WebSite","@id":"https:\/\/vapingnet.de\/#website","url":"https:\/\/vapingnet.de\/","name":"Vapingnet.de","description":"","publisher":{"@id":"https:\/\/vapingnet.de\/#organization"},"potentialAction":[{"@type":"SearchAction","target":{"@type":"EntryPoint","urlTemplate":"https:\/\/vapingnet.de\/?s={search_term_string}"},"query-input":{"@type":"PropertyValueSpecification","valueRequired":true,"valueName":"search_term_string"}}],"inLanguage":"lt-LT"},{"@type":"Organization","@id":"https:\/\/vapingnet.de\/#organization","name":"Vapingnet.de","url":"https:\/\/vapingnet.de\/","logo":{"@type":"ImageObject","inLanguage":"lt-LT","@id":"https:\/\/vapingnet.de\/#\/schema\/logo\/image\/","url":"https:\/\/vapingnet.de\/wp-content\/uploads\/2025\/03\/cropped-vapingnet.de_.jpg","contentUrl":"https:\/\/vapingnet.de\/wp-content\/uploads\/2025\/03\/cropped-vapingnet.de_.jpg","width":512,"height":512,"caption":"Vapingnet.de"},"image":{"@id":"https:\/\/vapingnet.de\/#\/schema\/logo\/image\/"},"sameAs":["https:\/\/www.facebook.com\/vapingnetde\/"]}]}},"tiered_pricing_type":"fixed","tiered_pricing_fixed_rules":{"10":"10.44","60":"9.4","110":"8.35","200":"7.31"},"tiered_pricing_product_settings":{"layout":"default","base_unit_name":{"singular":null,"plural":null},"default_variation":null},"tiered_pricing_minimum_quantity":null,"tiered_pricing_roles_data":[],"tiered_pricing_percentage_rules":[],"_links":{"self":[{"href":"https:\/\/vapingnet.de\/lt\/wp-json\/wp\/v2\/product\/6582","targetHints":{"allow":["GET"]}}],"collection":[{"href":"https:\/\/vapingnet.de\/lt\/wp-json\/wp\/v2\/product"}],"about":[{"href":"https:\/\/vapingnet.de\/lt\/wp-json\/wp\/v2\/types\/product"}],"version-history":[{"count":3,"href":"https:\/\/vapingnet.de\/lt\/wp-json\/wp\/v2\/product\/6582\/revisions"}],"predecessor-version":[{"id":6590,"href":"https:\/\/vapingnet.de\/lt\/wp-json\/wp\/v2\/product\/6582\/revisions\/6590"}],"wp:featuredmedia":[{"embeddable":true,"href":"https:\/\/vapingnet.de\/lt\/wp-json\/wp\/v2\/media\/6565"}],"wp:attachment":[{"href":"https:\/\/vapingnet.de\/lt\/wp-json\/wp\/v2\/media?parent=6582"}],"wp:term":[{"taxonomy":"brand","embeddable":true,"href":"https:\/\/vapingnet.de\/lt\/wp-json\/wp\/v2\/etheme_brands?post=6582"},{"taxonomy":"product_brand","embeddable":true,"href":"https:\/\/vapingnet.de\/lt\/wp-json\/wp\/v2\/product_brand?post=6582"},{"taxonomy":"product_cat","embeddable":true,"href":"https:\/\/vapingnet.de\/lt\/wp-json\/wp\/v2\/product_cat?post=6582"},{"taxonomy":"product_tag","embeddable":true,"href":"https:\/\/vapingnet.de\/lt\/wp-json\/wp\/v2\/product_tag?post=6582"}],"curies":[{"name":"wp","href":"https:\/\/api.w.org\/{rel}","templated":true}]}}