{"id":6584,"date":"2025-04-27T08:01:53","date_gmt":"2025-04-27T08:01:53","guid":{"rendered":"https:\/\/vapingnet.de\/?post_type=product&#038;p=6584"},"modified":"2025-06-19T03:39:23","modified_gmt":"2025-06-19T03:39:23","slug":"bang-tick-tock-20000-puffs-mit-blackdragon-ice-der-geschmack-des-sommers","status":"publish","type":"product","link":"https:\/\/vapingnet.de\/lt\/vape\/bang-tick-tock-20000-puffs-mit-blackdragon-ice-der-geschmack-des-sommers\/","title":{"rendered":"Bang Tick Tock 20000 Puffs Blackdragon Ice \u2013 vasaros skonis"},"content":{"rendered":"<h2 data-start=\"0\" data-end=\"64\">Bang Tick Tock 20000 Puffs \u2013 Nauja garinimo dimensija<\/h2>\n<p class=\"\" data-start=\"66\" data-end=\"488\">Bang Tick Tock 20000 Puffs yra ideali pasirinktis visiems garintojams, ie\u0161kantiems galingo, patogaus naudoti ir inovatyvaus vienkartinio elektroninio cigare\u010di\u0173 sprendimo. Su daugybe moderni\u0173 funkcij\u0173 ir unikaliu skonio patirtimi \u0161i elektronin\u0117 cigaret\u0117 pateisina visus l\u016bkes\u010dius. Pa\u017evelkime i\u0161samiau \u012f svarbiausias savybes ir privalumus.<\/p>\n<h3 class=\"\" data-start=\"490\" data-end=\"548\">Technin\u0117s savyb\u0117s Bang Tick Tock 20000 Puffs<\/h3>\n<p class=\"\" data-start=\"550\" data-end=\"749\">Bang Tick Tock \u017eavi daugybe technini\u0173 naujovi\u0173. Jos galingos sudedamosios dalys suteikia i\u0161skirtin\u0119 garinimo patirt\u012f, kuri\u0105 \u012fvertins net reikliausi garintojai.<\/p>\n<div class=\"group pointer-events-none relative flex justify-center *:pointer-events-auto\"><button class=\"hover:bg-token-main-surface-secondary text-token-text-secondary pointer-events-auto rounded-lg px-1 py-1 opacity-0 transition-opacity duration-200 group-focus-within:opacity-100 group-hover:opacity-100\"><\/button><\/p>\n<div class=\"tableContainer horzScrollShadows relative\">\n<table class=\"min-w-full\" style=\"height: 335px;\" width=\"647\" data-start=\"751\" data-end=\"1559\">\n<thead data-start=\"751\" data-end=\"831\">\n<tr data-start=\"751\" data-end=\"831\">\n<th data-start=\"751\" data-end=\"778\">Savyb\u0117<\/th>\n<th data-start=\"778\" data-end=\"831\">Apra\u0161ymas<\/th>\n<\/tr>\n<\/thead>\n<tbody data-start=\"912\" data-end=\"1559\">\n<tr data-start=\"912\" data-end=\"992\">\n<td class=\"max-w-[calc(var(--thread-content-max-width)*2\/3)]\" data-start=\"912\" data-end=\"940\">E-skys\u010dio talpa<\/td>\n<td class=\"max-w-[calc(var(--thread-content-max-width)*2\/3)]\" data-start=\"940\" data-end=\"992\">25ml<\/td>\n<\/tr>\n<tr data-start=\"993\" data-end=\"1073\">\n<td class=\"max-w-[calc(var(--thread-content-max-width)*2\/3)]\" data-start=\"993\" data-end=\"1021\">Tinklelio rit\u0117<\/td>\n<td class=\"max-w-[calc(var(--thread-content-max-width)*2\/3)]\" data-start=\"1021\" data-end=\"1073\">1,0 Ohmo<\/td>\n<\/tr>\n<tr data-start=\"1074\" data-end=\"1154\">\n<td class=\"max-w-[calc(var(--thread-content-max-width)*2\/3)]\" data-start=\"1074\" data-end=\"1102\">Baterija<\/td>\n<td class=\"max-w-[calc(var(--thread-content-max-width)*2\/3)]\" data-start=\"1102\" data-end=\"1154\">500mAh<\/td>\n<\/tr>\n<tr data-start=\"1155\" data-end=\"1235\">\n<td class=\"max-w-[calc(var(--thread-content-max-width)*2\/3)]\" data-start=\"1155\" data-end=\"1183\">\u012ekrovimo jungtis<\/td>\n<td class=\"max-w-[calc(var(--thread-content-max-width)*2\/3)]\" data-start=\"1183\" data-end=\"1235\">Typ-C<\/td>\n<\/tr>\n<tr data-start=\"1236\" data-end=\"1316\">\n<td class=\"max-w-[calc(var(--thread-content-max-width)*2\/3)]\" data-start=\"1236\" data-end=\"1264\">Garavimo re\u017eimai<\/td>\n<td class=\"max-w-[calc(var(--thread-content-max-width)*2\/3)]\" data-start=\"1264\" data-end=\"1316\">Dinami\u0161kas re\u017eimas \/ Tyli re\u017eimas<\/td>\n<\/tr>\n<tr data-start=\"1317\" data-end=\"1397\">\n<td class=\"max-w-[calc(var(--thread-content-max-width)*2\/3)]\" data-start=\"1317\" data-end=\"1345\">Aktyvavimas<\/td>\n<td class=\"max-w-[calc(var(--thread-content-max-width)*2\/3)]\" data-start=\"1345\" data-end=\"1397\">\u012ekv\u0117pimo aktyvuojama<\/td>\n<\/tr>\n<tr data-start=\"1398\" data-end=\"1478\">\n<td class=\"max-w-[calc(var(--thread-content-max-width)*2\/3)]\" data-start=\"1398\" data-end=\"1426\">Skonis<\/td>\n<td class=\"max-w-[calc(var(--thread-content-max-width)*2\/3)]\" data-start=\"1426\" data-end=\"1478\">Blackdragon Ice<\/td>\n<\/tr>\n<tr data-start=\"1479\" data-end=\"1559\">\n<td class=\"max-w-[calc(var(--thread-content-max-width)*2\/3)]\" data-start=\"1479\" data-end=\"1507\">Svoris vienetui<\/td>\n<td class=\"max-w-[calc(var(--thread-content-max-width)*2\/3)]\" data-start=\"1507\" data-end=\"1559\">91g<\/td>\n<\/tr>\n<\/tbody>\n<\/table>\n<\/div>\n<\/div>\n<h4 data-start=\"1561\" data-end=\"1608\">Dvi garinimo re\u017eimai \u012fvairiam naudojimui<\/h4>\n<p class=\"\" data-start=\"1610\" data-end=\"1730\">Bang Tick Tock 20000 Puffs si\u016blo du skirtingus garinimo re\u017eimus, kurie u\u017etikrina skirting\u0105 garinimo patirt\u012f:<\/p>\n<ol data-start=\"1731\" data-end=\"2030\">\n<li class=\"\" data-start=\"1731\" data-end=\"1851\">\n<p class=\"\" data-start=\"1734\" data-end=\"1851\">Dinami\u0161kas re\u017eimas: \u0161iame re\u017eime sukasi pavaros, kai garinate, kas suteikia interaktyvi\u0105 patirt\u012f.<\/p>\n<\/li>\n<li class=\"\" data-start=\"1852\" data-end=\"2030\">\n<p class=\"\" data-start=\"1855\" data-end=\"2030\">Tylaus re\u017eimas: \u012fjunkite \u0161\u012f re\u017eim\u0105 trimis greitais \u012fkv\u0117pimais per dvi sekundes, kad sustabdytum\u0117te pavar\u0173 sukim\u0105si ir m\u0117gautum\u0117t\u0117s tyliu garinimu.<\/p>\n<\/li>\n<\/ol>\n<h4 data-start=\"2032\" data-end=\"2080\">Auk\u0161tos kokyb\u0117s skonis \u2013 Blackdragon Ice<\/h4>\n<p class=\"\" data-start=\"2082\" data-end=\"2383\">Bang Tick Tock 20000 Puffs suteikia unikal\u0173 Blackdragon Ice skon\u012f, kuris yra puikus sald\u017ei\u0173 ir egzoti\u0161k\u0173 vaisi\u0173 nat\u0173 mi\u0161inys, papildytas gaiviu mentolio \u0161altumu. \u0160is skonis yra puikus pasirinkimas garintojams, ie\u0161kantiems ka\u017eko ypatingo.<\/p>\n<h4 data-start=\"2385\" data-end=\"2427\">Lankstumas nikotino stiprumo pasirinkime<\/h4>\n<p class=\"\" data-start=\"2429\" data-end=\"2558\">Norint pritaikyti garinimo patirt\u012f, Bang Tick Tock 20000 Puffs si\u016blomas su skirtingais nikotino stiprumais:<\/p>\n<ul data-start=\"2559\" data-end=\"2703\">\n<li class=\"\" data-start=\"2559\" data-end=\"2625\">\n<p class=\"\" data-start=\"2561\" data-end=\"2625\">0% nikotinas tiems, kurie nori garinti be nikotino.<\/p>\n<\/li>\n<li class=\"\" data-start=\"2626\" data-end=\"2703\">\n<p class=\"\" data-start=\"2628\" data-end=\"2703\">2%, 3% ir 5% nikotino stiprumai tiems, kurie pageidauja stipresnio poveikio.<\/p>\n<\/li>\n<\/ul>\n<h4 data-start=\"2705\" data-end=\"2743\">Vartotojui draugi\u0161kos funkcijos<\/h4>\n<p class=\"\" data-start=\"2745\" data-end=\"2980\">Su Draw-Activated technologija elektronin\u0117 cigaret\u0117 automati\u0161kai \u012fsijungia, kai traukiate, tod\u0117l nereikia rankiniu b\u016bdu \u012fjungti. \u0160i funkcija padaro garinim\u0105 paprast\u0105 ir patog\u0173.<\/p>\n<h4 data-start=\"2982\" data-end=\"3034\">Ilga tarnavimo trukm\u0117 ilgalaikiam malonumui<\/h4>\n<p class=\"\" data-start=\"3036\" data-end=\"3316\">D\u0117ka 25 ml talpos elektroninio skys\u010dio, galite m\u0117gautis daugiau nei 20000 \u012fkv\u0117pim\u0173, kol skystis nesibaigs. 500 mAh baterija u\u017etikrina, kad gal\u0117site naudotis produktu ilg\u0105 laik\u0105 be da\u017en\u0173 \u012fkrovim\u0173.<\/p>\n<h4 data-start=\"3318\" data-end=\"3370\">Kod\u0117l verta rinktis Bang Tick Tock 20000 Puffs?<\/h4>\n<p class=\"\" data-start=\"3372\" data-end=\"3694\">Bang Tick Tock 20000 Puffs yra tobulas pasirinkimas vapotojams, ie\u0161kantiems inovatyvios, galingos ir patogios naudoti vienkartin\u0117s elektronin\u0117s cigaret\u0117s. Su savo unikaliu skoniu ir pa\u017eangiausiomis funkcijomis \u0161is produktas suteikia visk\u0105, ko reikia nepamir\u0161tamai vapavimo patir\u010diai.<\/p>\n<p class=\"\" data-start=\"3696\" data-end=\"3809\">Daugiau informacijos ir norint u\u017esisakyti produkt\u0105, apsilankykite vapingnet.de.<\/p>","protected":false},"excerpt":{"rendered":"<p>Bang Tick Tock 20000 Puffs \u2013 Eine neue Dimension des Dampfen Die Bang Tick Tock 20000 Puffs ist die ideale Wahl f\u00fcr alle Dampfer, die&#8230;<\/p>","protected":false},"featured_media":6564,"template":"","meta":[],"etheme_brands":[],"product_brand":[101],"product_cat":[54,49,61],"product_tag":[],"class_list":{"0":"post-6584","1":"product","2":"type-product","3":"status-publish","4":"has-post-thumbnail","6":"product_brand-bang-king-vape","7":"product_cat-vape-20000-zuege","8":"product_cat-einweg-e-zigarette","9":"product_cat-f","11":"first","12":"instock","13":"shipping-taxable","14":"purchasable","15":"product-type-simple"},"yoast_head":"<!-- This site is optimized with the Yoast SEO plugin v26.5 - https:\/\/yoast.com\/wordpress\/plugins\/seo\/ -->\n<title>Bang Tick Tock 20000 Puffs Mit Blackdragon Ice Der Geschmack Des Sommers | Vapingnet.de<\/title>\n<meta name=\"description\" content=\"Entdecke Bang Tick Tock 20000 Puffs Mit Blackdragon Ice Der Geschmack Des Sommers bei vapingnet.de, \u25ba Gro\u00dfe Auswahl an Geschmacksrichtungen &amp; super g\u00fcnstig!\" \/>\n<meta name=\"robots\" content=\"index, follow, max-snippet:-1, max-image-preview:large, max-video-preview:-1\" \/>\n<link rel=\"canonical\" href=\"https:\/\/vapingnet.de\/lt\/vape\/bang-tick-tock-20000-puffs-mit-blackdragon-ice-der-geschmack-des-sommers\/\" \/>\n<meta property=\"og:locale\" content=\"lt_LT\" \/>\n<meta property=\"og:type\" content=\"article\" \/>\n<meta property=\"og:title\" content=\"Bang Tick Tock 20000 Puffs Mit Blackdragon Ice Der Geschmack Des Sommers | Vapingnet.de\" \/>\n<meta property=\"og:description\" content=\"Entdecke Bang Tick Tock 20000 Puffs Mit Blackdragon Ice Der Geschmack Des Sommers bei vapingnet.de, \u25ba Gro\u00dfe Auswahl an Geschmacksrichtungen &amp; super g\u00fcnstig!\" \/>\n<meta property=\"og:url\" content=\"https:\/\/vapingnet.de\/lt\/vape\/bang-tick-tock-20000-puffs-mit-blackdragon-ice-der-geschmack-des-sommers\/\" \/>\n<meta property=\"og:site_name\" content=\"Vapingnet.de\" \/>\n<meta property=\"article:publisher\" content=\"https:\/\/www.facebook.com\/vapingnetde\/\" \/>\n<meta property=\"article:modified_time\" content=\"2025-06-19T03:39:23+00:00\" \/>\n<meta property=\"og:image\" content=\"https:\/\/vapingnet.de\/wp-content\/uploads\/2025\/04\/Blackdragon-Ice.webp\" \/>\n\t<meta property=\"og:image:width\" content=\"1000\" \/>\n\t<meta property=\"og:image:height\" content=\"1000\" \/>\n\t<meta property=\"og:image:type\" content=\"image\/webp\" \/>\n<meta name=\"twitter:card\" content=\"summary_large_image\" \/>\n<meta name=\"twitter:label1\" content=\"Est. reading time\" \/>\n\t<meta name=\"twitter:data1\" content=\"3 minutes\" \/>\n<script type=\"application\/ld+json\" class=\"yoast-schema-graph\">{\"@context\":\"https:\/\/schema.org\",\"@graph\":[{\"@type\":\"WebPage\",\"@id\":\"https:\/\/vapingnet.de\/vape\/bang-tick-tock-20000-puffs-mit-blackdragon-ice-der-geschmack-des-sommers\/\",\"url\":\"https:\/\/vapingnet.de\/vape\/bang-tick-tock-20000-puffs-mit-blackdragon-ice-der-geschmack-des-sommers\/\",\"name\":\"Bang Tick Tock 20000 Puffs Mit Blackdragon Ice Der Geschmack Des Sommers | Vapingnet.de\",\"isPartOf\":{\"@id\":\"https:\/\/vapingnet.de\/#website\"},\"primaryImageOfPage\":{\"@id\":\"https:\/\/vapingnet.de\/vape\/bang-tick-tock-20000-puffs-mit-blackdragon-ice-der-geschmack-des-sommers\/#primaryimage\"},\"image\":{\"@id\":\"https:\/\/vapingnet.de\/vape\/bang-tick-tock-20000-puffs-mit-blackdragon-ice-der-geschmack-des-sommers\/#primaryimage\"},\"thumbnailUrl\":\"https:\/\/vapingnet.de\/wp-content\/uploads\/2025\/04\/Blackdragon-Ice.webp\",\"datePublished\":\"2025-04-27T08:01:53+00:00\",\"dateModified\":\"2025-06-19T03:39:23+00:00\",\"description\":\"Entdecke Bang Tick Tock 20000 Puffs Mit Blackdragon Ice Der Geschmack Des Sommers bei vapingnet.de, \u25ba Gro\u00dfe Auswahl an Geschmacksrichtungen & super g\u00fcnstig!\",\"breadcrumb\":{\"@id\":\"https:\/\/vapingnet.de\/vape\/bang-tick-tock-20000-puffs-mit-blackdragon-ice-der-geschmack-des-sommers\/#breadcrumb\"},\"inLanguage\":\"lt-LT\",\"potentialAction\":[{\"@type\":\"ReadAction\",\"target\":[\"https:\/\/vapingnet.de\/vape\/bang-tick-tock-20000-puffs-mit-blackdragon-ice-der-geschmack-des-sommers\/\"]}]},{\"@type\":\"ImageObject\",\"inLanguage\":\"lt-LT\",\"@id\":\"https:\/\/vapingnet.de\/vape\/bang-tick-tock-20000-puffs-mit-blackdragon-ice-der-geschmack-des-sommers\/#primaryimage\",\"url\":\"https:\/\/vapingnet.de\/wp-content\/uploads\/2025\/04\/Blackdragon-Ice.webp\",\"contentUrl\":\"https:\/\/vapingnet.de\/wp-content\/uploads\/2025\/04\/Blackdragon-Ice.webp\",\"width\":1000,\"height\":1000},{\"@type\":\"BreadcrumbList\",\"@id\":\"https:\/\/vapingnet.de\/vape\/bang-tick-tock-20000-puffs-mit-blackdragon-ice-der-geschmack-des-sommers\/#breadcrumb\",\"itemListElement\":[{\"@type\":\"ListItem\",\"position\":1,\"name\":\"Home\",\"item\":\"https:\/\/vapingnet.de\/\"},{\"@type\":\"ListItem\",\"position\":2,\"name\":\"Shop\",\"item\":\"https:\/\/vapingnet.de\/vape\/\"},{\"@type\":\"ListItem\",\"position\":3,\"name\":\"Bang Tick Tock 20000 Puffs Mit Blackdragon Ice Der Geschmack Des Sommers\"}]},{\"@type\":\"WebSite\",\"@id\":\"https:\/\/vapingnet.de\/#website\",\"url\":\"https:\/\/vapingnet.de\/\",\"name\":\"Vapingnet.de\",\"description\":\"\",\"publisher\":{\"@id\":\"https:\/\/vapingnet.de\/#organization\"},\"potentialAction\":[{\"@type\":\"SearchAction\",\"target\":{\"@type\":\"EntryPoint\",\"urlTemplate\":\"https:\/\/vapingnet.de\/?s={search_term_string}\"},\"query-input\":{\"@type\":\"PropertyValueSpecification\",\"valueRequired\":true,\"valueName\":\"search_term_string\"}}],\"inLanguage\":\"lt-LT\"},{\"@type\":\"Organization\",\"@id\":\"https:\/\/vapingnet.de\/#organization\",\"name\":\"Vapingnet.de\",\"url\":\"https:\/\/vapingnet.de\/\",\"logo\":{\"@type\":\"ImageObject\",\"inLanguage\":\"lt-LT\",\"@id\":\"https:\/\/vapingnet.de\/#\/schema\/logo\/image\/\",\"url\":\"https:\/\/vapingnet.de\/wp-content\/uploads\/2025\/03\/cropped-vapingnet.de_.jpg\",\"contentUrl\":\"https:\/\/vapingnet.de\/wp-content\/uploads\/2025\/03\/cropped-vapingnet.de_.jpg\",\"width\":512,\"height\":512,\"caption\":\"Vapingnet.de\"},\"image\":{\"@id\":\"https:\/\/vapingnet.de\/#\/schema\/logo\/image\/\"},\"sameAs\":[\"https:\/\/www.facebook.com\/vapingnetde\/\"]}]}<\/script>\n<!-- \/ Yoast SEO plugin. -->","yoast_head_json":{"title":"Bang Tick Tock 20000 Puffs Mit Blackdragon Ice Der Geschmack Des Sommers | Vapingnet.de","description":"Entdecke Bang Tick Tock 20000 Puffs Mit Blackdragon Ice Der Geschmack Des Sommers bei vapingnet.de, \u25ba Gro\u00dfe Auswahl an Geschmacksrichtungen & super g\u00fcnstig!","robots":{"index":"index","follow":"follow","max-snippet":"max-snippet:-1","max-image-preview":"max-image-preview:large","max-video-preview":"max-video-preview:-1"},"canonical":"https:\/\/vapingnet.de\/lt\/vape\/bang-tick-tock-20000-puffs-mit-blackdragon-ice-der-geschmack-des-sommers\/","og_locale":"lt_LT","og_type":"article","og_title":"Bang Tick Tock 20000 Puffs Mit Blackdragon Ice Der Geschmack Des Sommers | Vapingnet.de","og_description":"Entdecke Bang Tick Tock 20000 Puffs Mit Blackdragon Ice Der Geschmack Des Sommers bei vapingnet.de, \u25ba Gro\u00dfe Auswahl an Geschmacksrichtungen & super g\u00fcnstig!","og_url":"https:\/\/vapingnet.de\/lt\/vape\/bang-tick-tock-20000-puffs-mit-blackdragon-ice-der-geschmack-des-sommers\/","og_site_name":"Vapingnet.de","article_publisher":"https:\/\/www.facebook.com\/vapingnetde\/","article_modified_time":"2025-06-19T03:39:23+00:00","og_image":[{"width":1000,"height":1000,"url":"https:\/\/vapingnet.de\/wp-content\/uploads\/2025\/04\/Blackdragon-Ice.webp","type":"image\/webp"}],"twitter_card":"summary_large_image","twitter_misc":{"Est. reading time":"3 minutes"},"schema":{"@context":"https:\/\/schema.org","@graph":[{"@type":"WebPage","@id":"https:\/\/vapingnet.de\/vape\/bang-tick-tock-20000-puffs-mit-blackdragon-ice-der-geschmack-des-sommers\/","url":"https:\/\/vapingnet.de\/vape\/bang-tick-tock-20000-puffs-mit-blackdragon-ice-der-geschmack-des-sommers\/","name":"Bang Tick Tock 20000 Puffs Mit Blackdragon Ice Der Geschmack Des Sommers | Vapingnet.de","isPartOf":{"@id":"https:\/\/vapingnet.de\/#website"},"primaryImageOfPage":{"@id":"https:\/\/vapingnet.de\/vape\/bang-tick-tock-20000-puffs-mit-blackdragon-ice-der-geschmack-des-sommers\/#primaryimage"},"image":{"@id":"https:\/\/vapingnet.de\/vape\/bang-tick-tock-20000-puffs-mit-blackdragon-ice-der-geschmack-des-sommers\/#primaryimage"},"thumbnailUrl":"https:\/\/vapingnet.de\/wp-content\/uploads\/2025\/04\/Blackdragon-Ice.webp","datePublished":"2025-04-27T08:01:53+00:00","dateModified":"2025-06-19T03:39:23+00:00","description":"Entdecke Bang Tick Tock 20000 Puffs Mit Blackdragon Ice Der Geschmack Des Sommers bei vapingnet.de, \u25ba Gro\u00dfe Auswahl an Geschmacksrichtungen & super g\u00fcnstig!","breadcrumb":{"@id":"https:\/\/vapingnet.de\/vape\/bang-tick-tock-20000-puffs-mit-blackdragon-ice-der-geschmack-des-sommers\/#breadcrumb"},"inLanguage":"lt-LT","potentialAction":[{"@type":"ReadAction","target":["https:\/\/vapingnet.de\/vape\/bang-tick-tock-20000-puffs-mit-blackdragon-ice-der-geschmack-des-sommers\/"]}]},{"@type":"ImageObject","inLanguage":"lt-LT","@id":"https:\/\/vapingnet.de\/vape\/bang-tick-tock-20000-puffs-mit-blackdragon-ice-der-geschmack-des-sommers\/#primaryimage","url":"https:\/\/vapingnet.de\/wp-content\/uploads\/2025\/04\/Blackdragon-Ice.webp","contentUrl":"https:\/\/vapingnet.de\/wp-content\/uploads\/2025\/04\/Blackdragon-Ice.webp","width":1000,"height":1000},{"@type":"BreadcrumbList","@id":"https:\/\/vapingnet.de\/vape\/bang-tick-tock-20000-puffs-mit-blackdragon-ice-der-geschmack-des-sommers\/#breadcrumb","itemListElement":[{"@type":"ListItem","position":1,"name":"Home","item":"https:\/\/vapingnet.de\/"},{"@type":"ListItem","position":2,"name":"Shop","item":"https:\/\/vapingnet.de\/vape\/"},{"@type":"ListItem","position":3,"name":"Bang Tick Tock 20000 Puffs Mit Blackdragon Ice Der Geschmack Des Sommers"}]},{"@type":"WebSite","@id":"https:\/\/vapingnet.de\/#website","url":"https:\/\/vapingnet.de\/","name":"Vapingnet.de","description":"","publisher":{"@id":"https:\/\/vapingnet.de\/#organization"},"potentialAction":[{"@type":"SearchAction","target":{"@type":"EntryPoint","urlTemplate":"https:\/\/vapingnet.de\/?s={search_term_string}"},"query-input":{"@type":"PropertyValueSpecification","valueRequired":true,"valueName":"search_term_string"}}],"inLanguage":"lt-LT"},{"@type":"Organization","@id":"https:\/\/vapingnet.de\/#organization","name":"Vapingnet.de","url":"https:\/\/vapingnet.de\/","logo":{"@type":"ImageObject","inLanguage":"lt-LT","@id":"https:\/\/vapingnet.de\/#\/schema\/logo\/image\/","url":"https:\/\/vapingnet.de\/wp-content\/uploads\/2025\/03\/cropped-vapingnet.de_.jpg","contentUrl":"https:\/\/vapingnet.de\/wp-content\/uploads\/2025\/03\/cropped-vapingnet.de_.jpg","width":512,"height":512,"caption":"Vapingnet.de"},"image":{"@id":"https:\/\/vapingnet.de\/#\/schema\/logo\/image\/"},"sameAs":["https:\/\/www.facebook.com\/vapingnetde\/"]}]}},"tiered_pricing_type":"fixed","tiered_pricing_fixed_rules":{"10":"10.44","60":"9.4","110":"8.35","200":"7.31"},"tiered_pricing_product_settings":{"layout":"default","base_unit_name":{"singular":null,"plural":null},"default_variation":null},"tiered_pricing_minimum_quantity":null,"tiered_pricing_roles_data":[],"tiered_pricing_percentage_rules":[],"_links":{"self":[{"href":"https:\/\/vapingnet.de\/lt\/wp-json\/wp\/v2\/product\/6584","targetHints":{"allow":["GET"]}}],"collection":[{"href":"https:\/\/vapingnet.de\/lt\/wp-json\/wp\/v2\/product"}],"about":[{"href":"https:\/\/vapingnet.de\/lt\/wp-json\/wp\/v2\/types\/product"}],"version-history":[{"count":1,"href":"https:\/\/vapingnet.de\/lt\/wp-json\/wp\/v2\/product\/6584\/revisions"}],"predecessor-version":[{"id":6591,"href":"https:\/\/vapingnet.de\/lt\/wp-json\/wp\/v2\/product\/6584\/revisions\/6591"}],"wp:featuredmedia":[{"embeddable":true,"href":"https:\/\/vapingnet.de\/lt\/wp-json\/wp\/v2\/media\/6564"}],"wp:attachment":[{"href":"https:\/\/vapingnet.de\/lt\/wp-json\/wp\/v2\/media?parent=6584"}],"wp:term":[{"taxonomy":"brand","embeddable":true,"href":"https:\/\/vapingnet.de\/lt\/wp-json\/wp\/v2\/etheme_brands?post=6584"},{"taxonomy":"product_brand","embeddable":true,"href":"https:\/\/vapingnet.de\/lt\/wp-json\/wp\/v2\/product_brand?post=6584"},{"taxonomy":"product_cat","embeddable":true,"href":"https:\/\/vapingnet.de\/lt\/wp-json\/wp\/v2\/product_cat?post=6584"},{"taxonomy":"product_tag","embeddable":true,"href":"https:\/\/vapingnet.de\/lt\/wp-json\/wp\/v2\/product_tag?post=6584"}],"curies":[{"name":"wp","href":"https:\/\/api.w.org\/{rel}","templated":true}]}}