{"id":6586,"date":"2025-04-27T08:01:55","date_gmt":"2025-04-27T08:01:55","guid":{"rendered":"https:\/\/vapingnet.de\/?post_type=product&#038;p=6586"},"modified":"2025-06-19T03:39:23","modified_gmt":"2025-06-19T03:39:23","slug":"bang-tick-tock-20000-puffs-strawberry-banana-zollerfrei-und-global-beliebt","status":"publish","type":"product","link":"https:\/\/vapingnet.de\/lt\/vape\/bang-tick-tock-20000-puffs-strawberry-banana-zollerfrei-und-global-beliebt\/","title":{"rendered":"Bang Tick Tock 20000 Puffs Bra\u0161k\u0117 Banana be mokes\u010di\u0173 ir pasaulinio populiarumo"},"content":{"rendered":"<h2 data-start=\"0\" data-end=\"77\" data-immersive-translate-walked=\"fada701a-64dc-4ccc-ba77-6035154f42a2\">Bang Tick Tock 20000 Puffs: Unikalus garinimas su inovacijomis ir stiliumi<\/h2>\n<p class=\"\" data-start=\"79\" data-end=\"488\" data-immersive-translate-walked=\"fada701a-64dc-4ccc-ba77-6035154f42a2\" data-immersive-translate-paragraph=\"1\">Bang Tick Tock 20000 Puffs yra \u012fsp\u016bdinga vienkartini\u0173 elektronini\u0173 cigare\u010di\u0173 pa\u017eanga. Su daugybe inovatyvi\u0173 funkcij\u0173, moderniu dizainu ir \u012fvairiomis skonio pasirinktimis \u0161is modelis i\u0161siskiria i\u0161 kit\u0173. \u0160iame straipsnyje mes i\u0161samiai ap\u017evelgsime i\u0161skirtines \u0161io produkto savybes ir tai, kas j\u012f daro ypatingu garintojams.<\/p>\n<p class=\"\" data-start=\"519\" data-end=\"913\" data-immersive-translate-walked=\"fada701a-64dc-4ccc-ba77-6035154f42a2\" data-immersive-translate-paragraph=\"1\">Bang Tick Tock 20000 Puffs n\u0117ra tik \u012fprasta vienkartin\u0117 elektronin\u0117 cigaret\u0117. Ji sujungia auk\u0161tos kokyb\u0117s technik\u0105 su apgalvotu dizainu ir si\u016blo daugyb\u0119 privalum\u0173, d\u0117l kuri\u0173 ji tampa m\u0117gstama garintoj\u0173 pasirinkimu. Ji ideali tiems, kurie ie\u0161ko ilgalaikio, malonaus garinimo patirties ir nenori atsisakyti kokyb\u0117s bei inovacij\u0173.<\/p>\n<h4 class=\"\" data-start=\"915\" data-end=\"938\" data-immersive-translate-walked=\"fada701a-64dc-4ccc-ba77-6035154f42a2\">Pagrindin\u0117s savyb\u0117s:<\/h4>\n<ul data-start=\"940\" data-end=\"2257\" data-immersive-translate-walked=\"fada701a-64dc-4ccc-ba77-6035154f42a2\">\n<li class=\"\" data-start=\"940\" data-end=\"1119\" data-immersive-translate-walked=\"fada701a-64dc-4ccc-ba77-6035154f42a2\">\n<p class=\"\" data-start=\"942\" data-end=\"1119\" data-immersive-translate-walked=\"fada701a-64dc-4ccc-ba77-6035154f42a2\" data-immersive-translate-paragraph=\"1\">E-liquido talpa: Su 25 ml E-liquido vartotojai gali m\u0117gautis ilgesniu naudojimo laikotarpiu, nereikalaujant da\u017enai papildyti. Tai u\u017etikrina nuolatin\u012f malonum\u0105.<\/p>\n<\/li>\n<li class=\"\" data-start=\"1123\" data-end=\"1299\" data-immersive-translate-walked=\"fada701a-64dc-4ccc-ba77-6035154f42a2\">\n<p class=\"\" data-start=\"1125\" data-end=\"1299\" data-immersive-translate-walked=\"fada701a-64dc-4ccc-ba77-6035154f42a2\" data-immersive-translate-paragraph=\"1\">Nikotino pasirinkimai: Bang Tick Tock 20000 Puffs si\u016blo pasirinkti tarp 0%, 2%, 3% ir 5% nikotino, leid\u017eiant garintojams pasirinkti pageidaujam\u0105 nikotino stiprum\u0105.<\/p>\n<\/li>\n<li class=\"\" data-start=\"1301\" data-end=\"1496\" data-immersive-translate-walked=\"fada701a-64dc-4ccc-ba77-6035154f42a2\">\n<p class=\"\" data-start=\"1303\" data-end=\"1496\" data-immersive-translate-walked=\"fada701a-64dc-4ccc-ba77-6035154f42a2\" data-immersive-translate-paragraph=\"1\">Tinklelio rit\u0117 (1.0 Ohm): Tinklelio rit\u0117 u\u017etikrina vienod\u0105 garinim\u0105 ir intensyv\u0173 skon\u012f kiekvieno \u012fkv\u0117pimo metu. Tai garantuoja optimal\u0173 garo kiek\u012f ir maloni\u0105 patirt\u012f.<\/p>\n<\/li>\n<li class=\"\" data-start=\"1498\" data-end=\"1653\" data-immersive-translate-walked=\"fada701a-64dc-4ccc-ba77-6035154f42a2\">\n<p class=\"\" data-start=\"1500\" data-end=\"1653\" data-immersive-translate-walked=\"fada701a-64dc-4ccc-ba77-6035154f42a2\" data-immersive-translate-paragraph=\"1\">Baterija: Su 500mAh baterija elektronin\u0117 cigaret\u0117 suteikia pakankamai energijos ilgam naudojimui ir leid\u017eia iki 20 000 \u012fkv\u0117pim\u0173.<\/p>\n<\/li>\n<li class=\"\" data-start=\"1655\" data-end=\"1782\" data-immersive-translate-walked=\"fada701a-64dc-4ccc-ba77-6035154f42a2\">\n<p class=\"\" data-start=\"1657\" data-end=\"1782\" data-immersive-translate-walked=\"fada701a-64dc-4ccc-ba77-6035154f42a2\" data-immersive-translate-paragraph=\"1\">\u012ekrovimo jungtis Tipo-C: Moderni Tipo-C \u012fkrovimo jungtis leid\u017eia greitai ir paprastai \u012fkrauti elektronin\u0119 cigaret\u0119.<\/p>\n<\/li>\n<li class=\"\" data-start=\"1784\" data-end=\"2118\" data-immersive-translate-walked=\"fada701a-64dc-4ccc-ba77-6035154f42a2\">\n<p class=\"\" data-start=\"1786\" data-end=\"1866\" data-immersive-translate-walked=\"fada701a-64dc-4ccc-ba77-6035154f42a2\" data-immersive-translate-paragraph=\"1\">Garavimo re\u017eimai: Bang Tick Tock 20000 Puffs turi du garavimo re\u017eimus:<\/p>\n<ul data-start=\"1869\" data-end=\"2118\" data-immersive-translate-walked=\"fada701a-64dc-4ccc-ba77-6035154f42a2\">\n<li class=\"\" data-start=\"1869\" data-end=\"1991\" data-immersive-translate-walked=\"fada701a-64dc-4ccc-ba77-6035154f42a2\">\n<p class=\"\" data-start=\"1871\" data-end=\"1991\" data-immersive-translate-walked=\"fada701a-64dc-4ccc-ba77-6035154f42a2\" data-immersive-translate-paragraph=\"1\">Dinami\u0161kas re\u017eimas: Garinimo metu sukasi pavaros, sukurdamos unikali\u0105 vizualin\u0119 patirt\u012f.<\/p>\n<\/li>\n<li class=\"\" data-start=\"1994\" data-end=\"2118\" data-immersive-translate-walked=\"fada701a-64dc-4ccc-ba77-6035154f42a2\">\n<p class=\"\" data-start=\"1996\" data-end=\"2118\" data-immersive-translate-walked=\"fada701a-64dc-4ccc-ba77-6035154f42a2\" data-immersive-translate-paragraph=\"1\">Tylus re\u017eimas: Trys greiti \u012fkv\u0117pimai per dvejas sekundes sustabdo pavaras ir leid\u017eia tyliai garinti.<\/p>\n<\/li>\n<\/ul>\n<\/li>\n<li class=\"\" data-start=\"2120\" data-end=\"2257\" data-immersive-translate-walked=\"fada701a-64dc-4ccc-ba77-6035154f42a2\">\n<p class=\"\" data-start=\"2122\" data-end=\"2257\" data-immersive-translate-walked=\"fada701a-64dc-4ccc-ba77-6035154f42a2\" data-immersive-translate-paragraph=\"1\">\u012ekv\u0117pimo aktyvavimas: Prietaisas automati\u0161kai \u012fsijungia, kai traukiate, kas leid\u017eia paprastai naudotis be mygtuk\u0173.<\/p>\n<\/li>\n<\/ul>\n<h4>Skonis: Bra\u0161k\u0117 Banana<\/h4>\n<p class=\"\" data-start=\"2298\" data-end=\"2619\" data-immersive-translate-walked=\"fada701a-64dc-4ccc-ba77-6035154f42a2\" data-immersive-translate-paragraph=\"1\">Bang Tick Tock 20000 Puffs si\u016blo skan\u0173 Bra\u0161k\u0117 Banana skon\u012f, kuris jungia sald\u0173 ir \u0161vie\u017ei\u0105 bra\u0161ki\u0173 bei banan\u0173 derin\u012f. \u0160is skonis ypa\u010d m\u0117gstamas garintoj\u0173, kurie m\u0117gsta vaisinius, sald\u017eius aromatus. Skonis i\u0161lieka intensyvus ir malonus net po daugelio \u012fkv\u0117pim\u0173.<\/p>\n<h3>Bang Tick Tock 20000 Puffs privalumai<\/h3>\n<p class=\"\" data-start=\"2670\" data-end=\"2781\" data-immersive-translate-walked=\"fada701a-64dc-4ccc-ba77-6035154f42a2\" data-immersive-translate-paragraph=\"1\">Bang Tick Tock 20000 Puffs turi daug privalum\u0173, kurie j\u0105 daro i\u0161skirtiniu pasirinkimu garintojams:<\/p>\n<ul data-start=\"2783\" data-end=\"3615\" data-immersive-translate-walked=\"fada701a-64dc-4ccc-ba77-6035154f42a2\">\n<li class=\"\" data-start=\"2783\" data-end=\"2967\" data-immersive-translate-walked=\"fada701a-64dc-4ccc-ba77-6035154f42a2\">\n<p class=\"\" data-start=\"2785\" data-end=\"2967\" data-immersive-translate-walked=\"fada701a-64dc-4ccc-ba77-6035154f42a2\" data-immersive-translate-paragraph=\"1\">Ilgaam\u017ei\u0161kumas: D\u0117l 500mAh baterijos ir 25 ml E-liquido talpos elektronin\u0117 cigaret\u0117 yra puiki ilgesniam naudojimui, nereikalaujant papildymo.<\/p>\n<\/li>\n<li class=\"\" data-start=\"2971\" data-end=\"3139\" data-immersive-translate-walked=\"fada701a-64dc-4ccc-ba77-6035154f42a2\">\n<p class=\"\" data-start=\"2973\" data-end=\"3139\" data-immersive-translate-walked=\"fada701a-64dc-4ccc-ba77-6035154f42a2\" data-immersive-translate-paragraph=\"1\">Lankstumas d\u0117l nikotino pasirinkim\u0173: Garintojai gali pasirinkti i\u0161 keturi\u0173 skirting\u0173 nikotino stiprum\u0173 ir pritaikyti savo garinimo patirt\u012f pagal poreik\u012f.<\/p>\n<\/li>\n<li class=\"\" data-start=\"3141\" data-end=\"3283\" data-immersive-translate-walked=\"fada701a-64dc-4ccc-ba77-6035154f42a2\">\n<p class=\"\" data-start=\"3143\" data-end=\"3283\" data-immersive-translate-walked=\"fada701a-64dc-4ccc-ba77-6035154f42a2\" data-immersive-translate-paragraph=\"1\">Paprastas valdymas: \u012ekv\u0117pimo aktyvavimo funkcija u\u017etikrina, kad prietaisas b\u016bt\u0173 paruo\u0161tas naudoti i\u0161 karto, be mygtuk\u0173.<\/p>\n<\/li>\n<li class=\"\" data-start=\"3285\" data-end=\"3453\" data-immersive-translate-walked=\"fada701a-64dc-4ccc-ba77-6035154f42a2\">\n<p class=\"\" data-start=\"3287\" data-end=\"3453\" data-immersive-translate-walked=\"fada701a-64dc-4ccc-ba77-6035154f42a2\" data-immersive-translate-paragraph=\"1\">Du garavimo re\u017eimai: Dinami\u0161kas ir tylus re\u017eimai si\u016blo \u012fvairi\u0105 patirt\u012f ir gali b\u016bti naudojami pagal pageidavimus ir poreikius.<\/p>\n<\/li>\n<li class=\"\" data-start=\"3455\" data-end=\"3615\" data-immersive-translate-walked=\"fada701a-64dc-4ccc-ba77-6035154f42a2\">\n<p class=\"\" data-start=\"3457\" data-end=\"3615\" data-immersive-translate-walked=\"fada701a-64dc-4ccc-ba77-6035154f42a2\" data-immersive-translate-paragraph=\"1\">Skoni\u0173 \u012fvairov\u0117: su bra\u0161ki\u0173 banan\u0173 skoniu kiekviena garinimo pertrauka tampa vaisinga patirtimi, kuri teikia malonum\u0105 vis\u0105 dien\u0105.<\/p>\n<\/li>\n<\/ul>\n<p class=\"\" data-start=\"3632\" data-end=\"4108\" data-immersive-translate-walked=\"fada701a-64dc-4ccc-ba77-6035154f42a2\" data-immersive-translate-paragraph=\"1\">Bang Tick Tock 20000 Puffs yra i\u0161skirtinis pasirinkimas garintojams, ie\u0161kantiems inovatyvios, patogios naudoti ir galingos vienkartin\u0117s elektronin\u0117s cigaret\u0117s. Su ilga tarnavimo trukme, \u012fvairiomis nikotino stiprumo galimyb\u0117mis ir skoni\u0173 pasirinkimu ji suteikia visk\u0105, ko reikia optimaliai garinimo patir\u010diai. Apsilankykite vapingnet.de ir patirkite unikal\u0173 skon\u012f bei \u0161iuolaikines funkcijas, kurias si\u016blo Bang Tick Tock 20000 Puffs.<\/p>","protected":false},"excerpt":{"rendered":"<p>Bang Tick Tock 20000 P\u016b\u010di\u0173: unikali garinimo patirtis su inovacijomis ir stiliumi. Bang Tick Tock 20000 P\u016b\u010di\u0173 yra \u012fsp\u016bdinga pa\u017eanga vienkartini\u0173 elektronini\u0173 cigare\u010di\u0173 srityje...<\/p>","protected":false},"featured_media":6571,"template":"","meta":[],"etheme_brands":[],"product_brand":[101],"product_cat":[54,49,61],"product_tag":[],"class_list":{"0":"post-6586","1":"product","2":"type-product","3":"status-publish","4":"has-post-thumbnail","6":"product_brand-bang-king-vape","7":"product_cat-vape-20000-zuege","8":"product_cat-einweg-e-zigarette","9":"product_cat-f","11":"first","12":"instock","13":"shipping-taxable","14":"purchasable","15":"product-type-simple"},"yoast_head":"<!-- This site is optimized with the Yoast SEO plugin v26.5 - https:\/\/yoast.com\/wordpress\/plugins\/seo\/ -->\n<title>Bang Tick Tock 20000 Puffs Strawberry Banana Zollerfrei Und Global Beliebt | Vapingnet.de<\/title>\n<meta name=\"description\" content=\"Entdecke Bang Tick Tock 20000 Puffs Strawberry Banana Zollerfrei Und Global Beliebt bei vapingnet.de, \u25ba Gro\u00dfe Auswahl an Geschmacksrichtungen &amp; super g\u00fcnstig!\" \/>\n<meta name=\"robots\" content=\"index, follow, max-snippet:-1, max-image-preview:large, max-video-preview:-1\" \/>\n<link rel=\"canonical\" href=\"https:\/\/vapingnet.de\/lt\/vape\/bang-tick-tock-20000-puffs-strawberry-banana-zollerfrei-und-global-beliebt\/\" \/>\n<meta property=\"og:locale\" content=\"lt_LT\" \/>\n<meta property=\"og:type\" content=\"article\" \/>\n<meta property=\"og:title\" content=\"Bang Tick Tock 20000 Puffs Strawberry Banana Zollerfrei Und Global Beliebt | Vapingnet.de\" \/>\n<meta property=\"og:description\" content=\"Entdecke Bang Tick Tock 20000 Puffs Strawberry Banana Zollerfrei Und Global Beliebt bei vapingnet.de, \u25ba Gro\u00dfe Auswahl an Geschmacksrichtungen &amp; super g\u00fcnstig!\" \/>\n<meta property=\"og:url\" content=\"https:\/\/vapingnet.de\/lt\/vape\/bang-tick-tock-20000-puffs-strawberry-banana-zollerfrei-und-global-beliebt\/\" \/>\n<meta property=\"og:site_name\" content=\"Vapingnet.de\" \/>\n<meta property=\"article:publisher\" content=\"https:\/\/www.facebook.com\/vapingnetde\/\" \/>\n<meta property=\"article:modified_time\" content=\"2025-06-19T03:39:23+00:00\" \/>\n<meta property=\"og:image\" content=\"https:\/\/vapingnet.de\/wp-content\/uploads\/2025\/04\/Strawberry-Banana-1.webp\" \/>\n\t<meta property=\"og:image:width\" content=\"1000\" \/>\n\t<meta property=\"og:image:height\" content=\"1000\" \/>\n\t<meta property=\"og:image:type\" content=\"image\/webp\" \/>\n<meta name=\"twitter:card\" content=\"summary_large_image\" \/>\n<meta name=\"twitter:label1\" content=\"Est. reading time\" \/>\n\t<meta name=\"twitter:data1\" content=\"4 minutes\" \/>\n<script type=\"application\/ld+json\" class=\"yoast-schema-graph\">{\"@context\":\"https:\/\/schema.org\",\"@graph\":[{\"@type\":\"WebPage\",\"@id\":\"https:\/\/vapingnet.de\/vape\/bang-tick-tock-20000-puffs-strawberry-banana-zollerfrei-und-global-beliebt\/\",\"url\":\"https:\/\/vapingnet.de\/vape\/bang-tick-tock-20000-puffs-strawberry-banana-zollerfrei-und-global-beliebt\/\",\"name\":\"Bang Tick Tock 20000 Puffs Strawberry Banana Zollerfrei Und Global Beliebt | Vapingnet.de\",\"isPartOf\":{\"@id\":\"https:\/\/vapingnet.de\/#website\"},\"primaryImageOfPage\":{\"@id\":\"https:\/\/vapingnet.de\/vape\/bang-tick-tock-20000-puffs-strawberry-banana-zollerfrei-und-global-beliebt\/#primaryimage\"},\"image\":{\"@id\":\"https:\/\/vapingnet.de\/vape\/bang-tick-tock-20000-puffs-strawberry-banana-zollerfrei-und-global-beliebt\/#primaryimage\"},\"thumbnailUrl\":\"https:\/\/vapingnet.de\/wp-content\/uploads\/2025\/04\/Strawberry-Banana-1.webp\",\"datePublished\":\"2025-04-27T08:01:55+00:00\",\"dateModified\":\"2025-06-19T03:39:23+00:00\",\"description\":\"Entdecke Bang Tick Tock 20000 Puffs Strawberry Banana Zollerfrei Und Global Beliebt bei vapingnet.de, \u25ba Gro\u00dfe Auswahl an Geschmacksrichtungen & super g\u00fcnstig!\",\"breadcrumb\":{\"@id\":\"https:\/\/vapingnet.de\/vape\/bang-tick-tock-20000-puffs-strawberry-banana-zollerfrei-und-global-beliebt\/#breadcrumb\"},\"inLanguage\":\"lt-LT\",\"potentialAction\":[{\"@type\":\"ReadAction\",\"target\":[\"https:\/\/vapingnet.de\/vape\/bang-tick-tock-20000-puffs-strawberry-banana-zollerfrei-und-global-beliebt\/\"]}]},{\"@type\":\"ImageObject\",\"inLanguage\":\"lt-LT\",\"@id\":\"https:\/\/vapingnet.de\/vape\/bang-tick-tock-20000-puffs-strawberry-banana-zollerfrei-und-global-beliebt\/#primaryimage\",\"url\":\"https:\/\/vapingnet.de\/wp-content\/uploads\/2025\/04\/Strawberry-Banana-1.webp\",\"contentUrl\":\"https:\/\/vapingnet.de\/wp-content\/uploads\/2025\/04\/Strawberry-Banana-1.webp\",\"width\":1000,\"height\":1000},{\"@type\":\"BreadcrumbList\",\"@id\":\"https:\/\/vapingnet.de\/vape\/bang-tick-tock-20000-puffs-strawberry-banana-zollerfrei-und-global-beliebt\/#breadcrumb\",\"itemListElement\":[{\"@type\":\"ListItem\",\"position\":1,\"name\":\"Home\",\"item\":\"https:\/\/vapingnet.de\/\"},{\"@type\":\"ListItem\",\"position\":2,\"name\":\"Shop\",\"item\":\"https:\/\/vapingnet.de\/vape\/\"},{\"@type\":\"ListItem\",\"position\":3,\"name\":\"Bang Tick Tock 20000 Puffs Strawberry Banana Zollerfrei Und Global Beliebt\"}]},{\"@type\":\"WebSite\",\"@id\":\"https:\/\/vapingnet.de\/#website\",\"url\":\"https:\/\/vapingnet.de\/\",\"name\":\"Vapingnet.de\",\"description\":\"\",\"publisher\":{\"@id\":\"https:\/\/vapingnet.de\/#organization\"},\"potentialAction\":[{\"@type\":\"SearchAction\",\"target\":{\"@type\":\"EntryPoint\",\"urlTemplate\":\"https:\/\/vapingnet.de\/?s={search_term_string}\"},\"query-input\":{\"@type\":\"PropertyValueSpecification\",\"valueRequired\":true,\"valueName\":\"search_term_string\"}}],\"inLanguage\":\"lt-LT\"},{\"@type\":\"Organization\",\"@id\":\"https:\/\/vapingnet.de\/#organization\",\"name\":\"Vapingnet.de\",\"url\":\"https:\/\/vapingnet.de\/\",\"logo\":{\"@type\":\"ImageObject\",\"inLanguage\":\"lt-LT\",\"@id\":\"https:\/\/vapingnet.de\/#\/schema\/logo\/image\/\",\"url\":\"https:\/\/vapingnet.de\/wp-content\/uploads\/2025\/03\/cropped-vapingnet.de_.jpg\",\"contentUrl\":\"https:\/\/vapingnet.de\/wp-content\/uploads\/2025\/03\/cropped-vapingnet.de_.jpg\",\"width\":512,\"height\":512,\"caption\":\"Vapingnet.de\"},\"image\":{\"@id\":\"https:\/\/vapingnet.de\/#\/schema\/logo\/image\/\"},\"sameAs\":[\"https:\/\/www.facebook.com\/vapingnetde\/\"]}]}<\/script>\n<!-- \/ Yoast SEO plugin. -->","yoast_head_json":{"title":"Bang Tick Tock 20000 Puffs Strawberry Banana Zollerfrei Und Global Beliebt | Vapingnet.de","description":"Entdecke Bang Tick Tock 20000 Puffs Strawberry Banana Zollerfrei Und Global Beliebt bei vapingnet.de, \u25ba Gro\u00dfe Auswahl an Geschmacksrichtungen & super g\u00fcnstig!","robots":{"index":"index","follow":"follow","max-snippet":"max-snippet:-1","max-image-preview":"max-image-preview:large","max-video-preview":"max-video-preview:-1"},"canonical":"https:\/\/vapingnet.de\/lt\/vape\/bang-tick-tock-20000-puffs-strawberry-banana-zollerfrei-und-global-beliebt\/","og_locale":"lt_LT","og_type":"article","og_title":"Bang Tick Tock 20000 Puffs Strawberry Banana Zollerfrei Und Global Beliebt | Vapingnet.de","og_description":"Entdecke Bang Tick Tock 20000 Puffs Strawberry Banana Zollerfrei Und Global Beliebt bei vapingnet.de, \u25ba Gro\u00dfe Auswahl an Geschmacksrichtungen & super g\u00fcnstig!","og_url":"https:\/\/vapingnet.de\/lt\/vape\/bang-tick-tock-20000-puffs-strawberry-banana-zollerfrei-und-global-beliebt\/","og_site_name":"Vapingnet.de","article_publisher":"https:\/\/www.facebook.com\/vapingnetde\/","article_modified_time":"2025-06-19T03:39:23+00:00","og_image":[{"width":1000,"height":1000,"url":"https:\/\/vapingnet.de\/wp-content\/uploads\/2025\/04\/Strawberry-Banana-1.webp","type":"image\/webp"}],"twitter_card":"summary_large_image","twitter_misc":{"Est. reading time":"4 minutes"},"schema":{"@context":"https:\/\/schema.org","@graph":[{"@type":"WebPage","@id":"https:\/\/vapingnet.de\/vape\/bang-tick-tock-20000-puffs-strawberry-banana-zollerfrei-und-global-beliebt\/","url":"https:\/\/vapingnet.de\/vape\/bang-tick-tock-20000-puffs-strawberry-banana-zollerfrei-und-global-beliebt\/","name":"Bang Tick Tock 20000 Puffs Strawberry Banana Zollerfrei Und Global Beliebt | Vapingnet.de","isPartOf":{"@id":"https:\/\/vapingnet.de\/#website"},"primaryImageOfPage":{"@id":"https:\/\/vapingnet.de\/vape\/bang-tick-tock-20000-puffs-strawberry-banana-zollerfrei-und-global-beliebt\/#primaryimage"},"image":{"@id":"https:\/\/vapingnet.de\/vape\/bang-tick-tock-20000-puffs-strawberry-banana-zollerfrei-und-global-beliebt\/#primaryimage"},"thumbnailUrl":"https:\/\/vapingnet.de\/wp-content\/uploads\/2025\/04\/Strawberry-Banana-1.webp","datePublished":"2025-04-27T08:01:55+00:00","dateModified":"2025-06-19T03:39:23+00:00","description":"Entdecke Bang Tick Tock 20000 Puffs Strawberry Banana Zollerfrei Und Global Beliebt bei vapingnet.de, \u25ba Gro\u00dfe Auswahl an Geschmacksrichtungen & super g\u00fcnstig!","breadcrumb":{"@id":"https:\/\/vapingnet.de\/vape\/bang-tick-tock-20000-puffs-strawberry-banana-zollerfrei-und-global-beliebt\/#breadcrumb"},"inLanguage":"lt-LT","potentialAction":[{"@type":"ReadAction","target":["https:\/\/vapingnet.de\/vape\/bang-tick-tock-20000-puffs-strawberry-banana-zollerfrei-und-global-beliebt\/"]}]},{"@type":"ImageObject","inLanguage":"lt-LT","@id":"https:\/\/vapingnet.de\/vape\/bang-tick-tock-20000-puffs-strawberry-banana-zollerfrei-und-global-beliebt\/#primaryimage","url":"https:\/\/vapingnet.de\/wp-content\/uploads\/2025\/04\/Strawberry-Banana-1.webp","contentUrl":"https:\/\/vapingnet.de\/wp-content\/uploads\/2025\/04\/Strawberry-Banana-1.webp","width":1000,"height":1000},{"@type":"BreadcrumbList","@id":"https:\/\/vapingnet.de\/vape\/bang-tick-tock-20000-puffs-strawberry-banana-zollerfrei-und-global-beliebt\/#breadcrumb","itemListElement":[{"@type":"ListItem","position":1,"name":"Home","item":"https:\/\/vapingnet.de\/"},{"@type":"ListItem","position":2,"name":"Shop","item":"https:\/\/vapingnet.de\/vape\/"},{"@type":"ListItem","position":3,"name":"Bang Tick Tock 20000 Puffs Strawberry Banana Zollerfrei Und Global Beliebt"}]},{"@type":"WebSite","@id":"https:\/\/vapingnet.de\/#website","url":"https:\/\/vapingnet.de\/","name":"Vapingnet.de","description":"","publisher":{"@id":"https:\/\/vapingnet.de\/#organization"},"potentialAction":[{"@type":"SearchAction","target":{"@type":"EntryPoint","urlTemplate":"https:\/\/vapingnet.de\/?s={search_term_string}"},"query-input":{"@type":"PropertyValueSpecification","valueRequired":true,"valueName":"search_term_string"}}],"inLanguage":"lt-LT"},{"@type":"Organization","@id":"https:\/\/vapingnet.de\/#organization","name":"Vapingnet.de","url":"https:\/\/vapingnet.de\/","logo":{"@type":"ImageObject","inLanguage":"lt-LT","@id":"https:\/\/vapingnet.de\/#\/schema\/logo\/image\/","url":"https:\/\/vapingnet.de\/wp-content\/uploads\/2025\/03\/cropped-vapingnet.de_.jpg","contentUrl":"https:\/\/vapingnet.de\/wp-content\/uploads\/2025\/03\/cropped-vapingnet.de_.jpg","width":512,"height":512,"caption":"Vapingnet.de"},"image":{"@id":"https:\/\/vapingnet.de\/#\/schema\/logo\/image\/"},"sameAs":["https:\/\/www.facebook.com\/vapingnetde\/"]}]}},"tiered_pricing_type":"fixed","tiered_pricing_fixed_rules":{"10":"10.44","60":"9.4","110":"8.35","200":"7.31"},"tiered_pricing_product_settings":{"layout":"default","base_unit_name":{"singular":null,"plural":null},"default_variation":null},"tiered_pricing_minimum_quantity":null,"tiered_pricing_roles_data":[],"tiered_pricing_percentage_rules":[],"_links":{"self":[{"href":"https:\/\/vapingnet.de\/lt\/wp-json\/wp\/v2\/product\/6586","targetHints":{"allow":["GET"]}}],"collection":[{"href":"https:\/\/vapingnet.de\/lt\/wp-json\/wp\/v2\/product"}],"about":[{"href":"https:\/\/vapingnet.de\/lt\/wp-json\/wp\/v2\/types\/product"}],"version-history":[{"count":1,"href":"https:\/\/vapingnet.de\/lt\/wp-json\/wp\/v2\/product\/6586\/revisions"}],"predecessor-version":[{"id":6593,"href":"https:\/\/vapingnet.de\/lt\/wp-json\/wp\/v2\/product\/6586\/revisions\/6593"}],"wp:featuredmedia":[{"embeddable":true,"href":"https:\/\/vapingnet.de\/lt\/wp-json\/wp\/v2\/media\/6571"}],"wp:attachment":[{"href":"https:\/\/vapingnet.de\/lt\/wp-json\/wp\/v2\/media?parent=6586"}],"wp:term":[{"taxonomy":"brand","embeddable":true,"href":"https:\/\/vapingnet.de\/lt\/wp-json\/wp\/v2\/etheme_brands?post=6586"},{"taxonomy":"product_brand","embeddable":true,"href":"https:\/\/vapingnet.de\/lt\/wp-json\/wp\/v2\/product_brand?post=6586"},{"taxonomy":"product_cat","embeddable":true,"href":"https:\/\/vapingnet.de\/lt\/wp-json\/wp\/v2\/product_cat?post=6586"},{"taxonomy":"product_tag","embeddable":true,"href":"https:\/\/vapingnet.de\/lt\/wp-json\/wp\/v2\/product_tag?post=6586"}],"curies":[{"name":"wp","href":"https:\/\/api.w.org\/{rel}","templated":true}]}}