{"id":6588,"date":"2025-04-27T08:01:58","date_gmt":"2025-04-27T08:01:58","guid":{"rendered":"https:\/\/vapingnet.de\/?post_type=product&#038;p=6588"},"modified":"2025-06-19T03:39:22","modified_gmt":"2025-06-19T03:39:22","slug":"erlebe-die-exklusivitaet-von-blueberry-ice-in-bang-tick-tock-20000-puffs","status":"publish","type":"product","link":"https:\/\/vapingnet.de\/lt\/vape\/erlebe-die-exklusivitaet-von-blueberry-ice-in-bang-tick-tock-20000-puffs\/","title":{"rendered":"Patirkite Blueberry Ice i\u0161skirtinum\u0105 Bang Tick Tock 20000 Puffs"},"content":{"rendered":"<h2 data-start=\"0\" data-end=\"89\" data-immersive-translate-walked=\"3e1f7feb-41af-4c1b-80a9-37e9f110835c\">Bang Tick Tock 20000 Puffs \u2013 Galutinis garinimo patirtis vienkartin\u0117je elektronin\u0117je cigaret\u0117je<\/h2>\n<p class=\"\" data-start=\"91\" data-end=\"396\" data-immersive-translate-walked=\"3e1f7feb-41af-4c1b-80a9-37e9f110835c\" data-immersive-translate-paragraph=\"1\">Bang Tick Tock 20000 Puffs vienkartin\u0117 elektronin\u0117 cigaret\u0117 yra tobula pasirinkimas garintojams, ie\u0161kantiems galingo ir naudotojui draugi\u0161ko produkto. Su inovatyviomis funkcijomis, dideliu E-skys\u010dio talpa ir gaiviu skoniu \u0161is modelis si\u016blo i\u0161skirtin\u0119 garinimo patirt\u012f.<\/p>\n<h3 class=\"\" data-start=\"398\" data-end=\"428\" data-immersive-translate-walked=\"3e1f7feb-41af-4c1b-80a9-37e9f110835c\" data-immersive-translate-paragraph=\"1\">Technin\u0117s specifikacijos<\/h3>\n<ul data-start=\"430\" data-end=\"1141\" data-immersive-translate-walked=\"3e1f7feb-41af-4c1b-80a9-37e9f110835c\">\n<li class=\"\" data-start=\"430\" data-end=\"607\" data-immersive-translate-walked=\"3e1f7feb-41af-4c1b-80a9-37e9f110835c\">\n<p class=\"\" data-start=\"432\" data-end=\"607\" data-immersive-translate-walked=\"3e1f7feb-41af-4c1b-80a9-37e9f110835c\" data-immersive-translate-paragraph=\"1\">Mesh Coil (1,0 Ohm): 1,0 Ohm Mesh Coil u\u017etikrina vienod\u0105 ir intensyv\u0173 garinim\u0105, kas lemia puik\u0173 skon\u012f ir tanki\u0105 garo debes\u012f.<\/p>\n<\/li>\n<li class=\"\" data-start=\"608\" data-end=\"792\" data-immersive-translate-walked=\"3e1f7feb-41af-4c1b-80a9-37e9f110835c\">\n<p class=\"\" data-start=\"610\" data-end=\"792\" data-immersive-translate-walked=\"3e1f7feb-41af-4c1b-80a9-37e9f110835c\" data-immersive-translate-paragraph=\"1\">E-skys\u010dio talpa (25 ml): Su dosnia 25 ml E-skys\u010dio talpa \u0161i vienkartin\u0117 elektronin\u0117 cigaret\u0117 suteikia ilg\u0105 naudojimo laik\u0105, tod\u0117l nereikia nuolat papildyti.<\/p>\n<\/li>\n<li class=\"\" data-start=\"793\" data-end=\"950\" data-immersive-translate-walked=\"3e1f7feb-41af-4c1b-80a9-37e9f110835c\">\n<p class=\"\" data-start=\"795\" data-end=\"950\" data-immersive-translate-walked=\"3e1f7feb-41af-4c1b-80a9-37e9f110835c\" data-immersive-translate-paragraph=\"1\">Baterija (500 mAh): 500 mAh baterija suteikia reikiam\u0105 energij\u0105 stabiliai veiklai ir leid\u017eia ilgai ir be pertrauk\u0173 garinti.<\/p>\n<\/li>\n<li class=\"\" data-start=\"951\" data-end=\"1141\" data-immersive-translate-walked=\"3e1f7feb-41af-4c1b-80a9-37e9f110835c\">\n<p class=\"\" data-start=\"953\" data-end=\"1141\" data-immersive-translate-walked=\"3e1f7feb-41af-4c1b-80a9-37e9f110835c\" data-immersive-translate-paragraph=\"1\">\u012ekrovimo jungtis (Type-C): Type-C \u012fkrovimo jungtis leid\u017eia greitai ir paprastai \u012fkrauti \u012frengin\u012f, sutaupant laik\u0105 ir leid\u017eiant daugiau garinti.<\/p>\n<\/li>\n<\/ul>\n<h4 data-start=\"1143\" data-end=\"1193\" data-immersive-translate-walked=\"3e1f7feb-41af-4c1b-80a9-37e9f110835c\" data-immersive-translate-paragraph=\"1\">Dvi re\u017eimai skirtingoms garinimo patirtims<\/h4>\n<p class=\"\" data-start=\"1195\" data-end=\"1348\" data-immersive-translate-walked=\"3e1f7feb-41af-4c1b-80a9-37e9f110835c\" data-immersive-translate-paragraph=\"1\">Bang Tick Tock 20000 Puffs si\u016blo du skirtingus vaping re\u017eimus, leid\u017eian\u010dius jums formuoti garinimo patirt\u012f pagal savo norus:<\/p>\n<ul data-start=\"1350\" data-end=\"1657\" data-immersive-translate-walked=\"3e1f7feb-41af-4c1b-80a9-37e9f110835c\">\n<li class=\"\" data-start=\"1350\" data-end=\"1500\" data-immersive-translate-walked=\"3e1f7feb-41af-4c1b-80a9-37e9f110835c\">\n<p class=\"\" data-start=\"1352\" data-end=\"1500\" data-immersive-translate-walked=\"3e1f7feb-41af-4c1b-80a9-37e9f110835c\" data-immersive-translate-paragraph=\"1\">Dinami\u0161kas re\u017eimas: \u0160iuo re\u017eimu dalys sukasi garinant, suteikdami garinimui \u012fdom\u0173 vizualin\u012f element\u0105.<\/p>\n<\/li>\n<li class=\"\" data-start=\"1501\" data-end=\"1657\" data-immersive-translate-walked=\"3e1f7feb-41af-4c1b-80a9-37e9f110835c\">\n<p class=\"\" data-start=\"1503\" data-end=\"1657\" data-immersive-translate-walked=\"3e1f7feb-41af-4c1b-80a9-37e9f110835c\" data-immersive-translate-paragraph=\"1\">Tylesnis re\u017eimas: Norite diskreti\u0161kai garinti? Tylesnis re\u017eimas sustabdo dalis vos per tris greitus traukimus per dvi sekundes.<\/p>\n<\/li>\n<\/ul>\n<h4 data-start=\"1659\" data-end=\"1692\" data-immersive-translate-walked=\"3e1f7feb-41af-4c1b-80a9-37e9f110835c\" data-immersive-translate-paragraph=\"1\">Skonio ir nikotino pasirinkimai<\/h4>\n<p class=\"\" data-start=\"1694\" data-end=\"1919\" data-immersive-translate-walked=\"3e1f7feb-41af-4c1b-80a9-37e9f110835c\" data-immersive-translate-paragraph=\"1\">Bang Tick Tock 20000 Puffs yra su skaniu Blueberry Ice skoniu, kuris suteikia tobul\u0105 sald\u017eios m\u0117lyn\u0117s ir gaivios \u0161altumo pusiausvyr\u0105. Idealiai tinka gaiviam garinimo malonumui.<\/p>\n<p class=\"\" data-start=\"1921\" data-end=\"2030\" data-immersive-translate-walked=\"3e1f7feb-41af-4c1b-80a9-37e9f110835c\" data-immersive-translate-paragraph=\"1\">D\u0117l garintoj\u0173, norin\u010di\u0173 kontroliuoti savo nikotino suvartojim\u0105, yra keli nikotino stiprumo pasirinkimai:<\/p>\n<ul data-start=\"2032\" data-end=\"2051\" data-immersive-translate-walked=\"3e1f7feb-41af-4c1b-80a9-37e9f110835c\">\n<li class=\"\" data-start=\"2032\" data-end=\"2036\" data-immersive-translate-walked=\"3e1f7feb-41af-4c1b-80a9-37e9f110835c\">\n<p class=\"\" data-start=\"2034\" data-end=\"2036\" data-immersive-translate-walked=\"3e1f7feb-41af-4c1b-80a9-37e9f110835c\">0%<\/p>\n<\/li>\n<li class=\"\" data-start=\"2037\" data-end=\"2041\" data-immersive-translate-walked=\"3e1f7feb-41af-4c1b-80a9-37e9f110835c\">\n<p class=\"\" data-start=\"2039\" data-end=\"2041\" data-immersive-translate-walked=\"3e1f7feb-41af-4c1b-80a9-37e9f110835c\">2%<\/p>\n<\/li>\n<li class=\"\" data-start=\"2042\" data-end=\"2046\" data-immersive-translate-walked=\"3e1f7feb-41af-4c1b-80a9-37e9f110835c\">\n<p class=\"\" data-start=\"2044\" data-end=\"2046\" data-immersive-translate-walked=\"3e1f7feb-41af-4c1b-80a9-37e9f110835c\">3%<\/p>\n<\/li>\n<li class=\"\" data-start=\"2047\" data-end=\"2051\" data-immersive-translate-walked=\"3e1f7feb-41af-4c1b-80a9-37e9f110835c\">\n<p class=\"\" data-start=\"2049\" data-end=\"2051\" data-immersive-translate-walked=\"3e1f7feb-41af-4c1b-80a9-37e9f110835c\">5%<\/p>\n<\/li>\n<\/ul>\n<h4 data-start=\"2053\" data-end=\"2094\" data-immersive-translate-walked=\"3e1f7feb-41af-4c1b-80a9-37e9f110835c\" data-immersive-translate-paragraph=\"1\">MTL Vaping ir naudotojo draugi\u0161kumas<\/h4>\n<p class=\"\" data-start=\"2096\" data-end=\"2424\" data-immersive-translate-walked=\"3e1f7feb-41af-4c1b-80a9-37e9f110835c\" data-immersive-translate-paragraph=\"1\">Bang Tick Tock 20000 Puffs yra pritaikyta MTL (Mouth-to-Lung) garinimui, tod\u0117l ji yra ideali tiems, kurie m\u0117gsta klasikines \u012fkv\u0117pimo technikas. \u012ekv\u0117pimo aktyvuota sistema u\u017etikrina, kad elektronin\u0117 cigaret\u0117 \u012fsijungia automati\u0161kai kiekvieno \u012fkv\u0117pimo metu, kas daro naudojim\u0105 labai paprast\u0105 ir patog\u0173.<\/p>\n<h4 data-start=\"2426\" data-end=\"2450\" data-immersive-translate-walked=\"3e1f7feb-41af-4c1b-80a9-37e9f110835c\" data-immersive-translate-paragraph=\"1\">Pristatymas ir privalumai<\/h4>\n<p class=\"\" data-start=\"2452\" data-end=\"2513\" data-immersive-translate-walked=\"3e1f7feb-41af-4c1b-80a9-37e9f110835c\" data-immersive-translate-paragraph=\"1\">U\u017esakymus per vapingnet.de turi daugyb\u0119 privalum\u0173:<\/p>\n<ul data-start=\"2515\" data-end=\"2786\" data-immersive-translate-walked=\"3e1f7feb-41af-4c1b-80a9-37e9f110835c\">\n<li class=\"\" data-start=\"2515\" data-end=\"2637\" data-immersive-translate-walked=\"3e1f7feb-41af-4c1b-80a9-37e9f110835c\">\n<p class=\"\" data-start=\"2517\" data-end=\"2637\" data-immersive-translate-walked=\"3e1f7feb-41af-4c1b-80a9-37e9f110835c\" data-immersive-translate-paragraph=\"1\">Greitas pristatymas: Paprastai pristatymo laikas yra nuo 7 iki 15 darbo dien\u0173, u\u017etikrinant greit\u0105 prieinamum\u0105.<\/p>\n<\/li>\n<li class=\"\" data-start=\"2638\" data-end=\"2786\" data-immersive-translate-walked=\"3e1f7feb-41af-4c1b-80a9-37e9f110835c\">\n<p class=\"\" data-start=\"2640\" data-end=\"2786\" data-immersive-translate-walked=\"3e1f7feb-41af-4c1b-80a9-37e9f110835c\" data-immersive-translate-paragraph=\"1\">Be mokes\u010di\u0173: Perkant per vapingnet.de n\u0117ra joki\u0173 papildom\u0173 muit\u0173 ar mokes\u010di\u0173, kas daro pirkim\u0105 dar patogesn\u012f.<\/p>\n<\/li>\n<\/ul>\n<p class=\"\" data-start=\"2799\" data-end=\"3254\" data-immersive-translate-walked=\"3e1f7feb-41af-4c1b-80a9-37e9f110835c\" data-immersive-translate-paragraph=\"1\">Bang Tick Tock 20000 Puffs yra i\u0161skirtin\u0117 vienkartin\u0117 elektronin\u0117 cigaret\u0117, pasi\u017eyminti ilga E-skys\u010dio talpa, \u012fvairiais skoniais ir inovatyviomis funkcijomis. Nesvarbu, ar re\u017eimu Dinami\u0161kas, ar Tylesnis, garinimo patirtis visada yra unikali ir patogi. Su \u012fvairiais nikotino pasirinkimais ir naudotojui draugi\u0161ka valdymo sistema ji yra puikus pasirinkimas visiems garintojams, ie\u0161kantiems auk\u0161tos kokyb\u0117s produkto.<\/p>","protected":false},"excerpt":{"rendered":"<p>Bang Tick Tock 20000 Puffs \u2013 Das ultimative Dampferlebnis in einer Einweg-E-Zigarette Die Bang Tick Tock 20000 Puffs Einweg-E-Zigarette ist die perfekte Wahl f\u00fcr Dampfer,&#8230;<\/p>","protected":false},"featured_media":6566,"template":"","meta":[],"etheme_brands":[],"product_brand":[101],"product_cat":[54,49,61],"product_tag":[],"class_list":{"0":"post-6588","1":"product","2":"type-product","3":"status-publish","4":"has-post-thumbnail","6":"product_brand-bang-king-vape","7":"product_cat-vape-20000-zuege","8":"product_cat-einweg-e-zigarette","9":"product_cat-f","11":"first","12":"instock","13":"shipping-taxable","14":"purchasable","15":"product-type-simple"},"yoast_head":"<!-- This site is optimized with the Yoast SEO plugin v26.5 - https:\/\/yoast.com\/wordpress\/plugins\/seo\/ -->\n<title>Erlebe Die Exklusivit\u00e4t Von Blueberry Ice In Bang Tick Tock 20000 Puffs | Vapingnet.de<\/title>\n<meta name=\"description\" content=\"Entdecke Erlebe Die Exklusivit\u00e4t Von Blueberry Ice In Bang Tick Tock 20000 Puffs bei vapingnet.de, \u25ba Gro\u00dfe Auswahl an Geschmacksrichtungen &amp; super g\u00fcnstig!\" \/>\n<meta name=\"robots\" content=\"index, follow, max-snippet:-1, max-image-preview:large, max-video-preview:-1\" \/>\n<link rel=\"canonical\" href=\"https:\/\/vapingnet.de\/lt\/vape\/erlebe-die-exklusivitaet-von-blueberry-ice-in-bang-tick-tock-20000-puffs\/\" \/>\n<meta property=\"og:locale\" content=\"lt_LT\" \/>\n<meta property=\"og:type\" content=\"article\" \/>\n<meta property=\"og:title\" content=\"Erlebe Die Exklusivit\u00e4t Von Blueberry Ice In Bang Tick Tock 20000 Puffs | Vapingnet.de\" \/>\n<meta property=\"og:description\" content=\"Entdecke Erlebe Die Exklusivit\u00e4t Von Blueberry Ice In Bang Tick Tock 20000 Puffs bei vapingnet.de, \u25ba Gro\u00dfe Auswahl an Geschmacksrichtungen &amp; super g\u00fcnstig!\" \/>\n<meta property=\"og:url\" content=\"https:\/\/vapingnet.de\/lt\/vape\/erlebe-die-exklusivitaet-von-blueberry-ice-in-bang-tick-tock-20000-puffs\/\" \/>\n<meta property=\"og:site_name\" content=\"Vapingnet.de\" \/>\n<meta property=\"article:publisher\" content=\"https:\/\/www.facebook.com\/vapingnetde\/\" \/>\n<meta property=\"article:modified_time\" content=\"2025-06-19T03:39:22+00:00\" \/>\n<meta property=\"og:image\" content=\"https:\/\/vapingnet.de\/wp-content\/uploads\/2025\/04\/Blueberry-Ice.webp\" \/>\n\t<meta property=\"og:image:width\" content=\"1000\" \/>\n\t<meta property=\"og:image:height\" content=\"1000\" \/>\n\t<meta property=\"og:image:type\" content=\"image\/webp\" \/>\n<meta name=\"twitter:card\" content=\"summary_large_image\" \/>\n<meta name=\"twitter:label1\" content=\"Est. reading time\" \/>\n\t<meta name=\"twitter:data1\" content=\"3 minutes\" \/>\n<script type=\"application\/ld+json\" class=\"yoast-schema-graph\">{\"@context\":\"https:\/\/schema.org\",\"@graph\":[{\"@type\":\"WebPage\",\"@id\":\"https:\/\/vapingnet.de\/vape\/erlebe-die-exklusivitaet-von-blueberry-ice-in-bang-tick-tock-20000-puffs\/\",\"url\":\"https:\/\/vapingnet.de\/vape\/erlebe-die-exklusivitaet-von-blueberry-ice-in-bang-tick-tock-20000-puffs\/\",\"name\":\"Erlebe Die Exklusivit\u00e4t Von Blueberry Ice In Bang Tick Tock 20000 Puffs | Vapingnet.de\",\"isPartOf\":{\"@id\":\"https:\/\/vapingnet.de\/#website\"},\"primaryImageOfPage\":{\"@id\":\"https:\/\/vapingnet.de\/vape\/erlebe-die-exklusivitaet-von-blueberry-ice-in-bang-tick-tock-20000-puffs\/#primaryimage\"},\"image\":{\"@id\":\"https:\/\/vapingnet.de\/vape\/erlebe-die-exklusivitaet-von-blueberry-ice-in-bang-tick-tock-20000-puffs\/#primaryimage\"},\"thumbnailUrl\":\"https:\/\/vapingnet.de\/wp-content\/uploads\/2025\/04\/Blueberry-Ice.webp\",\"datePublished\":\"2025-04-27T08:01:58+00:00\",\"dateModified\":\"2025-06-19T03:39:22+00:00\",\"description\":\"Entdecke Erlebe Die Exklusivit\u00e4t Von Blueberry Ice In Bang Tick Tock 20000 Puffs bei vapingnet.de, \u25ba Gro\u00dfe Auswahl an Geschmacksrichtungen & super g\u00fcnstig!\",\"breadcrumb\":{\"@id\":\"https:\/\/vapingnet.de\/vape\/erlebe-die-exklusivitaet-von-blueberry-ice-in-bang-tick-tock-20000-puffs\/#breadcrumb\"},\"inLanguage\":\"lt-LT\",\"potentialAction\":[{\"@type\":\"ReadAction\",\"target\":[\"https:\/\/vapingnet.de\/vape\/erlebe-die-exklusivitaet-von-blueberry-ice-in-bang-tick-tock-20000-puffs\/\"]}]},{\"@type\":\"ImageObject\",\"inLanguage\":\"lt-LT\",\"@id\":\"https:\/\/vapingnet.de\/vape\/erlebe-die-exklusivitaet-von-blueberry-ice-in-bang-tick-tock-20000-puffs\/#primaryimage\",\"url\":\"https:\/\/vapingnet.de\/wp-content\/uploads\/2025\/04\/Blueberry-Ice.webp\",\"contentUrl\":\"https:\/\/vapingnet.de\/wp-content\/uploads\/2025\/04\/Blueberry-Ice.webp\",\"width\":1000,\"height\":1000},{\"@type\":\"BreadcrumbList\",\"@id\":\"https:\/\/vapingnet.de\/vape\/erlebe-die-exklusivitaet-von-blueberry-ice-in-bang-tick-tock-20000-puffs\/#breadcrumb\",\"itemListElement\":[{\"@type\":\"ListItem\",\"position\":1,\"name\":\"Home\",\"item\":\"https:\/\/vapingnet.de\/\"},{\"@type\":\"ListItem\",\"position\":2,\"name\":\"Shop\",\"item\":\"https:\/\/vapingnet.de\/vape\/\"},{\"@type\":\"ListItem\",\"position\":3,\"name\":\"Erlebe Die Exklusivit\u00e4t Von Blueberry Ice In Bang Tick Tock 20000 Puffs\"}]},{\"@type\":\"WebSite\",\"@id\":\"https:\/\/vapingnet.de\/#website\",\"url\":\"https:\/\/vapingnet.de\/\",\"name\":\"Vapingnet.de\",\"description\":\"\",\"publisher\":{\"@id\":\"https:\/\/vapingnet.de\/#organization\"},\"potentialAction\":[{\"@type\":\"SearchAction\",\"target\":{\"@type\":\"EntryPoint\",\"urlTemplate\":\"https:\/\/vapingnet.de\/?s={search_term_string}\"},\"query-input\":{\"@type\":\"PropertyValueSpecification\",\"valueRequired\":true,\"valueName\":\"search_term_string\"}}],\"inLanguage\":\"lt-LT\"},{\"@type\":\"Organization\",\"@id\":\"https:\/\/vapingnet.de\/#organization\",\"name\":\"Vapingnet.de\",\"url\":\"https:\/\/vapingnet.de\/\",\"logo\":{\"@type\":\"ImageObject\",\"inLanguage\":\"lt-LT\",\"@id\":\"https:\/\/vapingnet.de\/#\/schema\/logo\/image\/\",\"url\":\"https:\/\/vapingnet.de\/wp-content\/uploads\/2025\/03\/cropped-vapingnet.de_.jpg\",\"contentUrl\":\"https:\/\/vapingnet.de\/wp-content\/uploads\/2025\/03\/cropped-vapingnet.de_.jpg\",\"width\":512,\"height\":512,\"caption\":\"Vapingnet.de\"},\"image\":{\"@id\":\"https:\/\/vapingnet.de\/#\/schema\/logo\/image\/\"},\"sameAs\":[\"https:\/\/www.facebook.com\/vapingnetde\/\"]}]}<\/script>\n<!-- \/ Yoast SEO plugin. -->","yoast_head_json":{"title":"Erlebe Die Exklusivit\u00e4t Von Blueberry Ice In Bang Tick Tock 20000 Puffs | Vapingnet.de","description":"Entdecke Erlebe Die Exklusivit\u00e4t Von Blueberry Ice In Bang Tick Tock 20000 Puffs bei vapingnet.de, \u25ba Gro\u00dfe Auswahl an Geschmacksrichtungen & super g\u00fcnstig!","robots":{"index":"index","follow":"follow","max-snippet":"max-snippet:-1","max-image-preview":"max-image-preview:large","max-video-preview":"max-video-preview:-1"},"canonical":"https:\/\/vapingnet.de\/lt\/vape\/erlebe-die-exklusivitaet-von-blueberry-ice-in-bang-tick-tock-20000-puffs\/","og_locale":"lt_LT","og_type":"article","og_title":"Erlebe Die Exklusivit\u00e4t Von Blueberry Ice In Bang Tick Tock 20000 Puffs | Vapingnet.de","og_description":"Entdecke Erlebe Die Exklusivit\u00e4t Von Blueberry Ice In Bang Tick Tock 20000 Puffs bei vapingnet.de, \u25ba Gro\u00dfe Auswahl an Geschmacksrichtungen & super g\u00fcnstig!","og_url":"https:\/\/vapingnet.de\/lt\/vape\/erlebe-die-exklusivitaet-von-blueberry-ice-in-bang-tick-tock-20000-puffs\/","og_site_name":"Vapingnet.de","article_publisher":"https:\/\/www.facebook.com\/vapingnetde\/","article_modified_time":"2025-06-19T03:39:22+00:00","og_image":[{"width":1000,"height":1000,"url":"https:\/\/vapingnet.de\/wp-content\/uploads\/2025\/04\/Blueberry-Ice.webp","type":"image\/webp"}],"twitter_card":"summary_large_image","twitter_misc":{"Est. reading time":"3 minutes"},"schema":{"@context":"https:\/\/schema.org","@graph":[{"@type":"WebPage","@id":"https:\/\/vapingnet.de\/vape\/erlebe-die-exklusivitaet-von-blueberry-ice-in-bang-tick-tock-20000-puffs\/","url":"https:\/\/vapingnet.de\/vape\/erlebe-die-exklusivitaet-von-blueberry-ice-in-bang-tick-tock-20000-puffs\/","name":"Erlebe Die Exklusivit\u00e4t Von Blueberry Ice In Bang Tick Tock 20000 Puffs | Vapingnet.de","isPartOf":{"@id":"https:\/\/vapingnet.de\/#website"},"primaryImageOfPage":{"@id":"https:\/\/vapingnet.de\/vape\/erlebe-die-exklusivitaet-von-blueberry-ice-in-bang-tick-tock-20000-puffs\/#primaryimage"},"image":{"@id":"https:\/\/vapingnet.de\/vape\/erlebe-die-exklusivitaet-von-blueberry-ice-in-bang-tick-tock-20000-puffs\/#primaryimage"},"thumbnailUrl":"https:\/\/vapingnet.de\/wp-content\/uploads\/2025\/04\/Blueberry-Ice.webp","datePublished":"2025-04-27T08:01:58+00:00","dateModified":"2025-06-19T03:39:22+00:00","description":"Entdecke Erlebe Die Exklusivit\u00e4t Von Blueberry Ice In Bang Tick Tock 20000 Puffs bei vapingnet.de, \u25ba Gro\u00dfe Auswahl an Geschmacksrichtungen & super g\u00fcnstig!","breadcrumb":{"@id":"https:\/\/vapingnet.de\/vape\/erlebe-die-exklusivitaet-von-blueberry-ice-in-bang-tick-tock-20000-puffs\/#breadcrumb"},"inLanguage":"lt-LT","potentialAction":[{"@type":"ReadAction","target":["https:\/\/vapingnet.de\/vape\/erlebe-die-exklusivitaet-von-blueberry-ice-in-bang-tick-tock-20000-puffs\/"]}]},{"@type":"ImageObject","inLanguage":"lt-LT","@id":"https:\/\/vapingnet.de\/vape\/erlebe-die-exklusivitaet-von-blueberry-ice-in-bang-tick-tock-20000-puffs\/#primaryimage","url":"https:\/\/vapingnet.de\/wp-content\/uploads\/2025\/04\/Blueberry-Ice.webp","contentUrl":"https:\/\/vapingnet.de\/wp-content\/uploads\/2025\/04\/Blueberry-Ice.webp","width":1000,"height":1000},{"@type":"BreadcrumbList","@id":"https:\/\/vapingnet.de\/vape\/erlebe-die-exklusivitaet-von-blueberry-ice-in-bang-tick-tock-20000-puffs\/#breadcrumb","itemListElement":[{"@type":"ListItem","position":1,"name":"Home","item":"https:\/\/vapingnet.de\/"},{"@type":"ListItem","position":2,"name":"Shop","item":"https:\/\/vapingnet.de\/vape\/"},{"@type":"ListItem","position":3,"name":"Erlebe Die Exklusivit\u00e4t Von Blueberry Ice In Bang Tick Tock 20000 Puffs"}]},{"@type":"WebSite","@id":"https:\/\/vapingnet.de\/#website","url":"https:\/\/vapingnet.de\/","name":"Vapingnet.de","description":"","publisher":{"@id":"https:\/\/vapingnet.de\/#organization"},"potentialAction":[{"@type":"SearchAction","target":{"@type":"EntryPoint","urlTemplate":"https:\/\/vapingnet.de\/?s={search_term_string}"},"query-input":{"@type":"PropertyValueSpecification","valueRequired":true,"valueName":"search_term_string"}}],"inLanguage":"lt-LT"},{"@type":"Organization","@id":"https:\/\/vapingnet.de\/#organization","name":"Vapingnet.de","url":"https:\/\/vapingnet.de\/","logo":{"@type":"ImageObject","inLanguage":"lt-LT","@id":"https:\/\/vapingnet.de\/#\/schema\/logo\/image\/","url":"https:\/\/vapingnet.de\/wp-content\/uploads\/2025\/03\/cropped-vapingnet.de_.jpg","contentUrl":"https:\/\/vapingnet.de\/wp-content\/uploads\/2025\/03\/cropped-vapingnet.de_.jpg","width":512,"height":512,"caption":"Vapingnet.de"},"image":{"@id":"https:\/\/vapingnet.de\/#\/schema\/logo\/image\/"},"sameAs":["https:\/\/www.facebook.com\/vapingnetde\/"]}]}},"tiered_pricing_type":"fixed","tiered_pricing_fixed_rules":{"10":"10.44","60":"9.4","110":"8.35","200":"7.31"},"tiered_pricing_product_settings":{"layout":"default","base_unit_name":{"singular":null,"plural":null},"default_variation":null},"tiered_pricing_minimum_quantity":null,"tiered_pricing_roles_data":[],"tiered_pricing_percentage_rules":[],"_links":{"self":[{"href":"https:\/\/vapingnet.de\/lt\/wp-json\/wp\/v2\/product\/6588","targetHints":{"allow":["GET"]}}],"collection":[{"href":"https:\/\/vapingnet.de\/lt\/wp-json\/wp\/v2\/product"}],"about":[{"href":"https:\/\/vapingnet.de\/lt\/wp-json\/wp\/v2\/types\/product"}],"version-history":[{"count":1,"href":"https:\/\/vapingnet.de\/lt\/wp-json\/wp\/v2\/product\/6588\/revisions"}],"predecessor-version":[{"id":6595,"href":"https:\/\/vapingnet.de\/lt\/wp-json\/wp\/v2\/product\/6588\/revisions\/6595"}],"wp:featuredmedia":[{"embeddable":true,"href":"https:\/\/vapingnet.de\/lt\/wp-json\/wp\/v2\/media\/6566"}],"wp:attachment":[{"href":"https:\/\/vapingnet.de\/lt\/wp-json\/wp\/v2\/media?parent=6588"}],"wp:term":[{"taxonomy":"brand","embeddable":true,"href":"https:\/\/vapingnet.de\/lt\/wp-json\/wp\/v2\/etheme_brands?post=6588"},{"taxonomy":"product_brand","embeddable":true,"href":"https:\/\/vapingnet.de\/lt\/wp-json\/wp\/v2\/product_brand?post=6588"},{"taxonomy":"product_cat","embeddable":true,"href":"https:\/\/vapingnet.de\/lt\/wp-json\/wp\/v2\/product_cat?post=6588"},{"taxonomy":"product_tag","embeddable":true,"href":"https:\/\/vapingnet.de\/lt\/wp-json\/wp\/v2\/product_tag?post=6588"}],"curies":[{"name":"wp","href":"https:\/\/api.w.org\/{rel}","templated":true}]}}