{"id":6615,"date":"2025-04-29T02:53:16","date_gmt":"2025-04-29T02:53:16","guid":{"rendered":"https:\/\/vapingnet.de\/?post_type=product&#038;p=6615"},"modified":"2025-06-19T03:45:16","modified_gmt":"2025-06-19T03:45:16","slug":"kiwi-lime-der-geschmack-von-waspe-12000-puffs-jetzt-auch-zollfrei-und-direkt-verfuegbar","status":"publish","type":"product","link":"https:\/\/vapingnet.de\/lt\/vape\/kiwi-lime-der-geschmack-von-waspe-12000-puffs-jetzt-auch-zollfrei-und-direkt-verfuegbar\/","title":{"rendered":"Kiwi Lime \u2013 WASPE 12000 Puffs skonis dabar taip pat be muit\u0173 ir tiesiogiai prieinama"},"content":{"rendered":"<h2 data-start=\"0\" data-end=\"62\" data-immersive-translate-walked=\"96d77bb5-9971-4916-b8ce-688930dc4726\">WASPE 12000 R\u016bkymo kart\u0173 vienkartin\u0117 elektronin\u0117 cigaret\u0117 \u2013 Kiwi Lime skonis<\/h2>\n<p class=\"\" data-start=\"64\" data-end=\"350\" data-immersive-translate-walked=\"96d77bb5-9971-4916-b8ce-688930dc4726\" data-immersive-translate-paragraph=\"1\">WASPE 12000 R\u016bkymo kart\u0173 vienkartin\u0117 elektronin\u0117 cigaret\u0117 atne\u0161a kit\u0105 lyg\u012f r\u016bkomojo patirties. Su savo vaisiniu Kiwi Lime aromatu ir moderniomis technologijomis ji yra ideali r\u016bkytojams, kurie ie\u0161ko auk\u0161tos galios, patogumo ir skonio. Atraskite, k\u0105 gali pasi\u016blyti \u0161is inovatyvus produktas.<\/p>\n<h3>Produkto ap\u017evalga<\/h3>\n<p class=\"\" data-start=\"378\" data-end=\"669\" data-immersive-translate-walked=\"96d77bb5-9971-4916-b8ce-688930dc4726\" data-immersive-translate-paragraph=\"1\">WASPE 12000 R\u016bkymo kart\u0173 yra auk\u0161tos kokyb\u0117s vienkartin\u0117 elektronin\u0117 cigaret\u0117, pasi\u017eyminti ilgais garavimo laikais ir naudotojui draugi\u0161ka technologija. Ji ypa\u010d tinkama tiems, kurie nori m\u0117gautis Kiwi ir laimo skoniu intensyvia ir ilgaam\u017ee forma.<\/p>\n<ul data-start=\"671\" data-end=\"1032\" data-immersive-translate-walked=\"96d77bb5-9971-4916-b8ce-688930dc4726\">\n<li class=\"\" data-start=\"671\" data-end=\"706\" data-immersive-translate-walked=\"96d77bb5-9971-4916-b8ce-688930dc4726\">\n<p class=\"\" data-start=\"673\" data-end=\"706\" data-immersive-translate-walked=\"96d77bb5-9971-4916-b8ce-688930dc4726\" data-immersive-translate-paragraph=\"1\">Nikotino kiekis: 0%, 2%, 3%, 5%<\/p>\n<\/li>\n<li class=\"\" data-start=\"707\" data-end=\"737\" data-immersive-translate-walked=\"96d77bb5-9971-4916-b8ce-688930dc4726\">\n<p class=\"\" data-start=\"709\" data-end=\"737\" data-immersive-translate-walked=\"96d77bb5-9971-4916-b8ce-688930dc4726\" data-immersive-translate-paragraph=\"1\">E-liquido talpa: 20ml<\/p>\n<\/li>\n<li class=\"\" data-start=\"738\" data-end=\"768\" data-immersive-translate-walked=\"96d77bb5-9971-4916-b8ce-688930dc4726\">\n<p class=\"\" data-start=\"740\" data-end=\"768\" data-immersive-translate-walked=\"96d77bb5-9971-4916-b8ce-688930dc4726\" data-immersive-translate-paragraph=\"1\">R\u016bkymo kart\u0173: iki 12000<\/p>\n<\/li>\n<li class=\"\" data-start=\"769\" data-end=\"787\" data-immersive-translate-walked=\"96d77bb5-9971-4916-b8ce-688930dc4726\">\n<p class=\"\" data-start=\"771\" data-end=\"787\" data-immersive-translate-walked=\"96d77bb5-9971-4916-b8ce-688930dc4726\" data-immersive-translate-paragraph=\"1\">Akumuliatorius: 650mAh<\/p>\n<\/li>\n<li class=\"\" data-start=\"788\" data-end=\"815\" data-immersive-translate-walked=\"96d77bb5-9971-4916-b8ce-688930dc4726\">\n<p class=\"\" data-start=\"790\" data-end=\"815\" data-immersive-translate-walked=\"96d77bb5-9971-4916-b8ce-688930dc4726\" data-immersive-translate-paragraph=\"1\">\u012ekrovimo jungtis: Type-C<\/p>\n<\/li>\n<li class=\"\" data-start=\"816\" data-end=\"840\" data-immersive-translate-walked=\"96d77bb5-9971-4916-b8ce-688930dc4726\">\n<p class=\"\" data-start=\"818\" data-end=\"840\" data-immersive-translate-walked=\"96d77bb5-9971-4916-b8ce-688930dc4726\" data-immersive-translate-paragraph=\"1\">Vamzdelis: 0,8 Ohm tinklelis<\/p>\n<\/li>\n<li class=\"\" data-start=\"841\" data-end=\"876\" data-immersive-translate-walked=\"96d77bb5-9971-4916-b8ce-688930dc4726\">\n<p class=\"\" data-start=\"843\" data-end=\"876\" data-immersive-translate-walked=\"96d77bb5-9971-4916-b8ce-688930dc4726\" data-immersive-translate-paragraph=\"1\">Aktyvavimas: R\u016bkymo kart\u0173 aktyvavimas<\/p>\n<\/li>\n<li class=\"\" data-start=\"877\" data-end=\"919\" data-immersive-translate-walked=\"96d77bb5-9971-4916-b8ce-688930dc4726\">\n<p class=\"\" data-start=\"879\" data-end=\"919\" data-immersive-translate-walked=\"96d77bb5-9971-4916-b8ce-688930dc4726\" data-immersive-translate-paragraph=\"1\">\u0160ildymo vielos var\u017ea: 1,0\u03a9 tinklelio \u0161erdis<\/p>\n<\/li>\n<li class=\"\" data-start=\"920\" data-end=\"949\" data-immersive-translate-walked=\"96d77bb5-9971-4916-b8ce-688930dc4726\">\n<p class=\"\" data-start=\"922\" data-end=\"949\" data-immersive-translate-walked=\"96d77bb5-9971-4916-b8ce-688930dc4726\" data-immersive-translate-paragraph=\"1\">Dizainas: RGB ap\u0161vietimas<\/p>\n<\/li>\n<li class=\"\" data-start=\"950\" data-end=\"968\" data-immersive-translate-walked=\"96d77bb5-9971-4916-b8ce-688930dc4726\">\n<p class=\"\" data-start=\"952\" data-end=\"968\" data-immersive-translate-walked=\"96d77bb5-9971-4916-b8ce-688930dc4726\" data-immersive-translate-paragraph=\"1\">Svoris: 82g<\/p>\n<\/li>\n<li class=\"\" data-start=\"969\" data-end=\"1005\" data-immersive-translate-walked=\"96d77bb5-9971-4916-b8ce-688930dc4726\">\n<p class=\"\" data-start=\"971\" data-end=\"1005\" data-immersive-translate-walked=\"96d77bb5-9971-4916-b8ce-688930dc4726\" data-immersive-translate-paragraph=\"1\">Produkto tipas: Vienkartin\u0117 elektronin\u0117 cigaret\u0117<\/p>\n<\/li>\n<li class=\"\" data-start=\"1006\" data-end=\"1032\" data-immersive-translate-walked=\"96d77bb5-9971-4916-b8ce-688930dc4726\">\n<p class=\"\" data-start=\"1008\" data-end=\"1032\" data-immersive-translate-walked=\"96d77bb5-9971-4916-b8ce-688930dc4726\" data-immersive-translate-paragraph=\"1\">Skonis: Kiwi Lime<\/p>\n<\/li>\n<\/ul>\n<h4 data-start=\"1034\" data-end=\"1072\" data-immersive-translate-walked=\"96d77bb5-9971-4916-b8ce-688930dc4726\">Skoni\u0173 patirtis \u2013 Kiwi Lime<\/h4>\n<p class=\"\" data-start=\"1074\" data-end=\"1416\" data-immersive-translate-walked=\"96d77bb5-9971-4916-b8ce-688930dc4726\" data-immersive-translate-paragraph=\"1\">\u0160vie\u017eias ir vaisinis WASPE 12000 R\u016bkymo kart\u0173 aromatas si\u016blo maloni\u0105 saldaus Kiwi ir gaivios laimo mi\u0161in\u012f. \u0160i kombinacija sukuria gaiv\u0173 r\u016bkomojo patirt\u012f, kuri ypa\u010d tinka kar\u0161tomis dienomis arba po valgio. Skonis n\u0117ra per saldus, o b\u016btent tinkamas kasdieniam m\u0117gavimuisi.<\/p>\n<h3>Technologijos ir na\u0161umas<\/h3>\n<h4>Ilga tarnavimo trukm\u0117 ir auk\u0161ta galia<\/h4>\n<p class=\"\" data-start=\"1497\" data-end=\"1799\" data-immersive-translate-walked=\"96d77bb5-9971-4916-b8ce-688930dc4726\" data-immersive-translate-paragraph=\"1\">WASPE 12000 R\u016bkymo kart\u0173 yra su 650mAh akumuliatoriumi, kuris suteikia i\u0161skirtin\u012f na\u0161um\u0105. Su iki 12000 r\u016bkymo kart\u0173 galite ilgai r\u016bkyti, nesijaudindami d\u0117l akumuliatoriaus i\u0161sekimo. Jei akumuliatorius visgi i\u0161sikrauna, Type-C \u012fkrovimo jungtis u\u017etikrina greit\u0105 ir paprast\u0105 \u012fkrovim\u0105.<\/p>\n<h4>Tinklelio rit\u0117 intensyviam skoniui<\/h4>\n<p class=\"\" data-start=\"1845\" data-end=\"2109\" data-immersive-translate-walked=\"96d77bb5-9971-4916-b8ce-688930dc4726\" data-immersive-translate-paragraph=\"1\">D\u0117ka inovatyvios 0,8 Ohm tinklelio rit\u0117s, galite b\u016bti tikri, kad kiekvienas r\u016bkymas yra tolygus ir intensyvus skoniu. Tinklelio rit\u0117s si\u016blo didesn\u0119 pavir\u0161iaus plot\u0105, kas leid\u017eia geriau garinti e-liquido ir u\u017etikrina geresn\u012f skon\u012f.<\/p>\n<h4>Paprasta naudoti su r\u016bkymo kart\u0173 aktyvavimu<\/h4>\n<p class=\"\" data-start=\"2160\" data-end=\"2418\" data-immersive-translate-walked=\"96d77bb5-9971-4916-b8ce-688930dc4726\" data-immersive-translate-paragraph=\"1\">WASPE 12000 Puffs veikia su p\u016btimo aktyvacija. Tai rei\u0161kia, kad jums tereikia traukti i\u0161 burnos \u017eiedo, kad \u012fjungtum\u0117te \u012frengin\u012f. Nereikia joki\u0173 mygtuk\u0173 ar sud\u0117ting\u0173 nustatym\u0173, tod\u0117l r\u016bkyti garus yra ypa\u010d paprasta ir patogu.<\/p>\n<h4 data-start=\"2420\" data-end=\"2447\" data-immersive-translate-walked=\"96d77bb5-9971-4916-b8ce-688930dc4726\">Dizainas ir estetika<\/h4>\n<p class=\"\" data-start=\"2449\" data-end=\"2757\" data-immersive-translate-walked=\"96d77bb5-9971-4916-b8ce-688930dc4726\" data-immersive-translate-paragraph=\"1\">Be puikios veiklos, WASPE 12000 Puffs taip pat \u017eavi savo \u0161iuolaiki\u0161ku dizainu. RGB ap\u0161vietimas suteikia elektroninei cigaretei futuristin\u012f i\u0161vaizd\u0105, kuri i\u0161siskiria bet kurioje aplinkoje. Tai padaro WASPE ne tik prakti\u0161ku, bet ir stilingu gar\u0173 m\u0117g\u0117j\u0173 aksesuaru.<\/p>\n<p class=\"\" data-start=\"2774\" data-end=\"3261\" data-immersive-translate-walked=\"96d77bb5-9971-4916-b8ce-688930dc4726\" data-immersive-translate-paragraph=\"1\">WASPE 12000 Puffs vienkartin\u0117 elektronin\u0117 cigaret\u0117 yra puikus produktas gar\u0173 m\u0117g\u0117jams, ie\u0161kantiems ilgaam\u017ei\u0161kumo, intensyvaus skonio ir patogios technologijos. Su Kiwi Lime aromatu, kuris suteikia \u0161vie\u017eios vaisi\u0161kumo, ir Mesh-Coil, u\u017etikrinan\u010diu optimal\u0173 gar\u0173 kiek\u012f ir skon\u012f, WASPE 12000 Puffs nustato naujus standartus vienkartini\u0173 elektronini\u0173 cigare\u010di\u0173 srityje. D\u0117l p\u016btimo aktyvavimo ir greito \u012fkrovimo funkcijos ji yra patogus kasdienio naudojimo palydovas.<\/p>","protected":false},"excerpt":{"rendered":"<p>WASPE 12000 Puffs Einweg E-Zigarette \u2013 Kiwi Lime Geschmack Die WASPE 12000 Puffs Einweg E-Zigarette bringt die n\u00e4chste Stufe des Dampferlebnisses. Mit ihrem fruchtigen Kiwi&#8230;<\/p>","protected":false},"featured_media":6605,"template":"","meta":[],"etheme_brands":[],"product_brand":[98],"product_cat":[88,49,61],"product_tag":[],"class_list":{"0":"post-6615","1":"product","2":"type-product","3":"status-publish","4":"has-post-thumbnail","6":"product_brand-waspe-vape","7":"product_cat-12k-vape","8":"product_cat-einweg-e-zigarette","9":"product_cat-f","11":"first","12":"instock","13":"shipping-taxable","14":"purchasable","15":"product-type-simple"},"yoast_head":"<!-- This site is optimized with the Yoast SEO plugin v26.5 - https:\/\/yoast.com\/wordpress\/plugins\/seo\/ -->\n<title>Kiwi Lime Der Geschmack Von WASPE 12000 Puffs Jetzt Auch Zollfrei Und Direkt Verf\u00fcgbar | Vapingnet.de<\/title>\n<meta name=\"description\" content=\"Entdecke Kiwi Lime Der Geschmack Von WASPE 12000 Puffs Jetzt Auch Zollfrei Und Direkt Verf\u00fcgbar bei vapingnet.de, \u25ba Gro\u00dfe Auswahl an Geschmacksrichtungen &amp; super g\u00fcnstig!\" \/>\n<meta name=\"robots\" content=\"index, follow, max-snippet:-1, max-image-preview:large, max-video-preview:-1\" \/>\n<link rel=\"canonical\" href=\"https:\/\/vapingnet.de\/lt\/vape\/kiwi-lime-der-geschmack-von-waspe-12000-puffs-jetzt-auch-zollfrei-und-direkt-verfuegbar\/\" \/>\n<meta property=\"og:locale\" content=\"lt_LT\" \/>\n<meta property=\"og:type\" content=\"article\" \/>\n<meta property=\"og:title\" content=\"Kiwi Lime Der Geschmack Von WASPE 12000 Puffs Jetzt Auch Zollfrei Und Direkt Verf\u00fcgbar | Vapingnet.de\" \/>\n<meta property=\"og:description\" content=\"Entdecke Kiwi Lime Der Geschmack Von WASPE 12000 Puffs Jetzt Auch Zollfrei Und Direkt Verf\u00fcgbar bei vapingnet.de, \u25ba Gro\u00dfe Auswahl an Geschmacksrichtungen &amp; super g\u00fcnstig!\" \/>\n<meta property=\"og:url\" content=\"https:\/\/vapingnet.de\/lt\/vape\/kiwi-lime-der-geschmack-von-waspe-12000-puffs-jetzt-auch-zollfrei-und-direkt-verfuegbar\/\" \/>\n<meta property=\"og:site_name\" content=\"Vapingnet.de\" \/>\n<meta property=\"article:publisher\" content=\"https:\/\/www.facebook.com\/vapingnetde\/\" \/>\n<meta property=\"article:modified_time\" content=\"2025-06-19T03:45:16+00:00\" \/>\n<meta property=\"og:image\" content=\"https:\/\/vapingnet.de\/wp-content\/uploads\/2025\/04\/Kiwi-lime.webp\" \/>\n\t<meta property=\"og:image:width\" content=\"1000\" \/>\n\t<meta property=\"og:image:height\" content=\"1000\" \/>\n\t<meta property=\"og:image:type\" content=\"image\/webp\" \/>\n<meta name=\"twitter:card\" content=\"summary_large_image\" \/>\n<meta name=\"twitter:label1\" content=\"Est. reading time\" \/>\n\t<meta name=\"twitter:data1\" content=\"3 minutes\" \/>\n<script type=\"application\/ld+json\" class=\"yoast-schema-graph\">{\"@context\":\"https:\/\/schema.org\",\"@graph\":[{\"@type\":\"WebPage\",\"@id\":\"https:\/\/vapingnet.de\/vape\/kiwi-lime-der-geschmack-von-waspe-12000-puffs-jetzt-auch-zollfrei-und-direkt-verfuegbar\/\",\"url\":\"https:\/\/vapingnet.de\/vape\/kiwi-lime-der-geschmack-von-waspe-12000-puffs-jetzt-auch-zollfrei-und-direkt-verfuegbar\/\",\"name\":\"Kiwi Lime Der Geschmack Von WASPE 12000 Puffs Jetzt Auch Zollfrei Und Direkt Verf\u00fcgbar | Vapingnet.de\",\"isPartOf\":{\"@id\":\"https:\/\/vapingnet.de\/#website\"},\"primaryImageOfPage\":{\"@id\":\"https:\/\/vapingnet.de\/vape\/kiwi-lime-der-geschmack-von-waspe-12000-puffs-jetzt-auch-zollfrei-und-direkt-verfuegbar\/#primaryimage\"},\"image\":{\"@id\":\"https:\/\/vapingnet.de\/vape\/kiwi-lime-der-geschmack-von-waspe-12000-puffs-jetzt-auch-zollfrei-und-direkt-verfuegbar\/#primaryimage\"},\"thumbnailUrl\":\"https:\/\/vapingnet.de\/wp-content\/uploads\/2025\/04\/Kiwi-lime.webp\",\"datePublished\":\"2025-04-29T02:53:16+00:00\",\"dateModified\":\"2025-06-19T03:45:16+00:00\",\"description\":\"Entdecke Kiwi Lime Der Geschmack Von WASPE 12000 Puffs Jetzt Auch Zollfrei Und Direkt Verf\u00fcgbar bei vapingnet.de, \u25ba Gro\u00dfe Auswahl an Geschmacksrichtungen & super g\u00fcnstig!\",\"breadcrumb\":{\"@id\":\"https:\/\/vapingnet.de\/vape\/kiwi-lime-der-geschmack-von-waspe-12000-puffs-jetzt-auch-zollfrei-und-direkt-verfuegbar\/#breadcrumb\"},\"inLanguage\":\"lt-LT\",\"potentialAction\":[{\"@type\":\"ReadAction\",\"target\":[\"https:\/\/vapingnet.de\/vape\/kiwi-lime-der-geschmack-von-waspe-12000-puffs-jetzt-auch-zollfrei-und-direkt-verfuegbar\/\"]}]},{\"@type\":\"ImageObject\",\"inLanguage\":\"lt-LT\",\"@id\":\"https:\/\/vapingnet.de\/vape\/kiwi-lime-der-geschmack-von-waspe-12000-puffs-jetzt-auch-zollfrei-und-direkt-verfuegbar\/#primaryimage\",\"url\":\"https:\/\/vapingnet.de\/wp-content\/uploads\/2025\/04\/Kiwi-lime.webp\",\"contentUrl\":\"https:\/\/vapingnet.de\/wp-content\/uploads\/2025\/04\/Kiwi-lime.webp\",\"width\":1000,\"height\":1000},{\"@type\":\"BreadcrumbList\",\"@id\":\"https:\/\/vapingnet.de\/vape\/kiwi-lime-der-geschmack-von-waspe-12000-puffs-jetzt-auch-zollfrei-und-direkt-verfuegbar\/#breadcrumb\",\"itemListElement\":[{\"@type\":\"ListItem\",\"position\":1,\"name\":\"Home\",\"item\":\"https:\/\/vapingnet.de\/\"},{\"@type\":\"ListItem\",\"position\":2,\"name\":\"Shop\",\"item\":\"https:\/\/vapingnet.de\/vape\/\"},{\"@type\":\"ListItem\",\"position\":3,\"name\":\"Kiwi Lime Der Geschmack Von WASPE 12000 Puffs Jetzt Auch Zollfrei Und Direkt Verf\u00fcgbar\"}]},{\"@type\":\"WebSite\",\"@id\":\"https:\/\/vapingnet.de\/#website\",\"url\":\"https:\/\/vapingnet.de\/\",\"name\":\"Vapingnet.de\",\"description\":\"\",\"publisher\":{\"@id\":\"https:\/\/vapingnet.de\/#organization\"},\"potentialAction\":[{\"@type\":\"SearchAction\",\"target\":{\"@type\":\"EntryPoint\",\"urlTemplate\":\"https:\/\/vapingnet.de\/?s={search_term_string}\"},\"query-input\":{\"@type\":\"PropertyValueSpecification\",\"valueRequired\":true,\"valueName\":\"search_term_string\"}}],\"inLanguage\":\"lt-LT\"},{\"@type\":\"Organization\",\"@id\":\"https:\/\/vapingnet.de\/#organization\",\"name\":\"Vapingnet.de\",\"url\":\"https:\/\/vapingnet.de\/\",\"logo\":{\"@type\":\"ImageObject\",\"inLanguage\":\"lt-LT\",\"@id\":\"https:\/\/vapingnet.de\/#\/schema\/logo\/image\/\",\"url\":\"https:\/\/vapingnet.de\/wp-content\/uploads\/2025\/03\/cropped-vapingnet.de_.jpg\",\"contentUrl\":\"https:\/\/vapingnet.de\/wp-content\/uploads\/2025\/03\/cropped-vapingnet.de_.jpg\",\"width\":512,\"height\":512,\"caption\":\"Vapingnet.de\"},\"image\":{\"@id\":\"https:\/\/vapingnet.de\/#\/schema\/logo\/image\/\"},\"sameAs\":[\"https:\/\/www.facebook.com\/vapingnetde\/\"]}]}<\/script>\n<!-- \/ Yoast SEO plugin. -->","yoast_head_json":{"title":"Kiwi Lime Der Geschmack Von WASPE 12000 Puffs Jetzt Auch Zollfrei Und Direkt Verf\u00fcgbar | Vapingnet.de","description":"Entdecke Kiwi Lime Der Geschmack Von WASPE 12000 Puffs Jetzt Auch Zollfrei Und Direkt Verf\u00fcgbar bei vapingnet.de, \u25ba Gro\u00dfe Auswahl an Geschmacksrichtungen & super g\u00fcnstig!","robots":{"index":"index","follow":"follow","max-snippet":"max-snippet:-1","max-image-preview":"max-image-preview:large","max-video-preview":"max-video-preview:-1"},"canonical":"https:\/\/vapingnet.de\/lt\/vape\/kiwi-lime-der-geschmack-von-waspe-12000-puffs-jetzt-auch-zollfrei-und-direkt-verfuegbar\/","og_locale":"lt_LT","og_type":"article","og_title":"Kiwi Lime Der Geschmack Von WASPE 12000 Puffs Jetzt Auch Zollfrei Und Direkt Verf\u00fcgbar | Vapingnet.de","og_description":"Entdecke Kiwi Lime Der Geschmack Von WASPE 12000 Puffs Jetzt Auch Zollfrei Und Direkt Verf\u00fcgbar bei vapingnet.de, \u25ba Gro\u00dfe Auswahl an Geschmacksrichtungen & super g\u00fcnstig!","og_url":"https:\/\/vapingnet.de\/lt\/vape\/kiwi-lime-der-geschmack-von-waspe-12000-puffs-jetzt-auch-zollfrei-und-direkt-verfuegbar\/","og_site_name":"Vapingnet.de","article_publisher":"https:\/\/www.facebook.com\/vapingnetde\/","article_modified_time":"2025-06-19T03:45:16+00:00","og_image":[{"width":1000,"height":1000,"url":"https:\/\/vapingnet.de\/wp-content\/uploads\/2025\/04\/Kiwi-lime.webp","type":"image\/webp"}],"twitter_card":"summary_large_image","twitter_misc":{"Est. reading time":"3 minutes"},"schema":{"@context":"https:\/\/schema.org","@graph":[{"@type":"WebPage","@id":"https:\/\/vapingnet.de\/vape\/kiwi-lime-der-geschmack-von-waspe-12000-puffs-jetzt-auch-zollfrei-und-direkt-verfuegbar\/","url":"https:\/\/vapingnet.de\/vape\/kiwi-lime-der-geschmack-von-waspe-12000-puffs-jetzt-auch-zollfrei-und-direkt-verfuegbar\/","name":"Kiwi Lime Der Geschmack Von WASPE 12000 Puffs Jetzt Auch Zollfrei Und Direkt Verf\u00fcgbar | Vapingnet.de","isPartOf":{"@id":"https:\/\/vapingnet.de\/#website"},"primaryImageOfPage":{"@id":"https:\/\/vapingnet.de\/vape\/kiwi-lime-der-geschmack-von-waspe-12000-puffs-jetzt-auch-zollfrei-und-direkt-verfuegbar\/#primaryimage"},"image":{"@id":"https:\/\/vapingnet.de\/vape\/kiwi-lime-der-geschmack-von-waspe-12000-puffs-jetzt-auch-zollfrei-und-direkt-verfuegbar\/#primaryimage"},"thumbnailUrl":"https:\/\/vapingnet.de\/wp-content\/uploads\/2025\/04\/Kiwi-lime.webp","datePublished":"2025-04-29T02:53:16+00:00","dateModified":"2025-06-19T03:45:16+00:00","description":"Entdecke Kiwi Lime Der Geschmack Von WASPE 12000 Puffs Jetzt Auch Zollfrei Und Direkt Verf\u00fcgbar bei vapingnet.de, \u25ba Gro\u00dfe Auswahl an Geschmacksrichtungen & super g\u00fcnstig!","breadcrumb":{"@id":"https:\/\/vapingnet.de\/vape\/kiwi-lime-der-geschmack-von-waspe-12000-puffs-jetzt-auch-zollfrei-und-direkt-verfuegbar\/#breadcrumb"},"inLanguage":"lt-LT","potentialAction":[{"@type":"ReadAction","target":["https:\/\/vapingnet.de\/vape\/kiwi-lime-der-geschmack-von-waspe-12000-puffs-jetzt-auch-zollfrei-und-direkt-verfuegbar\/"]}]},{"@type":"ImageObject","inLanguage":"lt-LT","@id":"https:\/\/vapingnet.de\/vape\/kiwi-lime-der-geschmack-von-waspe-12000-puffs-jetzt-auch-zollfrei-und-direkt-verfuegbar\/#primaryimage","url":"https:\/\/vapingnet.de\/wp-content\/uploads\/2025\/04\/Kiwi-lime.webp","contentUrl":"https:\/\/vapingnet.de\/wp-content\/uploads\/2025\/04\/Kiwi-lime.webp","width":1000,"height":1000},{"@type":"BreadcrumbList","@id":"https:\/\/vapingnet.de\/vape\/kiwi-lime-der-geschmack-von-waspe-12000-puffs-jetzt-auch-zollfrei-und-direkt-verfuegbar\/#breadcrumb","itemListElement":[{"@type":"ListItem","position":1,"name":"Home","item":"https:\/\/vapingnet.de\/"},{"@type":"ListItem","position":2,"name":"Shop","item":"https:\/\/vapingnet.de\/vape\/"},{"@type":"ListItem","position":3,"name":"Kiwi Lime Der Geschmack Von WASPE 12000 Puffs Jetzt Auch Zollfrei Und Direkt Verf\u00fcgbar"}]},{"@type":"WebSite","@id":"https:\/\/vapingnet.de\/#website","url":"https:\/\/vapingnet.de\/","name":"Vapingnet.de","description":"","publisher":{"@id":"https:\/\/vapingnet.de\/#organization"},"potentialAction":[{"@type":"SearchAction","target":{"@type":"EntryPoint","urlTemplate":"https:\/\/vapingnet.de\/?s={search_term_string}"},"query-input":{"@type":"PropertyValueSpecification","valueRequired":true,"valueName":"search_term_string"}}],"inLanguage":"lt-LT"},{"@type":"Organization","@id":"https:\/\/vapingnet.de\/#organization","name":"Vapingnet.de","url":"https:\/\/vapingnet.de\/","logo":{"@type":"ImageObject","inLanguage":"lt-LT","@id":"https:\/\/vapingnet.de\/#\/schema\/logo\/image\/","url":"https:\/\/vapingnet.de\/wp-content\/uploads\/2025\/03\/cropped-vapingnet.de_.jpg","contentUrl":"https:\/\/vapingnet.de\/wp-content\/uploads\/2025\/03\/cropped-vapingnet.de_.jpg","width":512,"height":512,"caption":"Vapingnet.de"},"image":{"@id":"https:\/\/vapingnet.de\/#\/schema\/logo\/image\/"},"sameAs":["https:\/\/www.facebook.com\/vapingnetde\/"]}]}},"tiered_pricing_type":"fixed","tiered_pricing_fixed_rules":{"10":"7.50","60":"6.75","110":"6.00","200":"5.25"},"tiered_pricing_product_settings":{"layout":"default","base_unit_name":{"singular":null,"plural":null},"default_variation":null},"tiered_pricing_minimum_quantity":null,"tiered_pricing_roles_data":[],"tiered_pricing_percentage_rules":[],"_links":{"self":[{"href":"https:\/\/vapingnet.de\/lt\/wp-json\/wp\/v2\/product\/6615","targetHints":{"allow":["GET"]}}],"collection":[{"href":"https:\/\/vapingnet.de\/lt\/wp-json\/wp\/v2\/product"}],"about":[{"href":"https:\/\/vapingnet.de\/lt\/wp-json\/wp\/v2\/types\/product"}],"version-history":[{"count":1,"href":"https:\/\/vapingnet.de\/lt\/wp-json\/wp\/v2\/product\/6615\/revisions"}],"predecessor-version":[{"id":6625,"href":"https:\/\/vapingnet.de\/lt\/wp-json\/wp\/v2\/product\/6615\/revisions\/6625"}],"wp:featuredmedia":[{"embeddable":true,"href":"https:\/\/vapingnet.de\/lt\/wp-json\/wp\/v2\/media\/6605"}],"wp:attachment":[{"href":"https:\/\/vapingnet.de\/lt\/wp-json\/wp\/v2\/media?parent=6615"}],"wp:term":[{"taxonomy":"brand","embeddable":true,"href":"https:\/\/vapingnet.de\/lt\/wp-json\/wp\/v2\/etheme_brands?post=6615"},{"taxonomy":"product_brand","embeddable":true,"href":"https:\/\/vapingnet.de\/lt\/wp-json\/wp\/v2\/product_brand?post=6615"},{"taxonomy":"product_cat","embeddable":true,"href":"https:\/\/vapingnet.de\/lt\/wp-json\/wp\/v2\/product_cat?post=6615"},{"taxonomy":"product_tag","embeddable":true,"href":"https:\/\/vapingnet.de\/lt\/wp-json\/wp\/v2\/product_tag?post=6615"}],"curies":[{"name":"wp","href":"https:\/\/api.w.org\/{rel}","templated":true}]}}