{"id":6617,"date":"2025-04-29T02:53:22","date_gmt":"2025-04-29T02:53:22","guid":{"rendered":"https:\/\/vapingnet.de\/?post_type=product&#038;p=6617"},"modified":"2025-06-19T03:45:15","modified_gmt":"2025-06-19T03:45:15","slug":"geniessen-sie-den-besten-geschmack-von-strawberry-watermelon-waspe-12000-puffs-fuer-echte-kenner","status":"publish","type":"product","link":"https:\/\/vapingnet.de\/lt\/vape\/geniessen-sie-den-besten-geschmack-von-strawberry-watermelon-waspe-12000-puffs-fuer-echte-kenner\/","title":{"rendered":"M\u0117gaukit\u0117s geriausiu bra\u0161ki\u0173 ir arb\u016bzo skoniu WASPE 12000 Puffs, skirtu tikr\u0173 \u017einov\u0173 skonio m\u0117g\u0117jams"},"content":{"rendered":"<h2 data-start=\"0\" data-end=\"56\" data-immersive-translate-walked=\"0dd68124-1e78-44ba-8a41-e0fbddfba72a\">WASPE 12000 Puffs: Galutin\u0117 vienkartin\u0117 elektronin\u0117 cigaret\u0117<\/h2>\n<p class=\"\" data-start=\"58\" data-end=\"346\" data-immersive-translate-walked=\"0dd68124-1e78-44ba-8a41-e0fbddfba72a\" data-immersive-translate-paragraph=\"1\">WASPE 12000 Puffs nustato nauj\u0105 standart\u0105 vienkartini\u0173 elektronini\u0173 cigare\u010di\u0173 pasaulyje. Su i\u0161skirtin\u0117mis savyb\u0117mis ir inovatyviu dizainu ji yra tobula pasirinktis vartotojams, ie\u0161kantiems ilgalaik\u0117s, patogios ir kokybi\u0161kos vaping patirties.<\/p>\n<h3 class=\"\" data-start=\"348\" data-end=\"376\" data-immersive-translate-walked=\"0dd68124-1e78-44ba-8a41-e0fbddfba72a\" data-immersive-translate-paragraph=\"1\">Produkto ypatyb\u0117s:<\/h3>\n<ul data-start=\"378\" data-end=\"1044\" data-immersive-translate-walked=\"0dd68124-1e78-44ba-8a41-e0fbddfba72a\">\n<li class=\"\" data-start=\"378\" data-end=\"461\" data-immersive-translate-walked=\"0dd68124-1e78-44ba-8a41-e0fbddfba72a\">\n<p class=\"\" data-start=\"380\" data-end=\"461\" data-immersive-translate-walked=\"0dd68124-1e78-44ba-8a41-e0fbddfba72a\" data-immersive-translate-paragraph=\"1\">12000 \u012fkv\u0117pim\u0173 \u2013 Ne\u012fprastai ilgas malonumas be da\u017en\u0173 papildym\u0173.<\/p>\n<\/li>\n<li class=\"\" data-start=\"462\" data-end=\"557\" data-immersive-translate-walked=\"0dd68124-1e78-44ba-8a41-e0fbddfba72a\">\n<p class=\"\" data-start=\"464\" data-end=\"557\" data-immersive-translate-walked=\"0dd68124-1e78-44ba-8a41-e0fbddfba72a\" data-immersive-translate-paragraph=\"1\">Nikotino stiprumai \u2013 Prieinami 0%, 2%, 3% ir 5%, atitinkantys j\u016bs\u0173 asmeninius pageidavimus.<\/p>\n<\/li>\n<li class=\"\" data-start=\"558\" data-end=\"653\" data-immersive-translate-walked=\"0dd68124-1e78-44ba-8a41-e0fbddfba72a\">\n<p class=\"\" data-start=\"560\" data-end=\"653\" data-immersive-translate-walked=\"0dd68124-1e78-44ba-8a41-e0fbddfba72a\" data-immersive-translate-paragraph=\"1\">Galinga 650mAh baterija \u2013 L\u0117tas i\u0161sikrovimas, u\u017etikrinantis nuolatin\u012f garavim\u0105.<\/p>\n<\/li>\n<li class=\"\" data-start=\"654\" data-end=\"740\" data-immersive-translate-walked=\"0dd68124-1e78-44ba-8a41-e0fbddfba72a\">\n<p class=\"\" data-start=\"656\" data-end=\"740\" data-immersive-translate-walked=\"0dd68124-1e78-44ba-8a41-e0fbddfba72a\" data-immersive-translate-paragraph=\"1\">Type-C \u012fkrovimas \u2013 Greitas ir patogus \u012fkrovimas, kad visada b\u016btum\u0117te pasiruo\u0161\u0119s.<\/p>\n<\/li>\n<li class=\"\" data-start=\"741\" data-end=\"844\" data-immersive-translate-walked=\"0dd68124-1e78-44ba-8a41-e0fbddfba72a\">\n<p class=\"\" data-start=\"743\" data-end=\"844\" data-immersive-translate-walked=\"0dd68124-1e78-44ba-8a41-e0fbddfba72a\" data-immersive-translate-paragraph=\"1\">RGB ap\u0161vietimas \u2013 Vizualus akcentas, kuris paver\u010dia garavim\u0105 unikaliu patirtimi.<\/p>\n<\/li>\n<li class=\"\" data-start=\"845\" data-end=\"943\" data-immersive-translate-walked=\"0dd68124-1e78-44ba-8a41-e0fbddfba72a\">\n<p class=\"\" data-start=\"847\" data-end=\"943\" data-immersive-translate-walked=\"0dd68124-1e78-44ba-8a41-e0fbddfba72a\" data-immersive-translate-paragraph=\"1\">0,8 Ohm tinklelio rit\u0117 \u2013 U\u017etikrina vienod\u0105 garo gamyb\u0105 ir intensyvesn\u012f skon\u012f.<\/p>\n<\/li>\n<li class=\"\" data-start=\"944\" data-end=\"1044\" data-immersive-translate-walked=\"0dd68124-1e78-44ba-8a41-e0fbddfba72a\">\n<p class=\"\" data-start=\"946\" data-end=\"1044\" data-immersive-translate-walked=\"0dd68124-1e78-44ba-8a41-e0fbddfba72a\" data-immersive-translate-paragraph=\"1\">MTL garavimas \u2013 Idealiai tinka vartotojams, kurie m\u0117gsta autenti\u0161k\u0105, cigaret\u0117s pana\u0161i\u0105 patirt\u012f.<\/p>\n<\/li>\n<\/ul>\n<h4 data-start=\"1046\" data-end=\"1082\" data-immersive-translate-walked=\"0dd68124-1e78-44ba-8a41-e0fbddfba72a\" data-immersive-translate-paragraph=\"1\">Skonis: Bra\u0161ki\u0173 arb\u016bzas<\/h4>\n<p class=\"\" data-start=\"1084\" data-end=\"1355\" data-immersive-translate-walked=\"0dd68124-1e78-44ba-8a41-e0fbddfba72a\" data-immersive-translate-paragraph=\"1\">M\u0117gaukit\u0117s sald\u017eia \u0161vie\u017ei\u0173 bra\u0161ki\u0173 ir gaivios arb\u016bzo kombinacija. Bra\u0161ki\u0173 arb\u016bzo skonis suteikia maloni\u0105, vaisi\u0161k\u0105 gaiv\u0105 kiekvienu \u012fkv\u0117pimu \u2013 idealiai tinka vartotojams, ie\u0161kantiems saldaus ir gaivaus potyrio.<\/p>\n<div style=\"width: 1170px;\" class=\"wp-video\"><!--[if lt IE 9]><script>document.createElement('video');<\/script><![endif]-->\n<video class=\"wp-video-shortcode\" id=\"video-6617-1\" width=\"1170\" height=\"658\" preload=\"metadata\" controls=\"controls\"><source type=\"video\/mp4\" src=\"https:\/\/vapingnet.de\/wp-content\/uploads\/2025\/04\/12000Puffs.mp4?_=1\" \/><a href=\"https:\/\/vapingnet.de\/wp-content\/uploads\/2025\/04\/12000Puffs.mp4\">https:\/\/vapingnet.de\/wp-content\/uploads\/2025\/04\/12000Puffs.mp4<\/a><\/video><\/div>\n<h4 data-start=\"1357\" data-end=\"1393\" data-immersive-translate-walked=\"0dd68124-1e78-44ba-8a41-e0fbddfba72a\" data-immersive-translate-paragraph=\"1\">Patogu ir vartotojui draugi\u0161ka<\/h4>\n<p class=\"\" data-start=\"1395\" data-end=\"1669\" data-immersive-translate-walked=\"0dd68124-1e78-44ba-8a41-e0fbddfba72a\" data-immersive-translate-paragraph=\"1\">Sveriant tik 82 g ir turint paprast\u0105 \u012fkv\u0117pimo aktyvavim\u0105, WASPE 12000 Puffs yra lengvai naudojama. Be mygtuk\u0173 paspaudimo, tiesiog \u012ftraukite \u012frengin\u012f ir i\u0161kart prad\u0117kite garuoti. Tobula vartotojams, kurie da\u017enai keliauja ir ie\u0161ko paprasto sprendimo.<\/p>\n<h4 data-start=\"1671\" data-end=\"1701\" data-immersive-translate-walked=\"0dd68124-1e78-44ba-8a41-e0fbddfba72a\" data-immersive-translate-paragraph=\"1\">Pristatymas ir mokes\u010di\u0173 privalumai<\/h4>\n<p class=\"\" data-start=\"1703\" data-end=\"1956\" data-immersive-translate-walked=\"0dd68124-1e78-44ba-8a41-e0fbddfba72a\" data-immersive-translate-paragraph=\"1\">Kitas patogus bruo\u017eas \u2013 mokes\u010di\u0173 nemokamas pristatymas. Patogiai u\u017esakykite per vapingnet.de ir gaukite greit\u0105 siuntim\u0105 per 7-15 darbo dien\u0173. Taip gausite savo produkt\u0105 greitai ir be papildom\u0173 muit\u0173 mokes\u010di\u0173.<\/p>\n<h4 data-start=\"1958\" data-end=\"1994\" data-immersive-translate-walked=\"0dd68124-1e78-44ba-8a41-e0fbddfba72a\" data-immersive-translate-paragraph=\"1\">Ideali pasirinktis visiems vartotojams<\/h4>\n<p class=\"\" data-start=\"1996\" data-end=\"2266\" data-immersive-translate-walked=\"0dd68124-1e78-44ba-8a41-e0fbddfba72a\" data-immersive-translate-paragraph=\"1\">WASPE 12000 Puffs skirta tiems, kurie nori ilgai ir intensyviai garuoti, nesukant nuolat naujo \u012frenginio. Ji si\u016blo tobul\u0105 pusiausvyr\u0105 tarp galios, skonio ir patogumo \u2013 visa tai kompakti\u0161ko ir patogaus formato.<\/p>\n<p class=\"\" data-start=\"2268\" data-end=\"2298\" data-immersive-translate-walked=\"0dd68124-1e78-44ba-8a41-e0fbddfba72a\">Prieinama vapingnet.de<\/p>\n<p class=\"\" data-start=\"2300\" data-end=\"2416\" data-immersive-translate-walked=\"0dd68124-1e78-44ba-8a41-e0fbddfba72a\" data-immersive-translate-paragraph=\"1\">Apsilankykite dabar vapingnet.de ir \u012fsigykite savo WASPE 12000 Puffs unikaliam garavimo potyriui.<\/p>","protected":false},"excerpt":{"rendered":"<p>WASPE 12000 Puffs: Die ultimative Einweg-E-Zigarette Die WASPE 12000 Puffs stellt einen neuen Standard in der Welt der Einweg-E-Zigaretten dar. Mit herausragenden Eigenschaften und einem&#8230;<\/p>","protected":false},"featured_media":6612,"template":"","meta":[],"etheme_brands":[],"product_brand":[98],"product_cat":[88,49,61],"product_tag":[],"class_list":{"0":"post-6617","1":"product","2":"type-product","3":"status-publish","4":"has-post-thumbnail","6":"product_brand-waspe-vape","7":"product_cat-12k-vape","8":"product_cat-einweg-e-zigarette","9":"product_cat-f","11":"first","12":"instock","13":"shipping-taxable","14":"purchasable","15":"product-type-simple"},"yoast_head":"<!-- This site is optimized with the Yoast SEO plugin v26.5 - https:\/\/yoast.com\/wordpress\/plugins\/seo\/ -->\n<title>Genie\u00dfen Sie Den Besten Geschmack Von Strawberry Watermelon WASPE 12000 Puffs F\u00fcr Echte Kenner | Vapingnet.de<\/title>\n<meta name=\"description\" content=\"Entdecke Genie\u00dfen Sie Den Besten Geschmack Von Strawberry Watermelon WASPE 12000 Puffs F\u00fcr Echte Kenner bei vapingnet.de, \u25ba Gro\u00dfe Auswahl an Geschmacksrichtungen &amp; super g\u00fcnstig!\" \/>\n<meta name=\"robots\" content=\"index, follow, max-snippet:-1, max-image-preview:large, max-video-preview:-1\" \/>\n<link rel=\"canonical\" href=\"https:\/\/vapingnet.de\/lt\/vape\/geniessen-sie-den-besten-geschmack-von-strawberry-watermelon-waspe-12000-puffs-fuer-echte-kenner\/\" \/>\n<meta property=\"og:locale\" content=\"lt_LT\" \/>\n<meta property=\"og:type\" content=\"article\" \/>\n<meta property=\"og:title\" content=\"Genie\u00dfen Sie Den Besten Geschmack Von Strawberry Watermelon WASPE 12000 Puffs F\u00fcr Echte Kenner | Vapingnet.de\" \/>\n<meta property=\"og:description\" content=\"Entdecke Genie\u00dfen Sie Den Besten Geschmack Von Strawberry Watermelon WASPE 12000 Puffs F\u00fcr Echte Kenner bei vapingnet.de, \u25ba Gro\u00dfe Auswahl an Geschmacksrichtungen &amp; super g\u00fcnstig!\" \/>\n<meta property=\"og:url\" content=\"https:\/\/vapingnet.de\/lt\/vape\/geniessen-sie-den-besten-geschmack-von-strawberry-watermelon-waspe-12000-puffs-fuer-echte-kenner\/\" \/>\n<meta property=\"og:site_name\" content=\"Vapingnet.de\" \/>\n<meta property=\"article:publisher\" content=\"https:\/\/www.facebook.com\/vapingnetde\/\" \/>\n<meta property=\"article:modified_time\" content=\"2025-06-19T03:45:15+00:00\" \/>\n<meta property=\"og:image\" content=\"https:\/\/vapingnet.de\/wp-content\/uploads\/2025\/04\/strawberry-watermelon-5.webp\" \/>\n\t<meta property=\"og:image:width\" content=\"1000\" \/>\n\t<meta property=\"og:image:height\" content=\"1000\" \/>\n\t<meta property=\"og:image:type\" content=\"image\/webp\" \/>\n<meta name=\"twitter:card\" content=\"summary_large_image\" \/>\n<meta name=\"twitter:label1\" content=\"Est. reading time\" \/>\n\t<meta name=\"twitter:data1\" content=\"2 minutes\" \/>\n<script type=\"application\/ld+json\" class=\"yoast-schema-graph\">{\"@context\":\"https:\/\/schema.org\",\"@graph\":[{\"@type\":\"WebPage\",\"@id\":\"https:\/\/vapingnet.de\/vape\/geniessen-sie-den-besten-geschmack-von-strawberry-watermelon-waspe-12000-puffs-fuer-echte-kenner\/\",\"url\":\"https:\/\/vapingnet.de\/vape\/geniessen-sie-den-besten-geschmack-von-strawberry-watermelon-waspe-12000-puffs-fuer-echte-kenner\/\",\"name\":\"Genie\u00dfen Sie Den Besten Geschmack Von Strawberry Watermelon WASPE 12000 Puffs F\u00fcr Echte Kenner | Vapingnet.de\",\"isPartOf\":{\"@id\":\"https:\/\/vapingnet.de\/#website\"},\"primaryImageOfPage\":{\"@id\":\"https:\/\/vapingnet.de\/vape\/geniessen-sie-den-besten-geschmack-von-strawberry-watermelon-waspe-12000-puffs-fuer-echte-kenner\/#primaryimage\"},\"image\":{\"@id\":\"https:\/\/vapingnet.de\/vape\/geniessen-sie-den-besten-geschmack-von-strawberry-watermelon-waspe-12000-puffs-fuer-echte-kenner\/#primaryimage\"},\"thumbnailUrl\":\"https:\/\/vapingnet.de\/wp-content\/uploads\/2025\/04\/strawberry-watermelon-5.webp\",\"datePublished\":\"2025-04-29T02:53:22+00:00\",\"dateModified\":\"2025-06-19T03:45:15+00:00\",\"description\":\"Entdecke Genie\u00dfen Sie Den Besten Geschmack Von Strawberry Watermelon WASPE 12000 Puffs F\u00fcr Echte Kenner bei vapingnet.de, \u25ba Gro\u00dfe Auswahl an Geschmacksrichtungen & super g\u00fcnstig!\",\"breadcrumb\":{\"@id\":\"https:\/\/vapingnet.de\/vape\/geniessen-sie-den-besten-geschmack-von-strawberry-watermelon-waspe-12000-puffs-fuer-echte-kenner\/#breadcrumb\"},\"inLanguage\":\"lt-LT\",\"potentialAction\":[{\"@type\":\"ReadAction\",\"target\":[\"https:\/\/vapingnet.de\/vape\/geniessen-sie-den-besten-geschmack-von-strawberry-watermelon-waspe-12000-puffs-fuer-echte-kenner\/\"]}]},{\"@type\":\"ImageObject\",\"inLanguage\":\"lt-LT\",\"@id\":\"https:\/\/vapingnet.de\/vape\/geniessen-sie-den-besten-geschmack-von-strawberry-watermelon-waspe-12000-puffs-fuer-echte-kenner\/#primaryimage\",\"url\":\"https:\/\/vapingnet.de\/wp-content\/uploads\/2025\/04\/strawberry-watermelon-5.webp\",\"contentUrl\":\"https:\/\/vapingnet.de\/wp-content\/uploads\/2025\/04\/strawberry-watermelon-5.webp\",\"width\":1000,\"height\":1000},{\"@type\":\"BreadcrumbList\",\"@id\":\"https:\/\/vapingnet.de\/vape\/geniessen-sie-den-besten-geschmack-von-strawberry-watermelon-waspe-12000-puffs-fuer-echte-kenner\/#breadcrumb\",\"itemListElement\":[{\"@type\":\"ListItem\",\"position\":1,\"name\":\"Home\",\"item\":\"https:\/\/vapingnet.de\/\"},{\"@type\":\"ListItem\",\"position\":2,\"name\":\"Shop\",\"item\":\"https:\/\/vapingnet.de\/vape\/\"},{\"@type\":\"ListItem\",\"position\":3,\"name\":\"Genie\u00dfen Sie Den Besten Geschmack Von Strawberry Watermelon WASPE 12000 Puffs F\u00fcr Echte Kenner\"}]},{\"@type\":\"WebSite\",\"@id\":\"https:\/\/vapingnet.de\/#website\",\"url\":\"https:\/\/vapingnet.de\/\",\"name\":\"Vapingnet.de\",\"description\":\"\",\"publisher\":{\"@id\":\"https:\/\/vapingnet.de\/#organization\"},\"potentialAction\":[{\"@type\":\"SearchAction\",\"target\":{\"@type\":\"EntryPoint\",\"urlTemplate\":\"https:\/\/vapingnet.de\/?s={search_term_string}\"},\"query-input\":{\"@type\":\"PropertyValueSpecification\",\"valueRequired\":true,\"valueName\":\"search_term_string\"}}],\"inLanguage\":\"lt-LT\"},{\"@type\":\"Organization\",\"@id\":\"https:\/\/vapingnet.de\/#organization\",\"name\":\"Vapingnet.de\",\"url\":\"https:\/\/vapingnet.de\/\",\"logo\":{\"@type\":\"ImageObject\",\"inLanguage\":\"lt-LT\",\"@id\":\"https:\/\/vapingnet.de\/#\/schema\/logo\/image\/\",\"url\":\"https:\/\/vapingnet.de\/wp-content\/uploads\/2025\/03\/cropped-vapingnet.de_.jpg\",\"contentUrl\":\"https:\/\/vapingnet.de\/wp-content\/uploads\/2025\/03\/cropped-vapingnet.de_.jpg\",\"width\":512,\"height\":512,\"caption\":\"Vapingnet.de\"},\"image\":{\"@id\":\"https:\/\/vapingnet.de\/#\/schema\/logo\/image\/\"},\"sameAs\":[\"https:\/\/www.facebook.com\/vapingnetde\/\"]}]}<\/script>\n<!-- \/ Yoast SEO plugin. -->","yoast_head_json":{"title":"Genie\u00dfen Sie Den Besten Geschmack Von Strawberry Watermelon WASPE 12000 Puffs F\u00fcr Echte Kenner | Vapingnet.de","description":"Entdecke Genie\u00dfen Sie Den Besten Geschmack Von Strawberry Watermelon WASPE 12000 Puffs F\u00fcr Echte Kenner bei vapingnet.de, \u25ba Gro\u00dfe Auswahl an Geschmacksrichtungen & super g\u00fcnstig!","robots":{"index":"index","follow":"follow","max-snippet":"max-snippet:-1","max-image-preview":"max-image-preview:large","max-video-preview":"max-video-preview:-1"},"canonical":"https:\/\/vapingnet.de\/lt\/vape\/geniessen-sie-den-besten-geschmack-von-strawberry-watermelon-waspe-12000-puffs-fuer-echte-kenner\/","og_locale":"lt_LT","og_type":"article","og_title":"Genie\u00dfen Sie Den Besten Geschmack Von Strawberry Watermelon WASPE 12000 Puffs F\u00fcr Echte Kenner | Vapingnet.de","og_description":"Entdecke Genie\u00dfen Sie Den Besten Geschmack Von Strawberry Watermelon WASPE 12000 Puffs F\u00fcr Echte Kenner bei vapingnet.de, \u25ba Gro\u00dfe Auswahl an Geschmacksrichtungen & super g\u00fcnstig!","og_url":"https:\/\/vapingnet.de\/lt\/vape\/geniessen-sie-den-besten-geschmack-von-strawberry-watermelon-waspe-12000-puffs-fuer-echte-kenner\/","og_site_name":"Vapingnet.de","article_publisher":"https:\/\/www.facebook.com\/vapingnetde\/","article_modified_time":"2025-06-19T03:45:15+00:00","og_image":[{"width":1000,"height":1000,"url":"https:\/\/vapingnet.de\/wp-content\/uploads\/2025\/04\/strawberry-watermelon-5.webp","type":"image\/webp"}],"twitter_card":"summary_large_image","twitter_misc":{"Est. reading time":"2 minutes"},"schema":{"@context":"https:\/\/schema.org","@graph":[{"@type":"WebPage","@id":"https:\/\/vapingnet.de\/vape\/geniessen-sie-den-besten-geschmack-von-strawberry-watermelon-waspe-12000-puffs-fuer-echte-kenner\/","url":"https:\/\/vapingnet.de\/vape\/geniessen-sie-den-besten-geschmack-von-strawberry-watermelon-waspe-12000-puffs-fuer-echte-kenner\/","name":"Genie\u00dfen Sie Den Besten Geschmack Von Strawberry Watermelon WASPE 12000 Puffs F\u00fcr Echte Kenner | Vapingnet.de","isPartOf":{"@id":"https:\/\/vapingnet.de\/#website"},"primaryImageOfPage":{"@id":"https:\/\/vapingnet.de\/vape\/geniessen-sie-den-besten-geschmack-von-strawberry-watermelon-waspe-12000-puffs-fuer-echte-kenner\/#primaryimage"},"image":{"@id":"https:\/\/vapingnet.de\/vape\/geniessen-sie-den-besten-geschmack-von-strawberry-watermelon-waspe-12000-puffs-fuer-echte-kenner\/#primaryimage"},"thumbnailUrl":"https:\/\/vapingnet.de\/wp-content\/uploads\/2025\/04\/strawberry-watermelon-5.webp","datePublished":"2025-04-29T02:53:22+00:00","dateModified":"2025-06-19T03:45:15+00:00","description":"Entdecke Genie\u00dfen Sie Den Besten Geschmack Von Strawberry Watermelon WASPE 12000 Puffs F\u00fcr Echte Kenner bei vapingnet.de, \u25ba Gro\u00dfe Auswahl an Geschmacksrichtungen & super g\u00fcnstig!","breadcrumb":{"@id":"https:\/\/vapingnet.de\/vape\/geniessen-sie-den-besten-geschmack-von-strawberry-watermelon-waspe-12000-puffs-fuer-echte-kenner\/#breadcrumb"},"inLanguage":"lt-LT","potentialAction":[{"@type":"ReadAction","target":["https:\/\/vapingnet.de\/vape\/geniessen-sie-den-besten-geschmack-von-strawberry-watermelon-waspe-12000-puffs-fuer-echte-kenner\/"]}]},{"@type":"ImageObject","inLanguage":"lt-LT","@id":"https:\/\/vapingnet.de\/vape\/geniessen-sie-den-besten-geschmack-von-strawberry-watermelon-waspe-12000-puffs-fuer-echte-kenner\/#primaryimage","url":"https:\/\/vapingnet.de\/wp-content\/uploads\/2025\/04\/strawberry-watermelon-5.webp","contentUrl":"https:\/\/vapingnet.de\/wp-content\/uploads\/2025\/04\/strawberry-watermelon-5.webp","width":1000,"height":1000},{"@type":"BreadcrumbList","@id":"https:\/\/vapingnet.de\/vape\/geniessen-sie-den-besten-geschmack-von-strawberry-watermelon-waspe-12000-puffs-fuer-echte-kenner\/#breadcrumb","itemListElement":[{"@type":"ListItem","position":1,"name":"Home","item":"https:\/\/vapingnet.de\/"},{"@type":"ListItem","position":2,"name":"Shop","item":"https:\/\/vapingnet.de\/vape\/"},{"@type":"ListItem","position":3,"name":"Genie\u00dfen Sie Den Besten Geschmack Von Strawberry Watermelon WASPE 12000 Puffs F\u00fcr Echte Kenner"}]},{"@type":"WebSite","@id":"https:\/\/vapingnet.de\/#website","url":"https:\/\/vapingnet.de\/","name":"Vapingnet.de","description":"","publisher":{"@id":"https:\/\/vapingnet.de\/#organization"},"potentialAction":[{"@type":"SearchAction","target":{"@type":"EntryPoint","urlTemplate":"https:\/\/vapingnet.de\/?s={search_term_string}"},"query-input":{"@type":"PropertyValueSpecification","valueRequired":true,"valueName":"search_term_string"}}],"inLanguage":"lt-LT"},{"@type":"Organization","@id":"https:\/\/vapingnet.de\/#organization","name":"Vapingnet.de","url":"https:\/\/vapingnet.de\/","logo":{"@type":"ImageObject","inLanguage":"lt-LT","@id":"https:\/\/vapingnet.de\/#\/schema\/logo\/image\/","url":"https:\/\/vapingnet.de\/wp-content\/uploads\/2025\/03\/cropped-vapingnet.de_.jpg","contentUrl":"https:\/\/vapingnet.de\/wp-content\/uploads\/2025\/03\/cropped-vapingnet.de_.jpg","width":512,"height":512,"caption":"Vapingnet.de"},"image":{"@id":"https:\/\/vapingnet.de\/#\/schema\/logo\/image\/"},"sameAs":["https:\/\/www.facebook.com\/vapingnetde\/"]}]}},"tiered_pricing_type":"fixed","tiered_pricing_fixed_rules":{"10":"7.50","60":"6.75","110":"6.00","200":"5.25"},"tiered_pricing_product_settings":{"layout":"default","base_unit_name":{"singular":null,"plural":null},"default_variation":null},"tiered_pricing_minimum_quantity":null,"tiered_pricing_roles_data":[],"tiered_pricing_percentage_rules":[],"_links":{"self":[{"href":"https:\/\/vapingnet.de\/lt\/wp-json\/wp\/v2\/product\/6617","targetHints":{"allow":["GET"]}}],"collection":[{"href":"https:\/\/vapingnet.de\/lt\/wp-json\/wp\/v2\/product"}],"about":[{"href":"https:\/\/vapingnet.de\/lt\/wp-json\/wp\/v2\/types\/product"}],"version-history":[{"count":4,"href":"https:\/\/vapingnet.de\/lt\/wp-json\/wp\/v2\/product\/6617\/revisions"}],"predecessor-version":[{"id":6879,"href":"https:\/\/vapingnet.de\/lt\/wp-json\/wp\/v2\/product\/6617\/revisions\/6879"}],"wp:featuredmedia":[{"embeddable":true,"href":"https:\/\/vapingnet.de\/lt\/wp-json\/wp\/v2\/media\/6612"}],"wp:attachment":[{"href":"https:\/\/vapingnet.de\/lt\/wp-json\/wp\/v2\/media?parent=6617"}],"wp:term":[{"taxonomy":"brand","embeddable":true,"href":"https:\/\/vapingnet.de\/lt\/wp-json\/wp\/v2\/etheme_brands?post=6617"},{"taxonomy":"product_brand","embeddable":true,"href":"https:\/\/vapingnet.de\/lt\/wp-json\/wp\/v2\/product_brand?post=6617"},{"taxonomy":"product_cat","embeddable":true,"href":"https:\/\/vapingnet.de\/lt\/wp-json\/wp\/v2\/product_cat?post=6617"},{"taxonomy":"product_tag","embeddable":true,"href":"https:\/\/vapingnet.de\/lt\/wp-json\/wp\/v2\/product_tag?post=6617"}],"curies":[{"name":"wp","href":"https:\/\/api.w.org\/{rel}","templated":true}]}}