{"id":6619,"date":"2025-04-29T02:53:35","date_gmt":"2025-04-29T02:53:35","guid":{"rendered":"https:\/\/vapingnet.de\/?post_type=product&#038;p=6619"},"modified":"2026-04-15T09:16:39","modified_gmt":"2026-04-15T09:16:39","slug":"der-saftig-suesse-geschmack-von-strawberry-raspberry-cherry-in-jedem-zug-waspe-12000-puffs","status":"publish","type":"product","link":"https:\/\/vapingnet.de\/lt\/vape\/der-saftig-suesse-geschmack-von-strawberry-raspberry-cherry-in-jedem-zug-waspe-12000-puffs\/","title":{"rendered":"Sultingas ir saldus bra\u0161ki\u0173, avie\u010di\u0173 ir vy\u0161ni\u0173 skonis kiekviename \u012fkv\u0117pime WASPE 12000 Puffs"},"content":{"rendered":"<h2 data-start=\"0\" data-end=\"75\">WASPE 12000 R\u016b\u0161i\u0173 vienkartin\u0117 E-cigaret\u0117: Vaisi\u0173 malonumas d\u016bm\u0173 m\u0117g\u0117jams<\/h2>\n<p class=\"\" data-start=\"77\" data-end=\"510\">WASPE 12000 R\u016b\u0161i\u0173 vienkartin\u0117 E-cigaret\u0117 si\u016blo visk\u0105, ko nori d\u016bm\u0173 m\u0117g\u0117jai: galing\u0105 akumuliatori\u0173, auk\u0161tos kokyb\u0117s tinklinio rit\u0117s technologij\u0105 ir i\u0161skirtin\u012f vaisi\u0173 aromat\u0105. Ji yra ideali pasirinktis visiems, kurie ie\u0161ko paprasto, bet intensyvaus d\u016bmavimo patirties, nesikreipiant \u012f sud\u0117tingus nustatymus ar prie\u017ei\u016br\u0105. \u0160iame straipsnyje aptarsime ypatingus WASPE 12000 R\u016b\u0161i\u0173 bruo\u017eus ir privalumus.<\/p>\n<h4 data-start=\"512\" data-end=\"568\">Galingas akumuliatorius ilgalaikiam malonumui<\/h4>\n<p class=\"\" data-start=\"570\" data-end=\"980\">WASPE 12000 R\u016b\u0161i\u0173 turi ilgaam\u017e\u012f 650mAh akumuliatori\u0173, leid\u017eiant\u012f m\u0117gautis iki 12000 \u012fkv\u0117pim\u0173. \u0160is \u012fsp\u016bdingas talpumas u\u017etikrina, kad \u012frenginys gal\u0117s b\u016bti naudojamas ilg\u0105 laik\u0105 be da\u017eno \u012fkrovimo. Be to, Type-C \u012fkrovimo jungtis u\u017etikrina greit\u0105 ir efektyv\u0173 \u012fkrovim\u0105, kad visada gal\u0117tum\u0117te greitai v\u0117l naudotis.<\/p>\n<h4 data-start=\"982\" data-end=\"1035\">Inovatyvi tinklin\u0117 rit\u0117 intensyviam skoniui<\/h4>\n<p class=\"\" data-start=\"1037\" data-end=\"1406\">\u012erengta 0,8 Ohm tinklin\u0117 rit\u0117, WASPE 12000 R\u016b\u0161i\u0173 u\u017etikrina tolyg\u0173 E-liquido garavim\u0105. Tinklin\u0117s technologijos d\u0117ka skonis yra puikus, nes didesn\u0117 \u0161ildymo vielos pavir\u0161iaus plotas tolygiai ir intensyviai paskirsto gar\u0105. Rezultatas \u2013 stiprus skonis kiekvieno \u012fkv\u0117pimo metu, kuris paver\u010dia d\u016bmavim\u0105 malonumu.<\/p>\n<h4 data-start=\"1408\" data-end=\"1461\">Vaisi\u0173 aromatas: Bra\u0161k\u0117, Aviet\u0117, Vy\u0161nia<\/h4>\n<p class=\"\" data-start=\"1463\" data-end=\"1819\">WASPE 12000 R\u016b\u0161i\u0173 pasi\u017eymi skoniu, kuris yra puikus mi\u0161inys i\u0161 bra\u0161k\u0117s, aviet\u0117s ir vy\u0161nios. \u0160i sald\u017ei\u0173 ir \u0161vie\u017ei\u0173 vaisi\u0173 aromat\u0173 kombinacija sukuria gaiv\u0173 d\u016bmavimo malonum\u0105, kuris maloniai veikia poj\u016b\u010dius. Tai skonis, kuris yra tobulas tiek pradedantiesiems, tiek patyrusiems d\u016bm\u0173 m\u0117g\u0117jams.<\/p>\n<h4 data-start=\"1821\" data-end=\"1865\">Patogus p\u016btimo aktyvavimas<\/h4>\n<p class=\"\" data-start=\"1867\" data-end=\"2225\">WASPE 12000 R\u016b\u0161i\u0173 naudoja p\u016btimo aktyvacij\u0105, kuri daro d\u016bmavim\u0105 ypa\u010d paprast\u0105. Jums tereikia \u012ftraukti \u012fkv\u0117pim\u0105 \u012f elektronin\u0119 cigaret\u0119, kad j\u0105 aktyvuotum\u0117te. Nereikia joki\u0173 mygtuk\u0173, tod\u0117l valdymas yra intuityvus ir patogus. \u0160is paprastas naudojimas daro \u012frengin\u012f labai patogiu ir tinkamu visiems d\u016bm\u0173 m\u0117g\u0117jams.<\/p>\n<h4 data-start=\"2227\" data-end=\"2277\">MTL d\u016bmavimas autenti\u0161kai patir\u010diai<\/h4>\n<p class=\"\" data-start=\"2279\" data-end=\"2672\">\u012erenginys yra optimizuotas MTL (Mouth-to-Lung) d\u016bmavimo technikai, kai garas pirmiausia \u012fdedamas \u012f burn\u0105, o tada \u012f plau\u010dius. \u0160i technika suteikia realisti\u0161k\u0105 d\u016bmavimo patirt\u012f, ypa\u010d patraukli buvusiems r\u016bkaliams. \u0160velnus oro srautas ir puikus skonio i\u0161skyrimas daro d\u016bmavim\u0105 su WASPE 12000 R\u016b\u0161i\u0173 nepamir\u0161tama patirtimi.<\/p>\n<h4 data-start=\"2674\" data-end=\"2716\">Kompakti\u0161kas dydis ir RGB ap\u0161vietimas<\/h4>\n<p class=\"\" data-start=\"2718\" data-end=\"3035\">WASPE 12000 R\u016b\u0161i\u0173 yra ne tik galinga, bet ir kompakti\u0161ka bei lengva. Svoris tik 82 g ir eleganti\u0161kas dizainas leid\u017eia patogiai ne\u0161iotis bet kur. RGB ap\u0161vietimas suteikia modern\u0173, vizualiai patraukl\u0173 d\u016bmavimo patirt\u012f, suteikdamas \u012frenginiui i\u0161skirtinumo.<\/p>\n<h3>WASPE 12000 Puffs privalumai<\/h3>\n<ul data-start=\"3077\" data-end=\"3797\">\n<li class=\"\" data-start=\"3077\" data-end=\"3268\">\n<p class=\"\" data-start=\"3079\" data-end=\"3268\">Ilgaam\u017eis akumuliatorius ir didelis \u012fkv\u0117pim\u0173 skai\u010dius<br data-start=\"3125\" data-end=\"3128\" \/>Su 12000 \u012fkv\u0117pim\u0173 talpa, \u012frenginys pasi\u017eymi nepaprasta naudojimo trukme, suteikian\u010dia daugyb\u0119 d\u016bmavimo akimirk\u0173.<\/p>\n<\/li>\n<li class=\"\" data-start=\"3270\" data-end=\"3475\">\n<p class=\"\" data-start=\"3272\" data-end=\"3475\">Paprastas valdymas naudojant p\u016btimo aktyvacij\u0105<br data-start=\"3317\" data-end=\"3320\" \/>\u012erenginys nereikalauja joki\u0173 mygtuk\u0173 \u2013 tiesiog \u012ftraukite \u012fkv\u0117pim\u0105 ir m\u0117gaukit\u0117s. \u0160i funkcija daro naudojim\u0105 labai paprast\u0105 ir patog\u0173.<\/p>\n<\/li>\n<li class=\"\" data-start=\"3477\" data-end=\"3628\">\n<p class=\"\" data-start=\"3479\" data-end=\"3628\">Greitas \u012fkrovimas su Type-C<br data-start=\"3512\" data-end=\"3515\" \/>D\u0117l Type-C \u012fkrovimo jungties galite greitai \u012fkrauti \u012frengin\u012f ir visada b\u016bti pasiruo\u0161usiam naudoti.<\/p>\n<\/li>\n<li class=\"\" data-start=\"3630\" data-end=\"3797\">\n<p class=\"\" data-start=\"3632\" data-end=\"3797\">Vaisi\u0173 skonio patirtis<br data-start=\"3665\" data-end=\"3668\" \/>Aromatas i\u0161 bra\u0161k\u0117s, aviet\u0117s ir vy\u0161nios si\u016blo skan\u0173, vaisi\u0173 skon\u012f, kuris d\u017eiugina vis\u0105 dien\u0105.<\/p>\n<\/li>\n<\/ul>\n<p class=\"\" data-start=\"3814\" data-end=\"4315\">WASPE 12000 Puffs vienkartin\u0117 elektronin\u0117 cigaret\u0117 ne tik suteikia intensyv\u0173 garavimo patirt\u012f, bet ir yra patogi naudoti bei apr\u016bpinta auk\u0161tos kokyb\u0117s technologija. Su vaisiniu aromatu, ilga baterijos veikimo trukme ir Mesh-Coil technologija ji yra ideali pasirinkimas garintojams, vertinantiems kokyb\u0119 ir paprastum\u0105. Jei ie\u0161kote galingos ir skon\u012f \u012ftikinamos vienkartin\u0117s elektronin\u0117s cigaret\u0117s, WASPE 12000 Puffs tikrai verta rekomendacijos.<\/p>","protected":false},"excerpt":{"rendered":"<p>WASPE 12000 Puffs Einweg E-Zigarette: Ein Fruchtiger Genuss f\u00fcr Dampfer Die WASPE 12000 Puffs Einweg E-Zigarette bietet alles, was Dampfer sich w\u00fcnschen: Ein leistungsstarker Akku,&#8230;<\/p>","protected":false},"featured_media":6611,"template":"","meta":[],"etheme_brands":[],"product_brand":[98],"product_cat":[88,49,61],"product_tag":[],"class_list":{"0":"post-6619","1":"product","2":"type-product","3":"status-publish","4":"has-post-thumbnail","6":"product_brand-waspe-vape","7":"product_cat-12k-vape","8":"product_cat-einweg-e-zigarette","9":"product_cat-f","11":"first","12":"instock","13":"shipping-taxable","14":"purchasable","15":"product-type-variable"},"yoast_head":"<!-- This site is optimized with the Yoast SEO plugin v26.5 - https:\/\/yoast.com\/wordpress\/plugins\/seo\/ -->\n<title>Der Saftig-S\u00fc\u00dfe Geschmack Von Strawberry Raspberry Cherry In Jedem Zug WASPE 12000 Puffs | Vapingnet.de<\/title>\n<meta name=\"description\" content=\"Entdecke Der Saftig-S\u00fc\u00dfe Geschmack Von Strawberry Raspberry Cherry In Jedem Zug WASPE 12000 Puffs bei vapingnet.de, \u25ba Gro\u00dfe Auswahl an Geschmacksrichtungen &amp; super g\u00fcnstig!\" \/>\n<meta name=\"robots\" content=\"index, follow, max-snippet:-1, max-image-preview:large, max-video-preview:-1\" \/>\n<link rel=\"canonical\" href=\"https:\/\/vapingnet.de\/lt\/vape\/der-saftig-suesse-geschmack-von-strawberry-raspberry-cherry-in-jedem-zug-waspe-12000-puffs\/\" \/>\n<meta property=\"og:locale\" content=\"lt_LT\" \/>\n<meta property=\"og:type\" content=\"article\" \/>\n<meta property=\"og:title\" content=\"Der Saftig-S\u00fc\u00dfe Geschmack Von Strawberry Raspberry Cherry In Jedem Zug WASPE 12000 Puffs | Vapingnet.de\" \/>\n<meta property=\"og:description\" content=\"Entdecke Der Saftig-S\u00fc\u00dfe Geschmack Von Strawberry Raspberry Cherry In Jedem Zug WASPE 12000 Puffs bei vapingnet.de, \u25ba Gro\u00dfe Auswahl an Geschmacksrichtungen &amp; super g\u00fcnstig!\" \/>\n<meta property=\"og:url\" content=\"https:\/\/vapingnet.de\/lt\/vape\/der-saftig-suesse-geschmack-von-strawberry-raspberry-cherry-in-jedem-zug-waspe-12000-puffs\/\" \/>\n<meta property=\"og:site_name\" content=\"Vapingnet.de\" \/>\n<meta property=\"article:publisher\" content=\"https:\/\/www.facebook.com\/vapingnetde\/\" \/>\n<meta property=\"article:modified_time\" content=\"2026-04-15T09:16:39+00:00\" \/>\n<meta property=\"og:image\" content=\"https:\/\/vapingnet.de\/wp-content\/uploads\/2025\/04\/Strawberry-raspberry-cherry_980.webp\" \/>\n\t<meta property=\"og:image:width\" content=\"1000\" \/>\n\t<meta property=\"og:image:height\" content=\"1000\" \/>\n\t<meta property=\"og:image:type\" content=\"image\/webp\" \/>\n<meta name=\"twitter:card\" content=\"summary_large_image\" \/>\n<meta name=\"twitter:label1\" content=\"Est. reading time\" \/>\n\t<meta name=\"twitter:data1\" content=\"4 minutes\" \/>\n<script type=\"application\/ld+json\" class=\"yoast-schema-graph\">{\"@context\":\"https:\/\/schema.org\",\"@graph\":[{\"@type\":\"WebPage\",\"@id\":\"https:\/\/vapingnet.de\/vape\/der-saftig-suesse-geschmack-von-strawberry-raspberry-cherry-in-jedem-zug-waspe-12000-puffs\/\",\"url\":\"https:\/\/vapingnet.de\/vape\/der-saftig-suesse-geschmack-von-strawberry-raspberry-cherry-in-jedem-zug-waspe-12000-puffs\/\",\"name\":\"Der Saftig-S\u00fc\u00dfe Geschmack Von Strawberry Raspberry Cherry In Jedem Zug WASPE 12000 Puffs | Vapingnet.de\",\"isPartOf\":{\"@id\":\"https:\/\/vapingnet.de\/#website\"},\"primaryImageOfPage\":{\"@id\":\"https:\/\/vapingnet.de\/vape\/der-saftig-suesse-geschmack-von-strawberry-raspberry-cherry-in-jedem-zug-waspe-12000-puffs\/#primaryimage\"},\"image\":{\"@id\":\"https:\/\/vapingnet.de\/vape\/der-saftig-suesse-geschmack-von-strawberry-raspberry-cherry-in-jedem-zug-waspe-12000-puffs\/#primaryimage\"},\"thumbnailUrl\":\"https:\/\/vapingnet.de\/wp-content\/uploads\/2025\/04\/Strawberry-raspberry-cherry_980.webp\",\"datePublished\":\"2025-04-29T02:53:35+00:00\",\"dateModified\":\"2026-04-15T09:16:39+00:00\",\"description\":\"Entdecke Der Saftig-S\u00fc\u00dfe Geschmack Von Strawberry Raspberry Cherry In Jedem Zug WASPE 12000 Puffs bei vapingnet.de, \u25ba Gro\u00dfe Auswahl an Geschmacksrichtungen & super g\u00fcnstig!\",\"breadcrumb\":{\"@id\":\"https:\/\/vapingnet.de\/vape\/der-saftig-suesse-geschmack-von-strawberry-raspberry-cherry-in-jedem-zug-waspe-12000-puffs\/#breadcrumb\"},\"inLanguage\":\"lt-LT\",\"potentialAction\":[{\"@type\":\"ReadAction\",\"target\":[\"https:\/\/vapingnet.de\/vape\/der-saftig-suesse-geschmack-von-strawberry-raspberry-cherry-in-jedem-zug-waspe-12000-puffs\/\"]}]},{\"@type\":\"ImageObject\",\"inLanguage\":\"lt-LT\",\"@id\":\"https:\/\/vapingnet.de\/vape\/der-saftig-suesse-geschmack-von-strawberry-raspberry-cherry-in-jedem-zug-waspe-12000-puffs\/#primaryimage\",\"url\":\"https:\/\/vapingnet.de\/wp-content\/uploads\/2025\/04\/Strawberry-raspberry-cherry_980.webp\",\"contentUrl\":\"https:\/\/vapingnet.de\/wp-content\/uploads\/2025\/04\/Strawberry-raspberry-cherry_980.webp\",\"width\":1000,\"height\":1000},{\"@type\":\"BreadcrumbList\",\"@id\":\"https:\/\/vapingnet.de\/vape\/der-saftig-suesse-geschmack-von-strawberry-raspberry-cherry-in-jedem-zug-waspe-12000-puffs\/#breadcrumb\",\"itemListElement\":[{\"@type\":\"ListItem\",\"position\":1,\"name\":\"Home\",\"item\":\"https:\/\/vapingnet.de\/\"},{\"@type\":\"ListItem\",\"position\":2,\"name\":\"Shop\",\"item\":\"https:\/\/vapingnet.de\/vape\/\"},{\"@type\":\"ListItem\",\"position\":3,\"name\":\"Der Saftig-S\u00fc\u00dfe Geschmack Von Strawberry Raspberry Cherry In Jedem Zug WASPE 12000 Puffs\"}]},{\"@type\":\"WebSite\",\"@id\":\"https:\/\/vapingnet.de\/#website\",\"url\":\"https:\/\/vapingnet.de\/\",\"name\":\"Vapingnet.de\",\"description\":\"\",\"publisher\":{\"@id\":\"https:\/\/vapingnet.de\/#organization\"},\"potentialAction\":[{\"@type\":\"SearchAction\",\"target\":{\"@type\":\"EntryPoint\",\"urlTemplate\":\"https:\/\/vapingnet.de\/?s={search_term_string}\"},\"query-input\":{\"@type\":\"PropertyValueSpecification\",\"valueRequired\":true,\"valueName\":\"search_term_string\"}}],\"inLanguage\":\"lt-LT\"},{\"@type\":\"Organization\",\"@id\":\"https:\/\/vapingnet.de\/#organization\",\"name\":\"Vapingnet.de\",\"url\":\"https:\/\/vapingnet.de\/\",\"logo\":{\"@type\":\"ImageObject\",\"inLanguage\":\"lt-LT\",\"@id\":\"https:\/\/vapingnet.de\/#\/schema\/logo\/image\/\",\"url\":\"https:\/\/vapingnet.de\/wp-content\/uploads\/2025\/03\/cropped-vapingnet.de_.jpg\",\"contentUrl\":\"https:\/\/vapingnet.de\/wp-content\/uploads\/2025\/03\/cropped-vapingnet.de_.jpg\",\"width\":512,\"height\":512,\"caption\":\"Vapingnet.de\"},\"image\":{\"@id\":\"https:\/\/vapingnet.de\/#\/schema\/logo\/image\/\"},\"sameAs\":[\"https:\/\/www.facebook.com\/vapingnetde\/\"]}]}<\/script>\n<!-- \/ Yoast SEO plugin. -->","yoast_head_json":{"title":"Der Saftig-S\u00fc\u00dfe Geschmack Von Strawberry Raspberry Cherry In Jedem Zug WASPE 12000 Puffs | Vapingnet.de","description":"Entdecke Der Saftig-S\u00fc\u00dfe Geschmack Von Strawberry Raspberry Cherry In Jedem Zug WASPE 12000 Puffs bei vapingnet.de, \u25ba Gro\u00dfe Auswahl an Geschmacksrichtungen & super g\u00fcnstig!","robots":{"index":"index","follow":"follow","max-snippet":"max-snippet:-1","max-image-preview":"max-image-preview:large","max-video-preview":"max-video-preview:-1"},"canonical":"https:\/\/vapingnet.de\/lt\/vape\/der-saftig-suesse-geschmack-von-strawberry-raspberry-cherry-in-jedem-zug-waspe-12000-puffs\/","og_locale":"lt_LT","og_type":"article","og_title":"Der Saftig-S\u00fc\u00dfe Geschmack Von Strawberry Raspberry Cherry In Jedem Zug WASPE 12000 Puffs | Vapingnet.de","og_description":"Entdecke Der Saftig-S\u00fc\u00dfe Geschmack Von Strawberry Raspberry Cherry In Jedem Zug WASPE 12000 Puffs bei vapingnet.de, \u25ba Gro\u00dfe Auswahl an Geschmacksrichtungen & super g\u00fcnstig!","og_url":"https:\/\/vapingnet.de\/lt\/vape\/der-saftig-suesse-geschmack-von-strawberry-raspberry-cherry-in-jedem-zug-waspe-12000-puffs\/","og_site_name":"Vapingnet.de","article_publisher":"https:\/\/www.facebook.com\/vapingnetde\/","article_modified_time":"2026-04-15T09:16:39+00:00","og_image":[{"width":1000,"height":1000,"url":"https:\/\/vapingnet.de\/wp-content\/uploads\/2025\/04\/Strawberry-raspberry-cherry_980.webp","type":"image\/webp"}],"twitter_card":"summary_large_image","twitter_misc":{"Est. reading time":"4 minutes"},"schema":{"@context":"https:\/\/schema.org","@graph":[{"@type":"WebPage","@id":"https:\/\/vapingnet.de\/vape\/der-saftig-suesse-geschmack-von-strawberry-raspberry-cherry-in-jedem-zug-waspe-12000-puffs\/","url":"https:\/\/vapingnet.de\/vape\/der-saftig-suesse-geschmack-von-strawberry-raspberry-cherry-in-jedem-zug-waspe-12000-puffs\/","name":"Der Saftig-S\u00fc\u00dfe Geschmack Von Strawberry Raspberry Cherry In Jedem Zug WASPE 12000 Puffs | Vapingnet.de","isPartOf":{"@id":"https:\/\/vapingnet.de\/#website"},"primaryImageOfPage":{"@id":"https:\/\/vapingnet.de\/vape\/der-saftig-suesse-geschmack-von-strawberry-raspberry-cherry-in-jedem-zug-waspe-12000-puffs\/#primaryimage"},"image":{"@id":"https:\/\/vapingnet.de\/vape\/der-saftig-suesse-geschmack-von-strawberry-raspberry-cherry-in-jedem-zug-waspe-12000-puffs\/#primaryimage"},"thumbnailUrl":"https:\/\/vapingnet.de\/wp-content\/uploads\/2025\/04\/Strawberry-raspberry-cherry_980.webp","datePublished":"2025-04-29T02:53:35+00:00","dateModified":"2026-04-15T09:16:39+00:00","description":"Entdecke Der Saftig-S\u00fc\u00dfe Geschmack Von Strawberry Raspberry Cherry In Jedem Zug WASPE 12000 Puffs bei vapingnet.de, \u25ba Gro\u00dfe Auswahl an Geschmacksrichtungen & super g\u00fcnstig!","breadcrumb":{"@id":"https:\/\/vapingnet.de\/vape\/der-saftig-suesse-geschmack-von-strawberry-raspberry-cherry-in-jedem-zug-waspe-12000-puffs\/#breadcrumb"},"inLanguage":"lt-LT","potentialAction":[{"@type":"ReadAction","target":["https:\/\/vapingnet.de\/vape\/der-saftig-suesse-geschmack-von-strawberry-raspberry-cherry-in-jedem-zug-waspe-12000-puffs\/"]}]},{"@type":"ImageObject","inLanguage":"lt-LT","@id":"https:\/\/vapingnet.de\/vape\/der-saftig-suesse-geschmack-von-strawberry-raspberry-cherry-in-jedem-zug-waspe-12000-puffs\/#primaryimage","url":"https:\/\/vapingnet.de\/wp-content\/uploads\/2025\/04\/Strawberry-raspberry-cherry_980.webp","contentUrl":"https:\/\/vapingnet.de\/wp-content\/uploads\/2025\/04\/Strawberry-raspberry-cherry_980.webp","width":1000,"height":1000},{"@type":"BreadcrumbList","@id":"https:\/\/vapingnet.de\/vape\/der-saftig-suesse-geschmack-von-strawberry-raspberry-cherry-in-jedem-zug-waspe-12000-puffs\/#breadcrumb","itemListElement":[{"@type":"ListItem","position":1,"name":"Home","item":"https:\/\/vapingnet.de\/"},{"@type":"ListItem","position":2,"name":"Shop","item":"https:\/\/vapingnet.de\/vape\/"},{"@type":"ListItem","position":3,"name":"Der Saftig-S\u00fc\u00dfe Geschmack Von Strawberry Raspberry Cherry In Jedem Zug WASPE 12000 Puffs"}]},{"@type":"WebSite","@id":"https:\/\/vapingnet.de\/#website","url":"https:\/\/vapingnet.de\/","name":"Vapingnet.de","description":"","publisher":{"@id":"https:\/\/vapingnet.de\/#organization"},"potentialAction":[{"@type":"SearchAction","target":{"@type":"EntryPoint","urlTemplate":"https:\/\/vapingnet.de\/?s={search_term_string}"},"query-input":{"@type":"PropertyValueSpecification","valueRequired":true,"valueName":"search_term_string"}}],"inLanguage":"lt-LT"},{"@type":"Organization","@id":"https:\/\/vapingnet.de\/#organization","name":"Vapingnet.de","url":"https:\/\/vapingnet.de\/","logo":{"@type":"ImageObject","inLanguage":"lt-LT","@id":"https:\/\/vapingnet.de\/#\/schema\/logo\/image\/","url":"https:\/\/vapingnet.de\/wp-content\/uploads\/2025\/03\/cropped-vapingnet.de_.jpg","contentUrl":"https:\/\/vapingnet.de\/wp-content\/uploads\/2025\/03\/cropped-vapingnet.de_.jpg","width":512,"height":512,"caption":"Vapingnet.de"},"image":{"@id":"https:\/\/vapingnet.de\/#\/schema\/logo\/image\/"},"sameAs":["https:\/\/www.facebook.com\/vapingnetde\/"]}]}},"tiered_pricing_type":"fixed","tiered_pricing_fixed_rules":[],"tiered_pricing_product_settings":{"layout":"default","base_unit_name":{"singular":null,"plural":null},"default_variation":null},"tiered_pricing_minimum_quantity":null,"tiered_pricing_roles_data":[],"tiered_pricing_percentage_rules":[],"_links":{"self":[{"href":"https:\/\/vapingnet.de\/lt\/wp-json\/wp\/v2\/product\/6619","targetHints":{"allow":["GET"]}}],"collection":[{"href":"https:\/\/vapingnet.de\/lt\/wp-json\/wp\/v2\/product"}],"about":[{"href":"https:\/\/vapingnet.de\/lt\/wp-json\/wp\/v2\/types\/product"}],"version-history":[{"count":1,"href":"https:\/\/vapingnet.de\/lt\/wp-json\/wp\/v2\/product\/6619\/revisions"}],"predecessor-version":[{"id":6623,"href":"https:\/\/vapingnet.de\/lt\/wp-json\/wp\/v2\/product\/6619\/revisions\/6623"}],"wp:featuredmedia":[{"embeddable":true,"href":"https:\/\/vapingnet.de\/lt\/wp-json\/wp\/v2\/media\/6611"}],"wp:attachment":[{"href":"https:\/\/vapingnet.de\/lt\/wp-json\/wp\/v2\/media?parent=6619"}],"wp:term":[{"taxonomy":"brand","embeddable":true,"href":"https:\/\/vapingnet.de\/lt\/wp-json\/wp\/v2\/etheme_brands?post=6619"},{"taxonomy":"product_brand","embeddable":true,"href":"https:\/\/vapingnet.de\/lt\/wp-json\/wp\/v2\/product_brand?post=6619"},{"taxonomy":"product_cat","embeddable":true,"href":"https:\/\/vapingnet.de\/lt\/wp-json\/wp\/v2\/product_cat?post=6619"},{"taxonomy":"product_tag","embeddable":true,"href":"https:\/\/vapingnet.de\/lt\/wp-json\/wp\/v2\/product_tag?post=6619"}],"curies":[{"name":"wp","href":"https:\/\/api.w.org\/{rel}","templated":true}]}}